{"id":63664,"date":"2026-03-19T19:10:04","date_gmt":"2026-03-19T16:10:04","guid":{"rendered":"https:\/\/ranoja.ee\/toode\/connecting-rod-bs-10-12hp\/"},"modified":"2026-03-20T15:38:45","modified_gmt":"2026-03-20T12:38:45","slug":"keps-bs-10-12-hp","status":"publish","type":"product","link":"https:\/\/ranoja.ee\/en\/toode\/keps-bs-10-12-hp\/","title":{"rendered":"Keps B&#038;S 10-12 HP"},"content":{"rendered":"<p>Keps B&#038;S 10-12 HP<\/p>\n<p>Keps on mootori oluline mehhaaniline komponent, mille \u00fclesanne on \u00fchendada kolb v\u00e4ntv\u00f5lliga ning kanda kolvi liikumine \u00fcle p\u00f6\u00f6rlevaks liikumiseks. See m\u00e4ngib keskset rolli mootori t\u00f6\u00f6protsessis, v\u00f5imaldades p\u00f5lemisel tekkival energial muutuda kasulikuks mehaaniliseks j\u00f5uks.<\/p>\n<p>Keps on tavaliselt valmistatud tugevast ja kulumiskindlast metallist, n\u00e4iteks terasest v\u00f5i alumiiniumsulamist, et taluda suuri koormusi, temperatuure ja pidevat liikumist. Selle konstruktsioon koosneb kahest otsast \u2013 v\u00e4iksem ots \u00fchendub kolviga ning suurem ots kinnitub v\u00e4ntv\u00f5lli k\u00fclge. Suurem ots on sageli jagatud kaheks osaks, et v\u00f5imaldada lihtsamat paigaldust ja hooldust.<\/p>\n<p>Keps peab t\u00f6\u00f6tama v\u00e4ga t\u00e4pselt ja vastupidavalt, kuna see on pidevalt tugeva surve ja liikumise all. Selle korrektne toimimine tagab mootori sujuva t\u00f6\u00f6, v\u00e4hendab vibratsiooni ning aitab s\u00e4ilitada mootori t\u00f6\u00f6kindlust. Kui keps kulub v\u00f5i kahjustub, v\u00f5ib see p\u00f5hjustada mootori eba\u00fchtlast t\u00f6\u00f6d v\u00f5i t\u00f5sisemaid rikkeid.<\/p>\n<p>Keps B&#038;S 10-12 HP<\/p>\n","protected":false},"excerpt":{"rendered":"<p>Keps B&#038;S 10-12 HP<\/p>\n<table class=\"cedrus-specs\">\n<tbody>\n<tr>\n<td>Catalog Number<\/td>\n<td>8R48-08<\/td>\n<\/tr>\n<tr>\n<td>EAN<\/td>\n<td>5906434150425<\/td>\n<\/tr>\n<tr>\n<td>Package Length<\/td>\n<td>220<\/td>\n<\/tr>\n<tr>\n<td>Package Width<\/td>\n<td>84<\/td>\n<\/tr>\n<tr>\n<td>Package Height<\/td>\n<td>38<\/td>\n<\/tr>\n<tr>\n<td>Weight<\/td>\n<td>0.290 Kg<\/td>\n<\/tr>\n<\/tbody>\n<\/table>\n","protected":false},"featured_media":63819,"template":"","meta":{"inline_featured_image":false},"product_cat":[3052],"product_tag":[5937,5929,5938,5932,5930,5931],"class_list":{"0":"post-63664","1":"product","2":"type-product","3":"status-publish","4":"has-post-thumbnail","6":"product_cat-cedrus-tooted","7":"product_tag-8r48-08","8":"product_tag-keps","9":"product_tag-keps-bs-10-12-hp","10":"product_tag-mootori-keps","11":"product_tag-uhenduskeps","12":"product_tag-uhendusvarras","14":"first","15":"instock","16":"taxable","17":"shipping-taxable","18":"purchasable","19":"product-type-simple"},"yoast_head":"<!-- This site is optimized with the Yoast SEO plugin v27.4 - https:\/\/yoast.com\/product\/yoast-seo-wordpress\/ -->\n<title>Keps B&amp;S 10-12 HP<\/title>\n<meta name=\"description\" content=\"Keps B&amp;S 10-12 HP Keps \u00fchendab kolvi v\u00e4ntv\u00f5lliga ja kannab kolvi liikumise \u00fcle v\u00e4ntv\u00f5llile, muutes selle p\u00f6\u00f6rlevaks liikumiseks.\" \/>\n<meta name=\"robots\" content=\"index, follow, max-snippet:-1, max-image-preview:large, max-video-preview:-1\" \/>\n<link rel=\"canonical\" href=\"https:\/\/ranoja.ee\/toode\/keps-bs-10-12-hp\/\" \/>\n<meta property=\"og:locale\" content=\"en_US\" \/>\n<meta property=\"og:type\" content=\"article\" \/>\n<meta property=\"og:title\" content=\"Keps B&amp;S 10-12 HP\" \/>\n<meta property=\"og:description\" content=\"Keps B&amp;S 10-12 HP Keps \u00fchendab kolvi v\u00e4ntv\u00f5lliga ja kannab kolvi liikumise \u00fcle v\u00e4ntv\u00f5llile, muutes selle p\u00f6\u00f6rlevaks liikumiseks.\" \/>\n<meta property=\"og:url\" content=\"https:\/\/ranoja.ee\/toode\/keps-bs-10-12-hp\/\" \/>\n<meta property=\"og:site_name\" content=\"Ranoja\" \/>\n<meta property=\"article:publisher\" content=\"https:\/\/www.facebook.com\/ranoja.ee\" \/>\n<meta property=\"article:modified_time\" content=\"2026-03-20T12:38:45+00:00\" \/>\n<meta property=\"og:image\" content=\"https:\/\/ranoja.ee\/wp-content\/uploads\/2026\/03\/Screenshot-2026-03-20-143707.png\" \/>\n\t<meta property=\"og:image:width\" content=\"518\" \/>\n\t<meta property=\"og:image:height\" content=\"662\" \/>\n\t<meta property=\"og:image:type\" content=\"image\/png\" \/>\n<meta name=\"twitter:card\" content=\"summary_large_image\" \/>\n<meta name=\"twitter:label1\" content=\"Est. reading time\" \/>\n\t<meta name=\"twitter:data1\" content=\"1 minute\" \/>\n<script type=\"application\/ld+json\" class=\"yoast-schema-graph\">{\"@context\":\"https:\\\/\\\/schema.org\",\"@graph\":[{\"@type\":\"WebPage\",\"@id\":\"https:\\\/\\\/ranoja.ee\\\/toode\\\/keps-bs-10-12-hp\\\/\",\"url\":\"https:\\\/\\\/ranoja.ee\\\/toode\\\/keps-bs-10-12-hp\\\/\",\"name\":\"Keps B&S 10-12 HP\",\"isPartOf\":{\"@id\":\"https:\\\/\\\/ranoja.ee\\\/#website\"},\"primaryImageOfPage\":{\"@id\":\"https:\\\/\\\/ranoja.ee\\\/toode\\\/keps-bs-10-12-hp\\\/#primaryimage\"},\"image\":{\"@id\":\"https:\\\/\\\/ranoja.ee\\\/toode\\\/keps-bs-10-12-hp\\\/#primaryimage\"},\"thumbnailUrl\":\"https:\\\/\\\/ranoja.ee\\\/wp-content\\\/uploads\\\/2026\\\/03\\\/Screenshot-2026-03-20-143707.png\",\"datePublished\":\"2026-03-19T16:10:04+00:00\",\"dateModified\":\"2026-03-20T12:38:45+00:00\",\"description\":\"Keps B&S 10-12 HP Keps \u00fchendab kolvi v\u00e4ntv\u00f5lliga ja kannab kolvi liikumise \u00fcle v\u00e4ntv\u00f5llile, muutes selle p\u00f6\u00f6rlevaks liikumiseks.\",\"breadcrumb\":{\"@id\":\"https:\\\/\\\/ranoja.ee\\\/toode\\\/keps-bs-10-12-hp\\\/#breadcrumb\"},\"inLanguage\":\"en-US\",\"potentialAction\":[{\"@type\":\"ReadAction\",\"target\":[\"https:\\\/\\\/ranoja.ee\\\/toode\\\/keps-bs-10-12-hp\\\/\"]}]},{\"@type\":\"ImageObject\",\"inLanguage\":\"en-US\",\"@id\":\"https:\\\/\\\/ranoja.ee\\\/toode\\\/keps-bs-10-12-hp\\\/#primaryimage\",\"url\":\"https:\\\/\\\/ranoja.ee\\\/wp-content\\\/uploads\\\/2026\\\/03\\\/Screenshot-2026-03-20-143707.png\",\"contentUrl\":\"https:\\\/\\\/ranoja.ee\\\/wp-content\\\/uploads\\\/2026\\\/03\\\/Screenshot-2026-03-20-143707.png\",\"width\":518,\"height\":662,\"caption\":\"Keps B&S 10-12 HP\"},{\"@type\":\"BreadcrumbList\",\"@id\":\"https:\\\/\\\/ranoja.ee\\\/toode\\\/keps-bs-10-12-hp\\\/#breadcrumb\",\"itemListElement\":[{\"@type\":\"ListItem\",\"position\":1,\"name\":\"Home\",\"item\":\"https:\\\/\\\/ranoja.ee\\\/\"},{\"@type\":\"ListItem\",\"position\":2,\"name\":\"Shop\",\"item\":\"https:\\\/\\\/ranoja.ee\\\/en\\\/shop\\\/\"},{\"@type\":\"ListItem\",\"position\":3,\"name\":\"Keps B&#038;S 10-12 HP\"}]},{\"@type\":\"WebSite\",\"@id\":\"https:\\\/\\\/ranoja.ee\\\/#website\",\"url\":\"https:\\\/\\\/ranoja.ee\\\/\",\"name\":\"Ranoja\",\"description\":\"Equipment Shop WooCommerce WordPress Theme for Machine &amp; Tools\",\"publisher\":{\"@id\":\"https:\\\/\\\/ranoja.ee\\\/#organization\"},\"potentialAction\":[{\"@type\":\"SearchAction\",\"target\":{\"@type\":\"EntryPoint\",\"urlTemplate\":\"https:\\\/\\\/ranoja.ee\\\/?s={search_term_string}\"},\"query-input\":{\"@type\":\"PropertyValueSpecification\",\"valueRequired\":true,\"valueName\":\"search_term_string\"}}],\"inLanguage\":\"en-US\"},{\"@type\":\"Organization\",\"@id\":\"https:\\\/\\\/ranoja.ee\\\/#organization\",\"name\":\"Ranoja O\u00dc\",\"url\":\"https:\\\/\\\/ranoja.ee\\\/\",\"logo\":{\"@type\":\"ImageObject\",\"inLanguage\":\"en-US\",\"@id\":\"https:\\\/\\\/ranoja.ee\\\/#\\\/schema\\\/logo\\\/image\\\/\",\"url\":\"https:\\\/\\\/ranoja.ee\\\/wp-content\\\/uploads\\\/2023\\\/11\\\/ranoja-Logo.png\",\"contentUrl\":\"https:\\\/\\\/ranoja.ee\\\/wp-content\\\/uploads\\\/2023\\\/11\\\/ranoja-Logo.png\",\"width\":207,\"height\":58,\"caption\":\"Ranoja O\u00dc\"},\"image\":{\"@id\":\"https:\\\/\\\/ranoja.ee\\\/#\\\/schema\\\/logo\\\/image\\\/\"},\"sameAs\":[\"https:\\\/\\\/www.facebook.com\\\/ranoja.ee\",\"https:\\\/\\\/www.instagram.com\\\/ranoja__\\\/\"]}]}<\/script>\n<!-- \/ Yoast SEO plugin. -->","yoast_head_json":{"title":"Keps B&S 10-12 HP","description":"Keps B&S 10-12 HP Keps \u00fchendab kolvi v\u00e4ntv\u00f5lliga ja kannab kolvi liikumise \u00fcle v\u00e4ntv\u00f5llile, muutes selle p\u00f6\u00f6rlevaks liikumiseks.","robots":{"index":"index","follow":"follow","max-snippet":"max-snippet:-1","max-image-preview":"max-image-preview:large","max-video-preview":"max-video-preview:-1"},"canonical":"https:\/\/ranoja.ee\/toode\/keps-bs-10-12-hp\/","og_locale":"en_US","og_type":"article","og_title":"Keps B&S 10-12 HP","og_description":"Keps B&S 10-12 HP Keps \u00fchendab kolvi v\u00e4ntv\u00f5lliga ja kannab kolvi liikumise \u00fcle v\u00e4ntv\u00f5llile, muutes selle p\u00f6\u00f6rlevaks liikumiseks.","og_url":"https:\/\/ranoja.ee\/toode\/keps-bs-10-12-hp\/","og_site_name":"Ranoja","article_publisher":"https:\/\/www.facebook.com\/ranoja.ee","article_modified_time":"2026-03-20T12:38:45+00:00","og_image":[{"width":518,"height":662,"url":"https:\/\/ranoja.ee\/wp-content\/uploads\/2026\/03\/Screenshot-2026-03-20-143707.png","type":"image\/png"}],"twitter_card":"summary_large_image","twitter_misc":{"Est. reading time":"1 minute"},"schema":{"@context":"https:\/\/schema.org","@graph":[{"@type":"WebPage","@id":"https:\/\/ranoja.ee\/toode\/keps-bs-10-12-hp\/","url":"https:\/\/ranoja.ee\/toode\/keps-bs-10-12-hp\/","name":"Keps B&S 10-12 HP","isPartOf":{"@id":"https:\/\/ranoja.ee\/#website"},"primaryImageOfPage":{"@id":"https:\/\/ranoja.ee\/toode\/keps-bs-10-12-hp\/#primaryimage"},"image":{"@id":"https:\/\/ranoja.ee\/toode\/keps-bs-10-12-hp\/#primaryimage"},"thumbnailUrl":"https:\/\/ranoja.ee\/wp-content\/uploads\/2026\/03\/Screenshot-2026-03-20-143707.png","datePublished":"2026-03-19T16:10:04+00:00","dateModified":"2026-03-20T12:38:45+00:00","description":"Keps B&S 10-12 HP Keps \u00fchendab kolvi v\u00e4ntv\u00f5lliga ja kannab kolvi liikumise \u00fcle v\u00e4ntv\u00f5llile, muutes selle p\u00f6\u00f6rlevaks liikumiseks.","breadcrumb":{"@id":"https:\/\/ranoja.ee\/toode\/keps-bs-10-12-hp\/#breadcrumb"},"inLanguage":"en-US","potentialAction":[{"@type":"ReadAction","target":["https:\/\/ranoja.ee\/toode\/keps-bs-10-12-hp\/"]}]},{"@type":"ImageObject","inLanguage":"en-US","@id":"https:\/\/ranoja.ee\/toode\/keps-bs-10-12-hp\/#primaryimage","url":"https:\/\/ranoja.ee\/wp-content\/uploads\/2026\/03\/Screenshot-2026-03-20-143707.png","contentUrl":"https:\/\/ranoja.ee\/wp-content\/uploads\/2026\/03\/Screenshot-2026-03-20-143707.png","width":518,"height":662,"caption":"Keps B&S 10-12 HP"},{"@type":"BreadcrumbList","@id":"https:\/\/ranoja.ee\/toode\/keps-bs-10-12-hp\/#breadcrumb","itemListElement":[{"@type":"ListItem","position":1,"name":"Home","item":"https:\/\/ranoja.ee\/"},{"@type":"ListItem","position":2,"name":"Shop","item":"https:\/\/ranoja.ee\/en\/shop\/"},{"@type":"ListItem","position":3,"name":"Keps B&#038;S 10-12 HP"}]},{"@type":"WebSite","@id":"https:\/\/ranoja.ee\/#website","url":"https:\/\/ranoja.ee\/","name":"Ranoja","description":"Equipment Shop WooCommerce WordPress Theme for Machine &amp; Tools","publisher":{"@id":"https:\/\/ranoja.ee\/#organization"},"potentialAction":[{"@type":"SearchAction","target":{"@type":"EntryPoint","urlTemplate":"https:\/\/ranoja.ee\/?s={search_term_string}"},"query-input":{"@type":"PropertyValueSpecification","valueRequired":true,"valueName":"search_term_string"}}],"inLanguage":"en-US"},{"@type":"Organization","@id":"https:\/\/ranoja.ee\/#organization","name":"Ranoja O\u00dc","url":"https:\/\/ranoja.ee\/","logo":{"@type":"ImageObject","inLanguage":"en-US","@id":"https:\/\/ranoja.ee\/#\/schema\/logo\/image\/","url":"https:\/\/ranoja.ee\/wp-content\/uploads\/2023\/11\/ranoja-Logo.png","contentUrl":"https:\/\/ranoja.ee\/wp-content\/uploads\/2023\/11\/ranoja-Logo.png","width":207,"height":58,"caption":"Ranoja O\u00dc"},"image":{"@id":"https:\/\/ranoja.ee\/#\/schema\/logo\/image\/"},"sameAs":["https:\/\/www.facebook.com\/ranoja.ee","https:\/\/www.instagram.com\/ranoja__\/"]}]}},"_links":{"self":[{"href":"https:\/\/ranoja.ee\/en\/wp-json\/wp\/v2\/product\/63664","targetHints":{"allow":["GET"]}}],"collection":[{"href":"https:\/\/ranoja.ee\/en\/wp-json\/wp\/v2\/product"}],"about":[{"href":"https:\/\/ranoja.ee\/en\/wp-json\/wp\/v2\/types\/product"}],"wp:featuredmedia":[{"embeddable":true,"href":"https:\/\/ranoja.ee\/en\/wp-json\/wp\/v2\/media\/63819"}],"wp:attachment":[{"href":"https:\/\/ranoja.ee\/en\/wp-json\/wp\/v2\/media?parent=63664"}],"wp:term":[{"taxonomy":"product_cat","embeddable":true,"href":"https:\/\/ranoja.ee\/en\/wp-json\/wp\/v2\/product_cat?post=63664"},{"taxonomy":"product_tag","embeddable":true,"href":"https:\/\/ranoja.ee\/en\/wp-json\/wp\/v2\/product_tag?post=63664"}],"curies":[{"name":"wp","href":"https:\/\/api.w.org\/{rel}","templated":true}]}}