{"id":6352,"date":"2023-10-13T08:42:07","date_gmt":"2023-10-13T05:42:07","guid":{"rendered":"https:\/\/www.ranoja.ee\/?post_type=product&#038;p=6352"},"modified":"2025-12-12T15:48:36","modified_gmt":"2025-12-12T12:48:36","slug":"optibeam-savage-12-led-kaugtuli-9-36v","status":"publish","type":"product","link":"https:\/\/ranoja.ee\/en\/toode\/optibeam-savage-12-led-kaugtuli-9-36v\/","title":{"rendered":"OPTIBEAM SAVAGE 12 LED KAUGTULI 9-36V"},"content":{"rendered":"<p>OPTIBEAM SAVAGE 12 LED KAUGTULI 9-36V<\/p>\n<p>Optibeam Savage seeria &#8211; j\u00f5hkralt v\u00f5imsad lisatuled. T\u00e4nu suurep\u00e4rasele optilisele disainile j\u00e4\u00e4b Savage peaaegu hirmutav valgusv\u00f5imsus soovitud vahemikku. Revolutsiooniline Streetshine Ambienti parktulelahendus annab Savage&#8217;itele t\u00e4iesti uutmoodi julge ja pilkup\u00fc\u00fcdva ilme. <\/p>\n<p>Valida saab kas kollase v\u00f5i valge parktule vahel. Lihtsasti juhitav l\u00e4bi eraldi kaabli. Streetshine parktule valguslahendus on ainulaadne ja koos Savage&#8217;i tipptasemel kaugtulelahendusega seab lisatuli t\u00e4iesti uue standardi. Mitmek\u00fclgne uuenduslik lisatulede seeria sobib nii professionaalseks kui ka tavaliseks autokasutuseks.<\/p>\n<p>Optibeam t\u00e4histab optimaalset j\u00f5udlust, t\u00f6\u00f6kindlust ja kvaliteeti. Optibeam tuled on testitud P\u00f5hjamaade Skandinaavia ja Soome karmides talvetingimustes ning t\u00e4nu nende kvaliteedile on tuledel pikendatud garantiid kuni kolmeks aastaks.<\/p>\n<p>Optibeami kvaliteetsed lisa- ja t\u00f6\u00f6valgustid sobivad suurep\u00e4raselt ka k\u00f5ige n\u00f5udlikumale kasutajale. T\u00e4nu suurep\u00e4rasele hinna ja j\u00f5udluse suhtele on Optibeam LED-valgustid kogunud suure populaarsuse nii entusiastide kui ka professionaalide seas.<\/p>\n<p>Optibeami tooted on loodud vastama professionaalide ja entusiastide n\u00f5udlikele vajadustele, suurendamaks transpordi ja pimedal ajal t\u00f6\u00f6tamise ohutust.<\/p>\n<p>\u00dcks osa sellest disainiprotsessist on toodete testimine P\u00f5hjamaade ja Skandinaavia ja Soome karmides tingimustes, kus temperatuur langeb talvel tunduvalt alla -30\u00b0C.<\/p>\n<p>Optibeami lisatuled on v\u00e4lja t\u00f6\u00f6tatud ka mitmeid paigaldusv\u00f5imalusi silmas pidades, alates klassikalisest numbrim\u00e4rgi kronsteinist kuni mudelispetsiifilise kinnituseni.<\/p>\n<p>Optibeam on alati olnud suure j\u00f5udlusega valgustuse teerajaja, kusjuures Optibeam Commander on siiani turul \u00fcks populaarsemaid LED-valgusribasid.<\/p>\n<p>Optibeamil pole olnud mitte ainult suure j\u00f5udlusega toodete ajalugu, vaid ka klassikaliste seeriate (nt Captain) pidevatel v\u00e4rskendustel on n\u00fc\u00fcd veelgi v\u00f5imsamad j\u00e4rglased, nagu Super Captain DUAL, mis on turul \u00fcks v\u00f5imsamaid maanteel legaalseid LED-valgusribasid.<\/p>\n<p>OPTIBEAM SAVAGE 12 LED KAUGTULI 9-36V<\/p>\n","protected":false},"excerpt":{"rendered":"<p>OPTIBEAM SAVAGE 12 LED KAUGTULI 9-36V<br \/>\nM\u00f5\u00f5tmed: 307 x 81 x 87 mm<br \/>\nPinge: 9-36 V<br \/>\nVoolutarve: 3.59 A ja 13.7 V<br \/>\nLumenid m\u00f5\u00f5detud: 2760 lm<br \/>\nReference value: 12.5<br \/>\nValgustus kaugus: 1 lux = 225 m<br \/>\nDouble up valgustus kaugus: 1 lux = 480 m<br \/>\nV\u00e4rvitemperatuur: 5700 K<br \/>\nPistiku t\u00fc\u00fcp: 4-pin DTP<br \/>\nJuhtme pikkus: 2,20 m<br \/>\nIP klassifikatsioon: IP68<br \/>\nSertifikaadid: R112, R10<br \/>\nValge ja kollane parktuli<br \/>\nK\u00f5rgus koos kinnitusega: 109 mm<br \/>\nKaal: 3.06 kg<br \/>\n<strong>Eeldatav tarneaeg 1-7 t\u00f6\u00f6p\u00e4eva<\/strong><br \/>\nSOBIVAD JUHTMESTIKUD:<br \/>\n<strong><a href=\"https:\/\/www.ranoja.ee\/toode\/optibeam-juhtmestik-uhele-tulele-2\/\">OPTIBEAM JUHTMESTIK \u00dcHELE TULELE<\/a><\/strong><br \/>\n<strong><a href=\"https:\/\/www.ranoja.ee\/toode\/optibeam-juhtmestik-kahele-tulele\/\">OPTIBEAM JUHTMESTIK KAHELE TULELE<\/a><\/strong><br \/>\n<strong><span style=\"color: #3366ff;\"><a style=\"color: #3366ff;\" href=\"https:\/\/ranoja.ee\/tootekategooria\/lisaseadmed\/tulede-tarvikud\/?_gl=1*193johg*_gcl_au*MTU2NTE4MDgwNC4xNzIyNzY2MDc2\">VALI SOBIVAD TARVIKUD V\u00d5I KINNITUSED SIIT<\/a><\/span><\/strong><br \/>\n<strong><span style=\"color: #339966;\">ANTUD TOOTEGA SAAB TUTVUDA MEIE PAIDE ESINDUSES KOHAPEAL!<\/span><\/strong><\/p>\n","protected":false},"featured_media":6353,"template":"","meta":{"inline_featured_image":false},"product_cat":[1116,1117],"product_tag":[978,984,986,992,983,987,650,654,649,675,942,930,936,943],"class_list":{"0":"post-6352","1":"product","2":"type-product","3":"status-publish","4":"has-post-thumbnail","6":"product_brand-optibeam","7":"product_cat-lisaseadmed-ehitusseadmed-led-lisatuled-cb-raadiod-lallar","8":"product_cat-lisatuled","9":"product_tag-1605-3042","10":"product_tag-1605-ns2080","11":"product_tag-1605-wk044","12":"product_tag-1605-wk046","13":"product_tag-1605-wk055","14":"product_tag-1605-wk063","15":"product_tag-kaugtuli","16":"product_tag-led-tuli","17":"product_tag-lisatuli","18":"product_tag-optibeam","19":"product_tag-sagave-12","20":"product_tag-savage","21":"product_tag-tuli","22":"product_tag-umar","24":"first","25":"instock","26":"sale","27":"taxable","28":"shipping-taxable","29":"purchasable","30":"product-type-simple"},"yoast_head":"<!-- This site is optimized with the Yoast SEO plugin v27.4 - https:\/\/yoast.com\/product\/yoast-seo-wordpress\/ -->\n<title>optibeam-savage-12-led-kaugtuli-9-36v<\/title>\n<meta name=\"description\" content=\"OPTIBEAM SAVAGE 12 LED KAUGTULI 9-36VM\u00f5\u00f5tmed: 307.00 x 81.00 x 87.00mmPinge: 9-36V optibeam-savage-12-led-kaugtuli-9-36v kaugtuli\" \/>\n<meta name=\"robots\" content=\"index, follow, max-snippet:-1, max-image-preview:large, max-video-preview:-1\" \/>\n<link rel=\"canonical\" href=\"https:\/\/ranoja.ee\/toode\/optibeam-savage-12-led-kaugtuli-9-36v\/\" \/>\n<meta property=\"og:locale\" content=\"en_US\" \/>\n<meta property=\"og:type\" content=\"article\" \/>\n<meta property=\"og:title\" content=\"optibeam-savage-12-led-kaugtuli-9-36v\" \/>\n<meta property=\"og:description\" content=\"OPTIBEAM SAVAGE 12 LED KAUGTULI 9-36VM\u00f5\u00f5tmed: 307.00 x 81.00 x 87.00mmPinge: 9-36V optibeam-savage-12-led-kaugtuli-9-36v kaugtuli\" \/>\n<meta property=\"og:url\" content=\"https:\/\/ranoja.ee\/toode\/optibeam-savage-12-led-kaugtuli-9-36v\/\" \/>\n<meta property=\"og:site_name\" content=\"Ranoja\" \/>\n<meta property=\"article:publisher\" content=\"https:\/\/www.facebook.com\/ranoja.ee\" \/>\n<meta property=\"article:modified_time\" content=\"2025-12-12T12:48:36+00:00\" \/>\n<meta property=\"og:image\" content=\"https:\/\/ranoja.ee\/wp-content\/uploads\/2023\/10\/1605-NS2080_002.jpg\" \/>\n\t<meta property=\"og:image:width\" content=\"800\" \/>\n\t<meta property=\"og:image:height\" content=\"600\" \/>\n\t<meta property=\"og:image:type\" content=\"image\/jpeg\" \/>\n<meta name=\"twitter:card\" content=\"summary_large_image\" \/>\n<meta name=\"twitter:label1\" content=\"Est. reading time\" \/>\n\t<meta name=\"twitter:data1\" content=\"2 minutes\" \/>\n<script type=\"application\/ld+json\" class=\"yoast-schema-graph\">{\"@context\":\"https:\\\/\\\/schema.org\",\"@graph\":[{\"@type\":\"WebPage\",\"@id\":\"https:\\\/\\\/ranoja.ee\\\/toode\\\/optibeam-savage-12-led-kaugtuli-9-36v\\\/\",\"url\":\"https:\\\/\\\/ranoja.ee\\\/toode\\\/optibeam-savage-12-led-kaugtuli-9-36v\\\/\",\"name\":\"optibeam-savage-12-led-kaugtuli-9-36v\",\"isPartOf\":{\"@id\":\"https:\\\/\\\/ranoja.ee\\\/#website\"},\"primaryImageOfPage\":{\"@id\":\"https:\\\/\\\/ranoja.ee\\\/toode\\\/optibeam-savage-12-led-kaugtuli-9-36v\\\/#primaryimage\"},\"image\":{\"@id\":\"https:\\\/\\\/ranoja.ee\\\/toode\\\/optibeam-savage-12-led-kaugtuli-9-36v\\\/#primaryimage\"},\"thumbnailUrl\":\"https:\\\/\\\/ranoja.ee\\\/wp-content\\\/uploads\\\/2023\\\/10\\\/1605-NS2080_002.jpg\",\"datePublished\":\"2023-10-13T05:42:07+00:00\",\"dateModified\":\"2025-12-12T12:48:36+00:00\",\"description\":\"OPTIBEAM SAVAGE 12 LED KAUGTULI 9-36VM\u00f5\u00f5tmed: 307.00 x 81.00 x 87.00mmPinge: 9-36V optibeam-savage-12-led-kaugtuli-9-36v kaugtuli\",\"breadcrumb\":{\"@id\":\"https:\\\/\\\/ranoja.ee\\\/toode\\\/optibeam-savage-12-led-kaugtuli-9-36v\\\/#breadcrumb\"},\"inLanguage\":\"en-US\",\"potentialAction\":[{\"@type\":\"ReadAction\",\"target\":[\"https:\\\/\\\/ranoja.ee\\\/toode\\\/optibeam-savage-12-led-kaugtuli-9-36v\\\/\"]}]},{\"@type\":\"ImageObject\",\"inLanguage\":\"en-US\",\"@id\":\"https:\\\/\\\/ranoja.ee\\\/toode\\\/optibeam-savage-12-led-kaugtuli-9-36v\\\/#primaryimage\",\"url\":\"https:\\\/\\\/ranoja.ee\\\/wp-content\\\/uploads\\\/2023\\\/10\\\/1605-NS2080_002.jpg\",\"contentUrl\":\"https:\\\/\\\/ranoja.ee\\\/wp-content\\\/uploads\\\/2023\\\/10\\\/1605-NS2080_002.jpg\",\"width\":800,\"height\":600,\"caption\":\"optibeam-savage-12-led-kaugtuli-9-36v\"},{\"@type\":\"BreadcrumbList\",\"@id\":\"https:\\\/\\\/ranoja.ee\\\/toode\\\/optibeam-savage-12-led-kaugtuli-9-36v\\\/#breadcrumb\",\"itemListElement\":[{\"@type\":\"ListItem\",\"position\":1,\"name\":\"Home\",\"item\":\"https:\\\/\\\/ranoja.ee\\\/\"},{\"@type\":\"ListItem\",\"position\":2,\"name\":\"Shop\",\"item\":\"https:\\\/\\\/ranoja.ee\\\/en\\\/shop\\\/\"},{\"@type\":\"ListItem\",\"position\":3,\"name\":\"OPTIBEAM SAVAGE 12 LED KAUGTULI 9-36V\"}]},{\"@type\":\"WebSite\",\"@id\":\"https:\\\/\\\/ranoja.ee\\\/#website\",\"url\":\"https:\\\/\\\/ranoja.ee\\\/\",\"name\":\"Ranoja\",\"description\":\"Equipment Shop WooCommerce WordPress Theme for Machine &amp; Tools\",\"publisher\":{\"@id\":\"https:\\\/\\\/ranoja.ee\\\/#organization\"},\"potentialAction\":[{\"@type\":\"SearchAction\",\"target\":{\"@type\":\"EntryPoint\",\"urlTemplate\":\"https:\\\/\\\/ranoja.ee\\\/?s={search_term_string}\"},\"query-input\":{\"@type\":\"PropertyValueSpecification\",\"valueRequired\":true,\"valueName\":\"search_term_string\"}}],\"inLanguage\":\"en-US\"},{\"@type\":\"Organization\",\"@id\":\"https:\\\/\\\/ranoja.ee\\\/#organization\",\"name\":\"Ranoja O\u00dc\",\"url\":\"https:\\\/\\\/ranoja.ee\\\/\",\"logo\":{\"@type\":\"ImageObject\",\"inLanguage\":\"en-US\",\"@id\":\"https:\\\/\\\/ranoja.ee\\\/#\\\/schema\\\/logo\\\/image\\\/\",\"url\":\"https:\\\/\\\/ranoja.ee\\\/wp-content\\\/uploads\\\/2023\\\/11\\\/ranoja-Logo.png\",\"contentUrl\":\"https:\\\/\\\/ranoja.ee\\\/wp-content\\\/uploads\\\/2023\\\/11\\\/ranoja-Logo.png\",\"width\":207,\"height\":58,\"caption\":\"Ranoja O\u00dc\"},\"image\":{\"@id\":\"https:\\\/\\\/ranoja.ee\\\/#\\\/schema\\\/logo\\\/image\\\/\"},\"sameAs\":[\"https:\\\/\\\/www.facebook.com\\\/ranoja.ee\",\"https:\\\/\\\/www.instagram.com\\\/ranoja__\\\/\"]}]}<\/script>\n<!-- \/ Yoast SEO plugin. -->","yoast_head_json":{"title":"optibeam-savage-12-led-kaugtuli-9-36v","description":"OPTIBEAM SAVAGE 12 LED KAUGTULI 9-36VM\u00f5\u00f5tmed: 307.00 x 81.00 x 87.00mmPinge: 9-36V optibeam-savage-12-led-kaugtuli-9-36v kaugtuli","robots":{"index":"index","follow":"follow","max-snippet":"max-snippet:-1","max-image-preview":"max-image-preview:large","max-video-preview":"max-video-preview:-1"},"canonical":"https:\/\/ranoja.ee\/toode\/optibeam-savage-12-led-kaugtuli-9-36v\/","og_locale":"en_US","og_type":"article","og_title":"optibeam-savage-12-led-kaugtuli-9-36v","og_description":"OPTIBEAM SAVAGE 12 LED KAUGTULI 9-36VM\u00f5\u00f5tmed: 307.00 x 81.00 x 87.00mmPinge: 9-36V optibeam-savage-12-led-kaugtuli-9-36v kaugtuli","og_url":"https:\/\/ranoja.ee\/toode\/optibeam-savage-12-led-kaugtuli-9-36v\/","og_site_name":"Ranoja","article_publisher":"https:\/\/www.facebook.com\/ranoja.ee","article_modified_time":"2025-12-12T12:48:36+00:00","og_image":[{"width":800,"height":600,"url":"https:\/\/ranoja.ee\/wp-content\/uploads\/2023\/10\/1605-NS2080_002.jpg","type":"image\/jpeg"}],"twitter_card":"summary_large_image","twitter_misc":{"Est. reading time":"2 minutes"},"schema":{"@context":"https:\/\/schema.org","@graph":[{"@type":"WebPage","@id":"https:\/\/ranoja.ee\/toode\/optibeam-savage-12-led-kaugtuli-9-36v\/","url":"https:\/\/ranoja.ee\/toode\/optibeam-savage-12-led-kaugtuli-9-36v\/","name":"optibeam-savage-12-led-kaugtuli-9-36v","isPartOf":{"@id":"https:\/\/ranoja.ee\/#website"},"primaryImageOfPage":{"@id":"https:\/\/ranoja.ee\/toode\/optibeam-savage-12-led-kaugtuli-9-36v\/#primaryimage"},"image":{"@id":"https:\/\/ranoja.ee\/toode\/optibeam-savage-12-led-kaugtuli-9-36v\/#primaryimage"},"thumbnailUrl":"https:\/\/ranoja.ee\/wp-content\/uploads\/2023\/10\/1605-NS2080_002.jpg","datePublished":"2023-10-13T05:42:07+00:00","dateModified":"2025-12-12T12:48:36+00:00","description":"OPTIBEAM SAVAGE 12 LED KAUGTULI 9-36VM\u00f5\u00f5tmed: 307.00 x 81.00 x 87.00mmPinge: 9-36V optibeam-savage-12-led-kaugtuli-9-36v kaugtuli","breadcrumb":{"@id":"https:\/\/ranoja.ee\/toode\/optibeam-savage-12-led-kaugtuli-9-36v\/#breadcrumb"},"inLanguage":"en-US","potentialAction":[{"@type":"ReadAction","target":["https:\/\/ranoja.ee\/toode\/optibeam-savage-12-led-kaugtuli-9-36v\/"]}]},{"@type":"ImageObject","inLanguage":"en-US","@id":"https:\/\/ranoja.ee\/toode\/optibeam-savage-12-led-kaugtuli-9-36v\/#primaryimage","url":"https:\/\/ranoja.ee\/wp-content\/uploads\/2023\/10\/1605-NS2080_002.jpg","contentUrl":"https:\/\/ranoja.ee\/wp-content\/uploads\/2023\/10\/1605-NS2080_002.jpg","width":800,"height":600,"caption":"optibeam-savage-12-led-kaugtuli-9-36v"},{"@type":"BreadcrumbList","@id":"https:\/\/ranoja.ee\/toode\/optibeam-savage-12-led-kaugtuli-9-36v\/#breadcrumb","itemListElement":[{"@type":"ListItem","position":1,"name":"Home","item":"https:\/\/ranoja.ee\/"},{"@type":"ListItem","position":2,"name":"Shop","item":"https:\/\/ranoja.ee\/en\/shop\/"},{"@type":"ListItem","position":3,"name":"OPTIBEAM SAVAGE 12 LED KAUGTULI 9-36V"}]},{"@type":"WebSite","@id":"https:\/\/ranoja.ee\/#website","url":"https:\/\/ranoja.ee\/","name":"Ranoja","description":"Equipment Shop WooCommerce WordPress Theme for Machine &amp; Tools","publisher":{"@id":"https:\/\/ranoja.ee\/#organization"},"potentialAction":[{"@type":"SearchAction","target":{"@type":"EntryPoint","urlTemplate":"https:\/\/ranoja.ee\/?s={search_term_string}"},"query-input":{"@type":"PropertyValueSpecification","valueRequired":true,"valueName":"search_term_string"}}],"inLanguage":"en-US"},{"@type":"Organization","@id":"https:\/\/ranoja.ee\/#organization","name":"Ranoja O\u00dc","url":"https:\/\/ranoja.ee\/","logo":{"@type":"ImageObject","inLanguage":"en-US","@id":"https:\/\/ranoja.ee\/#\/schema\/logo\/image\/","url":"https:\/\/ranoja.ee\/wp-content\/uploads\/2023\/11\/ranoja-Logo.png","contentUrl":"https:\/\/ranoja.ee\/wp-content\/uploads\/2023\/11\/ranoja-Logo.png","width":207,"height":58,"caption":"Ranoja O\u00dc"},"image":{"@id":"https:\/\/ranoja.ee\/#\/schema\/logo\/image\/"},"sameAs":["https:\/\/www.facebook.com\/ranoja.ee","https:\/\/www.instagram.com\/ranoja__\/"]}]}},"_links":{"self":[{"href":"https:\/\/ranoja.ee\/en\/wp-json\/wp\/v2\/product\/6352","targetHints":{"allow":["GET"]}}],"collection":[{"href":"https:\/\/ranoja.ee\/en\/wp-json\/wp\/v2\/product"}],"about":[{"href":"https:\/\/ranoja.ee\/en\/wp-json\/wp\/v2\/types\/product"}],"wp:featuredmedia":[{"embeddable":true,"href":"https:\/\/ranoja.ee\/en\/wp-json\/wp\/v2\/media\/6353"}],"wp:attachment":[{"href":"https:\/\/ranoja.ee\/en\/wp-json\/wp\/v2\/media?parent=6352"}],"wp:term":[{"taxonomy":"product_cat","embeddable":true,"href":"https:\/\/ranoja.ee\/en\/wp-json\/wp\/v2\/product_cat?post=6352"},{"taxonomy":"product_tag","embeddable":true,"href":"https:\/\/ranoja.ee\/en\/wp-json\/wp\/v2\/product_tag?post=6352"}],"curies":[{"name":"wp","href":"https:\/\/api.w.org\/{rel}","templated":true}]}}