{"id":6345,"date":"2023-10-13T08:25:42","date_gmt":"2023-10-13T05:25:42","guid":{"rendered":"https:\/\/www.ranoja.ee\/?post_type=product&#038;p=6345"},"modified":"2025-12-10T16:10:37","modified_gmt":"2025-12-10T13:10:37","slug":"optibeam-juhtmestik-uhele-tulele-3","status":"publish","type":"product","link":"https:\/\/ranoja.ee\/en\/toode\/optibeam-juhtmestik-uhele-tulele-3\/","title":{"rendered":"OPTIBEAM JUHTMESTIK \u00dcHELE TULELE"},"content":{"rendered":"<p>Optibeam \u201cplug and play\u201d juhtmestik on mugavaim viis lisatulede \u00fchendamiseks!<br \/>\nOPTIBEAM JUHTMESTIK 4-pin DT \u00fchele parktulega lisatulele.<\/p>\n","protected":false},"excerpt":{"rendered":"<p>OPTIBEAM JUHTMESTIK \u00dcHELE TULELE<br \/>\nPinge: 12\/24V<br \/>\nPistiku t\u00fc\u00fcp: 4-pin DT<br \/>\nKirjeldus: Plug &#038; Drive, \u00fchele parktulega lisatulele<br \/>\nCanbus \u00fchilduv, parktulele eraldi juhtmed<br \/>\n200W (12V) &#8211; 400W (24V)<br \/>\nkorrosiooni eest kaitstud<br \/>\n<strong><span style=\"color: #339966;\">Seadme eeldatav tarneaeg 3-4 t\u00f6\u00f6p\u00e4eva<\/span><\/strong><\/p>\n","protected":false},"featured_media":6346,"template":"","meta":{"inline_featured_image":false},"product_cat":[1116,1119],"product_tag":[985,675,922,941],"class_list":{"0":"post-6345","1":"product","2":"type-product","3":"status-publish","4":"has-post-thumbnail","6":"product_brand-optibeam","7":"product_cat-lisaseadmed-ehitusseadmed-led-lisatuled-cb-raadiod-lallar","8":"product_cat-tulede-tarvikud","9":"product_tag-1605-wk048","10":"product_tag-optibeam","11":"product_tag-optibeam-juhtmestik-lisatulele","12":"product_tag-wave","14":"first","15":"instock","16":"taxable","17":"shipping-taxable","18":"purchasable","19":"product-type-simple"},"yoast_head":"<!-- This site is optimized with the Yoast SEO plugin v27.4 - https:\/\/yoast.com\/product\/yoast-seo-wordpress\/ -->\n<title>optibeam-juhtmestik-uhele-tulele-3<\/title>\n<meta name=\"description\" content=\"Pinge: 12\/24VPistiku t\u00fc\u00fcp: 4-pin DT Kirjeldus: Plug &amp; Drive, \u00fchele parktulega lisatulele optibeam-juhtmestik-uhele-tulele-3\" \/>\n<meta name=\"robots\" content=\"index, follow, max-snippet:-1, max-image-preview:large, max-video-preview:-1\" \/>\n<link rel=\"canonical\" href=\"https:\/\/ranoja.ee\/toode\/optibeam-juhtmestik-uhele-tulele-3\/\" \/>\n<meta property=\"og:locale\" content=\"en_US\" \/>\n<meta property=\"og:type\" content=\"article\" \/>\n<meta property=\"og:title\" content=\"optibeam-juhtmestik-uhele-tulele-3\" \/>\n<meta property=\"og:description\" content=\"Pinge: 12\/24VPistiku t\u00fc\u00fcp: 4-pin DT Kirjeldus: Plug &amp; Drive, \u00fchele parktulega lisatulele optibeam-juhtmestik-uhele-tulele-3\" \/>\n<meta property=\"og:url\" content=\"https:\/\/ranoja.ee\/toode\/optibeam-juhtmestik-uhele-tulele-3\/\" \/>\n<meta property=\"og:site_name\" content=\"Ranoja\" \/>\n<meta property=\"article:publisher\" content=\"https:\/\/www.facebook.com\/ranoja.ee\" \/>\n<meta property=\"article:modified_time\" content=\"2025-12-10T13:10:37+00:00\" \/>\n<meta property=\"og:image\" content=\"https:\/\/ranoja.ee\/wp-content\/uploads\/2023\/10\/1605-WK048_002.jpg\" \/>\n\t<meta property=\"og:image:width\" content=\"800\" \/>\n\t<meta property=\"og:image:height\" content=\"600\" \/>\n\t<meta property=\"og:image:type\" content=\"image\/jpeg\" \/>\n<meta name=\"twitter:card\" content=\"summary_large_image\" \/>\n<meta name=\"twitter:label1\" content=\"Est. reading time\" \/>\n\t<meta name=\"twitter:data1\" content=\"1 minute\" \/>\n<script type=\"application\/ld+json\" class=\"yoast-schema-graph\">{\"@context\":\"https:\\\/\\\/schema.org\",\"@graph\":[{\"@type\":\"WebPage\",\"@id\":\"https:\\\/\\\/ranoja.ee\\\/toode\\\/optibeam-juhtmestik-uhele-tulele-3\\\/\",\"url\":\"https:\\\/\\\/ranoja.ee\\\/toode\\\/optibeam-juhtmestik-uhele-tulele-3\\\/\",\"name\":\"optibeam-juhtmestik-uhele-tulele-3\",\"isPartOf\":{\"@id\":\"https:\\\/\\\/ranoja.ee\\\/#website\"},\"primaryImageOfPage\":{\"@id\":\"https:\\\/\\\/ranoja.ee\\\/toode\\\/optibeam-juhtmestik-uhele-tulele-3\\\/#primaryimage\"},\"image\":{\"@id\":\"https:\\\/\\\/ranoja.ee\\\/toode\\\/optibeam-juhtmestik-uhele-tulele-3\\\/#primaryimage\"},\"thumbnailUrl\":\"https:\\\/\\\/ranoja.ee\\\/wp-content\\\/uploads\\\/2023\\\/10\\\/1605-WK048_002.jpg\",\"datePublished\":\"2023-10-13T05:25:42+00:00\",\"dateModified\":\"2025-12-10T13:10:37+00:00\",\"description\":\"Pinge: 12\\\/24VPistiku t\u00fc\u00fcp: 4-pin DT Kirjeldus: Plug & Drive, \u00fchele parktulega lisatulele optibeam-juhtmestik-uhele-tulele-3\",\"breadcrumb\":{\"@id\":\"https:\\\/\\\/ranoja.ee\\\/toode\\\/optibeam-juhtmestik-uhele-tulele-3\\\/#breadcrumb\"},\"inLanguage\":\"en-US\",\"potentialAction\":[{\"@type\":\"ReadAction\",\"target\":[\"https:\\\/\\\/ranoja.ee\\\/toode\\\/optibeam-juhtmestik-uhele-tulele-3\\\/\"]}]},{\"@type\":\"ImageObject\",\"inLanguage\":\"en-US\",\"@id\":\"https:\\\/\\\/ranoja.ee\\\/toode\\\/optibeam-juhtmestik-uhele-tulele-3\\\/#primaryimage\",\"url\":\"https:\\\/\\\/ranoja.ee\\\/wp-content\\\/uploads\\\/2023\\\/10\\\/1605-WK048_002.jpg\",\"contentUrl\":\"https:\\\/\\\/ranoja.ee\\\/wp-content\\\/uploads\\\/2023\\\/10\\\/1605-WK048_002.jpg\",\"width\":800,\"height\":600},{\"@type\":\"BreadcrumbList\",\"@id\":\"https:\\\/\\\/ranoja.ee\\\/toode\\\/optibeam-juhtmestik-uhele-tulele-3\\\/#breadcrumb\",\"itemListElement\":[{\"@type\":\"ListItem\",\"position\":1,\"name\":\"Home\",\"item\":\"https:\\\/\\\/ranoja.ee\\\/\"},{\"@type\":\"ListItem\",\"position\":2,\"name\":\"Shop\",\"item\":\"https:\\\/\\\/ranoja.ee\\\/en\\\/shop\\\/\"},{\"@type\":\"ListItem\",\"position\":3,\"name\":\"OPTIBEAM JUHTMESTIK \u00dcHELE TULELE\"}]},{\"@type\":\"WebSite\",\"@id\":\"https:\\\/\\\/ranoja.ee\\\/#website\",\"url\":\"https:\\\/\\\/ranoja.ee\\\/\",\"name\":\"Ranoja\",\"description\":\"Equipment Shop WooCommerce WordPress Theme for Machine &amp; Tools\",\"publisher\":{\"@id\":\"https:\\\/\\\/ranoja.ee\\\/#organization\"},\"potentialAction\":[{\"@type\":\"SearchAction\",\"target\":{\"@type\":\"EntryPoint\",\"urlTemplate\":\"https:\\\/\\\/ranoja.ee\\\/?s={search_term_string}\"},\"query-input\":{\"@type\":\"PropertyValueSpecification\",\"valueRequired\":true,\"valueName\":\"search_term_string\"}}],\"inLanguage\":\"en-US\"},{\"@type\":\"Organization\",\"@id\":\"https:\\\/\\\/ranoja.ee\\\/#organization\",\"name\":\"Ranoja O\u00dc\",\"url\":\"https:\\\/\\\/ranoja.ee\\\/\",\"logo\":{\"@type\":\"ImageObject\",\"inLanguage\":\"en-US\",\"@id\":\"https:\\\/\\\/ranoja.ee\\\/#\\\/schema\\\/logo\\\/image\\\/\",\"url\":\"https:\\\/\\\/ranoja.ee\\\/wp-content\\\/uploads\\\/2023\\\/11\\\/ranoja-Logo.png\",\"contentUrl\":\"https:\\\/\\\/ranoja.ee\\\/wp-content\\\/uploads\\\/2023\\\/11\\\/ranoja-Logo.png\",\"width\":207,\"height\":58,\"caption\":\"Ranoja O\u00dc\"},\"image\":{\"@id\":\"https:\\\/\\\/ranoja.ee\\\/#\\\/schema\\\/logo\\\/image\\\/\"},\"sameAs\":[\"https:\\\/\\\/www.facebook.com\\\/ranoja.ee\",\"https:\\\/\\\/www.instagram.com\\\/ranoja__\\\/\"]}]}<\/script>\n<!-- \/ Yoast SEO plugin. -->","yoast_head_json":{"title":"optibeam-juhtmestik-uhele-tulele-3","description":"Pinge: 12\/24VPistiku t\u00fc\u00fcp: 4-pin DT Kirjeldus: Plug & Drive, \u00fchele parktulega lisatulele optibeam-juhtmestik-uhele-tulele-3","robots":{"index":"index","follow":"follow","max-snippet":"max-snippet:-1","max-image-preview":"max-image-preview:large","max-video-preview":"max-video-preview:-1"},"canonical":"https:\/\/ranoja.ee\/toode\/optibeam-juhtmestik-uhele-tulele-3\/","og_locale":"en_US","og_type":"article","og_title":"optibeam-juhtmestik-uhele-tulele-3","og_description":"Pinge: 12\/24VPistiku t\u00fc\u00fcp: 4-pin DT Kirjeldus: Plug & Drive, \u00fchele parktulega lisatulele optibeam-juhtmestik-uhele-tulele-3","og_url":"https:\/\/ranoja.ee\/toode\/optibeam-juhtmestik-uhele-tulele-3\/","og_site_name":"Ranoja","article_publisher":"https:\/\/www.facebook.com\/ranoja.ee","article_modified_time":"2025-12-10T13:10:37+00:00","og_image":[{"width":800,"height":600,"url":"https:\/\/ranoja.ee\/wp-content\/uploads\/2023\/10\/1605-WK048_002.jpg","type":"image\/jpeg"}],"twitter_card":"summary_large_image","twitter_misc":{"Est. reading time":"1 minute"},"schema":{"@context":"https:\/\/schema.org","@graph":[{"@type":"WebPage","@id":"https:\/\/ranoja.ee\/toode\/optibeam-juhtmestik-uhele-tulele-3\/","url":"https:\/\/ranoja.ee\/toode\/optibeam-juhtmestik-uhele-tulele-3\/","name":"optibeam-juhtmestik-uhele-tulele-3","isPartOf":{"@id":"https:\/\/ranoja.ee\/#website"},"primaryImageOfPage":{"@id":"https:\/\/ranoja.ee\/toode\/optibeam-juhtmestik-uhele-tulele-3\/#primaryimage"},"image":{"@id":"https:\/\/ranoja.ee\/toode\/optibeam-juhtmestik-uhele-tulele-3\/#primaryimage"},"thumbnailUrl":"https:\/\/ranoja.ee\/wp-content\/uploads\/2023\/10\/1605-WK048_002.jpg","datePublished":"2023-10-13T05:25:42+00:00","dateModified":"2025-12-10T13:10:37+00:00","description":"Pinge: 12\/24VPistiku t\u00fc\u00fcp: 4-pin DT Kirjeldus: Plug & Drive, \u00fchele parktulega lisatulele optibeam-juhtmestik-uhele-tulele-3","breadcrumb":{"@id":"https:\/\/ranoja.ee\/toode\/optibeam-juhtmestik-uhele-tulele-3\/#breadcrumb"},"inLanguage":"en-US","potentialAction":[{"@type":"ReadAction","target":["https:\/\/ranoja.ee\/toode\/optibeam-juhtmestik-uhele-tulele-3\/"]}]},{"@type":"ImageObject","inLanguage":"en-US","@id":"https:\/\/ranoja.ee\/toode\/optibeam-juhtmestik-uhele-tulele-3\/#primaryimage","url":"https:\/\/ranoja.ee\/wp-content\/uploads\/2023\/10\/1605-WK048_002.jpg","contentUrl":"https:\/\/ranoja.ee\/wp-content\/uploads\/2023\/10\/1605-WK048_002.jpg","width":800,"height":600},{"@type":"BreadcrumbList","@id":"https:\/\/ranoja.ee\/toode\/optibeam-juhtmestik-uhele-tulele-3\/#breadcrumb","itemListElement":[{"@type":"ListItem","position":1,"name":"Home","item":"https:\/\/ranoja.ee\/"},{"@type":"ListItem","position":2,"name":"Shop","item":"https:\/\/ranoja.ee\/en\/shop\/"},{"@type":"ListItem","position":3,"name":"OPTIBEAM JUHTMESTIK \u00dcHELE TULELE"}]},{"@type":"WebSite","@id":"https:\/\/ranoja.ee\/#website","url":"https:\/\/ranoja.ee\/","name":"Ranoja","description":"Equipment Shop WooCommerce WordPress Theme for Machine &amp; Tools","publisher":{"@id":"https:\/\/ranoja.ee\/#organization"},"potentialAction":[{"@type":"SearchAction","target":{"@type":"EntryPoint","urlTemplate":"https:\/\/ranoja.ee\/?s={search_term_string}"},"query-input":{"@type":"PropertyValueSpecification","valueRequired":true,"valueName":"search_term_string"}}],"inLanguage":"en-US"},{"@type":"Organization","@id":"https:\/\/ranoja.ee\/#organization","name":"Ranoja O\u00dc","url":"https:\/\/ranoja.ee\/","logo":{"@type":"ImageObject","inLanguage":"en-US","@id":"https:\/\/ranoja.ee\/#\/schema\/logo\/image\/","url":"https:\/\/ranoja.ee\/wp-content\/uploads\/2023\/11\/ranoja-Logo.png","contentUrl":"https:\/\/ranoja.ee\/wp-content\/uploads\/2023\/11\/ranoja-Logo.png","width":207,"height":58,"caption":"Ranoja O\u00dc"},"image":{"@id":"https:\/\/ranoja.ee\/#\/schema\/logo\/image\/"},"sameAs":["https:\/\/www.facebook.com\/ranoja.ee","https:\/\/www.instagram.com\/ranoja__\/"]}]}},"_links":{"self":[{"href":"https:\/\/ranoja.ee\/en\/wp-json\/wp\/v2\/product\/6345","targetHints":{"allow":["GET"]}}],"collection":[{"href":"https:\/\/ranoja.ee\/en\/wp-json\/wp\/v2\/product"}],"about":[{"href":"https:\/\/ranoja.ee\/en\/wp-json\/wp\/v2\/types\/product"}],"wp:featuredmedia":[{"embeddable":true,"href":"https:\/\/ranoja.ee\/en\/wp-json\/wp\/v2\/media\/6346"}],"wp:attachment":[{"href":"https:\/\/ranoja.ee\/en\/wp-json\/wp\/v2\/media?parent=6345"}],"wp:term":[{"taxonomy":"product_cat","embeddable":true,"href":"https:\/\/ranoja.ee\/en\/wp-json\/wp\/v2\/product_cat?post=6345"},{"taxonomy":"product_tag","embeddable":true,"href":"https:\/\/ranoja.ee\/en\/wp-json\/wp\/v2\/product_tag?post=6345"}],"curies":[{"name":"wp","href":"https:\/\/api.w.org\/{rel}","templated":true}]}}