{"id":63110,"date":"2026-03-17T02:46:42","date_gmt":"2026-03-16T23:46:42","guid":{"rendered":"https:\/\/ranoja.ee\/toode\/robotniiduki-terade-komplekt-v3-12tk-sunseeker\/"},"modified":"2026-03-18T17:03:52","modified_gmt":"2026-03-18T14:03:52","slug":"robotniiduki-terade-komplekt-v3-12tk-sunseeker","status":"publish","type":"product","link":"https:\/\/ranoja.ee\/en\/toode\/robotniiduki-terade-komplekt-v3-12tk-sunseeker\/","title":{"rendered":"Robotniiduki terade komplekt V3- 12tk, Sunseeker"},"content":{"rendered":"","protected":false},"excerpt":{"rendered":"<p>Sunseekeri terakomplekt robotniidukitele \u2013 terav, t\u00e4pne ja vastupidav<br \/>\nHoidke oma robotniiduk parimas vormis uue terakomplektiga \u2013 originaalvaruosad, mis on loodud tagama iga kord terava, t\u00f5husa ja \u00fchtlase l\u00f5ike. Terad on valmistatud vastupidavast materjalist, mis tagab pika eluea ja t\u00e4psed l\u00f5iked, mille tulemuseks on tervem ja ilusam muru.<br \/>\nTerad sobivad ideaalselt Sunseeker robotniidukitega ja neid on lihtne vahetada. Olenemata sellest, kas vajate muruniidukit uuendada v\u00f5i lihtsalt hooldate, on need terad turvaline valik.<\/p>\n<p>Eelised:<br \/>\nTerav ja t\u00e4pne l\u00f5ikamine<br \/>\nValmistatud roostevabast ja vastupidavast terasest<br \/>\nLihtne paigaldada \u2013 sobib k\u00f5ikidele Sunseeker robotniidukitele<br \/>\nPikk vastupidavus v\u00e4hemate asenduste jaoks<br \/>\nOptimaalse l\u00f5ikekvaliteedi s\u00e4ilitamiseks vahetage oma l\u00f5iketerad regulaarselt \u2013 Sunseekeri teradega on teie robotniiduk alati t\u00f6\u00f6ks valmis.<\/p>\n<p>Komplektis 12 asendustera ja paigalduskruvi.<\/p>\n","protected":false},"featured_media":63111,"template":"","meta":{"inline_featured_image":false},"product_cat":[5495,5496,1080,1123],"product_tag":[],"class_list":{"0":"post-63110","1":"product","2":"type-product","3":"status-publish","4":"has-post-thumbnail","6":"product_brand-sunseeker","7":"product_cat-kuluosad","8":"product_cat-niiduterad","9":"product_cat-robotniidukid","10":"product_cat-varuosad","12":"first","13":"outofstock","14":"purchasable","15":"product-type-simple"},"yoast_head":"<!-- This site is optimized with the Yoast SEO plugin v27.4 - https:\/\/yoast.com\/product\/yoast-seo-wordpress\/ -->\n<title>Robotniiduki terade komplekt V3- 12tk, Sunseeker - Ranoja<\/title>\n<meta name=\"robots\" content=\"index, follow, max-snippet:-1, max-image-preview:large, max-video-preview:-1\" \/>\n<link rel=\"canonical\" href=\"https:\/\/ranoja.ee\/toode\/robotniiduki-terade-komplekt-v3-12tk-sunseeker\/\" \/>\n<meta property=\"og:locale\" content=\"en_US\" \/>\n<meta property=\"og:type\" content=\"article\" \/>\n<meta property=\"og:title\" content=\"Robotniiduki terade komplekt V3- 12tk, Sunseeker - Ranoja\" \/>\n<meta property=\"og:description\" content=\"Sunseekeri terakomplekt robotniidukitele \u2013 terav, t\u00e4pne ja vastupidav Hoidke oma robotniiduk parimas vormis uue terakomplektiga \u2013 originaalvaruosad, mis on loodud tagama iga kord terava, t\u00f5husa ja \u00fchtlase l\u00f5ike. Terad on valmistatud vastupidavast materjalist, mis tagab pika eluea ja t\u00e4psed l\u00f5iked, mille tulemuseks on tervem ja ilusam muru. Terad sobivad ideaalselt Sunseeker robotniidukitega ja neid on lihtne vahetada. Olenemata sellest, kas vajate muruniidukit uuendada v\u00f5i lihtsalt hooldate, on need terad turvaline valik.  Eelised: Terav ja t\u00e4pne l\u00f5ikamine Valmistatud roostevabast ja vastupidavast terasest Lihtne paigaldada \u2013 sobib k\u00f5ikidele Sunseeker robotniidukitele Pikk vastupidavus v\u00e4hemate asenduste jaoks Optimaalse l\u00f5ikekvaliteedi s\u00e4ilitamiseks vahetage oma l\u00f5iketerad regulaarselt \u2013 Sunseekeri teradega on teie robotniiduk alati t\u00f6\u00f6ks valmis.   Komplektis 12 asendustera ja paigalduskruvi.\" \/>\n<meta property=\"og:url\" content=\"https:\/\/ranoja.ee\/toode\/robotniiduki-terade-komplekt-v3-12tk-sunseeker\/\" \/>\n<meta property=\"og:site_name\" content=\"Ranoja\" \/>\n<meta property=\"article:publisher\" content=\"https:\/\/www.facebook.com\/ranoja.ee\" \/>\n<meta property=\"article:modified_time\" content=\"2026-03-18T14:03:52+00:00\" \/>\n<meta property=\"og:image\" content=\"https:\/\/ranoja.ee\/wp-content\/uploads\/2026\/03\/5638187100.jpg\" \/>\n\t<meta property=\"og:image:width\" content=\"815\" \/>\n\t<meta property=\"og:image:height\" content=\"815\" \/>\n\t<meta property=\"og:image:type\" content=\"image\/jpeg\" \/>\n<meta name=\"twitter:card\" content=\"summary_large_image\" \/>\n<meta name=\"twitter:label1\" content=\"Est. reading time\" \/>\n\t<meta name=\"twitter:data1\" content=\"1 minute\" \/>\n<script type=\"application\/ld+json\" class=\"yoast-schema-graph\">{\"@context\":\"https:\\\/\\\/schema.org\",\"@graph\":[{\"@type\":\"WebPage\",\"@id\":\"https:\\\/\\\/ranoja.ee\\\/toode\\\/robotniiduki-terade-komplekt-v3-12tk-sunseeker\\\/\",\"url\":\"https:\\\/\\\/ranoja.ee\\\/toode\\\/robotniiduki-terade-komplekt-v3-12tk-sunseeker\\\/\",\"name\":\"Robotniiduki terade komplekt V3- 12tk, Sunseeker - Ranoja\",\"isPartOf\":{\"@id\":\"https:\\\/\\\/ranoja.ee\\\/#website\"},\"primaryImageOfPage\":{\"@id\":\"https:\\\/\\\/ranoja.ee\\\/toode\\\/robotniiduki-terade-komplekt-v3-12tk-sunseeker\\\/#primaryimage\"},\"image\":{\"@id\":\"https:\\\/\\\/ranoja.ee\\\/toode\\\/robotniiduki-terade-komplekt-v3-12tk-sunseeker\\\/#primaryimage\"},\"thumbnailUrl\":\"https:\\\/\\\/ranoja.ee\\\/wp-content\\\/uploads\\\/2026\\\/03\\\/5638187100.jpg\",\"datePublished\":\"2026-03-16T23:46:42+00:00\",\"dateModified\":\"2026-03-18T14:03:52+00:00\",\"breadcrumb\":{\"@id\":\"https:\\\/\\\/ranoja.ee\\\/toode\\\/robotniiduki-terade-komplekt-v3-12tk-sunseeker\\\/#breadcrumb\"},\"inLanguage\":\"en-US\",\"potentialAction\":[{\"@type\":\"ReadAction\",\"target\":[\"https:\\\/\\\/ranoja.ee\\\/toode\\\/robotniiduki-terade-komplekt-v3-12tk-sunseeker\\\/\"]}]},{\"@type\":\"ImageObject\",\"inLanguage\":\"en-US\",\"@id\":\"https:\\\/\\\/ranoja.ee\\\/toode\\\/robotniiduki-terade-komplekt-v3-12tk-sunseeker\\\/#primaryimage\",\"url\":\"https:\\\/\\\/ranoja.ee\\\/wp-content\\\/uploads\\\/2026\\\/03\\\/5638187100.jpg\",\"contentUrl\":\"https:\\\/\\\/ranoja.ee\\\/wp-content\\\/uploads\\\/2026\\\/03\\\/5638187100.jpg\",\"width\":815,\"height\":815},{\"@type\":\"BreadcrumbList\",\"@id\":\"https:\\\/\\\/ranoja.ee\\\/toode\\\/robotniiduki-terade-komplekt-v3-12tk-sunseeker\\\/#breadcrumb\",\"itemListElement\":[{\"@type\":\"ListItem\",\"position\":1,\"name\":\"Home\",\"item\":\"https:\\\/\\\/ranoja.ee\\\/\"},{\"@type\":\"ListItem\",\"position\":2,\"name\":\"Shop\",\"item\":\"https:\\\/\\\/ranoja.ee\\\/en\\\/shop\\\/\"},{\"@type\":\"ListItem\",\"position\":3,\"name\":\"Robotniiduki terade komplekt V3- 12tk, Sunseeker\"}]},{\"@type\":\"WebSite\",\"@id\":\"https:\\\/\\\/ranoja.ee\\\/#website\",\"url\":\"https:\\\/\\\/ranoja.ee\\\/\",\"name\":\"Ranoja\",\"description\":\"Equipment Shop WooCommerce WordPress Theme for Machine &amp; Tools\",\"publisher\":{\"@id\":\"https:\\\/\\\/ranoja.ee\\\/#organization\"},\"potentialAction\":[{\"@type\":\"SearchAction\",\"target\":{\"@type\":\"EntryPoint\",\"urlTemplate\":\"https:\\\/\\\/ranoja.ee\\\/?s={search_term_string}\"},\"query-input\":{\"@type\":\"PropertyValueSpecification\",\"valueRequired\":true,\"valueName\":\"search_term_string\"}}],\"inLanguage\":\"en-US\"},{\"@type\":\"Organization\",\"@id\":\"https:\\\/\\\/ranoja.ee\\\/#organization\",\"name\":\"Ranoja O\u00dc\",\"url\":\"https:\\\/\\\/ranoja.ee\\\/\",\"logo\":{\"@type\":\"ImageObject\",\"inLanguage\":\"en-US\",\"@id\":\"https:\\\/\\\/ranoja.ee\\\/#\\\/schema\\\/logo\\\/image\\\/\",\"url\":\"https:\\\/\\\/ranoja.ee\\\/wp-content\\\/uploads\\\/2023\\\/11\\\/ranoja-Logo.png\",\"contentUrl\":\"https:\\\/\\\/ranoja.ee\\\/wp-content\\\/uploads\\\/2023\\\/11\\\/ranoja-Logo.png\",\"width\":207,\"height\":58,\"caption\":\"Ranoja O\u00dc\"},\"image\":{\"@id\":\"https:\\\/\\\/ranoja.ee\\\/#\\\/schema\\\/logo\\\/image\\\/\"},\"sameAs\":[\"https:\\\/\\\/www.facebook.com\\\/ranoja.ee\",\"https:\\\/\\\/www.instagram.com\\\/ranoja__\\\/\"]}]}<\/script>\n<!-- \/ Yoast SEO plugin. -->","yoast_head_json":{"title":"Robotniiduki terade komplekt V3- 12tk, Sunseeker - Ranoja","robots":{"index":"index","follow":"follow","max-snippet":"max-snippet:-1","max-image-preview":"max-image-preview:large","max-video-preview":"max-video-preview:-1"},"canonical":"https:\/\/ranoja.ee\/toode\/robotniiduki-terade-komplekt-v3-12tk-sunseeker\/","og_locale":"en_US","og_type":"article","og_title":"Robotniiduki terade komplekt V3- 12tk, Sunseeker - Ranoja","og_description":"Sunseekeri terakomplekt robotniidukitele \u2013 terav, t\u00e4pne ja vastupidav Hoidke oma robotniiduk parimas vormis uue terakomplektiga \u2013 originaalvaruosad, mis on loodud tagama iga kord terava, t\u00f5husa ja \u00fchtlase l\u00f5ike. Terad on valmistatud vastupidavast materjalist, mis tagab pika eluea ja t\u00e4psed l\u00f5iked, mille tulemuseks on tervem ja ilusam muru. Terad sobivad ideaalselt Sunseeker robotniidukitega ja neid on lihtne vahetada. Olenemata sellest, kas vajate muruniidukit uuendada v\u00f5i lihtsalt hooldate, on need terad turvaline valik.  Eelised: Terav ja t\u00e4pne l\u00f5ikamine Valmistatud roostevabast ja vastupidavast terasest Lihtne paigaldada \u2013 sobib k\u00f5ikidele Sunseeker robotniidukitele Pikk vastupidavus v\u00e4hemate asenduste jaoks Optimaalse l\u00f5ikekvaliteedi s\u00e4ilitamiseks vahetage oma l\u00f5iketerad regulaarselt \u2013 Sunseekeri teradega on teie robotniiduk alati t\u00f6\u00f6ks valmis.   Komplektis 12 asendustera ja paigalduskruvi.","og_url":"https:\/\/ranoja.ee\/toode\/robotniiduki-terade-komplekt-v3-12tk-sunseeker\/","og_site_name":"Ranoja","article_publisher":"https:\/\/www.facebook.com\/ranoja.ee","article_modified_time":"2026-03-18T14:03:52+00:00","og_image":[{"width":815,"height":815,"url":"https:\/\/ranoja.ee\/wp-content\/uploads\/2026\/03\/5638187100.jpg","type":"image\/jpeg"}],"twitter_card":"summary_large_image","twitter_misc":{"Est. reading time":"1 minute"},"schema":{"@context":"https:\/\/schema.org","@graph":[{"@type":"WebPage","@id":"https:\/\/ranoja.ee\/toode\/robotniiduki-terade-komplekt-v3-12tk-sunseeker\/","url":"https:\/\/ranoja.ee\/toode\/robotniiduki-terade-komplekt-v3-12tk-sunseeker\/","name":"Robotniiduki terade komplekt V3- 12tk, Sunseeker - Ranoja","isPartOf":{"@id":"https:\/\/ranoja.ee\/#website"},"primaryImageOfPage":{"@id":"https:\/\/ranoja.ee\/toode\/robotniiduki-terade-komplekt-v3-12tk-sunseeker\/#primaryimage"},"image":{"@id":"https:\/\/ranoja.ee\/toode\/robotniiduki-terade-komplekt-v3-12tk-sunseeker\/#primaryimage"},"thumbnailUrl":"https:\/\/ranoja.ee\/wp-content\/uploads\/2026\/03\/5638187100.jpg","datePublished":"2026-03-16T23:46:42+00:00","dateModified":"2026-03-18T14:03:52+00:00","breadcrumb":{"@id":"https:\/\/ranoja.ee\/toode\/robotniiduki-terade-komplekt-v3-12tk-sunseeker\/#breadcrumb"},"inLanguage":"en-US","potentialAction":[{"@type":"ReadAction","target":["https:\/\/ranoja.ee\/toode\/robotniiduki-terade-komplekt-v3-12tk-sunseeker\/"]}]},{"@type":"ImageObject","inLanguage":"en-US","@id":"https:\/\/ranoja.ee\/toode\/robotniiduki-terade-komplekt-v3-12tk-sunseeker\/#primaryimage","url":"https:\/\/ranoja.ee\/wp-content\/uploads\/2026\/03\/5638187100.jpg","contentUrl":"https:\/\/ranoja.ee\/wp-content\/uploads\/2026\/03\/5638187100.jpg","width":815,"height":815},{"@type":"BreadcrumbList","@id":"https:\/\/ranoja.ee\/toode\/robotniiduki-terade-komplekt-v3-12tk-sunseeker\/#breadcrumb","itemListElement":[{"@type":"ListItem","position":1,"name":"Home","item":"https:\/\/ranoja.ee\/"},{"@type":"ListItem","position":2,"name":"Shop","item":"https:\/\/ranoja.ee\/en\/shop\/"},{"@type":"ListItem","position":3,"name":"Robotniiduki terade komplekt V3- 12tk, Sunseeker"}]},{"@type":"WebSite","@id":"https:\/\/ranoja.ee\/#website","url":"https:\/\/ranoja.ee\/","name":"Ranoja","description":"Equipment Shop WooCommerce WordPress Theme for Machine &amp; Tools","publisher":{"@id":"https:\/\/ranoja.ee\/#organization"},"potentialAction":[{"@type":"SearchAction","target":{"@type":"EntryPoint","urlTemplate":"https:\/\/ranoja.ee\/?s={search_term_string}"},"query-input":{"@type":"PropertyValueSpecification","valueRequired":true,"valueName":"search_term_string"}}],"inLanguage":"en-US"},{"@type":"Organization","@id":"https:\/\/ranoja.ee\/#organization","name":"Ranoja O\u00dc","url":"https:\/\/ranoja.ee\/","logo":{"@type":"ImageObject","inLanguage":"en-US","@id":"https:\/\/ranoja.ee\/#\/schema\/logo\/image\/","url":"https:\/\/ranoja.ee\/wp-content\/uploads\/2023\/11\/ranoja-Logo.png","contentUrl":"https:\/\/ranoja.ee\/wp-content\/uploads\/2023\/11\/ranoja-Logo.png","width":207,"height":58,"caption":"Ranoja O\u00dc"},"image":{"@id":"https:\/\/ranoja.ee\/#\/schema\/logo\/image\/"},"sameAs":["https:\/\/www.facebook.com\/ranoja.ee","https:\/\/www.instagram.com\/ranoja__\/"]}]}},"_links":{"self":[{"href":"https:\/\/ranoja.ee\/en\/wp-json\/wp\/v2\/product\/63110","targetHints":{"allow":["GET"]}}],"collection":[{"href":"https:\/\/ranoja.ee\/en\/wp-json\/wp\/v2\/product"}],"about":[{"href":"https:\/\/ranoja.ee\/en\/wp-json\/wp\/v2\/types\/product"}],"wp:featuredmedia":[{"embeddable":true,"href":"https:\/\/ranoja.ee\/en\/wp-json\/wp\/v2\/media\/63111"}],"wp:attachment":[{"href":"https:\/\/ranoja.ee\/en\/wp-json\/wp\/v2\/media?parent=63110"}],"wp:term":[{"taxonomy":"product_cat","embeddable":true,"href":"https:\/\/ranoja.ee\/en\/wp-json\/wp\/v2\/product_cat?post=63110"},{"taxonomy":"product_tag","embeddable":true,"href":"https:\/\/ranoja.ee\/en\/wp-json\/wp\/v2\/product_tag?post=63110"}],"curies":[{"name":"wp","href":"https:\/\/api.w.org\/{rel}","templated":true}]}}