{"id":63099,"date":"2026-03-17T02:46:42","date_gmt":"2026-03-16T23:46:42","guid":{"rendered":"https:\/\/ranoja.ee\/toode\/katepaberi-hoidik-sensoriga-pt1-satino\/"},"modified":"2026-03-17T15:33:36","modified_gmt":"2026-03-17T12:33:36","slug":"katepaberi-hoidik-sensoriga-pt1-satino","status":"publish","type":"product","link":"https:\/\/ranoja.ee\/en\/toode\/katepaberi-hoidik-sensoriga-pt1-satino\/","title":{"rendered":"K\u00e4tepaberi hoidik sensoriga PT1 Satino"},"content":{"rendered":"<p>K\u00e4tepaberi hoidik sensoriga PT1 Satino<\/p>\n<p>Sensoriga k\u00e4tepaberi hoidik on kaasaegne ja h\u00fcgieeniline lahendus avalikesse tualettruumidesse ning k\u00f5rge kasutussagedusega keskkondadesse. Seade t\u00f6\u00f6tab puutevabalt, kasutades infrapunaandurit, mis tuvastab kasutaja k\u00e4ed ja v\u00e4ljastab automaatselt vajaliku koguse paberr\u00e4tikut. See aitab oluliselt v\u00e4hendada bakterite levikut ning parandab \u00fcldist kasutusmugavust.<\/p>\n<p>Hoidiku disain on kompaktne ja vastupidav, sobides nii kontoritesse, kaubanduspindadele kui ka meditsiiniasutustesse. Korpus on valmistatud kvaliteetsest materjalist, mis talub igap\u00e4evast intensiivset kasutust ning on lihtsasti puhastatav. Lukustatav kate kaitseb sisu varguse ja saastumise eest, samas v\u00f5imaldades hooldust\u00f6\u00f6tajatel kiirelt ja mugavalt t\u00e4itmist teostada.<\/p>\n<p>PT1 mudel on energias\u00e4\u00e4stlik, t\u00f6\u00f6tades patareide v\u00f5i vooluv\u00f5rgu toel, olenevalt paigalduslahendusest. Sensori tundlikkus on optimeeritud, et v\u00e4ltida liigset paberi kulutamist, aidates seel\u00e4bi v\u00e4hendada j\u00e4\u00e4tmeid ja hoida kulud kontrolli all. Seade v\u00e4ljastab paberi \u00fchtlaste ja parajate lehtedena, mis teeb kasutamise intuitiivseks ja mugavaks igas vanuses inimestele.<\/p>\n<p>Lisaks praktilisusele pakub Satino PT1 ka esteetilist v\u00e4\u00e4rtust \u2013 minimalistlik ja modernne v\u00e4limus sobitub erinevate sisekujundustega. Kokkuv\u00f5ttes on tegemist usaldusv\u00e4\u00e4rse ja nutika lahendusega, mis \u00fchendab h\u00fcgieeni, s\u00e4\u00e4stlikkuse ja kasutajas\u00f5bralikkuse.<\/p>\n<p>K\u00e4tepaberi hoidik sensoriga PT1 Satino<\/p>\n","protected":false},"excerpt":{"rendered":"<p>K\u00e4tepaberi hoidik sensoriga PT1 Satino<br \/>\nSuurep\u00e4rane, h\u00fcgieeniline ja mugav lahendus hoidmaks paberikulu kontrolli all.<br \/>\nHoidikusse sobib PT1 m\u00e4rgistusega paber:<br \/>\n&#8211; 317820&#038;SAT, 6 x 150 m<\/p>\n","protected":false},"featured_media":63100,"template":"","meta":{"inline_featured_image":false},"product_cat":[5057,5036,5035],"product_tag":[5505,5504,5503,5502,5501],"class_list":{"0":"post-63099","1":"product","2":"type-product","3":"status-publish","4":"has-post-thumbnail","6":"product_brand-satino","7":"product_cat-katepaber-rullis-hoidikud","8":"product_cat-pabertooted","9":"product_cat-puhastustehnika-ja-tarvikud","10":"product_tag-5505","11":"product_tag-hoidik","12":"product_tag-katepaberi-hoidik","13":"product_tag-katepaberi-hoidik-sensoriga-pt1-satino","14":"product_tag-satino","16":"first","17":"outofstock","18":"purchasable","19":"product-type-simple"},"yoast_head":"<!-- This site is optimized with the Yoast SEO plugin v27.4 - https:\/\/yoast.com\/product\/yoast-seo-wordpress\/ -->\n<title>K\u00e4tepaberi hoidik sensoriga PT1 Satino<\/title>\n<meta name=\"description\" content=\"K\u00e4tepaberi hoidik sensoriga PT1 Satino Sensoriga k\u00e4tepaberi hoidik on kaasaegne ja h\u00fcgieeniline lahendus avalikesse tualettruumidesse.\" \/>\n<meta name=\"robots\" content=\"index, follow, max-snippet:-1, max-image-preview:large, max-video-preview:-1\" \/>\n<link rel=\"canonical\" href=\"https:\/\/ranoja.ee\/toode\/katepaberi-hoidik-sensoriga-pt1-satino\/\" \/>\n<meta property=\"og:locale\" content=\"en_US\" \/>\n<meta property=\"og:type\" content=\"article\" \/>\n<meta property=\"og:title\" content=\"K\u00e4tepaberi hoidik sensoriga PT1 Satino\" \/>\n<meta property=\"og:description\" content=\"K\u00e4tepaberi hoidik sensoriga PT1 Satino Sensoriga k\u00e4tepaberi hoidik on kaasaegne ja h\u00fcgieeniline lahendus avalikesse tualettruumidesse.\" \/>\n<meta property=\"og:url\" content=\"https:\/\/ranoja.ee\/toode\/katepaberi-hoidik-sensoriga-pt1-satino\/\" \/>\n<meta property=\"og:site_name\" content=\"Ranoja\" \/>\n<meta property=\"article:publisher\" content=\"https:\/\/www.facebook.com\/ranoja.ee\" \/>\n<meta property=\"article:modified_time\" content=\"2026-03-17T12:33:36+00:00\" \/>\n<meta property=\"og:image\" content=\"https:\/\/ranoja.ee\/wp-content\/uploads\/2026\/03\/5638766556.jpg\" \/>\n\t<meta property=\"og:image:width\" content=\"858\" \/>\n\t<meta property=\"og:image:height\" content=\"900\" \/>\n\t<meta property=\"og:image:type\" content=\"image\/jpeg\" \/>\n<meta name=\"twitter:card\" content=\"summary_large_image\" \/>\n<meta name=\"twitter:label1\" content=\"Est. reading time\" \/>\n\t<meta name=\"twitter:data1\" content=\"1 minute\" \/>\n<script type=\"application\/ld+json\" class=\"yoast-schema-graph\">{\"@context\":\"https:\\\/\\\/schema.org\",\"@graph\":[{\"@type\":\"WebPage\",\"@id\":\"https:\\\/\\\/ranoja.ee\\\/toode\\\/katepaberi-hoidik-sensoriga-pt1-satino\\\/\",\"url\":\"https:\\\/\\\/ranoja.ee\\\/toode\\\/katepaberi-hoidik-sensoriga-pt1-satino\\\/\",\"name\":\"K\u00e4tepaberi hoidik sensoriga PT1 Satino\",\"isPartOf\":{\"@id\":\"https:\\\/\\\/ranoja.ee\\\/#website\"},\"primaryImageOfPage\":{\"@id\":\"https:\\\/\\\/ranoja.ee\\\/toode\\\/katepaberi-hoidik-sensoriga-pt1-satino\\\/#primaryimage\"},\"image\":{\"@id\":\"https:\\\/\\\/ranoja.ee\\\/toode\\\/katepaberi-hoidik-sensoriga-pt1-satino\\\/#primaryimage\"},\"thumbnailUrl\":\"https:\\\/\\\/ranoja.ee\\\/wp-content\\\/uploads\\\/2026\\\/03\\\/5638766556.jpg\",\"datePublished\":\"2026-03-16T23:46:42+00:00\",\"dateModified\":\"2026-03-17T12:33:36+00:00\",\"description\":\"K\u00e4tepaberi hoidik sensoriga PT1 Satino Sensoriga k\u00e4tepaberi hoidik on kaasaegne ja h\u00fcgieeniline lahendus avalikesse tualettruumidesse.\",\"breadcrumb\":{\"@id\":\"https:\\\/\\\/ranoja.ee\\\/toode\\\/katepaberi-hoidik-sensoriga-pt1-satino\\\/#breadcrumb\"},\"inLanguage\":\"en-US\",\"potentialAction\":[{\"@type\":\"ReadAction\",\"target\":[\"https:\\\/\\\/ranoja.ee\\\/toode\\\/katepaberi-hoidik-sensoriga-pt1-satino\\\/\"]}]},{\"@type\":\"ImageObject\",\"inLanguage\":\"en-US\",\"@id\":\"https:\\\/\\\/ranoja.ee\\\/toode\\\/katepaberi-hoidik-sensoriga-pt1-satino\\\/#primaryimage\",\"url\":\"https:\\\/\\\/ranoja.ee\\\/wp-content\\\/uploads\\\/2026\\\/03\\\/5638766556.jpg\",\"contentUrl\":\"https:\\\/\\\/ranoja.ee\\\/wp-content\\\/uploads\\\/2026\\\/03\\\/5638766556.jpg\",\"width\":858,\"height\":900},{\"@type\":\"BreadcrumbList\",\"@id\":\"https:\\\/\\\/ranoja.ee\\\/toode\\\/katepaberi-hoidik-sensoriga-pt1-satino\\\/#breadcrumb\",\"itemListElement\":[{\"@type\":\"ListItem\",\"position\":1,\"name\":\"Home\",\"item\":\"https:\\\/\\\/ranoja.ee\\\/\"},{\"@type\":\"ListItem\",\"position\":2,\"name\":\"Shop\",\"item\":\"https:\\\/\\\/ranoja.ee\\\/en\\\/shop\\\/\"},{\"@type\":\"ListItem\",\"position\":3,\"name\":\"K\u00e4tepaberi hoidik sensoriga PT1 Satino\"}]},{\"@type\":\"WebSite\",\"@id\":\"https:\\\/\\\/ranoja.ee\\\/#website\",\"url\":\"https:\\\/\\\/ranoja.ee\\\/\",\"name\":\"Ranoja\",\"description\":\"Equipment Shop WooCommerce WordPress Theme for Machine &amp; Tools\",\"publisher\":{\"@id\":\"https:\\\/\\\/ranoja.ee\\\/#organization\"},\"potentialAction\":[{\"@type\":\"SearchAction\",\"target\":{\"@type\":\"EntryPoint\",\"urlTemplate\":\"https:\\\/\\\/ranoja.ee\\\/?s={search_term_string}\"},\"query-input\":{\"@type\":\"PropertyValueSpecification\",\"valueRequired\":true,\"valueName\":\"search_term_string\"}}],\"inLanguage\":\"en-US\"},{\"@type\":\"Organization\",\"@id\":\"https:\\\/\\\/ranoja.ee\\\/#organization\",\"name\":\"Ranoja O\u00dc\",\"url\":\"https:\\\/\\\/ranoja.ee\\\/\",\"logo\":{\"@type\":\"ImageObject\",\"inLanguage\":\"en-US\",\"@id\":\"https:\\\/\\\/ranoja.ee\\\/#\\\/schema\\\/logo\\\/image\\\/\",\"url\":\"https:\\\/\\\/ranoja.ee\\\/wp-content\\\/uploads\\\/2023\\\/11\\\/ranoja-Logo.png\",\"contentUrl\":\"https:\\\/\\\/ranoja.ee\\\/wp-content\\\/uploads\\\/2023\\\/11\\\/ranoja-Logo.png\",\"width\":207,\"height\":58,\"caption\":\"Ranoja O\u00dc\"},\"image\":{\"@id\":\"https:\\\/\\\/ranoja.ee\\\/#\\\/schema\\\/logo\\\/image\\\/\"},\"sameAs\":[\"https:\\\/\\\/www.facebook.com\\\/ranoja.ee\",\"https:\\\/\\\/www.instagram.com\\\/ranoja__\\\/\"]}]}<\/script>\n<!-- \/ Yoast SEO plugin. -->","yoast_head_json":{"title":"K\u00e4tepaberi hoidik sensoriga PT1 Satino","description":"K\u00e4tepaberi hoidik sensoriga PT1 Satino Sensoriga k\u00e4tepaberi hoidik on kaasaegne ja h\u00fcgieeniline lahendus avalikesse tualettruumidesse.","robots":{"index":"index","follow":"follow","max-snippet":"max-snippet:-1","max-image-preview":"max-image-preview:large","max-video-preview":"max-video-preview:-1"},"canonical":"https:\/\/ranoja.ee\/toode\/katepaberi-hoidik-sensoriga-pt1-satino\/","og_locale":"en_US","og_type":"article","og_title":"K\u00e4tepaberi hoidik sensoriga PT1 Satino","og_description":"K\u00e4tepaberi hoidik sensoriga PT1 Satino Sensoriga k\u00e4tepaberi hoidik on kaasaegne ja h\u00fcgieeniline lahendus avalikesse tualettruumidesse.","og_url":"https:\/\/ranoja.ee\/toode\/katepaberi-hoidik-sensoriga-pt1-satino\/","og_site_name":"Ranoja","article_publisher":"https:\/\/www.facebook.com\/ranoja.ee","article_modified_time":"2026-03-17T12:33:36+00:00","og_image":[{"width":858,"height":900,"url":"https:\/\/ranoja.ee\/wp-content\/uploads\/2026\/03\/5638766556.jpg","type":"image\/jpeg"}],"twitter_card":"summary_large_image","twitter_misc":{"Est. reading time":"1 minute"},"schema":{"@context":"https:\/\/schema.org","@graph":[{"@type":"WebPage","@id":"https:\/\/ranoja.ee\/toode\/katepaberi-hoidik-sensoriga-pt1-satino\/","url":"https:\/\/ranoja.ee\/toode\/katepaberi-hoidik-sensoriga-pt1-satino\/","name":"K\u00e4tepaberi hoidik sensoriga PT1 Satino","isPartOf":{"@id":"https:\/\/ranoja.ee\/#website"},"primaryImageOfPage":{"@id":"https:\/\/ranoja.ee\/toode\/katepaberi-hoidik-sensoriga-pt1-satino\/#primaryimage"},"image":{"@id":"https:\/\/ranoja.ee\/toode\/katepaberi-hoidik-sensoriga-pt1-satino\/#primaryimage"},"thumbnailUrl":"https:\/\/ranoja.ee\/wp-content\/uploads\/2026\/03\/5638766556.jpg","datePublished":"2026-03-16T23:46:42+00:00","dateModified":"2026-03-17T12:33:36+00:00","description":"K\u00e4tepaberi hoidik sensoriga PT1 Satino Sensoriga k\u00e4tepaberi hoidik on kaasaegne ja h\u00fcgieeniline lahendus avalikesse tualettruumidesse.","breadcrumb":{"@id":"https:\/\/ranoja.ee\/toode\/katepaberi-hoidik-sensoriga-pt1-satino\/#breadcrumb"},"inLanguage":"en-US","potentialAction":[{"@type":"ReadAction","target":["https:\/\/ranoja.ee\/toode\/katepaberi-hoidik-sensoriga-pt1-satino\/"]}]},{"@type":"ImageObject","inLanguage":"en-US","@id":"https:\/\/ranoja.ee\/toode\/katepaberi-hoidik-sensoriga-pt1-satino\/#primaryimage","url":"https:\/\/ranoja.ee\/wp-content\/uploads\/2026\/03\/5638766556.jpg","contentUrl":"https:\/\/ranoja.ee\/wp-content\/uploads\/2026\/03\/5638766556.jpg","width":858,"height":900},{"@type":"BreadcrumbList","@id":"https:\/\/ranoja.ee\/toode\/katepaberi-hoidik-sensoriga-pt1-satino\/#breadcrumb","itemListElement":[{"@type":"ListItem","position":1,"name":"Home","item":"https:\/\/ranoja.ee\/"},{"@type":"ListItem","position":2,"name":"Shop","item":"https:\/\/ranoja.ee\/en\/shop\/"},{"@type":"ListItem","position":3,"name":"K\u00e4tepaberi hoidik sensoriga PT1 Satino"}]},{"@type":"WebSite","@id":"https:\/\/ranoja.ee\/#website","url":"https:\/\/ranoja.ee\/","name":"Ranoja","description":"Equipment Shop WooCommerce WordPress Theme for Machine &amp; Tools","publisher":{"@id":"https:\/\/ranoja.ee\/#organization"},"potentialAction":[{"@type":"SearchAction","target":{"@type":"EntryPoint","urlTemplate":"https:\/\/ranoja.ee\/?s={search_term_string}"},"query-input":{"@type":"PropertyValueSpecification","valueRequired":true,"valueName":"search_term_string"}}],"inLanguage":"en-US"},{"@type":"Organization","@id":"https:\/\/ranoja.ee\/#organization","name":"Ranoja O\u00dc","url":"https:\/\/ranoja.ee\/","logo":{"@type":"ImageObject","inLanguage":"en-US","@id":"https:\/\/ranoja.ee\/#\/schema\/logo\/image\/","url":"https:\/\/ranoja.ee\/wp-content\/uploads\/2023\/11\/ranoja-Logo.png","contentUrl":"https:\/\/ranoja.ee\/wp-content\/uploads\/2023\/11\/ranoja-Logo.png","width":207,"height":58,"caption":"Ranoja O\u00dc"},"image":{"@id":"https:\/\/ranoja.ee\/#\/schema\/logo\/image\/"},"sameAs":["https:\/\/www.facebook.com\/ranoja.ee","https:\/\/www.instagram.com\/ranoja__\/"]}]}},"_links":{"self":[{"href":"https:\/\/ranoja.ee\/en\/wp-json\/wp\/v2\/product\/63099","targetHints":{"allow":["GET"]}}],"collection":[{"href":"https:\/\/ranoja.ee\/en\/wp-json\/wp\/v2\/product"}],"about":[{"href":"https:\/\/ranoja.ee\/en\/wp-json\/wp\/v2\/types\/product"}],"wp:featuredmedia":[{"embeddable":true,"href":"https:\/\/ranoja.ee\/en\/wp-json\/wp\/v2\/media\/63100"}],"wp:attachment":[{"href":"https:\/\/ranoja.ee\/en\/wp-json\/wp\/v2\/media?parent=63099"}],"wp:term":[{"taxonomy":"product_cat","embeddable":true,"href":"https:\/\/ranoja.ee\/en\/wp-json\/wp\/v2\/product_cat?post=63099"},{"taxonomy":"product_tag","embeddable":true,"href":"https:\/\/ranoja.ee\/en\/wp-json\/wp\/v2\/product_tag?post=63099"}],"curies":[{"name":"wp","href":"https:\/\/api.w.org\/{rel}","templated":true}]}}