{"id":63093,"date":"2026-03-17T02:46:04","date_gmt":"2026-03-16T23:46:04","guid":{"rendered":"https:\/\/ranoja.ee\/toode\/laseri-vastuvotja-rl-230-rg-2-x-aa-stabila\/"},"modified":"2026-03-17T15:33:36","modified_gmt":"2026-03-17T12:33:36","slug":"laseri-vastuvotja-rl-230-rg-2-x-aa-stabila","status":"publish","type":"product","link":"https:\/\/ranoja.ee\/en\/toode\/laseri-vastuvotja-rl-230-rg-2-x-aa-stabila\/","title":{"rendered":"Laseri vastuv\u00f5tja RL 230 RG 2 x AA, Stabila"},"content":{"rendered":"","protected":false},"excerpt":{"rendered":"<p>T\u00e4pne t\u00f6\u00f6 suurte vahemaade puhul: RL 230 RG vastuv\u00f5tja on ideaalne lisaseade rohelistele ja punastele joonlaserlitele. See m\u00e4\u00e4rab t\u00e4pselt impulssmodulatsiooniga laserjoone asukoha v\u00f5rdlustaseme suhtes isegi suurte vahemaade korral ja siis, kui joon ei ole enam n\u00e4htav. Esi- ja tagak\u00fcljel olevate ekraanide, valgustatud digitaalse ekraani, helilise juhendamise ning kahe tundlikkustasemega sobib see erinevate m\u00f5\u00f5tmist\u00f6\u00f6de jaoks. Vastuv\u00f5tja on veekindel ja tolmukindel vastavalt kaitseklassile IP66, seda saab kinnitada mitmel viisil ning see on m\u00f5eldud professionaalseks kasutamiseks ehitusplatsil.<\/p>\n<p>\u2022 K\u00f5rge j\u00f5udlusega vastuv\u00f5tja impulssmodulatsiooniga laserjoontele (roheline\/punane), mis suurendab t\u00f6\u00f6piirkonda.<br \/>\n\u2022 Valgustatud digitaalsed ekraanid esi- ja tagak\u00fcljel.<br \/>\n\u2022 Heliline ja visuaalne juhendamine.<br \/>\n\u2022 Integreeritud magnets\u00fcsteem korpuse \u00fclemisel serval.<br \/>\n\u2022 Veekindel ja tolmukindel (IP66).<\/p>\n<p>Laserivastuv\u00f5tja impulssmodulatsiooniga joonlaserite (roheline v\u00f5i punane laserdiode) kiire t\u00e4pseks m\u00e4\u00e4ramiseks \u2013 ka suurte vahemaade korral v\u00f5i eredas p\u00e4ikesevalguses.<\/p>\n<p>\u2022 Digitaalsed ekraanid esi- ja tagak\u00fcljel kiireks t\u00f6\u00f6ks \u2013 valgustus aktiveeritav nupuvajutusega.<br \/>\n\u2022 Visuaalne n\u00e4idik: ekraanil olevad nooles\u00fcmbolid n\u00e4itavad vastuv\u00f5tja asendit laseri v\u00f5rdlustaseme suhtes.<br \/>\n\u2022 Heliline juhendamine on aktiveeritav, helisignaalid reguleeritava helitugevusega (vali: 105 dB, vaikne: 85 dB).<br \/>\n\u2022 Kaks tundlikkustaset vastavalt t\u00f6\u00f6\u00fclesandele \u2013 \u201epeen\u201c tundlikkusega \u00b11 mm v\u00f5i \u201eligikaudne\u201c tundlikkusega \u00b13 mm suuremate m\u00f5\u00f5tekauguste jaoks.<br \/>\n\u2022 Veekindel ja tolmukindel vastavalt kaitseklassile IP66.<br \/>\n\u2022 Mitmed kinnitamisv\u00f5imalused \u2013 hoidik nivelleerimislatile kinnitamiseks ning integreeritud magnets\u00fcsteem.<br \/>\n\u2022 Aku laetuse n\u00e4idik.<br \/>\n\u2022 Vastuv\u00f5tuala k\u00f5rgus: 90 mm.<br \/>\n\u2022 Aku t\u00f6\u00f6aeg: kuni 45 tundi.<\/p>\n","protected":false},"featured_media":63094,"template":"","meta":{"inline_featured_image":false},"product_cat":[5499,5129,5099],"product_tag":[],"class_list":{"0":"post-63093","1":"product","2":"type-product","3":"status-publish","4":"has-post-thumbnail","6":"product_brand-stabila","7":"product_cat-laserloodid","8":"product_cat-loodid","9":"product_cat-marke-ja-mooteriistad","11":"first","12":"outofstock","13":"purchasable","14":"product-type-simple"},"yoast_head":"<!-- This site is optimized with the Yoast SEO plugin v27.4 - https:\/\/yoast.com\/product\/yoast-seo-wordpress\/ -->\n<title>Laseri vastuv\u00f5tja RL 230 RG 2 x AA, Stabila - Ranoja<\/title>\n<meta name=\"robots\" content=\"index, follow, max-snippet:-1, max-image-preview:large, max-video-preview:-1\" \/>\n<link rel=\"canonical\" href=\"https:\/\/ranoja.ee\/toode\/laseri-vastuvotja-rl-230-rg-2-x-aa-stabila\/\" \/>\n<meta property=\"og:locale\" content=\"en_US\" \/>\n<meta property=\"og:type\" content=\"article\" \/>\n<meta property=\"og:title\" content=\"Laseri vastuv\u00f5tja RL 230 RG 2 x AA, Stabila - Ranoja\" \/>\n<meta property=\"og:description\" content=\"T\u00e4pne t\u00f6\u00f6 suurte vahemaade puhul: RL 230 RG vastuv\u00f5tja on ideaalne lisaseade rohelistele ja punastele joonlaserlitele. See m\u00e4\u00e4rab t\u00e4pselt impulssmodulatsiooniga laserjoone asukoha v\u00f5rdlustaseme suhtes isegi suurte vahemaade korral ja siis, kui joon ei ole enam n\u00e4htav. Esi- ja tagak\u00fcljel olevate ekraanide, valgustatud digitaalse ekraani, helilise juhendamise ning kahe tundlikkustasemega sobib see erinevate m\u00f5\u00f5tmist\u00f6\u00f6de jaoks. Vastuv\u00f5tja on veekindel ja tolmukindel vastavalt kaitseklassile IP66, seda saab kinnitada mitmel viisil ning see on m\u00f5eldud professionaalseks kasutamiseks ehitusplatsil. \u2022 K\u00f5rge j\u00f5udlusega vastuv\u00f5tja impulssmodulatsiooniga laserjoontele (roheline\/punane), mis suurendab t\u00f6\u00f6piirkonda. \u2022 Valgustatud digitaalsed ekraanid esi- ja tagak\u00fcljel. \u2022 Heliline ja visuaalne juhendamine. \u2022 Integreeritud magnets\u00fcsteem korpuse \u00fclemisel serval. \u2022 Veekindel ja tolmukindel (IP66). Laserivastuv\u00f5tja impulssmodulatsiooniga joonlaserite (roheline v\u00f5i punane laserdiode) kiire t\u00e4pseks m\u00e4\u00e4ramiseks \u2013 ka suurte vahemaade korral v\u00f5i eredas p\u00e4ikesevalguses. \u2022 Digitaalsed ekraanid esi- ja tagak\u00fcljel kiireks t\u00f6\u00f6ks \u2013 valgustus aktiveeritav nupuvajutusega. \u2022 Visuaalne n\u00e4idik: ekraanil olevad nooles\u00fcmbolid n\u00e4itavad vastuv\u00f5tja asendit laseri v\u00f5rdlustaseme suhtes. \u2022 Heliline juhendamine on aktiveeritav, helisignaalid reguleeritava helitugevusega (vali: 105 dB, vaikne: 85 dB). \u2022 Kaks tundlikkustaset vastavalt t\u00f6\u00f6\u00fclesandele \u2013 \u201epeen\u201c tundlikkusega \u00b11 mm v\u00f5i \u201eligikaudne\u201c tundlikkusega \u00b13 mm suuremate m\u00f5\u00f5tekauguste jaoks. \u2022 Veekindel ja tolmukindel vastavalt kaitseklassile IP66. \u2022 Mitmed kinnitamisv\u00f5imalused \u2013 hoidik nivelleerimislatile kinnitamiseks ning integreeritud magnets\u00fcsteem. \u2022 Aku laetuse n\u00e4idik. \u2022 Vastuv\u00f5tuala k\u00f5rgus: 90 mm. \u2022 Aku t\u00f6\u00f6aeg: kuni 45 tundi.\" \/>\n<meta property=\"og:url\" content=\"https:\/\/ranoja.ee\/toode\/laseri-vastuvotja-rl-230-rg-2-x-aa-stabila\/\" \/>\n<meta property=\"og:site_name\" content=\"Ranoja\" \/>\n<meta property=\"article:publisher\" content=\"https:\/\/www.facebook.com\/ranoja.ee\" \/>\n<meta property=\"article:modified_time\" content=\"2026-03-17T12:33:36+00:00\" \/>\n<meta property=\"og:image\" content=\"https:\/\/ranoja.ee\/wp-content\/uploads\/2026\/03\/5638748997.jpg\" \/>\n\t<meta property=\"og:image:width\" content=\"900\" \/>\n\t<meta property=\"og:image:height\" content=\"839\" \/>\n\t<meta property=\"og:image:type\" content=\"image\/jpeg\" \/>\n<meta name=\"twitter:card\" content=\"summary_large_image\" \/>\n<script type=\"application\/ld+json\" class=\"yoast-schema-graph\">{\"@context\":\"https:\\\/\\\/schema.org\",\"@graph\":[{\"@type\":\"WebPage\",\"@id\":\"https:\\\/\\\/ranoja.ee\\\/toode\\\/laseri-vastuvotja-rl-230-rg-2-x-aa-stabila\\\/\",\"url\":\"https:\\\/\\\/ranoja.ee\\\/toode\\\/laseri-vastuvotja-rl-230-rg-2-x-aa-stabila\\\/\",\"name\":\"Laseri vastuv\u00f5tja RL 230 RG 2 x AA, Stabila - Ranoja\",\"isPartOf\":{\"@id\":\"https:\\\/\\\/ranoja.ee\\\/#website\"},\"primaryImageOfPage\":{\"@id\":\"https:\\\/\\\/ranoja.ee\\\/toode\\\/laseri-vastuvotja-rl-230-rg-2-x-aa-stabila\\\/#primaryimage\"},\"image\":{\"@id\":\"https:\\\/\\\/ranoja.ee\\\/toode\\\/laseri-vastuvotja-rl-230-rg-2-x-aa-stabila\\\/#primaryimage\"},\"thumbnailUrl\":\"https:\\\/\\\/ranoja.ee\\\/wp-content\\\/uploads\\\/2026\\\/03\\\/5638748997.jpg\",\"datePublished\":\"2026-03-16T23:46:04+00:00\",\"dateModified\":\"2026-03-17T12:33:36+00:00\",\"breadcrumb\":{\"@id\":\"https:\\\/\\\/ranoja.ee\\\/toode\\\/laseri-vastuvotja-rl-230-rg-2-x-aa-stabila\\\/#breadcrumb\"},\"inLanguage\":\"en-US\",\"potentialAction\":[{\"@type\":\"ReadAction\",\"target\":[\"https:\\\/\\\/ranoja.ee\\\/toode\\\/laseri-vastuvotja-rl-230-rg-2-x-aa-stabila\\\/\"]}]},{\"@type\":\"ImageObject\",\"inLanguage\":\"en-US\",\"@id\":\"https:\\\/\\\/ranoja.ee\\\/toode\\\/laseri-vastuvotja-rl-230-rg-2-x-aa-stabila\\\/#primaryimage\",\"url\":\"https:\\\/\\\/ranoja.ee\\\/wp-content\\\/uploads\\\/2026\\\/03\\\/5638748997.jpg\",\"contentUrl\":\"https:\\\/\\\/ranoja.ee\\\/wp-content\\\/uploads\\\/2026\\\/03\\\/5638748997.jpg\",\"width\":900,\"height\":839},{\"@type\":\"BreadcrumbList\",\"@id\":\"https:\\\/\\\/ranoja.ee\\\/toode\\\/laseri-vastuvotja-rl-230-rg-2-x-aa-stabila\\\/#breadcrumb\",\"itemListElement\":[{\"@type\":\"ListItem\",\"position\":1,\"name\":\"Home\",\"item\":\"https:\\\/\\\/ranoja.ee\\\/\"},{\"@type\":\"ListItem\",\"position\":2,\"name\":\"Shop\",\"item\":\"https:\\\/\\\/ranoja.ee\\\/en\\\/shop\\\/\"},{\"@type\":\"ListItem\",\"position\":3,\"name\":\"Laseri vastuv\u00f5tja RL 230 RG 2 x AA, Stabila\"}]},{\"@type\":\"WebSite\",\"@id\":\"https:\\\/\\\/ranoja.ee\\\/#website\",\"url\":\"https:\\\/\\\/ranoja.ee\\\/\",\"name\":\"Ranoja\",\"description\":\"Equipment Shop WooCommerce WordPress Theme for Machine &amp; Tools\",\"publisher\":{\"@id\":\"https:\\\/\\\/ranoja.ee\\\/#organization\"},\"potentialAction\":[{\"@type\":\"SearchAction\",\"target\":{\"@type\":\"EntryPoint\",\"urlTemplate\":\"https:\\\/\\\/ranoja.ee\\\/?s={search_term_string}\"},\"query-input\":{\"@type\":\"PropertyValueSpecification\",\"valueRequired\":true,\"valueName\":\"search_term_string\"}}],\"inLanguage\":\"en-US\"},{\"@type\":\"Organization\",\"@id\":\"https:\\\/\\\/ranoja.ee\\\/#organization\",\"name\":\"Ranoja O\u00dc\",\"url\":\"https:\\\/\\\/ranoja.ee\\\/\",\"logo\":{\"@type\":\"ImageObject\",\"inLanguage\":\"en-US\",\"@id\":\"https:\\\/\\\/ranoja.ee\\\/#\\\/schema\\\/logo\\\/image\\\/\",\"url\":\"https:\\\/\\\/ranoja.ee\\\/wp-content\\\/uploads\\\/2023\\\/11\\\/ranoja-Logo.png\",\"contentUrl\":\"https:\\\/\\\/ranoja.ee\\\/wp-content\\\/uploads\\\/2023\\\/11\\\/ranoja-Logo.png\",\"width\":207,\"height\":58,\"caption\":\"Ranoja O\u00dc\"},\"image\":{\"@id\":\"https:\\\/\\\/ranoja.ee\\\/#\\\/schema\\\/logo\\\/image\\\/\"},\"sameAs\":[\"https:\\\/\\\/www.facebook.com\\\/ranoja.ee\",\"https:\\\/\\\/www.instagram.com\\\/ranoja__\\\/\"]}]}<\/script>\n<!-- \/ Yoast SEO plugin. -->","yoast_head_json":{"title":"Laseri vastuv\u00f5tja RL 230 RG 2 x AA, Stabila - Ranoja","robots":{"index":"index","follow":"follow","max-snippet":"max-snippet:-1","max-image-preview":"max-image-preview:large","max-video-preview":"max-video-preview:-1"},"canonical":"https:\/\/ranoja.ee\/toode\/laseri-vastuvotja-rl-230-rg-2-x-aa-stabila\/","og_locale":"en_US","og_type":"article","og_title":"Laseri vastuv\u00f5tja RL 230 RG 2 x AA, Stabila - Ranoja","og_description":"T\u00e4pne t\u00f6\u00f6 suurte vahemaade puhul: RL 230 RG vastuv\u00f5tja on ideaalne lisaseade rohelistele ja punastele joonlaserlitele. See m\u00e4\u00e4rab t\u00e4pselt impulssmodulatsiooniga laserjoone asukoha v\u00f5rdlustaseme suhtes isegi suurte vahemaade korral ja siis, kui joon ei ole enam n\u00e4htav. Esi- ja tagak\u00fcljel olevate ekraanide, valgustatud digitaalse ekraani, helilise juhendamise ning kahe tundlikkustasemega sobib see erinevate m\u00f5\u00f5tmist\u00f6\u00f6de jaoks. Vastuv\u00f5tja on veekindel ja tolmukindel vastavalt kaitseklassile IP66, seda saab kinnitada mitmel viisil ning see on m\u00f5eldud professionaalseks kasutamiseks ehitusplatsil. \u2022 K\u00f5rge j\u00f5udlusega vastuv\u00f5tja impulssmodulatsiooniga laserjoontele (roheline\/punane), mis suurendab t\u00f6\u00f6piirkonda. \u2022 Valgustatud digitaalsed ekraanid esi- ja tagak\u00fcljel. \u2022 Heliline ja visuaalne juhendamine. \u2022 Integreeritud magnets\u00fcsteem korpuse \u00fclemisel serval. \u2022 Veekindel ja tolmukindel (IP66). Laserivastuv\u00f5tja impulssmodulatsiooniga joonlaserite (roheline v\u00f5i punane laserdiode) kiire t\u00e4pseks m\u00e4\u00e4ramiseks \u2013 ka suurte vahemaade korral v\u00f5i eredas p\u00e4ikesevalguses. \u2022 Digitaalsed ekraanid esi- ja tagak\u00fcljel kiireks t\u00f6\u00f6ks \u2013 valgustus aktiveeritav nupuvajutusega. \u2022 Visuaalne n\u00e4idik: ekraanil olevad nooles\u00fcmbolid n\u00e4itavad vastuv\u00f5tja asendit laseri v\u00f5rdlustaseme suhtes. \u2022 Heliline juhendamine on aktiveeritav, helisignaalid reguleeritava helitugevusega (vali: 105 dB, vaikne: 85 dB). \u2022 Kaks tundlikkustaset vastavalt t\u00f6\u00f6\u00fclesandele \u2013 \u201epeen\u201c tundlikkusega \u00b11 mm v\u00f5i \u201eligikaudne\u201c tundlikkusega \u00b13 mm suuremate m\u00f5\u00f5tekauguste jaoks. \u2022 Veekindel ja tolmukindel vastavalt kaitseklassile IP66. \u2022 Mitmed kinnitamisv\u00f5imalused \u2013 hoidik nivelleerimislatile kinnitamiseks ning integreeritud magnets\u00fcsteem. \u2022 Aku laetuse n\u00e4idik. \u2022 Vastuv\u00f5tuala k\u00f5rgus: 90 mm. \u2022 Aku t\u00f6\u00f6aeg: kuni 45 tundi.","og_url":"https:\/\/ranoja.ee\/toode\/laseri-vastuvotja-rl-230-rg-2-x-aa-stabila\/","og_site_name":"Ranoja","article_publisher":"https:\/\/www.facebook.com\/ranoja.ee","article_modified_time":"2026-03-17T12:33:36+00:00","og_image":[{"width":900,"height":839,"url":"https:\/\/ranoja.ee\/wp-content\/uploads\/2026\/03\/5638748997.jpg","type":"image\/jpeg"}],"twitter_card":"summary_large_image","schema":{"@context":"https:\/\/schema.org","@graph":[{"@type":"WebPage","@id":"https:\/\/ranoja.ee\/toode\/laseri-vastuvotja-rl-230-rg-2-x-aa-stabila\/","url":"https:\/\/ranoja.ee\/toode\/laseri-vastuvotja-rl-230-rg-2-x-aa-stabila\/","name":"Laseri vastuv\u00f5tja RL 230 RG 2 x AA, Stabila - Ranoja","isPartOf":{"@id":"https:\/\/ranoja.ee\/#website"},"primaryImageOfPage":{"@id":"https:\/\/ranoja.ee\/toode\/laseri-vastuvotja-rl-230-rg-2-x-aa-stabila\/#primaryimage"},"image":{"@id":"https:\/\/ranoja.ee\/toode\/laseri-vastuvotja-rl-230-rg-2-x-aa-stabila\/#primaryimage"},"thumbnailUrl":"https:\/\/ranoja.ee\/wp-content\/uploads\/2026\/03\/5638748997.jpg","datePublished":"2026-03-16T23:46:04+00:00","dateModified":"2026-03-17T12:33:36+00:00","breadcrumb":{"@id":"https:\/\/ranoja.ee\/toode\/laseri-vastuvotja-rl-230-rg-2-x-aa-stabila\/#breadcrumb"},"inLanguage":"en-US","potentialAction":[{"@type":"ReadAction","target":["https:\/\/ranoja.ee\/toode\/laseri-vastuvotja-rl-230-rg-2-x-aa-stabila\/"]}]},{"@type":"ImageObject","inLanguage":"en-US","@id":"https:\/\/ranoja.ee\/toode\/laseri-vastuvotja-rl-230-rg-2-x-aa-stabila\/#primaryimage","url":"https:\/\/ranoja.ee\/wp-content\/uploads\/2026\/03\/5638748997.jpg","contentUrl":"https:\/\/ranoja.ee\/wp-content\/uploads\/2026\/03\/5638748997.jpg","width":900,"height":839},{"@type":"BreadcrumbList","@id":"https:\/\/ranoja.ee\/toode\/laseri-vastuvotja-rl-230-rg-2-x-aa-stabila\/#breadcrumb","itemListElement":[{"@type":"ListItem","position":1,"name":"Home","item":"https:\/\/ranoja.ee\/"},{"@type":"ListItem","position":2,"name":"Shop","item":"https:\/\/ranoja.ee\/en\/shop\/"},{"@type":"ListItem","position":3,"name":"Laseri vastuv\u00f5tja RL 230 RG 2 x AA, Stabila"}]},{"@type":"WebSite","@id":"https:\/\/ranoja.ee\/#website","url":"https:\/\/ranoja.ee\/","name":"Ranoja","description":"Equipment Shop WooCommerce WordPress Theme for Machine &amp; Tools","publisher":{"@id":"https:\/\/ranoja.ee\/#organization"},"potentialAction":[{"@type":"SearchAction","target":{"@type":"EntryPoint","urlTemplate":"https:\/\/ranoja.ee\/?s={search_term_string}"},"query-input":{"@type":"PropertyValueSpecification","valueRequired":true,"valueName":"search_term_string"}}],"inLanguage":"en-US"},{"@type":"Organization","@id":"https:\/\/ranoja.ee\/#organization","name":"Ranoja O\u00dc","url":"https:\/\/ranoja.ee\/","logo":{"@type":"ImageObject","inLanguage":"en-US","@id":"https:\/\/ranoja.ee\/#\/schema\/logo\/image\/","url":"https:\/\/ranoja.ee\/wp-content\/uploads\/2023\/11\/ranoja-Logo.png","contentUrl":"https:\/\/ranoja.ee\/wp-content\/uploads\/2023\/11\/ranoja-Logo.png","width":207,"height":58,"caption":"Ranoja O\u00dc"},"image":{"@id":"https:\/\/ranoja.ee\/#\/schema\/logo\/image\/"},"sameAs":["https:\/\/www.facebook.com\/ranoja.ee","https:\/\/www.instagram.com\/ranoja__\/"]}]}},"_links":{"self":[{"href":"https:\/\/ranoja.ee\/en\/wp-json\/wp\/v2\/product\/63093","targetHints":{"allow":["GET"]}}],"collection":[{"href":"https:\/\/ranoja.ee\/en\/wp-json\/wp\/v2\/product"}],"about":[{"href":"https:\/\/ranoja.ee\/en\/wp-json\/wp\/v2\/types\/product"}],"wp:featuredmedia":[{"embeddable":true,"href":"https:\/\/ranoja.ee\/en\/wp-json\/wp\/v2\/media\/63094"}],"wp:attachment":[{"href":"https:\/\/ranoja.ee\/en\/wp-json\/wp\/v2\/media?parent=63093"}],"wp:term":[{"taxonomy":"product_cat","embeddable":true,"href":"https:\/\/ranoja.ee\/en\/wp-json\/wp\/v2\/product_cat?post=63093"},{"taxonomy":"product_tag","embeddable":true,"href":"https:\/\/ranoja.ee\/en\/wp-json\/wp\/v2\/product_tag?post=63093"}],"curies":[{"name":"wp","href":"https:\/\/api.w.org\/{rel}","templated":true}]}}