{"id":63079,"date":"2026-03-17T02:46:04","date_gmt":"2026-03-16T23:46:04","guid":{"rendered":"https:\/\/ranoja.ee\/toode\/hudraulikaoli-hvlp-22-208l-valvoline\/"},"modified":"2026-03-17T15:33:37","modified_gmt":"2026-03-17T12:33:37","slug":"hudraulikaoli-hvlp-22-208l-valvoline","status":"publish","type":"product","link":"https:\/\/ranoja.ee\/en\/toode\/hudraulikaoli-hvlp-22-208l-valvoline\/","title":{"rendered":"H\u00fcdraulika\u00f5li HVLP 22 208L, Valvoline"},"content":{"rendered":"","protected":false},"excerpt":{"rendered":"<p>Valvoline HVLP 22 on tavap\u00e4rane h\u00fcdraulika\u00f5li, mis on valmistatud kvaliteetsetest mineraalbaas\u00f5lidest ja kulumisvastastest lisanditest, et pakkuda kindlat h\u00fcdraulilist j\u00f5udlust laias valikus rakendustes.<br \/>\nValvoline&#8217;i kulumisvastased h\u00fcdraulika\u00f5lid vastavad standardile DIN 51524 3. osa. See k\u00f5rge viskoossusindeksiga (VI) h\u00fcdraulika\u00f5lide sari pakub head kulumiskaitset ja vastupidavust rasketele t\u00f6\u00f6tingimustele isegi \u00e4\u00e4rmuslikes kliimatingimustes.<br \/>\nKasutusalad<br \/>\nKasutusalad h\u00f5lmavad maastikus\u00f5idukeid, mis puutuvad kokku k\u00f5rgete ja madalate temperatuuridega, n\u00e4iteks t\u00f6\u00f6stus- ja pinnaset\u00f6\u00f6tlusseadmete h\u00fcdraulikas\u00fcsteemid.<br \/>\nH\u00fcdraulilised kraanad ja t\u00f5stukid, laadurid, l\u00fckandmastiga t\u00f5stukid, kahvelt\u00f5stukid, ekskavaatorid, kallurid, laadimisrambid ja tagaluugid.<br \/>\nH\u00fcdraulikas\u00fcsteemid, mis t\u00f6\u00f6tavad v\u00e4ga k\u00fclmades v\u00f5i v\u00e4ga soojades tingimustes:<br \/>\nKahvelt\u00f5stukid k\u00fclmutusladudes<br \/>\nLiftid k\u00f5rgetes hoonetes<br \/>\nLaeva h\u00fcdrauliline roolikabiin<br \/>\nT\u00e4idab n\u00f5udeid:<br \/>\nISO 11158 HV<br \/>\nDIN 51524 3. osa HVLP<\/p>\n","protected":false},"featured_media":63080,"template":"","meta":{"inline_featured_image":false},"product_cat":[5094,5012,5093],"product_tag":[],"class_list":{"0":"post-63079","1":"product","2":"type-product","3":"status-publish","4":"has-post-thumbnail","6":"product_brand-valvoline","7":"product_cat-hudraulikaolid","8":"product_cat-olid-ja-maardeained","9":"product_cat-toostusolid","11":"first","12":"outofstock","13":"purchasable","14":"product-type-simple"},"yoast_head":"<!-- This site is optimized with the Yoast SEO plugin v27.4 - https:\/\/yoast.com\/product\/yoast-seo-wordpress\/ -->\n<title>H\u00fcdraulika\u00f5li HVLP 22 208L, Valvoline - Ranoja<\/title>\n<meta name=\"robots\" content=\"index, follow, max-snippet:-1, max-image-preview:large, max-video-preview:-1\" \/>\n<link rel=\"canonical\" href=\"https:\/\/ranoja.ee\/toode\/hudraulikaoli-hvlp-22-208l-valvoline\/\" \/>\n<meta property=\"og:locale\" content=\"en_US\" \/>\n<meta property=\"og:type\" content=\"article\" \/>\n<meta property=\"og:title\" content=\"H\u00fcdraulika\u00f5li HVLP 22 208L, Valvoline - Ranoja\" \/>\n<meta property=\"og:description\" content=\"Valvoline HVLP 22 on tavap\u00e4rane h\u00fcdraulika\u00f5li, mis on valmistatud kvaliteetsetest mineraalbaas\u00f5lidest ja kulumisvastastest lisanditest, et pakkuda kindlat h\u00fcdraulilist j\u00f5udlust laias valikus rakendustes. Valvoline&#039;i kulumisvastased h\u00fcdraulika\u00f5lid vastavad standardile DIN 51524 3. osa. See k\u00f5rge viskoossusindeksiga (VI) h\u00fcdraulika\u00f5lide sari pakub head kulumiskaitset ja vastupidavust rasketele t\u00f6\u00f6tingimustele isegi \u00e4\u00e4rmuslikes kliimatingimustes. Kasutusalad Kasutusalad h\u00f5lmavad maastikus\u00f5idukeid, mis puutuvad kokku k\u00f5rgete ja madalate temperatuuridega, n\u00e4iteks t\u00f6\u00f6stus- ja pinnaset\u00f6\u00f6tlusseadmete h\u00fcdraulikas\u00fcsteemid. H\u00fcdraulilised kraanad ja t\u00f5stukid, laadurid, l\u00fckandmastiga t\u00f5stukid, kahvelt\u00f5stukid, ekskavaatorid, kallurid, laadimisrambid ja tagaluugid. H\u00fcdraulikas\u00fcsteemid, mis t\u00f6\u00f6tavad v\u00e4ga k\u00fclmades v\u00f5i v\u00e4ga soojades tingimustes: Kahvelt\u00f5stukid k\u00fclmutusladudes Liftid k\u00f5rgetes hoonetes Laeva h\u00fcdrauliline roolikabiin T\u00e4idab n\u00f5udeid: ISO 11158 HV DIN 51524 3. osa HVLP\" \/>\n<meta property=\"og:url\" content=\"https:\/\/ranoja.ee\/toode\/hudraulikaoli-hvlp-22-208l-valvoline\/\" \/>\n<meta property=\"og:site_name\" content=\"Ranoja\" \/>\n<meta property=\"article:publisher\" content=\"https:\/\/www.facebook.com\/ranoja.ee\" \/>\n<meta property=\"article:modified_time\" content=\"2026-03-17T12:33:37+00:00\" \/>\n<meta property=\"og:image\" content=\"https:\/\/ranoja.ee\/wp-content\/uploads\/2026\/03\/5638704307.png\" \/>\n\t<meta property=\"og:image:width\" content=\"585\" \/>\n\t<meta property=\"og:image:height\" content=\"585\" \/>\n\t<meta property=\"og:image:type\" content=\"image\/png\" \/>\n<meta name=\"twitter:card\" content=\"summary_large_image\" \/>\n<script type=\"application\/ld+json\" class=\"yoast-schema-graph\">{\"@context\":\"https:\\\/\\\/schema.org\",\"@graph\":[{\"@type\":\"WebPage\",\"@id\":\"https:\\\/\\\/ranoja.ee\\\/toode\\\/hudraulikaoli-hvlp-22-208l-valvoline\\\/\",\"url\":\"https:\\\/\\\/ranoja.ee\\\/toode\\\/hudraulikaoli-hvlp-22-208l-valvoline\\\/\",\"name\":\"H\u00fcdraulika\u00f5li HVLP 22 208L, Valvoline - Ranoja\",\"isPartOf\":{\"@id\":\"https:\\\/\\\/ranoja.ee\\\/#website\"},\"primaryImageOfPage\":{\"@id\":\"https:\\\/\\\/ranoja.ee\\\/toode\\\/hudraulikaoli-hvlp-22-208l-valvoline\\\/#primaryimage\"},\"image\":{\"@id\":\"https:\\\/\\\/ranoja.ee\\\/toode\\\/hudraulikaoli-hvlp-22-208l-valvoline\\\/#primaryimage\"},\"thumbnailUrl\":\"https:\\\/\\\/ranoja.ee\\\/wp-content\\\/uploads\\\/2026\\\/03\\\/5638704307.png\",\"datePublished\":\"2026-03-16T23:46:04+00:00\",\"dateModified\":\"2026-03-17T12:33:37+00:00\",\"breadcrumb\":{\"@id\":\"https:\\\/\\\/ranoja.ee\\\/toode\\\/hudraulikaoli-hvlp-22-208l-valvoline\\\/#breadcrumb\"},\"inLanguage\":\"en-US\",\"potentialAction\":[{\"@type\":\"ReadAction\",\"target\":[\"https:\\\/\\\/ranoja.ee\\\/toode\\\/hudraulikaoli-hvlp-22-208l-valvoline\\\/\"]}]},{\"@type\":\"ImageObject\",\"inLanguage\":\"en-US\",\"@id\":\"https:\\\/\\\/ranoja.ee\\\/toode\\\/hudraulikaoli-hvlp-22-208l-valvoline\\\/#primaryimage\",\"url\":\"https:\\\/\\\/ranoja.ee\\\/wp-content\\\/uploads\\\/2026\\\/03\\\/5638704307.png\",\"contentUrl\":\"https:\\\/\\\/ranoja.ee\\\/wp-content\\\/uploads\\\/2026\\\/03\\\/5638704307.png\",\"width\":585,\"height\":585},{\"@type\":\"BreadcrumbList\",\"@id\":\"https:\\\/\\\/ranoja.ee\\\/toode\\\/hudraulikaoli-hvlp-22-208l-valvoline\\\/#breadcrumb\",\"itemListElement\":[{\"@type\":\"ListItem\",\"position\":1,\"name\":\"Home\",\"item\":\"https:\\\/\\\/ranoja.ee\\\/\"},{\"@type\":\"ListItem\",\"position\":2,\"name\":\"Shop\",\"item\":\"https:\\\/\\\/ranoja.ee\\\/en\\\/shop\\\/\"},{\"@type\":\"ListItem\",\"position\":3,\"name\":\"H\u00fcdraulika\u00f5li HVLP 22 208L, Valvoline\"}]},{\"@type\":\"WebSite\",\"@id\":\"https:\\\/\\\/ranoja.ee\\\/#website\",\"url\":\"https:\\\/\\\/ranoja.ee\\\/\",\"name\":\"Ranoja\",\"description\":\"Equipment Shop WooCommerce WordPress Theme for Machine &amp; Tools\",\"publisher\":{\"@id\":\"https:\\\/\\\/ranoja.ee\\\/#organization\"},\"potentialAction\":[{\"@type\":\"SearchAction\",\"target\":{\"@type\":\"EntryPoint\",\"urlTemplate\":\"https:\\\/\\\/ranoja.ee\\\/?s={search_term_string}\"},\"query-input\":{\"@type\":\"PropertyValueSpecification\",\"valueRequired\":true,\"valueName\":\"search_term_string\"}}],\"inLanguage\":\"en-US\"},{\"@type\":\"Organization\",\"@id\":\"https:\\\/\\\/ranoja.ee\\\/#organization\",\"name\":\"Ranoja O\u00dc\",\"url\":\"https:\\\/\\\/ranoja.ee\\\/\",\"logo\":{\"@type\":\"ImageObject\",\"inLanguage\":\"en-US\",\"@id\":\"https:\\\/\\\/ranoja.ee\\\/#\\\/schema\\\/logo\\\/image\\\/\",\"url\":\"https:\\\/\\\/ranoja.ee\\\/wp-content\\\/uploads\\\/2023\\\/11\\\/ranoja-Logo.png\",\"contentUrl\":\"https:\\\/\\\/ranoja.ee\\\/wp-content\\\/uploads\\\/2023\\\/11\\\/ranoja-Logo.png\",\"width\":207,\"height\":58,\"caption\":\"Ranoja O\u00dc\"},\"image\":{\"@id\":\"https:\\\/\\\/ranoja.ee\\\/#\\\/schema\\\/logo\\\/image\\\/\"},\"sameAs\":[\"https:\\\/\\\/www.facebook.com\\\/ranoja.ee\",\"https:\\\/\\\/www.instagram.com\\\/ranoja__\\\/\"]}]}<\/script>\n<!-- \/ Yoast SEO plugin. -->","yoast_head_json":{"title":"H\u00fcdraulika\u00f5li HVLP 22 208L, Valvoline - Ranoja","robots":{"index":"index","follow":"follow","max-snippet":"max-snippet:-1","max-image-preview":"max-image-preview:large","max-video-preview":"max-video-preview:-1"},"canonical":"https:\/\/ranoja.ee\/toode\/hudraulikaoli-hvlp-22-208l-valvoline\/","og_locale":"en_US","og_type":"article","og_title":"H\u00fcdraulika\u00f5li HVLP 22 208L, Valvoline - Ranoja","og_description":"Valvoline HVLP 22 on tavap\u00e4rane h\u00fcdraulika\u00f5li, mis on valmistatud kvaliteetsetest mineraalbaas\u00f5lidest ja kulumisvastastest lisanditest, et pakkuda kindlat h\u00fcdraulilist j\u00f5udlust laias valikus rakendustes. Valvoline'i kulumisvastased h\u00fcdraulika\u00f5lid vastavad standardile DIN 51524 3. osa. See k\u00f5rge viskoossusindeksiga (VI) h\u00fcdraulika\u00f5lide sari pakub head kulumiskaitset ja vastupidavust rasketele t\u00f6\u00f6tingimustele isegi \u00e4\u00e4rmuslikes kliimatingimustes. Kasutusalad Kasutusalad h\u00f5lmavad maastikus\u00f5idukeid, mis puutuvad kokku k\u00f5rgete ja madalate temperatuuridega, n\u00e4iteks t\u00f6\u00f6stus- ja pinnaset\u00f6\u00f6tlusseadmete h\u00fcdraulikas\u00fcsteemid. H\u00fcdraulilised kraanad ja t\u00f5stukid, laadurid, l\u00fckandmastiga t\u00f5stukid, kahvelt\u00f5stukid, ekskavaatorid, kallurid, laadimisrambid ja tagaluugid. H\u00fcdraulikas\u00fcsteemid, mis t\u00f6\u00f6tavad v\u00e4ga k\u00fclmades v\u00f5i v\u00e4ga soojades tingimustes: Kahvelt\u00f5stukid k\u00fclmutusladudes Liftid k\u00f5rgetes hoonetes Laeva h\u00fcdrauliline roolikabiin T\u00e4idab n\u00f5udeid: ISO 11158 HV DIN 51524 3. osa HVLP","og_url":"https:\/\/ranoja.ee\/toode\/hudraulikaoli-hvlp-22-208l-valvoline\/","og_site_name":"Ranoja","article_publisher":"https:\/\/www.facebook.com\/ranoja.ee","article_modified_time":"2026-03-17T12:33:37+00:00","og_image":[{"width":585,"height":585,"url":"https:\/\/ranoja.ee\/wp-content\/uploads\/2026\/03\/5638704307.png","type":"image\/png"}],"twitter_card":"summary_large_image","schema":{"@context":"https:\/\/schema.org","@graph":[{"@type":"WebPage","@id":"https:\/\/ranoja.ee\/toode\/hudraulikaoli-hvlp-22-208l-valvoline\/","url":"https:\/\/ranoja.ee\/toode\/hudraulikaoli-hvlp-22-208l-valvoline\/","name":"H\u00fcdraulika\u00f5li HVLP 22 208L, Valvoline - Ranoja","isPartOf":{"@id":"https:\/\/ranoja.ee\/#website"},"primaryImageOfPage":{"@id":"https:\/\/ranoja.ee\/toode\/hudraulikaoli-hvlp-22-208l-valvoline\/#primaryimage"},"image":{"@id":"https:\/\/ranoja.ee\/toode\/hudraulikaoli-hvlp-22-208l-valvoline\/#primaryimage"},"thumbnailUrl":"https:\/\/ranoja.ee\/wp-content\/uploads\/2026\/03\/5638704307.png","datePublished":"2026-03-16T23:46:04+00:00","dateModified":"2026-03-17T12:33:37+00:00","breadcrumb":{"@id":"https:\/\/ranoja.ee\/toode\/hudraulikaoli-hvlp-22-208l-valvoline\/#breadcrumb"},"inLanguage":"en-US","potentialAction":[{"@type":"ReadAction","target":["https:\/\/ranoja.ee\/toode\/hudraulikaoli-hvlp-22-208l-valvoline\/"]}]},{"@type":"ImageObject","inLanguage":"en-US","@id":"https:\/\/ranoja.ee\/toode\/hudraulikaoli-hvlp-22-208l-valvoline\/#primaryimage","url":"https:\/\/ranoja.ee\/wp-content\/uploads\/2026\/03\/5638704307.png","contentUrl":"https:\/\/ranoja.ee\/wp-content\/uploads\/2026\/03\/5638704307.png","width":585,"height":585},{"@type":"BreadcrumbList","@id":"https:\/\/ranoja.ee\/toode\/hudraulikaoli-hvlp-22-208l-valvoline\/#breadcrumb","itemListElement":[{"@type":"ListItem","position":1,"name":"Home","item":"https:\/\/ranoja.ee\/"},{"@type":"ListItem","position":2,"name":"Shop","item":"https:\/\/ranoja.ee\/en\/shop\/"},{"@type":"ListItem","position":3,"name":"H\u00fcdraulika\u00f5li HVLP 22 208L, Valvoline"}]},{"@type":"WebSite","@id":"https:\/\/ranoja.ee\/#website","url":"https:\/\/ranoja.ee\/","name":"Ranoja","description":"Equipment Shop WooCommerce WordPress Theme for Machine &amp; Tools","publisher":{"@id":"https:\/\/ranoja.ee\/#organization"},"potentialAction":[{"@type":"SearchAction","target":{"@type":"EntryPoint","urlTemplate":"https:\/\/ranoja.ee\/?s={search_term_string}"},"query-input":{"@type":"PropertyValueSpecification","valueRequired":true,"valueName":"search_term_string"}}],"inLanguage":"en-US"},{"@type":"Organization","@id":"https:\/\/ranoja.ee\/#organization","name":"Ranoja O\u00dc","url":"https:\/\/ranoja.ee\/","logo":{"@type":"ImageObject","inLanguage":"en-US","@id":"https:\/\/ranoja.ee\/#\/schema\/logo\/image\/","url":"https:\/\/ranoja.ee\/wp-content\/uploads\/2023\/11\/ranoja-Logo.png","contentUrl":"https:\/\/ranoja.ee\/wp-content\/uploads\/2023\/11\/ranoja-Logo.png","width":207,"height":58,"caption":"Ranoja O\u00dc"},"image":{"@id":"https:\/\/ranoja.ee\/#\/schema\/logo\/image\/"},"sameAs":["https:\/\/www.facebook.com\/ranoja.ee","https:\/\/www.instagram.com\/ranoja__\/"]}]}},"_links":{"self":[{"href":"https:\/\/ranoja.ee\/en\/wp-json\/wp\/v2\/product\/63079","targetHints":{"allow":["GET"]}}],"collection":[{"href":"https:\/\/ranoja.ee\/en\/wp-json\/wp\/v2\/product"}],"about":[{"href":"https:\/\/ranoja.ee\/en\/wp-json\/wp\/v2\/types\/product"}],"wp:featuredmedia":[{"embeddable":true,"href":"https:\/\/ranoja.ee\/en\/wp-json\/wp\/v2\/media\/63080"}],"wp:attachment":[{"href":"https:\/\/ranoja.ee\/en\/wp-json\/wp\/v2\/media?parent=63079"}],"wp:term":[{"taxonomy":"product_cat","embeddable":true,"href":"https:\/\/ranoja.ee\/en\/wp-json\/wp\/v2\/product_cat?post=63079"},{"taxonomy":"product_tag","embeddable":true,"href":"https:\/\/ranoja.ee\/en\/wp-json\/wp\/v2\/product_tag?post=63079"}],"curies":[{"name":"wp","href":"https:\/\/api.w.org\/{rel}","templated":true}]}}