{"id":63045,"date":"2026-03-17T02:45:41","date_gmt":"2026-03-16T23:45:41","guid":{"rendered":"https:\/\/ranoja.ee\/toode\/kombivasar-dh2260-scheppach\/"},"modified":"2026-03-17T15:33:37","modified_gmt":"2026-03-17T12:33:37","slug":"kombivasar-dh2260-scheppach","status":"publish","type":"product","link":"https:\/\/ranoja.ee\/en\/toode\/kombivasar-dh2260-scheppach\/","title":{"rendered":"Kombivasar DH2260, Scheppach"},"content":{"rendered":"","protected":false},"excerpt":{"rendered":"<p>Sisendv\u00f5imsus: 1050 W<br \/>\nPuurimisv\u00f5imsus betoon: 26 mm<br \/>\nPuurimisv\u00f5imsus m\u00fc\u00fcritis kroonpuuridega: 68 mm<br \/>\nPuurimisv\u00f5imsus teras: 13 mm<br \/>\nPuurimisv\u00f5imsus puit: 30 mm<br \/>\nSuurim l\u00f6\u00f6gij\u00f5ud: 3 J<br \/>\nL\u00f6\u00f6kide\u00f6\u00f6kide arv: 0-5500 l\/min<br \/>\nP\u00f6\u00f6rded t\u00fchik\u00e4igul: 0-1230 1\/min<br \/>\nAntivibratsioonis\u00fcsteem: jah<br \/>\nKummikaabli pikkus: 4 m<br \/>\nKomplektis: terav meisel (14 \u00d7 250 mm), lame meisel (14 \u00d7 250 mm), betoonipuuriotsad (6 \/ 8 \/ 10 \u00d7 150 mm), s\u00fcgavuspiirik ja tugev kandekohver.<\/p>\n<p>\nScheppach elektriline kombivasar DH2260 on v\u00f5imas ja mitmek\u00fclgne t\u00f6\u00f6riist, millel on 4-\u00fches funktsioon: puurimine, l\u00f6\u00f6kpuurimine, meiseldamine ja meislinurga reguleerimine. 3 J l\u00f6\u00f6gij\u00f5u, kuni 5500 l\u00f6\u00f6giga minutis ja tugeva 1050 W mootoriga sobib see suurep\u00e4raselt n\u00f5udlikeks t\u00f6\u00f6deks betooni, kivi, plaatide v\u00f5i tellistega. SDS-Plus padrun v\u00f5imaldab kiiret ja t\u00f6\u00f6riistavaba tarvikute vahetust, samas kui 360\u00b0 p\u00f6\u00f6rlev k\u00e4epide ja ergonoomiline disain tagavad maksimaalse kontrolli ja mugavuse.<\/p>\n","protected":false},"featured_media":0,"template":"","meta":{"inline_featured_image":false},"product_cat":[5111,5487,5113,5112],"product_tag":[],"class_list":{"0":"post-63045","1":"product","2":"type-product","3":"status-publish","5":"product_brand-scheppach","6":"product_cat-elektrilised-kasitooriistad","7":"product_cat-kombivasarad-sds-plus","8":"product_cat-puurvasarad-ja-kruvikeerajad","9":"product_cat-trellid","11":"first","12":"outofstock","13":"purchasable","14":"product-type-simple"},"yoast_head":"<!-- This site is optimized with the Yoast SEO plugin v27.4 - https:\/\/yoast.com\/product\/yoast-seo-wordpress\/ -->\n<title>Kombivasar DH2260, Scheppach - Ranoja<\/title>\n<meta name=\"robots\" content=\"index, follow, max-snippet:-1, max-image-preview:large, max-video-preview:-1\" \/>\n<link rel=\"canonical\" href=\"https:\/\/ranoja.ee\/toode\/kombivasar-dh2260-scheppach\/\" \/>\n<meta property=\"og:locale\" content=\"en_US\" \/>\n<meta property=\"og:type\" content=\"article\" \/>\n<meta property=\"og:title\" content=\"Kombivasar DH2260, Scheppach - Ranoja\" \/>\n<meta property=\"og:description\" content=\"Sisendv\u00f5imsus: 1050 W Puurimisv\u00f5imsus betoon: 26 mm Puurimisv\u00f5imsus m\u00fc\u00fcritis kroonpuuridega: 68 mm Puurimisv\u00f5imsus teras: 13 mm Puurimisv\u00f5imsus puit: 30 mm Suurim l\u00f6\u00f6gij\u00f5ud: 3 J L\u00f6\u00f6kide\u00f6\u00f6kide arv: 0-5500 l\/min P\u00f6\u00f6rded t\u00fchik\u00e4igul: 0-1230 1\/min Antivibratsioonis\u00fcsteem: jah Kummikaabli pikkus: 4 m Komplektis: terav meisel (14 \u00d7 250 mm), lame meisel (14 \u00d7 250 mm), betoonipuuriotsad (6 \/ 8 \/ 10 \u00d7 150 mm), s\u00fcgavuspiirik ja tugev kandekohver.  Scheppach elektriline kombivasar DH2260 on v\u00f5imas ja mitmek\u00fclgne t\u00f6\u00f6riist, millel on 4-\u00fches funktsioon: puurimine, l\u00f6\u00f6kpuurimine, meiseldamine ja meislinurga reguleerimine. 3 J l\u00f6\u00f6gij\u00f5u, kuni 5500 l\u00f6\u00f6giga minutis ja tugeva 1050 W mootoriga sobib see suurep\u00e4raselt n\u00f5udlikeks t\u00f6\u00f6deks betooni, kivi, plaatide v\u00f5i tellistega. SDS-Plus padrun v\u00f5imaldab kiiret ja t\u00f6\u00f6riistavaba tarvikute vahetust, samas kui 360\u00b0 p\u00f6\u00f6rlev k\u00e4epide ja ergonoomiline disain tagavad maksimaalse kontrolli ja mugavuse.\" \/>\n<meta property=\"og:url\" content=\"https:\/\/ranoja.ee\/toode\/kombivasar-dh2260-scheppach\/\" \/>\n<meta property=\"og:site_name\" content=\"Ranoja\" \/>\n<meta property=\"article:publisher\" content=\"https:\/\/www.facebook.com\/ranoja.ee\" \/>\n<meta property=\"article:modified_time\" content=\"2026-03-17T12:33:37+00:00\" \/>\n<meta name=\"twitter:card\" content=\"summary_large_image\" \/>\n<script type=\"application\/ld+json\" class=\"yoast-schema-graph\">{\"@context\":\"https:\\\/\\\/schema.org\",\"@graph\":[{\"@type\":\"WebPage\",\"@id\":\"https:\\\/\\\/ranoja.ee\\\/toode\\\/kombivasar-dh2260-scheppach\\\/\",\"url\":\"https:\\\/\\\/ranoja.ee\\\/toode\\\/kombivasar-dh2260-scheppach\\\/\",\"name\":\"Kombivasar DH2260, Scheppach - Ranoja\",\"isPartOf\":{\"@id\":\"https:\\\/\\\/ranoja.ee\\\/#website\"},\"datePublished\":\"2026-03-16T23:45:41+00:00\",\"dateModified\":\"2026-03-17T12:33:37+00:00\",\"breadcrumb\":{\"@id\":\"https:\\\/\\\/ranoja.ee\\\/toode\\\/kombivasar-dh2260-scheppach\\\/#breadcrumb\"},\"inLanguage\":\"en-US\",\"potentialAction\":[{\"@type\":\"ReadAction\",\"target\":[\"https:\\\/\\\/ranoja.ee\\\/toode\\\/kombivasar-dh2260-scheppach\\\/\"]}]},{\"@type\":\"BreadcrumbList\",\"@id\":\"https:\\\/\\\/ranoja.ee\\\/toode\\\/kombivasar-dh2260-scheppach\\\/#breadcrumb\",\"itemListElement\":[{\"@type\":\"ListItem\",\"position\":1,\"name\":\"Home\",\"item\":\"https:\\\/\\\/ranoja.ee\\\/\"},{\"@type\":\"ListItem\",\"position\":2,\"name\":\"Shop\",\"item\":\"https:\\\/\\\/ranoja.ee\\\/en\\\/shop\\\/\"},{\"@type\":\"ListItem\",\"position\":3,\"name\":\"Kombivasar DH2260, Scheppach\"}]},{\"@type\":\"WebSite\",\"@id\":\"https:\\\/\\\/ranoja.ee\\\/#website\",\"url\":\"https:\\\/\\\/ranoja.ee\\\/\",\"name\":\"Ranoja\",\"description\":\"Equipment Shop WooCommerce WordPress Theme for Machine &amp; Tools\",\"publisher\":{\"@id\":\"https:\\\/\\\/ranoja.ee\\\/#organization\"},\"potentialAction\":[{\"@type\":\"SearchAction\",\"target\":{\"@type\":\"EntryPoint\",\"urlTemplate\":\"https:\\\/\\\/ranoja.ee\\\/?s={search_term_string}\"},\"query-input\":{\"@type\":\"PropertyValueSpecification\",\"valueRequired\":true,\"valueName\":\"search_term_string\"}}],\"inLanguage\":\"en-US\"},{\"@type\":\"Organization\",\"@id\":\"https:\\\/\\\/ranoja.ee\\\/#organization\",\"name\":\"Ranoja O\u00dc\",\"url\":\"https:\\\/\\\/ranoja.ee\\\/\",\"logo\":{\"@type\":\"ImageObject\",\"inLanguage\":\"en-US\",\"@id\":\"https:\\\/\\\/ranoja.ee\\\/#\\\/schema\\\/logo\\\/image\\\/\",\"url\":\"https:\\\/\\\/ranoja.ee\\\/wp-content\\\/uploads\\\/2023\\\/11\\\/ranoja-Logo.png\",\"contentUrl\":\"https:\\\/\\\/ranoja.ee\\\/wp-content\\\/uploads\\\/2023\\\/11\\\/ranoja-Logo.png\",\"width\":207,\"height\":58,\"caption\":\"Ranoja O\u00dc\"},\"image\":{\"@id\":\"https:\\\/\\\/ranoja.ee\\\/#\\\/schema\\\/logo\\\/image\\\/\"},\"sameAs\":[\"https:\\\/\\\/www.facebook.com\\\/ranoja.ee\",\"https:\\\/\\\/www.instagram.com\\\/ranoja__\\\/\"]}]}<\/script>\n<!-- \/ Yoast SEO plugin. -->","yoast_head_json":{"title":"Kombivasar DH2260, Scheppach - Ranoja","robots":{"index":"index","follow":"follow","max-snippet":"max-snippet:-1","max-image-preview":"max-image-preview:large","max-video-preview":"max-video-preview:-1"},"canonical":"https:\/\/ranoja.ee\/toode\/kombivasar-dh2260-scheppach\/","og_locale":"en_US","og_type":"article","og_title":"Kombivasar DH2260, Scheppach - Ranoja","og_description":"Sisendv\u00f5imsus: 1050 W Puurimisv\u00f5imsus betoon: 26 mm Puurimisv\u00f5imsus m\u00fc\u00fcritis kroonpuuridega: 68 mm Puurimisv\u00f5imsus teras: 13 mm Puurimisv\u00f5imsus puit: 30 mm Suurim l\u00f6\u00f6gij\u00f5ud: 3 J L\u00f6\u00f6kide\u00f6\u00f6kide arv: 0-5500 l\/min P\u00f6\u00f6rded t\u00fchik\u00e4igul: 0-1230 1\/min Antivibratsioonis\u00fcsteem: jah Kummikaabli pikkus: 4 m Komplektis: terav meisel (14 \u00d7 250 mm), lame meisel (14 \u00d7 250 mm), betoonipuuriotsad (6 \/ 8 \/ 10 \u00d7 150 mm), s\u00fcgavuspiirik ja tugev kandekohver.  Scheppach elektriline kombivasar DH2260 on v\u00f5imas ja mitmek\u00fclgne t\u00f6\u00f6riist, millel on 4-\u00fches funktsioon: puurimine, l\u00f6\u00f6kpuurimine, meiseldamine ja meislinurga reguleerimine. 3 J l\u00f6\u00f6gij\u00f5u, kuni 5500 l\u00f6\u00f6giga minutis ja tugeva 1050 W mootoriga sobib see suurep\u00e4raselt n\u00f5udlikeks t\u00f6\u00f6deks betooni, kivi, plaatide v\u00f5i tellistega. SDS-Plus padrun v\u00f5imaldab kiiret ja t\u00f6\u00f6riistavaba tarvikute vahetust, samas kui 360\u00b0 p\u00f6\u00f6rlev k\u00e4epide ja ergonoomiline disain tagavad maksimaalse kontrolli ja mugavuse.","og_url":"https:\/\/ranoja.ee\/toode\/kombivasar-dh2260-scheppach\/","og_site_name":"Ranoja","article_publisher":"https:\/\/www.facebook.com\/ranoja.ee","article_modified_time":"2026-03-17T12:33:37+00:00","twitter_card":"summary_large_image","schema":{"@context":"https:\/\/schema.org","@graph":[{"@type":"WebPage","@id":"https:\/\/ranoja.ee\/toode\/kombivasar-dh2260-scheppach\/","url":"https:\/\/ranoja.ee\/toode\/kombivasar-dh2260-scheppach\/","name":"Kombivasar DH2260, Scheppach - Ranoja","isPartOf":{"@id":"https:\/\/ranoja.ee\/#website"},"datePublished":"2026-03-16T23:45:41+00:00","dateModified":"2026-03-17T12:33:37+00:00","breadcrumb":{"@id":"https:\/\/ranoja.ee\/toode\/kombivasar-dh2260-scheppach\/#breadcrumb"},"inLanguage":"en-US","potentialAction":[{"@type":"ReadAction","target":["https:\/\/ranoja.ee\/toode\/kombivasar-dh2260-scheppach\/"]}]},{"@type":"BreadcrumbList","@id":"https:\/\/ranoja.ee\/toode\/kombivasar-dh2260-scheppach\/#breadcrumb","itemListElement":[{"@type":"ListItem","position":1,"name":"Home","item":"https:\/\/ranoja.ee\/"},{"@type":"ListItem","position":2,"name":"Shop","item":"https:\/\/ranoja.ee\/en\/shop\/"},{"@type":"ListItem","position":3,"name":"Kombivasar DH2260, Scheppach"}]},{"@type":"WebSite","@id":"https:\/\/ranoja.ee\/#website","url":"https:\/\/ranoja.ee\/","name":"Ranoja","description":"Equipment Shop WooCommerce WordPress Theme for Machine &amp; Tools","publisher":{"@id":"https:\/\/ranoja.ee\/#organization"},"potentialAction":[{"@type":"SearchAction","target":{"@type":"EntryPoint","urlTemplate":"https:\/\/ranoja.ee\/?s={search_term_string}"},"query-input":{"@type":"PropertyValueSpecification","valueRequired":true,"valueName":"search_term_string"}}],"inLanguage":"en-US"},{"@type":"Organization","@id":"https:\/\/ranoja.ee\/#organization","name":"Ranoja O\u00dc","url":"https:\/\/ranoja.ee\/","logo":{"@type":"ImageObject","inLanguage":"en-US","@id":"https:\/\/ranoja.ee\/#\/schema\/logo\/image\/","url":"https:\/\/ranoja.ee\/wp-content\/uploads\/2023\/11\/ranoja-Logo.png","contentUrl":"https:\/\/ranoja.ee\/wp-content\/uploads\/2023\/11\/ranoja-Logo.png","width":207,"height":58,"caption":"Ranoja O\u00dc"},"image":{"@id":"https:\/\/ranoja.ee\/#\/schema\/logo\/image\/"},"sameAs":["https:\/\/www.facebook.com\/ranoja.ee","https:\/\/www.instagram.com\/ranoja__\/"]}]}},"_links":{"self":[{"href":"https:\/\/ranoja.ee\/en\/wp-json\/wp\/v2\/product\/63045","targetHints":{"allow":["GET"]}}],"collection":[{"href":"https:\/\/ranoja.ee\/en\/wp-json\/wp\/v2\/product"}],"about":[{"href":"https:\/\/ranoja.ee\/en\/wp-json\/wp\/v2\/types\/product"}],"wp:attachment":[{"href":"https:\/\/ranoja.ee\/en\/wp-json\/wp\/v2\/media?parent=63045"}],"wp:term":[{"taxonomy":"product_cat","embeddable":true,"href":"https:\/\/ranoja.ee\/en\/wp-json\/wp\/v2\/product_cat?post=63045"},{"taxonomy":"product_tag","embeddable":true,"href":"https:\/\/ranoja.ee\/en\/wp-json\/wp\/v2\/product_tag?post=63045"}],"curies":[{"name":"wp","href":"https:\/\/api.w.org\/{rel}","templated":true}]}}