{"id":63037,"date":"2026-03-17T02:45:41","date_gmt":"2026-03-16T23:45:41","guid":{"rendered":"https:\/\/ranoja.ee\/toode\/murutraktor-lt92h-gudnord\/"},"modified":"2026-03-17T15:33:38","modified_gmt":"2026-03-17T12:33:38","slug":"murutraktor-lt92h-gudnord","status":"publish","type":"product","link":"https:\/\/ranoja.ee\/en\/toode\/murutraktor-lt92h-gudnord\/","title":{"rendered":"Murutraktor LT92H, Gudnord"},"content":{"rendered":"","protected":false},"excerpt":{"rendered":"<p>Kompaktne kogumiskotiga traktor v\u00e4iksemasse majapidamisse. Eredad LED esituled teevad traktori m\u00e4rgatavamaks ning lasevad niita h\u00e4maral ajal. Soovituslik niiduala ca 4000 m\u00b2<\/p>\n<p>Mootor: Loncin \u00fchesilindriline, 452 cm3<br \/>\nNimiv\u00f5imsus: 7,8 kW @2600 p\/min<br \/>\nNiiduseade: 92 cm, kogumine, kahe tera- ja tugiratastega<br \/>\nIntegreeritud koguja: 245 l, kangist kallutatav<br \/>\nNiiduk\u00f5rgus: seadistatav 7 asendis 30-90 cm<br \/>\nJ\u00f5u\u00fclekanne: automaat (h\u00fcdrostaatiline), sujuvalt pedaalist seadistatav<br \/>\nLiikumiskiirus 0-8,8 km\/h edasi ja 0-4,5 km\/h tagurdades<br \/>\nRattad: 15&#215;6\u201c ees ja 18&#215;8,5\u201c taga<br \/>\nP\u00f6\u00f6rderaadius: 45 cm<br \/>\nK\u00fctusepaak: 7,5 l<br \/>\nIste: seadistatav<br \/>\nM\u00f5\u00f5tmed: 2305x960x1110 mm<br \/>\nKaal: 189,5 kg<br \/>\nMugavusvarustus: liikumissuuna pedaalist valik, terade nupust k\u00e4ivitamine, niitmisv\u00f5imalus tagurpidik\u00e4igul, seadistatav juhiiste, topsihoidik, niiduseadme pesunippel, eesmine p\u00f5rkeraud, juhikohalt t\u00fchjendatav koguja.<\/p>\n","protected":false},"featured_media":63038,"template":"","meta":{"inline_featured_image":false},"product_cat":[1079,5085,5498,1081],"product_tag":[],"class_list":{"0":"post-63037","1":"product","2":"type-product","3":"status-publish","4":"has-post-thumbnail","6":"product_brand-gudnord","7":"product_cat-aiatehnika-ja-niidutehnika","8":"product_cat-aiatehnika-ja-tooriistad","9":"product_cat-kogujaga-murutraktorid","10":"product_cat-murutraktorid","12":"first","13":"outofstock","14":"purchasable","15":"product-type-simple"},"yoast_head":"<!-- This site is optimized with the Yoast SEO plugin v27.4 - https:\/\/yoast.com\/product\/yoast-seo-wordpress\/ -->\n<title>Murutraktor LT92H, Gudnord - Ranoja<\/title>\n<meta name=\"robots\" content=\"index, follow, max-snippet:-1, max-image-preview:large, max-video-preview:-1\" \/>\n<link rel=\"canonical\" href=\"https:\/\/ranoja.ee\/toode\/murutraktor-lt92h-gudnord\/\" \/>\n<meta property=\"og:locale\" content=\"en_US\" \/>\n<meta property=\"og:type\" content=\"article\" \/>\n<meta property=\"og:title\" content=\"Murutraktor LT92H, Gudnord - Ranoja\" \/>\n<meta property=\"og:description\" content=\"Kompaktne kogumiskotiga traktor v\u00e4iksemasse majapidamisse. Eredad LED esituled teevad traktori m\u00e4rgatavamaks ning lasevad niita h\u00e4maral ajal. Soovituslik niiduala ca 4000 m\u00b2 Mootor: Loncin \u00fchesilindriline, 452 cm3 Nimiv\u00f5imsus: 7,8 kW @2600 p\/min Niiduseade: 92 cm, kogumine, kahe tera- ja tugiratastega Integreeritud koguja: 245 l, kangist kallutatav Niiduk\u00f5rgus: seadistatav 7 asendis 30-90 cm J\u00f5u\u00fclekanne: automaat (h\u00fcdrostaatiline), sujuvalt pedaalist seadistatav Liikumiskiirus 0-8,8 km\/h edasi ja 0-4,5 km\/h tagurdades Rattad: 15x6\u201c ees ja 18x8,5\u201c taga P\u00f6\u00f6rderaadius: 45 cm K\u00fctusepaak: 7,5 l Iste: seadistatav M\u00f5\u00f5tmed: 2305x960x1110 mm Kaal: 189,5 kg Mugavusvarustus: liikumissuuna pedaalist valik, terade nupust k\u00e4ivitamine, niitmisv\u00f5imalus tagurpidik\u00e4igul, seadistatav juhiiste, topsihoidik, niiduseadme pesunippel, eesmine p\u00f5rkeraud, juhikohalt t\u00fchjendatav koguja.\" \/>\n<meta property=\"og:url\" content=\"https:\/\/ranoja.ee\/toode\/murutraktor-lt92h-gudnord\/\" \/>\n<meta property=\"og:site_name\" content=\"Ranoja\" \/>\n<meta property=\"article:publisher\" content=\"https:\/\/www.facebook.com\/ranoja.ee\" \/>\n<meta property=\"article:modified_time\" content=\"2026-03-17T12:33:38+00:00\" \/>\n<meta property=\"og:image\" content=\"https:\/\/ranoja.ee\/wp-content\/uploads\/2026\/03\/5637306700.jpg\" \/>\n\t<meta property=\"og:image:width\" content=\"900\" \/>\n\t<meta property=\"og:image:height\" content=\"600\" \/>\n\t<meta property=\"og:image:type\" content=\"image\/jpeg\" \/>\n<meta name=\"twitter:card\" content=\"summary_large_image\" \/>\n<script type=\"application\/ld+json\" class=\"yoast-schema-graph\">{\"@context\":\"https:\\\/\\\/schema.org\",\"@graph\":[{\"@type\":\"WebPage\",\"@id\":\"https:\\\/\\\/ranoja.ee\\\/toode\\\/murutraktor-lt92h-gudnord\\\/\",\"url\":\"https:\\\/\\\/ranoja.ee\\\/toode\\\/murutraktor-lt92h-gudnord\\\/\",\"name\":\"Murutraktor LT92H, Gudnord - Ranoja\",\"isPartOf\":{\"@id\":\"https:\\\/\\\/ranoja.ee\\\/#website\"},\"primaryImageOfPage\":{\"@id\":\"https:\\\/\\\/ranoja.ee\\\/toode\\\/murutraktor-lt92h-gudnord\\\/#primaryimage\"},\"image\":{\"@id\":\"https:\\\/\\\/ranoja.ee\\\/toode\\\/murutraktor-lt92h-gudnord\\\/#primaryimage\"},\"thumbnailUrl\":\"https:\\\/\\\/ranoja.ee\\\/wp-content\\\/uploads\\\/2026\\\/03\\\/5637306700.jpg\",\"datePublished\":\"2026-03-16T23:45:41+00:00\",\"dateModified\":\"2026-03-17T12:33:38+00:00\",\"breadcrumb\":{\"@id\":\"https:\\\/\\\/ranoja.ee\\\/toode\\\/murutraktor-lt92h-gudnord\\\/#breadcrumb\"},\"inLanguage\":\"en-US\",\"potentialAction\":[{\"@type\":\"ReadAction\",\"target\":[\"https:\\\/\\\/ranoja.ee\\\/toode\\\/murutraktor-lt92h-gudnord\\\/\"]}]},{\"@type\":\"ImageObject\",\"inLanguage\":\"en-US\",\"@id\":\"https:\\\/\\\/ranoja.ee\\\/toode\\\/murutraktor-lt92h-gudnord\\\/#primaryimage\",\"url\":\"https:\\\/\\\/ranoja.ee\\\/wp-content\\\/uploads\\\/2026\\\/03\\\/5637306700.jpg\",\"contentUrl\":\"https:\\\/\\\/ranoja.ee\\\/wp-content\\\/uploads\\\/2026\\\/03\\\/5637306700.jpg\",\"width\":900,\"height\":600},{\"@type\":\"BreadcrumbList\",\"@id\":\"https:\\\/\\\/ranoja.ee\\\/toode\\\/murutraktor-lt92h-gudnord\\\/#breadcrumb\",\"itemListElement\":[{\"@type\":\"ListItem\",\"position\":1,\"name\":\"Home\",\"item\":\"https:\\\/\\\/ranoja.ee\\\/\"},{\"@type\":\"ListItem\",\"position\":2,\"name\":\"Shop\",\"item\":\"https:\\\/\\\/ranoja.ee\\\/en\\\/shop\\\/\"},{\"@type\":\"ListItem\",\"position\":3,\"name\":\"Murutraktor LT92H, Gudnord\"}]},{\"@type\":\"WebSite\",\"@id\":\"https:\\\/\\\/ranoja.ee\\\/#website\",\"url\":\"https:\\\/\\\/ranoja.ee\\\/\",\"name\":\"Ranoja\",\"description\":\"Equipment Shop WooCommerce WordPress Theme for Machine &amp; Tools\",\"publisher\":{\"@id\":\"https:\\\/\\\/ranoja.ee\\\/#organization\"},\"potentialAction\":[{\"@type\":\"SearchAction\",\"target\":{\"@type\":\"EntryPoint\",\"urlTemplate\":\"https:\\\/\\\/ranoja.ee\\\/?s={search_term_string}\"},\"query-input\":{\"@type\":\"PropertyValueSpecification\",\"valueRequired\":true,\"valueName\":\"search_term_string\"}}],\"inLanguage\":\"en-US\"},{\"@type\":\"Organization\",\"@id\":\"https:\\\/\\\/ranoja.ee\\\/#organization\",\"name\":\"Ranoja O\u00dc\",\"url\":\"https:\\\/\\\/ranoja.ee\\\/\",\"logo\":{\"@type\":\"ImageObject\",\"inLanguage\":\"en-US\",\"@id\":\"https:\\\/\\\/ranoja.ee\\\/#\\\/schema\\\/logo\\\/image\\\/\",\"url\":\"https:\\\/\\\/ranoja.ee\\\/wp-content\\\/uploads\\\/2023\\\/11\\\/ranoja-Logo.png\",\"contentUrl\":\"https:\\\/\\\/ranoja.ee\\\/wp-content\\\/uploads\\\/2023\\\/11\\\/ranoja-Logo.png\",\"width\":207,\"height\":58,\"caption\":\"Ranoja O\u00dc\"},\"image\":{\"@id\":\"https:\\\/\\\/ranoja.ee\\\/#\\\/schema\\\/logo\\\/image\\\/\"},\"sameAs\":[\"https:\\\/\\\/www.facebook.com\\\/ranoja.ee\",\"https:\\\/\\\/www.instagram.com\\\/ranoja__\\\/\"]}]}<\/script>\n<!-- \/ Yoast SEO plugin. -->","yoast_head_json":{"title":"Murutraktor LT92H, Gudnord - Ranoja","robots":{"index":"index","follow":"follow","max-snippet":"max-snippet:-1","max-image-preview":"max-image-preview:large","max-video-preview":"max-video-preview:-1"},"canonical":"https:\/\/ranoja.ee\/toode\/murutraktor-lt92h-gudnord\/","og_locale":"en_US","og_type":"article","og_title":"Murutraktor LT92H, Gudnord - Ranoja","og_description":"Kompaktne kogumiskotiga traktor v\u00e4iksemasse majapidamisse. Eredad LED esituled teevad traktori m\u00e4rgatavamaks ning lasevad niita h\u00e4maral ajal. Soovituslik niiduala ca 4000 m\u00b2 Mootor: Loncin \u00fchesilindriline, 452 cm3 Nimiv\u00f5imsus: 7,8 kW @2600 p\/min Niiduseade: 92 cm, kogumine, kahe tera- ja tugiratastega Integreeritud koguja: 245 l, kangist kallutatav Niiduk\u00f5rgus: seadistatav 7 asendis 30-90 cm J\u00f5u\u00fclekanne: automaat (h\u00fcdrostaatiline), sujuvalt pedaalist seadistatav Liikumiskiirus 0-8,8 km\/h edasi ja 0-4,5 km\/h tagurdades Rattad: 15x6\u201c ees ja 18x8,5\u201c taga P\u00f6\u00f6rderaadius: 45 cm K\u00fctusepaak: 7,5 l Iste: seadistatav M\u00f5\u00f5tmed: 2305x960x1110 mm Kaal: 189,5 kg Mugavusvarustus: liikumissuuna pedaalist valik, terade nupust k\u00e4ivitamine, niitmisv\u00f5imalus tagurpidik\u00e4igul, seadistatav juhiiste, topsihoidik, niiduseadme pesunippel, eesmine p\u00f5rkeraud, juhikohalt t\u00fchjendatav koguja.","og_url":"https:\/\/ranoja.ee\/toode\/murutraktor-lt92h-gudnord\/","og_site_name":"Ranoja","article_publisher":"https:\/\/www.facebook.com\/ranoja.ee","article_modified_time":"2026-03-17T12:33:38+00:00","og_image":[{"width":900,"height":600,"url":"https:\/\/ranoja.ee\/wp-content\/uploads\/2026\/03\/5637306700.jpg","type":"image\/jpeg"}],"twitter_card":"summary_large_image","schema":{"@context":"https:\/\/schema.org","@graph":[{"@type":"WebPage","@id":"https:\/\/ranoja.ee\/toode\/murutraktor-lt92h-gudnord\/","url":"https:\/\/ranoja.ee\/toode\/murutraktor-lt92h-gudnord\/","name":"Murutraktor LT92H, Gudnord - Ranoja","isPartOf":{"@id":"https:\/\/ranoja.ee\/#website"},"primaryImageOfPage":{"@id":"https:\/\/ranoja.ee\/toode\/murutraktor-lt92h-gudnord\/#primaryimage"},"image":{"@id":"https:\/\/ranoja.ee\/toode\/murutraktor-lt92h-gudnord\/#primaryimage"},"thumbnailUrl":"https:\/\/ranoja.ee\/wp-content\/uploads\/2026\/03\/5637306700.jpg","datePublished":"2026-03-16T23:45:41+00:00","dateModified":"2026-03-17T12:33:38+00:00","breadcrumb":{"@id":"https:\/\/ranoja.ee\/toode\/murutraktor-lt92h-gudnord\/#breadcrumb"},"inLanguage":"en-US","potentialAction":[{"@type":"ReadAction","target":["https:\/\/ranoja.ee\/toode\/murutraktor-lt92h-gudnord\/"]}]},{"@type":"ImageObject","inLanguage":"en-US","@id":"https:\/\/ranoja.ee\/toode\/murutraktor-lt92h-gudnord\/#primaryimage","url":"https:\/\/ranoja.ee\/wp-content\/uploads\/2026\/03\/5637306700.jpg","contentUrl":"https:\/\/ranoja.ee\/wp-content\/uploads\/2026\/03\/5637306700.jpg","width":900,"height":600},{"@type":"BreadcrumbList","@id":"https:\/\/ranoja.ee\/toode\/murutraktor-lt92h-gudnord\/#breadcrumb","itemListElement":[{"@type":"ListItem","position":1,"name":"Home","item":"https:\/\/ranoja.ee\/"},{"@type":"ListItem","position":2,"name":"Shop","item":"https:\/\/ranoja.ee\/en\/shop\/"},{"@type":"ListItem","position":3,"name":"Murutraktor LT92H, Gudnord"}]},{"@type":"WebSite","@id":"https:\/\/ranoja.ee\/#website","url":"https:\/\/ranoja.ee\/","name":"Ranoja","description":"Equipment Shop WooCommerce WordPress Theme for Machine &amp; Tools","publisher":{"@id":"https:\/\/ranoja.ee\/#organization"},"potentialAction":[{"@type":"SearchAction","target":{"@type":"EntryPoint","urlTemplate":"https:\/\/ranoja.ee\/?s={search_term_string}"},"query-input":{"@type":"PropertyValueSpecification","valueRequired":true,"valueName":"search_term_string"}}],"inLanguage":"en-US"},{"@type":"Organization","@id":"https:\/\/ranoja.ee\/#organization","name":"Ranoja O\u00dc","url":"https:\/\/ranoja.ee\/","logo":{"@type":"ImageObject","inLanguage":"en-US","@id":"https:\/\/ranoja.ee\/#\/schema\/logo\/image\/","url":"https:\/\/ranoja.ee\/wp-content\/uploads\/2023\/11\/ranoja-Logo.png","contentUrl":"https:\/\/ranoja.ee\/wp-content\/uploads\/2023\/11\/ranoja-Logo.png","width":207,"height":58,"caption":"Ranoja O\u00dc"},"image":{"@id":"https:\/\/ranoja.ee\/#\/schema\/logo\/image\/"},"sameAs":["https:\/\/www.facebook.com\/ranoja.ee","https:\/\/www.instagram.com\/ranoja__\/"]}]}},"_links":{"self":[{"href":"https:\/\/ranoja.ee\/en\/wp-json\/wp\/v2\/product\/63037","targetHints":{"allow":["GET"]}}],"collection":[{"href":"https:\/\/ranoja.ee\/en\/wp-json\/wp\/v2\/product"}],"about":[{"href":"https:\/\/ranoja.ee\/en\/wp-json\/wp\/v2\/types\/product"}],"wp:featuredmedia":[{"embeddable":true,"href":"https:\/\/ranoja.ee\/en\/wp-json\/wp\/v2\/media\/63038"}],"wp:attachment":[{"href":"https:\/\/ranoja.ee\/en\/wp-json\/wp\/v2\/media?parent=63037"}],"wp:term":[{"taxonomy":"product_cat","embeddable":true,"href":"https:\/\/ranoja.ee\/en\/wp-json\/wp\/v2\/product_cat?post=63037"},{"taxonomy":"product_tag","embeddable":true,"href":"https:\/\/ranoja.ee\/en\/wp-json\/wp\/v2\/product_tag?post=63037"}],"curies":[{"name":"wp","href":"https:\/\/api.w.org\/{rel}","templated":true}]}}