{"id":62998,"date":"2026-03-17T02:45:23","date_gmt":"2026-03-16T23:45:23","guid":{"rendered":"https:\/\/ranoja.ee\/toode\/murutraktor-smart-rf-130-h-mtd\/"},"modified":"2026-03-17T15:33:38","modified_gmt":"2026-03-17T12:33:38","slug":"murutraktor-smart-rf-130-h-mtd","status":"publish","type":"product","link":"https:\/\/ranoja.ee\/en\/toode\/murutraktor-smart-rf-130-h-mtd\/","title":{"rendered":"Murutraktor SMART RF 130 H, MTD"},"content":{"rendered":"","protected":false},"excerpt":{"rendered":"<p>Kompaktne kuid mitmek\u00fclgset kasutamist v\u00f5imaldav SMART RF 130 H on traktor v\u00e4iksemasse majapidamisse. Standardseades niidab ta vaalu, lisaks on p\u00f5hivarustuses mult\u0161ikate niidetu peenestamiseks. Lisavarustusena on saadaval kogumiskott.<\/p>\n<p>MOOTOR<br \/>\nMudel MTD 439cm3<br \/>\nMootori maksimaalne v\u00f5imsus 12,5 hj<br \/>\nNominaalne v\u00f5imsus 7,5 kW @2450 p\/min<br \/>\n\u00d5lituss\u00fcsteem\u00d5lipumbaga<br \/>\nK\u00fctusepaak3,8 l<\/p>\n<p>VEOS\u00dcSTEEM<br \/>\nJ\u00f5u\u00fclekanneh\u00fcdrostaatiline pedaaliga sujuvalt muudetava kiirusega \u00fclekanne<\/p>\n<p>L\u00d5IKES\u00dcSTEEM<br \/>\nSoovituslikud pinnad kuni 4000 m2<br \/>\nL\u00f5ikelaius92 cm, 2 tera, k\u00fclgv\u00e4ljapaise<br \/>\nRohusuunaja Standard<br \/>\nKogumisvarustusLisavarustus 200 L \/ 19A30045OEM<br \/>\nMult\u0161ikateStandard <br \/>\nL\u00f5ikek\u00f5rgus5 asendit, 30 &#8211; 95mm<\/p>\n<p>RAAM<br \/>\nRehvim\u00f5\u00f5t (ees\/taga) 15&#8221; x 6&#8221; \/ 20&#8221; x 8&#8221;<br \/>\nP\u00f6\u00f6rderaadius46 cm<br \/>\nRaamL\u00e4biastutavat t\u00fc\u00fcpi, keevitatud<br \/>\nEsisillatalaTeras<br \/>\nP\u00f5rkeraudLisavarustus OEM-190-679<br \/>\nMootorikate\u00dches osas, t\u00f6\u00f6riistadeta eemaldav<br \/>\nKaal (ligikaudne)151 kg<br \/>\nM\u00f5\u00f5tmed (P \/ L \/ K)170 \/ 107 \/ 100 cm<\/p>\n<p>MUGAVUS<br \/>\nPiduri lukustusStandard<br \/>\nIsteMadala leeniga, reguleeritav<br \/>\nRooliratasStandardne<br \/>\nNiiduseadme k\u00e4ivitusK\u00e4sikang<\/p>\n","protected":false},"featured_media":62999,"template":"","meta":{"inline_featured_image":false},"product_cat":[1079,5085,5497,1081],"product_tag":[],"class_list":{"0":"post-62998","1":"product","2":"type-product","3":"status-publish","4":"has-post-thumbnail","6":"product_brand-mtd","7":"product_cat-aiatehnika-ja-niidutehnika","8":"product_cat-aiatehnika-ja-tooriistad","9":"product_cat-kulgvaljaviskega-murutraktorid","10":"product_cat-murutraktorid","12":"first","13":"outofstock","14":"purchasable","15":"product-type-simple"},"yoast_head":"<!-- This site is optimized with the Yoast SEO plugin v27.4 - https:\/\/yoast.com\/product\/yoast-seo-wordpress\/ -->\n<title>Murutraktor SMART RF 130 H, MTD - Ranoja<\/title>\n<meta name=\"robots\" content=\"index, follow, max-snippet:-1, max-image-preview:large, max-video-preview:-1\" \/>\n<link rel=\"canonical\" href=\"https:\/\/ranoja.ee\/toode\/murutraktor-smart-rf-130-h-mtd\/\" \/>\n<meta property=\"og:locale\" content=\"en_US\" \/>\n<meta property=\"og:type\" content=\"article\" \/>\n<meta property=\"og:title\" content=\"Murutraktor SMART RF 130 H, MTD - Ranoja\" \/>\n<meta property=\"og:description\" content=\"Kompaktne kuid mitmek\u00fclgset kasutamist v\u00f5imaldav SMART RF 130 H on traktor v\u00e4iksemasse majapidamisse. Standardseades niidab ta vaalu, lisaks on p\u00f5hivarustuses mult\u0161ikate niidetu peenestamiseks. Lisavarustusena on saadaval kogumiskott. MOOTOR Mudel MTD 439cm3 Mootori maksimaalne v\u00f5imsus 12,5 hj Nominaalne v\u00f5imsus 7,5 kW @2450 p\/min \u00d5lituss\u00fcsteem\u00d5lipumbaga K\u00fctusepaak3,8 l VEOS\u00dcSTEEM J\u00f5u\u00fclekanneh\u00fcdrostaatiline pedaaliga sujuvalt muudetava kiirusega \u00fclekanne L\u00d5IKES\u00dcSTEEM Soovituslikud pinnad kuni 4000 m2 L\u00f5ikelaius92 cm, 2 tera, k\u00fclgv\u00e4ljapaise Rohusuunaja Standard KogumisvarustusLisavarustus 200 L \/ 19A30045OEM Mult\u0161ikateStandard L\u00f5ikek\u00f5rgus5 asendit, 30 - 95mm RAAM Rehvim\u00f5\u00f5t (ees\/taga) 15&#039;&#039; x 6&#039;&#039; \/ 20&#039;&#039; x 8&#039;&#039; P\u00f6\u00f6rderaadius46 cm RaamL\u00e4biastutavat t\u00fc\u00fcpi, keevitatud EsisillatalaTeras P\u00f5rkeraudLisavarustus OEM-190-679 Mootorikate\u00dches osas, t\u00f6\u00f6riistadeta eemaldav Kaal (ligikaudne)151 kg M\u00f5\u00f5tmed (P \/ L \/ K)170 \/ 107 \/ 100 cm MUGAVUS Piduri lukustusStandard IsteMadala leeniga, reguleeritav RooliratasStandardne Niiduseadme k\u00e4ivitusK\u00e4sikang\" \/>\n<meta property=\"og:url\" content=\"https:\/\/ranoja.ee\/toode\/murutraktor-smart-rf-130-h-mtd\/\" \/>\n<meta property=\"og:site_name\" content=\"Ranoja\" \/>\n<meta property=\"article:publisher\" content=\"https:\/\/www.facebook.com\/ranoja.ee\" \/>\n<meta property=\"article:modified_time\" content=\"2026-03-17T12:33:38+00:00\" \/>\n<meta property=\"og:image\" content=\"https:\/\/ranoja.ee\/wp-content\/uploads\/2026\/03\/264221510.jpg\" \/>\n\t<meta property=\"og:image:width\" content=\"900\" \/>\n\t<meta property=\"og:image:height\" content=\"900\" \/>\n\t<meta property=\"og:image:type\" content=\"image\/jpeg\" \/>\n<meta name=\"twitter:card\" content=\"summary_large_image\" \/>\n<script type=\"application\/ld+json\" class=\"yoast-schema-graph\">{\"@context\":\"https:\\\/\\\/schema.org\",\"@graph\":[{\"@type\":\"WebPage\",\"@id\":\"https:\\\/\\\/ranoja.ee\\\/toode\\\/murutraktor-smart-rf-130-h-mtd\\\/\",\"url\":\"https:\\\/\\\/ranoja.ee\\\/toode\\\/murutraktor-smart-rf-130-h-mtd\\\/\",\"name\":\"Murutraktor SMART RF 130 H, MTD - Ranoja\",\"isPartOf\":{\"@id\":\"https:\\\/\\\/ranoja.ee\\\/#website\"},\"primaryImageOfPage\":{\"@id\":\"https:\\\/\\\/ranoja.ee\\\/toode\\\/murutraktor-smart-rf-130-h-mtd\\\/#primaryimage\"},\"image\":{\"@id\":\"https:\\\/\\\/ranoja.ee\\\/toode\\\/murutraktor-smart-rf-130-h-mtd\\\/#primaryimage\"},\"thumbnailUrl\":\"https:\\\/\\\/ranoja.ee\\\/wp-content\\\/uploads\\\/2026\\\/03\\\/264221510.jpg\",\"datePublished\":\"2026-03-16T23:45:23+00:00\",\"dateModified\":\"2026-03-17T12:33:38+00:00\",\"breadcrumb\":{\"@id\":\"https:\\\/\\\/ranoja.ee\\\/toode\\\/murutraktor-smart-rf-130-h-mtd\\\/#breadcrumb\"},\"inLanguage\":\"en-US\",\"potentialAction\":[{\"@type\":\"ReadAction\",\"target\":[\"https:\\\/\\\/ranoja.ee\\\/toode\\\/murutraktor-smart-rf-130-h-mtd\\\/\"]}]},{\"@type\":\"ImageObject\",\"inLanguage\":\"en-US\",\"@id\":\"https:\\\/\\\/ranoja.ee\\\/toode\\\/murutraktor-smart-rf-130-h-mtd\\\/#primaryimage\",\"url\":\"https:\\\/\\\/ranoja.ee\\\/wp-content\\\/uploads\\\/2026\\\/03\\\/264221510.jpg\",\"contentUrl\":\"https:\\\/\\\/ranoja.ee\\\/wp-content\\\/uploads\\\/2026\\\/03\\\/264221510.jpg\",\"width\":900,\"height\":900},{\"@type\":\"BreadcrumbList\",\"@id\":\"https:\\\/\\\/ranoja.ee\\\/toode\\\/murutraktor-smart-rf-130-h-mtd\\\/#breadcrumb\",\"itemListElement\":[{\"@type\":\"ListItem\",\"position\":1,\"name\":\"Home\",\"item\":\"https:\\\/\\\/ranoja.ee\\\/\"},{\"@type\":\"ListItem\",\"position\":2,\"name\":\"Shop\",\"item\":\"https:\\\/\\\/ranoja.ee\\\/en\\\/shop\\\/\"},{\"@type\":\"ListItem\",\"position\":3,\"name\":\"Murutraktor SMART RF 130 H, MTD\"}]},{\"@type\":\"WebSite\",\"@id\":\"https:\\\/\\\/ranoja.ee\\\/#website\",\"url\":\"https:\\\/\\\/ranoja.ee\\\/\",\"name\":\"Ranoja\",\"description\":\"Equipment Shop WooCommerce WordPress Theme for Machine &amp; Tools\",\"publisher\":{\"@id\":\"https:\\\/\\\/ranoja.ee\\\/#organization\"},\"potentialAction\":[{\"@type\":\"SearchAction\",\"target\":{\"@type\":\"EntryPoint\",\"urlTemplate\":\"https:\\\/\\\/ranoja.ee\\\/?s={search_term_string}\"},\"query-input\":{\"@type\":\"PropertyValueSpecification\",\"valueRequired\":true,\"valueName\":\"search_term_string\"}}],\"inLanguage\":\"en-US\"},{\"@type\":\"Organization\",\"@id\":\"https:\\\/\\\/ranoja.ee\\\/#organization\",\"name\":\"Ranoja O\u00dc\",\"url\":\"https:\\\/\\\/ranoja.ee\\\/\",\"logo\":{\"@type\":\"ImageObject\",\"inLanguage\":\"en-US\",\"@id\":\"https:\\\/\\\/ranoja.ee\\\/#\\\/schema\\\/logo\\\/image\\\/\",\"url\":\"https:\\\/\\\/ranoja.ee\\\/wp-content\\\/uploads\\\/2023\\\/11\\\/ranoja-Logo.png\",\"contentUrl\":\"https:\\\/\\\/ranoja.ee\\\/wp-content\\\/uploads\\\/2023\\\/11\\\/ranoja-Logo.png\",\"width\":207,\"height\":58,\"caption\":\"Ranoja O\u00dc\"},\"image\":{\"@id\":\"https:\\\/\\\/ranoja.ee\\\/#\\\/schema\\\/logo\\\/image\\\/\"},\"sameAs\":[\"https:\\\/\\\/www.facebook.com\\\/ranoja.ee\",\"https:\\\/\\\/www.instagram.com\\\/ranoja__\\\/\"]}]}<\/script>\n<!-- \/ Yoast SEO plugin. -->","yoast_head_json":{"title":"Murutraktor SMART RF 130 H, MTD - Ranoja","robots":{"index":"index","follow":"follow","max-snippet":"max-snippet:-1","max-image-preview":"max-image-preview:large","max-video-preview":"max-video-preview:-1"},"canonical":"https:\/\/ranoja.ee\/toode\/murutraktor-smart-rf-130-h-mtd\/","og_locale":"en_US","og_type":"article","og_title":"Murutraktor SMART RF 130 H, MTD - Ranoja","og_description":"Kompaktne kuid mitmek\u00fclgset kasutamist v\u00f5imaldav SMART RF 130 H on traktor v\u00e4iksemasse majapidamisse. Standardseades niidab ta vaalu, lisaks on p\u00f5hivarustuses mult\u0161ikate niidetu peenestamiseks. Lisavarustusena on saadaval kogumiskott. MOOTOR Mudel MTD 439cm3 Mootori maksimaalne v\u00f5imsus 12,5 hj Nominaalne v\u00f5imsus 7,5 kW @2450 p\/min \u00d5lituss\u00fcsteem\u00d5lipumbaga K\u00fctusepaak3,8 l VEOS\u00dcSTEEM J\u00f5u\u00fclekanneh\u00fcdrostaatiline pedaaliga sujuvalt muudetava kiirusega \u00fclekanne L\u00d5IKES\u00dcSTEEM Soovituslikud pinnad kuni 4000 m2 L\u00f5ikelaius92 cm, 2 tera, k\u00fclgv\u00e4ljapaise Rohusuunaja Standard KogumisvarustusLisavarustus 200 L \/ 19A30045OEM Mult\u0161ikateStandard L\u00f5ikek\u00f5rgus5 asendit, 30 - 95mm RAAM Rehvim\u00f5\u00f5t (ees\/taga) 15'' x 6'' \/ 20'' x 8'' P\u00f6\u00f6rderaadius46 cm RaamL\u00e4biastutavat t\u00fc\u00fcpi, keevitatud EsisillatalaTeras P\u00f5rkeraudLisavarustus OEM-190-679 Mootorikate\u00dches osas, t\u00f6\u00f6riistadeta eemaldav Kaal (ligikaudne)151 kg M\u00f5\u00f5tmed (P \/ L \/ K)170 \/ 107 \/ 100 cm MUGAVUS Piduri lukustusStandard IsteMadala leeniga, reguleeritav RooliratasStandardne Niiduseadme k\u00e4ivitusK\u00e4sikang","og_url":"https:\/\/ranoja.ee\/toode\/murutraktor-smart-rf-130-h-mtd\/","og_site_name":"Ranoja","article_publisher":"https:\/\/www.facebook.com\/ranoja.ee","article_modified_time":"2026-03-17T12:33:38+00:00","og_image":[{"width":900,"height":900,"url":"https:\/\/ranoja.ee\/wp-content\/uploads\/2026\/03\/264221510.jpg","type":"image\/jpeg"}],"twitter_card":"summary_large_image","schema":{"@context":"https:\/\/schema.org","@graph":[{"@type":"WebPage","@id":"https:\/\/ranoja.ee\/toode\/murutraktor-smart-rf-130-h-mtd\/","url":"https:\/\/ranoja.ee\/toode\/murutraktor-smart-rf-130-h-mtd\/","name":"Murutraktor SMART RF 130 H, MTD - Ranoja","isPartOf":{"@id":"https:\/\/ranoja.ee\/#website"},"primaryImageOfPage":{"@id":"https:\/\/ranoja.ee\/toode\/murutraktor-smart-rf-130-h-mtd\/#primaryimage"},"image":{"@id":"https:\/\/ranoja.ee\/toode\/murutraktor-smart-rf-130-h-mtd\/#primaryimage"},"thumbnailUrl":"https:\/\/ranoja.ee\/wp-content\/uploads\/2026\/03\/264221510.jpg","datePublished":"2026-03-16T23:45:23+00:00","dateModified":"2026-03-17T12:33:38+00:00","breadcrumb":{"@id":"https:\/\/ranoja.ee\/toode\/murutraktor-smart-rf-130-h-mtd\/#breadcrumb"},"inLanguage":"en-US","potentialAction":[{"@type":"ReadAction","target":["https:\/\/ranoja.ee\/toode\/murutraktor-smart-rf-130-h-mtd\/"]}]},{"@type":"ImageObject","inLanguage":"en-US","@id":"https:\/\/ranoja.ee\/toode\/murutraktor-smart-rf-130-h-mtd\/#primaryimage","url":"https:\/\/ranoja.ee\/wp-content\/uploads\/2026\/03\/264221510.jpg","contentUrl":"https:\/\/ranoja.ee\/wp-content\/uploads\/2026\/03\/264221510.jpg","width":900,"height":900},{"@type":"BreadcrumbList","@id":"https:\/\/ranoja.ee\/toode\/murutraktor-smart-rf-130-h-mtd\/#breadcrumb","itemListElement":[{"@type":"ListItem","position":1,"name":"Home","item":"https:\/\/ranoja.ee\/"},{"@type":"ListItem","position":2,"name":"Shop","item":"https:\/\/ranoja.ee\/en\/shop\/"},{"@type":"ListItem","position":3,"name":"Murutraktor SMART RF 130 H, MTD"}]},{"@type":"WebSite","@id":"https:\/\/ranoja.ee\/#website","url":"https:\/\/ranoja.ee\/","name":"Ranoja","description":"Equipment Shop WooCommerce WordPress Theme for Machine &amp; Tools","publisher":{"@id":"https:\/\/ranoja.ee\/#organization"},"potentialAction":[{"@type":"SearchAction","target":{"@type":"EntryPoint","urlTemplate":"https:\/\/ranoja.ee\/?s={search_term_string}"},"query-input":{"@type":"PropertyValueSpecification","valueRequired":true,"valueName":"search_term_string"}}],"inLanguage":"en-US"},{"@type":"Organization","@id":"https:\/\/ranoja.ee\/#organization","name":"Ranoja O\u00dc","url":"https:\/\/ranoja.ee\/","logo":{"@type":"ImageObject","inLanguage":"en-US","@id":"https:\/\/ranoja.ee\/#\/schema\/logo\/image\/","url":"https:\/\/ranoja.ee\/wp-content\/uploads\/2023\/11\/ranoja-Logo.png","contentUrl":"https:\/\/ranoja.ee\/wp-content\/uploads\/2023\/11\/ranoja-Logo.png","width":207,"height":58,"caption":"Ranoja O\u00dc"},"image":{"@id":"https:\/\/ranoja.ee\/#\/schema\/logo\/image\/"},"sameAs":["https:\/\/www.facebook.com\/ranoja.ee","https:\/\/www.instagram.com\/ranoja__\/"]}]}},"_links":{"self":[{"href":"https:\/\/ranoja.ee\/en\/wp-json\/wp\/v2\/product\/62998","targetHints":{"allow":["GET"]}}],"collection":[{"href":"https:\/\/ranoja.ee\/en\/wp-json\/wp\/v2\/product"}],"about":[{"href":"https:\/\/ranoja.ee\/en\/wp-json\/wp\/v2\/types\/product"}],"wp:featuredmedia":[{"embeddable":true,"href":"https:\/\/ranoja.ee\/en\/wp-json\/wp\/v2\/media\/62999"}],"wp:attachment":[{"href":"https:\/\/ranoja.ee\/en\/wp-json\/wp\/v2\/media?parent=62998"}],"wp:term":[{"taxonomy":"product_cat","embeddable":true,"href":"https:\/\/ranoja.ee\/en\/wp-json\/wp\/v2\/product_cat?post=62998"},{"taxonomy":"product_tag","embeddable":true,"href":"https:\/\/ranoja.ee\/en\/wp-json\/wp\/v2\/product_tag?post=62998"}],"curies":[{"name":"wp","href":"https:\/\/api.w.org\/{rel}","templated":true}]}}