{"id":62996,"date":"2026-03-17T02:45:23","date_gmt":"2026-03-16T23:45:23","guid":{"rendered":"https:\/\/ranoja.ee\/toode\/muruluud-112-cm-agri-fab\/"},"modified":"2026-03-17T15:33:38","modified_gmt":"2026-03-17T12:33:38","slug":"muruluud-112-cm-agri-fab","status":"publish","type":"product","link":"https:\/\/ranoja.ee\/en\/toode\/muruluud-112-cm-agri-fab\/","title":{"rendered":"Muruluud 112 cm, Agri-Fab"},"content":{"rendered":"","protected":false},"excerpt":{"rendered":"<p>J\u00e4relveetav muruluud k\u00f5igile murutraktoritele, v\u00f5imaldab kokku p\u00fchkida nii niidetud muru kui ka mahalangenud puulehed. Stantsitud teraskorpus tagab vastupidavuse pikkadeks aastateks.<br \/>\nSuure mahutavusega kogumiskott, mida v\u00f5imalik t\u00fchjendada traktori istmelt lahkumata.<br \/>\nt\u00f6\u00f6laius 112 cm<br \/>\nM\u00f5\u00f5dud: 195 x 137,5 x 130  cm<\/p>\n","protected":false},"featured_media":62997,"template":"","meta":{"inline_featured_image":false},"product_cat":[1079,5085,5175,1081],"product_tag":[],"class_list":{"0":"post-62996","1":"product","2":"type-product","3":"status-publish","4":"has-post-thumbnail","6":"product_brand-agri-fab","7":"product_cat-aiatehnika-ja-niidutehnika","8":"product_cat-aiatehnika-ja-tooriistad","9":"product_cat-lisaseadmed-murutraktoritele","10":"product_cat-murutraktorid","12":"first","13":"outofstock","14":"purchasable","15":"product-type-simple"},"yoast_head":"<!-- This site is optimized with the Yoast SEO plugin v27.4 - https:\/\/yoast.com\/product\/yoast-seo-wordpress\/ -->\n<title>Muruluud 112 cm, Agri-Fab - Ranoja<\/title>\n<meta name=\"robots\" content=\"index, follow, max-snippet:-1, max-image-preview:large, max-video-preview:-1\" \/>\n<link rel=\"canonical\" href=\"https:\/\/ranoja.ee\/toode\/muruluud-112-cm-agri-fab\/\" \/>\n<meta property=\"og:locale\" content=\"en_US\" \/>\n<meta property=\"og:type\" content=\"article\" \/>\n<meta property=\"og:title\" content=\"Muruluud 112 cm, Agri-Fab - Ranoja\" \/>\n<meta property=\"og:description\" content=\"J\u00e4relveetav muruluud k\u00f5igile murutraktoritele, v\u00f5imaldab kokku p\u00fchkida nii niidetud muru kui ka mahalangenud puulehed. Stantsitud teraskorpus tagab vastupidavuse pikkadeks aastateks. Suure mahutavusega kogumiskott, mida v\u00f5imalik t\u00fchjendada traktori istmelt lahkumata. t\u00f6\u00f6laius 112 cm M\u00f5\u00f5dud: 195 x 137,5 x 130 cm\" \/>\n<meta property=\"og:url\" content=\"https:\/\/ranoja.ee\/toode\/muruluud-112-cm-agri-fab\/\" \/>\n<meta property=\"og:site_name\" content=\"Ranoja\" \/>\n<meta property=\"article:publisher\" content=\"https:\/\/www.facebook.com\/ranoja.ee\" \/>\n<meta property=\"article:modified_time\" content=\"2026-03-17T12:33:38+00:00\" \/>\n<meta property=\"og:image\" content=\"https:\/\/ranoja.ee\/wp-content\/uploads\/2026\/03\/173748905.jpg\" \/>\n\t<meta property=\"og:image:width\" content=\"719\" \/>\n\t<meta property=\"og:image:height\" content=\"480\" \/>\n\t<meta property=\"og:image:type\" content=\"image\/jpeg\" \/>\n<meta name=\"twitter:card\" content=\"summary_large_image\" \/>\n<script type=\"application\/ld+json\" class=\"yoast-schema-graph\">{\"@context\":\"https:\\\/\\\/schema.org\",\"@graph\":[{\"@type\":\"WebPage\",\"@id\":\"https:\\\/\\\/ranoja.ee\\\/toode\\\/muruluud-112-cm-agri-fab\\\/\",\"url\":\"https:\\\/\\\/ranoja.ee\\\/toode\\\/muruluud-112-cm-agri-fab\\\/\",\"name\":\"Muruluud 112 cm, Agri-Fab - Ranoja\",\"isPartOf\":{\"@id\":\"https:\\\/\\\/ranoja.ee\\\/#website\"},\"primaryImageOfPage\":{\"@id\":\"https:\\\/\\\/ranoja.ee\\\/toode\\\/muruluud-112-cm-agri-fab\\\/#primaryimage\"},\"image\":{\"@id\":\"https:\\\/\\\/ranoja.ee\\\/toode\\\/muruluud-112-cm-agri-fab\\\/#primaryimage\"},\"thumbnailUrl\":\"https:\\\/\\\/ranoja.ee\\\/wp-content\\\/uploads\\\/2026\\\/03\\\/173748905.jpg\",\"datePublished\":\"2026-03-16T23:45:23+00:00\",\"dateModified\":\"2026-03-17T12:33:38+00:00\",\"breadcrumb\":{\"@id\":\"https:\\\/\\\/ranoja.ee\\\/toode\\\/muruluud-112-cm-agri-fab\\\/#breadcrumb\"},\"inLanguage\":\"en-US\",\"potentialAction\":[{\"@type\":\"ReadAction\",\"target\":[\"https:\\\/\\\/ranoja.ee\\\/toode\\\/muruluud-112-cm-agri-fab\\\/\"]}]},{\"@type\":\"ImageObject\",\"inLanguage\":\"en-US\",\"@id\":\"https:\\\/\\\/ranoja.ee\\\/toode\\\/muruluud-112-cm-agri-fab\\\/#primaryimage\",\"url\":\"https:\\\/\\\/ranoja.ee\\\/wp-content\\\/uploads\\\/2026\\\/03\\\/173748905.jpg\",\"contentUrl\":\"https:\\\/\\\/ranoja.ee\\\/wp-content\\\/uploads\\\/2026\\\/03\\\/173748905.jpg\",\"width\":719,\"height\":480},{\"@type\":\"BreadcrumbList\",\"@id\":\"https:\\\/\\\/ranoja.ee\\\/toode\\\/muruluud-112-cm-agri-fab\\\/#breadcrumb\",\"itemListElement\":[{\"@type\":\"ListItem\",\"position\":1,\"name\":\"Home\",\"item\":\"https:\\\/\\\/ranoja.ee\\\/\"},{\"@type\":\"ListItem\",\"position\":2,\"name\":\"Shop\",\"item\":\"https:\\\/\\\/ranoja.ee\\\/en\\\/shop\\\/\"},{\"@type\":\"ListItem\",\"position\":3,\"name\":\"Muruluud 112 cm, Agri-Fab\"}]},{\"@type\":\"WebSite\",\"@id\":\"https:\\\/\\\/ranoja.ee\\\/#website\",\"url\":\"https:\\\/\\\/ranoja.ee\\\/\",\"name\":\"Ranoja\",\"description\":\"Equipment Shop WooCommerce WordPress Theme for Machine &amp; Tools\",\"publisher\":{\"@id\":\"https:\\\/\\\/ranoja.ee\\\/#organization\"},\"potentialAction\":[{\"@type\":\"SearchAction\",\"target\":{\"@type\":\"EntryPoint\",\"urlTemplate\":\"https:\\\/\\\/ranoja.ee\\\/?s={search_term_string}\"},\"query-input\":{\"@type\":\"PropertyValueSpecification\",\"valueRequired\":true,\"valueName\":\"search_term_string\"}}],\"inLanguage\":\"en-US\"},{\"@type\":\"Organization\",\"@id\":\"https:\\\/\\\/ranoja.ee\\\/#organization\",\"name\":\"Ranoja O\u00dc\",\"url\":\"https:\\\/\\\/ranoja.ee\\\/\",\"logo\":{\"@type\":\"ImageObject\",\"inLanguage\":\"en-US\",\"@id\":\"https:\\\/\\\/ranoja.ee\\\/#\\\/schema\\\/logo\\\/image\\\/\",\"url\":\"https:\\\/\\\/ranoja.ee\\\/wp-content\\\/uploads\\\/2023\\\/11\\\/ranoja-Logo.png\",\"contentUrl\":\"https:\\\/\\\/ranoja.ee\\\/wp-content\\\/uploads\\\/2023\\\/11\\\/ranoja-Logo.png\",\"width\":207,\"height\":58,\"caption\":\"Ranoja O\u00dc\"},\"image\":{\"@id\":\"https:\\\/\\\/ranoja.ee\\\/#\\\/schema\\\/logo\\\/image\\\/\"},\"sameAs\":[\"https:\\\/\\\/www.facebook.com\\\/ranoja.ee\",\"https:\\\/\\\/www.instagram.com\\\/ranoja__\\\/\"]}]}<\/script>\n<!-- \/ Yoast SEO plugin. -->","yoast_head_json":{"title":"Muruluud 112 cm, Agri-Fab - Ranoja","robots":{"index":"index","follow":"follow","max-snippet":"max-snippet:-1","max-image-preview":"max-image-preview:large","max-video-preview":"max-video-preview:-1"},"canonical":"https:\/\/ranoja.ee\/toode\/muruluud-112-cm-agri-fab\/","og_locale":"en_US","og_type":"article","og_title":"Muruluud 112 cm, Agri-Fab - Ranoja","og_description":"J\u00e4relveetav muruluud k\u00f5igile murutraktoritele, v\u00f5imaldab kokku p\u00fchkida nii niidetud muru kui ka mahalangenud puulehed. Stantsitud teraskorpus tagab vastupidavuse pikkadeks aastateks. Suure mahutavusega kogumiskott, mida v\u00f5imalik t\u00fchjendada traktori istmelt lahkumata. t\u00f6\u00f6laius 112 cm M\u00f5\u00f5dud: 195 x 137,5 x 130 cm","og_url":"https:\/\/ranoja.ee\/toode\/muruluud-112-cm-agri-fab\/","og_site_name":"Ranoja","article_publisher":"https:\/\/www.facebook.com\/ranoja.ee","article_modified_time":"2026-03-17T12:33:38+00:00","og_image":[{"width":719,"height":480,"url":"https:\/\/ranoja.ee\/wp-content\/uploads\/2026\/03\/173748905.jpg","type":"image\/jpeg"}],"twitter_card":"summary_large_image","schema":{"@context":"https:\/\/schema.org","@graph":[{"@type":"WebPage","@id":"https:\/\/ranoja.ee\/toode\/muruluud-112-cm-agri-fab\/","url":"https:\/\/ranoja.ee\/toode\/muruluud-112-cm-agri-fab\/","name":"Muruluud 112 cm, Agri-Fab - Ranoja","isPartOf":{"@id":"https:\/\/ranoja.ee\/#website"},"primaryImageOfPage":{"@id":"https:\/\/ranoja.ee\/toode\/muruluud-112-cm-agri-fab\/#primaryimage"},"image":{"@id":"https:\/\/ranoja.ee\/toode\/muruluud-112-cm-agri-fab\/#primaryimage"},"thumbnailUrl":"https:\/\/ranoja.ee\/wp-content\/uploads\/2026\/03\/173748905.jpg","datePublished":"2026-03-16T23:45:23+00:00","dateModified":"2026-03-17T12:33:38+00:00","breadcrumb":{"@id":"https:\/\/ranoja.ee\/toode\/muruluud-112-cm-agri-fab\/#breadcrumb"},"inLanguage":"en-US","potentialAction":[{"@type":"ReadAction","target":["https:\/\/ranoja.ee\/toode\/muruluud-112-cm-agri-fab\/"]}]},{"@type":"ImageObject","inLanguage":"en-US","@id":"https:\/\/ranoja.ee\/toode\/muruluud-112-cm-agri-fab\/#primaryimage","url":"https:\/\/ranoja.ee\/wp-content\/uploads\/2026\/03\/173748905.jpg","contentUrl":"https:\/\/ranoja.ee\/wp-content\/uploads\/2026\/03\/173748905.jpg","width":719,"height":480},{"@type":"BreadcrumbList","@id":"https:\/\/ranoja.ee\/toode\/muruluud-112-cm-agri-fab\/#breadcrumb","itemListElement":[{"@type":"ListItem","position":1,"name":"Home","item":"https:\/\/ranoja.ee\/"},{"@type":"ListItem","position":2,"name":"Shop","item":"https:\/\/ranoja.ee\/en\/shop\/"},{"@type":"ListItem","position":3,"name":"Muruluud 112 cm, Agri-Fab"}]},{"@type":"WebSite","@id":"https:\/\/ranoja.ee\/#website","url":"https:\/\/ranoja.ee\/","name":"Ranoja","description":"Equipment Shop WooCommerce WordPress Theme for Machine &amp; Tools","publisher":{"@id":"https:\/\/ranoja.ee\/#organization"},"potentialAction":[{"@type":"SearchAction","target":{"@type":"EntryPoint","urlTemplate":"https:\/\/ranoja.ee\/?s={search_term_string}"},"query-input":{"@type":"PropertyValueSpecification","valueRequired":true,"valueName":"search_term_string"}}],"inLanguage":"en-US"},{"@type":"Organization","@id":"https:\/\/ranoja.ee\/#organization","name":"Ranoja O\u00dc","url":"https:\/\/ranoja.ee\/","logo":{"@type":"ImageObject","inLanguage":"en-US","@id":"https:\/\/ranoja.ee\/#\/schema\/logo\/image\/","url":"https:\/\/ranoja.ee\/wp-content\/uploads\/2023\/11\/ranoja-Logo.png","contentUrl":"https:\/\/ranoja.ee\/wp-content\/uploads\/2023\/11\/ranoja-Logo.png","width":207,"height":58,"caption":"Ranoja O\u00dc"},"image":{"@id":"https:\/\/ranoja.ee\/#\/schema\/logo\/image\/"},"sameAs":["https:\/\/www.facebook.com\/ranoja.ee","https:\/\/www.instagram.com\/ranoja__\/"]}]}},"_links":{"self":[{"href":"https:\/\/ranoja.ee\/en\/wp-json\/wp\/v2\/product\/62996","targetHints":{"allow":["GET"]}}],"collection":[{"href":"https:\/\/ranoja.ee\/en\/wp-json\/wp\/v2\/product"}],"about":[{"href":"https:\/\/ranoja.ee\/en\/wp-json\/wp\/v2\/types\/product"}],"wp:featuredmedia":[{"embeddable":true,"href":"https:\/\/ranoja.ee\/en\/wp-json\/wp\/v2\/media\/62997"}],"wp:attachment":[{"href":"https:\/\/ranoja.ee\/en\/wp-json\/wp\/v2\/media?parent=62996"}],"wp:term":[{"taxonomy":"product_cat","embeddable":true,"href":"https:\/\/ranoja.ee\/en\/wp-json\/wp\/v2\/product_cat?post=62996"},{"taxonomy":"product_tag","embeddable":true,"href":"https:\/\/ranoja.ee\/en\/wp-json\/wp\/v2\/product_tag?post=62996"}],"curies":[{"name":"wp","href":"https:\/\/api.w.org\/{rel}","templated":true}]}}