{"id":62981,"date":"2026-03-17T02:44:59","date_gmt":"2026-03-16T23:44:59","guid":{"rendered":"https:\/\/ranoja.ee\/toode\/juhtpinnaoli-liugpinnaoli-velol-rc-220-205l-orlen-oil\/"},"modified":"2026-03-17T15:33:38","modified_gmt":"2026-03-17T12:33:38","slug":"juhtpinnaoli-liugpinnaoli-velol-rc-220-205l-orlen-oil","status":"publish","type":"product","link":"https:\/\/ranoja.ee\/en\/toode\/juhtpinnaoli-liugpinnaoli-velol-rc-220-205l-orlen-oil\/","title":{"rendered":"Juhtpinna\u00f5li\/liugpinna\u00f5li Velol RC 220 205L, Orlen Oil"},"content":{"rendered":"","protected":false},"excerpt":{"rendered":"<p>Velol RC 220 juht\u00f5lid on valmistatud s\u00fcgavpuhastatud mineraal\u00f5list ja kaasaegsest \u00f5likonditsioneeride segust, tagades \u00f5iged h\u00f5\u00f5rdeomadused, mis on vajalikud Cincinnati \u2013 Milacroni ja General Motorsi LS-2 (LW-06-1-04) spetsifikatsioonide n\u00f5uete t\u00e4itmiseks.<\/p>\n<p>V\u00f5imaldab:<br \/>\n\u2022 s\u00e4ilitada juhiku sees h\u00fcdrod\u00fcnaamilist m\u00e4\u00e4rimist,<br \/>\n\u2022 positsioneerida t\u00f6\u00f6riista \u00f5igesti elemendi vastu,<br \/>\n\u2022 v\u00e4ltida &#8220;nakkuva libisemise&#8221; efekti,<br \/>\n\u2022 pikendada l\u00f5ikes\u00fcsteemide ja -t\u00f6\u00f6riistade t\u00f6\u00f6aega,<br \/>\n\u2022 saavutada \u00f5ige pinnat\u00f6\u00f6tluse efekti,<br \/>\n\u2022 tagada ideaalne eraldus t\u00f6\u00f6tlemis\u00f5lidest.<\/p>\n<p>Kasutusala<br \/>\nVelol RC juht\u00f5lisid kasutatakse igat t\u00fc\u00fcpi liugjuhikute m\u00e4\u00e4rimiseks, sealhulgas vertikaalsete liugjuhikute ja t\u00e4ppisjuhikute m\u00e4\u00e4rimiseks, mis t\u00f6\u00f6tavad k\u00f5rgematel temperatuuridel ja suurte koormuste all.<\/p>\n<p>Need tagavad juhikute n\u00f5uetekohase t\u00f6\u00f6, p\u00f6\u00f6rates erilist t\u00e4helepanu \u00f5igetele h\u00f5\u00f5rdeomadustele ja &#8220;nakkuva libisemise&#8221; k\u00f5rvaldamisele.<\/p>\n<p>Standardid, kinnitused, spetsifikatsioonid<br \/>\nISO 6743-13:2002\/GB,<br \/>\nDIN 51502 &#8211; CGLP<\/p>\n","protected":false},"featured_media":62982,"template":"","meta":{"inline_featured_image":false},"product_cat":[5445,5012,5093],"product_tag":[],"class_list":{"0":"post-62981","1":"product","2":"type-product","3":"status-publish","4":"has-post-thumbnail","6":"product_brand-orlen-oil","7":"product_cat-liugpinna-ja-hammasulekandeolid","8":"product_cat-olid-ja-maardeained","9":"product_cat-toostusolid","11":"first","12":"outofstock","13":"purchasable","14":"product-type-simple"},"yoast_head":"<!-- This site is optimized with the Yoast SEO plugin v27.4 - https:\/\/yoast.com\/product\/yoast-seo-wordpress\/ -->\n<title>Juhtpinna\u00f5li\/liugpinna\u00f5li Velol RC 220 205L, Orlen Oil - Ranoja<\/title>\n<meta name=\"robots\" content=\"index, follow, max-snippet:-1, max-image-preview:large, max-video-preview:-1\" \/>\n<link rel=\"canonical\" href=\"https:\/\/ranoja.ee\/toode\/juhtpinnaoli-liugpinnaoli-velol-rc-220-205l-orlen-oil\/\" \/>\n<meta property=\"og:locale\" content=\"en_US\" \/>\n<meta property=\"og:type\" content=\"article\" \/>\n<meta property=\"og:title\" content=\"Juhtpinna\u00f5li\/liugpinna\u00f5li Velol RC 220 205L, Orlen Oil - Ranoja\" \/>\n<meta property=\"og:description\" content=\"Velol RC 220 juht\u00f5lid on valmistatud s\u00fcgavpuhastatud mineraal\u00f5list ja kaasaegsest \u00f5likonditsioneeride segust, tagades \u00f5iged h\u00f5\u00f5rdeomadused, mis on vajalikud Cincinnati \u2013 Milacroni ja General Motorsi LS-2 (LW-06-1-04) spetsifikatsioonide n\u00f5uete t\u00e4itmiseks. V\u00f5imaldab: \u2022 s\u00e4ilitada juhiku sees h\u00fcdrod\u00fcnaamilist m\u00e4\u00e4rimist, \u2022 positsioneerida t\u00f6\u00f6riista \u00f5igesti elemendi vastu, \u2022 v\u00e4ltida &quot;nakkuva libisemise&quot; efekti, \u2022 pikendada l\u00f5ikes\u00fcsteemide ja -t\u00f6\u00f6riistade t\u00f6\u00f6aega, \u2022 saavutada \u00f5ige pinnat\u00f6\u00f6tluse efekti, \u2022 tagada ideaalne eraldus t\u00f6\u00f6tlemis\u00f5lidest. Kasutusala Velol RC juht\u00f5lisid kasutatakse igat t\u00fc\u00fcpi liugjuhikute m\u00e4\u00e4rimiseks, sealhulgas vertikaalsete liugjuhikute ja t\u00e4ppisjuhikute m\u00e4\u00e4rimiseks, mis t\u00f6\u00f6tavad k\u00f5rgematel temperatuuridel ja suurte koormuste all. Need tagavad juhikute n\u00f5uetekohase t\u00f6\u00f6, p\u00f6\u00f6rates erilist t\u00e4helepanu \u00f5igetele h\u00f5\u00f5rdeomadustele ja &quot;nakkuva libisemise&quot; k\u00f5rvaldamisele. Standardid, kinnitused, spetsifikatsioonid ISO 6743-13:2002\/GB, DIN 51502 - CGLP\" \/>\n<meta property=\"og:url\" content=\"https:\/\/ranoja.ee\/toode\/juhtpinnaoli-liugpinnaoli-velol-rc-220-205l-orlen-oil\/\" \/>\n<meta property=\"og:site_name\" content=\"Ranoja\" \/>\n<meta property=\"article:publisher\" content=\"https:\/\/www.facebook.com\/ranoja.ee\" \/>\n<meta property=\"article:modified_time\" content=\"2026-03-17T12:33:38+00:00\" \/>\n<meta property=\"og:image\" content=\"https:\/\/ranoja.ee\/wp-content\/uploads\/2026\/03\/5638660602.jpg\" \/>\n\t<meta property=\"og:image:width\" content=\"474\" \/>\n\t<meta property=\"og:image:height\" content=\"713\" \/>\n\t<meta property=\"og:image:type\" content=\"image\/jpeg\" \/>\n<meta name=\"twitter:card\" content=\"summary_large_image\" \/>\n<script type=\"application\/ld+json\" class=\"yoast-schema-graph\">{\"@context\":\"https:\\\/\\\/schema.org\",\"@graph\":[{\"@type\":\"WebPage\",\"@id\":\"https:\\\/\\\/ranoja.ee\\\/toode\\\/juhtpinnaoli-liugpinnaoli-velol-rc-220-205l-orlen-oil\\\/\",\"url\":\"https:\\\/\\\/ranoja.ee\\\/toode\\\/juhtpinnaoli-liugpinnaoli-velol-rc-220-205l-orlen-oil\\\/\",\"name\":\"Juhtpinna\u00f5li\\\/liugpinna\u00f5li Velol RC 220 205L, Orlen Oil - Ranoja\",\"isPartOf\":{\"@id\":\"https:\\\/\\\/ranoja.ee\\\/#website\"},\"primaryImageOfPage\":{\"@id\":\"https:\\\/\\\/ranoja.ee\\\/toode\\\/juhtpinnaoli-liugpinnaoli-velol-rc-220-205l-orlen-oil\\\/#primaryimage\"},\"image\":{\"@id\":\"https:\\\/\\\/ranoja.ee\\\/toode\\\/juhtpinnaoli-liugpinnaoli-velol-rc-220-205l-orlen-oil\\\/#primaryimage\"},\"thumbnailUrl\":\"https:\\\/\\\/ranoja.ee\\\/wp-content\\\/uploads\\\/2026\\\/03\\\/5638660602.jpg\",\"datePublished\":\"2026-03-16T23:44:59+00:00\",\"dateModified\":\"2026-03-17T12:33:38+00:00\",\"breadcrumb\":{\"@id\":\"https:\\\/\\\/ranoja.ee\\\/toode\\\/juhtpinnaoli-liugpinnaoli-velol-rc-220-205l-orlen-oil\\\/#breadcrumb\"},\"inLanguage\":\"en-US\",\"potentialAction\":[{\"@type\":\"ReadAction\",\"target\":[\"https:\\\/\\\/ranoja.ee\\\/toode\\\/juhtpinnaoli-liugpinnaoli-velol-rc-220-205l-orlen-oil\\\/\"]}]},{\"@type\":\"ImageObject\",\"inLanguage\":\"en-US\",\"@id\":\"https:\\\/\\\/ranoja.ee\\\/toode\\\/juhtpinnaoli-liugpinnaoli-velol-rc-220-205l-orlen-oil\\\/#primaryimage\",\"url\":\"https:\\\/\\\/ranoja.ee\\\/wp-content\\\/uploads\\\/2026\\\/03\\\/5638660602.jpg\",\"contentUrl\":\"https:\\\/\\\/ranoja.ee\\\/wp-content\\\/uploads\\\/2026\\\/03\\\/5638660602.jpg\",\"width\":474,\"height\":713},{\"@type\":\"BreadcrumbList\",\"@id\":\"https:\\\/\\\/ranoja.ee\\\/toode\\\/juhtpinnaoli-liugpinnaoli-velol-rc-220-205l-orlen-oil\\\/#breadcrumb\",\"itemListElement\":[{\"@type\":\"ListItem\",\"position\":1,\"name\":\"Home\",\"item\":\"https:\\\/\\\/ranoja.ee\\\/\"},{\"@type\":\"ListItem\",\"position\":2,\"name\":\"Shop\",\"item\":\"https:\\\/\\\/ranoja.ee\\\/en\\\/shop\\\/\"},{\"@type\":\"ListItem\",\"position\":3,\"name\":\"Juhtpinna\u00f5li\\\/liugpinna\u00f5li Velol RC 220 205L, Orlen Oil\"}]},{\"@type\":\"WebSite\",\"@id\":\"https:\\\/\\\/ranoja.ee\\\/#website\",\"url\":\"https:\\\/\\\/ranoja.ee\\\/\",\"name\":\"Ranoja\",\"description\":\"Equipment Shop WooCommerce WordPress Theme for Machine &amp; Tools\",\"publisher\":{\"@id\":\"https:\\\/\\\/ranoja.ee\\\/#organization\"},\"potentialAction\":[{\"@type\":\"SearchAction\",\"target\":{\"@type\":\"EntryPoint\",\"urlTemplate\":\"https:\\\/\\\/ranoja.ee\\\/?s={search_term_string}\"},\"query-input\":{\"@type\":\"PropertyValueSpecification\",\"valueRequired\":true,\"valueName\":\"search_term_string\"}}],\"inLanguage\":\"en-US\"},{\"@type\":\"Organization\",\"@id\":\"https:\\\/\\\/ranoja.ee\\\/#organization\",\"name\":\"Ranoja O\u00dc\",\"url\":\"https:\\\/\\\/ranoja.ee\\\/\",\"logo\":{\"@type\":\"ImageObject\",\"inLanguage\":\"en-US\",\"@id\":\"https:\\\/\\\/ranoja.ee\\\/#\\\/schema\\\/logo\\\/image\\\/\",\"url\":\"https:\\\/\\\/ranoja.ee\\\/wp-content\\\/uploads\\\/2023\\\/11\\\/ranoja-Logo.png\",\"contentUrl\":\"https:\\\/\\\/ranoja.ee\\\/wp-content\\\/uploads\\\/2023\\\/11\\\/ranoja-Logo.png\",\"width\":207,\"height\":58,\"caption\":\"Ranoja O\u00dc\"},\"image\":{\"@id\":\"https:\\\/\\\/ranoja.ee\\\/#\\\/schema\\\/logo\\\/image\\\/\"},\"sameAs\":[\"https:\\\/\\\/www.facebook.com\\\/ranoja.ee\",\"https:\\\/\\\/www.instagram.com\\\/ranoja__\\\/\"]}]}<\/script>\n<!-- \/ Yoast SEO plugin. -->","yoast_head_json":{"title":"Juhtpinna\u00f5li\/liugpinna\u00f5li Velol RC 220 205L, Orlen Oil - Ranoja","robots":{"index":"index","follow":"follow","max-snippet":"max-snippet:-1","max-image-preview":"max-image-preview:large","max-video-preview":"max-video-preview:-1"},"canonical":"https:\/\/ranoja.ee\/toode\/juhtpinnaoli-liugpinnaoli-velol-rc-220-205l-orlen-oil\/","og_locale":"en_US","og_type":"article","og_title":"Juhtpinna\u00f5li\/liugpinna\u00f5li Velol RC 220 205L, Orlen Oil - Ranoja","og_description":"Velol RC 220 juht\u00f5lid on valmistatud s\u00fcgavpuhastatud mineraal\u00f5list ja kaasaegsest \u00f5likonditsioneeride segust, tagades \u00f5iged h\u00f5\u00f5rdeomadused, mis on vajalikud Cincinnati \u2013 Milacroni ja General Motorsi LS-2 (LW-06-1-04) spetsifikatsioonide n\u00f5uete t\u00e4itmiseks. V\u00f5imaldab: \u2022 s\u00e4ilitada juhiku sees h\u00fcdrod\u00fcnaamilist m\u00e4\u00e4rimist, \u2022 positsioneerida t\u00f6\u00f6riista \u00f5igesti elemendi vastu, \u2022 v\u00e4ltida \"nakkuva libisemise\" efekti, \u2022 pikendada l\u00f5ikes\u00fcsteemide ja -t\u00f6\u00f6riistade t\u00f6\u00f6aega, \u2022 saavutada \u00f5ige pinnat\u00f6\u00f6tluse efekti, \u2022 tagada ideaalne eraldus t\u00f6\u00f6tlemis\u00f5lidest. Kasutusala Velol RC juht\u00f5lisid kasutatakse igat t\u00fc\u00fcpi liugjuhikute m\u00e4\u00e4rimiseks, sealhulgas vertikaalsete liugjuhikute ja t\u00e4ppisjuhikute m\u00e4\u00e4rimiseks, mis t\u00f6\u00f6tavad k\u00f5rgematel temperatuuridel ja suurte koormuste all. Need tagavad juhikute n\u00f5uetekohase t\u00f6\u00f6, p\u00f6\u00f6rates erilist t\u00e4helepanu \u00f5igetele h\u00f5\u00f5rdeomadustele ja \"nakkuva libisemise\" k\u00f5rvaldamisele. Standardid, kinnitused, spetsifikatsioonid ISO 6743-13:2002\/GB, DIN 51502 - CGLP","og_url":"https:\/\/ranoja.ee\/toode\/juhtpinnaoli-liugpinnaoli-velol-rc-220-205l-orlen-oil\/","og_site_name":"Ranoja","article_publisher":"https:\/\/www.facebook.com\/ranoja.ee","article_modified_time":"2026-03-17T12:33:38+00:00","og_image":[{"width":474,"height":713,"url":"https:\/\/ranoja.ee\/wp-content\/uploads\/2026\/03\/5638660602.jpg","type":"image\/jpeg"}],"twitter_card":"summary_large_image","schema":{"@context":"https:\/\/schema.org","@graph":[{"@type":"WebPage","@id":"https:\/\/ranoja.ee\/toode\/juhtpinnaoli-liugpinnaoli-velol-rc-220-205l-orlen-oil\/","url":"https:\/\/ranoja.ee\/toode\/juhtpinnaoli-liugpinnaoli-velol-rc-220-205l-orlen-oil\/","name":"Juhtpinna\u00f5li\/liugpinna\u00f5li Velol RC 220 205L, Orlen Oil - Ranoja","isPartOf":{"@id":"https:\/\/ranoja.ee\/#website"},"primaryImageOfPage":{"@id":"https:\/\/ranoja.ee\/toode\/juhtpinnaoli-liugpinnaoli-velol-rc-220-205l-orlen-oil\/#primaryimage"},"image":{"@id":"https:\/\/ranoja.ee\/toode\/juhtpinnaoli-liugpinnaoli-velol-rc-220-205l-orlen-oil\/#primaryimage"},"thumbnailUrl":"https:\/\/ranoja.ee\/wp-content\/uploads\/2026\/03\/5638660602.jpg","datePublished":"2026-03-16T23:44:59+00:00","dateModified":"2026-03-17T12:33:38+00:00","breadcrumb":{"@id":"https:\/\/ranoja.ee\/toode\/juhtpinnaoli-liugpinnaoli-velol-rc-220-205l-orlen-oil\/#breadcrumb"},"inLanguage":"en-US","potentialAction":[{"@type":"ReadAction","target":["https:\/\/ranoja.ee\/toode\/juhtpinnaoli-liugpinnaoli-velol-rc-220-205l-orlen-oil\/"]}]},{"@type":"ImageObject","inLanguage":"en-US","@id":"https:\/\/ranoja.ee\/toode\/juhtpinnaoli-liugpinnaoli-velol-rc-220-205l-orlen-oil\/#primaryimage","url":"https:\/\/ranoja.ee\/wp-content\/uploads\/2026\/03\/5638660602.jpg","contentUrl":"https:\/\/ranoja.ee\/wp-content\/uploads\/2026\/03\/5638660602.jpg","width":474,"height":713},{"@type":"BreadcrumbList","@id":"https:\/\/ranoja.ee\/toode\/juhtpinnaoli-liugpinnaoli-velol-rc-220-205l-orlen-oil\/#breadcrumb","itemListElement":[{"@type":"ListItem","position":1,"name":"Home","item":"https:\/\/ranoja.ee\/"},{"@type":"ListItem","position":2,"name":"Shop","item":"https:\/\/ranoja.ee\/en\/shop\/"},{"@type":"ListItem","position":3,"name":"Juhtpinna\u00f5li\/liugpinna\u00f5li Velol RC 220 205L, Orlen Oil"}]},{"@type":"WebSite","@id":"https:\/\/ranoja.ee\/#website","url":"https:\/\/ranoja.ee\/","name":"Ranoja","description":"Equipment Shop WooCommerce WordPress Theme for Machine &amp; Tools","publisher":{"@id":"https:\/\/ranoja.ee\/#organization"},"potentialAction":[{"@type":"SearchAction","target":{"@type":"EntryPoint","urlTemplate":"https:\/\/ranoja.ee\/?s={search_term_string}"},"query-input":{"@type":"PropertyValueSpecification","valueRequired":true,"valueName":"search_term_string"}}],"inLanguage":"en-US"},{"@type":"Organization","@id":"https:\/\/ranoja.ee\/#organization","name":"Ranoja O\u00dc","url":"https:\/\/ranoja.ee\/","logo":{"@type":"ImageObject","inLanguage":"en-US","@id":"https:\/\/ranoja.ee\/#\/schema\/logo\/image\/","url":"https:\/\/ranoja.ee\/wp-content\/uploads\/2023\/11\/ranoja-Logo.png","contentUrl":"https:\/\/ranoja.ee\/wp-content\/uploads\/2023\/11\/ranoja-Logo.png","width":207,"height":58,"caption":"Ranoja O\u00dc"},"image":{"@id":"https:\/\/ranoja.ee\/#\/schema\/logo\/image\/"},"sameAs":["https:\/\/www.facebook.com\/ranoja.ee","https:\/\/www.instagram.com\/ranoja__\/"]}]}},"_links":{"self":[{"href":"https:\/\/ranoja.ee\/en\/wp-json\/wp\/v2\/product\/62981","targetHints":{"allow":["GET"]}}],"collection":[{"href":"https:\/\/ranoja.ee\/en\/wp-json\/wp\/v2\/product"}],"about":[{"href":"https:\/\/ranoja.ee\/en\/wp-json\/wp\/v2\/types\/product"}],"wp:featuredmedia":[{"embeddable":true,"href":"https:\/\/ranoja.ee\/en\/wp-json\/wp\/v2\/media\/62982"}],"wp:attachment":[{"href":"https:\/\/ranoja.ee\/en\/wp-json\/wp\/v2\/media?parent=62981"}],"wp:term":[{"taxonomy":"product_cat","embeddable":true,"href":"https:\/\/ranoja.ee\/en\/wp-json\/wp\/v2\/product_cat?post=62981"},{"taxonomy":"product_tag","embeddable":true,"href":"https:\/\/ranoja.ee\/en\/wp-json\/wp\/v2\/product_tag?post=62981"}],"curies":[{"name":"wp","href":"https:\/\/api.w.org\/{rel}","templated":true}]}}