{"id":62979,"date":"2026-03-17T02:44:59","date_gmt":"2026-03-16T23:44:59","guid":{"rendered":"https:\/\/ranoja.ee\/toode\/murutraktor-lt98sm-gudnord\/"},"modified":"2026-03-17T15:33:38","modified_gmt":"2026-03-17T12:33:38","slug":"murutraktor-lt98sm-gudnord","status":"publish","type":"product","link":"https:\/\/ranoja.ee\/en\/toode\/murutraktor-lt98sm-gudnord\/","title":{"rendered":"Murutraktor LT98SM, Gudnord"},"content":{"rendered":"","protected":false},"excerpt":{"rendered":"<p>Kompaktne k\u00fcljele vaalutav traktor v\u00e4iksemasse majapidamisse. Eredad LED esituled teevad traktori m\u00e4rgatavamaks ning lasevad niita h\u00e4maral ajal. P\u00f5hivarustuses on haakekoht j\u00e4rele haagitava lisavarustuse (k\u00e4ru, muruluud, samblareha jne.) \u00fchendamiseks. Soovituslik niiduala ca 5000 m\u00b2<\/p>\n<p>Mootor: Loncin \u00fchesilindriline, 432 cm3<br \/>\nNimiv\u00f5imsus: 7,5 kW @2600 p\/min<br \/>\nNiiduseade: 98 cm, k\u00fclgv\u00e4ljavise, kahe tera- ja tugiratastega<br \/>\nNiiduk\u00f5rgus: seadistatav 7 asendis 30-90 cm<br \/>\nJ\u00f5u\u00fclekanne: k\u00e4igud 5 edasi ja 1 tagasi<br \/>\nLiikumiskiirus 1,6-8,3 km\/h edasi ja 2,5 km\/h tagurdades<br \/>\nRattad: 15&#215;6\u201c ees ja 18&#215;8,5\u201c taga<br \/>\nP\u00f6\u00f6rderaadius: 45 cm<br \/>\nK\u00fctusepaak: 7,5 l<br \/>\nIste: saedistatav<br \/>\nM\u00f5\u00f5tmed: 1695x1280x1110 mm<br \/>\nKaal: 168,5 kg<br \/>\nMugavusvarustus: terade nupust k\u00e4ivitamine, niitmisv\u00f5imalus tagurpidik\u00e4igul, seadistatav juhiiste, topsihoidik, niiduseadme pesunippel, eesmine p\u00f5rkeraud, haakekoht j\u00e4rel veetavale lisavarustusele.<\/p>\n","protected":false},"featured_media":62980,"template":"","meta":{"inline_featured_image":false},"product_cat":[1079,5085,5497,1081],"product_tag":[],"class_list":{"0":"post-62979","1":"product","2":"type-product","3":"status-publish","4":"has-post-thumbnail","6":"product_brand-gudnord","7":"product_cat-aiatehnika-ja-niidutehnika","8":"product_cat-aiatehnika-ja-tooriistad","9":"product_cat-kulgvaljaviskega-murutraktorid","10":"product_cat-murutraktorid","12":"first","13":"outofstock","14":"purchasable","15":"product-type-simple"},"yoast_head":"<!-- This site is optimized with the Yoast SEO plugin v27.4 - https:\/\/yoast.com\/product\/yoast-seo-wordpress\/ -->\n<title>Murutraktor LT98SM, Gudnord - Ranoja<\/title>\n<meta name=\"robots\" content=\"index, follow, max-snippet:-1, max-image-preview:large, max-video-preview:-1\" \/>\n<link rel=\"canonical\" href=\"https:\/\/ranoja.ee\/toode\/murutraktor-lt98sm-gudnord\/\" \/>\n<meta property=\"og:locale\" content=\"en_US\" \/>\n<meta property=\"og:type\" content=\"article\" \/>\n<meta property=\"og:title\" content=\"Murutraktor LT98SM, Gudnord - Ranoja\" \/>\n<meta property=\"og:description\" content=\"Kompaktne k\u00fcljele vaalutav traktor v\u00e4iksemasse majapidamisse. Eredad LED esituled teevad traktori m\u00e4rgatavamaks ning lasevad niita h\u00e4maral ajal. P\u00f5hivarustuses on haakekoht j\u00e4rele haagitava lisavarustuse (k\u00e4ru, muruluud, samblareha jne.) \u00fchendamiseks. Soovituslik niiduala ca 5000 m\u00b2 Mootor: Loncin \u00fchesilindriline, 432 cm3 Nimiv\u00f5imsus: 7,5 kW @2600 p\/min Niiduseade: 98 cm, k\u00fclgv\u00e4ljavise, kahe tera- ja tugiratastega Niiduk\u00f5rgus: seadistatav 7 asendis 30-90 cm J\u00f5u\u00fclekanne: k\u00e4igud 5 edasi ja 1 tagasi Liikumiskiirus 1,6-8,3 km\/h edasi ja 2,5 km\/h tagurdades Rattad: 15x6\u201c ees ja 18x8,5\u201c taga P\u00f6\u00f6rderaadius: 45 cm K\u00fctusepaak: 7,5 l Iste: saedistatav M\u00f5\u00f5tmed: 1695x1280x1110 mm Kaal: 168,5 kg Mugavusvarustus: terade nupust k\u00e4ivitamine, niitmisv\u00f5imalus tagurpidik\u00e4igul, seadistatav juhiiste, topsihoidik, niiduseadme pesunippel, eesmine p\u00f5rkeraud, haakekoht j\u00e4rel veetavale lisavarustusele.\" \/>\n<meta property=\"og:url\" content=\"https:\/\/ranoja.ee\/toode\/murutraktor-lt98sm-gudnord\/\" \/>\n<meta property=\"og:site_name\" content=\"Ranoja\" \/>\n<meta property=\"article:publisher\" content=\"https:\/\/www.facebook.com\/ranoja.ee\" \/>\n<meta property=\"article:modified_time\" content=\"2026-03-17T12:33:38+00:00\" \/>\n<meta property=\"og:image\" content=\"https:\/\/ranoja.ee\/wp-content\/uploads\/2026\/03\/5637306698.jpg\" \/>\n\t<meta property=\"og:image:width\" content=\"900\" \/>\n\t<meta property=\"og:image:height\" content=\"601\" \/>\n\t<meta property=\"og:image:type\" content=\"image\/jpeg\" \/>\n<meta name=\"twitter:card\" content=\"summary_large_image\" \/>\n<script type=\"application\/ld+json\" class=\"yoast-schema-graph\">{\"@context\":\"https:\\\/\\\/schema.org\",\"@graph\":[{\"@type\":\"WebPage\",\"@id\":\"https:\\\/\\\/ranoja.ee\\\/toode\\\/murutraktor-lt98sm-gudnord\\\/\",\"url\":\"https:\\\/\\\/ranoja.ee\\\/toode\\\/murutraktor-lt98sm-gudnord\\\/\",\"name\":\"Murutraktor LT98SM, Gudnord - Ranoja\",\"isPartOf\":{\"@id\":\"https:\\\/\\\/ranoja.ee\\\/#website\"},\"primaryImageOfPage\":{\"@id\":\"https:\\\/\\\/ranoja.ee\\\/toode\\\/murutraktor-lt98sm-gudnord\\\/#primaryimage\"},\"image\":{\"@id\":\"https:\\\/\\\/ranoja.ee\\\/toode\\\/murutraktor-lt98sm-gudnord\\\/#primaryimage\"},\"thumbnailUrl\":\"https:\\\/\\\/ranoja.ee\\\/wp-content\\\/uploads\\\/2026\\\/03\\\/5637306698.jpg\",\"datePublished\":\"2026-03-16T23:44:59+00:00\",\"dateModified\":\"2026-03-17T12:33:38+00:00\",\"breadcrumb\":{\"@id\":\"https:\\\/\\\/ranoja.ee\\\/toode\\\/murutraktor-lt98sm-gudnord\\\/#breadcrumb\"},\"inLanguage\":\"en-US\",\"potentialAction\":[{\"@type\":\"ReadAction\",\"target\":[\"https:\\\/\\\/ranoja.ee\\\/toode\\\/murutraktor-lt98sm-gudnord\\\/\"]}]},{\"@type\":\"ImageObject\",\"inLanguage\":\"en-US\",\"@id\":\"https:\\\/\\\/ranoja.ee\\\/toode\\\/murutraktor-lt98sm-gudnord\\\/#primaryimage\",\"url\":\"https:\\\/\\\/ranoja.ee\\\/wp-content\\\/uploads\\\/2026\\\/03\\\/5637306698.jpg\",\"contentUrl\":\"https:\\\/\\\/ranoja.ee\\\/wp-content\\\/uploads\\\/2026\\\/03\\\/5637306698.jpg\",\"width\":900,\"height\":601},{\"@type\":\"BreadcrumbList\",\"@id\":\"https:\\\/\\\/ranoja.ee\\\/toode\\\/murutraktor-lt98sm-gudnord\\\/#breadcrumb\",\"itemListElement\":[{\"@type\":\"ListItem\",\"position\":1,\"name\":\"Home\",\"item\":\"https:\\\/\\\/ranoja.ee\\\/\"},{\"@type\":\"ListItem\",\"position\":2,\"name\":\"Shop\",\"item\":\"https:\\\/\\\/ranoja.ee\\\/en\\\/shop\\\/\"},{\"@type\":\"ListItem\",\"position\":3,\"name\":\"Murutraktor LT98SM, Gudnord\"}]},{\"@type\":\"WebSite\",\"@id\":\"https:\\\/\\\/ranoja.ee\\\/#website\",\"url\":\"https:\\\/\\\/ranoja.ee\\\/\",\"name\":\"Ranoja\",\"description\":\"Equipment Shop WooCommerce WordPress Theme for Machine &amp; Tools\",\"publisher\":{\"@id\":\"https:\\\/\\\/ranoja.ee\\\/#organization\"},\"potentialAction\":[{\"@type\":\"SearchAction\",\"target\":{\"@type\":\"EntryPoint\",\"urlTemplate\":\"https:\\\/\\\/ranoja.ee\\\/?s={search_term_string}\"},\"query-input\":{\"@type\":\"PropertyValueSpecification\",\"valueRequired\":true,\"valueName\":\"search_term_string\"}}],\"inLanguage\":\"en-US\"},{\"@type\":\"Organization\",\"@id\":\"https:\\\/\\\/ranoja.ee\\\/#organization\",\"name\":\"Ranoja O\u00dc\",\"url\":\"https:\\\/\\\/ranoja.ee\\\/\",\"logo\":{\"@type\":\"ImageObject\",\"inLanguage\":\"en-US\",\"@id\":\"https:\\\/\\\/ranoja.ee\\\/#\\\/schema\\\/logo\\\/image\\\/\",\"url\":\"https:\\\/\\\/ranoja.ee\\\/wp-content\\\/uploads\\\/2023\\\/11\\\/ranoja-Logo.png\",\"contentUrl\":\"https:\\\/\\\/ranoja.ee\\\/wp-content\\\/uploads\\\/2023\\\/11\\\/ranoja-Logo.png\",\"width\":207,\"height\":58,\"caption\":\"Ranoja O\u00dc\"},\"image\":{\"@id\":\"https:\\\/\\\/ranoja.ee\\\/#\\\/schema\\\/logo\\\/image\\\/\"},\"sameAs\":[\"https:\\\/\\\/www.facebook.com\\\/ranoja.ee\",\"https:\\\/\\\/www.instagram.com\\\/ranoja__\\\/\"]}]}<\/script>\n<!-- \/ Yoast SEO plugin. -->","yoast_head_json":{"title":"Murutraktor LT98SM, Gudnord - Ranoja","robots":{"index":"index","follow":"follow","max-snippet":"max-snippet:-1","max-image-preview":"max-image-preview:large","max-video-preview":"max-video-preview:-1"},"canonical":"https:\/\/ranoja.ee\/toode\/murutraktor-lt98sm-gudnord\/","og_locale":"en_US","og_type":"article","og_title":"Murutraktor LT98SM, Gudnord - Ranoja","og_description":"Kompaktne k\u00fcljele vaalutav traktor v\u00e4iksemasse majapidamisse. Eredad LED esituled teevad traktori m\u00e4rgatavamaks ning lasevad niita h\u00e4maral ajal. P\u00f5hivarustuses on haakekoht j\u00e4rele haagitava lisavarustuse (k\u00e4ru, muruluud, samblareha jne.) \u00fchendamiseks. Soovituslik niiduala ca 5000 m\u00b2 Mootor: Loncin \u00fchesilindriline, 432 cm3 Nimiv\u00f5imsus: 7,5 kW @2600 p\/min Niiduseade: 98 cm, k\u00fclgv\u00e4ljavise, kahe tera- ja tugiratastega Niiduk\u00f5rgus: seadistatav 7 asendis 30-90 cm J\u00f5u\u00fclekanne: k\u00e4igud 5 edasi ja 1 tagasi Liikumiskiirus 1,6-8,3 km\/h edasi ja 2,5 km\/h tagurdades Rattad: 15x6\u201c ees ja 18x8,5\u201c taga P\u00f6\u00f6rderaadius: 45 cm K\u00fctusepaak: 7,5 l Iste: saedistatav M\u00f5\u00f5tmed: 1695x1280x1110 mm Kaal: 168,5 kg Mugavusvarustus: terade nupust k\u00e4ivitamine, niitmisv\u00f5imalus tagurpidik\u00e4igul, seadistatav juhiiste, topsihoidik, niiduseadme pesunippel, eesmine p\u00f5rkeraud, haakekoht j\u00e4rel veetavale lisavarustusele.","og_url":"https:\/\/ranoja.ee\/toode\/murutraktor-lt98sm-gudnord\/","og_site_name":"Ranoja","article_publisher":"https:\/\/www.facebook.com\/ranoja.ee","article_modified_time":"2026-03-17T12:33:38+00:00","og_image":[{"width":900,"height":601,"url":"https:\/\/ranoja.ee\/wp-content\/uploads\/2026\/03\/5637306698.jpg","type":"image\/jpeg"}],"twitter_card":"summary_large_image","schema":{"@context":"https:\/\/schema.org","@graph":[{"@type":"WebPage","@id":"https:\/\/ranoja.ee\/toode\/murutraktor-lt98sm-gudnord\/","url":"https:\/\/ranoja.ee\/toode\/murutraktor-lt98sm-gudnord\/","name":"Murutraktor LT98SM, Gudnord - Ranoja","isPartOf":{"@id":"https:\/\/ranoja.ee\/#website"},"primaryImageOfPage":{"@id":"https:\/\/ranoja.ee\/toode\/murutraktor-lt98sm-gudnord\/#primaryimage"},"image":{"@id":"https:\/\/ranoja.ee\/toode\/murutraktor-lt98sm-gudnord\/#primaryimage"},"thumbnailUrl":"https:\/\/ranoja.ee\/wp-content\/uploads\/2026\/03\/5637306698.jpg","datePublished":"2026-03-16T23:44:59+00:00","dateModified":"2026-03-17T12:33:38+00:00","breadcrumb":{"@id":"https:\/\/ranoja.ee\/toode\/murutraktor-lt98sm-gudnord\/#breadcrumb"},"inLanguage":"en-US","potentialAction":[{"@type":"ReadAction","target":["https:\/\/ranoja.ee\/toode\/murutraktor-lt98sm-gudnord\/"]}]},{"@type":"ImageObject","inLanguage":"en-US","@id":"https:\/\/ranoja.ee\/toode\/murutraktor-lt98sm-gudnord\/#primaryimage","url":"https:\/\/ranoja.ee\/wp-content\/uploads\/2026\/03\/5637306698.jpg","contentUrl":"https:\/\/ranoja.ee\/wp-content\/uploads\/2026\/03\/5637306698.jpg","width":900,"height":601},{"@type":"BreadcrumbList","@id":"https:\/\/ranoja.ee\/toode\/murutraktor-lt98sm-gudnord\/#breadcrumb","itemListElement":[{"@type":"ListItem","position":1,"name":"Home","item":"https:\/\/ranoja.ee\/"},{"@type":"ListItem","position":2,"name":"Shop","item":"https:\/\/ranoja.ee\/en\/shop\/"},{"@type":"ListItem","position":3,"name":"Murutraktor LT98SM, Gudnord"}]},{"@type":"WebSite","@id":"https:\/\/ranoja.ee\/#website","url":"https:\/\/ranoja.ee\/","name":"Ranoja","description":"Equipment Shop WooCommerce WordPress Theme for Machine &amp; Tools","publisher":{"@id":"https:\/\/ranoja.ee\/#organization"},"potentialAction":[{"@type":"SearchAction","target":{"@type":"EntryPoint","urlTemplate":"https:\/\/ranoja.ee\/?s={search_term_string}"},"query-input":{"@type":"PropertyValueSpecification","valueRequired":true,"valueName":"search_term_string"}}],"inLanguage":"en-US"},{"@type":"Organization","@id":"https:\/\/ranoja.ee\/#organization","name":"Ranoja O\u00dc","url":"https:\/\/ranoja.ee\/","logo":{"@type":"ImageObject","inLanguage":"en-US","@id":"https:\/\/ranoja.ee\/#\/schema\/logo\/image\/","url":"https:\/\/ranoja.ee\/wp-content\/uploads\/2023\/11\/ranoja-Logo.png","contentUrl":"https:\/\/ranoja.ee\/wp-content\/uploads\/2023\/11\/ranoja-Logo.png","width":207,"height":58,"caption":"Ranoja O\u00dc"},"image":{"@id":"https:\/\/ranoja.ee\/#\/schema\/logo\/image\/"},"sameAs":["https:\/\/www.facebook.com\/ranoja.ee","https:\/\/www.instagram.com\/ranoja__\/"]}]}},"_links":{"self":[{"href":"https:\/\/ranoja.ee\/en\/wp-json\/wp\/v2\/product\/62979","targetHints":{"allow":["GET"]}}],"collection":[{"href":"https:\/\/ranoja.ee\/en\/wp-json\/wp\/v2\/product"}],"about":[{"href":"https:\/\/ranoja.ee\/en\/wp-json\/wp\/v2\/types\/product"}],"wp:featuredmedia":[{"embeddable":true,"href":"https:\/\/ranoja.ee\/en\/wp-json\/wp\/v2\/media\/62980"}],"wp:attachment":[{"href":"https:\/\/ranoja.ee\/en\/wp-json\/wp\/v2\/media?parent=62979"}],"wp:term":[{"taxonomy":"product_cat","embeddable":true,"href":"https:\/\/ranoja.ee\/en\/wp-json\/wp\/v2\/product_cat?post=62979"},{"taxonomy":"product_tag","embeddable":true,"href":"https:\/\/ranoja.ee\/en\/wp-json\/wp\/v2\/product_tag?post=62979"}],"curies":[{"name":"wp","href":"https:\/\/api.w.org\/{rel}","templated":true}]}}