{"id":62974,"date":"2026-03-17T02:44:59","date_gmt":"2026-03-16T23:44:59","guid":{"rendered":"https:\/\/ranoja.ee\/toode\/kaivitusabi-ultrakondensaatoritega-12-24v-lemania\/"},"modified":"2026-03-17T15:33:38","modified_gmt":"2026-03-17T12:33:38","slug":"kaivitusabi-ultrakondensaatoritega-12-24v-lemania","status":"publish","type":"product","link":"https:\/\/ranoja.ee\/en\/toode\/kaivitusabi-ultrakondensaatoritega-12-24v-lemania\/","title":{"rendered":"K\u00e4ivitusabi ultrakondensaatoritega 12\/24V, Lemania"},"content":{"rendered":"","protected":false},"excerpt":{"rendered":"<p>Tehnilised n\u00e4itajad:<\/p>\n<p>12\/24V Industriaal PROCAP Start Booster kondensaatorid 10x 3&#8217;400F (1360F\/340F)<br \/>\n18&#8217;000\/9&#8217;000 P\/A (hetkeline v\u00f5imsus)<br \/>\n4&#8217;400\/ 3&#8217;400 &#8211; K\u00e4ivitusvoolu tugevus<\/p>\n<p>Komplektis t\u00e4isautomaatne laadija 6\/12V 3,8A<br \/>\nSuured industriaalsed puhtast vasest akuklambrid (krokodillid)<\/p>\n<p>Ohutusseadmed:<br \/>\n&#8211; Kaitsmega varustatud akuklambrid<br \/>\n&#8211; 12\/24V L\u00fcliti<br \/>\n&#8211; Vale polaarsuse alarm<\/p>\n<p>Ultrakondensaator tehnoloogia eelised:<br \/>\nHooldevaba &#8211; K\u00e4ivitusabi ei pea hoidma pidevalt laadijas<br \/>\nKiire laadimisaeg: K\u00e4ivitusabi saab laadida mistahes autoga alla 2 minuti!<br \/>\nPikem seadme eluiga: Seadmes ei kasutata akuhapet ega akuplaate seega ei toimu ka sulfatiseerumist<br \/>\nKergem kui tavaline k\u00e4ivitusabi<br \/>\nT\u00f6\u00f6temperatuur: -40\u00b0C &#8211; +50\u00b0C<\/p>\n","protected":false},"featured_media":62975,"template":"","meta":{"inline_featured_image":false},"product_cat":[5181,5180,5183,5182],"product_tag":[],"class_list":{"0":"post-62974","1":"product","2":"type-product","3":"status-publish","4":"has-post-thumbnail","6":"product_brand-lemania","7":"product_cat-akulaadijad","8":"product_cat-garaaziseadmed","9":"product_cat-kaivitusabid","10":"product_cat-testrid","12":"first","13":"outofstock","14":"purchasable","15":"product-type-simple"},"yoast_head":"<!-- This site is optimized with the Yoast SEO plugin v27.4 - https:\/\/yoast.com\/product\/yoast-seo-wordpress\/ -->\n<title>K\u00e4ivitusabi ultrakondensaatoritega 12\/24V, Lemania - Ranoja<\/title>\n<meta name=\"robots\" content=\"index, follow, max-snippet:-1, max-image-preview:large, max-video-preview:-1\" \/>\n<link rel=\"canonical\" href=\"https:\/\/ranoja.ee\/toode\/kaivitusabi-ultrakondensaatoritega-12-24v-lemania\/\" \/>\n<meta property=\"og:locale\" content=\"en_US\" \/>\n<meta property=\"og:type\" content=\"article\" \/>\n<meta property=\"og:title\" content=\"K\u00e4ivitusabi ultrakondensaatoritega 12\/24V, Lemania - Ranoja\" \/>\n<meta property=\"og:description\" content=\"Tehnilised n\u00e4itajad: 12\/24V Industriaal PROCAP Start Booster kondensaatorid 10x 3&#039;400F (1360F\/340F) 18&#039;000\/9&#039;000 P\/A (hetkeline v\u00f5imsus) 4&#039;400\/ 3&#039;400 - K\u00e4ivitusvoolu tugevus Komplektis t\u00e4isautomaatne laadija 6\/12V 3,8A Suured industriaalsed puhtast vasest akuklambrid (krokodillid) Ohutusseadmed: - Kaitsmega varustatud akuklambrid - 12\/24V L\u00fcliti - Vale polaarsuse alarm Ultrakondensaator tehnoloogia eelised: Hooldevaba - K\u00e4ivitusabi ei pea hoidma pidevalt laadijas Kiire laadimisaeg: K\u00e4ivitusabi saab laadida mistahes autoga alla 2 minuti! Pikem seadme eluiga: Seadmes ei kasutata akuhapet ega akuplaate seega ei toimu ka sulfatiseerumist Kergem kui tavaline k\u00e4ivitusabi T\u00f6\u00f6temperatuur: -40\u00b0C - +50\u00b0C\" \/>\n<meta property=\"og:url\" content=\"https:\/\/ranoja.ee\/toode\/kaivitusabi-ultrakondensaatoritega-12-24v-lemania\/\" \/>\n<meta property=\"og:site_name\" content=\"Ranoja\" \/>\n<meta property=\"article:publisher\" content=\"https:\/\/www.facebook.com\/ranoja.ee\" \/>\n<meta property=\"article:modified_time\" content=\"2026-03-17T12:33:38+00:00\" \/>\n<meta property=\"og:image\" content=\"https:\/\/ranoja.ee\/wp-content\/uploads\/2026\/03\/190499369.jpg\" \/>\n\t<meta property=\"og:image:width\" content=\"775\" \/>\n\t<meta property=\"og:image:height\" content=\"900\" \/>\n\t<meta property=\"og:image:type\" content=\"image\/jpeg\" \/>\n<meta name=\"twitter:card\" content=\"summary_large_image\" \/>\n<script type=\"application\/ld+json\" class=\"yoast-schema-graph\">{\"@context\":\"https:\\\/\\\/schema.org\",\"@graph\":[{\"@type\":\"WebPage\",\"@id\":\"https:\\\/\\\/ranoja.ee\\\/toode\\\/kaivitusabi-ultrakondensaatoritega-12-24v-lemania\\\/\",\"url\":\"https:\\\/\\\/ranoja.ee\\\/toode\\\/kaivitusabi-ultrakondensaatoritega-12-24v-lemania\\\/\",\"name\":\"K\u00e4ivitusabi ultrakondensaatoritega 12\\\/24V, Lemania - Ranoja\",\"isPartOf\":{\"@id\":\"https:\\\/\\\/ranoja.ee\\\/#website\"},\"primaryImageOfPage\":{\"@id\":\"https:\\\/\\\/ranoja.ee\\\/toode\\\/kaivitusabi-ultrakondensaatoritega-12-24v-lemania\\\/#primaryimage\"},\"image\":{\"@id\":\"https:\\\/\\\/ranoja.ee\\\/toode\\\/kaivitusabi-ultrakondensaatoritega-12-24v-lemania\\\/#primaryimage\"},\"thumbnailUrl\":\"https:\\\/\\\/ranoja.ee\\\/wp-content\\\/uploads\\\/2026\\\/03\\\/190499369.jpg\",\"datePublished\":\"2026-03-16T23:44:59+00:00\",\"dateModified\":\"2026-03-17T12:33:38+00:00\",\"breadcrumb\":{\"@id\":\"https:\\\/\\\/ranoja.ee\\\/toode\\\/kaivitusabi-ultrakondensaatoritega-12-24v-lemania\\\/#breadcrumb\"},\"inLanguage\":\"en-US\",\"potentialAction\":[{\"@type\":\"ReadAction\",\"target\":[\"https:\\\/\\\/ranoja.ee\\\/toode\\\/kaivitusabi-ultrakondensaatoritega-12-24v-lemania\\\/\"]}]},{\"@type\":\"ImageObject\",\"inLanguage\":\"en-US\",\"@id\":\"https:\\\/\\\/ranoja.ee\\\/toode\\\/kaivitusabi-ultrakondensaatoritega-12-24v-lemania\\\/#primaryimage\",\"url\":\"https:\\\/\\\/ranoja.ee\\\/wp-content\\\/uploads\\\/2026\\\/03\\\/190499369.jpg\",\"contentUrl\":\"https:\\\/\\\/ranoja.ee\\\/wp-content\\\/uploads\\\/2026\\\/03\\\/190499369.jpg\",\"width\":775,\"height\":900},{\"@type\":\"BreadcrumbList\",\"@id\":\"https:\\\/\\\/ranoja.ee\\\/toode\\\/kaivitusabi-ultrakondensaatoritega-12-24v-lemania\\\/#breadcrumb\",\"itemListElement\":[{\"@type\":\"ListItem\",\"position\":1,\"name\":\"Home\",\"item\":\"https:\\\/\\\/ranoja.ee\\\/\"},{\"@type\":\"ListItem\",\"position\":2,\"name\":\"Shop\",\"item\":\"https:\\\/\\\/ranoja.ee\\\/en\\\/shop\\\/\"},{\"@type\":\"ListItem\",\"position\":3,\"name\":\"K\u00e4ivitusabi ultrakondensaatoritega 12\\\/24V, Lemania\"}]},{\"@type\":\"WebSite\",\"@id\":\"https:\\\/\\\/ranoja.ee\\\/#website\",\"url\":\"https:\\\/\\\/ranoja.ee\\\/\",\"name\":\"Ranoja\",\"description\":\"Equipment Shop WooCommerce WordPress Theme for Machine &amp; Tools\",\"publisher\":{\"@id\":\"https:\\\/\\\/ranoja.ee\\\/#organization\"},\"potentialAction\":[{\"@type\":\"SearchAction\",\"target\":{\"@type\":\"EntryPoint\",\"urlTemplate\":\"https:\\\/\\\/ranoja.ee\\\/?s={search_term_string}\"},\"query-input\":{\"@type\":\"PropertyValueSpecification\",\"valueRequired\":true,\"valueName\":\"search_term_string\"}}],\"inLanguage\":\"en-US\"},{\"@type\":\"Organization\",\"@id\":\"https:\\\/\\\/ranoja.ee\\\/#organization\",\"name\":\"Ranoja O\u00dc\",\"url\":\"https:\\\/\\\/ranoja.ee\\\/\",\"logo\":{\"@type\":\"ImageObject\",\"inLanguage\":\"en-US\",\"@id\":\"https:\\\/\\\/ranoja.ee\\\/#\\\/schema\\\/logo\\\/image\\\/\",\"url\":\"https:\\\/\\\/ranoja.ee\\\/wp-content\\\/uploads\\\/2023\\\/11\\\/ranoja-Logo.png\",\"contentUrl\":\"https:\\\/\\\/ranoja.ee\\\/wp-content\\\/uploads\\\/2023\\\/11\\\/ranoja-Logo.png\",\"width\":207,\"height\":58,\"caption\":\"Ranoja O\u00dc\"},\"image\":{\"@id\":\"https:\\\/\\\/ranoja.ee\\\/#\\\/schema\\\/logo\\\/image\\\/\"},\"sameAs\":[\"https:\\\/\\\/www.facebook.com\\\/ranoja.ee\",\"https:\\\/\\\/www.instagram.com\\\/ranoja__\\\/\"]}]}<\/script>\n<!-- \/ Yoast SEO plugin. -->","yoast_head_json":{"title":"K\u00e4ivitusabi ultrakondensaatoritega 12\/24V, Lemania - Ranoja","robots":{"index":"index","follow":"follow","max-snippet":"max-snippet:-1","max-image-preview":"max-image-preview:large","max-video-preview":"max-video-preview:-1"},"canonical":"https:\/\/ranoja.ee\/toode\/kaivitusabi-ultrakondensaatoritega-12-24v-lemania\/","og_locale":"en_US","og_type":"article","og_title":"K\u00e4ivitusabi ultrakondensaatoritega 12\/24V, Lemania - Ranoja","og_description":"Tehnilised n\u00e4itajad: 12\/24V Industriaal PROCAP Start Booster kondensaatorid 10x 3'400F (1360F\/340F) 18'000\/9'000 P\/A (hetkeline v\u00f5imsus) 4'400\/ 3'400 - K\u00e4ivitusvoolu tugevus Komplektis t\u00e4isautomaatne laadija 6\/12V 3,8A Suured industriaalsed puhtast vasest akuklambrid (krokodillid) Ohutusseadmed: - Kaitsmega varustatud akuklambrid - 12\/24V L\u00fcliti - Vale polaarsuse alarm Ultrakondensaator tehnoloogia eelised: Hooldevaba - K\u00e4ivitusabi ei pea hoidma pidevalt laadijas Kiire laadimisaeg: K\u00e4ivitusabi saab laadida mistahes autoga alla 2 minuti! Pikem seadme eluiga: Seadmes ei kasutata akuhapet ega akuplaate seega ei toimu ka sulfatiseerumist Kergem kui tavaline k\u00e4ivitusabi T\u00f6\u00f6temperatuur: -40\u00b0C - +50\u00b0C","og_url":"https:\/\/ranoja.ee\/toode\/kaivitusabi-ultrakondensaatoritega-12-24v-lemania\/","og_site_name":"Ranoja","article_publisher":"https:\/\/www.facebook.com\/ranoja.ee","article_modified_time":"2026-03-17T12:33:38+00:00","og_image":[{"width":775,"height":900,"url":"https:\/\/ranoja.ee\/wp-content\/uploads\/2026\/03\/190499369.jpg","type":"image\/jpeg"}],"twitter_card":"summary_large_image","schema":{"@context":"https:\/\/schema.org","@graph":[{"@type":"WebPage","@id":"https:\/\/ranoja.ee\/toode\/kaivitusabi-ultrakondensaatoritega-12-24v-lemania\/","url":"https:\/\/ranoja.ee\/toode\/kaivitusabi-ultrakondensaatoritega-12-24v-lemania\/","name":"K\u00e4ivitusabi ultrakondensaatoritega 12\/24V, Lemania - Ranoja","isPartOf":{"@id":"https:\/\/ranoja.ee\/#website"},"primaryImageOfPage":{"@id":"https:\/\/ranoja.ee\/toode\/kaivitusabi-ultrakondensaatoritega-12-24v-lemania\/#primaryimage"},"image":{"@id":"https:\/\/ranoja.ee\/toode\/kaivitusabi-ultrakondensaatoritega-12-24v-lemania\/#primaryimage"},"thumbnailUrl":"https:\/\/ranoja.ee\/wp-content\/uploads\/2026\/03\/190499369.jpg","datePublished":"2026-03-16T23:44:59+00:00","dateModified":"2026-03-17T12:33:38+00:00","breadcrumb":{"@id":"https:\/\/ranoja.ee\/toode\/kaivitusabi-ultrakondensaatoritega-12-24v-lemania\/#breadcrumb"},"inLanguage":"en-US","potentialAction":[{"@type":"ReadAction","target":["https:\/\/ranoja.ee\/toode\/kaivitusabi-ultrakondensaatoritega-12-24v-lemania\/"]}]},{"@type":"ImageObject","inLanguage":"en-US","@id":"https:\/\/ranoja.ee\/toode\/kaivitusabi-ultrakondensaatoritega-12-24v-lemania\/#primaryimage","url":"https:\/\/ranoja.ee\/wp-content\/uploads\/2026\/03\/190499369.jpg","contentUrl":"https:\/\/ranoja.ee\/wp-content\/uploads\/2026\/03\/190499369.jpg","width":775,"height":900},{"@type":"BreadcrumbList","@id":"https:\/\/ranoja.ee\/toode\/kaivitusabi-ultrakondensaatoritega-12-24v-lemania\/#breadcrumb","itemListElement":[{"@type":"ListItem","position":1,"name":"Home","item":"https:\/\/ranoja.ee\/"},{"@type":"ListItem","position":2,"name":"Shop","item":"https:\/\/ranoja.ee\/en\/shop\/"},{"@type":"ListItem","position":3,"name":"K\u00e4ivitusabi ultrakondensaatoritega 12\/24V, Lemania"}]},{"@type":"WebSite","@id":"https:\/\/ranoja.ee\/#website","url":"https:\/\/ranoja.ee\/","name":"Ranoja","description":"Equipment Shop WooCommerce WordPress Theme for Machine &amp; Tools","publisher":{"@id":"https:\/\/ranoja.ee\/#organization"},"potentialAction":[{"@type":"SearchAction","target":{"@type":"EntryPoint","urlTemplate":"https:\/\/ranoja.ee\/?s={search_term_string}"},"query-input":{"@type":"PropertyValueSpecification","valueRequired":true,"valueName":"search_term_string"}}],"inLanguage":"en-US"},{"@type":"Organization","@id":"https:\/\/ranoja.ee\/#organization","name":"Ranoja O\u00dc","url":"https:\/\/ranoja.ee\/","logo":{"@type":"ImageObject","inLanguage":"en-US","@id":"https:\/\/ranoja.ee\/#\/schema\/logo\/image\/","url":"https:\/\/ranoja.ee\/wp-content\/uploads\/2023\/11\/ranoja-Logo.png","contentUrl":"https:\/\/ranoja.ee\/wp-content\/uploads\/2023\/11\/ranoja-Logo.png","width":207,"height":58,"caption":"Ranoja O\u00dc"},"image":{"@id":"https:\/\/ranoja.ee\/#\/schema\/logo\/image\/"},"sameAs":["https:\/\/www.facebook.com\/ranoja.ee","https:\/\/www.instagram.com\/ranoja__\/"]}]}},"_links":{"self":[{"href":"https:\/\/ranoja.ee\/en\/wp-json\/wp\/v2\/product\/62974","targetHints":{"allow":["GET"]}}],"collection":[{"href":"https:\/\/ranoja.ee\/en\/wp-json\/wp\/v2\/product"}],"about":[{"href":"https:\/\/ranoja.ee\/en\/wp-json\/wp\/v2\/types\/product"}],"wp:featuredmedia":[{"embeddable":true,"href":"https:\/\/ranoja.ee\/en\/wp-json\/wp\/v2\/media\/62975"}],"wp:attachment":[{"href":"https:\/\/ranoja.ee\/en\/wp-json\/wp\/v2\/media?parent=62974"}],"wp:term":[{"taxonomy":"product_cat","embeddable":true,"href":"https:\/\/ranoja.ee\/en\/wp-json\/wp\/v2\/product_cat?post=62974"},{"taxonomy":"product_tag","embeddable":true,"href":"https:\/\/ranoja.ee\/en\/wp-json\/wp\/v2\/product_tag?post=62974"}],"curies":[{"name":"wp","href":"https:\/\/api.w.org\/{rel}","templated":true}]}}