{"id":62964,"date":"2026-03-17T02:44:59","date_gmt":"2026-03-16T23:44:59","guid":{"rendered":"https:\/\/ranoja.ee\/toode\/akuga-hekiloikur-wg261e-9-karkass-worx\/"},"modified":"2026-03-17T17:43:10","modified_gmt":"2026-03-17T14:43:10","slug":"akuga-hekiloikur-wg261e-9-karkass-worx","status":"publish","type":"product","link":"https:\/\/ranoja.ee\/en\/toode\/akuga-hekiloikur-wg261e-9-karkass-worx\/","title":{"rendered":"Akuga hekil\u00f5ikur WG261E.9 karkass, Worx"},"content":{"rendered":"","protected":false},"excerpt":{"rendered":"<p>Pinge20V MAX<br \/>\nAku mahutavus &#8211; <br \/>\nMax. oksa m\u00f5\u00f5t16 mm<br \/>\nL\u00f5iketera pikkus45 cm<br \/>\nSeadme kaal1,99 kg<\/p>\n<p>Omadused<br \/>\nKahtepidi liikuvad terad<br \/>\nMugav k\u00e4epide<br \/>\nLaserl\u00f5igatud hambad<br \/>\nH\u00e4sti tasakaalustatud ehitus ja kerge kaal<br \/>\nTera otsakaitse<br \/>\nPOWERSHARE<\/p>\n<p>Standardvarustus<br \/>\nL\u00f5iketera kaitse<\/p>\n<p>Sobivad akud<br \/>\nWA3551- 2 Ah<br \/>\nWA3553 &#8211; 4 Ah<br \/>\nWA3641 &#8211; 6 Ah<\/p>\n<p>Sobivad laadijad<br \/>\nWA3860 \/ WA3880 &#8211; 2A<br \/>\nWA3883 &#8211; 2 x 2A<\/p>\n","protected":false},"featured_media":62965,"template":"","meta":{"inline_featured_image":false},"product_cat":[5085,5191,1094,1106],"product_tag":[],"class_list":{"0":"post-62964","1":"product","2":"type-product","3":"status-publish","4":"has-post-thumbnail","6":"product_brand-worx","7":"product_cat-aiatehnika-ja-tooriistad","8":"product_cat-akuga-hekiloikurid","9":"product_cat-akutooriistad","10":"product_cat-hekiloikurid","12":"first","13":"outofstock","14":"purchasable","15":"product-type-simple"},"yoast_head":"<!-- This site is optimized with the Yoast SEO plugin v27.4 - https:\/\/yoast.com\/product\/yoast-seo-wordpress\/ -->\n<title>Akuga hekil\u00f5ikur WG261E.9 karkass, Worx - Ranoja<\/title>\n<meta name=\"robots\" content=\"index, follow, max-snippet:-1, max-image-preview:large, max-video-preview:-1\" \/>\n<link rel=\"canonical\" href=\"https:\/\/ranoja.ee\/toode\/akuga-hekiloikur-wg261e-9-karkass-worx\/\" \/>\n<meta property=\"og:locale\" content=\"en_US\" \/>\n<meta property=\"og:type\" content=\"article\" \/>\n<meta property=\"og:title\" content=\"Akuga hekil\u00f5ikur WG261E.9 karkass, Worx - Ranoja\" \/>\n<meta property=\"og:description\" content=\"Pinge20V MAX Aku mahutavus -  Max. oksa m\u00f5\u00f5t16 mm L\u00f5iketera pikkus45 cm Seadme kaal1,99 kg  Omadused Kahtepidi liikuvad terad Mugav k\u00e4epide Laserl\u00f5igatud hambad H\u00e4sti tasakaalustatud ehitus ja kerge kaal Tera otsakaitse POWERSHARE  Standardvarustus L\u00f5iketera kaitse  Sobivad akud WA3551- 2 Ah WA3553 - 4 Ah WA3641 - 6 Ah  Sobivad laadijad WA3860 \/ WA3880 - 2A WA3883 - 2 x 2A\" \/>\n<meta property=\"og:url\" content=\"https:\/\/ranoja.ee\/toode\/akuga-hekiloikur-wg261e-9-karkass-worx\/\" \/>\n<meta property=\"og:site_name\" content=\"Ranoja\" \/>\n<meta property=\"article:publisher\" content=\"https:\/\/www.facebook.com\/ranoja.ee\" \/>\n<meta property=\"article:modified_time\" content=\"2026-03-17T14:43:10+00:00\" \/>\n<meta property=\"og:image\" content=\"https:\/\/ranoja.ee\/wp-content\/uploads\/2026\/03\/243329379.jpg\" \/>\n\t<meta property=\"og:image:width\" content=\"900\" \/>\n\t<meta property=\"og:image:height\" content=\"900\" \/>\n\t<meta property=\"og:image:type\" content=\"image\/jpeg\" \/>\n<meta name=\"twitter:card\" content=\"summary_large_image\" \/>\n<meta name=\"twitter:label1\" content=\"Est. reading time\" \/>\n\t<meta name=\"twitter:data1\" content=\"1 minute\" \/>\n<script type=\"application\/ld+json\" class=\"yoast-schema-graph\">{\"@context\":\"https:\\\/\\\/schema.org\",\"@graph\":[{\"@type\":\"WebPage\",\"@id\":\"https:\\\/\\\/ranoja.ee\\\/toode\\\/akuga-hekiloikur-wg261e-9-karkass-worx\\\/\",\"url\":\"https:\\\/\\\/ranoja.ee\\\/toode\\\/akuga-hekiloikur-wg261e-9-karkass-worx\\\/\",\"name\":\"Akuga hekil\u00f5ikur WG261E.9 karkass, Worx - Ranoja\",\"isPartOf\":{\"@id\":\"https:\\\/\\\/ranoja.ee\\\/#website\"},\"primaryImageOfPage\":{\"@id\":\"https:\\\/\\\/ranoja.ee\\\/toode\\\/akuga-hekiloikur-wg261e-9-karkass-worx\\\/#primaryimage\"},\"image\":{\"@id\":\"https:\\\/\\\/ranoja.ee\\\/toode\\\/akuga-hekiloikur-wg261e-9-karkass-worx\\\/#primaryimage\"},\"thumbnailUrl\":\"https:\\\/\\\/ranoja.ee\\\/wp-content\\\/uploads\\\/2026\\\/03\\\/243329379.jpg\",\"datePublished\":\"2026-03-16T23:44:59+00:00\",\"dateModified\":\"2026-03-17T14:43:10+00:00\",\"breadcrumb\":{\"@id\":\"https:\\\/\\\/ranoja.ee\\\/toode\\\/akuga-hekiloikur-wg261e-9-karkass-worx\\\/#breadcrumb\"},\"inLanguage\":\"en-US\",\"potentialAction\":[{\"@type\":\"ReadAction\",\"target\":[\"https:\\\/\\\/ranoja.ee\\\/toode\\\/akuga-hekiloikur-wg261e-9-karkass-worx\\\/\"]}]},{\"@type\":\"ImageObject\",\"inLanguage\":\"en-US\",\"@id\":\"https:\\\/\\\/ranoja.ee\\\/toode\\\/akuga-hekiloikur-wg261e-9-karkass-worx\\\/#primaryimage\",\"url\":\"https:\\\/\\\/ranoja.ee\\\/wp-content\\\/uploads\\\/2026\\\/03\\\/243329379.jpg\",\"contentUrl\":\"https:\\\/\\\/ranoja.ee\\\/wp-content\\\/uploads\\\/2026\\\/03\\\/243329379.jpg\",\"width\":900,\"height\":900},{\"@type\":\"BreadcrumbList\",\"@id\":\"https:\\\/\\\/ranoja.ee\\\/toode\\\/akuga-hekiloikur-wg261e-9-karkass-worx\\\/#breadcrumb\",\"itemListElement\":[{\"@type\":\"ListItem\",\"position\":1,\"name\":\"Home\",\"item\":\"https:\\\/\\\/ranoja.ee\\\/\"},{\"@type\":\"ListItem\",\"position\":2,\"name\":\"Shop\",\"item\":\"https:\\\/\\\/ranoja.ee\\\/en\\\/shop\\\/\"},{\"@type\":\"ListItem\",\"position\":3,\"name\":\"Akuga hekil\u00f5ikur WG261E.9 karkass, Worx\"}]},{\"@type\":\"WebSite\",\"@id\":\"https:\\\/\\\/ranoja.ee\\\/#website\",\"url\":\"https:\\\/\\\/ranoja.ee\\\/\",\"name\":\"Ranoja\",\"description\":\"Equipment Shop WooCommerce WordPress Theme for Machine &amp; Tools\",\"publisher\":{\"@id\":\"https:\\\/\\\/ranoja.ee\\\/#organization\"},\"potentialAction\":[{\"@type\":\"SearchAction\",\"target\":{\"@type\":\"EntryPoint\",\"urlTemplate\":\"https:\\\/\\\/ranoja.ee\\\/?s={search_term_string}\"},\"query-input\":{\"@type\":\"PropertyValueSpecification\",\"valueRequired\":true,\"valueName\":\"search_term_string\"}}],\"inLanguage\":\"en-US\"},{\"@type\":\"Organization\",\"@id\":\"https:\\\/\\\/ranoja.ee\\\/#organization\",\"name\":\"Ranoja O\u00dc\",\"url\":\"https:\\\/\\\/ranoja.ee\\\/\",\"logo\":{\"@type\":\"ImageObject\",\"inLanguage\":\"en-US\",\"@id\":\"https:\\\/\\\/ranoja.ee\\\/#\\\/schema\\\/logo\\\/image\\\/\",\"url\":\"https:\\\/\\\/ranoja.ee\\\/wp-content\\\/uploads\\\/2023\\\/11\\\/ranoja-Logo.png\",\"contentUrl\":\"https:\\\/\\\/ranoja.ee\\\/wp-content\\\/uploads\\\/2023\\\/11\\\/ranoja-Logo.png\",\"width\":207,\"height\":58,\"caption\":\"Ranoja O\u00dc\"},\"image\":{\"@id\":\"https:\\\/\\\/ranoja.ee\\\/#\\\/schema\\\/logo\\\/image\\\/\"},\"sameAs\":[\"https:\\\/\\\/www.facebook.com\\\/ranoja.ee\",\"https:\\\/\\\/www.instagram.com\\\/ranoja__\\\/\"]}]}<\/script>\n<!-- \/ Yoast SEO plugin. -->","yoast_head_json":{"title":"Akuga hekil\u00f5ikur WG261E.9 karkass, Worx - Ranoja","robots":{"index":"index","follow":"follow","max-snippet":"max-snippet:-1","max-image-preview":"max-image-preview:large","max-video-preview":"max-video-preview:-1"},"canonical":"https:\/\/ranoja.ee\/toode\/akuga-hekiloikur-wg261e-9-karkass-worx\/","og_locale":"en_US","og_type":"article","og_title":"Akuga hekil\u00f5ikur WG261E.9 karkass, Worx - Ranoja","og_description":"Pinge20V MAX Aku mahutavus -  Max. oksa m\u00f5\u00f5t16 mm L\u00f5iketera pikkus45 cm Seadme kaal1,99 kg  Omadused Kahtepidi liikuvad terad Mugav k\u00e4epide Laserl\u00f5igatud hambad H\u00e4sti tasakaalustatud ehitus ja kerge kaal Tera otsakaitse POWERSHARE  Standardvarustus L\u00f5iketera kaitse  Sobivad akud WA3551- 2 Ah WA3553 - 4 Ah WA3641 - 6 Ah  Sobivad laadijad WA3860 \/ WA3880 - 2A WA3883 - 2 x 2A","og_url":"https:\/\/ranoja.ee\/toode\/akuga-hekiloikur-wg261e-9-karkass-worx\/","og_site_name":"Ranoja","article_publisher":"https:\/\/www.facebook.com\/ranoja.ee","article_modified_time":"2026-03-17T14:43:10+00:00","og_image":[{"width":900,"height":900,"url":"https:\/\/ranoja.ee\/wp-content\/uploads\/2026\/03\/243329379.jpg","type":"image\/jpeg"}],"twitter_card":"summary_large_image","twitter_misc":{"Est. reading time":"1 minute"},"schema":{"@context":"https:\/\/schema.org","@graph":[{"@type":"WebPage","@id":"https:\/\/ranoja.ee\/toode\/akuga-hekiloikur-wg261e-9-karkass-worx\/","url":"https:\/\/ranoja.ee\/toode\/akuga-hekiloikur-wg261e-9-karkass-worx\/","name":"Akuga hekil\u00f5ikur WG261E.9 karkass, Worx - Ranoja","isPartOf":{"@id":"https:\/\/ranoja.ee\/#website"},"primaryImageOfPage":{"@id":"https:\/\/ranoja.ee\/toode\/akuga-hekiloikur-wg261e-9-karkass-worx\/#primaryimage"},"image":{"@id":"https:\/\/ranoja.ee\/toode\/akuga-hekiloikur-wg261e-9-karkass-worx\/#primaryimage"},"thumbnailUrl":"https:\/\/ranoja.ee\/wp-content\/uploads\/2026\/03\/243329379.jpg","datePublished":"2026-03-16T23:44:59+00:00","dateModified":"2026-03-17T14:43:10+00:00","breadcrumb":{"@id":"https:\/\/ranoja.ee\/toode\/akuga-hekiloikur-wg261e-9-karkass-worx\/#breadcrumb"},"inLanguage":"en-US","potentialAction":[{"@type":"ReadAction","target":["https:\/\/ranoja.ee\/toode\/akuga-hekiloikur-wg261e-9-karkass-worx\/"]}]},{"@type":"ImageObject","inLanguage":"en-US","@id":"https:\/\/ranoja.ee\/toode\/akuga-hekiloikur-wg261e-9-karkass-worx\/#primaryimage","url":"https:\/\/ranoja.ee\/wp-content\/uploads\/2026\/03\/243329379.jpg","contentUrl":"https:\/\/ranoja.ee\/wp-content\/uploads\/2026\/03\/243329379.jpg","width":900,"height":900},{"@type":"BreadcrumbList","@id":"https:\/\/ranoja.ee\/toode\/akuga-hekiloikur-wg261e-9-karkass-worx\/#breadcrumb","itemListElement":[{"@type":"ListItem","position":1,"name":"Home","item":"https:\/\/ranoja.ee\/"},{"@type":"ListItem","position":2,"name":"Shop","item":"https:\/\/ranoja.ee\/en\/shop\/"},{"@type":"ListItem","position":3,"name":"Akuga hekil\u00f5ikur WG261E.9 karkass, Worx"}]},{"@type":"WebSite","@id":"https:\/\/ranoja.ee\/#website","url":"https:\/\/ranoja.ee\/","name":"Ranoja","description":"Equipment Shop WooCommerce WordPress Theme for Machine &amp; Tools","publisher":{"@id":"https:\/\/ranoja.ee\/#organization"},"potentialAction":[{"@type":"SearchAction","target":{"@type":"EntryPoint","urlTemplate":"https:\/\/ranoja.ee\/?s={search_term_string}"},"query-input":{"@type":"PropertyValueSpecification","valueRequired":true,"valueName":"search_term_string"}}],"inLanguage":"en-US"},{"@type":"Organization","@id":"https:\/\/ranoja.ee\/#organization","name":"Ranoja O\u00dc","url":"https:\/\/ranoja.ee\/","logo":{"@type":"ImageObject","inLanguage":"en-US","@id":"https:\/\/ranoja.ee\/#\/schema\/logo\/image\/","url":"https:\/\/ranoja.ee\/wp-content\/uploads\/2023\/11\/ranoja-Logo.png","contentUrl":"https:\/\/ranoja.ee\/wp-content\/uploads\/2023\/11\/ranoja-Logo.png","width":207,"height":58,"caption":"Ranoja O\u00dc"},"image":{"@id":"https:\/\/ranoja.ee\/#\/schema\/logo\/image\/"},"sameAs":["https:\/\/www.facebook.com\/ranoja.ee","https:\/\/www.instagram.com\/ranoja__\/"]}]}},"_links":{"self":[{"href":"https:\/\/ranoja.ee\/en\/wp-json\/wp\/v2\/product\/62964","targetHints":{"allow":["GET"]}}],"collection":[{"href":"https:\/\/ranoja.ee\/en\/wp-json\/wp\/v2\/product"}],"about":[{"href":"https:\/\/ranoja.ee\/en\/wp-json\/wp\/v2\/types\/product"}],"wp:featuredmedia":[{"embeddable":true,"href":"https:\/\/ranoja.ee\/en\/wp-json\/wp\/v2\/media\/62965"}],"wp:attachment":[{"href":"https:\/\/ranoja.ee\/en\/wp-json\/wp\/v2\/media?parent=62964"}],"wp:term":[{"taxonomy":"product_cat","embeddable":true,"href":"https:\/\/ranoja.ee\/en\/wp-json\/wp\/v2\/product_cat?post=62964"},{"taxonomy":"product_tag","embeddable":true,"href":"https:\/\/ranoja.ee\/en\/wp-json\/wp\/v2\/product_tag?post=62964"}],"curies":[{"name":"wp","href":"https:\/\/api.w.org\/{rel}","templated":true}]}}