{"id":62962,"date":"2026-03-17T02:44:59","date_gmt":"2026-03-16T23:44:59","guid":{"rendered":"https:\/\/ranoja.ee\/toode\/muruluud-107-cm-agri-fab\/"},"modified":"2026-03-17T15:33:38","modified_gmt":"2026-03-17T12:33:38","slug":"muruluud-107-cm-agri-fab","status":"publish","type":"product","link":"https:\/\/ranoja.ee\/en\/toode\/muruluud-107-cm-agri-fab\/","title":{"rendered":"Muruluud 107 cm, Agri-Fab"},"content":{"rendered":"","protected":false},"excerpt":{"rendered":"<p>j\u00e4relveetav muruluud k\u00f5igile murutraktoritele v\u00f5imaldab kokku p\u00fchkida nii niidetud muru kui ka mahalangenud puulehed. Stantsitud teraskorpus tagab vastupidavuse pikkadeks aastateks.<br \/>\nt\u00f6\u00f6laius 107 cm<br \/>\nkogumiskott 340 l<br \/>\nreguleeritav k\u00f5rgus<\/p>\n","protected":false},"featured_media":62963,"template":"","meta":{"inline_featured_image":false},"product_cat":[1079,5085,5175,1081],"product_tag":[],"class_list":{"0":"post-62962","1":"product","2":"type-product","3":"status-publish","4":"has-post-thumbnail","6":"product_brand-agri-fab","7":"product_cat-aiatehnika-ja-niidutehnika","8":"product_cat-aiatehnika-ja-tooriistad","9":"product_cat-lisaseadmed-murutraktoritele","10":"product_cat-murutraktorid","12":"first","13":"outofstock","14":"purchasable","15":"product-type-simple"},"yoast_head":"<!-- This site is optimized with the Yoast SEO plugin v27.4 - https:\/\/yoast.com\/product\/yoast-seo-wordpress\/ -->\n<title>Muruluud 107 cm, Agri-Fab - Ranoja<\/title>\n<meta name=\"robots\" content=\"index, follow, max-snippet:-1, max-image-preview:large, max-video-preview:-1\" \/>\n<link rel=\"canonical\" href=\"https:\/\/ranoja.ee\/toode\/muruluud-107-cm-agri-fab\/\" \/>\n<meta property=\"og:locale\" content=\"en_US\" \/>\n<meta property=\"og:type\" content=\"article\" \/>\n<meta property=\"og:title\" content=\"Muruluud 107 cm, Agri-Fab - Ranoja\" \/>\n<meta property=\"og:description\" content=\"j\u00e4relveetav muruluud k\u00f5igile murutraktoritele v\u00f5imaldab kokku p\u00fchkida nii niidetud muru kui ka mahalangenud puulehed. Stantsitud teraskorpus tagab vastupidavuse pikkadeks aastateks. t\u00f6\u00f6laius 107 cm kogumiskott 340 l reguleeritav k\u00f5rgus\" \/>\n<meta property=\"og:url\" content=\"https:\/\/ranoja.ee\/toode\/muruluud-107-cm-agri-fab\/\" \/>\n<meta property=\"og:site_name\" content=\"Ranoja\" \/>\n<meta property=\"article:publisher\" content=\"https:\/\/www.facebook.com\/ranoja.ee\" \/>\n<meta property=\"article:modified_time\" content=\"2026-03-17T12:33:38+00:00\" \/>\n<meta property=\"og:image\" content=\"https:\/\/ranoja.ee\/wp-content\/uploads\/2026\/03\/220296663.jpeg\" \/>\n\t<meta property=\"og:image:width\" content=\"900\" \/>\n\t<meta property=\"og:image:height\" content=\"509\" \/>\n\t<meta property=\"og:image:type\" content=\"image\/jpeg\" \/>\n<meta name=\"twitter:card\" content=\"summary_large_image\" \/>\n<script type=\"application\/ld+json\" class=\"yoast-schema-graph\">{\"@context\":\"https:\\\/\\\/schema.org\",\"@graph\":[{\"@type\":\"WebPage\",\"@id\":\"https:\\\/\\\/ranoja.ee\\\/toode\\\/muruluud-107-cm-agri-fab\\\/\",\"url\":\"https:\\\/\\\/ranoja.ee\\\/toode\\\/muruluud-107-cm-agri-fab\\\/\",\"name\":\"Muruluud 107 cm, Agri-Fab - Ranoja\",\"isPartOf\":{\"@id\":\"https:\\\/\\\/ranoja.ee\\\/#website\"},\"primaryImageOfPage\":{\"@id\":\"https:\\\/\\\/ranoja.ee\\\/toode\\\/muruluud-107-cm-agri-fab\\\/#primaryimage\"},\"image\":{\"@id\":\"https:\\\/\\\/ranoja.ee\\\/toode\\\/muruluud-107-cm-agri-fab\\\/#primaryimage\"},\"thumbnailUrl\":\"https:\\\/\\\/ranoja.ee\\\/wp-content\\\/uploads\\\/2026\\\/03\\\/220296663.jpeg\",\"datePublished\":\"2026-03-16T23:44:59+00:00\",\"dateModified\":\"2026-03-17T12:33:38+00:00\",\"breadcrumb\":{\"@id\":\"https:\\\/\\\/ranoja.ee\\\/toode\\\/muruluud-107-cm-agri-fab\\\/#breadcrumb\"},\"inLanguage\":\"en-US\",\"potentialAction\":[{\"@type\":\"ReadAction\",\"target\":[\"https:\\\/\\\/ranoja.ee\\\/toode\\\/muruluud-107-cm-agri-fab\\\/\"]}]},{\"@type\":\"ImageObject\",\"inLanguage\":\"en-US\",\"@id\":\"https:\\\/\\\/ranoja.ee\\\/toode\\\/muruluud-107-cm-agri-fab\\\/#primaryimage\",\"url\":\"https:\\\/\\\/ranoja.ee\\\/wp-content\\\/uploads\\\/2026\\\/03\\\/220296663.jpeg\",\"contentUrl\":\"https:\\\/\\\/ranoja.ee\\\/wp-content\\\/uploads\\\/2026\\\/03\\\/220296663.jpeg\",\"width\":900,\"height\":509},{\"@type\":\"BreadcrumbList\",\"@id\":\"https:\\\/\\\/ranoja.ee\\\/toode\\\/muruluud-107-cm-agri-fab\\\/#breadcrumb\",\"itemListElement\":[{\"@type\":\"ListItem\",\"position\":1,\"name\":\"Home\",\"item\":\"https:\\\/\\\/ranoja.ee\\\/\"},{\"@type\":\"ListItem\",\"position\":2,\"name\":\"Shop\",\"item\":\"https:\\\/\\\/ranoja.ee\\\/en\\\/shop\\\/\"},{\"@type\":\"ListItem\",\"position\":3,\"name\":\"Muruluud 107 cm, Agri-Fab\"}]},{\"@type\":\"WebSite\",\"@id\":\"https:\\\/\\\/ranoja.ee\\\/#website\",\"url\":\"https:\\\/\\\/ranoja.ee\\\/\",\"name\":\"Ranoja\",\"description\":\"Equipment Shop WooCommerce WordPress Theme for Machine &amp; Tools\",\"publisher\":{\"@id\":\"https:\\\/\\\/ranoja.ee\\\/#organization\"},\"potentialAction\":[{\"@type\":\"SearchAction\",\"target\":{\"@type\":\"EntryPoint\",\"urlTemplate\":\"https:\\\/\\\/ranoja.ee\\\/?s={search_term_string}\"},\"query-input\":{\"@type\":\"PropertyValueSpecification\",\"valueRequired\":true,\"valueName\":\"search_term_string\"}}],\"inLanguage\":\"en-US\"},{\"@type\":\"Organization\",\"@id\":\"https:\\\/\\\/ranoja.ee\\\/#organization\",\"name\":\"Ranoja O\u00dc\",\"url\":\"https:\\\/\\\/ranoja.ee\\\/\",\"logo\":{\"@type\":\"ImageObject\",\"inLanguage\":\"en-US\",\"@id\":\"https:\\\/\\\/ranoja.ee\\\/#\\\/schema\\\/logo\\\/image\\\/\",\"url\":\"https:\\\/\\\/ranoja.ee\\\/wp-content\\\/uploads\\\/2023\\\/11\\\/ranoja-Logo.png\",\"contentUrl\":\"https:\\\/\\\/ranoja.ee\\\/wp-content\\\/uploads\\\/2023\\\/11\\\/ranoja-Logo.png\",\"width\":207,\"height\":58,\"caption\":\"Ranoja O\u00dc\"},\"image\":{\"@id\":\"https:\\\/\\\/ranoja.ee\\\/#\\\/schema\\\/logo\\\/image\\\/\"},\"sameAs\":[\"https:\\\/\\\/www.facebook.com\\\/ranoja.ee\",\"https:\\\/\\\/www.instagram.com\\\/ranoja__\\\/\"]}]}<\/script>\n<!-- \/ Yoast SEO plugin. -->","yoast_head_json":{"title":"Muruluud 107 cm, Agri-Fab - Ranoja","robots":{"index":"index","follow":"follow","max-snippet":"max-snippet:-1","max-image-preview":"max-image-preview:large","max-video-preview":"max-video-preview:-1"},"canonical":"https:\/\/ranoja.ee\/toode\/muruluud-107-cm-agri-fab\/","og_locale":"en_US","og_type":"article","og_title":"Muruluud 107 cm, Agri-Fab - Ranoja","og_description":"j\u00e4relveetav muruluud k\u00f5igile murutraktoritele v\u00f5imaldab kokku p\u00fchkida nii niidetud muru kui ka mahalangenud puulehed. Stantsitud teraskorpus tagab vastupidavuse pikkadeks aastateks. t\u00f6\u00f6laius 107 cm kogumiskott 340 l reguleeritav k\u00f5rgus","og_url":"https:\/\/ranoja.ee\/toode\/muruluud-107-cm-agri-fab\/","og_site_name":"Ranoja","article_publisher":"https:\/\/www.facebook.com\/ranoja.ee","article_modified_time":"2026-03-17T12:33:38+00:00","og_image":[{"width":900,"height":509,"url":"https:\/\/ranoja.ee\/wp-content\/uploads\/2026\/03\/220296663.jpeg","type":"image\/jpeg"}],"twitter_card":"summary_large_image","schema":{"@context":"https:\/\/schema.org","@graph":[{"@type":"WebPage","@id":"https:\/\/ranoja.ee\/toode\/muruluud-107-cm-agri-fab\/","url":"https:\/\/ranoja.ee\/toode\/muruluud-107-cm-agri-fab\/","name":"Muruluud 107 cm, Agri-Fab - Ranoja","isPartOf":{"@id":"https:\/\/ranoja.ee\/#website"},"primaryImageOfPage":{"@id":"https:\/\/ranoja.ee\/toode\/muruluud-107-cm-agri-fab\/#primaryimage"},"image":{"@id":"https:\/\/ranoja.ee\/toode\/muruluud-107-cm-agri-fab\/#primaryimage"},"thumbnailUrl":"https:\/\/ranoja.ee\/wp-content\/uploads\/2026\/03\/220296663.jpeg","datePublished":"2026-03-16T23:44:59+00:00","dateModified":"2026-03-17T12:33:38+00:00","breadcrumb":{"@id":"https:\/\/ranoja.ee\/toode\/muruluud-107-cm-agri-fab\/#breadcrumb"},"inLanguage":"en-US","potentialAction":[{"@type":"ReadAction","target":["https:\/\/ranoja.ee\/toode\/muruluud-107-cm-agri-fab\/"]}]},{"@type":"ImageObject","inLanguage":"en-US","@id":"https:\/\/ranoja.ee\/toode\/muruluud-107-cm-agri-fab\/#primaryimage","url":"https:\/\/ranoja.ee\/wp-content\/uploads\/2026\/03\/220296663.jpeg","contentUrl":"https:\/\/ranoja.ee\/wp-content\/uploads\/2026\/03\/220296663.jpeg","width":900,"height":509},{"@type":"BreadcrumbList","@id":"https:\/\/ranoja.ee\/toode\/muruluud-107-cm-agri-fab\/#breadcrumb","itemListElement":[{"@type":"ListItem","position":1,"name":"Home","item":"https:\/\/ranoja.ee\/"},{"@type":"ListItem","position":2,"name":"Shop","item":"https:\/\/ranoja.ee\/en\/shop\/"},{"@type":"ListItem","position":3,"name":"Muruluud 107 cm, Agri-Fab"}]},{"@type":"WebSite","@id":"https:\/\/ranoja.ee\/#website","url":"https:\/\/ranoja.ee\/","name":"Ranoja","description":"Equipment Shop WooCommerce WordPress Theme for Machine &amp; Tools","publisher":{"@id":"https:\/\/ranoja.ee\/#organization"},"potentialAction":[{"@type":"SearchAction","target":{"@type":"EntryPoint","urlTemplate":"https:\/\/ranoja.ee\/?s={search_term_string}"},"query-input":{"@type":"PropertyValueSpecification","valueRequired":true,"valueName":"search_term_string"}}],"inLanguage":"en-US"},{"@type":"Organization","@id":"https:\/\/ranoja.ee\/#organization","name":"Ranoja O\u00dc","url":"https:\/\/ranoja.ee\/","logo":{"@type":"ImageObject","inLanguage":"en-US","@id":"https:\/\/ranoja.ee\/#\/schema\/logo\/image\/","url":"https:\/\/ranoja.ee\/wp-content\/uploads\/2023\/11\/ranoja-Logo.png","contentUrl":"https:\/\/ranoja.ee\/wp-content\/uploads\/2023\/11\/ranoja-Logo.png","width":207,"height":58,"caption":"Ranoja O\u00dc"},"image":{"@id":"https:\/\/ranoja.ee\/#\/schema\/logo\/image\/"},"sameAs":["https:\/\/www.facebook.com\/ranoja.ee","https:\/\/www.instagram.com\/ranoja__\/"]}]}},"_links":{"self":[{"href":"https:\/\/ranoja.ee\/en\/wp-json\/wp\/v2\/product\/62962","targetHints":{"allow":["GET"]}}],"collection":[{"href":"https:\/\/ranoja.ee\/en\/wp-json\/wp\/v2\/product"}],"about":[{"href":"https:\/\/ranoja.ee\/en\/wp-json\/wp\/v2\/types\/product"}],"wp:featuredmedia":[{"embeddable":true,"href":"https:\/\/ranoja.ee\/en\/wp-json\/wp\/v2\/media\/62963"}],"wp:attachment":[{"href":"https:\/\/ranoja.ee\/en\/wp-json\/wp\/v2\/media?parent=62962"}],"wp:term":[{"taxonomy":"product_cat","embeddable":true,"href":"https:\/\/ranoja.ee\/en\/wp-json\/wp\/v2\/product_cat?post=62962"},{"taxonomy":"product_tag","embeddable":true,"href":"https:\/\/ranoja.ee\/en\/wp-json\/wp\/v2\/product_tag?post=62962"}],"curies":[{"name":"wp","href":"https:\/\/api.w.org\/{rel}","templated":true}]}}