{"id":62944,"date":"2026-03-17T02:44:36","date_gmt":"2026-03-16T23:44:36","guid":{"rendered":"https:\/\/ranoja.ee\/toode\/plastkeevitus-komplekt-roweld-p63-s-6-20-63mm-rothenberger\/"},"modified":"2026-03-17T15:33:39","modified_gmt":"2026-03-17T12:33:39","slug":"plastkeevitus-komplekt-roweld-p63-s-6-20-63mm-rothenberger","status":"publish","type":"product","link":"https:\/\/ranoja.ee\/en\/toode\/plastkeevitus-komplekt-roweld-p63-s-6-20-63mm-rothenberger\/","title":{"rendered":"Plastkeevitus komplekt ROWELD P63 S-6 20-63mm, Rothenberger"},"content":{"rendered":"","protected":false},"excerpt":{"rendered":"<p>PE, PP, PVDF, muhvide, torude, ja toruliitmike keevitamiseks. <\/p>\n<p>Muhvide sulamise seade 20-63 mm<br \/>\nhea sobitavus ja kombineerimise v\u00f5imalus igap\u00e4evases kasutamises<br \/>\nkauakestev, vastab DVS n\u00f5uetele<br \/>\nkogu asjakohane teave \u00fche silmapilguga<br \/>\nohutu tegutsemine, t\u00e4nu temperatuuri reguleerimisele vastavalt DVS<br \/>\nkerge ja mugav, t\u00f6\u00f6tades ei v\u00e4si.<\/p>\n<p>Komplektis termostaat, 20,25,32,40,50,63 mm<\/p>\n","protected":false},"featured_media":62945,"template":"","meta":{"inline_featured_image":false},"product_cat":[5494,5043],"product_tag":[],"class_list":{"0":"post-62944","1":"product","2":"type-product","3":"status-publish","4":"has-post-thumbnail","6":"product_brand-rothenberger","7":"product_cat-plasttoru-keevitusseadmed","8":"product_cat-torutooriistad","10":"first","11":"outofstock","12":"purchasable","13":"product-type-simple"},"yoast_head":"<!-- This site is optimized with the Yoast SEO plugin v27.4 - https:\/\/yoast.com\/product\/yoast-seo-wordpress\/ -->\n<title>Plastkeevitus komplekt ROWELD P63 S-6 20-63mm, Rothenberger - Ranoja<\/title>\n<meta name=\"robots\" content=\"index, follow, max-snippet:-1, max-image-preview:large, max-video-preview:-1\" \/>\n<link rel=\"canonical\" href=\"https:\/\/ranoja.ee\/toode\/plastkeevitus-komplekt-roweld-p63-s-6-20-63mm-rothenberger\/\" \/>\n<meta property=\"og:locale\" content=\"en_US\" \/>\n<meta property=\"og:type\" content=\"article\" \/>\n<meta property=\"og:title\" content=\"Plastkeevitus komplekt ROWELD P63 S-6 20-63mm, Rothenberger - Ranoja\" \/>\n<meta property=\"og:description\" content=\"PE, PP, PVDF, muhvide, torude, ja toruliitmike keevitamiseks.  Muhvide sulamise seade 20-63 mm hea sobitavus ja kombineerimise v\u00f5imalus igap\u00e4evases kasutamises kauakestev, vastab DVS n\u00f5uetele kogu asjakohane teave \u00fche silmapilguga ohutu tegutsemine, t\u00e4nu temperatuuri reguleerimisele vastavalt DVS kerge ja mugav, t\u00f6\u00f6tades ei v\u00e4si. Komplektis termostaat, 20,25,32,40,50,63 mm\" \/>\n<meta property=\"og:url\" content=\"https:\/\/ranoja.ee\/toode\/plastkeevitus-komplekt-roweld-p63-s-6-20-63mm-rothenberger\/\" \/>\n<meta property=\"og:site_name\" content=\"Ranoja\" \/>\n<meta property=\"article:publisher\" content=\"https:\/\/www.facebook.com\/ranoja.ee\" \/>\n<meta property=\"article:modified_time\" content=\"2026-03-17T12:33:39+00:00\" \/>\n<meta property=\"og:image\" content=\"https:\/\/ranoja.ee\/wp-content\/uploads\/2026\/03\/94505013.jpg\" \/>\n\t<meta property=\"og:image:width\" content=\"762\" \/>\n\t<meta property=\"og:image:height\" content=\"900\" \/>\n\t<meta property=\"og:image:type\" content=\"image\/jpeg\" \/>\n<meta name=\"twitter:card\" content=\"summary_large_image\" \/>\n<script type=\"application\/ld+json\" class=\"yoast-schema-graph\">{\"@context\":\"https:\\\/\\\/schema.org\",\"@graph\":[{\"@type\":\"WebPage\",\"@id\":\"https:\\\/\\\/ranoja.ee\\\/toode\\\/plastkeevitus-komplekt-roweld-p63-s-6-20-63mm-rothenberger\\\/\",\"url\":\"https:\\\/\\\/ranoja.ee\\\/toode\\\/plastkeevitus-komplekt-roweld-p63-s-6-20-63mm-rothenberger\\\/\",\"name\":\"Plastkeevitus komplekt ROWELD P63 S-6 20-63mm, Rothenberger - Ranoja\",\"isPartOf\":{\"@id\":\"https:\\\/\\\/ranoja.ee\\\/#website\"},\"primaryImageOfPage\":{\"@id\":\"https:\\\/\\\/ranoja.ee\\\/toode\\\/plastkeevitus-komplekt-roweld-p63-s-6-20-63mm-rothenberger\\\/#primaryimage\"},\"image\":{\"@id\":\"https:\\\/\\\/ranoja.ee\\\/toode\\\/plastkeevitus-komplekt-roweld-p63-s-6-20-63mm-rothenberger\\\/#primaryimage\"},\"thumbnailUrl\":\"https:\\\/\\\/ranoja.ee\\\/wp-content\\\/uploads\\\/2026\\\/03\\\/94505013.jpg\",\"datePublished\":\"2026-03-16T23:44:36+00:00\",\"dateModified\":\"2026-03-17T12:33:39+00:00\",\"breadcrumb\":{\"@id\":\"https:\\\/\\\/ranoja.ee\\\/toode\\\/plastkeevitus-komplekt-roweld-p63-s-6-20-63mm-rothenberger\\\/#breadcrumb\"},\"inLanguage\":\"en-US\",\"potentialAction\":[{\"@type\":\"ReadAction\",\"target\":[\"https:\\\/\\\/ranoja.ee\\\/toode\\\/plastkeevitus-komplekt-roweld-p63-s-6-20-63mm-rothenberger\\\/\"]}]},{\"@type\":\"ImageObject\",\"inLanguage\":\"en-US\",\"@id\":\"https:\\\/\\\/ranoja.ee\\\/toode\\\/plastkeevitus-komplekt-roweld-p63-s-6-20-63mm-rothenberger\\\/#primaryimage\",\"url\":\"https:\\\/\\\/ranoja.ee\\\/wp-content\\\/uploads\\\/2026\\\/03\\\/94505013.jpg\",\"contentUrl\":\"https:\\\/\\\/ranoja.ee\\\/wp-content\\\/uploads\\\/2026\\\/03\\\/94505013.jpg\",\"width\":762,\"height\":900},{\"@type\":\"BreadcrumbList\",\"@id\":\"https:\\\/\\\/ranoja.ee\\\/toode\\\/plastkeevitus-komplekt-roweld-p63-s-6-20-63mm-rothenberger\\\/#breadcrumb\",\"itemListElement\":[{\"@type\":\"ListItem\",\"position\":1,\"name\":\"Home\",\"item\":\"https:\\\/\\\/ranoja.ee\\\/\"},{\"@type\":\"ListItem\",\"position\":2,\"name\":\"Shop\",\"item\":\"https:\\\/\\\/ranoja.ee\\\/en\\\/shop\\\/\"},{\"@type\":\"ListItem\",\"position\":3,\"name\":\"Plastkeevitus komplekt ROWELD P63 S-6 20-63mm, Rothenberger\"}]},{\"@type\":\"WebSite\",\"@id\":\"https:\\\/\\\/ranoja.ee\\\/#website\",\"url\":\"https:\\\/\\\/ranoja.ee\\\/\",\"name\":\"Ranoja\",\"description\":\"Equipment Shop WooCommerce WordPress Theme for Machine &amp; Tools\",\"publisher\":{\"@id\":\"https:\\\/\\\/ranoja.ee\\\/#organization\"},\"potentialAction\":[{\"@type\":\"SearchAction\",\"target\":{\"@type\":\"EntryPoint\",\"urlTemplate\":\"https:\\\/\\\/ranoja.ee\\\/?s={search_term_string}\"},\"query-input\":{\"@type\":\"PropertyValueSpecification\",\"valueRequired\":true,\"valueName\":\"search_term_string\"}}],\"inLanguage\":\"en-US\"},{\"@type\":\"Organization\",\"@id\":\"https:\\\/\\\/ranoja.ee\\\/#organization\",\"name\":\"Ranoja O\u00dc\",\"url\":\"https:\\\/\\\/ranoja.ee\\\/\",\"logo\":{\"@type\":\"ImageObject\",\"inLanguage\":\"en-US\",\"@id\":\"https:\\\/\\\/ranoja.ee\\\/#\\\/schema\\\/logo\\\/image\\\/\",\"url\":\"https:\\\/\\\/ranoja.ee\\\/wp-content\\\/uploads\\\/2023\\\/11\\\/ranoja-Logo.png\",\"contentUrl\":\"https:\\\/\\\/ranoja.ee\\\/wp-content\\\/uploads\\\/2023\\\/11\\\/ranoja-Logo.png\",\"width\":207,\"height\":58,\"caption\":\"Ranoja O\u00dc\"},\"image\":{\"@id\":\"https:\\\/\\\/ranoja.ee\\\/#\\\/schema\\\/logo\\\/image\\\/\"},\"sameAs\":[\"https:\\\/\\\/www.facebook.com\\\/ranoja.ee\",\"https:\\\/\\\/www.instagram.com\\\/ranoja__\\\/\"]}]}<\/script>\n<!-- \/ Yoast SEO plugin. -->","yoast_head_json":{"title":"Plastkeevitus komplekt ROWELD P63 S-6 20-63mm, Rothenberger - Ranoja","robots":{"index":"index","follow":"follow","max-snippet":"max-snippet:-1","max-image-preview":"max-image-preview:large","max-video-preview":"max-video-preview:-1"},"canonical":"https:\/\/ranoja.ee\/toode\/plastkeevitus-komplekt-roweld-p63-s-6-20-63mm-rothenberger\/","og_locale":"en_US","og_type":"article","og_title":"Plastkeevitus komplekt ROWELD P63 S-6 20-63mm, Rothenberger - Ranoja","og_description":"PE, PP, PVDF, muhvide, torude, ja toruliitmike keevitamiseks.  Muhvide sulamise seade 20-63 mm hea sobitavus ja kombineerimise v\u00f5imalus igap\u00e4evases kasutamises kauakestev, vastab DVS n\u00f5uetele kogu asjakohane teave \u00fche silmapilguga ohutu tegutsemine, t\u00e4nu temperatuuri reguleerimisele vastavalt DVS kerge ja mugav, t\u00f6\u00f6tades ei v\u00e4si. Komplektis termostaat, 20,25,32,40,50,63 mm","og_url":"https:\/\/ranoja.ee\/toode\/plastkeevitus-komplekt-roweld-p63-s-6-20-63mm-rothenberger\/","og_site_name":"Ranoja","article_publisher":"https:\/\/www.facebook.com\/ranoja.ee","article_modified_time":"2026-03-17T12:33:39+00:00","og_image":[{"width":762,"height":900,"url":"https:\/\/ranoja.ee\/wp-content\/uploads\/2026\/03\/94505013.jpg","type":"image\/jpeg"}],"twitter_card":"summary_large_image","schema":{"@context":"https:\/\/schema.org","@graph":[{"@type":"WebPage","@id":"https:\/\/ranoja.ee\/toode\/plastkeevitus-komplekt-roweld-p63-s-6-20-63mm-rothenberger\/","url":"https:\/\/ranoja.ee\/toode\/plastkeevitus-komplekt-roweld-p63-s-6-20-63mm-rothenberger\/","name":"Plastkeevitus komplekt ROWELD P63 S-6 20-63mm, Rothenberger - Ranoja","isPartOf":{"@id":"https:\/\/ranoja.ee\/#website"},"primaryImageOfPage":{"@id":"https:\/\/ranoja.ee\/toode\/plastkeevitus-komplekt-roweld-p63-s-6-20-63mm-rothenberger\/#primaryimage"},"image":{"@id":"https:\/\/ranoja.ee\/toode\/plastkeevitus-komplekt-roweld-p63-s-6-20-63mm-rothenberger\/#primaryimage"},"thumbnailUrl":"https:\/\/ranoja.ee\/wp-content\/uploads\/2026\/03\/94505013.jpg","datePublished":"2026-03-16T23:44:36+00:00","dateModified":"2026-03-17T12:33:39+00:00","breadcrumb":{"@id":"https:\/\/ranoja.ee\/toode\/plastkeevitus-komplekt-roweld-p63-s-6-20-63mm-rothenberger\/#breadcrumb"},"inLanguage":"en-US","potentialAction":[{"@type":"ReadAction","target":["https:\/\/ranoja.ee\/toode\/plastkeevitus-komplekt-roweld-p63-s-6-20-63mm-rothenberger\/"]}]},{"@type":"ImageObject","inLanguage":"en-US","@id":"https:\/\/ranoja.ee\/toode\/plastkeevitus-komplekt-roweld-p63-s-6-20-63mm-rothenberger\/#primaryimage","url":"https:\/\/ranoja.ee\/wp-content\/uploads\/2026\/03\/94505013.jpg","contentUrl":"https:\/\/ranoja.ee\/wp-content\/uploads\/2026\/03\/94505013.jpg","width":762,"height":900},{"@type":"BreadcrumbList","@id":"https:\/\/ranoja.ee\/toode\/plastkeevitus-komplekt-roweld-p63-s-6-20-63mm-rothenberger\/#breadcrumb","itemListElement":[{"@type":"ListItem","position":1,"name":"Home","item":"https:\/\/ranoja.ee\/"},{"@type":"ListItem","position":2,"name":"Shop","item":"https:\/\/ranoja.ee\/en\/shop\/"},{"@type":"ListItem","position":3,"name":"Plastkeevitus komplekt ROWELD P63 S-6 20-63mm, Rothenberger"}]},{"@type":"WebSite","@id":"https:\/\/ranoja.ee\/#website","url":"https:\/\/ranoja.ee\/","name":"Ranoja","description":"Equipment Shop WooCommerce WordPress Theme for Machine &amp; Tools","publisher":{"@id":"https:\/\/ranoja.ee\/#organization"},"potentialAction":[{"@type":"SearchAction","target":{"@type":"EntryPoint","urlTemplate":"https:\/\/ranoja.ee\/?s={search_term_string}"},"query-input":{"@type":"PropertyValueSpecification","valueRequired":true,"valueName":"search_term_string"}}],"inLanguage":"en-US"},{"@type":"Organization","@id":"https:\/\/ranoja.ee\/#organization","name":"Ranoja O\u00dc","url":"https:\/\/ranoja.ee\/","logo":{"@type":"ImageObject","inLanguage":"en-US","@id":"https:\/\/ranoja.ee\/#\/schema\/logo\/image\/","url":"https:\/\/ranoja.ee\/wp-content\/uploads\/2023\/11\/ranoja-Logo.png","contentUrl":"https:\/\/ranoja.ee\/wp-content\/uploads\/2023\/11\/ranoja-Logo.png","width":207,"height":58,"caption":"Ranoja O\u00dc"},"image":{"@id":"https:\/\/ranoja.ee\/#\/schema\/logo\/image\/"},"sameAs":["https:\/\/www.facebook.com\/ranoja.ee","https:\/\/www.instagram.com\/ranoja__\/"]}]}},"_links":{"self":[{"href":"https:\/\/ranoja.ee\/en\/wp-json\/wp\/v2\/product\/62944","targetHints":{"allow":["GET"]}}],"collection":[{"href":"https:\/\/ranoja.ee\/en\/wp-json\/wp\/v2\/product"}],"about":[{"href":"https:\/\/ranoja.ee\/en\/wp-json\/wp\/v2\/types\/product"}],"wp:featuredmedia":[{"embeddable":true,"href":"https:\/\/ranoja.ee\/en\/wp-json\/wp\/v2\/media\/62945"}],"wp:attachment":[{"href":"https:\/\/ranoja.ee\/en\/wp-json\/wp\/v2\/media?parent=62944"}],"wp:term":[{"taxonomy":"product_cat","embeddable":true,"href":"https:\/\/ranoja.ee\/en\/wp-json\/wp\/v2\/product_cat?post=62944"},{"taxonomy":"product_tag","embeddable":true,"href":"https:\/\/ranoja.ee\/en\/wp-json\/wp\/v2\/product_tag?post=62944"}],"curies":[{"name":"wp","href":"https:\/\/api.w.org\/{rel}","templated":true}]}}