{"id":62942,"date":"2026-03-17T02:44:36","date_gmt":"2026-03-16T23:44:36","guid":{"rendered":"https:\/\/ranoja.ee\/toode\/saasepeletaja-ex90-thermacell\/"},"modified":"2026-03-17T15:33:39","modified_gmt":"2026-03-17T12:33:39","slug":"saasepeletaja-ex90-thermacell","status":"publish","type":"product","link":"https:\/\/ranoja.ee\/en\/toode\/saasepeletaja-ex90-thermacell\/","title":{"rendered":"S\u00e4\u00e4sepeletaja EX90, Thermacell"},"content":{"rendered":"","protected":false},"excerpt":{"rendered":"<p>V\u00f5itke \u00fche nupuvajutusega k\u00f5ige hullem s\u00e4\u00e4ser\u00fcnnak. Uuel juhtmevabal Thermacelli s\u00e4\u00e4sepeletajal on pikem t\u00f6\u00f6aeg, optimeeritud t\u00f5rjetulemus ja see on juhitav \u00fchest nupust. Parima tulemuse saavutamiseks loodud EX90 on vaba sekeldustest, h\u00f5lpsasti kasutatav, taaslaetav, l\u00f5hnavaba ja kompaktne. Kuna EX90 toidab liitiumioonaku, mitte Thermacelli gaasiballoonid, on see \u00f5hus\u00f5idukis\u00f5bralik ja t\u00e4iesti kasutatav igal k\u00f5rgusel.<br \/>\nLihtsasti \u00fchest nupust juhitav. L\u00fclitage see sisse &#8230; ja s\u00e4\u00e4sed on kadunud!<br \/>\nS\u00e4\u00e4sepeletaja ilma nahale kantavate kemikaalideta nagu pihustid v\u00f5i kreemid. DEET-vaba ja l\u00f5hnavaba.<br \/>\nVastab lennuohutuse reeglitele ja on \u00fclimalt kaasaskantav. T\u00f6\u00f6tab samaviisi igal k\u00f5rgusel.<br \/>\nT\u00f6\u00f6tab 9+ tundi \u00fche laadimisega. Saab kasutada laadimise ajal. Laeb t\u00e4ielikult 9 tunni jooksul.<br \/>\nLukustused reisimiseks, valikuline automaatne v\u00e4ljal\u00fclitusaeg (2 tunni p\u00e4rast) v\u00f5i pidev t\u00f6\u00f6.<br \/>\nT\u00f5rjub s\u00e4\u00e4ski kuni 40 tundi \u00fche t\u00e4itekassetiga (t\u00e4itepakendeid saadaval).<br \/>\nKaitseb 29 m\u00b2 suurust ala. Vastupidav, kompaktne ja v\u00f5imas.<br \/>\nKomplektis: EX90 s\u00e4\u00e4sepeletaja, 40-tunnine t\u00e4itekassett, karabiniga riputuslint ja USB-laadimiskaabel. Varustatud aku n\u00e4idikuga.<br \/>\nHOIUSTAMISE M\u00c4RKUS. ENNE PIKEMAT HOIUSTAMIST LAADIGE AKU T\u00c4IELIKULT<\/p>\n","protected":false},"featured_media":62943,"template":"","meta":{"inline_featured_image":false},"product_cat":[5020,5019],"product_tag":[],"class_list":{"0":"post-62942","1":"product","2":"type-product","3":"status-publish","4":"has-post-thumbnail","6":"product_brand-thermacell","7":"product_cat-putukatorjevahendid","8":"product_cat-varustus-ja-branditooted","10":"first","11":"outofstock","12":"purchasable","13":"product-type-simple"},"yoast_head":"<!-- This site is optimized with the Yoast SEO plugin v27.4 - https:\/\/yoast.com\/product\/yoast-seo-wordpress\/ -->\n<title>S\u00e4\u00e4sepeletaja EX90, Thermacell - Ranoja<\/title>\n<meta name=\"robots\" content=\"index, follow, max-snippet:-1, max-image-preview:large, max-video-preview:-1\" \/>\n<link rel=\"canonical\" href=\"https:\/\/ranoja.ee\/toode\/saasepeletaja-ex90-thermacell\/\" \/>\n<meta property=\"og:locale\" content=\"en_US\" \/>\n<meta property=\"og:type\" content=\"article\" \/>\n<meta property=\"og:title\" content=\"S\u00e4\u00e4sepeletaja EX90, Thermacell - Ranoja\" \/>\n<meta property=\"og:description\" content=\"V\u00f5itke \u00fche nupuvajutusega k\u00f5ige hullem s\u00e4\u00e4ser\u00fcnnak. Uuel juhtmevabal Thermacelli s\u00e4\u00e4sepeletajal on pikem t\u00f6\u00f6aeg, optimeeritud t\u00f5rjetulemus ja see on juhitav \u00fchest nupust. Parima tulemuse saavutamiseks loodud EX90 on vaba sekeldustest, h\u00f5lpsasti kasutatav, taaslaetav, l\u00f5hnavaba ja kompaktne. Kuna EX90 toidab liitiumioonaku, mitte Thermacelli gaasiballoonid, on see \u00f5hus\u00f5idukis\u00f5bralik ja t\u00e4iesti kasutatav igal k\u00f5rgusel. Lihtsasti \u00fchest nupust juhitav. L\u00fclitage see sisse ... ja s\u00e4\u00e4sed on kadunud! S\u00e4\u00e4sepeletaja ilma nahale kantavate kemikaalideta nagu pihustid v\u00f5i kreemid. DEET-vaba ja l\u00f5hnavaba. Vastab lennuohutuse reeglitele ja on \u00fclimalt kaasaskantav. T\u00f6\u00f6tab samaviisi igal k\u00f5rgusel. T\u00f6\u00f6tab 9+ tundi \u00fche laadimisega. Saab kasutada laadimise ajal. Laeb t\u00e4ielikult 9 tunni jooksul. Lukustused reisimiseks, valikuline automaatne v\u00e4ljal\u00fclitusaeg (2 tunni p\u00e4rast) v\u00f5i pidev t\u00f6\u00f6. T\u00f5rjub s\u00e4\u00e4ski kuni 40 tundi \u00fche t\u00e4itekassetiga (t\u00e4itepakendeid saadaval). Kaitseb 29 m\u00b2 suurust ala. Vastupidav, kompaktne ja v\u00f5imas. Komplektis: EX90 s\u00e4\u00e4sepeletaja, 40-tunnine t\u00e4itekassett, karabiniga riputuslint ja USB-laadimiskaabel. Varustatud aku n\u00e4idikuga. HOIUSTAMISE M\u00c4RKUS. ENNE PIKEMAT HOIUSTAMIST LAADIGE AKU T\u00c4IELIKULT\" \/>\n<meta property=\"og:url\" content=\"https:\/\/ranoja.ee\/toode\/saasepeletaja-ex90-thermacell\/\" \/>\n<meta property=\"og:site_name\" content=\"Ranoja\" \/>\n<meta property=\"article:publisher\" content=\"https:\/\/www.facebook.com\/ranoja.ee\" \/>\n<meta property=\"article:modified_time\" content=\"2026-03-17T12:33:39+00:00\" \/>\n<meta property=\"og:image\" content=\"https:\/\/ranoja.ee\/wp-content\/uploads\/2026\/03\/248191528.jpeg\" \/>\n\t<meta property=\"og:image:width\" content=\"768\" \/>\n\t<meta property=\"og:image:height\" content=\"768\" \/>\n\t<meta property=\"og:image:type\" content=\"image\/jpeg\" \/>\n<meta name=\"twitter:card\" content=\"summary_large_image\" \/>\n<script type=\"application\/ld+json\" class=\"yoast-schema-graph\">{\"@context\":\"https:\\\/\\\/schema.org\",\"@graph\":[{\"@type\":\"WebPage\",\"@id\":\"https:\\\/\\\/ranoja.ee\\\/toode\\\/saasepeletaja-ex90-thermacell\\\/\",\"url\":\"https:\\\/\\\/ranoja.ee\\\/toode\\\/saasepeletaja-ex90-thermacell\\\/\",\"name\":\"S\u00e4\u00e4sepeletaja EX90, Thermacell - Ranoja\",\"isPartOf\":{\"@id\":\"https:\\\/\\\/ranoja.ee\\\/#website\"},\"primaryImageOfPage\":{\"@id\":\"https:\\\/\\\/ranoja.ee\\\/toode\\\/saasepeletaja-ex90-thermacell\\\/#primaryimage\"},\"image\":{\"@id\":\"https:\\\/\\\/ranoja.ee\\\/toode\\\/saasepeletaja-ex90-thermacell\\\/#primaryimage\"},\"thumbnailUrl\":\"https:\\\/\\\/ranoja.ee\\\/wp-content\\\/uploads\\\/2026\\\/03\\\/248191528.jpeg\",\"datePublished\":\"2026-03-16T23:44:36+00:00\",\"dateModified\":\"2026-03-17T12:33:39+00:00\",\"breadcrumb\":{\"@id\":\"https:\\\/\\\/ranoja.ee\\\/toode\\\/saasepeletaja-ex90-thermacell\\\/#breadcrumb\"},\"inLanguage\":\"en-US\",\"potentialAction\":[{\"@type\":\"ReadAction\",\"target\":[\"https:\\\/\\\/ranoja.ee\\\/toode\\\/saasepeletaja-ex90-thermacell\\\/\"]}]},{\"@type\":\"ImageObject\",\"inLanguage\":\"en-US\",\"@id\":\"https:\\\/\\\/ranoja.ee\\\/toode\\\/saasepeletaja-ex90-thermacell\\\/#primaryimage\",\"url\":\"https:\\\/\\\/ranoja.ee\\\/wp-content\\\/uploads\\\/2026\\\/03\\\/248191528.jpeg\",\"contentUrl\":\"https:\\\/\\\/ranoja.ee\\\/wp-content\\\/uploads\\\/2026\\\/03\\\/248191528.jpeg\",\"width\":768,\"height\":768},{\"@type\":\"BreadcrumbList\",\"@id\":\"https:\\\/\\\/ranoja.ee\\\/toode\\\/saasepeletaja-ex90-thermacell\\\/#breadcrumb\",\"itemListElement\":[{\"@type\":\"ListItem\",\"position\":1,\"name\":\"Home\",\"item\":\"https:\\\/\\\/ranoja.ee\\\/\"},{\"@type\":\"ListItem\",\"position\":2,\"name\":\"Shop\",\"item\":\"https:\\\/\\\/ranoja.ee\\\/en\\\/shop\\\/\"},{\"@type\":\"ListItem\",\"position\":3,\"name\":\"S\u00e4\u00e4sepeletaja EX90, Thermacell\"}]},{\"@type\":\"WebSite\",\"@id\":\"https:\\\/\\\/ranoja.ee\\\/#website\",\"url\":\"https:\\\/\\\/ranoja.ee\\\/\",\"name\":\"Ranoja\",\"description\":\"Equipment Shop WooCommerce WordPress Theme for Machine &amp; Tools\",\"publisher\":{\"@id\":\"https:\\\/\\\/ranoja.ee\\\/#organization\"},\"potentialAction\":[{\"@type\":\"SearchAction\",\"target\":{\"@type\":\"EntryPoint\",\"urlTemplate\":\"https:\\\/\\\/ranoja.ee\\\/?s={search_term_string}\"},\"query-input\":{\"@type\":\"PropertyValueSpecification\",\"valueRequired\":true,\"valueName\":\"search_term_string\"}}],\"inLanguage\":\"en-US\"},{\"@type\":\"Organization\",\"@id\":\"https:\\\/\\\/ranoja.ee\\\/#organization\",\"name\":\"Ranoja O\u00dc\",\"url\":\"https:\\\/\\\/ranoja.ee\\\/\",\"logo\":{\"@type\":\"ImageObject\",\"inLanguage\":\"en-US\",\"@id\":\"https:\\\/\\\/ranoja.ee\\\/#\\\/schema\\\/logo\\\/image\\\/\",\"url\":\"https:\\\/\\\/ranoja.ee\\\/wp-content\\\/uploads\\\/2023\\\/11\\\/ranoja-Logo.png\",\"contentUrl\":\"https:\\\/\\\/ranoja.ee\\\/wp-content\\\/uploads\\\/2023\\\/11\\\/ranoja-Logo.png\",\"width\":207,\"height\":58,\"caption\":\"Ranoja O\u00dc\"},\"image\":{\"@id\":\"https:\\\/\\\/ranoja.ee\\\/#\\\/schema\\\/logo\\\/image\\\/\"},\"sameAs\":[\"https:\\\/\\\/www.facebook.com\\\/ranoja.ee\",\"https:\\\/\\\/www.instagram.com\\\/ranoja__\\\/\"]}]}<\/script>\n<!-- \/ Yoast SEO plugin. -->","yoast_head_json":{"title":"S\u00e4\u00e4sepeletaja EX90, Thermacell - Ranoja","robots":{"index":"index","follow":"follow","max-snippet":"max-snippet:-1","max-image-preview":"max-image-preview:large","max-video-preview":"max-video-preview:-1"},"canonical":"https:\/\/ranoja.ee\/toode\/saasepeletaja-ex90-thermacell\/","og_locale":"en_US","og_type":"article","og_title":"S\u00e4\u00e4sepeletaja EX90, Thermacell - Ranoja","og_description":"V\u00f5itke \u00fche nupuvajutusega k\u00f5ige hullem s\u00e4\u00e4ser\u00fcnnak. Uuel juhtmevabal Thermacelli s\u00e4\u00e4sepeletajal on pikem t\u00f6\u00f6aeg, optimeeritud t\u00f5rjetulemus ja see on juhitav \u00fchest nupust. Parima tulemuse saavutamiseks loodud EX90 on vaba sekeldustest, h\u00f5lpsasti kasutatav, taaslaetav, l\u00f5hnavaba ja kompaktne. Kuna EX90 toidab liitiumioonaku, mitte Thermacelli gaasiballoonid, on see \u00f5hus\u00f5idukis\u00f5bralik ja t\u00e4iesti kasutatav igal k\u00f5rgusel. Lihtsasti \u00fchest nupust juhitav. L\u00fclitage see sisse ... ja s\u00e4\u00e4sed on kadunud! S\u00e4\u00e4sepeletaja ilma nahale kantavate kemikaalideta nagu pihustid v\u00f5i kreemid. DEET-vaba ja l\u00f5hnavaba. Vastab lennuohutuse reeglitele ja on \u00fclimalt kaasaskantav. T\u00f6\u00f6tab samaviisi igal k\u00f5rgusel. T\u00f6\u00f6tab 9+ tundi \u00fche laadimisega. Saab kasutada laadimise ajal. Laeb t\u00e4ielikult 9 tunni jooksul. Lukustused reisimiseks, valikuline automaatne v\u00e4ljal\u00fclitusaeg (2 tunni p\u00e4rast) v\u00f5i pidev t\u00f6\u00f6. T\u00f5rjub s\u00e4\u00e4ski kuni 40 tundi \u00fche t\u00e4itekassetiga (t\u00e4itepakendeid saadaval). Kaitseb 29 m\u00b2 suurust ala. Vastupidav, kompaktne ja v\u00f5imas. Komplektis: EX90 s\u00e4\u00e4sepeletaja, 40-tunnine t\u00e4itekassett, karabiniga riputuslint ja USB-laadimiskaabel. Varustatud aku n\u00e4idikuga. HOIUSTAMISE M\u00c4RKUS. ENNE PIKEMAT HOIUSTAMIST LAADIGE AKU T\u00c4IELIKULT","og_url":"https:\/\/ranoja.ee\/toode\/saasepeletaja-ex90-thermacell\/","og_site_name":"Ranoja","article_publisher":"https:\/\/www.facebook.com\/ranoja.ee","article_modified_time":"2026-03-17T12:33:39+00:00","og_image":[{"width":768,"height":768,"url":"https:\/\/ranoja.ee\/wp-content\/uploads\/2026\/03\/248191528.jpeg","type":"image\/jpeg"}],"twitter_card":"summary_large_image","schema":{"@context":"https:\/\/schema.org","@graph":[{"@type":"WebPage","@id":"https:\/\/ranoja.ee\/toode\/saasepeletaja-ex90-thermacell\/","url":"https:\/\/ranoja.ee\/toode\/saasepeletaja-ex90-thermacell\/","name":"S\u00e4\u00e4sepeletaja EX90, Thermacell - Ranoja","isPartOf":{"@id":"https:\/\/ranoja.ee\/#website"},"primaryImageOfPage":{"@id":"https:\/\/ranoja.ee\/toode\/saasepeletaja-ex90-thermacell\/#primaryimage"},"image":{"@id":"https:\/\/ranoja.ee\/toode\/saasepeletaja-ex90-thermacell\/#primaryimage"},"thumbnailUrl":"https:\/\/ranoja.ee\/wp-content\/uploads\/2026\/03\/248191528.jpeg","datePublished":"2026-03-16T23:44:36+00:00","dateModified":"2026-03-17T12:33:39+00:00","breadcrumb":{"@id":"https:\/\/ranoja.ee\/toode\/saasepeletaja-ex90-thermacell\/#breadcrumb"},"inLanguage":"en-US","potentialAction":[{"@type":"ReadAction","target":["https:\/\/ranoja.ee\/toode\/saasepeletaja-ex90-thermacell\/"]}]},{"@type":"ImageObject","inLanguage":"en-US","@id":"https:\/\/ranoja.ee\/toode\/saasepeletaja-ex90-thermacell\/#primaryimage","url":"https:\/\/ranoja.ee\/wp-content\/uploads\/2026\/03\/248191528.jpeg","contentUrl":"https:\/\/ranoja.ee\/wp-content\/uploads\/2026\/03\/248191528.jpeg","width":768,"height":768},{"@type":"BreadcrumbList","@id":"https:\/\/ranoja.ee\/toode\/saasepeletaja-ex90-thermacell\/#breadcrumb","itemListElement":[{"@type":"ListItem","position":1,"name":"Home","item":"https:\/\/ranoja.ee\/"},{"@type":"ListItem","position":2,"name":"Shop","item":"https:\/\/ranoja.ee\/en\/shop\/"},{"@type":"ListItem","position":3,"name":"S\u00e4\u00e4sepeletaja EX90, Thermacell"}]},{"@type":"WebSite","@id":"https:\/\/ranoja.ee\/#website","url":"https:\/\/ranoja.ee\/","name":"Ranoja","description":"Equipment Shop WooCommerce WordPress Theme for Machine &amp; Tools","publisher":{"@id":"https:\/\/ranoja.ee\/#organization"},"potentialAction":[{"@type":"SearchAction","target":{"@type":"EntryPoint","urlTemplate":"https:\/\/ranoja.ee\/?s={search_term_string}"},"query-input":{"@type":"PropertyValueSpecification","valueRequired":true,"valueName":"search_term_string"}}],"inLanguage":"en-US"},{"@type":"Organization","@id":"https:\/\/ranoja.ee\/#organization","name":"Ranoja O\u00dc","url":"https:\/\/ranoja.ee\/","logo":{"@type":"ImageObject","inLanguage":"en-US","@id":"https:\/\/ranoja.ee\/#\/schema\/logo\/image\/","url":"https:\/\/ranoja.ee\/wp-content\/uploads\/2023\/11\/ranoja-Logo.png","contentUrl":"https:\/\/ranoja.ee\/wp-content\/uploads\/2023\/11\/ranoja-Logo.png","width":207,"height":58,"caption":"Ranoja O\u00dc"},"image":{"@id":"https:\/\/ranoja.ee\/#\/schema\/logo\/image\/"},"sameAs":["https:\/\/www.facebook.com\/ranoja.ee","https:\/\/www.instagram.com\/ranoja__\/"]}]}},"_links":{"self":[{"href":"https:\/\/ranoja.ee\/en\/wp-json\/wp\/v2\/product\/62942","targetHints":{"allow":["GET"]}}],"collection":[{"href":"https:\/\/ranoja.ee\/en\/wp-json\/wp\/v2\/product"}],"about":[{"href":"https:\/\/ranoja.ee\/en\/wp-json\/wp\/v2\/types\/product"}],"wp:featuredmedia":[{"embeddable":true,"href":"https:\/\/ranoja.ee\/en\/wp-json\/wp\/v2\/media\/62943"}],"wp:attachment":[{"href":"https:\/\/ranoja.ee\/en\/wp-json\/wp\/v2\/media?parent=62942"}],"wp:term":[{"taxonomy":"product_cat","embeddable":true,"href":"https:\/\/ranoja.ee\/en\/wp-json\/wp\/v2\/product_cat?post=62942"},{"taxonomy":"product_tag","embeddable":true,"href":"https:\/\/ranoja.ee\/en\/wp-json\/wp\/v2\/product_tag?post=62942"}],"curies":[{"name":"wp","href":"https:\/\/api.w.org\/{rel}","templated":true}]}}