{"id":62924,"date":"2026-03-17T02:44:36","date_gmt":"2026-03-16T23:44:36","guid":{"rendered":"https:\/\/ranoja.ee\/toode\/liimipustol-eg360-12mm-pro-rapid\/"},"modified":"2026-03-17T15:33:40","modified_gmt":"2026-03-17T12:33:40","slug":"liimipustol-eg360-12mm-pro-rapid","status":"publish","type":"product","link":"https:\/\/ranoja.ee\/en\/toode\/liimipustol-eg360-12mm-pro-rapid\/","title":{"rendered":"Liimip\u00fcstol EG360, 12mm, PRO, Rapid"},"content":{"rendered":"","protected":false},"excerpt":{"rendered":"<p>Professionaalide valik \u2013 see t\u00f6\u00f6stuslik liimip\u00fcstol on varustatud suure j\u00f5udlusega 300 W padrunik\u00fcttes\u00fcsteemiga ja annab 1800 g\/min liimi v\u00e4ljundv\u00f5imsuse. T\u00e4ppisrakendusteks ja k\u00f5rgsageduslikuks kasutamiseks loodud pehme k\u00e4epide ja nelja s\u00f5rmega p\u00e4\u00e4stik suurendavad kasutusmugavust, samas kui mugav temperatuuri reguleerimise funktsioon (120\u2013230 \u00b0C) suurendab mitmek\u00fclgsust. Kiire kuumutamine pakub suuremat t\u00f6\u00f6efektiivsust, samas kui muude omaduste hulka kuuluvad vahetatav otsik, stabiilsed ja mobiilsed alused ning pikk 2,5 m juhe.<\/p>\n<p>Omadused<br \/>\n12 mm liimipulkadele<br \/>\n1800 g\/h liimi v\u00e4ljundv\u00f5imsus<br \/>\nV\u00f5imsus 300 W<br \/>\n1 min temperatuuril 130 \u00b0C, 3 min temperatuuril 210 \u00b0C<br \/>\nReguleeritav temperatuur 120\u2013230 \u00b0C<br \/>\nTemperatuuri seaded: 120 \u00b0C, 145 \u00b0C, 170 \u00b0C, 195 \u00b0C, 230 \u00b0C<br \/>\nT\u00f6\u00f6tab nii EVA- kui ka pol\u00fcamiidliimiga.<br \/>\nStandardne otsik \u00d83,5 mm, vahetatav<br \/>\nErgonoomiline nelja s\u00f5rmega k\u00e4epide<\/p>\n","protected":false},"featured_media":62925,"template":"","meta":{"inline_featured_image":false},"product_cat":[1094,5111,1102,5245],"product_tag":[],"class_list":{"0":"post-62924","1":"product","2":"type-product","3":"status-publish","4":"has-post-thumbnail","6":"product_brand-rapid","7":"product_cat-akutooriistad","8":"product_cat-elektrilised-kasitooriistad","9":"product_cat-liimipustolid","10":"product_cat-muud-elektrilised-tooriistad","12":"first","13":"outofstock","14":"purchasable","15":"product-type-simple"},"yoast_head":"<!-- This site is optimized with the Yoast SEO plugin v27.4 - https:\/\/yoast.com\/product\/yoast-seo-wordpress\/ -->\n<title>Liimip\u00fcstol EG360, 12mm, PRO, Rapid - Ranoja<\/title>\n<meta name=\"robots\" content=\"index, follow, max-snippet:-1, max-image-preview:large, max-video-preview:-1\" \/>\n<link rel=\"canonical\" href=\"https:\/\/ranoja.ee\/toode\/liimipustol-eg360-12mm-pro-rapid\/\" \/>\n<meta property=\"og:locale\" content=\"en_US\" \/>\n<meta property=\"og:type\" content=\"article\" \/>\n<meta property=\"og:title\" content=\"Liimip\u00fcstol EG360, 12mm, PRO, Rapid - Ranoja\" \/>\n<meta property=\"og:description\" content=\"Professionaalide valik \u2013 see t\u00f6\u00f6stuslik liimip\u00fcstol on varustatud suure j\u00f5udlusega 300 W padrunik\u00fcttes\u00fcsteemiga ja annab 1800 g\/min liimi v\u00e4ljundv\u00f5imsuse. T\u00e4ppisrakendusteks ja k\u00f5rgsageduslikuks kasutamiseks loodud pehme k\u00e4epide ja nelja s\u00f5rmega p\u00e4\u00e4stik suurendavad kasutusmugavust, samas kui mugav temperatuuri reguleerimise funktsioon (120\u2013230 \u00b0C) suurendab mitmek\u00fclgsust. Kiire kuumutamine pakub suuremat t\u00f6\u00f6efektiivsust, samas kui muude omaduste hulka kuuluvad vahetatav otsik, stabiilsed ja mobiilsed alused ning pikk 2,5 m juhe. Omadused 12 mm liimipulkadele 1800 g\/h liimi v\u00e4ljundv\u00f5imsus V\u00f5imsus 300 W 1 min temperatuuril 130 \u00b0C, 3 min temperatuuril 210 \u00b0C Reguleeritav temperatuur 120\u2013230 \u00b0C Temperatuuri seaded: 120 \u00b0C, 145 \u00b0C, 170 \u00b0C, 195 \u00b0C, 230 \u00b0C T\u00f6\u00f6tab nii EVA- kui ka pol\u00fcamiidliimiga. Standardne otsik \u00d83,5 mm, vahetatav Ergonoomiline nelja s\u00f5rmega k\u00e4epide\" \/>\n<meta property=\"og:url\" content=\"https:\/\/ranoja.ee\/toode\/liimipustol-eg360-12mm-pro-rapid\/\" \/>\n<meta property=\"og:site_name\" content=\"Ranoja\" \/>\n<meta property=\"article:publisher\" content=\"https:\/\/www.facebook.com\/ranoja.ee\" \/>\n<meta property=\"article:modified_time\" content=\"2026-03-17T12:33:40+00:00\" \/>\n<meta property=\"og:image\" content=\"https:\/\/ranoja.ee\/wp-content\/uploads\/2026\/03\/241738253.jpg\" \/>\n\t<meta property=\"og:image:width\" content=\"600\" \/>\n\t<meta property=\"og:image:height\" content=\"600\" \/>\n\t<meta property=\"og:image:type\" content=\"image\/jpeg\" \/>\n<meta name=\"twitter:card\" content=\"summary_large_image\" \/>\n<script type=\"application\/ld+json\" class=\"yoast-schema-graph\">{\"@context\":\"https:\\\/\\\/schema.org\",\"@graph\":[{\"@type\":\"WebPage\",\"@id\":\"https:\\\/\\\/ranoja.ee\\\/toode\\\/liimipustol-eg360-12mm-pro-rapid\\\/\",\"url\":\"https:\\\/\\\/ranoja.ee\\\/toode\\\/liimipustol-eg360-12mm-pro-rapid\\\/\",\"name\":\"Liimip\u00fcstol EG360, 12mm, PRO, Rapid - Ranoja\",\"isPartOf\":{\"@id\":\"https:\\\/\\\/ranoja.ee\\\/#website\"},\"primaryImageOfPage\":{\"@id\":\"https:\\\/\\\/ranoja.ee\\\/toode\\\/liimipustol-eg360-12mm-pro-rapid\\\/#primaryimage\"},\"image\":{\"@id\":\"https:\\\/\\\/ranoja.ee\\\/toode\\\/liimipustol-eg360-12mm-pro-rapid\\\/#primaryimage\"},\"thumbnailUrl\":\"https:\\\/\\\/ranoja.ee\\\/wp-content\\\/uploads\\\/2026\\\/03\\\/241738253.jpg\",\"datePublished\":\"2026-03-16T23:44:36+00:00\",\"dateModified\":\"2026-03-17T12:33:40+00:00\",\"breadcrumb\":{\"@id\":\"https:\\\/\\\/ranoja.ee\\\/toode\\\/liimipustol-eg360-12mm-pro-rapid\\\/#breadcrumb\"},\"inLanguage\":\"en-US\",\"potentialAction\":[{\"@type\":\"ReadAction\",\"target\":[\"https:\\\/\\\/ranoja.ee\\\/toode\\\/liimipustol-eg360-12mm-pro-rapid\\\/\"]}]},{\"@type\":\"ImageObject\",\"inLanguage\":\"en-US\",\"@id\":\"https:\\\/\\\/ranoja.ee\\\/toode\\\/liimipustol-eg360-12mm-pro-rapid\\\/#primaryimage\",\"url\":\"https:\\\/\\\/ranoja.ee\\\/wp-content\\\/uploads\\\/2026\\\/03\\\/241738253.jpg\",\"contentUrl\":\"https:\\\/\\\/ranoja.ee\\\/wp-content\\\/uploads\\\/2026\\\/03\\\/241738253.jpg\",\"width\":600,\"height\":600},{\"@type\":\"BreadcrumbList\",\"@id\":\"https:\\\/\\\/ranoja.ee\\\/toode\\\/liimipustol-eg360-12mm-pro-rapid\\\/#breadcrumb\",\"itemListElement\":[{\"@type\":\"ListItem\",\"position\":1,\"name\":\"Home\",\"item\":\"https:\\\/\\\/ranoja.ee\\\/\"},{\"@type\":\"ListItem\",\"position\":2,\"name\":\"Shop\",\"item\":\"https:\\\/\\\/ranoja.ee\\\/en\\\/shop\\\/\"},{\"@type\":\"ListItem\",\"position\":3,\"name\":\"Liimip\u00fcstol EG360, 12mm, PRO, Rapid\"}]},{\"@type\":\"WebSite\",\"@id\":\"https:\\\/\\\/ranoja.ee\\\/#website\",\"url\":\"https:\\\/\\\/ranoja.ee\\\/\",\"name\":\"Ranoja\",\"description\":\"Equipment Shop WooCommerce WordPress Theme for Machine &amp; Tools\",\"publisher\":{\"@id\":\"https:\\\/\\\/ranoja.ee\\\/#organization\"},\"potentialAction\":[{\"@type\":\"SearchAction\",\"target\":{\"@type\":\"EntryPoint\",\"urlTemplate\":\"https:\\\/\\\/ranoja.ee\\\/?s={search_term_string}\"},\"query-input\":{\"@type\":\"PropertyValueSpecification\",\"valueRequired\":true,\"valueName\":\"search_term_string\"}}],\"inLanguage\":\"en-US\"},{\"@type\":\"Organization\",\"@id\":\"https:\\\/\\\/ranoja.ee\\\/#organization\",\"name\":\"Ranoja O\u00dc\",\"url\":\"https:\\\/\\\/ranoja.ee\\\/\",\"logo\":{\"@type\":\"ImageObject\",\"inLanguage\":\"en-US\",\"@id\":\"https:\\\/\\\/ranoja.ee\\\/#\\\/schema\\\/logo\\\/image\\\/\",\"url\":\"https:\\\/\\\/ranoja.ee\\\/wp-content\\\/uploads\\\/2023\\\/11\\\/ranoja-Logo.png\",\"contentUrl\":\"https:\\\/\\\/ranoja.ee\\\/wp-content\\\/uploads\\\/2023\\\/11\\\/ranoja-Logo.png\",\"width\":207,\"height\":58,\"caption\":\"Ranoja O\u00dc\"},\"image\":{\"@id\":\"https:\\\/\\\/ranoja.ee\\\/#\\\/schema\\\/logo\\\/image\\\/\"},\"sameAs\":[\"https:\\\/\\\/www.facebook.com\\\/ranoja.ee\",\"https:\\\/\\\/www.instagram.com\\\/ranoja__\\\/\"]}]}<\/script>\n<!-- \/ Yoast SEO plugin. -->","yoast_head_json":{"title":"Liimip\u00fcstol EG360, 12mm, PRO, Rapid - Ranoja","robots":{"index":"index","follow":"follow","max-snippet":"max-snippet:-1","max-image-preview":"max-image-preview:large","max-video-preview":"max-video-preview:-1"},"canonical":"https:\/\/ranoja.ee\/toode\/liimipustol-eg360-12mm-pro-rapid\/","og_locale":"en_US","og_type":"article","og_title":"Liimip\u00fcstol EG360, 12mm, PRO, Rapid - Ranoja","og_description":"Professionaalide valik \u2013 see t\u00f6\u00f6stuslik liimip\u00fcstol on varustatud suure j\u00f5udlusega 300 W padrunik\u00fcttes\u00fcsteemiga ja annab 1800 g\/min liimi v\u00e4ljundv\u00f5imsuse. T\u00e4ppisrakendusteks ja k\u00f5rgsageduslikuks kasutamiseks loodud pehme k\u00e4epide ja nelja s\u00f5rmega p\u00e4\u00e4stik suurendavad kasutusmugavust, samas kui mugav temperatuuri reguleerimise funktsioon (120\u2013230 \u00b0C) suurendab mitmek\u00fclgsust. Kiire kuumutamine pakub suuremat t\u00f6\u00f6efektiivsust, samas kui muude omaduste hulka kuuluvad vahetatav otsik, stabiilsed ja mobiilsed alused ning pikk 2,5 m juhe. Omadused 12 mm liimipulkadele 1800 g\/h liimi v\u00e4ljundv\u00f5imsus V\u00f5imsus 300 W 1 min temperatuuril 130 \u00b0C, 3 min temperatuuril 210 \u00b0C Reguleeritav temperatuur 120\u2013230 \u00b0C Temperatuuri seaded: 120 \u00b0C, 145 \u00b0C, 170 \u00b0C, 195 \u00b0C, 230 \u00b0C T\u00f6\u00f6tab nii EVA- kui ka pol\u00fcamiidliimiga. Standardne otsik \u00d83,5 mm, vahetatav Ergonoomiline nelja s\u00f5rmega k\u00e4epide","og_url":"https:\/\/ranoja.ee\/toode\/liimipustol-eg360-12mm-pro-rapid\/","og_site_name":"Ranoja","article_publisher":"https:\/\/www.facebook.com\/ranoja.ee","article_modified_time":"2026-03-17T12:33:40+00:00","og_image":[{"width":600,"height":600,"url":"https:\/\/ranoja.ee\/wp-content\/uploads\/2026\/03\/241738253.jpg","type":"image\/jpeg"}],"twitter_card":"summary_large_image","schema":{"@context":"https:\/\/schema.org","@graph":[{"@type":"WebPage","@id":"https:\/\/ranoja.ee\/toode\/liimipustol-eg360-12mm-pro-rapid\/","url":"https:\/\/ranoja.ee\/toode\/liimipustol-eg360-12mm-pro-rapid\/","name":"Liimip\u00fcstol EG360, 12mm, PRO, Rapid - Ranoja","isPartOf":{"@id":"https:\/\/ranoja.ee\/#website"},"primaryImageOfPage":{"@id":"https:\/\/ranoja.ee\/toode\/liimipustol-eg360-12mm-pro-rapid\/#primaryimage"},"image":{"@id":"https:\/\/ranoja.ee\/toode\/liimipustol-eg360-12mm-pro-rapid\/#primaryimage"},"thumbnailUrl":"https:\/\/ranoja.ee\/wp-content\/uploads\/2026\/03\/241738253.jpg","datePublished":"2026-03-16T23:44:36+00:00","dateModified":"2026-03-17T12:33:40+00:00","breadcrumb":{"@id":"https:\/\/ranoja.ee\/toode\/liimipustol-eg360-12mm-pro-rapid\/#breadcrumb"},"inLanguage":"en-US","potentialAction":[{"@type":"ReadAction","target":["https:\/\/ranoja.ee\/toode\/liimipustol-eg360-12mm-pro-rapid\/"]}]},{"@type":"ImageObject","inLanguage":"en-US","@id":"https:\/\/ranoja.ee\/toode\/liimipustol-eg360-12mm-pro-rapid\/#primaryimage","url":"https:\/\/ranoja.ee\/wp-content\/uploads\/2026\/03\/241738253.jpg","contentUrl":"https:\/\/ranoja.ee\/wp-content\/uploads\/2026\/03\/241738253.jpg","width":600,"height":600},{"@type":"BreadcrumbList","@id":"https:\/\/ranoja.ee\/toode\/liimipustol-eg360-12mm-pro-rapid\/#breadcrumb","itemListElement":[{"@type":"ListItem","position":1,"name":"Home","item":"https:\/\/ranoja.ee\/"},{"@type":"ListItem","position":2,"name":"Shop","item":"https:\/\/ranoja.ee\/en\/shop\/"},{"@type":"ListItem","position":3,"name":"Liimip\u00fcstol EG360, 12mm, PRO, Rapid"}]},{"@type":"WebSite","@id":"https:\/\/ranoja.ee\/#website","url":"https:\/\/ranoja.ee\/","name":"Ranoja","description":"Equipment Shop WooCommerce WordPress Theme for Machine &amp; Tools","publisher":{"@id":"https:\/\/ranoja.ee\/#organization"},"potentialAction":[{"@type":"SearchAction","target":{"@type":"EntryPoint","urlTemplate":"https:\/\/ranoja.ee\/?s={search_term_string}"},"query-input":{"@type":"PropertyValueSpecification","valueRequired":true,"valueName":"search_term_string"}}],"inLanguage":"en-US"},{"@type":"Organization","@id":"https:\/\/ranoja.ee\/#organization","name":"Ranoja O\u00dc","url":"https:\/\/ranoja.ee\/","logo":{"@type":"ImageObject","inLanguage":"en-US","@id":"https:\/\/ranoja.ee\/#\/schema\/logo\/image\/","url":"https:\/\/ranoja.ee\/wp-content\/uploads\/2023\/11\/ranoja-Logo.png","contentUrl":"https:\/\/ranoja.ee\/wp-content\/uploads\/2023\/11\/ranoja-Logo.png","width":207,"height":58,"caption":"Ranoja O\u00dc"},"image":{"@id":"https:\/\/ranoja.ee\/#\/schema\/logo\/image\/"},"sameAs":["https:\/\/www.facebook.com\/ranoja.ee","https:\/\/www.instagram.com\/ranoja__\/"]}]}},"_links":{"self":[{"href":"https:\/\/ranoja.ee\/en\/wp-json\/wp\/v2\/product\/62924","targetHints":{"allow":["GET"]}}],"collection":[{"href":"https:\/\/ranoja.ee\/en\/wp-json\/wp\/v2\/product"}],"about":[{"href":"https:\/\/ranoja.ee\/en\/wp-json\/wp\/v2\/types\/product"}],"wp:featuredmedia":[{"embeddable":true,"href":"https:\/\/ranoja.ee\/en\/wp-json\/wp\/v2\/media\/62925"}],"wp:attachment":[{"href":"https:\/\/ranoja.ee\/en\/wp-json\/wp\/v2\/media?parent=62924"}],"wp:term":[{"taxonomy":"product_cat","embeddable":true,"href":"https:\/\/ranoja.ee\/en\/wp-json\/wp\/v2\/product_cat?post=62924"},{"taxonomy":"product_tag","embeddable":true,"href":"https:\/\/ranoja.ee\/en\/wp-json\/wp\/v2\/product_tag?post=62924"}],"curies":[{"name":"wp","href":"https:\/\/api.w.org\/{rel}","templated":true}]}}