{"id":62920,"date":"2026-03-17T02:44:36","date_gmt":"2026-03-16T23:44:36","guid":{"rendered":"https:\/\/ranoja.ee\/toode\/toruloikur-dp50-kanalisatsioonitorudele-kuni-50mm-knipex\/"},"modified":"2026-03-17T15:33:40","modified_gmt":"2026-03-17T12:33:40","slug":"toruloikur-dp50-kanalisatsioonitorudele-kuni-50mm-knipex","status":"publish","type":"product","link":"https:\/\/ranoja.ee\/en\/toode\/toruloikur-dp50-kanalisatsioonitorudele-kuni-50mm-knipex\/","title":{"rendered":"Torul\u00f5ikur DP50 kanalisatsioonitorudele kuni 50mm, Knipex"},"content":{"rendered":"","protected":false},"excerpt":{"rendered":"<p>\u00dcheaegselt nii l\u00f5ikab kui faasib kanalisatsioonitorusid l\u00e4bim\u00f5\u00f5duga kuni 50mm. <br \/>\n\u00dcmberp\u00f6\u00f6ratav laagriterasest tera, mida on v\u00f5imalik p\u00f6\u00f6rata v\u00f5i vahetada ilma t\u00f6\u00f6riistadeta. <br \/>\nPuhas ja faasitud l\u00f5ige, mis v\u00e4hendab ummistuste tekkev\u00f5imalust ning lihtsustab torude montaa\u02dbi. <br \/>\nL\u00f5ikab plasttorusid l\u00e4bim\u00f5\u00f5duga 32, 40 ja 50mm, seina paksusega kuni 2,4mm. <br \/>\nVedruga l\u00f5iketera ei vaja l\u00f5ikamise ajal eraldi seadistamist. <br \/>\nVahetatav kahepoolne tera, mida on v\u00f5imalik \u00fcmber p\u00f6\u00f6rata kui \u00fcks pool n\u00fcriks kulub. <br \/>\nL\u00f5ikab pikkusi alates 10mm. <br \/>\nVastupidav klaasfiibiga tugevdatud kere. <\/p>\n","protected":false},"featured_media":62921,"template":"","meta":{"inline_featured_image":false},"product_cat":[5302,5299,5043],"product_tag":[],"class_list":{"0":"post-62920","1":"product","2":"type-product","3":"status-publish","4":"has-post-thumbnail","6":"product_brand-knipex","7":"product_cat-metalltoru-loikurid","8":"product_cat-toruloike-tooriistad","9":"product_cat-torutooriistad","11":"first","12":"instock","13":"purchasable","14":"product-type-simple"},"yoast_head":"<!-- This site is optimized with the Yoast SEO plugin v27.4 - https:\/\/yoast.com\/product\/yoast-seo-wordpress\/ -->\n<title>Torul\u00f5ikur DP50 kanalisatsioonitorudele kuni 50mm, Knipex - Ranoja<\/title>\n<meta name=\"robots\" content=\"index, follow, max-snippet:-1, max-image-preview:large, max-video-preview:-1\" \/>\n<link rel=\"canonical\" href=\"https:\/\/ranoja.ee\/toode\/toruloikur-dp50-kanalisatsioonitorudele-kuni-50mm-knipex\/\" \/>\n<meta property=\"og:locale\" content=\"en_US\" \/>\n<meta property=\"og:type\" content=\"article\" \/>\n<meta property=\"og:title\" content=\"Torul\u00f5ikur DP50 kanalisatsioonitorudele kuni 50mm, Knipex - Ranoja\" \/>\n<meta property=\"og:description\" content=\"\u00dcheaegselt nii l\u00f5ikab kui faasib kanalisatsioonitorusid l\u00e4bim\u00f5\u00f5duga kuni 50mm. \u00dcmberp\u00f6\u00f6ratav laagriterasest tera, mida on v\u00f5imalik p\u00f6\u00f6rata v\u00f5i vahetada ilma t\u00f6\u00f6riistadeta. Puhas ja faasitud l\u00f5ige, mis v\u00e4hendab ummistuste tekkev\u00f5imalust ning lihtsustab torude montaa\u02dbi. L\u00f5ikab plasttorusid l\u00e4bim\u00f5\u00f5duga 32, 40 ja 50mm, seina paksusega kuni 2,4mm. Vedruga l\u00f5iketera ei vaja l\u00f5ikamise ajal eraldi seadistamist. Vahetatav kahepoolne tera, mida on v\u00f5imalik \u00fcmber p\u00f6\u00f6rata kui \u00fcks pool n\u00fcriks kulub. L\u00f5ikab pikkusi alates 10mm. Vastupidav klaasfiibiga tugevdatud kere.\" \/>\n<meta property=\"og:url\" content=\"https:\/\/ranoja.ee\/toode\/toruloikur-dp50-kanalisatsioonitorudele-kuni-50mm-knipex\/\" \/>\n<meta property=\"og:site_name\" content=\"Ranoja\" \/>\n<meta property=\"article:publisher\" content=\"https:\/\/www.facebook.com\/ranoja.ee\" \/>\n<meta property=\"article:modified_time\" content=\"2026-03-17T12:33:40+00:00\" \/>\n<meta property=\"og:image\" content=\"https:\/\/ranoja.ee\/wp-content\/uploads\/2026\/03\/238217991.jpg\" \/>\n\t<meta property=\"og:image:width\" content=\"900\" \/>\n\t<meta property=\"og:image:height\" content=\"900\" \/>\n\t<meta property=\"og:image:type\" content=\"image\/jpeg\" \/>\n<meta name=\"twitter:card\" content=\"summary_large_image\" \/>\n<script type=\"application\/ld+json\" class=\"yoast-schema-graph\">{\"@context\":\"https:\\\/\\\/schema.org\",\"@graph\":[{\"@type\":\"WebPage\",\"@id\":\"https:\\\/\\\/ranoja.ee\\\/toode\\\/toruloikur-dp50-kanalisatsioonitorudele-kuni-50mm-knipex\\\/\",\"url\":\"https:\\\/\\\/ranoja.ee\\\/toode\\\/toruloikur-dp50-kanalisatsioonitorudele-kuni-50mm-knipex\\\/\",\"name\":\"Torul\u00f5ikur DP50 kanalisatsioonitorudele kuni 50mm, Knipex - Ranoja\",\"isPartOf\":{\"@id\":\"https:\\\/\\\/ranoja.ee\\\/#website\"},\"primaryImageOfPage\":{\"@id\":\"https:\\\/\\\/ranoja.ee\\\/toode\\\/toruloikur-dp50-kanalisatsioonitorudele-kuni-50mm-knipex\\\/#primaryimage\"},\"image\":{\"@id\":\"https:\\\/\\\/ranoja.ee\\\/toode\\\/toruloikur-dp50-kanalisatsioonitorudele-kuni-50mm-knipex\\\/#primaryimage\"},\"thumbnailUrl\":\"https:\\\/\\\/ranoja.ee\\\/wp-content\\\/uploads\\\/2026\\\/03\\\/238217991.jpg\",\"datePublished\":\"2026-03-16T23:44:36+00:00\",\"dateModified\":\"2026-03-17T12:33:40+00:00\",\"breadcrumb\":{\"@id\":\"https:\\\/\\\/ranoja.ee\\\/toode\\\/toruloikur-dp50-kanalisatsioonitorudele-kuni-50mm-knipex\\\/#breadcrumb\"},\"inLanguage\":\"en-US\",\"potentialAction\":[{\"@type\":\"ReadAction\",\"target\":[\"https:\\\/\\\/ranoja.ee\\\/toode\\\/toruloikur-dp50-kanalisatsioonitorudele-kuni-50mm-knipex\\\/\"]}]},{\"@type\":\"ImageObject\",\"inLanguage\":\"en-US\",\"@id\":\"https:\\\/\\\/ranoja.ee\\\/toode\\\/toruloikur-dp50-kanalisatsioonitorudele-kuni-50mm-knipex\\\/#primaryimage\",\"url\":\"https:\\\/\\\/ranoja.ee\\\/wp-content\\\/uploads\\\/2026\\\/03\\\/238217991.jpg\",\"contentUrl\":\"https:\\\/\\\/ranoja.ee\\\/wp-content\\\/uploads\\\/2026\\\/03\\\/238217991.jpg\",\"width\":900,\"height\":900},{\"@type\":\"BreadcrumbList\",\"@id\":\"https:\\\/\\\/ranoja.ee\\\/toode\\\/toruloikur-dp50-kanalisatsioonitorudele-kuni-50mm-knipex\\\/#breadcrumb\",\"itemListElement\":[{\"@type\":\"ListItem\",\"position\":1,\"name\":\"Home\",\"item\":\"https:\\\/\\\/ranoja.ee\\\/\"},{\"@type\":\"ListItem\",\"position\":2,\"name\":\"Shop\",\"item\":\"https:\\\/\\\/ranoja.ee\\\/en\\\/shop\\\/\"},{\"@type\":\"ListItem\",\"position\":3,\"name\":\"Torul\u00f5ikur DP50 kanalisatsioonitorudele kuni 50mm, Knipex\"}]},{\"@type\":\"WebSite\",\"@id\":\"https:\\\/\\\/ranoja.ee\\\/#website\",\"url\":\"https:\\\/\\\/ranoja.ee\\\/\",\"name\":\"Ranoja\",\"description\":\"Equipment Shop WooCommerce WordPress Theme for Machine &amp; Tools\",\"publisher\":{\"@id\":\"https:\\\/\\\/ranoja.ee\\\/#organization\"},\"potentialAction\":[{\"@type\":\"SearchAction\",\"target\":{\"@type\":\"EntryPoint\",\"urlTemplate\":\"https:\\\/\\\/ranoja.ee\\\/?s={search_term_string}\"},\"query-input\":{\"@type\":\"PropertyValueSpecification\",\"valueRequired\":true,\"valueName\":\"search_term_string\"}}],\"inLanguage\":\"en-US\"},{\"@type\":\"Organization\",\"@id\":\"https:\\\/\\\/ranoja.ee\\\/#organization\",\"name\":\"Ranoja O\u00dc\",\"url\":\"https:\\\/\\\/ranoja.ee\\\/\",\"logo\":{\"@type\":\"ImageObject\",\"inLanguage\":\"en-US\",\"@id\":\"https:\\\/\\\/ranoja.ee\\\/#\\\/schema\\\/logo\\\/image\\\/\",\"url\":\"https:\\\/\\\/ranoja.ee\\\/wp-content\\\/uploads\\\/2023\\\/11\\\/ranoja-Logo.png\",\"contentUrl\":\"https:\\\/\\\/ranoja.ee\\\/wp-content\\\/uploads\\\/2023\\\/11\\\/ranoja-Logo.png\",\"width\":207,\"height\":58,\"caption\":\"Ranoja O\u00dc\"},\"image\":{\"@id\":\"https:\\\/\\\/ranoja.ee\\\/#\\\/schema\\\/logo\\\/image\\\/\"},\"sameAs\":[\"https:\\\/\\\/www.facebook.com\\\/ranoja.ee\",\"https:\\\/\\\/www.instagram.com\\\/ranoja__\\\/\"]}]}<\/script>\n<!-- \/ Yoast SEO plugin. -->","yoast_head_json":{"title":"Torul\u00f5ikur DP50 kanalisatsioonitorudele kuni 50mm, Knipex - Ranoja","robots":{"index":"index","follow":"follow","max-snippet":"max-snippet:-1","max-image-preview":"max-image-preview:large","max-video-preview":"max-video-preview:-1"},"canonical":"https:\/\/ranoja.ee\/toode\/toruloikur-dp50-kanalisatsioonitorudele-kuni-50mm-knipex\/","og_locale":"en_US","og_type":"article","og_title":"Torul\u00f5ikur DP50 kanalisatsioonitorudele kuni 50mm, Knipex - Ranoja","og_description":"\u00dcheaegselt nii l\u00f5ikab kui faasib kanalisatsioonitorusid l\u00e4bim\u00f5\u00f5duga kuni 50mm. \u00dcmberp\u00f6\u00f6ratav laagriterasest tera, mida on v\u00f5imalik p\u00f6\u00f6rata v\u00f5i vahetada ilma t\u00f6\u00f6riistadeta. Puhas ja faasitud l\u00f5ige, mis v\u00e4hendab ummistuste tekkev\u00f5imalust ning lihtsustab torude montaa\u02dbi. L\u00f5ikab plasttorusid l\u00e4bim\u00f5\u00f5duga 32, 40 ja 50mm, seina paksusega kuni 2,4mm. Vedruga l\u00f5iketera ei vaja l\u00f5ikamise ajal eraldi seadistamist. Vahetatav kahepoolne tera, mida on v\u00f5imalik \u00fcmber p\u00f6\u00f6rata kui \u00fcks pool n\u00fcriks kulub. L\u00f5ikab pikkusi alates 10mm. Vastupidav klaasfiibiga tugevdatud kere.","og_url":"https:\/\/ranoja.ee\/toode\/toruloikur-dp50-kanalisatsioonitorudele-kuni-50mm-knipex\/","og_site_name":"Ranoja","article_publisher":"https:\/\/www.facebook.com\/ranoja.ee","article_modified_time":"2026-03-17T12:33:40+00:00","og_image":[{"width":900,"height":900,"url":"https:\/\/ranoja.ee\/wp-content\/uploads\/2026\/03\/238217991.jpg","type":"image\/jpeg"}],"twitter_card":"summary_large_image","schema":{"@context":"https:\/\/schema.org","@graph":[{"@type":"WebPage","@id":"https:\/\/ranoja.ee\/toode\/toruloikur-dp50-kanalisatsioonitorudele-kuni-50mm-knipex\/","url":"https:\/\/ranoja.ee\/toode\/toruloikur-dp50-kanalisatsioonitorudele-kuni-50mm-knipex\/","name":"Torul\u00f5ikur DP50 kanalisatsioonitorudele kuni 50mm, Knipex - Ranoja","isPartOf":{"@id":"https:\/\/ranoja.ee\/#website"},"primaryImageOfPage":{"@id":"https:\/\/ranoja.ee\/toode\/toruloikur-dp50-kanalisatsioonitorudele-kuni-50mm-knipex\/#primaryimage"},"image":{"@id":"https:\/\/ranoja.ee\/toode\/toruloikur-dp50-kanalisatsioonitorudele-kuni-50mm-knipex\/#primaryimage"},"thumbnailUrl":"https:\/\/ranoja.ee\/wp-content\/uploads\/2026\/03\/238217991.jpg","datePublished":"2026-03-16T23:44:36+00:00","dateModified":"2026-03-17T12:33:40+00:00","breadcrumb":{"@id":"https:\/\/ranoja.ee\/toode\/toruloikur-dp50-kanalisatsioonitorudele-kuni-50mm-knipex\/#breadcrumb"},"inLanguage":"en-US","potentialAction":[{"@type":"ReadAction","target":["https:\/\/ranoja.ee\/toode\/toruloikur-dp50-kanalisatsioonitorudele-kuni-50mm-knipex\/"]}]},{"@type":"ImageObject","inLanguage":"en-US","@id":"https:\/\/ranoja.ee\/toode\/toruloikur-dp50-kanalisatsioonitorudele-kuni-50mm-knipex\/#primaryimage","url":"https:\/\/ranoja.ee\/wp-content\/uploads\/2026\/03\/238217991.jpg","contentUrl":"https:\/\/ranoja.ee\/wp-content\/uploads\/2026\/03\/238217991.jpg","width":900,"height":900},{"@type":"BreadcrumbList","@id":"https:\/\/ranoja.ee\/toode\/toruloikur-dp50-kanalisatsioonitorudele-kuni-50mm-knipex\/#breadcrumb","itemListElement":[{"@type":"ListItem","position":1,"name":"Home","item":"https:\/\/ranoja.ee\/"},{"@type":"ListItem","position":2,"name":"Shop","item":"https:\/\/ranoja.ee\/en\/shop\/"},{"@type":"ListItem","position":3,"name":"Torul\u00f5ikur DP50 kanalisatsioonitorudele kuni 50mm, Knipex"}]},{"@type":"WebSite","@id":"https:\/\/ranoja.ee\/#website","url":"https:\/\/ranoja.ee\/","name":"Ranoja","description":"Equipment Shop WooCommerce WordPress Theme for Machine &amp; Tools","publisher":{"@id":"https:\/\/ranoja.ee\/#organization"},"potentialAction":[{"@type":"SearchAction","target":{"@type":"EntryPoint","urlTemplate":"https:\/\/ranoja.ee\/?s={search_term_string}"},"query-input":{"@type":"PropertyValueSpecification","valueRequired":true,"valueName":"search_term_string"}}],"inLanguage":"en-US"},{"@type":"Organization","@id":"https:\/\/ranoja.ee\/#organization","name":"Ranoja O\u00dc","url":"https:\/\/ranoja.ee\/","logo":{"@type":"ImageObject","inLanguage":"en-US","@id":"https:\/\/ranoja.ee\/#\/schema\/logo\/image\/","url":"https:\/\/ranoja.ee\/wp-content\/uploads\/2023\/11\/ranoja-Logo.png","contentUrl":"https:\/\/ranoja.ee\/wp-content\/uploads\/2023\/11\/ranoja-Logo.png","width":207,"height":58,"caption":"Ranoja O\u00dc"},"image":{"@id":"https:\/\/ranoja.ee\/#\/schema\/logo\/image\/"},"sameAs":["https:\/\/www.facebook.com\/ranoja.ee","https:\/\/www.instagram.com\/ranoja__\/"]}]}},"_links":{"self":[{"href":"https:\/\/ranoja.ee\/en\/wp-json\/wp\/v2\/product\/62920","targetHints":{"allow":["GET"]}}],"collection":[{"href":"https:\/\/ranoja.ee\/en\/wp-json\/wp\/v2\/product"}],"about":[{"href":"https:\/\/ranoja.ee\/en\/wp-json\/wp\/v2\/types\/product"}],"wp:featuredmedia":[{"embeddable":true,"href":"https:\/\/ranoja.ee\/en\/wp-json\/wp\/v2\/media\/62921"}],"wp:attachment":[{"href":"https:\/\/ranoja.ee\/en\/wp-json\/wp\/v2\/media?parent=62920"}],"wp:term":[{"taxonomy":"product_cat","embeddable":true,"href":"https:\/\/ranoja.ee\/en\/wp-json\/wp\/v2\/product_cat?post=62920"},{"taxonomy":"product_tag","embeddable":true,"href":"https:\/\/ranoja.ee\/en\/wp-json\/wp\/v2\/product_tag?post=62920"}],"curies":[{"name":"wp","href":"https:\/\/api.w.org\/{rel}","templated":true}]}}