{"id":62906,"date":"2026-03-17T02:44:04","date_gmt":"2026-03-16T23:44:04","guid":{"rendered":"https:\/\/ranoja.ee\/toode\/transmissioonioli-hd-tdl-pro-75w90-208l-valvoline\/"},"modified":"2026-03-17T15:33:40","modified_gmt":"2026-03-17T12:33:40","slug":"transmissioonioli-hd-tdl-pro-75w90-208l-valvoline","status":"publish","type":"product","link":"https:\/\/ranoja.ee\/en\/toode\/transmissioonioli-hd-tdl-pro-75w90-208l-valvoline\/","title":{"rendered":"Transmissiooni\u00f5li HD TDL Pro 75W90 208L, Valvoline"},"content":{"rendered":"","protected":false},"excerpt":{"rendered":"<p>T\u00e4is\u00fclekande\u00f5li (TDL), mis on spetsiaalselt v\u00e4lja t\u00f6\u00f6tatud k\u00e4igukastidele ja\/v\u00f5i diferentsiaalidele rasketes tingimustes, kus on soovitatav kasutada 75W-90 \u00f5li.<br \/>\nT\u00e4is\u00fclekande\u00f5li jaoks, kui tootja on m\u00e4\u00e4ranud GL-4 v\u00f5i GL-5 \u00f5li. Sellel \u00fclikvaliteetsel auto k\u00e4igukasti\u00f5lil on omadused, mis v\u00f5imaldavad sellel saavutada optimaalset j\u00f5udlust v\u00e4ga laias valikus rakendustes.<br \/>\nKasutusalad:<br \/>\nT\u00e4is\u00fclekande\u00f5li jaoks, kui tootja on m\u00e4\u00e4ranud GL-4 v\u00f5i GL-5 \u00f5li. Soovitatav nii tavap\u00e4raste kui ka \u00fclimoodsate tarbes\u00f5idukite k\u00e4igukastide ja transmissioonide jaoks.<br \/>\n\uf0b7 ZF k\u00e4igukastid<br \/>\n\uf0b7 Eatoni teljed<br \/>\n\uf0b7 \u00dclekandekastid<br \/>\nEi sobi piiratud libisemisega rakenduste jaoks.<br \/>\nOEM-kinnitused<br \/>\nDTFR 12B140 (MB 235.8)<br \/>\nMAN 342 t\u00fc\u00fcp S1, MAN 341 t\u00fc\u00fcp Z2<br \/>\nScania STO 1:1 G, Scania STO 2:0 A FS<br \/>\nVolvo 97312<br \/>\nZF TE-ML 05A, 12L, 12N, 16F, 17B, 19C, 21A<br \/>\nJ\u00f5udlustasemed<br \/>\nAPI GL-4, GL-5, MT-1<br \/>\nArvin Meritor teljed 0-94<br \/>\nDAF<br \/>\nMack GO-J<br \/>\nIveco<br \/>\nMAN 341 GA1<br \/>\nMB 235.9<br \/>\nMIL-PRF-2105E<br \/>\nRenault<br \/>\nSAE J2360<br \/>\nZF TE-ML 02B, 07A, 08<\/p>\n","protected":false},"featured_media":62907,"template":"","meta":{"inline_featured_image":false},"product_cat":[5012,5186,5123],"product_tag":[],"class_list":{"0":"post-62906","1":"product","2":"type-product","3":"status-publish","4":"has-post-thumbnail","6":"product_brand-valvoline","7":"product_cat-olid-ja-maardeained","8":"product_cat-taissunteetilised-transmissiooni-ja-kaigukastiolid","9":"product_cat-transmissiooni-ja-kaigukastiolid","11":"first","12":"outofstock","13":"purchasable","14":"product-type-simple"},"yoast_head":"<!-- This site is optimized with the Yoast SEO plugin v27.4 - https:\/\/yoast.com\/product\/yoast-seo-wordpress\/ -->\n<title>Transmissiooni\u00f5li HD TDL Pro 75W90 208L, Valvoline - Ranoja<\/title>\n<meta name=\"robots\" content=\"index, follow, max-snippet:-1, max-image-preview:large, max-video-preview:-1\" \/>\n<link rel=\"canonical\" href=\"https:\/\/ranoja.ee\/toode\/transmissioonioli-hd-tdl-pro-75w90-208l-valvoline\/\" \/>\n<meta property=\"og:locale\" content=\"en_US\" \/>\n<meta property=\"og:type\" content=\"article\" \/>\n<meta property=\"og:title\" content=\"Transmissiooni\u00f5li HD TDL Pro 75W90 208L, Valvoline - Ranoja\" \/>\n<meta property=\"og:description\" content=\"T\u00e4is\u00fclekande\u00f5li (TDL), mis on spetsiaalselt v\u00e4lja t\u00f6\u00f6tatud k\u00e4igukastidele ja\/v\u00f5i diferentsiaalidele rasketes tingimustes, kus on soovitatav kasutada 75W-90 \u00f5li. T\u00e4is\u00fclekande\u00f5li jaoks, kui tootja on m\u00e4\u00e4ranud GL-4 v\u00f5i GL-5 \u00f5li. Sellel \u00fclikvaliteetsel auto k\u00e4igukasti\u00f5lil on omadused, mis v\u00f5imaldavad sellel saavutada optimaalset j\u00f5udlust v\u00e4ga laias valikus rakendustes. Kasutusalad: T\u00e4is\u00fclekande\u00f5li jaoks, kui tootja on m\u00e4\u00e4ranud GL-4 v\u00f5i GL-5 \u00f5li. Soovitatav nii tavap\u00e4raste kui ka \u00fclimoodsate tarbes\u00f5idukite k\u00e4igukastide ja transmissioonide jaoks. \uf0b7 ZF k\u00e4igukastid \uf0b7 Eatoni teljed \uf0b7 \u00dclekandekastid Ei sobi piiratud libisemisega rakenduste jaoks. OEM-kinnitused DTFR 12B140 (MB 235.8) MAN 342 t\u00fc\u00fcp S1, MAN 341 t\u00fc\u00fcp Z2 Scania STO 1:1 G, Scania STO 2:0 A FS Volvo 97312 ZF TE-ML 05A, 12L, 12N, 16F, 17B, 19C, 21A J\u00f5udlustasemed API GL-4, GL-5, MT-1 Arvin Meritor teljed 0-94 DAF Mack GO-J Iveco MAN 341 GA1 MB 235.9 MIL-PRF-2105E Renault SAE J2360 ZF TE-ML 02B, 07A, 08\" \/>\n<meta property=\"og:url\" content=\"https:\/\/ranoja.ee\/toode\/transmissioonioli-hd-tdl-pro-75w90-208l-valvoline\/\" \/>\n<meta property=\"og:site_name\" content=\"Ranoja\" \/>\n<meta property=\"article:publisher\" content=\"https:\/\/www.facebook.com\/ranoja.ee\" \/>\n<meta property=\"article:modified_time\" content=\"2026-03-17T12:33:40+00:00\" \/>\n<meta property=\"og:image\" content=\"https:\/\/ranoja.ee\/wp-content\/uploads\/2026\/03\/123165817.jpg\" \/>\n\t<meta property=\"og:image:width\" content=\"767\" \/>\n\t<meta property=\"og:image:height\" content=\"768\" \/>\n\t<meta property=\"og:image:type\" content=\"image\/jpeg\" \/>\n<meta name=\"twitter:card\" content=\"summary_large_image\" \/>\n<script type=\"application\/ld+json\" class=\"yoast-schema-graph\">{\"@context\":\"https:\\\/\\\/schema.org\",\"@graph\":[{\"@type\":\"WebPage\",\"@id\":\"https:\\\/\\\/ranoja.ee\\\/toode\\\/transmissioonioli-hd-tdl-pro-75w90-208l-valvoline\\\/\",\"url\":\"https:\\\/\\\/ranoja.ee\\\/toode\\\/transmissioonioli-hd-tdl-pro-75w90-208l-valvoline\\\/\",\"name\":\"Transmissiooni\u00f5li HD TDL Pro 75W90 208L, Valvoline - Ranoja\",\"isPartOf\":{\"@id\":\"https:\\\/\\\/ranoja.ee\\\/#website\"},\"primaryImageOfPage\":{\"@id\":\"https:\\\/\\\/ranoja.ee\\\/toode\\\/transmissioonioli-hd-tdl-pro-75w90-208l-valvoline\\\/#primaryimage\"},\"image\":{\"@id\":\"https:\\\/\\\/ranoja.ee\\\/toode\\\/transmissioonioli-hd-tdl-pro-75w90-208l-valvoline\\\/#primaryimage\"},\"thumbnailUrl\":\"https:\\\/\\\/ranoja.ee\\\/wp-content\\\/uploads\\\/2026\\\/03\\\/123165817.jpg\",\"datePublished\":\"2026-03-16T23:44:04+00:00\",\"dateModified\":\"2026-03-17T12:33:40+00:00\",\"breadcrumb\":{\"@id\":\"https:\\\/\\\/ranoja.ee\\\/toode\\\/transmissioonioli-hd-tdl-pro-75w90-208l-valvoline\\\/#breadcrumb\"},\"inLanguage\":\"en-US\",\"potentialAction\":[{\"@type\":\"ReadAction\",\"target\":[\"https:\\\/\\\/ranoja.ee\\\/toode\\\/transmissioonioli-hd-tdl-pro-75w90-208l-valvoline\\\/\"]}]},{\"@type\":\"ImageObject\",\"inLanguage\":\"en-US\",\"@id\":\"https:\\\/\\\/ranoja.ee\\\/toode\\\/transmissioonioli-hd-tdl-pro-75w90-208l-valvoline\\\/#primaryimage\",\"url\":\"https:\\\/\\\/ranoja.ee\\\/wp-content\\\/uploads\\\/2026\\\/03\\\/123165817.jpg\",\"contentUrl\":\"https:\\\/\\\/ranoja.ee\\\/wp-content\\\/uploads\\\/2026\\\/03\\\/123165817.jpg\",\"width\":767,\"height\":768},{\"@type\":\"BreadcrumbList\",\"@id\":\"https:\\\/\\\/ranoja.ee\\\/toode\\\/transmissioonioli-hd-tdl-pro-75w90-208l-valvoline\\\/#breadcrumb\",\"itemListElement\":[{\"@type\":\"ListItem\",\"position\":1,\"name\":\"Home\",\"item\":\"https:\\\/\\\/ranoja.ee\\\/\"},{\"@type\":\"ListItem\",\"position\":2,\"name\":\"Shop\",\"item\":\"https:\\\/\\\/ranoja.ee\\\/en\\\/shop\\\/\"},{\"@type\":\"ListItem\",\"position\":3,\"name\":\"Transmissiooni\u00f5li HD TDL Pro 75W90 208L, Valvoline\"}]},{\"@type\":\"WebSite\",\"@id\":\"https:\\\/\\\/ranoja.ee\\\/#website\",\"url\":\"https:\\\/\\\/ranoja.ee\\\/\",\"name\":\"Ranoja\",\"description\":\"Equipment Shop WooCommerce WordPress Theme for Machine &amp; Tools\",\"publisher\":{\"@id\":\"https:\\\/\\\/ranoja.ee\\\/#organization\"},\"potentialAction\":[{\"@type\":\"SearchAction\",\"target\":{\"@type\":\"EntryPoint\",\"urlTemplate\":\"https:\\\/\\\/ranoja.ee\\\/?s={search_term_string}\"},\"query-input\":{\"@type\":\"PropertyValueSpecification\",\"valueRequired\":true,\"valueName\":\"search_term_string\"}}],\"inLanguage\":\"en-US\"},{\"@type\":\"Organization\",\"@id\":\"https:\\\/\\\/ranoja.ee\\\/#organization\",\"name\":\"Ranoja O\u00dc\",\"url\":\"https:\\\/\\\/ranoja.ee\\\/\",\"logo\":{\"@type\":\"ImageObject\",\"inLanguage\":\"en-US\",\"@id\":\"https:\\\/\\\/ranoja.ee\\\/#\\\/schema\\\/logo\\\/image\\\/\",\"url\":\"https:\\\/\\\/ranoja.ee\\\/wp-content\\\/uploads\\\/2023\\\/11\\\/ranoja-Logo.png\",\"contentUrl\":\"https:\\\/\\\/ranoja.ee\\\/wp-content\\\/uploads\\\/2023\\\/11\\\/ranoja-Logo.png\",\"width\":207,\"height\":58,\"caption\":\"Ranoja O\u00dc\"},\"image\":{\"@id\":\"https:\\\/\\\/ranoja.ee\\\/#\\\/schema\\\/logo\\\/image\\\/\"},\"sameAs\":[\"https:\\\/\\\/www.facebook.com\\\/ranoja.ee\",\"https:\\\/\\\/www.instagram.com\\\/ranoja__\\\/\"]}]}<\/script>\n<!-- \/ Yoast SEO plugin. -->","yoast_head_json":{"title":"Transmissiooni\u00f5li HD TDL Pro 75W90 208L, Valvoline - Ranoja","robots":{"index":"index","follow":"follow","max-snippet":"max-snippet:-1","max-image-preview":"max-image-preview:large","max-video-preview":"max-video-preview:-1"},"canonical":"https:\/\/ranoja.ee\/toode\/transmissioonioli-hd-tdl-pro-75w90-208l-valvoline\/","og_locale":"en_US","og_type":"article","og_title":"Transmissiooni\u00f5li HD TDL Pro 75W90 208L, Valvoline - Ranoja","og_description":"T\u00e4is\u00fclekande\u00f5li (TDL), mis on spetsiaalselt v\u00e4lja t\u00f6\u00f6tatud k\u00e4igukastidele ja\/v\u00f5i diferentsiaalidele rasketes tingimustes, kus on soovitatav kasutada 75W-90 \u00f5li. T\u00e4is\u00fclekande\u00f5li jaoks, kui tootja on m\u00e4\u00e4ranud GL-4 v\u00f5i GL-5 \u00f5li. Sellel \u00fclikvaliteetsel auto k\u00e4igukasti\u00f5lil on omadused, mis v\u00f5imaldavad sellel saavutada optimaalset j\u00f5udlust v\u00e4ga laias valikus rakendustes. Kasutusalad: T\u00e4is\u00fclekande\u00f5li jaoks, kui tootja on m\u00e4\u00e4ranud GL-4 v\u00f5i GL-5 \u00f5li. Soovitatav nii tavap\u00e4raste kui ka \u00fclimoodsate tarbes\u00f5idukite k\u00e4igukastide ja transmissioonide jaoks. \uf0b7 ZF k\u00e4igukastid \uf0b7 Eatoni teljed \uf0b7 \u00dclekandekastid Ei sobi piiratud libisemisega rakenduste jaoks. OEM-kinnitused DTFR 12B140 (MB 235.8) MAN 342 t\u00fc\u00fcp S1, MAN 341 t\u00fc\u00fcp Z2 Scania STO 1:1 G, Scania STO 2:0 A FS Volvo 97312 ZF TE-ML 05A, 12L, 12N, 16F, 17B, 19C, 21A J\u00f5udlustasemed API GL-4, GL-5, MT-1 Arvin Meritor teljed 0-94 DAF Mack GO-J Iveco MAN 341 GA1 MB 235.9 MIL-PRF-2105E Renault SAE J2360 ZF TE-ML 02B, 07A, 08","og_url":"https:\/\/ranoja.ee\/toode\/transmissioonioli-hd-tdl-pro-75w90-208l-valvoline\/","og_site_name":"Ranoja","article_publisher":"https:\/\/www.facebook.com\/ranoja.ee","article_modified_time":"2026-03-17T12:33:40+00:00","og_image":[{"width":767,"height":768,"url":"https:\/\/ranoja.ee\/wp-content\/uploads\/2026\/03\/123165817.jpg","type":"image\/jpeg"}],"twitter_card":"summary_large_image","schema":{"@context":"https:\/\/schema.org","@graph":[{"@type":"WebPage","@id":"https:\/\/ranoja.ee\/toode\/transmissioonioli-hd-tdl-pro-75w90-208l-valvoline\/","url":"https:\/\/ranoja.ee\/toode\/transmissioonioli-hd-tdl-pro-75w90-208l-valvoline\/","name":"Transmissiooni\u00f5li HD TDL Pro 75W90 208L, Valvoline - Ranoja","isPartOf":{"@id":"https:\/\/ranoja.ee\/#website"},"primaryImageOfPage":{"@id":"https:\/\/ranoja.ee\/toode\/transmissioonioli-hd-tdl-pro-75w90-208l-valvoline\/#primaryimage"},"image":{"@id":"https:\/\/ranoja.ee\/toode\/transmissioonioli-hd-tdl-pro-75w90-208l-valvoline\/#primaryimage"},"thumbnailUrl":"https:\/\/ranoja.ee\/wp-content\/uploads\/2026\/03\/123165817.jpg","datePublished":"2026-03-16T23:44:04+00:00","dateModified":"2026-03-17T12:33:40+00:00","breadcrumb":{"@id":"https:\/\/ranoja.ee\/toode\/transmissioonioli-hd-tdl-pro-75w90-208l-valvoline\/#breadcrumb"},"inLanguage":"en-US","potentialAction":[{"@type":"ReadAction","target":["https:\/\/ranoja.ee\/toode\/transmissioonioli-hd-tdl-pro-75w90-208l-valvoline\/"]}]},{"@type":"ImageObject","inLanguage":"en-US","@id":"https:\/\/ranoja.ee\/toode\/transmissioonioli-hd-tdl-pro-75w90-208l-valvoline\/#primaryimage","url":"https:\/\/ranoja.ee\/wp-content\/uploads\/2026\/03\/123165817.jpg","contentUrl":"https:\/\/ranoja.ee\/wp-content\/uploads\/2026\/03\/123165817.jpg","width":767,"height":768},{"@type":"BreadcrumbList","@id":"https:\/\/ranoja.ee\/toode\/transmissioonioli-hd-tdl-pro-75w90-208l-valvoline\/#breadcrumb","itemListElement":[{"@type":"ListItem","position":1,"name":"Home","item":"https:\/\/ranoja.ee\/"},{"@type":"ListItem","position":2,"name":"Shop","item":"https:\/\/ranoja.ee\/en\/shop\/"},{"@type":"ListItem","position":3,"name":"Transmissiooni\u00f5li HD TDL Pro 75W90 208L, Valvoline"}]},{"@type":"WebSite","@id":"https:\/\/ranoja.ee\/#website","url":"https:\/\/ranoja.ee\/","name":"Ranoja","description":"Equipment Shop WooCommerce WordPress Theme for Machine &amp; Tools","publisher":{"@id":"https:\/\/ranoja.ee\/#organization"},"potentialAction":[{"@type":"SearchAction","target":{"@type":"EntryPoint","urlTemplate":"https:\/\/ranoja.ee\/?s={search_term_string}"},"query-input":{"@type":"PropertyValueSpecification","valueRequired":true,"valueName":"search_term_string"}}],"inLanguage":"en-US"},{"@type":"Organization","@id":"https:\/\/ranoja.ee\/#organization","name":"Ranoja O\u00dc","url":"https:\/\/ranoja.ee\/","logo":{"@type":"ImageObject","inLanguage":"en-US","@id":"https:\/\/ranoja.ee\/#\/schema\/logo\/image\/","url":"https:\/\/ranoja.ee\/wp-content\/uploads\/2023\/11\/ranoja-Logo.png","contentUrl":"https:\/\/ranoja.ee\/wp-content\/uploads\/2023\/11\/ranoja-Logo.png","width":207,"height":58,"caption":"Ranoja O\u00dc"},"image":{"@id":"https:\/\/ranoja.ee\/#\/schema\/logo\/image\/"},"sameAs":["https:\/\/www.facebook.com\/ranoja.ee","https:\/\/www.instagram.com\/ranoja__\/"]}]}},"_links":{"self":[{"href":"https:\/\/ranoja.ee\/en\/wp-json\/wp\/v2\/product\/62906","targetHints":{"allow":["GET"]}}],"collection":[{"href":"https:\/\/ranoja.ee\/en\/wp-json\/wp\/v2\/product"}],"about":[{"href":"https:\/\/ranoja.ee\/en\/wp-json\/wp\/v2\/types\/product"}],"wp:featuredmedia":[{"embeddable":true,"href":"https:\/\/ranoja.ee\/en\/wp-json\/wp\/v2\/media\/62907"}],"wp:attachment":[{"href":"https:\/\/ranoja.ee\/en\/wp-json\/wp\/v2\/media?parent=62906"}],"wp:term":[{"taxonomy":"product_cat","embeddable":true,"href":"https:\/\/ranoja.ee\/en\/wp-json\/wp\/v2\/product_cat?post=62906"},{"taxonomy":"product_tag","embeddable":true,"href":"https:\/\/ranoja.ee\/en\/wp-json\/wp\/v2\/product_tag?post=62906"}],"curies":[{"name":"wp","href":"https:\/\/api.w.org\/{rel}","templated":true}]}}