{"id":62900,"date":"2026-03-17T02:44:04","date_gmt":"2026-03-16T23:44:04","guid":{"rendered":"https:\/\/ranoja.ee\/toode\/robotniiduk-v1-sunseeker\/"},"modified":"2026-03-30T13:56:48","modified_gmt":"2026-03-30T10:56:48","slug":"robotniiduk-v1-sunseeker-kaablivaba","status":"publish","type":"product","link":"https:\/\/ranoja.ee\/en\/toode\/robotniiduk-v1-sunseeker-kaablivaba\/","title":{"rendered":"Robotniiduk  V1 Sunseeker (kaablivaba)"},"content":{"rendered":"<p>Robotniiduk V1 Sunseeker (kaablivaba)<\/p>\n<p>Sunseeker V1 on nutikas juhtmevaba robotniiduk, mis on loodud v\u00e4ikeste aedade jaoks. Niiduk on h\u00f5lpsalt seadistatav ning teda juhib Vision AI, et tagada vaevatu ja vaikne muruhooldus.<br \/>\nSaab hakkama kuni 15\u00b0 kallakutega \u2013 V1 navigeerib vaevata ebatasasel maastikul, n\u00f5lvadel ja takistustel t\u00e4nu t\u00e4iustatud ujuvniitmiss\u00fcsteemile ja 27% ronimisv\u00f5imele.<br \/>\nKiirem naasemine laadijasse \u2013 kui aku on t\u00fchi ja seade asub laadimisjaamast 3,5 meetri raadiuses, s\u00f5idab ta otse ilma serva j\u00e4rgimata tagasi.<\/p>\n<p>ERIOMADUSED<br \/>\nPiirdekaablita<br \/>\n\u00dclekattega servaniitmine<br \/>\nTakistuste tuvastamine<br \/>\nUjuv niiduseade<br \/>\nVihmaandur<br \/>\nApp\/Wifi\/Bluetooth<\/p>\n<p>Robotniiduk V1 Sunseeker (kaablivaba)<\/p>\n","protected":false},"excerpt":{"rendered":"<p>Robotniiduk V1 Sunseeker (kaablivaba)<\/p>\n<p>TEHNILISED N\u00c4ITAJAD<br \/>\nTehnoloogia Vision AI<br \/>\nMonokulaarne kaamera<br \/>\nMax. niidetav ala 300 m\u00b2<br \/>\nNiiduk\u00f5rgus min.\/max. 20-50 mm<br \/>\nNiidulaius 16 cm<br \/>\nAku 20V 2 Ah<br \/>\nLaadimisvool 1,1A<br \/>\nKitsaim l\u00e4bik\u00e4ik \u226560 cm<br \/>\nMax. n\u00f5lva kalle 15\u00b0 \/ 27 %<br \/>\nM\u00fcratase 55 dB<br \/>\nKaitseklass Niiduk IPX5; laadija IP67<br \/>\nM\u00f5\u00f5tmed 516x323x227 mm<br \/>\nKaal 6,7 kg<\/p>\n<p>ERIOMADUSED<br \/>\nPiirdekaablita<br \/>\n\u00dclekattega servaniitmine<br \/>\nTakistuste tuvastamine<br \/>\nUjuv niiduseade<br \/>\nVihmaandur<br \/>\nApp\/Wifi\/Bluetooth<br \/>\nKomplektis: katus <\/p>\n<p>Tootja garantii 2 +1 aastat registreerides seadme 30 p\u00e4eva jooksul ostukuup\u00e4evast veebik\u00fcljel sunseekerelite.com<\/p>\n","protected":false},"featured_media":62901,"template":"","meta":{"inline_featured_image":false},"product_cat":[1079,5085,1080,5225],"product_tag":[1799],"class_list":{"0":"post-62900","1":"product","2":"type-product","3":"status-publish","4":"has-post-thumbnail","6":"product_brand-sunseeker","7":"product_cat-aiatehnika-ja-niidutehnika","8":"product_cat-aiatehnika-ja-tooriistad","9":"product_cat-robotniidukid","10":"product_cat-robotniidukid-kuni-1000m2","11":"product_tag-sunseeker","13":"first","14":"instock","15":"purchasable","16":"product-type-simple"},"yoast_head":"<!-- This site is optimized with the Yoast SEO plugin v27.4 - https:\/\/yoast.com\/product\/yoast-seo-wordpress\/ -->\n<title>Robotniiduk V1 Sunseeker (kaablivaba)<\/title>\n<meta name=\"description\" content=\"Robotniiduk V1 Sunseeker (kaablivaba) - Tehnoloogia Vision AIMonokulaarne kaameraMax. niidetav ala 300 m\u00b2Niiduk\u00f5rgus min.\/max. 20-50 mmNiidulaius 16 cm\" \/>\n<meta name=\"robots\" content=\"index, follow, max-snippet:-1, max-image-preview:large, max-video-preview:-1\" \/>\n<link rel=\"canonical\" href=\"https:\/\/ranoja.ee\/toode\/robotniiduk-v1-sunseeker-kaablivaba\/\" \/>\n<meta property=\"og:locale\" content=\"en_US\" \/>\n<meta property=\"og:type\" content=\"article\" \/>\n<meta property=\"og:title\" content=\"Robotniiduk V1 Sunseeker (kaablivaba)\" \/>\n<meta property=\"og:description\" content=\"Robotniiduk V1 Sunseeker (kaablivaba) - Tehnoloogia Vision AIMonokulaarne kaameraMax. niidetav ala 300 m\u00b2Niiduk\u00f5rgus min.\/max. 20-50 mmNiidulaius 16 cm\" \/>\n<meta property=\"og:url\" content=\"https:\/\/ranoja.ee\/toode\/robotniiduk-v1-sunseeker-kaablivaba\/\" \/>\n<meta property=\"og:site_name\" content=\"Ranoja\" \/>\n<meta property=\"article:publisher\" content=\"https:\/\/www.facebook.com\/ranoja.ee\" \/>\n<meta property=\"article:modified_time\" content=\"2026-03-30T10:56:48+00:00\" \/>\n<meta property=\"og:image\" content=\"https:\/\/ranoja.ee\/wp-content\/uploads\/2026\/03\/5638702417.png\" \/>\n\t<meta property=\"og:image:width\" content=\"900\" \/>\n\t<meta property=\"og:image:height\" content=\"900\" \/>\n\t<meta property=\"og:image:type\" content=\"image\/png\" \/>\n<meta name=\"twitter:card\" content=\"summary_large_image\" \/>\n<meta name=\"twitter:label1\" content=\"Est. reading time\" \/>\n\t<meta name=\"twitter:data1\" content=\"1 minute\" \/>\n<script type=\"application\/ld+json\" class=\"yoast-schema-graph\">{\"@context\":\"https:\\\/\\\/schema.org\",\"@graph\":[{\"@type\":\"WebPage\",\"@id\":\"https:\\\/\\\/ranoja.ee\\\/toode\\\/robotniiduk-v1-sunseeker-kaablivaba\\\/\",\"url\":\"https:\\\/\\\/ranoja.ee\\\/toode\\\/robotniiduk-v1-sunseeker-kaablivaba\\\/\",\"name\":\"Robotniiduk V1 Sunseeker (kaablivaba)\",\"isPartOf\":{\"@id\":\"https:\\\/\\\/ranoja.ee\\\/#website\"},\"primaryImageOfPage\":{\"@id\":\"https:\\\/\\\/ranoja.ee\\\/toode\\\/robotniiduk-v1-sunseeker-kaablivaba\\\/#primaryimage\"},\"image\":{\"@id\":\"https:\\\/\\\/ranoja.ee\\\/toode\\\/robotniiduk-v1-sunseeker-kaablivaba\\\/#primaryimage\"},\"thumbnailUrl\":\"https:\\\/\\\/ranoja.ee\\\/wp-content\\\/uploads\\\/2026\\\/03\\\/5638702417.png\",\"datePublished\":\"2026-03-16T23:44:04+00:00\",\"dateModified\":\"2026-03-30T10:56:48+00:00\",\"description\":\"Robotniiduk V1 Sunseeker (kaablivaba) - Tehnoloogia Vision AIMonokulaarne kaameraMax. niidetav ala 300 m\u00b2Niiduk\u00f5rgus min.\\\/max. 20-50 mmNiidulaius 16 cm\",\"breadcrumb\":{\"@id\":\"https:\\\/\\\/ranoja.ee\\\/toode\\\/robotniiduk-v1-sunseeker-kaablivaba\\\/#breadcrumb\"},\"inLanguage\":\"en-US\",\"potentialAction\":[{\"@type\":\"ReadAction\",\"target\":[\"https:\\\/\\\/ranoja.ee\\\/toode\\\/robotniiduk-v1-sunseeker-kaablivaba\\\/\"]}]},{\"@type\":\"ImageObject\",\"inLanguage\":\"en-US\",\"@id\":\"https:\\\/\\\/ranoja.ee\\\/toode\\\/robotniiduk-v1-sunseeker-kaablivaba\\\/#primaryimage\",\"url\":\"https:\\\/\\\/ranoja.ee\\\/wp-content\\\/uploads\\\/2026\\\/03\\\/5638702417.png\",\"contentUrl\":\"https:\\\/\\\/ranoja.ee\\\/wp-content\\\/uploads\\\/2026\\\/03\\\/5638702417.png\",\"width\":900,\"height\":900,\"caption\":\"Robotniiduk V1 Sunseeker (kaablivaba)\"},{\"@type\":\"BreadcrumbList\",\"@id\":\"https:\\\/\\\/ranoja.ee\\\/toode\\\/robotniiduk-v1-sunseeker-kaablivaba\\\/#breadcrumb\",\"itemListElement\":[{\"@type\":\"ListItem\",\"position\":1,\"name\":\"Home\",\"item\":\"https:\\\/\\\/ranoja.ee\\\/\"},{\"@type\":\"ListItem\",\"position\":2,\"name\":\"Shop\",\"item\":\"https:\\\/\\\/ranoja.ee\\\/en\\\/shop\\\/\"},{\"@type\":\"ListItem\",\"position\":3,\"name\":\"Robotniiduk V1 Sunseeker (kaablivaba)\"}]},{\"@type\":\"WebSite\",\"@id\":\"https:\\\/\\\/ranoja.ee\\\/#website\",\"url\":\"https:\\\/\\\/ranoja.ee\\\/\",\"name\":\"Ranoja\",\"description\":\"Equipment Shop WooCommerce WordPress Theme for Machine &amp; Tools\",\"publisher\":{\"@id\":\"https:\\\/\\\/ranoja.ee\\\/#organization\"},\"potentialAction\":[{\"@type\":\"SearchAction\",\"target\":{\"@type\":\"EntryPoint\",\"urlTemplate\":\"https:\\\/\\\/ranoja.ee\\\/?s={search_term_string}\"},\"query-input\":{\"@type\":\"PropertyValueSpecification\",\"valueRequired\":true,\"valueName\":\"search_term_string\"}}],\"inLanguage\":\"en-US\"},{\"@type\":\"Organization\",\"@id\":\"https:\\\/\\\/ranoja.ee\\\/#organization\",\"name\":\"Ranoja O\u00dc\",\"url\":\"https:\\\/\\\/ranoja.ee\\\/\",\"logo\":{\"@type\":\"ImageObject\",\"inLanguage\":\"en-US\",\"@id\":\"https:\\\/\\\/ranoja.ee\\\/#\\\/schema\\\/logo\\\/image\\\/\",\"url\":\"https:\\\/\\\/ranoja.ee\\\/wp-content\\\/uploads\\\/2023\\\/11\\\/ranoja-Logo.png\",\"contentUrl\":\"https:\\\/\\\/ranoja.ee\\\/wp-content\\\/uploads\\\/2023\\\/11\\\/ranoja-Logo.png\",\"width\":207,\"height\":58,\"caption\":\"Ranoja O\u00dc\"},\"image\":{\"@id\":\"https:\\\/\\\/ranoja.ee\\\/#\\\/schema\\\/logo\\\/image\\\/\"},\"sameAs\":[\"https:\\\/\\\/www.facebook.com\\\/ranoja.ee\",\"https:\\\/\\\/www.instagram.com\\\/ranoja__\\\/\"]}]}<\/script>\n<!-- \/ Yoast SEO plugin. -->","yoast_head_json":{"title":"Robotniiduk V1 Sunseeker (kaablivaba)","description":"Robotniiduk V1 Sunseeker (kaablivaba) - Tehnoloogia Vision AIMonokulaarne kaameraMax. niidetav ala 300 m\u00b2Niiduk\u00f5rgus min.\/max. 20-50 mmNiidulaius 16 cm","robots":{"index":"index","follow":"follow","max-snippet":"max-snippet:-1","max-image-preview":"max-image-preview:large","max-video-preview":"max-video-preview:-1"},"canonical":"https:\/\/ranoja.ee\/toode\/robotniiduk-v1-sunseeker-kaablivaba\/","og_locale":"en_US","og_type":"article","og_title":"Robotniiduk V1 Sunseeker (kaablivaba)","og_description":"Robotniiduk V1 Sunseeker (kaablivaba) - Tehnoloogia Vision AIMonokulaarne kaameraMax. niidetav ala 300 m\u00b2Niiduk\u00f5rgus min.\/max. 20-50 mmNiidulaius 16 cm","og_url":"https:\/\/ranoja.ee\/toode\/robotniiduk-v1-sunseeker-kaablivaba\/","og_site_name":"Ranoja","article_publisher":"https:\/\/www.facebook.com\/ranoja.ee","article_modified_time":"2026-03-30T10:56:48+00:00","og_image":[{"width":900,"height":900,"url":"https:\/\/ranoja.ee\/wp-content\/uploads\/2026\/03\/5638702417.png","type":"image\/png"}],"twitter_card":"summary_large_image","twitter_misc":{"Est. reading time":"1 minute"},"schema":{"@context":"https:\/\/schema.org","@graph":[{"@type":"WebPage","@id":"https:\/\/ranoja.ee\/toode\/robotniiduk-v1-sunseeker-kaablivaba\/","url":"https:\/\/ranoja.ee\/toode\/robotniiduk-v1-sunseeker-kaablivaba\/","name":"Robotniiduk V1 Sunseeker (kaablivaba)","isPartOf":{"@id":"https:\/\/ranoja.ee\/#website"},"primaryImageOfPage":{"@id":"https:\/\/ranoja.ee\/toode\/robotniiduk-v1-sunseeker-kaablivaba\/#primaryimage"},"image":{"@id":"https:\/\/ranoja.ee\/toode\/robotniiduk-v1-sunseeker-kaablivaba\/#primaryimage"},"thumbnailUrl":"https:\/\/ranoja.ee\/wp-content\/uploads\/2026\/03\/5638702417.png","datePublished":"2026-03-16T23:44:04+00:00","dateModified":"2026-03-30T10:56:48+00:00","description":"Robotniiduk V1 Sunseeker (kaablivaba) - Tehnoloogia Vision AIMonokulaarne kaameraMax. niidetav ala 300 m\u00b2Niiduk\u00f5rgus min.\/max. 20-50 mmNiidulaius 16 cm","breadcrumb":{"@id":"https:\/\/ranoja.ee\/toode\/robotniiduk-v1-sunseeker-kaablivaba\/#breadcrumb"},"inLanguage":"en-US","potentialAction":[{"@type":"ReadAction","target":["https:\/\/ranoja.ee\/toode\/robotniiduk-v1-sunseeker-kaablivaba\/"]}]},{"@type":"ImageObject","inLanguage":"en-US","@id":"https:\/\/ranoja.ee\/toode\/robotniiduk-v1-sunseeker-kaablivaba\/#primaryimage","url":"https:\/\/ranoja.ee\/wp-content\/uploads\/2026\/03\/5638702417.png","contentUrl":"https:\/\/ranoja.ee\/wp-content\/uploads\/2026\/03\/5638702417.png","width":900,"height":900,"caption":"Robotniiduk V1 Sunseeker (kaablivaba)"},{"@type":"BreadcrumbList","@id":"https:\/\/ranoja.ee\/toode\/robotniiduk-v1-sunseeker-kaablivaba\/#breadcrumb","itemListElement":[{"@type":"ListItem","position":1,"name":"Home","item":"https:\/\/ranoja.ee\/"},{"@type":"ListItem","position":2,"name":"Shop","item":"https:\/\/ranoja.ee\/en\/shop\/"},{"@type":"ListItem","position":3,"name":"Robotniiduk V1 Sunseeker (kaablivaba)"}]},{"@type":"WebSite","@id":"https:\/\/ranoja.ee\/#website","url":"https:\/\/ranoja.ee\/","name":"Ranoja","description":"Equipment Shop WooCommerce WordPress Theme for Machine &amp; Tools","publisher":{"@id":"https:\/\/ranoja.ee\/#organization"},"potentialAction":[{"@type":"SearchAction","target":{"@type":"EntryPoint","urlTemplate":"https:\/\/ranoja.ee\/?s={search_term_string}"},"query-input":{"@type":"PropertyValueSpecification","valueRequired":true,"valueName":"search_term_string"}}],"inLanguage":"en-US"},{"@type":"Organization","@id":"https:\/\/ranoja.ee\/#organization","name":"Ranoja O\u00dc","url":"https:\/\/ranoja.ee\/","logo":{"@type":"ImageObject","inLanguage":"en-US","@id":"https:\/\/ranoja.ee\/#\/schema\/logo\/image\/","url":"https:\/\/ranoja.ee\/wp-content\/uploads\/2023\/11\/ranoja-Logo.png","contentUrl":"https:\/\/ranoja.ee\/wp-content\/uploads\/2023\/11\/ranoja-Logo.png","width":207,"height":58,"caption":"Ranoja O\u00dc"},"image":{"@id":"https:\/\/ranoja.ee\/#\/schema\/logo\/image\/"},"sameAs":["https:\/\/www.facebook.com\/ranoja.ee","https:\/\/www.instagram.com\/ranoja__\/"]}]}},"_links":{"self":[{"href":"https:\/\/ranoja.ee\/en\/wp-json\/wp\/v2\/product\/62900","targetHints":{"allow":["GET"]}}],"collection":[{"href":"https:\/\/ranoja.ee\/en\/wp-json\/wp\/v2\/product"}],"about":[{"href":"https:\/\/ranoja.ee\/en\/wp-json\/wp\/v2\/types\/product"}],"wp:featuredmedia":[{"embeddable":true,"href":"https:\/\/ranoja.ee\/en\/wp-json\/wp\/v2\/media\/62901"}],"wp:attachment":[{"href":"https:\/\/ranoja.ee\/en\/wp-json\/wp\/v2\/media?parent=62900"}],"wp:term":[{"taxonomy":"product_cat","embeddable":true,"href":"https:\/\/ranoja.ee\/en\/wp-json\/wp\/v2\/product_cat?post=62900"},{"taxonomy":"product_tag","embeddable":true,"href":"https:\/\/ranoja.ee\/en\/wp-json\/wp\/v2\/product_tag?post=62900"}],"curies":[{"name":"wp","href":"https:\/\/api.w.org\/{rel}","templated":true}]}}