{"id":62896,"date":"2026-03-17T02:44:04","date_gmt":"2026-03-16T23:44:04","guid":{"rendered":"https:\/\/ranoja.ee\/toode\/akulookmutrikeeraja-bc-iw350-x-set-s-scheppach\/"},"modified":"2026-03-17T15:33:40","modified_gmt":"2026-03-17T12:33:40","slug":"akulookmutrikeeraja-bc-iw350-x-set-s-scheppach","status":"publish","type":"product","link":"https:\/\/ranoja.ee\/en\/toode\/akulookmutrikeeraja-bc-iw350-x-set-s-scheppach\/","title":{"rendered":"Akul\u00f6\u00f6kmutrikeeraja BC-IW350-X, SET S, Scheppach"},"content":{"rendered":"","protected":false},"excerpt":{"rendered":"<p>Mootori t\u00fc\u00fcp: harjavaba<br \/>\nP\u00f6\u00f6rdemoment: max.: 350 Nm<br \/>\nP\u00f6\u00f6rete arv t\u00fchik\u00e4igul:: 0 \u2013 2800 min-1<br \/>\nMaksimaalne l\u00f6\u00f6gikiirus: 0 \u2013 3600 min-1<br \/>\nTarviku kinnitus: v\u00e4line nelikant 1\/2&#8243;<br \/>\nKomplektis: 2 Ah aku ja 2,4 A laadija<\/p>\n<p>Uuenduslik suure energiat\u00f5hususega harjadeta mootor<br \/>\nKuni 10 korda pikem mootori t\u00f6\u00f6iga<br \/>\nHarjadeta hooldusvaba mootoritehnoloogia tagab maksimaalse tootlikkuse, eemaldades t\u00f5rksad  mutrid vaevata<br \/>\n\u00dclekoormuskaitse hoiab \u00e4ra t\u00f6\u00f6riista ja aku kahjustamise rasketes tingimustes<br \/>\n2 eelvalitavat p\u00f6\u00f6rdemomendi taset<br \/>\nSujuvalt reguleeritav kiirus<br \/>\nP\u00f6\u00f6rlemine paremale\/vasakule<br \/>\nErgonoomiline, kompaktne ja kerge disain pehme k\u00e4epidemega, mis tagab kasutaja mugavuse<\/p>\n<p>Scheppachi elektrilised k\u00e4sit\u00f6\u00f6riistad on m\u00f5eldud n\u00f5udlikule hobikasutajale<\/p>\n","protected":false},"featured_media":62897,"template":"","meta":{"inline_featured_image":false},"product_cat":[5493,5280,1094],"product_tag":[],"class_list":{"0":"post-62896","1":"product","2":"type-product","3":"status-publish","4":"has-post-thumbnail","6":"product_brand-scheppach","7":"product_cat-1-2","8":"product_cat-akuga-lookkruvi-ja-mutrikeerajad","9":"product_cat-akutooriistad","11":"first","12":"outofstock","13":"purchasable","14":"product-type-simple"},"yoast_head":"<!-- This site is optimized with the Yoast SEO plugin v27.4 - https:\/\/yoast.com\/product\/yoast-seo-wordpress\/ -->\n<title>Akul\u00f6\u00f6kmutrikeeraja BC-IW350-X, SET S, Scheppach - Ranoja<\/title>\n<meta name=\"robots\" content=\"index, follow, max-snippet:-1, max-image-preview:large, max-video-preview:-1\" \/>\n<link rel=\"canonical\" href=\"https:\/\/ranoja.ee\/toode\/akulookmutrikeeraja-bc-iw350-x-set-s-scheppach\/\" \/>\n<meta property=\"og:locale\" content=\"en_US\" \/>\n<meta property=\"og:type\" content=\"article\" \/>\n<meta property=\"og:title\" content=\"Akul\u00f6\u00f6kmutrikeeraja BC-IW350-X, SET S, Scheppach - Ranoja\" \/>\n<meta property=\"og:description\" content=\"Mootori t\u00fc\u00fcp: harjavaba P\u00f6\u00f6rdemoment: max.: 350 Nm P\u00f6\u00f6rete arv t\u00fchik\u00e4igul:: 0 \u2013 2800 min-1 Maksimaalne l\u00f6\u00f6gikiirus: 0 \u2013 3600 min-1 Tarviku kinnitus: v\u00e4line nelikant 1\/2&quot; Komplektis: 2 Ah aku ja 2,4 A laadija Uuenduslik suure energiat\u00f5hususega harjadeta mootor Kuni 10 korda pikem mootori t\u00f6\u00f6iga Harjadeta hooldusvaba mootoritehnoloogia tagab maksimaalse tootlikkuse, eemaldades t\u00f5rksad mutrid vaevata \u00dclekoormuskaitse hoiab \u00e4ra t\u00f6\u00f6riista ja aku kahjustamise rasketes tingimustes 2 eelvalitavat p\u00f6\u00f6rdemomendi taset Sujuvalt reguleeritav kiirus P\u00f6\u00f6rlemine paremale\/vasakule Ergonoomiline, kompaktne ja kerge disain pehme k\u00e4epidemega, mis tagab kasutaja mugavuse Scheppachi elektrilised k\u00e4sit\u00f6\u00f6riistad on m\u00f5eldud n\u00f5udlikule hobikasutajale\" \/>\n<meta property=\"og:url\" content=\"https:\/\/ranoja.ee\/toode\/akulookmutrikeeraja-bc-iw350-x-set-s-scheppach\/\" \/>\n<meta property=\"og:site_name\" content=\"Ranoja\" \/>\n<meta property=\"article:publisher\" content=\"https:\/\/www.facebook.com\/ranoja.ee\" \/>\n<meta property=\"article:modified_time\" content=\"2026-03-17T12:33:40+00:00\" \/>\n<meta property=\"og:image\" content=\"https:\/\/ranoja.ee\/wp-content\/uploads\/2026\/03\/5638524529.jpg\" \/>\n\t<meta property=\"og:image:width\" content=\"900\" \/>\n\t<meta property=\"og:image:height\" content=\"900\" \/>\n\t<meta property=\"og:image:type\" content=\"image\/jpeg\" \/>\n<meta name=\"twitter:card\" content=\"summary_large_image\" \/>\n<script type=\"application\/ld+json\" class=\"yoast-schema-graph\">{\"@context\":\"https:\\\/\\\/schema.org\",\"@graph\":[{\"@type\":\"WebPage\",\"@id\":\"https:\\\/\\\/ranoja.ee\\\/toode\\\/akulookmutrikeeraja-bc-iw350-x-set-s-scheppach\\\/\",\"url\":\"https:\\\/\\\/ranoja.ee\\\/toode\\\/akulookmutrikeeraja-bc-iw350-x-set-s-scheppach\\\/\",\"name\":\"Akul\u00f6\u00f6kmutrikeeraja BC-IW350-X, SET S, Scheppach - Ranoja\",\"isPartOf\":{\"@id\":\"https:\\\/\\\/ranoja.ee\\\/#website\"},\"primaryImageOfPage\":{\"@id\":\"https:\\\/\\\/ranoja.ee\\\/toode\\\/akulookmutrikeeraja-bc-iw350-x-set-s-scheppach\\\/#primaryimage\"},\"image\":{\"@id\":\"https:\\\/\\\/ranoja.ee\\\/toode\\\/akulookmutrikeeraja-bc-iw350-x-set-s-scheppach\\\/#primaryimage\"},\"thumbnailUrl\":\"https:\\\/\\\/ranoja.ee\\\/wp-content\\\/uploads\\\/2026\\\/03\\\/5638524529.jpg\",\"datePublished\":\"2026-03-16T23:44:04+00:00\",\"dateModified\":\"2026-03-17T12:33:40+00:00\",\"breadcrumb\":{\"@id\":\"https:\\\/\\\/ranoja.ee\\\/toode\\\/akulookmutrikeeraja-bc-iw350-x-set-s-scheppach\\\/#breadcrumb\"},\"inLanguage\":\"en-US\",\"potentialAction\":[{\"@type\":\"ReadAction\",\"target\":[\"https:\\\/\\\/ranoja.ee\\\/toode\\\/akulookmutrikeeraja-bc-iw350-x-set-s-scheppach\\\/\"]}]},{\"@type\":\"ImageObject\",\"inLanguage\":\"en-US\",\"@id\":\"https:\\\/\\\/ranoja.ee\\\/toode\\\/akulookmutrikeeraja-bc-iw350-x-set-s-scheppach\\\/#primaryimage\",\"url\":\"https:\\\/\\\/ranoja.ee\\\/wp-content\\\/uploads\\\/2026\\\/03\\\/5638524529.jpg\",\"contentUrl\":\"https:\\\/\\\/ranoja.ee\\\/wp-content\\\/uploads\\\/2026\\\/03\\\/5638524529.jpg\",\"width\":900,\"height\":900},{\"@type\":\"BreadcrumbList\",\"@id\":\"https:\\\/\\\/ranoja.ee\\\/toode\\\/akulookmutrikeeraja-bc-iw350-x-set-s-scheppach\\\/#breadcrumb\",\"itemListElement\":[{\"@type\":\"ListItem\",\"position\":1,\"name\":\"Home\",\"item\":\"https:\\\/\\\/ranoja.ee\\\/\"},{\"@type\":\"ListItem\",\"position\":2,\"name\":\"Shop\",\"item\":\"https:\\\/\\\/ranoja.ee\\\/en\\\/shop\\\/\"},{\"@type\":\"ListItem\",\"position\":3,\"name\":\"Akul\u00f6\u00f6kmutrikeeraja BC-IW350-X, SET S, Scheppach\"}]},{\"@type\":\"WebSite\",\"@id\":\"https:\\\/\\\/ranoja.ee\\\/#website\",\"url\":\"https:\\\/\\\/ranoja.ee\\\/\",\"name\":\"Ranoja\",\"description\":\"Equipment Shop WooCommerce WordPress Theme for Machine &amp; Tools\",\"publisher\":{\"@id\":\"https:\\\/\\\/ranoja.ee\\\/#organization\"},\"potentialAction\":[{\"@type\":\"SearchAction\",\"target\":{\"@type\":\"EntryPoint\",\"urlTemplate\":\"https:\\\/\\\/ranoja.ee\\\/?s={search_term_string}\"},\"query-input\":{\"@type\":\"PropertyValueSpecification\",\"valueRequired\":true,\"valueName\":\"search_term_string\"}}],\"inLanguage\":\"en-US\"},{\"@type\":\"Organization\",\"@id\":\"https:\\\/\\\/ranoja.ee\\\/#organization\",\"name\":\"Ranoja O\u00dc\",\"url\":\"https:\\\/\\\/ranoja.ee\\\/\",\"logo\":{\"@type\":\"ImageObject\",\"inLanguage\":\"en-US\",\"@id\":\"https:\\\/\\\/ranoja.ee\\\/#\\\/schema\\\/logo\\\/image\\\/\",\"url\":\"https:\\\/\\\/ranoja.ee\\\/wp-content\\\/uploads\\\/2023\\\/11\\\/ranoja-Logo.png\",\"contentUrl\":\"https:\\\/\\\/ranoja.ee\\\/wp-content\\\/uploads\\\/2023\\\/11\\\/ranoja-Logo.png\",\"width\":207,\"height\":58,\"caption\":\"Ranoja O\u00dc\"},\"image\":{\"@id\":\"https:\\\/\\\/ranoja.ee\\\/#\\\/schema\\\/logo\\\/image\\\/\"},\"sameAs\":[\"https:\\\/\\\/www.facebook.com\\\/ranoja.ee\",\"https:\\\/\\\/www.instagram.com\\\/ranoja__\\\/\"]}]}<\/script>\n<!-- \/ Yoast SEO plugin. -->","yoast_head_json":{"title":"Akul\u00f6\u00f6kmutrikeeraja BC-IW350-X, SET S, Scheppach - Ranoja","robots":{"index":"index","follow":"follow","max-snippet":"max-snippet:-1","max-image-preview":"max-image-preview:large","max-video-preview":"max-video-preview:-1"},"canonical":"https:\/\/ranoja.ee\/toode\/akulookmutrikeeraja-bc-iw350-x-set-s-scheppach\/","og_locale":"en_US","og_type":"article","og_title":"Akul\u00f6\u00f6kmutrikeeraja BC-IW350-X, SET S, Scheppach - Ranoja","og_description":"Mootori t\u00fc\u00fcp: harjavaba P\u00f6\u00f6rdemoment: max.: 350 Nm P\u00f6\u00f6rete arv t\u00fchik\u00e4igul:: 0 \u2013 2800 min-1 Maksimaalne l\u00f6\u00f6gikiirus: 0 \u2013 3600 min-1 Tarviku kinnitus: v\u00e4line nelikant 1\/2\" Komplektis: 2 Ah aku ja 2,4 A laadija Uuenduslik suure energiat\u00f5hususega harjadeta mootor Kuni 10 korda pikem mootori t\u00f6\u00f6iga Harjadeta hooldusvaba mootoritehnoloogia tagab maksimaalse tootlikkuse, eemaldades t\u00f5rksad mutrid vaevata \u00dclekoormuskaitse hoiab \u00e4ra t\u00f6\u00f6riista ja aku kahjustamise rasketes tingimustes 2 eelvalitavat p\u00f6\u00f6rdemomendi taset Sujuvalt reguleeritav kiirus P\u00f6\u00f6rlemine paremale\/vasakule Ergonoomiline, kompaktne ja kerge disain pehme k\u00e4epidemega, mis tagab kasutaja mugavuse Scheppachi elektrilised k\u00e4sit\u00f6\u00f6riistad on m\u00f5eldud n\u00f5udlikule hobikasutajale","og_url":"https:\/\/ranoja.ee\/toode\/akulookmutrikeeraja-bc-iw350-x-set-s-scheppach\/","og_site_name":"Ranoja","article_publisher":"https:\/\/www.facebook.com\/ranoja.ee","article_modified_time":"2026-03-17T12:33:40+00:00","og_image":[{"width":900,"height":900,"url":"https:\/\/ranoja.ee\/wp-content\/uploads\/2026\/03\/5638524529.jpg","type":"image\/jpeg"}],"twitter_card":"summary_large_image","schema":{"@context":"https:\/\/schema.org","@graph":[{"@type":"WebPage","@id":"https:\/\/ranoja.ee\/toode\/akulookmutrikeeraja-bc-iw350-x-set-s-scheppach\/","url":"https:\/\/ranoja.ee\/toode\/akulookmutrikeeraja-bc-iw350-x-set-s-scheppach\/","name":"Akul\u00f6\u00f6kmutrikeeraja BC-IW350-X, SET S, Scheppach - Ranoja","isPartOf":{"@id":"https:\/\/ranoja.ee\/#website"},"primaryImageOfPage":{"@id":"https:\/\/ranoja.ee\/toode\/akulookmutrikeeraja-bc-iw350-x-set-s-scheppach\/#primaryimage"},"image":{"@id":"https:\/\/ranoja.ee\/toode\/akulookmutrikeeraja-bc-iw350-x-set-s-scheppach\/#primaryimage"},"thumbnailUrl":"https:\/\/ranoja.ee\/wp-content\/uploads\/2026\/03\/5638524529.jpg","datePublished":"2026-03-16T23:44:04+00:00","dateModified":"2026-03-17T12:33:40+00:00","breadcrumb":{"@id":"https:\/\/ranoja.ee\/toode\/akulookmutrikeeraja-bc-iw350-x-set-s-scheppach\/#breadcrumb"},"inLanguage":"en-US","potentialAction":[{"@type":"ReadAction","target":["https:\/\/ranoja.ee\/toode\/akulookmutrikeeraja-bc-iw350-x-set-s-scheppach\/"]}]},{"@type":"ImageObject","inLanguage":"en-US","@id":"https:\/\/ranoja.ee\/toode\/akulookmutrikeeraja-bc-iw350-x-set-s-scheppach\/#primaryimage","url":"https:\/\/ranoja.ee\/wp-content\/uploads\/2026\/03\/5638524529.jpg","contentUrl":"https:\/\/ranoja.ee\/wp-content\/uploads\/2026\/03\/5638524529.jpg","width":900,"height":900},{"@type":"BreadcrumbList","@id":"https:\/\/ranoja.ee\/toode\/akulookmutrikeeraja-bc-iw350-x-set-s-scheppach\/#breadcrumb","itemListElement":[{"@type":"ListItem","position":1,"name":"Home","item":"https:\/\/ranoja.ee\/"},{"@type":"ListItem","position":2,"name":"Shop","item":"https:\/\/ranoja.ee\/en\/shop\/"},{"@type":"ListItem","position":3,"name":"Akul\u00f6\u00f6kmutrikeeraja BC-IW350-X, SET S, Scheppach"}]},{"@type":"WebSite","@id":"https:\/\/ranoja.ee\/#website","url":"https:\/\/ranoja.ee\/","name":"Ranoja","description":"Equipment Shop WooCommerce WordPress Theme for Machine &amp; Tools","publisher":{"@id":"https:\/\/ranoja.ee\/#organization"},"potentialAction":[{"@type":"SearchAction","target":{"@type":"EntryPoint","urlTemplate":"https:\/\/ranoja.ee\/?s={search_term_string}"},"query-input":{"@type":"PropertyValueSpecification","valueRequired":true,"valueName":"search_term_string"}}],"inLanguage":"en-US"},{"@type":"Organization","@id":"https:\/\/ranoja.ee\/#organization","name":"Ranoja O\u00dc","url":"https:\/\/ranoja.ee\/","logo":{"@type":"ImageObject","inLanguage":"en-US","@id":"https:\/\/ranoja.ee\/#\/schema\/logo\/image\/","url":"https:\/\/ranoja.ee\/wp-content\/uploads\/2023\/11\/ranoja-Logo.png","contentUrl":"https:\/\/ranoja.ee\/wp-content\/uploads\/2023\/11\/ranoja-Logo.png","width":207,"height":58,"caption":"Ranoja O\u00dc"},"image":{"@id":"https:\/\/ranoja.ee\/#\/schema\/logo\/image\/"},"sameAs":["https:\/\/www.facebook.com\/ranoja.ee","https:\/\/www.instagram.com\/ranoja__\/"]}]}},"_links":{"self":[{"href":"https:\/\/ranoja.ee\/en\/wp-json\/wp\/v2\/product\/62896","targetHints":{"allow":["GET"]}}],"collection":[{"href":"https:\/\/ranoja.ee\/en\/wp-json\/wp\/v2\/product"}],"about":[{"href":"https:\/\/ranoja.ee\/en\/wp-json\/wp\/v2\/types\/product"}],"wp:featuredmedia":[{"embeddable":true,"href":"https:\/\/ranoja.ee\/en\/wp-json\/wp\/v2\/media\/62897"}],"wp:attachment":[{"href":"https:\/\/ranoja.ee\/en\/wp-json\/wp\/v2\/media?parent=62896"}],"wp:term":[{"taxonomy":"product_cat","embeddable":true,"href":"https:\/\/ranoja.ee\/en\/wp-json\/wp\/v2\/product_cat?post=62896"},{"taxonomy":"product_tag","embeddable":true,"href":"https:\/\/ranoja.ee\/en\/wp-json\/wp\/v2\/product_tag?post=62896"}],"curies":[{"name":"wp","href":"https:\/\/api.w.org\/{rel}","templated":true}]}}