{"id":62894,"date":"2026-03-17T02:44:04","date_gmt":"2026-03-16T23:44:04","guid":{"rendered":"https:\/\/ranoja.ee\/toode\/elektriline-varviprits-ptsa600-scheppach\/"},"modified":"2026-03-17T15:33:40","modified_gmt":"2026-03-17T12:33:40","slug":"elektriline-varviprits-ptsa600-scheppach","status":"publish","type":"product","link":"https:\/\/ranoja.ee\/en\/toode\/elektriline-varviprits-ptsa600-scheppach\/","title":{"rendered":"Elektriline v\u00e4rviprits PTSA600, Scheppach"},"content":{"rendered":"","protected":false},"excerpt":{"rendered":"<p>Scheppach Airless v\u00e4rvipihustuss\u00fcsteem PTSA600 sobib igat t\u00fc\u00fcpi v\u00e4rvimist\u00f6\u00f6deks ning tagab \u00fchtlase ja t\u00e4pse v\u00e4rvikihi nii sise- kui v\u00e4listingimustes.<br \/>\nS\u00fcsteemiga saab optimaalselt kanda peale paksu v\u00e4rvi, lateksv\u00e4rve, lasuure, dispersioonseinav\u00e4rve ja veep\u00f5hiseid ilmastikukindlaid v\u00e4rve.<br \/>\n15 m pikkune voolik, v\u00f5imas 950 W mootor ning otse v\u00e4rvi\u00e4mbrist t\u00f6\u00f6tav imus\u00fcsteem v\u00f5imaldavad kiiret ja paindlikku t\u00f6\u00f6d suurtel pindadel.<\/p>\n<p>\u2022 Airless v\u00e4rvipihustuss\u00fcsteem \u00fchtlaseks v\u00e4rvikatteks siledatel ja struktureeritud pindadel sise- ja v\u00e4listingimustes<br \/>\n\u2022 Sobib paksudele v\u00e4rvidele, lateksv\u00e4rvidele, lasuuridele, dispersioonseinav\u00e4rvidele ja veep\u00f5histele ilmastikukindlatele v\u00e4rvidele<br \/>\n\u2022 Suur t\u00f6\u00f6raadius t\u00e4nu 15 m pihustusvoolikule<br \/>\n\u2022 V\u00f5imas 950 W elektrimootor<br \/>\n\u2022 Horisontaalselt ja vertikaalselt reguleeritav v\u00e4rvip\u00fcstol lukustusfunktsiooniga pikaks ja v\u00e4simusvabaks t\u00f6\u00f6ks<br \/>\n\u2022 Kiire t\u00f6\u00f6tempo \u2013 kuni 420 m\u00b2\/h<br \/>\n\u2022 Maksimaalne t\u00f6\u00f6r\u00f5hk 207 bar, sujuvalt reguleeritav r\u00f5huregulaatoriga<br \/>\n\u2022 Praktiline raam integreeritud kandesangaga lihtsaks transportimiseks<br \/>\n\u2022 Imemine otse v\u00e4rvi\u00e4mbrist t\u00e4nu filtriga imuvoolikule<br \/>\n\u2022 L\u00e4bilaskev\u00f5ime max 2,0 l\/min s\u00f5ltuvalt v\u00e4rvist v\u00f5i vedelikust<br \/>\n\u2022 Komplektis d\u00fc\u00fcs paksudele materjalidele (517), pihustuslaius 250\u2013310 mm<br \/>\n\u2022 K\u00f5rgete seinte v\u00f5i p\u00f5randa pihustamiseks saadaval lisatarvikuna 40 cm d\u00fc\u00fcsipikendus<\/p>\n","protected":false},"featured_media":62895,"template":"","meta":{"inline_featured_image":false},"product_cat":[5111,5255,5245],"product_tag":[],"class_list":{"0":"post-62894","1":"product","2":"type-product","3":"status-publish","4":"has-post-thumbnail","6":"product_brand-scheppach","7":"product_cat-elektrilised-kasitooriistad","8":"product_cat-eritooriistad","9":"product_cat-muud-elektrilised-tooriistad","11":"first","12":"outofstock","13":"purchasable","14":"product-type-simple"},"yoast_head":"<!-- This site is optimized with the Yoast SEO plugin v27.4 - https:\/\/yoast.com\/product\/yoast-seo-wordpress\/ -->\n<title>Elektriline v\u00e4rviprits PTSA600, Scheppach - Ranoja<\/title>\n<meta name=\"robots\" content=\"index, follow, max-snippet:-1, max-image-preview:large, max-video-preview:-1\" \/>\n<link rel=\"canonical\" href=\"https:\/\/ranoja.ee\/toode\/elektriline-varviprits-ptsa600-scheppach\/\" \/>\n<meta property=\"og:locale\" content=\"en_US\" \/>\n<meta property=\"og:type\" content=\"article\" \/>\n<meta property=\"og:title\" content=\"Elektriline v\u00e4rviprits PTSA600, Scheppach - Ranoja\" \/>\n<meta property=\"og:description\" content=\"Scheppach Airless v\u00e4rvipihustuss\u00fcsteem PTSA600 sobib igat t\u00fc\u00fcpi v\u00e4rvimist\u00f6\u00f6deks ning tagab \u00fchtlase ja t\u00e4pse v\u00e4rvikihi nii sise- kui v\u00e4listingimustes. S\u00fcsteemiga saab optimaalselt kanda peale paksu v\u00e4rvi, lateksv\u00e4rve, lasuure, dispersioonseinav\u00e4rve ja veep\u00f5hiseid ilmastikukindlaid v\u00e4rve. 15 m pikkune voolik, v\u00f5imas 950 W mootor ning otse v\u00e4rvi\u00e4mbrist t\u00f6\u00f6tav imus\u00fcsteem v\u00f5imaldavad kiiret ja paindlikku t\u00f6\u00f6d suurtel pindadel. \u2022 Airless v\u00e4rvipihustuss\u00fcsteem \u00fchtlaseks v\u00e4rvikatteks siledatel ja struktureeritud pindadel sise- ja v\u00e4listingimustes \u2022 Sobib paksudele v\u00e4rvidele, lateksv\u00e4rvidele, lasuuridele, dispersioonseinav\u00e4rvidele ja veep\u00f5histele ilmastikukindlatele v\u00e4rvidele \u2022 Suur t\u00f6\u00f6raadius t\u00e4nu 15 m pihustusvoolikule \u2022 V\u00f5imas 950 W elektrimootor \u2022 Horisontaalselt ja vertikaalselt reguleeritav v\u00e4rvip\u00fcstol lukustusfunktsiooniga pikaks ja v\u00e4simusvabaks t\u00f6\u00f6ks \u2022 Kiire t\u00f6\u00f6tempo \u2013 kuni 420 m\u00b2\/h \u2022 Maksimaalne t\u00f6\u00f6r\u00f5hk 207 bar, sujuvalt reguleeritav r\u00f5huregulaatoriga \u2022 Praktiline raam integreeritud kandesangaga lihtsaks transportimiseks \u2022 Imemine otse v\u00e4rvi\u00e4mbrist t\u00e4nu filtriga imuvoolikule \u2022 L\u00e4bilaskev\u00f5ime max 2,0 l\/min s\u00f5ltuvalt v\u00e4rvist v\u00f5i vedelikust \u2022 Komplektis d\u00fc\u00fcs paksudele materjalidele (517), pihustuslaius 250\u2013310 mm \u2022 K\u00f5rgete seinte v\u00f5i p\u00f5randa pihustamiseks saadaval lisatarvikuna 40 cm d\u00fc\u00fcsipikendus\" \/>\n<meta property=\"og:url\" content=\"https:\/\/ranoja.ee\/toode\/elektriline-varviprits-ptsa600-scheppach\/\" \/>\n<meta property=\"og:site_name\" content=\"Ranoja\" \/>\n<meta property=\"article:publisher\" content=\"https:\/\/www.facebook.com\/ranoja.ee\" \/>\n<meta property=\"article:modified_time\" content=\"2026-03-17T12:33:40+00:00\" \/>\n<meta property=\"og:image\" content=\"https:\/\/ranoja.ee\/wp-content\/uploads\/2026\/03\/5638318727.jpg\" \/>\n\t<meta property=\"og:image:width\" content=\"900\" \/>\n\t<meta property=\"og:image:height\" content=\"654\" \/>\n\t<meta property=\"og:image:type\" content=\"image\/jpeg\" \/>\n<meta name=\"twitter:card\" content=\"summary_large_image\" \/>\n<script type=\"application\/ld+json\" class=\"yoast-schema-graph\">{\"@context\":\"https:\\\/\\\/schema.org\",\"@graph\":[{\"@type\":\"WebPage\",\"@id\":\"https:\\\/\\\/ranoja.ee\\\/toode\\\/elektriline-varviprits-ptsa600-scheppach\\\/\",\"url\":\"https:\\\/\\\/ranoja.ee\\\/toode\\\/elektriline-varviprits-ptsa600-scheppach\\\/\",\"name\":\"Elektriline v\u00e4rviprits PTSA600, Scheppach - Ranoja\",\"isPartOf\":{\"@id\":\"https:\\\/\\\/ranoja.ee\\\/#website\"},\"primaryImageOfPage\":{\"@id\":\"https:\\\/\\\/ranoja.ee\\\/toode\\\/elektriline-varviprits-ptsa600-scheppach\\\/#primaryimage\"},\"image\":{\"@id\":\"https:\\\/\\\/ranoja.ee\\\/toode\\\/elektriline-varviprits-ptsa600-scheppach\\\/#primaryimage\"},\"thumbnailUrl\":\"https:\\\/\\\/ranoja.ee\\\/wp-content\\\/uploads\\\/2026\\\/03\\\/5638318727.jpg\",\"datePublished\":\"2026-03-16T23:44:04+00:00\",\"dateModified\":\"2026-03-17T12:33:40+00:00\",\"breadcrumb\":{\"@id\":\"https:\\\/\\\/ranoja.ee\\\/toode\\\/elektriline-varviprits-ptsa600-scheppach\\\/#breadcrumb\"},\"inLanguage\":\"en-US\",\"potentialAction\":[{\"@type\":\"ReadAction\",\"target\":[\"https:\\\/\\\/ranoja.ee\\\/toode\\\/elektriline-varviprits-ptsa600-scheppach\\\/\"]}]},{\"@type\":\"ImageObject\",\"inLanguage\":\"en-US\",\"@id\":\"https:\\\/\\\/ranoja.ee\\\/toode\\\/elektriline-varviprits-ptsa600-scheppach\\\/#primaryimage\",\"url\":\"https:\\\/\\\/ranoja.ee\\\/wp-content\\\/uploads\\\/2026\\\/03\\\/5638318727.jpg\",\"contentUrl\":\"https:\\\/\\\/ranoja.ee\\\/wp-content\\\/uploads\\\/2026\\\/03\\\/5638318727.jpg\",\"width\":900,\"height\":654},{\"@type\":\"BreadcrumbList\",\"@id\":\"https:\\\/\\\/ranoja.ee\\\/toode\\\/elektriline-varviprits-ptsa600-scheppach\\\/#breadcrumb\",\"itemListElement\":[{\"@type\":\"ListItem\",\"position\":1,\"name\":\"Home\",\"item\":\"https:\\\/\\\/ranoja.ee\\\/\"},{\"@type\":\"ListItem\",\"position\":2,\"name\":\"Shop\",\"item\":\"https:\\\/\\\/ranoja.ee\\\/en\\\/shop\\\/\"},{\"@type\":\"ListItem\",\"position\":3,\"name\":\"Elektriline v\u00e4rviprits PTSA600, Scheppach\"}]},{\"@type\":\"WebSite\",\"@id\":\"https:\\\/\\\/ranoja.ee\\\/#website\",\"url\":\"https:\\\/\\\/ranoja.ee\\\/\",\"name\":\"Ranoja\",\"description\":\"Equipment Shop WooCommerce WordPress Theme for Machine &amp; Tools\",\"publisher\":{\"@id\":\"https:\\\/\\\/ranoja.ee\\\/#organization\"},\"potentialAction\":[{\"@type\":\"SearchAction\",\"target\":{\"@type\":\"EntryPoint\",\"urlTemplate\":\"https:\\\/\\\/ranoja.ee\\\/?s={search_term_string}\"},\"query-input\":{\"@type\":\"PropertyValueSpecification\",\"valueRequired\":true,\"valueName\":\"search_term_string\"}}],\"inLanguage\":\"en-US\"},{\"@type\":\"Organization\",\"@id\":\"https:\\\/\\\/ranoja.ee\\\/#organization\",\"name\":\"Ranoja O\u00dc\",\"url\":\"https:\\\/\\\/ranoja.ee\\\/\",\"logo\":{\"@type\":\"ImageObject\",\"inLanguage\":\"en-US\",\"@id\":\"https:\\\/\\\/ranoja.ee\\\/#\\\/schema\\\/logo\\\/image\\\/\",\"url\":\"https:\\\/\\\/ranoja.ee\\\/wp-content\\\/uploads\\\/2023\\\/11\\\/ranoja-Logo.png\",\"contentUrl\":\"https:\\\/\\\/ranoja.ee\\\/wp-content\\\/uploads\\\/2023\\\/11\\\/ranoja-Logo.png\",\"width\":207,\"height\":58,\"caption\":\"Ranoja O\u00dc\"},\"image\":{\"@id\":\"https:\\\/\\\/ranoja.ee\\\/#\\\/schema\\\/logo\\\/image\\\/\"},\"sameAs\":[\"https:\\\/\\\/www.facebook.com\\\/ranoja.ee\",\"https:\\\/\\\/www.instagram.com\\\/ranoja__\\\/\"]}]}<\/script>\n<!-- \/ Yoast SEO plugin. -->","yoast_head_json":{"title":"Elektriline v\u00e4rviprits PTSA600, Scheppach - Ranoja","robots":{"index":"index","follow":"follow","max-snippet":"max-snippet:-1","max-image-preview":"max-image-preview:large","max-video-preview":"max-video-preview:-1"},"canonical":"https:\/\/ranoja.ee\/toode\/elektriline-varviprits-ptsa600-scheppach\/","og_locale":"en_US","og_type":"article","og_title":"Elektriline v\u00e4rviprits PTSA600, Scheppach - Ranoja","og_description":"Scheppach Airless v\u00e4rvipihustuss\u00fcsteem PTSA600 sobib igat t\u00fc\u00fcpi v\u00e4rvimist\u00f6\u00f6deks ning tagab \u00fchtlase ja t\u00e4pse v\u00e4rvikihi nii sise- kui v\u00e4listingimustes. S\u00fcsteemiga saab optimaalselt kanda peale paksu v\u00e4rvi, lateksv\u00e4rve, lasuure, dispersioonseinav\u00e4rve ja veep\u00f5hiseid ilmastikukindlaid v\u00e4rve. 15 m pikkune voolik, v\u00f5imas 950 W mootor ning otse v\u00e4rvi\u00e4mbrist t\u00f6\u00f6tav imus\u00fcsteem v\u00f5imaldavad kiiret ja paindlikku t\u00f6\u00f6d suurtel pindadel. \u2022 Airless v\u00e4rvipihustuss\u00fcsteem \u00fchtlaseks v\u00e4rvikatteks siledatel ja struktureeritud pindadel sise- ja v\u00e4listingimustes \u2022 Sobib paksudele v\u00e4rvidele, lateksv\u00e4rvidele, lasuuridele, dispersioonseinav\u00e4rvidele ja veep\u00f5histele ilmastikukindlatele v\u00e4rvidele \u2022 Suur t\u00f6\u00f6raadius t\u00e4nu 15 m pihustusvoolikule \u2022 V\u00f5imas 950 W elektrimootor \u2022 Horisontaalselt ja vertikaalselt reguleeritav v\u00e4rvip\u00fcstol lukustusfunktsiooniga pikaks ja v\u00e4simusvabaks t\u00f6\u00f6ks \u2022 Kiire t\u00f6\u00f6tempo \u2013 kuni 420 m\u00b2\/h \u2022 Maksimaalne t\u00f6\u00f6r\u00f5hk 207 bar, sujuvalt reguleeritav r\u00f5huregulaatoriga \u2022 Praktiline raam integreeritud kandesangaga lihtsaks transportimiseks \u2022 Imemine otse v\u00e4rvi\u00e4mbrist t\u00e4nu filtriga imuvoolikule \u2022 L\u00e4bilaskev\u00f5ime max 2,0 l\/min s\u00f5ltuvalt v\u00e4rvist v\u00f5i vedelikust \u2022 Komplektis d\u00fc\u00fcs paksudele materjalidele (517), pihustuslaius 250\u2013310 mm \u2022 K\u00f5rgete seinte v\u00f5i p\u00f5randa pihustamiseks saadaval lisatarvikuna 40 cm d\u00fc\u00fcsipikendus","og_url":"https:\/\/ranoja.ee\/toode\/elektriline-varviprits-ptsa600-scheppach\/","og_site_name":"Ranoja","article_publisher":"https:\/\/www.facebook.com\/ranoja.ee","article_modified_time":"2026-03-17T12:33:40+00:00","og_image":[{"width":900,"height":654,"url":"https:\/\/ranoja.ee\/wp-content\/uploads\/2026\/03\/5638318727.jpg","type":"image\/jpeg"}],"twitter_card":"summary_large_image","schema":{"@context":"https:\/\/schema.org","@graph":[{"@type":"WebPage","@id":"https:\/\/ranoja.ee\/toode\/elektriline-varviprits-ptsa600-scheppach\/","url":"https:\/\/ranoja.ee\/toode\/elektriline-varviprits-ptsa600-scheppach\/","name":"Elektriline v\u00e4rviprits PTSA600, Scheppach - Ranoja","isPartOf":{"@id":"https:\/\/ranoja.ee\/#website"},"primaryImageOfPage":{"@id":"https:\/\/ranoja.ee\/toode\/elektriline-varviprits-ptsa600-scheppach\/#primaryimage"},"image":{"@id":"https:\/\/ranoja.ee\/toode\/elektriline-varviprits-ptsa600-scheppach\/#primaryimage"},"thumbnailUrl":"https:\/\/ranoja.ee\/wp-content\/uploads\/2026\/03\/5638318727.jpg","datePublished":"2026-03-16T23:44:04+00:00","dateModified":"2026-03-17T12:33:40+00:00","breadcrumb":{"@id":"https:\/\/ranoja.ee\/toode\/elektriline-varviprits-ptsa600-scheppach\/#breadcrumb"},"inLanguage":"en-US","potentialAction":[{"@type":"ReadAction","target":["https:\/\/ranoja.ee\/toode\/elektriline-varviprits-ptsa600-scheppach\/"]}]},{"@type":"ImageObject","inLanguage":"en-US","@id":"https:\/\/ranoja.ee\/toode\/elektriline-varviprits-ptsa600-scheppach\/#primaryimage","url":"https:\/\/ranoja.ee\/wp-content\/uploads\/2026\/03\/5638318727.jpg","contentUrl":"https:\/\/ranoja.ee\/wp-content\/uploads\/2026\/03\/5638318727.jpg","width":900,"height":654},{"@type":"BreadcrumbList","@id":"https:\/\/ranoja.ee\/toode\/elektriline-varviprits-ptsa600-scheppach\/#breadcrumb","itemListElement":[{"@type":"ListItem","position":1,"name":"Home","item":"https:\/\/ranoja.ee\/"},{"@type":"ListItem","position":2,"name":"Shop","item":"https:\/\/ranoja.ee\/en\/shop\/"},{"@type":"ListItem","position":3,"name":"Elektriline v\u00e4rviprits PTSA600, Scheppach"}]},{"@type":"WebSite","@id":"https:\/\/ranoja.ee\/#website","url":"https:\/\/ranoja.ee\/","name":"Ranoja","description":"Equipment Shop WooCommerce WordPress Theme for Machine &amp; Tools","publisher":{"@id":"https:\/\/ranoja.ee\/#organization"},"potentialAction":[{"@type":"SearchAction","target":{"@type":"EntryPoint","urlTemplate":"https:\/\/ranoja.ee\/?s={search_term_string}"},"query-input":{"@type":"PropertyValueSpecification","valueRequired":true,"valueName":"search_term_string"}}],"inLanguage":"en-US"},{"@type":"Organization","@id":"https:\/\/ranoja.ee\/#organization","name":"Ranoja O\u00dc","url":"https:\/\/ranoja.ee\/","logo":{"@type":"ImageObject","inLanguage":"en-US","@id":"https:\/\/ranoja.ee\/#\/schema\/logo\/image\/","url":"https:\/\/ranoja.ee\/wp-content\/uploads\/2023\/11\/ranoja-Logo.png","contentUrl":"https:\/\/ranoja.ee\/wp-content\/uploads\/2023\/11\/ranoja-Logo.png","width":207,"height":58,"caption":"Ranoja O\u00dc"},"image":{"@id":"https:\/\/ranoja.ee\/#\/schema\/logo\/image\/"},"sameAs":["https:\/\/www.facebook.com\/ranoja.ee","https:\/\/www.instagram.com\/ranoja__\/"]}]}},"_links":{"self":[{"href":"https:\/\/ranoja.ee\/en\/wp-json\/wp\/v2\/product\/62894","targetHints":{"allow":["GET"]}}],"collection":[{"href":"https:\/\/ranoja.ee\/en\/wp-json\/wp\/v2\/product"}],"about":[{"href":"https:\/\/ranoja.ee\/en\/wp-json\/wp\/v2\/types\/product"}],"wp:featuredmedia":[{"embeddable":true,"href":"https:\/\/ranoja.ee\/en\/wp-json\/wp\/v2\/media\/62895"}],"wp:attachment":[{"href":"https:\/\/ranoja.ee\/en\/wp-json\/wp\/v2\/media?parent=62894"}],"wp:term":[{"taxonomy":"product_cat","embeddable":true,"href":"https:\/\/ranoja.ee\/en\/wp-json\/wp\/v2\/product_cat?post=62894"},{"taxonomy":"product_tag","embeddable":true,"href":"https:\/\/ranoja.ee\/en\/wp-json\/wp\/v2\/product_tag?post=62894"}],"curies":[{"name":"wp","href":"https:\/\/api.w.org\/{rel}","templated":true}]}}