{"id":62890,"date":"2026-03-17T02:44:04","date_gmt":"2026-03-16T23:44:04","guid":{"rendered":"https:\/\/ranoja.ee\/toode\/muruniiduk-51-150-sm-hw-gudnord\/"},"modified":"2026-03-17T15:33:40","modified_gmt":"2026-03-17T12:33:40","slug":"muruniiduk-51-150-sm-hw-gudnord","status":"publish","type":"product","link":"https:\/\/ranoja.ee\/en\/toode\/muruniiduk-51-150-sm-hw-gudnord\/","title":{"rendered":"Muruniiduk 51-150 SM\/HW, Gudnord"},"content":{"rendered":"","protected":false},"excerpt":{"rendered":"<p>L\u00f5ikelaius 51cm.<br \/>\nMootor 150 cm\u00b3<br \/>\nV\u00f5imsus 2,6 kW @2800 p\/min<br \/>\nK\u00e4sistarter<br \/>\nL\u00f5ikek\u00f5rguse 25\u201375 mm<br \/>\nK\u00f5rguse reguleerimine: 5 asendit<br \/>\nTerasest niidukorpus<br \/>\nKuullaagritel rattad 177 mm ees ja 280 mm tagateljel<br \/>\nPehmendusega kokkuk\u00e4iv t\u00f5ukek\u00e4eepide<br \/>\n2in1- k\u00fclgv\u00e4ljapaise ja mult\u0161<br \/>\nKaal 24,4 kg<\/p>\n","protected":false},"featured_media":62891,"template":"","meta":{"inline_featured_image":false},"product_cat":[5085,1094,5233,1136],"product_tag":[],"class_list":{"0":"post-62890","1":"product","2":"type-product","3":"status-publish","4":"has-post-thumbnail","6":"product_brand-gudnord","7":"product_cat-aiatehnika-ja-tooriistad","8":"product_cat-akutooriistad","9":"product_cat-lukatavad-muruniidukid","10":"product_cat-muruniidukid","12":"first","13":"outofstock","14":"purchasable","15":"product-type-simple"},"yoast_head":"<!-- This site is optimized with the Yoast SEO plugin v27.4 - https:\/\/yoast.com\/product\/yoast-seo-wordpress\/ -->\n<title>Muruniiduk 51-150 SM\/HW, Gudnord - Ranoja<\/title>\n<meta name=\"robots\" content=\"index, follow, max-snippet:-1, max-image-preview:large, max-video-preview:-1\" \/>\n<link rel=\"canonical\" href=\"https:\/\/ranoja.ee\/toode\/muruniiduk-51-150-sm-hw-gudnord\/\" \/>\n<meta property=\"og:locale\" content=\"en_US\" \/>\n<meta property=\"og:type\" content=\"article\" \/>\n<meta property=\"og:title\" content=\"Muruniiduk 51-150 SM\/HW, Gudnord - Ranoja\" \/>\n<meta property=\"og:description\" content=\"L\u00f5ikelaius 51cm. Mootor 150 cm\u00b3 V\u00f5imsus 2,6 kW @2800 p\/min K\u00e4sistarter L\u00f5ikek\u00f5rguse 25\u201375 mm K\u00f5rguse reguleerimine: 5 asendit Terasest niidukorpus Kuullaagritel rattad 177 mm ees ja 280 mm tagateljel Pehmendusega kokkuk\u00e4iv t\u00f5ukek\u00e4eepide 2in1- k\u00fclgv\u00e4ljapaise ja mult\u0161 Kaal 24,4 kg\" \/>\n<meta property=\"og:url\" content=\"https:\/\/ranoja.ee\/toode\/muruniiduk-51-150-sm-hw-gudnord\/\" \/>\n<meta property=\"og:site_name\" content=\"Ranoja\" \/>\n<meta property=\"article:publisher\" content=\"https:\/\/www.facebook.com\/ranoja.ee\" \/>\n<meta property=\"article:modified_time\" content=\"2026-03-17T12:33:40+00:00\" \/>\n<meta property=\"og:image\" content=\"https:\/\/ranoja.ee\/wp-content\/uploads\/2026\/03\/5638274326.jpg\" \/>\n\t<meta property=\"og:image:width\" content=\"900\" \/>\n\t<meta property=\"og:image:height\" content=\"775\" \/>\n\t<meta property=\"og:image:type\" content=\"image\/jpeg\" \/>\n<meta name=\"twitter:card\" content=\"summary_large_image\" \/>\n<script type=\"application\/ld+json\" class=\"yoast-schema-graph\">{\"@context\":\"https:\\\/\\\/schema.org\",\"@graph\":[{\"@type\":\"WebPage\",\"@id\":\"https:\\\/\\\/ranoja.ee\\\/toode\\\/muruniiduk-51-150-sm-hw-gudnord\\\/\",\"url\":\"https:\\\/\\\/ranoja.ee\\\/toode\\\/muruniiduk-51-150-sm-hw-gudnord\\\/\",\"name\":\"Muruniiduk 51-150 SM\\\/HW, Gudnord - Ranoja\",\"isPartOf\":{\"@id\":\"https:\\\/\\\/ranoja.ee\\\/#website\"},\"primaryImageOfPage\":{\"@id\":\"https:\\\/\\\/ranoja.ee\\\/toode\\\/muruniiduk-51-150-sm-hw-gudnord\\\/#primaryimage\"},\"image\":{\"@id\":\"https:\\\/\\\/ranoja.ee\\\/toode\\\/muruniiduk-51-150-sm-hw-gudnord\\\/#primaryimage\"},\"thumbnailUrl\":\"https:\\\/\\\/ranoja.ee\\\/wp-content\\\/uploads\\\/2026\\\/03\\\/5638274326.jpg\",\"datePublished\":\"2026-03-16T23:44:04+00:00\",\"dateModified\":\"2026-03-17T12:33:40+00:00\",\"breadcrumb\":{\"@id\":\"https:\\\/\\\/ranoja.ee\\\/toode\\\/muruniiduk-51-150-sm-hw-gudnord\\\/#breadcrumb\"},\"inLanguage\":\"en-US\",\"potentialAction\":[{\"@type\":\"ReadAction\",\"target\":[\"https:\\\/\\\/ranoja.ee\\\/toode\\\/muruniiduk-51-150-sm-hw-gudnord\\\/\"]}]},{\"@type\":\"ImageObject\",\"inLanguage\":\"en-US\",\"@id\":\"https:\\\/\\\/ranoja.ee\\\/toode\\\/muruniiduk-51-150-sm-hw-gudnord\\\/#primaryimage\",\"url\":\"https:\\\/\\\/ranoja.ee\\\/wp-content\\\/uploads\\\/2026\\\/03\\\/5638274326.jpg\",\"contentUrl\":\"https:\\\/\\\/ranoja.ee\\\/wp-content\\\/uploads\\\/2026\\\/03\\\/5638274326.jpg\",\"width\":900,\"height\":775},{\"@type\":\"BreadcrumbList\",\"@id\":\"https:\\\/\\\/ranoja.ee\\\/toode\\\/muruniiduk-51-150-sm-hw-gudnord\\\/#breadcrumb\",\"itemListElement\":[{\"@type\":\"ListItem\",\"position\":1,\"name\":\"Home\",\"item\":\"https:\\\/\\\/ranoja.ee\\\/\"},{\"@type\":\"ListItem\",\"position\":2,\"name\":\"Shop\",\"item\":\"https:\\\/\\\/ranoja.ee\\\/en\\\/shop\\\/\"},{\"@type\":\"ListItem\",\"position\":3,\"name\":\"Muruniiduk 51-150 SM\\\/HW, Gudnord\"}]},{\"@type\":\"WebSite\",\"@id\":\"https:\\\/\\\/ranoja.ee\\\/#website\",\"url\":\"https:\\\/\\\/ranoja.ee\\\/\",\"name\":\"Ranoja\",\"description\":\"Equipment Shop WooCommerce WordPress Theme for Machine &amp; Tools\",\"publisher\":{\"@id\":\"https:\\\/\\\/ranoja.ee\\\/#organization\"},\"potentialAction\":[{\"@type\":\"SearchAction\",\"target\":{\"@type\":\"EntryPoint\",\"urlTemplate\":\"https:\\\/\\\/ranoja.ee\\\/?s={search_term_string}\"},\"query-input\":{\"@type\":\"PropertyValueSpecification\",\"valueRequired\":true,\"valueName\":\"search_term_string\"}}],\"inLanguage\":\"en-US\"},{\"@type\":\"Organization\",\"@id\":\"https:\\\/\\\/ranoja.ee\\\/#organization\",\"name\":\"Ranoja O\u00dc\",\"url\":\"https:\\\/\\\/ranoja.ee\\\/\",\"logo\":{\"@type\":\"ImageObject\",\"inLanguage\":\"en-US\",\"@id\":\"https:\\\/\\\/ranoja.ee\\\/#\\\/schema\\\/logo\\\/image\\\/\",\"url\":\"https:\\\/\\\/ranoja.ee\\\/wp-content\\\/uploads\\\/2023\\\/11\\\/ranoja-Logo.png\",\"contentUrl\":\"https:\\\/\\\/ranoja.ee\\\/wp-content\\\/uploads\\\/2023\\\/11\\\/ranoja-Logo.png\",\"width\":207,\"height\":58,\"caption\":\"Ranoja O\u00dc\"},\"image\":{\"@id\":\"https:\\\/\\\/ranoja.ee\\\/#\\\/schema\\\/logo\\\/image\\\/\"},\"sameAs\":[\"https:\\\/\\\/www.facebook.com\\\/ranoja.ee\",\"https:\\\/\\\/www.instagram.com\\\/ranoja__\\\/\"]}]}<\/script>\n<!-- \/ Yoast SEO plugin. -->","yoast_head_json":{"title":"Muruniiduk 51-150 SM\/HW, Gudnord - Ranoja","robots":{"index":"index","follow":"follow","max-snippet":"max-snippet:-1","max-image-preview":"max-image-preview:large","max-video-preview":"max-video-preview:-1"},"canonical":"https:\/\/ranoja.ee\/toode\/muruniiduk-51-150-sm-hw-gudnord\/","og_locale":"en_US","og_type":"article","og_title":"Muruniiduk 51-150 SM\/HW, Gudnord - Ranoja","og_description":"L\u00f5ikelaius 51cm. Mootor 150 cm\u00b3 V\u00f5imsus 2,6 kW @2800 p\/min K\u00e4sistarter L\u00f5ikek\u00f5rguse 25\u201375 mm K\u00f5rguse reguleerimine: 5 asendit Terasest niidukorpus Kuullaagritel rattad 177 mm ees ja 280 mm tagateljel Pehmendusega kokkuk\u00e4iv t\u00f5ukek\u00e4eepide 2in1- k\u00fclgv\u00e4ljapaise ja mult\u0161 Kaal 24,4 kg","og_url":"https:\/\/ranoja.ee\/toode\/muruniiduk-51-150-sm-hw-gudnord\/","og_site_name":"Ranoja","article_publisher":"https:\/\/www.facebook.com\/ranoja.ee","article_modified_time":"2026-03-17T12:33:40+00:00","og_image":[{"width":900,"height":775,"url":"https:\/\/ranoja.ee\/wp-content\/uploads\/2026\/03\/5638274326.jpg","type":"image\/jpeg"}],"twitter_card":"summary_large_image","schema":{"@context":"https:\/\/schema.org","@graph":[{"@type":"WebPage","@id":"https:\/\/ranoja.ee\/toode\/muruniiduk-51-150-sm-hw-gudnord\/","url":"https:\/\/ranoja.ee\/toode\/muruniiduk-51-150-sm-hw-gudnord\/","name":"Muruniiduk 51-150 SM\/HW, Gudnord - Ranoja","isPartOf":{"@id":"https:\/\/ranoja.ee\/#website"},"primaryImageOfPage":{"@id":"https:\/\/ranoja.ee\/toode\/muruniiduk-51-150-sm-hw-gudnord\/#primaryimage"},"image":{"@id":"https:\/\/ranoja.ee\/toode\/muruniiduk-51-150-sm-hw-gudnord\/#primaryimage"},"thumbnailUrl":"https:\/\/ranoja.ee\/wp-content\/uploads\/2026\/03\/5638274326.jpg","datePublished":"2026-03-16T23:44:04+00:00","dateModified":"2026-03-17T12:33:40+00:00","breadcrumb":{"@id":"https:\/\/ranoja.ee\/toode\/muruniiduk-51-150-sm-hw-gudnord\/#breadcrumb"},"inLanguage":"en-US","potentialAction":[{"@type":"ReadAction","target":["https:\/\/ranoja.ee\/toode\/muruniiduk-51-150-sm-hw-gudnord\/"]}]},{"@type":"ImageObject","inLanguage":"en-US","@id":"https:\/\/ranoja.ee\/toode\/muruniiduk-51-150-sm-hw-gudnord\/#primaryimage","url":"https:\/\/ranoja.ee\/wp-content\/uploads\/2026\/03\/5638274326.jpg","contentUrl":"https:\/\/ranoja.ee\/wp-content\/uploads\/2026\/03\/5638274326.jpg","width":900,"height":775},{"@type":"BreadcrumbList","@id":"https:\/\/ranoja.ee\/toode\/muruniiduk-51-150-sm-hw-gudnord\/#breadcrumb","itemListElement":[{"@type":"ListItem","position":1,"name":"Home","item":"https:\/\/ranoja.ee\/"},{"@type":"ListItem","position":2,"name":"Shop","item":"https:\/\/ranoja.ee\/en\/shop\/"},{"@type":"ListItem","position":3,"name":"Muruniiduk 51-150 SM\/HW, Gudnord"}]},{"@type":"WebSite","@id":"https:\/\/ranoja.ee\/#website","url":"https:\/\/ranoja.ee\/","name":"Ranoja","description":"Equipment Shop WooCommerce WordPress Theme for Machine &amp; Tools","publisher":{"@id":"https:\/\/ranoja.ee\/#organization"},"potentialAction":[{"@type":"SearchAction","target":{"@type":"EntryPoint","urlTemplate":"https:\/\/ranoja.ee\/?s={search_term_string}"},"query-input":{"@type":"PropertyValueSpecification","valueRequired":true,"valueName":"search_term_string"}}],"inLanguage":"en-US"},{"@type":"Organization","@id":"https:\/\/ranoja.ee\/#organization","name":"Ranoja O\u00dc","url":"https:\/\/ranoja.ee\/","logo":{"@type":"ImageObject","inLanguage":"en-US","@id":"https:\/\/ranoja.ee\/#\/schema\/logo\/image\/","url":"https:\/\/ranoja.ee\/wp-content\/uploads\/2023\/11\/ranoja-Logo.png","contentUrl":"https:\/\/ranoja.ee\/wp-content\/uploads\/2023\/11\/ranoja-Logo.png","width":207,"height":58,"caption":"Ranoja O\u00dc"},"image":{"@id":"https:\/\/ranoja.ee\/#\/schema\/logo\/image\/"},"sameAs":["https:\/\/www.facebook.com\/ranoja.ee","https:\/\/www.instagram.com\/ranoja__\/"]}]}},"_links":{"self":[{"href":"https:\/\/ranoja.ee\/en\/wp-json\/wp\/v2\/product\/62890","targetHints":{"allow":["GET"]}}],"collection":[{"href":"https:\/\/ranoja.ee\/en\/wp-json\/wp\/v2\/product"}],"about":[{"href":"https:\/\/ranoja.ee\/en\/wp-json\/wp\/v2\/types\/product"}],"wp:featuredmedia":[{"embeddable":true,"href":"https:\/\/ranoja.ee\/en\/wp-json\/wp\/v2\/media\/62891"}],"wp:attachment":[{"href":"https:\/\/ranoja.ee\/en\/wp-json\/wp\/v2\/media?parent=62890"}],"wp:term":[{"taxonomy":"product_cat","embeddable":true,"href":"https:\/\/ranoja.ee\/en\/wp-json\/wp\/v2\/product_cat?post=62890"},{"taxonomy":"product_tag","embeddable":true,"href":"https:\/\/ranoja.ee\/en\/wp-json\/wp\/v2\/product_tag?post=62890"}],"curies":[{"name":"wp","href":"https:\/\/api.w.org\/{rel}","templated":true}]}}