{"id":62880,"date":"2026-03-17T02:44:04","date_gmt":"2026-03-16T23:44:04","guid":{"rendered":"https:\/\/ranoja.ee\/toode\/momentvoti-ergotorqueprecision-3-4-150-750nm-ks-tools\/"},"modified":"2026-03-17T15:33:40","modified_gmt":"2026-03-17T12:33:40","slug":"momentvoti-ergotorqueprecision-3-4-150-750nm-ks-tools","status":"publish","type":"product","link":"https:\/\/ranoja.ee\/en\/toode\/momentvoti-ergotorqueprecision-3-4-150-750nm-ks-tools\/","title":{"rendered":"Momentv\u00f5ti ERGOTORQUEprecision 3\/4&#8243; 150-750Nm, KS Tools"},"content":{"rendered":"","protected":false},"excerpt":{"rendered":"<p>T\u00e4psus: \u00b13 % tolerants seadistatud skaalav\u00e4\u00e4rtusest.<br \/>\nT\u00e4pne ja kordust\u00e4pne v\u00e4hemalt 5000 koormusvahetusega.<br \/>\nKontrollitud parem- ja vasaksuunaliseks pingutamiseks.<br \/>\nRihveldatud p\u00f6\u00f6rdnupp \u00fcmberl\u00fclitusnelikandil k\u00e4sitsi eelpingutamiseks.<br \/>\nT\u00f6\u00f6suuna muutmine toimub ajaminelikandi l\u00e4biviimisega.<br \/>\nTopeltskaala (Nm ja lbfoft), jaotus t\u00e4pseks seadistamiseks.<br \/>\nKaasas peenjaotusega Nm mikromeeterskaala t\u00e4pseks seadistamiseks.<br \/>\nSuur vaateaken koos luubifunktsiooniga optimeerib loetavust.<br \/>\nKuuldav ja tuntav p\u00f6\u00f6rdemomendi rakendumine t\u00e4nu kiirrakendumisele.<br \/>\nTugeva 30-hambalise narremehhanismiga.<br \/>\nP\u00f6\u00f6rdemomendi seadistamine kiire ja turvaline k\u00e4epideme keeramise teel.<br \/>\nTurvaline lukustusv\u00f5imalus k\u00e4epidemel.<br \/>\nNupu abil rakendatav kiirvabastusfunktsioon narrepeas.<br \/>\nErgonoomiline ja k\u00e4es\u00f5bralik 2-komponentne k\u00e4epide koos pehme tsooniga.<br \/>\nNelikantajam vastavalt standardile DIN 3120 \/ ISO 1174, kuullukustusega.<br \/>\nIndividuaalne seerianumber toote selgeks identifitseerimiseks.<br \/>\nKaasas on kalibreerimise vastavusdeklaratsioon vastavalt standardile DIN EN ISO 6789:2017(E) &#8211; vastab riiklikele normidele.<\/p>\n","protected":false},"featured_media":62881,"template":"","meta":{"inline_featured_image":false},"product_cat":[5437,1596,1116,5263],"product_tag":[],"class_list":{"0":"post-62880","1":"product","2":"type-product","3":"status-publish","4":"has-post-thumbnail","6":"product_brand-ks-tools","7":"product_cat-3-4-momentvotmed","8":"product_cat-kasitooriistad","9":"product_cat-lisaseadmed-ehitusseadmed-led-lisatuled-cb-raadiod-lallar","10":"product_cat-momentvotmed","12":"first","13":"outofstock","14":"purchasable","15":"product-type-simple"},"yoast_head":"<!-- This site is optimized with the Yoast SEO plugin v27.4 - https:\/\/yoast.com\/product\/yoast-seo-wordpress\/ -->\n<title>Momentv\u00f5ti ERGOTORQUEprecision 3\/4&quot; 150-750Nm, KS Tools - Ranoja<\/title>\n<meta name=\"robots\" content=\"index, follow, max-snippet:-1, max-image-preview:large, max-video-preview:-1\" \/>\n<link rel=\"canonical\" href=\"https:\/\/ranoja.ee\/toode\/momentvoti-ergotorqueprecision-3-4-150-750nm-ks-tools\/\" \/>\n<meta property=\"og:locale\" content=\"en_US\" \/>\n<meta property=\"og:type\" content=\"article\" \/>\n<meta property=\"og:title\" content=\"Momentv\u00f5ti ERGOTORQUEprecision 3\/4&quot; 150-750Nm, KS Tools - Ranoja\" \/>\n<meta property=\"og:description\" content=\"T\u00e4psus: \u00b13 % tolerants seadistatud skaalav\u00e4\u00e4rtusest. T\u00e4pne ja kordust\u00e4pne v\u00e4hemalt 5000 koormusvahetusega. Kontrollitud parem- ja vasaksuunaliseks pingutamiseks. Rihveldatud p\u00f6\u00f6rdnupp \u00fcmberl\u00fclitusnelikandil k\u00e4sitsi eelpingutamiseks. T\u00f6\u00f6suuna muutmine toimub ajaminelikandi l\u00e4biviimisega. Topeltskaala (Nm ja lbfoft), jaotus t\u00e4pseks seadistamiseks. Kaasas peenjaotusega Nm mikromeeterskaala t\u00e4pseks seadistamiseks. Suur vaateaken koos luubifunktsiooniga optimeerib loetavust. Kuuldav ja tuntav p\u00f6\u00f6rdemomendi rakendumine t\u00e4nu kiirrakendumisele. Tugeva 30-hambalise narremehhanismiga. P\u00f6\u00f6rdemomendi seadistamine kiire ja turvaline k\u00e4epideme keeramise teel. Turvaline lukustusv\u00f5imalus k\u00e4epidemel. Nupu abil rakendatav kiirvabastusfunktsioon narrepeas. Ergonoomiline ja k\u00e4es\u00f5bralik 2-komponentne k\u00e4epide koos pehme tsooniga. Nelikantajam vastavalt standardile DIN 3120 \/ ISO 1174, kuullukustusega. Individuaalne seerianumber toote selgeks identifitseerimiseks. Kaasas on kalibreerimise vastavusdeklaratsioon vastavalt standardile DIN EN ISO 6789:2017(E) - vastab riiklikele normidele.\" \/>\n<meta property=\"og:url\" content=\"https:\/\/ranoja.ee\/toode\/momentvoti-ergotorqueprecision-3-4-150-750nm-ks-tools\/\" \/>\n<meta property=\"og:site_name\" content=\"Ranoja\" \/>\n<meta property=\"article:publisher\" content=\"https:\/\/www.facebook.com\/ranoja.ee\" \/>\n<meta property=\"article:modified_time\" content=\"2026-03-17T12:33:40+00:00\" \/>\n<meta property=\"og:image\" content=\"https:\/\/ranoja.ee\/wp-content\/uploads\/2026\/03\/226373703.jpg\" \/>\n\t<meta property=\"og:image:width\" content=\"768\" \/>\n\t<meta property=\"og:image:height\" content=\"768\" \/>\n\t<meta property=\"og:image:type\" content=\"image\/jpeg\" \/>\n<meta name=\"twitter:card\" content=\"summary_large_image\" \/>\n<script type=\"application\/ld+json\" class=\"yoast-schema-graph\">{\"@context\":\"https:\\\/\\\/schema.org\",\"@graph\":[{\"@type\":\"WebPage\",\"@id\":\"https:\\\/\\\/ranoja.ee\\\/toode\\\/momentvoti-ergotorqueprecision-3-4-150-750nm-ks-tools\\\/\",\"url\":\"https:\\\/\\\/ranoja.ee\\\/toode\\\/momentvoti-ergotorqueprecision-3-4-150-750nm-ks-tools\\\/\",\"name\":\"Momentv\u00f5ti ERGOTORQUEprecision 3\\\/4\\\" 150-750Nm, KS Tools - Ranoja\",\"isPartOf\":{\"@id\":\"https:\\\/\\\/ranoja.ee\\\/#website\"},\"primaryImageOfPage\":{\"@id\":\"https:\\\/\\\/ranoja.ee\\\/toode\\\/momentvoti-ergotorqueprecision-3-4-150-750nm-ks-tools\\\/#primaryimage\"},\"image\":{\"@id\":\"https:\\\/\\\/ranoja.ee\\\/toode\\\/momentvoti-ergotorqueprecision-3-4-150-750nm-ks-tools\\\/#primaryimage\"},\"thumbnailUrl\":\"https:\\\/\\\/ranoja.ee\\\/wp-content\\\/uploads\\\/2026\\\/03\\\/226373703.jpg\",\"datePublished\":\"2026-03-16T23:44:04+00:00\",\"dateModified\":\"2026-03-17T12:33:40+00:00\",\"breadcrumb\":{\"@id\":\"https:\\\/\\\/ranoja.ee\\\/toode\\\/momentvoti-ergotorqueprecision-3-4-150-750nm-ks-tools\\\/#breadcrumb\"},\"inLanguage\":\"en-US\",\"potentialAction\":[{\"@type\":\"ReadAction\",\"target\":[\"https:\\\/\\\/ranoja.ee\\\/toode\\\/momentvoti-ergotorqueprecision-3-4-150-750nm-ks-tools\\\/\"]}]},{\"@type\":\"ImageObject\",\"inLanguage\":\"en-US\",\"@id\":\"https:\\\/\\\/ranoja.ee\\\/toode\\\/momentvoti-ergotorqueprecision-3-4-150-750nm-ks-tools\\\/#primaryimage\",\"url\":\"https:\\\/\\\/ranoja.ee\\\/wp-content\\\/uploads\\\/2026\\\/03\\\/226373703.jpg\",\"contentUrl\":\"https:\\\/\\\/ranoja.ee\\\/wp-content\\\/uploads\\\/2026\\\/03\\\/226373703.jpg\",\"width\":768,\"height\":768},{\"@type\":\"BreadcrumbList\",\"@id\":\"https:\\\/\\\/ranoja.ee\\\/toode\\\/momentvoti-ergotorqueprecision-3-4-150-750nm-ks-tools\\\/#breadcrumb\",\"itemListElement\":[{\"@type\":\"ListItem\",\"position\":1,\"name\":\"Home\",\"item\":\"https:\\\/\\\/ranoja.ee\\\/\"},{\"@type\":\"ListItem\",\"position\":2,\"name\":\"Shop\",\"item\":\"https:\\\/\\\/ranoja.ee\\\/en\\\/shop\\\/\"},{\"@type\":\"ListItem\",\"position\":3,\"name\":\"Momentv\u00f5ti ERGOTORQUEprecision 3\\\/4&#8243; 150-750Nm, KS Tools\"}]},{\"@type\":\"WebSite\",\"@id\":\"https:\\\/\\\/ranoja.ee\\\/#website\",\"url\":\"https:\\\/\\\/ranoja.ee\\\/\",\"name\":\"Ranoja\",\"description\":\"Equipment Shop WooCommerce WordPress Theme for Machine &amp; Tools\",\"publisher\":{\"@id\":\"https:\\\/\\\/ranoja.ee\\\/#organization\"},\"potentialAction\":[{\"@type\":\"SearchAction\",\"target\":{\"@type\":\"EntryPoint\",\"urlTemplate\":\"https:\\\/\\\/ranoja.ee\\\/?s={search_term_string}\"},\"query-input\":{\"@type\":\"PropertyValueSpecification\",\"valueRequired\":true,\"valueName\":\"search_term_string\"}}],\"inLanguage\":\"en-US\"},{\"@type\":\"Organization\",\"@id\":\"https:\\\/\\\/ranoja.ee\\\/#organization\",\"name\":\"Ranoja O\u00dc\",\"url\":\"https:\\\/\\\/ranoja.ee\\\/\",\"logo\":{\"@type\":\"ImageObject\",\"inLanguage\":\"en-US\",\"@id\":\"https:\\\/\\\/ranoja.ee\\\/#\\\/schema\\\/logo\\\/image\\\/\",\"url\":\"https:\\\/\\\/ranoja.ee\\\/wp-content\\\/uploads\\\/2023\\\/11\\\/ranoja-Logo.png\",\"contentUrl\":\"https:\\\/\\\/ranoja.ee\\\/wp-content\\\/uploads\\\/2023\\\/11\\\/ranoja-Logo.png\",\"width\":207,\"height\":58,\"caption\":\"Ranoja O\u00dc\"},\"image\":{\"@id\":\"https:\\\/\\\/ranoja.ee\\\/#\\\/schema\\\/logo\\\/image\\\/\"},\"sameAs\":[\"https:\\\/\\\/www.facebook.com\\\/ranoja.ee\",\"https:\\\/\\\/www.instagram.com\\\/ranoja__\\\/\"]}]}<\/script>\n<!-- \/ Yoast SEO plugin. -->","yoast_head_json":{"title":"Momentv\u00f5ti ERGOTORQUEprecision 3\/4\" 150-750Nm, KS Tools - Ranoja","robots":{"index":"index","follow":"follow","max-snippet":"max-snippet:-1","max-image-preview":"max-image-preview:large","max-video-preview":"max-video-preview:-1"},"canonical":"https:\/\/ranoja.ee\/toode\/momentvoti-ergotorqueprecision-3-4-150-750nm-ks-tools\/","og_locale":"en_US","og_type":"article","og_title":"Momentv\u00f5ti ERGOTORQUEprecision 3\/4\" 150-750Nm, KS Tools - Ranoja","og_description":"T\u00e4psus: \u00b13 % tolerants seadistatud skaalav\u00e4\u00e4rtusest. T\u00e4pne ja kordust\u00e4pne v\u00e4hemalt 5000 koormusvahetusega. Kontrollitud parem- ja vasaksuunaliseks pingutamiseks. Rihveldatud p\u00f6\u00f6rdnupp \u00fcmberl\u00fclitusnelikandil k\u00e4sitsi eelpingutamiseks. T\u00f6\u00f6suuna muutmine toimub ajaminelikandi l\u00e4biviimisega. Topeltskaala (Nm ja lbfoft), jaotus t\u00e4pseks seadistamiseks. Kaasas peenjaotusega Nm mikromeeterskaala t\u00e4pseks seadistamiseks. Suur vaateaken koos luubifunktsiooniga optimeerib loetavust. Kuuldav ja tuntav p\u00f6\u00f6rdemomendi rakendumine t\u00e4nu kiirrakendumisele. Tugeva 30-hambalise narremehhanismiga. P\u00f6\u00f6rdemomendi seadistamine kiire ja turvaline k\u00e4epideme keeramise teel. Turvaline lukustusv\u00f5imalus k\u00e4epidemel. Nupu abil rakendatav kiirvabastusfunktsioon narrepeas. Ergonoomiline ja k\u00e4es\u00f5bralik 2-komponentne k\u00e4epide koos pehme tsooniga. Nelikantajam vastavalt standardile DIN 3120 \/ ISO 1174, kuullukustusega. Individuaalne seerianumber toote selgeks identifitseerimiseks. Kaasas on kalibreerimise vastavusdeklaratsioon vastavalt standardile DIN EN ISO 6789:2017(E) - vastab riiklikele normidele.","og_url":"https:\/\/ranoja.ee\/toode\/momentvoti-ergotorqueprecision-3-4-150-750nm-ks-tools\/","og_site_name":"Ranoja","article_publisher":"https:\/\/www.facebook.com\/ranoja.ee","article_modified_time":"2026-03-17T12:33:40+00:00","og_image":[{"width":768,"height":768,"url":"https:\/\/ranoja.ee\/wp-content\/uploads\/2026\/03\/226373703.jpg","type":"image\/jpeg"}],"twitter_card":"summary_large_image","schema":{"@context":"https:\/\/schema.org","@graph":[{"@type":"WebPage","@id":"https:\/\/ranoja.ee\/toode\/momentvoti-ergotorqueprecision-3-4-150-750nm-ks-tools\/","url":"https:\/\/ranoja.ee\/toode\/momentvoti-ergotorqueprecision-3-4-150-750nm-ks-tools\/","name":"Momentv\u00f5ti ERGOTORQUEprecision 3\/4\" 150-750Nm, KS Tools - Ranoja","isPartOf":{"@id":"https:\/\/ranoja.ee\/#website"},"primaryImageOfPage":{"@id":"https:\/\/ranoja.ee\/toode\/momentvoti-ergotorqueprecision-3-4-150-750nm-ks-tools\/#primaryimage"},"image":{"@id":"https:\/\/ranoja.ee\/toode\/momentvoti-ergotorqueprecision-3-4-150-750nm-ks-tools\/#primaryimage"},"thumbnailUrl":"https:\/\/ranoja.ee\/wp-content\/uploads\/2026\/03\/226373703.jpg","datePublished":"2026-03-16T23:44:04+00:00","dateModified":"2026-03-17T12:33:40+00:00","breadcrumb":{"@id":"https:\/\/ranoja.ee\/toode\/momentvoti-ergotorqueprecision-3-4-150-750nm-ks-tools\/#breadcrumb"},"inLanguage":"en-US","potentialAction":[{"@type":"ReadAction","target":["https:\/\/ranoja.ee\/toode\/momentvoti-ergotorqueprecision-3-4-150-750nm-ks-tools\/"]}]},{"@type":"ImageObject","inLanguage":"en-US","@id":"https:\/\/ranoja.ee\/toode\/momentvoti-ergotorqueprecision-3-4-150-750nm-ks-tools\/#primaryimage","url":"https:\/\/ranoja.ee\/wp-content\/uploads\/2026\/03\/226373703.jpg","contentUrl":"https:\/\/ranoja.ee\/wp-content\/uploads\/2026\/03\/226373703.jpg","width":768,"height":768},{"@type":"BreadcrumbList","@id":"https:\/\/ranoja.ee\/toode\/momentvoti-ergotorqueprecision-3-4-150-750nm-ks-tools\/#breadcrumb","itemListElement":[{"@type":"ListItem","position":1,"name":"Home","item":"https:\/\/ranoja.ee\/"},{"@type":"ListItem","position":2,"name":"Shop","item":"https:\/\/ranoja.ee\/en\/shop\/"},{"@type":"ListItem","position":3,"name":"Momentv\u00f5ti ERGOTORQUEprecision 3\/4&#8243; 150-750Nm, KS Tools"}]},{"@type":"WebSite","@id":"https:\/\/ranoja.ee\/#website","url":"https:\/\/ranoja.ee\/","name":"Ranoja","description":"Equipment Shop WooCommerce WordPress Theme for Machine &amp; Tools","publisher":{"@id":"https:\/\/ranoja.ee\/#organization"},"potentialAction":[{"@type":"SearchAction","target":{"@type":"EntryPoint","urlTemplate":"https:\/\/ranoja.ee\/?s={search_term_string}"},"query-input":{"@type":"PropertyValueSpecification","valueRequired":true,"valueName":"search_term_string"}}],"inLanguage":"en-US"},{"@type":"Organization","@id":"https:\/\/ranoja.ee\/#organization","name":"Ranoja O\u00dc","url":"https:\/\/ranoja.ee\/","logo":{"@type":"ImageObject","inLanguage":"en-US","@id":"https:\/\/ranoja.ee\/#\/schema\/logo\/image\/","url":"https:\/\/ranoja.ee\/wp-content\/uploads\/2023\/11\/ranoja-Logo.png","contentUrl":"https:\/\/ranoja.ee\/wp-content\/uploads\/2023\/11\/ranoja-Logo.png","width":207,"height":58,"caption":"Ranoja O\u00dc"},"image":{"@id":"https:\/\/ranoja.ee\/#\/schema\/logo\/image\/"},"sameAs":["https:\/\/www.facebook.com\/ranoja.ee","https:\/\/www.instagram.com\/ranoja__\/"]}]}},"_links":{"self":[{"href":"https:\/\/ranoja.ee\/en\/wp-json\/wp\/v2\/product\/62880","targetHints":{"allow":["GET"]}}],"collection":[{"href":"https:\/\/ranoja.ee\/en\/wp-json\/wp\/v2\/product"}],"about":[{"href":"https:\/\/ranoja.ee\/en\/wp-json\/wp\/v2\/types\/product"}],"wp:featuredmedia":[{"embeddable":true,"href":"https:\/\/ranoja.ee\/en\/wp-json\/wp\/v2\/media\/62881"}],"wp:attachment":[{"href":"https:\/\/ranoja.ee\/en\/wp-json\/wp\/v2\/media?parent=62880"}],"wp:term":[{"taxonomy":"product_cat","embeddable":true,"href":"https:\/\/ranoja.ee\/en\/wp-json\/wp\/v2\/product_cat?post=62880"},{"taxonomy":"product_tag","embeddable":true,"href":"https:\/\/ranoja.ee\/en\/wp-json\/wp\/v2\/product_tag?post=62880"}],"curies":[{"name":"wp","href":"https:\/\/api.w.org\/{rel}","templated":true}]}}