{"id":62862,"date":"2026-03-17T02:43:39","date_gmt":"2026-03-16T23:43:39","guid":{"rendered":"https:\/\/ranoja.ee\/toode\/akuga-segutrell-bc-pmx100-x-set-l-scheppach\/"},"modified":"2026-03-17T15:33:40","modified_gmt":"2026-03-17T12:33:40","slug":"akuga-segutrell-bc-pmx100-x-set-l-scheppach","status":"publish","type":"product","link":"https:\/\/ranoja.ee\/en\/toode\/akuga-segutrell-bc-pmx100-x-set-l-scheppach\/","title":{"rendered":"Akuga segutrell BC-PMX100-X-SET L, Scheppach"},"content":{"rendered":"","protected":false},"excerpt":{"rendered":"<p>Pinge: 20 V<br \/>\nSuurim p\u00f6\u00f6rlemiskiirus: 650 1\/min<br \/>\nVispli l\u00e4bim\u00f5\u00f5t: 100 mm<br \/>\nVispli pikkus: 790 mm<br \/>\nVispli kinnitus: M14<br \/>\nMootori t\u00fc\u00fcp: harjavaba<br \/>\nKomplektis: \u00fcks aku 4,0 Ah ja 2 A laadija<\/p>\n<p>\u2022 V\u00f5imas t\u00f6\u00f6riist v\u00e4rvide v\u00f5i laki, samuti liimi, m\u00f6rdi, betooni v\u00f5i krohvi segamiseks<br \/>\n\u2022 Hooldusvaba, eriti t\u00f5hus harjadeta mootor, millel on pikem t\u00f6\u00f6aeg ja kasutusiga ning madal kulumine<br \/>\n\u2022 Juhtmeta t\u00f6\u00f6 Scheppach IXES 20 V seeriaga \u2013 k\u00f5iki sellesse s\u00fcsteemiseeriasse kuuluvaid akusid ja laadijaid saab kombineerida selle v\u00e4rvi- ja m\u00f6rdisegajaga<br \/>\n\u2022 6- astmeline kiiruse reguleerimine, maksimaalse kiirusega 650 p\/min, et t\u00f6\u00f6 sobiks materjali ja kasutusalaga<br \/>\n\u2022 Visplivarre kiirkinnitus masina k\u00fclge v\u00f5imaldab tarviku vahetamist ilma t\u00f6\u00f6riistu kasutamata<br \/>\n\u2022 SVispli l\u00e4bim\u00f5\u00f5t 100 mm<br \/>\n\u2022 Pehme k\u00e4ivitus tagab t\u00f6\u00f6riista \u00f5rna ja sujuva k\u00e4ivitamise ja nii v\u00e4ldid pritsmete laialipritsimist<br \/>\n\u2022 Ergonoomiline, kompaktne disain pehme k\u00e4epidemega<\/p>\n","protected":false},"featured_media":62863,"template":"","meta":{"inline_featured_image":false},"product_cat":[5490,1094,5127],"product_tag":[],"class_list":{"0":"post-62862","1":"product","2":"type-product","3":"status-publish","4":"has-post-thumbnail","6":"product_brand-scheppach","7":"product_cat-akuga-segutrellid","8":"product_cat-akutooriistad","9":"product_cat-akutrellid-kruvikeerajad","11":"first","12":"outofstock","13":"purchasable","14":"product-type-simple"},"yoast_head":"<!-- This site is optimized with the Yoast SEO plugin v27.4 - https:\/\/yoast.com\/product\/yoast-seo-wordpress\/ -->\n<title>Akuga segutrell BC-PMX100-X-SET L, Scheppach - Ranoja<\/title>\n<meta name=\"robots\" content=\"index, follow, max-snippet:-1, max-image-preview:large, max-video-preview:-1\" \/>\n<link rel=\"canonical\" href=\"https:\/\/ranoja.ee\/toode\/akuga-segutrell-bc-pmx100-x-set-l-scheppach\/\" \/>\n<meta property=\"og:locale\" content=\"en_US\" \/>\n<meta property=\"og:type\" content=\"article\" \/>\n<meta property=\"og:title\" content=\"Akuga segutrell BC-PMX100-X-SET L, Scheppach - Ranoja\" \/>\n<meta property=\"og:description\" content=\"Pinge: 20 V Suurim p\u00f6\u00f6rlemiskiirus: 650 1\/min Vispli l\u00e4bim\u00f5\u00f5t: 100 mm Vispli pikkus: 790 mm Vispli kinnitus: M14 Mootori t\u00fc\u00fcp: harjavaba Komplektis: \u00fcks aku 4,0 Ah ja 2 A laadija \u2022 V\u00f5imas t\u00f6\u00f6riist v\u00e4rvide v\u00f5i laki, samuti liimi, m\u00f6rdi, betooni v\u00f5i krohvi segamiseks \u2022 Hooldusvaba, eriti t\u00f5hus harjadeta mootor, millel on pikem t\u00f6\u00f6aeg ja kasutusiga ning madal kulumine \u2022 Juhtmeta t\u00f6\u00f6 Scheppach IXES 20 V seeriaga \u2013 k\u00f5iki sellesse s\u00fcsteemiseeriasse kuuluvaid akusid ja laadijaid saab kombineerida selle v\u00e4rvi- ja m\u00f6rdisegajaga \u2022 6- astmeline kiiruse reguleerimine, maksimaalse kiirusega 650 p\/min, et t\u00f6\u00f6 sobiks materjali ja kasutusalaga \u2022 Visplivarre kiirkinnitus masina k\u00fclge v\u00f5imaldab tarviku vahetamist ilma t\u00f6\u00f6riistu kasutamata \u2022 SVispli l\u00e4bim\u00f5\u00f5t 100 mm \u2022 Pehme k\u00e4ivitus tagab t\u00f6\u00f6riista \u00f5rna ja sujuva k\u00e4ivitamise ja nii v\u00e4ldid pritsmete laialipritsimist \u2022 Ergonoomiline, kompaktne disain pehme k\u00e4epidemega\" \/>\n<meta property=\"og:url\" content=\"https:\/\/ranoja.ee\/toode\/akuga-segutrell-bc-pmx100-x-set-l-scheppach\/\" \/>\n<meta property=\"og:site_name\" content=\"Ranoja\" \/>\n<meta property=\"article:publisher\" content=\"https:\/\/www.facebook.com\/ranoja.ee\" \/>\n<meta property=\"article:modified_time\" content=\"2026-03-17T12:33:40+00:00\" \/>\n<meta property=\"og:image\" content=\"https:\/\/ranoja.ee\/wp-content\/uploads\/2026\/03\/5638468610.jpg\" \/>\n\t<meta property=\"og:image:width\" content=\"900\" \/>\n\t<meta property=\"og:image:height\" content=\"900\" \/>\n\t<meta property=\"og:image:type\" content=\"image\/jpeg\" \/>\n<meta name=\"twitter:card\" content=\"summary_large_image\" \/>\n<script type=\"application\/ld+json\" class=\"yoast-schema-graph\">{\"@context\":\"https:\\\/\\\/schema.org\",\"@graph\":[{\"@type\":\"WebPage\",\"@id\":\"https:\\\/\\\/ranoja.ee\\\/toode\\\/akuga-segutrell-bc-pmx100-x-set-l-scheppach\\\/\",\"url\":\"https:\\\/\\\/ranoja.ee\\\/toode\\\/akuga-segutrell-bc-pmx100-x-set-l-scheppach\\\/\",\"name\":\"Akuga segutrell BC-PMX100-X-SET L, Scheppach - Ranoja\",\"isPartOf\":{\"@id\":\"https:\\\/\\\/ranoja.ee\\\/#website\"},\"primaryImageOfPage\":{\"@id\":\"https:\\\/\\\/ranoja.ee\\\/toode\\\/akuga-segutrell-bc-pmx100-x-set-l-scheppach\\\/#primaryimage\"},\"image\":{\"@id\":\"https:\\\/\\\/ranoja.ee\\\/toode\\\/akuga-segutrell-bc-pmx100-x-set-l-scheppach\\\/#primaryimage\"},\"thumbnailUrl\":\"https:\\\/\\\/ranoja.ee\\\/wp-content\\\/uploads\\\/2026\\\/03\\\/5638468610.jpg\",\"datePublished\":\"2026-03-16T23:43:39+00:00\",\"dateModified\":\"2026-03-17T12:33:40+00:00\",\"breadcrumb\":{\"@id\":\"https:\\\/\\\/ranoja.ee\\\/toode\\\/akuga-segutrell-bc-pmx100-x-set-l-scheppach\\\/#breadcrumb\"},\"inLanguage\":\"en-US\",\"potentialAction\":[{\"@type\":\"ReadAction\",\"target\":[\"https:\\\/\\\/ranoja.ee\\\/toode\\\/akuga-segutrell-bc-pmx100-x-set-l-scheppach\\\/\"]}]},{\"@type\":\"ImageObject\",\"inLanguage\":\"en-US\",\"@id\":\"https:\\\/\\\/ranoja.ee\\\/toode\\\/akuga-segutrell-bc-pmx100-x-set-l-scheppach\\\/#primaryimage\",\"url\":\"https:\\\/\\\/ranoja.ee\\\/wp-content\\\/uploads\\\/2026\\\/03\\\/5638468610.jpg\",\"contentUrl\":\"https:\\\/\\\/ranoja.ee\\\/wp-content\\\/uploads\\\/2026\\\/03\\\/5638468610.jpg\",\"width\":900,\"height\":900},{\"@type\":\"BreadcrumbList\",\"@id\":\"https:\\\/\\\/ranoja.ee\\\/toode\\\/akuga-segutrell-bc-pmx100-x-set-l-scheppach\\\/#breadcrumb\",\"itemListElement\":[{\"@type\":\"ListItem\",\"position\":1,\"name\":\"Home\",\"item\":\"https:\\\/\\\/ranoja.ee\\\/\"},{\"@type\":\"ListItem\",\"position\":2,\"name\":\"Shop\",\"item\":\"https:\\\/\\\/ranoja.ee\\\/en\\\/shop\\\/\"},{\"@type\":\"ListItem\",\"position\":3,\"name\":\"Akuga segutrell BC-PMX100-X-SET L, Scheppach\"}]},{\"@type\":\"WebSite\",\"@id\":\"https:\\\/\\\/ranoja.ee\\\/#website\",\"url\":\"https:\\\/\\\/ranoja.ee\\\/\",\"name\":\"Ranoja\",\"description\":\"Equipment Shop WooCommerce WordPress Theme for Machine &amp; Tools\",\"publisher\":{\"@id\":\"https:\\\/\\\/ranoja.ee\\\/#organization\"},\"potentialAction\":[{\"@type\":\"SearchAction\",\"target\":{\"@type\":\"EntryPoint\",\"urlTemplate\":\"https:\\\/\\\/ranoja.ee\\\/?s={search_term_string}\"},\"query-input\":{\"@type\":\"PropertyValueSpecification\",\"valueRequired\":true,\"valueName\":\"search_term_string\"}}],\"inLanguage\":\"en-US\"},{\"@type\":\"Organization\",\"@id\":\"https:\\\/\\\/ranoja.ee\\\/#organization\",\"name\":\"Ranoja O\u00dc\",\"url\":\"https:\\\/\\\/ranoja.ee\\\/\",\"logo\":{\"@type\":\"ImageObject\",\"inLanguage\":\"en-US\",\"@id\":\"https:\\\/\\\/ranoja.ee\\\/#\\\/schema\\\/logo\\\/image\\\/\",\"url\":\"https:\\\/\\\/ranoja.ee\\\/wp-content\\\/uploads\\\/2023\\\/11\\\/ranoja-Logo.png\",\"contentUrl\":\"https:\\\/\\\/ranoja.ee\\\/wp-content\\\/uploads\\\/2023\\\/11\\\/ranoja-Logo.png\",\"width\":207,\"height\":58,\"caption\":\"Ranoja O\u00dc\"},\"image\":{\"@id\":\"https:\\\/\\\/ranoja.ee\\\/#\\\/schema\\\/logo\\\/image\\\/\"},\"sameAs\":[\"https:\\\/\\\/www.facebook.com\\\/ranoja.ee\",\"https:\\\/\\\/www.instagram.com\\\/ranoja__\\\/\"]}]}<\/script>\n<!-- \/ Yoast SEO plugin. -->","yoast_head_json":{"title":"Akuga segutrell BC-PMX100-X-SET L, Scheppach - Ranoja","robots":{"index":"index","follow":"follow","max-snippet":"max-snippet:-1","max-image-preview":"max-image-preview:large","max-video-preview":"max-video-preview:-1"},"canonical":"https:\/\/ranoja.ee\/toode\/akuga-segutrell-bc-pmx100-x-set-l-scheppach\/","og_locale":"en_US","og_type":"article","og_title":"Akuga segutrell BC-PMX100-X-SET L, Scheppach - Ranoja","og_description":"Pinge: 20 V Suurim p\u00f6\u00f6rlemiskiirus: 650 1\/min Vispli l\u00e4bim\u00f5\u00f5t: 100 mm Vispli pikkus: 790 mm Vispli kinnitus: M14 Mootori t\u00fc\u00fcp: harjavaba Komplektis: \u00fcks aku 4,0 Ah ja 2 A laadija \u2022 V\u00f5imas t\u00f6\u00f6riist v\u00e4rvide v\u00f5i laki, samuti liimi, m\u00f6rdi, betooni v\u00f5i krohvi segamiseks \u2022 Hooldusvaba, eriti t\u00f5hus harjadeta mootor, millel on pikem t\u00f6\u00f6aeg ja kasutusiga ning madal kulumine \u2022 Juhtmeta t\u00f6\u00f6 Scheppach IXES 20 V seeriaga \u2013 k\u00f5iki sellesse s\u00fcsteemiseeriasse kuuluvaid akusid ja laadijaid saab kombineerida selle v\u00e4rvi- ja m\u00f6rdisegajaga \u2022 6- astmeline kiiruse reguleerimine, maksimaalse kiirusega 650 p\/min, et t\u00f6\u00f6 sobiks materjali ja kasutusalaga \u2022 Visplivarre kiirkinnitus masina k\u00fclge v\u00f5imaldab tarviku vahetamist ilma t\u00f6\u00f6riistu kasutamata \u2022 SVispli l\u00e4bim\u00f5\u00f5t 100 mm \u2022 Pehme k\u00e4ivitus tagab t\u00f6\u00f6riista \u00f5rna ja sujuva k\u00e4ivitamise ja nii v\u00e4ldid pritsmete laialipritsimist \u2022 Ergonoomiline, kompaktne disain pehme k\u00e4epidemega","og_url":"https:\/\/ranoja.ee\/toode\/akuga-segutrell-bc-pmx100-x-set-l-scheppach\/","og_site_name":"Ranoja","article_publisher":"https:\/\/www.facebook.com\/ranoja.ee","article_modified_time":"2026-03-17T12:33:40+00:00","og_image":[{"width":900,"height":900,"url":"https:\/\/ranoja.ee\/wp-content\/uploads\/2026\/03\/5638468610.jpg","type":"image\/jpeg"}],"twitter_card":"summary_large_image","schema":{"@context":"https:\/\/schema.org","@graph":[{"@type":"WebPage","@id":"https:\/\/ranoja.ee\/toode\/akuga-segutrell-bc-pmx100-x-set-l-scheppach\/","url":"https:\/\/ranoja.ee\/toode\/akuga-segutrell-bc-pmx100-x-set-l-scheppach\/","name":"Akuga segutrell BC-PMX100-X-SET L, Scheppach - Ranoja","isPartOf":{"@id":"https:\/\/ranoja.ee\/#website"},"primaryImageOfPage":{"@id":"https:\/\/ranoja.ee\/toode\/akuga-segutrell-bc-pmx100-x-set-l-scheppach\/#primaryimage"},"image":{"@id":"https:\/\/ranoja.ee\/toode\/akuga-segutrell-bc-pmx100-x-set-l-scheppach\/#primaryimage"},"thumbnailUrl":"https:\/\/ranoja.ee\/wp-content\/uploads\/2026\/03\/5638468610.jpg","datePublished":"2026-03-16T23:43:39+00:00","dateModified":"2026-03-17T12:33:40+00:00","breadcrumb":{"@id":"https:\/\/ranoja.ee\/toode\/akuga-segutrell-bc-pmx100-x-set-l-scheppach\/#breadcrumb"},"inLanguage":"en-US","potentialAction":[{"@type":"ReadAction","target":["https:\/\/ranoja.ee\/toode\/akuga-segutrell-bc-pmx100-x-set-l-scheppach\/"]}]},{"@type":"ImageObject","inLanguage":"en-US","@id":"https:\/\/ranoja.ee\/toode\/akuga-segutrell-bc-pmx100-x-set-l-scheppach\/#primaryimage","url":"https:\/\/ranoja.ee\/wp-content\/uploads\/2026\/03\/5638468610.jpg","contentUrl":"https:\/\/ranoja.ee\/wp-content\/uploads\/2026\/03\/5638468610.jpg","width":900,"height":900},{"@type":"BreadcrumbList","@id":"https:\/\/ranoja.ee\/toode\/akuga-segutrell-bc-pmx100-x-set-l-scheppach\/#breadcrumb","itemListElement":[{"@type":"ListItem","position":1,"name":"Home","item":"https:\/\/ranoja.ee\/"},{"@type":"ListItem","position":2,"name":"Shop","item":"https:\/\/ranoja.ee\/en\/shop\/"},{"@type":"ListItem","position":3,"name":"Akuga segutrell BC-PMX100-X-SET L, Scheppach"}]},{"@type":"WebSite","@id":"https:\/\/ranoja.ee\/#website","url":"https:\/\/ranoja.ee\/","name":"Ranoja","description":"Equipment Shop WooCommerce WordPress Theme for Machine &amp; Tools","publisher":{"@id":"https:\/\/ranoja.ee\/#organization"},"potentialAction":[{"@type":"SearchAction","target":{"@type":"EntryPoint","urlTemplate":"https:\/\/ranoja.ee\/?s={search_term_string}"},"query-input":{"@type":"PropertyValueSpecification","valueRequired":true,"valueName":"search_term_string"}}],"inLanguage":"en-US"},{"@type":"Organization","@id":"https:\/\/ranoja.ee\/#organization","name":"Ranoja O\u00dc","url":"https:\/\/ranoja.ee\/","logo":{"@type":"ImageObject","inLanguage":"en-US","@id":"https:\/\/ranoja.ee\/#\/schema\/logo\/image\/","url":"https:\/\/ranoja.ee\/wp-content\/uploads\/2023\/11\/ranoja-Logo.png","contentUrl":"https:\/\/ranoja.ee\/wp-content\/uploads\/2023\/11\/ranoja-Logo.png","width":207,"height":58,"caption":"Ranoja O\u00dc"},"image":{"@id":"https:\/\/ranoja.ee\/#\/schema\/logo\/image\/"},"sameAs":["https:\/\/www.facebook.com\/ranoja.ee","https:\/\/www.instagram.com\/ranoja__\/"]}]}},"_links":{"self":[{"href":"https:\/\/ranoja.ee\/en\/wp-json\/wp\/v2\/product\/62862","targetHints":{"allow":["GET"]}}],"collection":[{"href":"https:\/\/ranoja.ee\/en\/wp-json\/wp\/v2\/product"}],"about":[{"href":"https:\/\/ranoja.ee\/en\/wp-json\/wp\/v2\/types\/product"}],"wp:featuredmedia":[{"embeddable":true,"href":"https:\/\/ranoja.ee\/en\/wp-json\/wp\/v2\/media\/62863"}],"wp:attachment":[{"href":"https:\/\/ranoja.ee\/en\/wp-json\/wp\/v2\/media?parent=62862"}],"wp:term":[{"taxonomy":"product_cat","embeddable":true,"href":"https:\/\/ranoja.ee\/en\/wp-json\/wp\/v2\/product_cat?post=62862"},{"taxonomy":"product_tag","embeddable":true,"href":"https:\/\/ranoja.ee\/en\/wp-json\/wp\/v2\/product_tag?post=62862"}],"curies":[{"name":"wp","href":"https:\/\/api.w.org\/{rel}","templated":true}]}}