{"id":62860,"date":"2026-03-17T02:43:39","date_gmt":"2026-03-16T23:43:39","guid":{"rendered":"https:\/\/ranoja.ee\/toode\/ultimatebeam-kasilamp-1100-luumenit-ks-tools\/"},"modified":"2026-03-17T15:33:40","modified_gmt":"2026-03-17T12:33:40","slug":"ultimatebeam-kasilamp-1100-luumenit-ks-tools","status":"publish","type":"product","link":"https:\/\/ranoja.ee\/en\/toode\/ultimatebeam-kasilamp-1100-luumenit-ks-tools\/","title":{"rendered":"UltimateBEAM k\u00e4silamp, 1100 luumenit, KS Tools"},"content":{"rendered":"","protected":false},"excerpt":{"rendered":"<p>Kirjeldus<br \/>\nsobib ideaalselt v\u00f5rguv\u00e4liseks t\u00f6\u00f6ks<br \/>\njuhtmevaba laadimine eQi tehnoloogia abil<br \/>\nkompaktne konstruktsioon<br \/>\npainutatav<br \/>\nsujuvalt h\u00e4mardatav peamine valgusallikas<br \/>\neriti v\u00f5imas COB Front LED<br \/>\nv\u00f5imas SMD Spot LED<br \/>\n2 valgustusre\u017eiimi: COB Front ja Spot LED<br \/>\n2 valgusvoo tugevust: 7 W COB eesmine LED 1100 luumenit ja 2 W SMD Spot LED 170 luumenit<br \/>\nValgusvihu v\u00e4rvus 6000 kelvinit t\u00f6\u00f6ala optimaalseks valgustamiseks<br \/>\nintegreeritud magnet laadimiseks ja kinnitamiseks<br \/>\nintegreeritud konksud riputamiseks<br \/>\n2-10 tundi valgustusaeg eesmine LED<br \/>\nSpot LED p\u00f5lemise kestus 7,25 tundi<br \/>\nlaadimisoleku kuvaga<br \/>\nvalikuline USB-C t\u00fc\u00fcpi laadimisport<br \/>\nv\u00f5imsa liitiumioonakuga<br \/>\nKorpus kvaliteetsest plastist<br \/>\npritsmekindlus vastavalt IP65<br \/>\neriti l\u00f6\u00f6gikindel &#8211; l\u00f6\u00f6gikindluse klass IK09<br \/>\nOmadused<br \/>\nKohtvalgusti max luumenit:\t170<br \/>\nK\u00f5rgus mm:\t37<br \/>\nLaius mm:\t55<br \/>\nLiitiumpatarei kaasas:\tJa<br \/>\nL\u00f6\u00f6gikindluse tase:\tIK09<br \/>\nNorm:\tIP65, IK09<br \/>\nN\u00f5utav patareide arv:\t1<br \/>\nPakendi k\u00f5rgus mm:\t265<br \/>\nPakendi laius mm:\t45<br \/>\nPakendi pikkus mm:\t63<br \/>\nPakendisisu:\t1<br \/>\nPatarei kaal [kg]:\t0.051<br \/>\nPatarei kaaluklass:\tKlass 05 (51 &#8211; 150 g)<br \/>\nPatarei kaasas:\tJa<br \/>\nPatarei koostis:\tLiitium (taaslaetav)<br \/>\nPatarei mahutavus:\t2600 mAh<br \/>\nPatarei taaslaetav:\tJa<br \/>\nPatarei t\u00fc\u00fcp:\t18650<br \/>\nPeamine valgusallikas max luumenit:\t110 &#8211; 1100<br \/>\nPeamised valgustid:\tCOB LED<br \/>\nPikkus mm:\t257<br \/>\nPinge (V):\t3,7<br \/>\nPritsmekindel:\tIP65<br \/>\nValgustugevus \u00fcmberl\u00fclitatav:\tJa<br \/>\nValgustusaeg kohtvalgusti max h:\t7,25<br \/>\nValgustusaeg max:\t10<br \/>\nValgustusaeg min:\t2<br \/>\nValgustusaeg peamine max h:\t2 &#8211; 10<br \/>\nValgusvihu v\u00e4rvus Kelvin:\t6000<br \/>\nValgusvoog max:\t1100<br \/>\nValgusvoog min:\t110<br \/>\nkaal g:\t390<br \/>\nkoos \u00fchendusjuhtme ja pistikuga:\tEi<br \/>\nmax laadimisaeg kaabliga (h):\t2.5<br \/>\nmax laadimisaeg laadimisalusega (h):\t4.5<br \/>\nsujuvalt h\u00e4mardatav:\tJa<\/p>\n","protected":false},"featured_media":62861,"template":"","meta":{"inline_featured_image":false},"product_cat":[5162,5372,5163],"product_tag":[],"class_list":{"0":"post-62860","1":"product","2":"type-product","3":"status-publish","4":"has-post-thumbnail","6":"product_brand-ks-tools","7":"product_cat-elektritarvikud-ja-valgustid","8":"product_cat-taskulambid","9":"product_cat-valgustid","11":"first","12":"outofstock","13":"purchasable","14":"product-type-simple"},"yoast_head":"<!-- This site is optimized with the Yoast SEO plugin v27.4 - https:\/\/yoast.com\/product\/yoast-seo-wordpress\/ -->\n<title>UltimateBEAM k\u00e4silamp, 1100 luumenit, KS Tools - Ranoja<\/title>\n<meta name=\"robots\" content=\"index, follow, max-snippet:-1, max-image-preview:large, max-video-preview:-1\" \/>\n<link rel=\"canonical\" href=\"https:\/\/ranoja.ee\/toode\/ultimatebeam-kasilamp-1100-luumenit-ks-tools\/\" \/>\n<meta property=\"og:locale\" content=\"en_US\" \/>\n<meta property=\"og:type\" content=\"article\" \/>\n<meta property=\"og:title\" content=\"UltimateBEAM k\u00e4silamp, 1100 luumenit, KS Tools - Ranoja\" \/>\n<meta property=\"og:description\" content=\"Kirjeldus sobib ideaalselt v\u00f5rguv\u00e4liseks t\u00f6\u00f6ks juhtmevaba laadimine eQi tehnoloogia abil kompaktne konstruktsioon painutatav sujuvalt h\u00e4mardatav peamine valgusallikas eriti v\u00f5imas COB Front LED v\u00f5imas SMD Spot LED 2 valgustusre\u017eiimi: COB Front ja Spot LED 2 valgusvoo tugevust: 7 W COB eesmine LED 1100 luumenit ja 2 W SMD Spot LED 170 luumenit Valgusvihu v\u00e4rvus 6000 kelvinit t\u00f6\u00f6ala optimaalseks valgustamiseks integreeritud magnet laadimiseks ja kinnitamiseks integreeritud konksud riputamiseks 2-10 tundi valgustusaeg eesmine LED Spot LED p\u00f5lemise kestus 7,25 tundi laadimisoleku kuvaga valikuline USB-C t\u00fc\u00fcpi laadimisport v\u00f5imsa liitiumioonakuga Korpus kvaliteetsest plastist pritsmekindlus vastavalt IP65 eriti l\u00f6\u00f6gikindel - l\u00f6\u00f6gikindluse klass IK09 Omadused Kohtvalgusti max luumenit: 170 K\u00f5rgus mm: 37 Laius mm: 55 Liitiumpatarei kaasas: Ja L\u00f6\u00f6gikindluse tase: IK09 Norm: IP65, IK09 N\u00f5utav patareide arv: 1 Pakendi k\u00f5rgus mm: 265 Pakendi laius mm: 45 Pakendi pikkus mm: 63 Pakendisisu: 1 Patarei kaal [kg]: 0.051 Patarei kaaluklass: Klass 05 (51 - 150 g) Patarei kaasas: Ja Patarei koostis: Liitium (taaslaetav) Patarei mahutavus: 2600 mAh Patarei taaslaetav: Ja Patarei t\u00fc\u00fcp: 18650 Peamine valgusallikas max luumenit: 110 - 1100 Peamised valgustid: COB LED Pikkus mm: 257 Pinge (V): 3,7 Pritsmekindel: IP65 Valgustugevus \u00fcmberl\u00fclitatav: Ja Valgustusaeg kohtvalgusti max h: 7,25 Valgustusaeg max: 10 Valgustusaeg min: 2 Valgustusaeg peamine max h: 2 - 10 Valgusvihu v\u00e4rvus Kelvin: 6000 Valgusvoog max: 1100 Valgusvoog min: 110 kaal g: 390 koos \u00fchendusjuhtme ja pistikuga: Ei max laadimisaeg kaabliga (h): 2.5 max laadimisaeg laadimisalusega (h): 4.5 sujuvalt h\u00e4mardatav: Ja\" \/>\n<meta property=\"og:url\" content=\"https:\/\/ranoja.ee\/toode\/ultimatebeam-kasilamp-1100-luumenit-ks-tools\/\" \/>\n<meta property=\"og:site_name\" content=\"Ranoja\" \/>\n<meta property=\"article:publisher\" content=\"https:\/\/www.facebook.com\/ranoja.ee\" \/>\n<meta property=\"article:modified_time\" content=\"2026-03-17T12:33:40+00:00\" \/>\n<meta property=\"og:image\" content=\"https:\/\/ranoja.ee\/wp-content\/uploads\/2026\/03\/5638432078.jpg\" \/>\n\t<meta property=\"og:image:width\" content=\"600\" \/>\n\t<meta property=\"og:image:height\" content=\"600\" \/>\n\t<meta property=\"og:image:type\" content=\"image\/jpeg\" \/>\n<meta name=\"twitter:card\" content=\"summary_large_image\" \/>\n<script type=\"application\/ld+json\" class=\"yoast-schema-graph\">{\"@context\":\"https:\\\/\\\/schema.org\",\"@graph\":[{\"@type\":\"WebPage\",\"@id\":\"https:\\\/\\\/ranoja.ee\\\/toode\\\/ultimatebeam-kasilamp-1100-luumenit-ks-tools\\\/\",\"url\":\"https:\\\/\\\/ranoja.ee\\\/toode\\\/ultimatebeam-kasilamp-1100-luumenit-ks-tools\\\/\",\"name\":\"UltimateBEAM k\u00e4silamp, 1100 luumenit, KS Tools - Ranoja\",\"isPartOf\":{\"@id\":\"https:\\\/\\\/ranoja.ee\\\/#website\"},\"primaryImageOfPage\":{\"@id\":\"https:\\\/\\\/ranoja.ee\\\/toode\\\/ultimatebeam-kasilamp-1100-luumenit-ks-tools\\\/#primaryimage\"},\"image\":{\"@id\":\"https:\\\/\\\/ranoja.ee\\\/toode\\\/ultimatebeam-kasilamp-1100-luumenit-ks-tools\\\/#primaryimage\"},\"thumbnailUrl\":\"https:\\\/\\\/ranoja.ee\\\/wp-content\\\/uploads\\\/2026\\\/03\\\/5638432078.jpg\",\"datePublished\":\"2026-03-16T23:43:39+00:00\",\"dateModified\":\"2026-03-17T12:33:40+00:00\",\"breadcrumb\":{\"@id\":\"https:\\\/\\\/ranoja.ee\\\/toode\\\/ultimatebeam-kasilamp-1100-luumenit-ks-tools\\\/#breadcrumb\"},\"inLanguage\":\"en-US\",\"potentialAction\":[{\"@type\":\"ReadAction\",\"target\":[\"https:\\\/\\\/ranoja.ee\\\/toode\\\/ultimatebeam-kasilamp-1100-luumenit-ks-tools\\\/\"]}]},{\"@type\":\"ImageObject\",\"inLanguage\":\"en-US\",\"@id\":\"https:\\\/\\\/ranoja.ee\\\/toode\\\/ultimatebeam-kasilamp-1100-luumenit-ks-tools\\\/#primaryimage\",\"url\":\"https:\\\/\\\/ranoja.ee\\\/wp-content\\\/uploads\\\/2026\\\/03\\\/5638432078.jpg\",\"contentUrl\":\"https:\\\/\\\/ranoja.ee\\\/wp-content\\\/uploads\\\/2026\\\/03\\\/5638432078.jpg\",\"width\":600,\"height\":600},{\"@type\":\"BreadcrumbList\",\"@id\":\"https:\\\/\\\/ranoja.ee\\\/toode\\\/ultimatebeam-kasilamp-1100-luumenit-ks-tools\\\/#breadcrumb\",\"itemListElement\":[{\"@type\":\"ListItem\",\"position\":1,\"name\":\"Home\",\"item\":\"https:\\\/\\\/ranoja.ee\\\/\"},{\"@type\":\"ListItem\",\"position\":2,\"name\":\"Shop\",\"item\":\"https:\\\/\\\/ranoja.ee\\\/en\\\/shop\\\/\"},{\"@type\":\"ListItem\",\"position\":3,\"name\":\"UltimateBEAM k\u00e4silamp, 1100 luumenit, KS Tools\"}]},{\"@type\":\"WebSite\",\"@id\":\"https:\\\/\\\/ranoja.ee\\\/#website\",\"url\":\"https:\\\/\\\/ranoja.ee\\\/\",\"name\":\"Ranoja\",\"description\":\"Equipment Shop WooCommerce WordPress Theme for Machine &amp; Tools\",\"publisher\":{\"@id\":\"https:\\\/\\\/ranoja.ee\\\/#organization\"},\"potentialAction\":[{\"@type\":\"SearchAction\",\"target\":{\"@type\":\"EntryPoint\",\"urlTemplate\":\"https:\\\/\\\/ranoja.ee\\\/?s={search_term_string}\"},\"query-input\":{\"@type\":\"PropertyValueSpecification\",\"valueRequired\":true,\"valueName\":\"search_term_string\"}}],\"inLanguage\":\"en-US\"},{\"@type\":\"Organization\",\"@id\":\"https:\\\/\\\/ranoja.ee\\\/#organization\",\"name\":\"Ranoja O\u00dc\",\"url\":\"https:\\\/\\\/ranoja.ee\\\/\",\"logo\":{\"@type\":\"ImageObject\",\"inLanguage\":\"en-US\",\"@id\":\"https:\\\/\\\/ranoja.ee\\\/#\\\/schema\\\/logo\\\/image\\\/\",\"url\":\"https:\\\/\\\/ranoja.ee\\\/wp-content\\\/uploads\\\/2023\\\/11\\\/ranoja-Logo.png\",\"contentUrl\":\"https:\\\/\\\/ranoja.ee\\\/wp-content\\\/uploads\\\/2023\\\/11\\\/ranoja-Logo.png\",\"width\":207,\"height\":58,\"caption\":\"Ranoja O\u00dc\"},\"image\":{\"@id\":\"https:\\\/\\\/ranoja.ee\\\/#\\\/schema\\\/logo\\\/image\\\/\"},\"sameAs\":[\"https:\\\/\\\/www.facebook.com\\\/ranoja.ee\",\"https:\\\/\\\/www.instagram.com\\\/ranoja__\\\/\"]}]}<\/script>\n<!-- \/ Yoast SEO plugin. -->","yoast_head_json":{"title":"UltimateBEAM k\u00e4silamp, 1100 luumenit, KS Tools - Ranoja","robots":{"index":"index","follow":"follow","max-snippet":"max-snippet:-1","max-image-preview":"max-image-preview:large","max-video-preview":"max-video-preview:-1"},"canonical":"https:\/\/ranoja.ee\/toode\/ultimatebeam-kasilamp-1100-luumenit-ks-tools\/","og_locale":"en_US","og_type":"article","og_title":"UltimateBEAM k\u00e4silamp, 1100 luumenit, KS Tools - Ranoja","og_description":"Kirjeldus sobib ideaalselt v\u00f5rguv\u00e4liseks t\u00f6\u00f6ks juhtmevaba laadimine eQi tehnoloogia abil kompaktne konstruktsioon painutatav sujuvalt h\u00e4mardatav peamine valgusallikas eriti v\u00f5imas COB Front LED v\u00f5imas SMD Spot LED 2 valgustusre\u017eiimi: COB Front ja Spot LED 2 valgusvoo tugevust: 7 W COB eesmine LED 1100 luumenit ja 2 W SMD Spot LED 170 luumenit Valgusvihu v\u00e4rvus 6000 kelvinit t\u00f6\u00f6ala optimaalseks valgustamiseks integreeritud magnet laadimiseks ja kinnitamiseks integreeritud konksud riputamiseks 2-10 tundi valgustusaeg eesmine LED Spot LED p\u00f5lemise kestus 7,25 tundi laadimisoleku kuvaga valikuline USB-C t\u00fc\u00fcpi laadimisport v\u00f5imsa liitiumioonakuga Korpus kvaliteetsest plastist pritsmekindlus vastavalt IP65 eriti l\u00f6\u00f6gikindel - l\u00f6\u00f6gikindluse klass IK09 Omadused Kohtvalgusti max luumenit: 170 K\u00f5rgus mm: 37 Laius mm: 55 Liitiumpatarei kaasas: Ja L\u00f6\u00f6gikindluse tase: IK09 Norm: IP65, IK09 N\u00f5utav patareide arv: 1 Pakendi k\u00f5rgus mm: 265 Pakendi laius mm: 45 Pakendi pikkus mm: 63 Pakendisisu: 1 Patarei kaal [kg]: 0.051 Patarei kaaluklass: Klass 05 (51 - 150 g) Patarei kaasas: Ja Patarei koostis: Liitium (taaslaetav) Patarei mahutavus: 2600 mAh Patarei taaslaetav: Ja Patarei t\u00fc\u00fcp: 18650 Peamine valgusallikas max luumenit: 110 - 1100 Peamised valgustid: COB LED Pikkus mm: 257 Pinge (V): 3,7 Pritsmekindel: IP65 Valgustugevus \u00fcmberl\u00fclitatav: Ja Valgustusaeg kohtvalgusti max h: 7,25 Valgustusaeg max: 10 Valgustusaeg min: 2 Valgustusaeg peamine max h: 2 - 10 Valgusvihu v\u00e4rvus Kelvin: 6000 Valgusvoog max: 1100 Valgusvoog min: 110 kaal g: 390 koos \u00fchendusjuhtme ja pistikuga: Ei max laadimisaeg kaabliga (h): 2.5 max laadimisaeg laadimisalusega (h): 4.5 sujuvalt h\u00e4mardatav: Ja","og_url":"https:\/\/ranoja.ee\/toode\/ultimatebeam-kasilamp-1100-luumenit-ks-tools\/","og_site_name":"Ranoja","article_publisher":"https:\/\/www.facebook.com\/ranoja.ee","article_modified_time":"2026-03-17T12:33:40+00:00","og_image":[{"width":600,"height":600,"url":"https:\/\/ranoja.ee\/wp-content\/uploads\/2026\/03\/5638432078.jpg","type":"image\/jpeg"}],"twitter_card":"summary_large_image","schema":{"@context":"https:\/\/schema.org","@graph":[{"@type":"WebPage","@id":"https:\/\/ranoja.ee\/toode\/ultimatebeam-kasilamp-1100-luumenit-ks-tools\/","url":"https:\/\/ranoja.ee\/toode\/ultimatebeam-kasilamp-1100-luumenit-ks-tools\/","name":"UltimateBEAM k\u00e4silamp, 1100 luumenit, KS Tools - Ranoja","isPartOf":{"@id":"https:\/\/ranoja.ee\/#website"},"primaryImageOfPage":{"@id":"https:\/\/ranoja.ee\/toode\/ultimatebeam-kasilamp-1100-luumenit-ks-tools\/#primaryimage"},"image":{"@id":"https:\/\/ranoja.ee\/toode\/ultimatebeam-kasilamp-1100-luumenit-ks-tools\/#primaryimage"},"thumbnailUrl":"https:\/\/ranoja.ee\/wp-content\/uploads\/2026\/03\/5638432078.jpg","datePublished":"2026-03-16T23:43:39+00:00","dateModified":"2026-03-17T12:33:40+00:00","breadcrumb":{"@id":"https:\/\/ranoja.ee\/toode\/ultimatebeam-kasilamp-1100-luumenit-ks-tools\/#breadcrumb"},"inLanguage":"en-US","potentialAction":[{"@type":"ReadAction","target":["https:\/\/ranoja.ee\/toode\/ultimatebeam-kasilamp-1100-luumenit-ks-tools\/"]}]},{"@type":"ImageObject","inLanguage":"en-US","@id":"https:\/\/ranoja.ee\/toode\/ultimatebeam-kasilamp-1100-luumenit-ks-tools\/#primaryimage","url":"https:\/\/ranoja.ee\/wp-content\/uploads\/2026\/03\/5638432078.jpg","contentUrl":"https:\/\/ranoja.ee\/wp-content\/uploads\/2026\/03\/5638432078.jpg","width":600,"height":600},{"@type":"BreadcrumbList","@id":"https:\/\/ranoja.ee\/toode\/ultimatebeam-kasilamp-1100-luumenit-ks-tools\/#breadcrumb","itemListElement":[{"@type":"ListItem","position":1,"name":"Home","item":"https:\/\/ranoja.ee\/"},{"@type":"ListItem","position":2,"name":"Shop","item":"https:\/\/ranoja.ee\/en\/shop\/"},{"@type":"ListItem","position":3,"name":"UltimateBEAM k\u00e4silamp, 1100 luumenit, KS Tools"}]},{"@type":"WebSite","@id":"https:\/\/ranoja.ee\/#website","url":"https:\/\/ranoja.ee\/","name":"Ranoja","description":"Equipment Shop WooCommerce WordPress Theme for Machine &amp; Tools","publisher":{"@id":"https:\/\/ranoja.ee\/#organization"},"potentialAction":[{"@type":"SearchAction","target":{"@type":"EntryPoint","urlTemplate":"https:\/\/ranoja.ee\/?s={search_term_string}"},"query-input":{"@type":"PropertyValueSpecification","valueRequired":true,"valueName":"search_term_string"}}],"inLanguage":"en-US"},{"@type":"Organization","@id":"https:\/\/ranoja.ee\/#organization","name":"Ranoja O\u00dc","url":"https:\/\/ranoja.ee\/","logo":{"@type":"ImageObject","inLanguage":"en-US","@id":"https:\/\/ranoja.ee\/#\/schema\/logo\/image\/","url":"https:\/\/ranoja.ee\/wp-content\/uploads\/2023\/11\/ranoja-Logo.png","contentUrl":"https:\/\/ranoja.ee\/wp-content\/uploads\/2023\/11\/ranoja-Logo.png","width":207,"height":58,"caption":"Ranoja O\u00dc"},"image":{"@id":"https:\/\/ranoja.ee\/#\/schema\/logo\/image\/"},"sameAs":["https:\/\/www.facebook.com\/ranoja.ee","https:\/\/www.instagram.com\/ranoja__\/"]}]}},"_links":{"self":[{"href":"https:\/\/ranoja.ee\/en\/wp-json\/wp\/v2\/product\/62860","targetHints":{"allow":["GET"]}}],"collection":[{"href":"https:\/\/ranoja.ee\/en\/wp-json\/wp\/v2\/product"}],"about":[{"href":"https:\/\/ranoja.ee\/en\/wp-json\/wp\/v2\/types\/product"}],"wp:featuredmedia":[{"embeddable":true,"href":"https:\/\/ranoja.ee\/en\/wp-json\/wp\/v2\/media\/62861"}],"wp:attachment":[{"href":"https:\/\/ranoja.ee\/en\/wp-json\/wp\/v2\/media?parent=62860"}],"wp:term":[{"taxonomy":"product_cat","embeddable":true,"href":"https:\/\/ranoja.ee\/en\/wp-json\/wp\/v2\/product_cat?post=62860"},{"taxonomy":"product_tag","embeddable":true,"href":"https:\/\/ranoja.ee\/en\/wp-json\/wp\/v2\/product_tag?post=62860"}],"curies":[{"name":"wp","href":"https:\/\/api.w.org\/{rel}","templated":true}]}}