{"id":62858,"date":"2026-03-17T02:43:39","date_gmt":"2026-03-16T23:43:39","guid":{"rendered":"https:\/\/ranoja.ee\/toode\/aluspukk-terasest-kiirseadistatav-6000-kg-2-pcs-ks-tools\/"},"modified":"2026-03-17T15:33:40","modified_gmt":"2026-03-17T12:33:40","slug":"aluspukk-terasest-kiirseadistatav-6000-kg-2-pcs-ks-tools","status":"publish","type":"product","link":"https:\/\/ranoja.ee\/en\/toode\/aluspukk-terasest-kiirseadistatav-6000-kg-2-pcs-ks-tools\/","title":{"rendered":"Aluspukk terasest, kiirseadistatav 6000 KG 2 pcs, KS Tools"},"content":{"rendered":"","protected":false},"excerpt":{"rendered":"<p>Kirjeldus<br \/>\n4 jalaga aluspukk<br \/>\neriti vastupidav teras-aluspukk<br \/>\nsuurtele s\u00f5idukimassidele<br \/>\nsuur stabiilsus<br \/>\nvaluterasesest kandevarras<br \/>\nspindlid on v\u00e4ljakukkumise eest kaitstud turvaketiga<br \/>\ntarnitakse paarikaupa<br \/>\nsobib eriti h\u00e4sti koos tungraudadega koorma kindlustamiseks ja toetamiseks<br \/>\nsobib ideaalselt igap\u00e4evaseks kasutamiseks t\u00f6\u00f6kojas<br \/>\nmassiivne teraskonstruktsioon<br \/>\nOmadused<br \/>\nKandej\u00f5ud kg:\t6000<br \/>\nK\u00f5rgus max mm:\t610<br \/>\nK\u00f5rgus min mm:\t390<br \/>\nK\u00f5rgus mm:\t390<br \/>\nLaius mm:\t250<br \/>\nMaterjal1:\tteras<br \/>\nPakendi k\u00f5rgus mm:\t480<br \/>\nPakendi laius mm:\t265<br \/>\nPakendi pikkus mm:\t300<br \/>\nPakendisisu:\t2<br \/>\nPikkus mm:\t285<br \/>\nfunktsiooniatribuudid 1:\tpaarikaupa<br \/>\nkaal g:\t13800<br \/>\nmax koormus t:\t6,0<\/p>\n","protected":false},"featured_media":62859,"template":"","meta":{"inline_featured_image":false},"product_cat":[5272,1596,1116,5273],"product_tag":[],"class_list":{"0":"post-62858","1":"product","2":"type-product","3":"status-publish","4":"has-post-thumbnail","6":"product_brand-ks-tools","7":"product_cat-hoolduse-spetstooriistad","8":"product_cat-kasitooriistad","9":"product_cat-lisaseadmed-ehitusseadmed-led-lisatuled-cb-raadiod-lallar","10":"product_cat-tooriistad-muu","12":"first","13":"outofstock","14":"purchasable","15":"product-type-simple"},"yoast_head":"<!-- This site is optimized with the Yoast SEO plugin v27.4 - https:\/\/yoast.com\/product\/yoast-seo-wordpress\/ -->\n<title>Aluspukk terasest, kiirseadistatav 6000 KG 2 pcs, KS Tools - Ranoja<\/title>\n<meta name=\"robots\" content=\"index, follow, max-snippet:-1, max-image-preview:large, max-video-preview:-1\" \/>\n<link rel=\"canonical\" href=\"https:\/\/ranoja.ee\/toode\/aluspukk-terasest-kiirseadistatav-6000-kg-2-pcs-ks-tools\/\" \/>\n<meta property=\"og:locale\" content=\"en_US\" \/>\n<meta property=\"og:type\" content=\"article\" \/>\n<meta property=\"og:title\" content=\"Aluspukk terasest, kiirseadistatav 6000 KG 2 pcs, KS Tools - Ranoja\" \/>\n<meta property=\"og:description\" content=\"Kirjeldus 4 jalaga aluspukk eriti vastupidav teras-aluspukk suurtele s\u00f5idukimassidele suur stabiilsus valuterasesest kandevarras spindlid on v\u00e4ljakukkumise eest kaitstud turvaketiga tarnitakse paarikaupa sobib eriti h\u00e4sti koos tungraudadega koorma kindlustamiseks ja toetamiseks sobib ideaalselt igap\u00e4evaseks kasutamiseks t\u00f6\u00f6kojas massiivne teraskonstruktsioon Omadused Kandej\u00f5ud kg: 6000 K\u00f5rgus max mm: 610 K\u00f5rgus min mm: 390 K\u00f5rgus mm: 390 Laius mm: 250 Materjal1: teras Pakendi k\u00f5rgus mm: 480 Pakendi laius mm: 265 Pakendi pikkus mm: 300 Pakendisisu: 2 Pikkus mm: 285 funktsiooniatribuudid 1: paarikaupa kaal g: 13800 max koormus t: 6,0\" \/>\n<meta property=\"og:url\" content=\"https:\/\/ranoja.ee\/toode\/aluspukk-terasest-kiirseadistatav-6000-kg-2-pcs-ks-tools\/\" \/>\n<meta property=\"og:site_name\" content=\"Ranoja\" \/>\n<meta property=\"article:publisher\" content=\"https:\/\/www.facebook.com\/ranoja.ee\" \/>\n<meta property=\"article:modified_time\" content=\"2026-03-17T12:33:40+00:00\" \/>\n<meta property=\"og:image\" content=\"https:\/\/ranoja.ee\/wp-content\/uploads\/2026\/03\/5638139242.jpg\" \/>\n\t<meta property=\"og:image:width\" content=\"600\" \/>\n\t<meta property=\"og:image:height\" content=\"600\" \/>\n\t<meta property=\"og:image:type\" content=\"image\/jpeg\" \/>\n<meta name=\"twitter:card\" content=\"summary_large_image\" \/>\n<script type=\"application\/ld+json\" class=\"yoast-schema-graph\">{\"@context\":\"https:\\\/\\\/schema.org\",\"@graph\":[{\"@type\":\"WebPage\",\"@id\":\"https:\\\/\\\/ranoja.ee\\\/toode\\\/aluspukk-terasest-kiirseadistatav-6000-kg-2-pcs-ks-tools\\\/\",\"url\":\"https:\\\/\\\/ranoja.ee\\\/toode\\\/aluspukk-terasest-kiirseadistatav-6000-kg-2-pcs-ks-tools\\\/\",\"name\":\"Aluspukk terasest, kiirseadistatav 6000 KG 2 pcs, KS Tools - Ranoja\",\"isPartOf\":{\"@id\":\"https:\\\/\\\/ranoja.ee\\\/#website\"},\"primaryImageOfPage\":{\"@id\":\"https:\\\/\\\/ranoja.ee\\\/toode\\\/aluspukk-terasest-kiirseadistatav-6000-kg-2-pcs-ks-tools\\\/#primaryimage\"},\"image\":{\"@id\":\"https:\\\/\\\/ranoja.ee\\\/toode\\\/aluspukk-terasest-kiirseadistatav-6000-kg-2-pcs-ks-tools\\\/#primaryimage\"},\"thumbnailUrl\":\"https:\\\/\\\/ranoja.ee\\\/wp-content\\\/uploads\\\/2026\\\/03\\\/5638139242.jpg\",\"datePublished\":\"2026-03-16T23:43:39+00:00\",\"dateModified\":\"2026-03-17T12:33:40+00:00\",\"breadcrumb\":{\"@id\":\"https:\\\/\\\/ranoja.ee\\\/toode\\\/aluspukk-terasest-kiirseadistatav-6000-kg-2-pcs-ks-tools\\\/#breadcrumb\"},\"inLanguage\":\"en-US\",\"potentialAction\":[{\"@type\":\"ReadAction\",\"target\":[\"https:\\\/\\\/ranoja.ee\\\/toode\\\/aluspukk-terasest-kiirseadistatav-6000-kg-2-pcs-ks-tools\\\/\"]}]},{\"@type\":\"ImageObject\",\"inLanguage\":\"en-US\",\"@id\":\"https:\\\/\\\/ranoja.ee\\\/toode\\\/aluspukk-terasest-kiirseadistatav-6000-kg-2-pcs-ks-tools\\\/#primaryimage\",\"url\":\"https:\\\/\\\/ranoja.ee\\\/wp-content\\\/uploads\\\/2026\\\/03\\\/5638139242.jpg\",\"contentUrl\":\"https:\\\/\\\/ranoja.ee\\\/wp-content\\\/uploads\\\/2026\\\/03\\\/5638139242.jpg\",\"width\":600,\"height\":600},{\"@type\":\"BreadcrumbList\",\"@id\":\"https:\\\/\\\/ranoja.ee\\\/toode\\\/aluspukk-terasest-kiirseadistatav-6000-kg-2-pcs-ks-tools\\\/#breadcrumb\",\"itemListElement\":[{\"@type\":\"ListItem\",\"position\":1,\"name\":\"Home\",\"item\":\"https:\\\/\\\/ranoja.ee\\\/\"},{\"@type\":\"ListItem\",\"position\":2,\"name\":\"Shop\",\"item\":\"https:\\\/\\\/ranoja.ee\\\/en\\\/shop\\\/\"},{\"@type\":\"ListItem\",\"position\":3,\"name\":\"Aluspukk terasest, kiirseadistatav 6000 KG 2 pcs, KS Tools\"}]},{\"@type\":\"WebSite\",\"@id\":\"https:\\\/\\\/ranoja.ee\\\/#website\",\"url\":\"https:\\\/\\\/ranoja.ee\\\/\",\"name\":\"Ranoja\",\"description\":\"Equipment Shop WooCommerce WordPress Theme for Machine &amp; Tools\",\"publisher\":{\"@id\":\"https:\\\/\\\/ranoja.ee\\\/#organization\"},\"potentialAction\":[{\"@type\":\"SearchAction\",\"target\":{\"@type\":\"EntryPoint\",\"urlTemplate\":\"https:\\\/\\\/ranoja.ee\\\/?s={search_term_string}\"},\"query-input\":{\"@type\":\"PropertyValueSpecification\",\"valueRequired\":true,\"valueName\":\"search_term_string\"}}],\"inLanguage\":\"en-US\"},{\"@type\":\"Organization\",\"@id\":\"https:\\\/\\\/ranoja.ee\\\/#organization\",\"name\":\"Ranoja O\u00dc\",\"url\":\"https:\\\/\\\/ranoja.ee\\\/\",\"logo\":{\"@type\":\"ImageObject\",\"inLanguage\":\"en-US\",\"@id\":\"https:\\\/\\\/ranoja.ee\\\/#\\\/schema\\\/logo\\\/image\\\/\",\"url\":\"https:\\\/\\\/ranoja.ee\\\/wp-content\\\/uploads\\\/2023\\\/11\\\/ranoja-Logo.png\",\"contentUrl\":\"https:\\\/\\\/ranoja.ee\\\/wp-content\\\/uploads\\\/2023\\\/11\\\/ranoja-Logo.png\",\"width\":207,\"height\":58,\"caption\":\"Ranoja O\u00dc\"},\"image\":{\"@id\":\"https:\\\/\\\/ranoja.ee\\\/#\\\/schema\\\/logo\\\/image\\\/\"},\"sameAs\":[\"https:\\\/\\\/www.facebook.com\\\/ranoja.ee\",\"https:\\\/\\\/www.instagram.com\\\/ranoja__\\\/\"]}]}<\/script>\n<!-- \/ Yoast SEO plugin. -->","yoast_head_json":{"title":"Aluspukk terasest, kiirseadistatav 6000 KG 2 pcs, KS Tools - Ranoja","robots":{"index":"index","follow":"follow","max-snippet":"max-snippet:-1","max-image-preview":"max-image-preview:large","max-video-preview":"max-video-preview:-1"},"canonical":"https:\/\/ranoja.ee\/toode\/aluspukk-terasest-kiirseadistatav-6000-kg-2-pcs-ks-tools\/","og_locale":"en_US","og_type":"article","og_title":"Aluspukk terasest, kiirseadistatav 6000 KG 2 pcs, KS Tools - Ranoja","og_description":"Kirjeldus 4 jalaga aluspukk eriti vastupidav teras-aluspukk suurtele s\u00f5idukimassidele suur stabiilsus valuterasesest kandevarras spindlid on v\u00e4ljakukkumise eest kaitstud turvaketiga tarnitakse paarikaupa sobib eriti h\u00e4sti koos tungraudadega koorma kindlustamiseks ja toetamiseks sobib ideaalselt igap\u00e4evaseks kasutamiseks t\u00f6\u00f6kojas massiivne teraskonstruktsioon Omadused Kandej\u00f5ud kg: 6000 K\u00f5rgus max mm: 610 K\u00f5rgus min mm: 390 K\u00f5rgus mm: 390 Laius mm: 250 Materjal1: teras Pakendi k\u00f5rgus mm: 480 Pakendi laius mm: 265 Pakendi pikkus mm: 300 Pakendisisu: 2 Pikkus mm: 285 funktsiooniatribuudid 1: paarikaupa kaal g: 13800 max koormus t: 6,0","og_url":"https:\/\/ranoja.ee\/toode\/aluspukk-terasest-kiirseadistatav-6000-kg-2-pcs-ks-tools\/","og_site_name":"Ranoja","article_publisher":"https:\/\/www.facebook.com\/ranoja.ee","article_modified_time":"2026-03-17T12:33:40+00:00","og_image":[{"width":600,"height":600,"url":"https:\/\/ranoja.ee\/wp-content\/uploads\/2026\/03\/5638139242.jpg","type":"image\/jpeg"}],"twitter_card":"summary_large_image","schema":{"@context":"https:\/\/schema.org","@graph":[{"@type":"WebPage","@id":"https:\/\/ranoja.ee\/toode\/aluspukk-terasest-kiirseadistatav-6000-kg-2-pcs-ks-tools\/","url":"https:\/\/ranoja.ee\/toode\/aluspukk-terasest-kiirseadistatav-6000-kg-2-pcs-ks-tools\/","name":"Aluspukk terasest, kiirseadistatav 6000 KG 2 pcs, KS Tools - Ranoja","isPartOf":{"@id":"https:\/\/ranoja.ee\/#website"},"primaryImageOfPage":{"@id":"https:\/\/ranoja.ee\/toode\/aluspukk-terasest-kiirseadistatav-6000-kg-2-pcs-ks-tools\/#primaryimage"},"image":{"@id":"https:\/\/ranoja.ee\/toode\/aluspukk-terasest-kiirseadistatav-6000-kg-2-pcs-ks-tools\/#primaryimage"},"thumbnailUrl":"https:\/\/ranoja.ee\/wp-content\/uploads\/2026\/03\/5638139242.jpg","datePublished":"2026-03-16T23:43:39+00:00","dateModified":"2026-03-17T12:33:40+00:00","breadcrumb":{"@id":"https:\/\/ranoja.ee\/toode\/aluspukk-terasest-kiirseadistatav-6000-kg-2-pcs-ks-tools\/#breadcrumb"},"inLanguage":"en-US","potentialAction":[{"@type":"ReadAction","target":["https:\/\/ranoja.ee\/toode\/aluspukk-terasest-kiirseadistatav-6000-kg-2-pcs-ks-tools\/"]}]},{"@type":"ImageObject","inLanguage":"en-US","@id":"https:\/\/ranoja.ee\/toode\/aluspukk-terasest-kiirseadistatav-6000-kg-2-pcs-ks-tools\/#primaryimage","url":"https:\/\/ranoja.ee\/wp-content\/uploads\/2026\/03\/5638139242.jpg","contentUrl":"https:\/\/ranoja.ee\/wp-content\/uploads\/2026\/03\/5638139242.jpg","width":600,"height":600},{"@type":"BreadcrumbList","@id":"https:\/\/ranoja.ee\/toode\/aluspukk-terasest-kiirseadistatav-6000-kg-2-pcs-ks-tools\/#breadcrumb","itemListElement":[{"@type":"ListItem","position":1,"name":"Home","item":"https:\/\/ranoja.ee\/"},{"@type":"ListItem","position":2,"name":"Shop","item":"https:\/\/ranoja.ee\/en\/shop\/"},{"@type":"ListItem","position":3,"name":"Aluspukk terasest, kiirseadistatav 6000 KG 2 pcs, KS Tools"}]},{"@type":"WebSite","@id":"https:\/\/ranoja.ee\/#website","url":"https:\/\/ranoja.ee\/","name":"Ranoja","description":"Equipment Shop WooCommerce WordPress Theme for Machine &amp; Tools","publisher":{"@id":"https:\/\/ranoja.ee\/#organization"},"potentialAction":[{"@type":"SearchAction","target":{"@type":"EntryPoint","urlTemplate":"https:\/\/ranoja.ee\/?s={search_term_string}"},"query-input":{"@type":"PropertyValueSpecification","valueRequired":true,"valueName":"search_term_string"}}],"inLanguage":"en-US"},{"@type":"Organization","@id":"https:\/\/ranoja.ee\/#organization","name":"Ranoja O\u00dc","url":"https:\/\/ranoja.ee\/","logo":{"@type":"ImageObject","inLanguage":"en-US","@id":"https:\/\/ranoja.ee\/#\/schema\/logo\/image\/","url":"https:\/\/ranoja.ee\/wp-content\/uploads\/2023\/11\/ranoja-Logo.png","contentUrl":"https:\/\/ranoja.ee\/wp-content\/uploads\/2023\/11\/ranoja-Logo.png","width":207,"height":58,"caption":"Ranoja O\u00dc"},"image":{"@id":"https:\/\/ranoja.ee\/#\/schema\/logo\/image\/"},"sameAs":["https:\/\/www.facebook.com\/ranoja.ee","https:\/\/www.instagram.com\/ranoja__\/"]}]}},"_links":{"self":[{"href":"https:\/\/ranoja.ee\/en\/wp-json\/wp\/v2\/product\/62858","targetHints":{"allow":["GET"]}}],"collection":[{"href":"https:\/\/ranoja.ee\/en\/wp-json\/wp\/v2\/product"}],"about":[{"href":"https:\/\/ranoja.ee\/en\/wp-json\/wp\/v2\/types\/product"}],"wp:featuredmedia":[{"embeddable":true,"href":"https:\/\/ranoja.ee\/en\/wp-json\/wp\/v2\/media\/62859"}],"wp:attachment":[{"href":"https:\/\/ranoja.ee\/en\/wp-json\/wp\/v2\/media?parent=62858"}],"wp:term":[{"taxonomy":"product_cat","embeddable":true,"href":"https:\/\/ranoja.ee\/en\/wp-json\/wp\/v2\/product_cat?post=62858"},{"taxonomy":"product_tag","embeddable":true,"href":"https:\/\/ranoja.ee\/en\/wp-json\/wp\/v2\/product_tag?post=62858"}],"curies":[{"name":"wp","href":"https:\/\/api.w.org\/{rel}","templated":true}]}}