{"id":62850,"date":"2026-03-17T02:43:39","date_gmt":"2026-03-16T23:43:39","guid":{"rendered":"https:\/\/ranoja.ee\/toode\/kuivkoristusmasin-sc2200pe-kogumiskasti-ja-lumesahaga-scheppach\/"},"modified":"2026-03-17T15:33:40","modified_gmt":"2026-03-17T12:33:40","slug":"kuivkoristusmasin-sc2200pe-kogumiskasti-ja-lumesahaga-scheppach","status":"publish","type":"product","link":"https:\/\/ranoja.ee\/en\/toode\/kuivkoristusmasin-sc2200pe-kogumiskasti-ja-lumesahaga-scheppach\/","title":{"rendered":"Kuivkoristusmasin SC2200PE kogumiskasti ja lumesahaga, Scheppach"},"content":{"rendered":"","protected":false},"excerpt":{"rendered":"<p>Scheppach SC2200PE bensiinimootoriga p\u00fchkimismasin, kogumiskasti ja lumesahaga teeb t\u00f6\u00f6tamise suurtel aladel lihtsaks ning mugavaks<\/p>\n<p>Tehnilised andmed<br \/>\nBensiinimootor 173 cm3 \/ 4,9 HP, 4 taktiline<br \/>\nV\u00f5imsus 3600 W<br \/>\nKiirus 2.52 \u2013 4.32 km\/h<br \/>\nTagurpidi kiirus 2.52 km\/h<br \/>\nP\u00fchkimislaius 1000 mm<br \/>\nHari D 350 mm<br \/>\nHarja kiirus 180 \u2013 350 rpm<\/p>\n<p>Varustus<br \/>\nSuure mustriga tagumised rehvid tagavad hea liikuvuse k\u00f5ikidel pindadel<br \/>\nReguleeritav harja t\u00f6\u00f6nurk ja k\u00f5rgus<br \/>\nReguleeritav k\u00e4epide<br \/>\nReguleeritava kiirusega hari<br \/>\nElektriline ja n\u00f6\u00f6riga starter<br \/>\n3 edasi ja 1 tagasik\u00e4ik<br \/>\nKomplekti kuulub 105 cm laiune lumesahk<br \/>\nKomplekti kuulub 80L  kogumiskonteiner<\/p>\n<p>Koosneb kolmest pakendist:<br \/>\n1 x 5908703803 Pakk 1 kuivkoristusmasin SC2200PE<br \/>\n1 x 5908703810 Pakk 2 kogumiskast SC2200PE<br \/>\n1 x 5908703811 Pakk 3 lumesahk SC2200PE<\/p>\n","protected":false},"featured_media":62851,"template":"","meta":{"inline_featured_image":false},"product_cat":[5488,5326,5035],"product_tag":[],"class_list":{"0":"post-62850","1":"product","2":"type-product","3":"status-publish","4":"has-post-thumbnail","6":"product_brand-scheppach","7":"product_cat-jarekonnitavad-kuivkoristusseadmed","8":"product_cat-kuivkoristusseadmed","9":"product_cat-puhastustehnika-ja-tarvikud","11":"first","12":"instock","13":"purchasable","14":"product-type-simple"},"yoast_head":"<!-- This site is optimized with the Yoast SEO plugin v27.4 - https:\/\/yoast.com\/product\/yoast-seo-wordpress\/ -->\n<title>Kuivkoristusmasin SC2200PE kogumiskasti ja lumesahaga, Scheppach - Ranoja<\/title>\n<meta name=\"robots\" content=\"index, follow, max-snippet:-1, max-image-preview:large, max-video-preview:-1\" \/>\n<link rel=\"canonical\" href=\"https:\/\/ranoja.ee\/toode\/kuivkoristusmasin-sc2200pe-kogumiskasti-ja-lumesahaga-scheppach\/\" \/>\n<meta property=\"og:locale\" content=\"en_US\" \/>\n<meta property=\"og:type\" content=\"article\" \/>\n<meta property=\"og:title\" content=\"Kuivkoristusmasin SC2200PE kogumiskasti ja lumesahaga, Scheppach - Ranoja\" \/>\n<meta property=\"og:description\" content=\"Scheppach SC2200PE bensiinimootoriga p\u00fchkimismasin, kogumiskasti ja lumesahaga teeb t\u00f6\u00f6tamise suurtel aladel lihtsaks ning mugavaks Tehnilised andmed Bensiinimootor 173 cm3 \/ 4,9 HP, 4 taktiline V\u00f5imsus 3600 W Kiirus 2.52 \u2013 4.32 km\/h Tagurpidi kiirus 2.52 km\/h P\u00fchkimislaius 1000 mm Hari D 350 mm Harja kiirus 180 \u2013 350 rpm Varustus Suure mustriga tagumised rehvid tagavad hea liikuvuse k\u00f5ikidel pindadel Reguleeritav harja t\u00f6\u00f6nurk ja k\u00f5rgus Reguleeritav k\u00e4epide Reguleeritava kiirusega hari Elektriline ja n\u00f6\u00f6riga starter 3 edasi ja 1 tagasik\u00e4ik Komplekti kuulub 105 cm laiune lumesahk Komplekti kuulub 80L kogumiskonteiner Koosneb kolmest pakendist: 1 x 5908703803 Pakk 1 kuivkoristusmasin SC2200PE 1 x 5908703810 Pakk 2 kogumiskast SC2200PE 1 x 5908703811 Pakk 3 lumesahk SC2200PE\" \/>\n<meta property=\"og:url\" content=\"https:\/\/ranoja.ee\/toode\/kuivkoristusmasin-sc2200pe-kogumiskasti-ja-lumesahaga-scheppach\/\" \/>\n<meta property=\"og:site_name\" content=\"Ranoja\" \/>\n<meta property=\"article:publisher\" content=\"https:\/\/www.facebook.com\/ranoja.ee\" \/>\n<meta property=\"article:modified_time\" content=\"2026-03-17T12:33:40+00:00\" \/>\n<meta property=\"og:image\" content=\"https:\/\/ranoja.ee\/wp-content\/uploads\/2026\/03\/232070330.jpg\" \/>\n\t<meta property=\"og:image:width\" content=\"900\" \/>\n\t<meta property=\"og:image:height\" content=\"696\" \/>\n\t<meta property=\"og:image:type\" content=\"image\/jpeg\" \/>\n<meta name=\"twitter:card\" content=\"summary_large_image\" \/>\n<script type=\"application\/ld+json\" class=\"yoast-schema-graph\">{\"@context\":\"https:\\\/\\\/schema.org\",\"@graph\":[{\"@type\":\"WebPage\",\"@id\":\"https:\\\/\\\/ranoja.ee\\\/toode\\\/kuivkoristusmasin-sc2200pe-kogumiskasti-ja-lumesahaga-scheppach\\\/\",\"url\":\"https:\\\/\\\/ranoja.ee\\\/toode\\\/kuivkoristusmasin-sc2200pe-kogumiskasti-ja-lumesahaga-scheppach\\\/\",\"name\":\"Kuivkoristusmasin SC2200PE kogumiskasti ja lumesahaga, Scheppach - Ranoja\",\"isPartOf\":{\"@id\":\"https:\\\/\\\/ranoja.ee\\\/#website\"},\"primaryImageOfPage\":{\"@id\":\"https:\\\/\\\/ranoja.ee\\\/toode\\\/kuivkoristusmasin-sc2200pe-kogumiskasti-ja-lumesahaga-scheppach\\\/#primaryimage\"},\"image\":{\"@id\":\"https:\\\/\\\/ranoja.ee\\\/toode\\\/kuivkoristusmasin-sc2200pe-kogumiskasti-ja-lumesahaga-scheppach\\\/#primaryimage\"},\"thumbnailUrl\":\"https:\\\/\\\/ranoja.ee\\\/wp-content\\\/uploads\\\/2026\\\/03\\\/232070330.jpg\",\"datePublished\":\"2026-03-16T23:43:39+00:00\",\"dateModified\":\"2026-03-17T12:33:40+00:00\",\"breadcrumb\":{\"@id\":\"https:\\\/\\\/ranoja.ee\\\/toode\\\/kuivkoristusmasin-sc2200pe-kogumiskasti-ja-lumesahaga-scheppach\\\/#breadcrumb\"},\"inLanguage\":\"en-US\",\"potentialAction\":[{\"@type\":\"ReadAction\",\"target\":[\"https:\\\/\\\/ranoja.ee\\\/toode\\\/kuivkoristusmasin-sc2200pe-kogumiskasti-ja-lumesahaga-scheppach\\\/\"]}]},{\"@type\":\"ImageObject\",\"inLanguage\":\"en-US\",\"@id\":\"https:\\\/\\\/ranoja.ee\\\/toode\\\/kuivkoristusmasin-sc2200pe-kogumiskasti-ja-lumesahaga-scheppach\\\/#primaryimage\",\"url\":\"https:\\\/\\\/ranoja.ee\\\/wp-content\\\/uploads\\\/2026\\\/03\\\/232070330.jpg\",\"contentUrl\":\"https:\\\/\\\/ranoja.ee\\\/wp-content\\\/uploads\\\/2026\\\/03\\\/232070330.jpg\",\"width\":900,\"height\":696},{\"@type\":\"BreadcrumbList\",\"@id\":\"https:\\\/\\\/ranoja.ee\\\/toode\\\/kuivkoristusmasin-sc2200pe-kogumiskasti-ja-lumesahaga-scheppach\\\/#breadcrumb\",\"itemListElement\":[{\"@type\":\"ListItem\",\"position\":1,\"name\":\"Home\",\"item\":\"https:\\\/\\\/ranoja.ee\\\/\"},{\"@type\":\"ListItem\",\"position\":2,\"name\":\"Shop\",\"item\":\"https:\\\/\\\/ranoja.ee\\\/en\\\/shop\\\/\"},{\"@type\":\"ListItem\",\"position\":3,\"name\":\"Kuivkoristusmasin SC2200PE kogumiskasti ja lumesahaga, Scheppach\"}]},{\"@type\":\"WebSite\",\"@id\":\"https:\\\/\\\/ranoja.ee\\\/#website\",\"url\":\"https:\\\/\\\/ranoja.ee\\\/\",\"name\":\"Ranoja\",\"description\":\"Equipment Shop WooCommerce WordPress Theme for Machine &amp; Tools\",\"publisher\":{\"@id\":\"https:\\\/\\\/ranoja.ee\\\/#organization\"},\"potentialAction\":[{\"@type\":\"SearchAction\",\"target\":{\"@type\":\"EntryPoint\",\"urlTemplate\":\"https:\\\/\\\/ranoja.ee\\\/?s={search_term_string}\"},\"query-input\":{\"@type\":\"PropertyValueSpecification\",\"valueRequired\":true,\"valueName\":\"search_term_string\"}}],\"inLanguage\":\"en-US\"},{\"@type\":\"Organization\",\"@id\":\"https:\\\/\\\/ranoja.ee\\\/#organization\",\"name\":\"Ranoja O\u00dc\",\"url\":\"https:\\\/\\\/ranoja.ee\\\/\",\"logo\":{\"@type\":\"ImageObject\",\"inLanguage\":\"en-US\",\"@id\":\"https:\\\/\\\/ranoja.ee\\\/#\\\/schema\\\/logo\\\/image\\\/\",\"url\":\"https:\\\/\\\/ranoja.ee\\\/wp-content\\\/uploads\\\/2023\\\/11\\\/ranoja-Logo.png\",\"contentUrl\":\"https:\\\/\\\/ranoja.ee\\\/wp-content\\\/uploads\\\/2023\\\/11\\\/ranoja-Logo.png\",\"width\":207,\"height\":58,\"caption\":\"Ranoja O\u00dc\"},\"image\":{\"@id\":\"https:\\\/\\\/ranoja.ee\\\/#\\\/schema\\\/logo\\\/image\\\/\"},\"sameAs\":[\"https:\\\/\\\/www.facebook.com\\\/ranoja.ee\",\"https:\\\/\\\/www.instagram.com\\\/ranoja__\\\/\"]}]}<\/script>\n<!-- \/ Yoast SEO plugin. -->","yoast_head_json":{"title":"Kuivkoristusmasin SC2200PE kogumiskasti ja lumesahaga, Scheppach - Ranoja","robots":{"index":"index","follow":"follow","max-snippet":"max-snippet:-1","max-image-preview":"max-image-preview:large","max-video-preview":"max-video-preview:-1"},"canonical":"https:\/\/ranoja.ee\/toode\/kuivkoristusmasin-sc2200pe-kogumiskasti-ja-lumesahaga-scheppach\/","og_locale":"en_US","og_type":"article","og_title":"Kuivkoristusmasin SC2200PE kogumiskasti ja lumesahaga, Scheppach - Ranoja","og_description":"Scheppach SC2200PE bensiinimootoriga p\u00fchkimismasin, kogumiskasti ja lumesahaga teeb t\u00f6\u00f6tamise suurtel aladel lihtsaks ning mugavaks Tehnilised andmed Bensiinimootor 173 cm3 \/ 4,9 HP, 4 taktiline V\u00f5imsus 3600 W Kiirus 2.52 \u2013 4.32 km\/h Tagurpidi kiirus 2.52 km\/h P\u00fchkimislaius 1000 mm Hari D 350 mm Harja kiirus 180 \u2013 350 rpm Varustus Suure mustriga tagumised rehvid tagavad hea liikuvuse k\u00f5ikidel pindadel Reguleeritav harja t\u00f6\u00f6nurk ja k\u00f5rgus Reguleeritav k\u00e4epide Reguleeritava kiirusega hari Elektriline ja n\u00f6\u00f6riga starter 3 edasi ja 1 tagasik\u00e4ik Komplekti kuulub 105 cm laiune lumesahk Komplekti kuulub 80L kogumiskonteiner Koosneb kolmest pakendist: 1 x 5908703803 Pakk 1 kuivkoristusmasin SC2200PE 1 x 5908703810 Pakk 2 kogumiskast SC2200PE 1 x 5908703811 Pakk 3 lumesahk SC2200PE","og_url":"https:\/\/ranoja.ee\/toode\/kuivkoristusmasin-sc2200pe-kogumiskasti-ja-lumesahaga-scheppach\/","og_site_name":"Ranoja","article_publisher":"https:\/\/www.facebook.com\/ranoja.ee","article_modified_time":"2026-03-17T12:33:40+00:00","og_image":[{"width":900,"height":696,"url":"https:\/\/ranoja.ee\/wp-content\/uploads\/2026\/03\/232070330.jpg","type":"image\/jpeg"}],"twitter_card":"summary_large_image","schema":{"@context":"https:\/\/schema.org","@graph":[{"@type":"WebPage","@id":"https:\/\/ranoja.ee\/toode\/kuivkoristusmasin-sc2200pe-kogumiskasti-ja-lumesahaga-scheppach\/","url":"https:\/\/ranoja.ee\/toode\/kuivkoristusmasin-sc2200pe-kogumiskasti-ja-lumesahaga-scheppach\/","name":"Kuivkoristusmasin SC2200PE kogumiskasti ja lumesahaga, Scheppach - Ranoja","isPartOf":{"@id":"https:\/\/ranoja.ee\/#website"},"primaryImageOfPage":{"@id":"https:\/\/ranoja.ee\/toode\/kuivkoristusmasin-sc2200pe-kogumiskasti-ja-lumesahaga-scheppach\/#primaryimage"},"image":{"@id":"https:\/\/ranoja.ee\/toode\/kuivkoristusmasin-sc2200pe-kogumiskasti-ja-lumesahaga-scheppach\/#primaryimage"},"thumbnailUrl":"https:\/\/ranoja.ee\/wp-content\/uploads\/2026\/03\/232070330.jpg","datePublished":"2026-03-16T23:43:39+00:00","dateModified":"2026-03-17T12:33:40+00:00","breadcrumb":{"@id":"https:\/\/ranoja.ee\/toode\/kuivkoristusmasin-sc2200pe-kogumiskasti-ja-lumesahaga-scheppach\/#breadcrumb"},"inLanguage":"en-US","potentialAction":[{"@type":"ReadAction","target":["https:\/\/ranoja.ee\/toode\/kuivkoristusmasin-sc2200pe-kogumiskasti-ja-lumesahaga-scheppach\/"]}]},{"@type":"ImageObject","inLanguage":"en-US","@id":"https:\/\/ranoja.ee\/toode\/kuivkoristusmasin-sc2200pe-kogumiskasti-ja-lumesahaga-scheppach\/#primaryimage","url":"https:\/\/ranoja.ee\/wp-content\/uploads\/2026\/03\/232070330.jpg","contentUrl":"https:\/\/ranoja.ee\/wp-content\/uploads\/2026\/03\/232070330.jpg","width":900,"height":696},{"@type":"BreadcrumbList","@id":"https:\/\/ranoja.ee\/toode\/kuivkoristusmasin-sc2200pe-kogumiskasti-ja-lumesahaga-scheppach\/#breadcrumb","itemListElement":[{"@type":"ListItem","position":1,"name":"Home","item":"https:\/\/ranoja.ee\/"},{"@type":"ListItem","position":2,"name":"Shop","item":"https:\/\/ranoja.ee\/en\/shop\/"},{"@type":"ListItem","position":3,"name":"Kuivkoristusmasin SC2200PE kogumiskasti ja lumesahaga, Scheppach"}]},{"@type":"WebSite","@id":"https:\/\/ranoja.ee\/#website","url":"https:\/\/ranoja.ee\/","name":"Ranoja","description":"Equipment Shop WooCommerce WordPress Theme for Machine &amp; Tools","publisher":{"@id":"https:\/\/ranoja.ee\/#organization"},"potentialAction":[{"@type":"SearchAction","target":{"@type":"EntryPoint","urlTemplate":"https:\/\/ranoja.ee\/?s={search_term_string}"},"query-input":{"@type":"PropertyValueSpecification","valueRequired":true,"valueName":"search_term_string"}}],"inLanguage":"en-US"},{"@type":"Organization","@id":"https:\/\/ranoja.ee\/#organization","name":"Ranoja O\u00dc","url":"https:\/\/ranoja.ee\/","logo":{"@type":"ImageObject","inLanguage":"en-US","@id":"https:\/\/ranoja.ee\/#\/schema\/logo\/image\/","url":"https:\/\/ranoja.ee\/wp-content\/uploads\/2023\/11\/ranoja-Logo.png","contentUrl":"https:\/\/ranoja.ee\/wp-content\/uploads\/2023\/11\/ranoja-Logo.png","width":207,"height":58,"caption":"Ranoja O\u00dc"},"image":{"@id":"https:\/\/ranoja.ee\/#\/schema\/logo\/image\/"},"sameAs":["https:\/\/www.facebook.com\/ranoja.ee","https:\/\/www.instagram.com\/ranoja__\/"]}]}},"_links":{"self":[{"href":"https:\/\/ranoja.ee\/en\/wp-json\/wp\/v2\/product\/62850","targetHints":{"allow":["GET"]}}],"collection":[{"href":"https:\/\/ranoja.ee\/en\/wp-json\/wp\/v2\/product"}],"about":[{"href":"https:\/\/ranoja.ee\/en\/wp-json\/wp\/v2\/types\/product"}],"wp:featuredmedia":[{"embeddable":true,"href":"https:\/\/ranoja.ee\/en\/wp-json\/wp\/v2\/media\/62851"}],"wp:attachment":[{"href":"https:\/\/ranoja.ee\/en\/wp-json\/wp\/v2\/media?parent=62850"}],"wp:term":[{"taxonomy":"product_cat","embeddable":true,"href":"https:\/\/ranoja.ee\/en\/wp-json\/wp\/v2\/product_cat?post=62850"},{"taxonomy":"product_tag","embeddable":true,"href":"https:\/\/ranoja.ee\/en\/wp-json\/wp\/v2\/product_tag?post=62850"}],"curies":[{"name":"wp","href":"https:\/\/api.w.org\/{rel}","templated":true}]}}