{"id":62846,"date":"2026-03-17T02:43:39","date_gmt":"2026-03-16T23:43:39","guid":{"rendered":"https:\/\/ranoja.ee\/toode\/tooriistakomplekt-tb200-141-osa-scheppach\/"},"modified":"2026-03-17T15:33:40","modified_gmt":"2026-03-17T12:33:40","slug":"tooriistakomplekt-tb200-141-osa-scheppach","status":"publish","type":"product","link":"https:\/\/ranoja.ee\/en\/toode\/tooriistakomplekt-tb200-141-osa-scheppach\/","title":{"rendered":"T\u00f6\u00f6riistakomplekt TB200, 141 osa, Scheppach"},"content":{"rendered":"","protected":false},"excerpt":{"rendered":"<p>Sisaldab 141 erinevat osa, sobib ideaalselt nii koju kui t\u00f6\u00f6kotta.<br \/>\nT\u00f6\u00f6riistad valmistatud kroom-vanaadiumist ja kvaliteetsest t\u00f6\u00f6riistaterasest.<br \/>\nVastupidav, lukustatav ja  tugevdatud nurkadega alumiiniumkohver.<br \/>\nErgonoomiline kummikattega k\u00e4epide<br \/>\nKorralikult organiseeritud ja h\u00e4sti paigutatud t\u00f6\u00f6riistad<br \/>\nKompaktne t\u00f6\u00f6riistakomplekt, mis sobib ka mobiilseks kasutuseks.<br \/>\nKaal 9,4 kg, M\u00f5\u00f5dud  450 x 150 x 375 mm<br \/>\nKomplekt sisaldab:<\/p>\n<p>1x tellitav v\u00f5ti 200 mm <br \/>\n9x L-kuuskantv\u00f5tit<br \/>\n1x tollipulk (1m) <br \/>\n1x joonlaud (300 mm) <br \/>\n1x lapik viil (200 mm) <br \/>\n1x lood (250 mm) <br \/>\n10x murtavad noaterad <br \/>\n7x lehtsilmusv\u00f5tmed 8?17 mm <br \/>\n1x teleskoop-magnet (600 mm) <br \/>\n1x pingeindikaator<br \/>\n4x mikro kruvikeerajad PH00, PH0, SL2.5, SL3.0 <br \/>\n2x VDE elektrikindlad kruvikeerajad PH1x80, SL3x75 <br \/>\n2x l\u00fchikesed kruvikeerajad SL6x38, PH2x38 <br \/>\n4x kruvikeerajad PH1x75, PH2x100, SL3x75, SL6x100 <br \/>\n1x 1\/4&#8243; otsakukruvikeeraja<br \/>\n1x 1\/4&#8243; otsakuadapter<br \/>\n4x haaratsklambrid 2 x 75mm, 2 x 120 mm <br \/>\n11x 1\/2&#8243; kuuskant padrunid 11-24 mm<br \/>\n11x 1\/4&#8243; kuuskant padrunid 4-12 mm,<br \/>\n2x 1\/2&#8243; k\u00fc\u00fcnlapadrunid 16 mm + 21 mm <br \/>\n1x haamer (300g) <br \/>\n1x 1\/2&#8243; kardaanliigend <br \/>\n1x 1\/2&#8243; Padruninarre <br \/>\n1x 1\/4&#8243; Padruninarre<br \/>\n2x 1\/4&#8243; pikendused 50 ja 100mm<br \/>\n1x 1\/2&#8243; T-k\u00e4epide<br \/>\n1x 1\/4&#8243; T-k\u00e4epide <br \/>\n1x m\u00f5\u00f5dulint(5 m) <br \/>\n1x 1\/4&#8243; kardaanliigend <br \/>\n1x 1\/2&#8243; pikendus 125mm<br \/>\n40x erinevad 1\/4&#8243; otsakut  <br \/>\n1x LED-taskulamp (ilma patareita) <br \/>\n1x l\u00f5iketangid <br \/>\n1x n\u00e4pitstangid <br \/>\n1x veepumbatangid <br \/>\n1x nuga murtavate teradega<br \/>\n1x rauasaag <br \/>\n3x rauasaelehte <br \/>\n5x puusepapliiats<br \/>\n1x alumiiniumis kohver<\/p>\n","protected":false},"featured_media":62847,"template":"","meta":{"inline_featured_image":false},"product_cat":[1596,1116,5168,5169],"product_tag":[],"class_list":{"0":"post-62846","1":"product","2":"type-product","3":"status-publish","4":"has-post-thumbnail","6":"product_brand-scheppach","7":"product_cat-kasitooriistad","8":"product_cat-lisaseadmed-ehitusseadmed-led-lisatuled-cb-raadiod-lallar","9":"product_cat-tooriista-komplektid","10":"product_cat-universaalsed-tooriistakomplektid","12":"first","13":"outofstock","14":"purchasable","15":"product-type-simple"},"yoast_head":"<!-- This site is optimized with the Yoast SEO plugin v27.4 - https:\/\/yoast.com\/product\/yoast-seo-wordpress\/ -->\n<title>T\u00f6\u00f6riistakomplekt TB200, 141 osa, Scheppach - Ranoja<\/title>\n<meta name=\"robots\" content=\"index, follow, max-snippet:-1, max-image-preview:large, max-video-preview:-1\" \/>\n<link rel=\"canonical\" href=\"https:\/\/ranoja.ee\/toode\/tooriistakomplekt-tb200-141-osa-scheppach\/\" \/>\n<meta property=\"og:locale\" content=\"en_US\" \/>\n<meta property=\"og:type\" content=\"article\" \/>\n<meta property=\"og:title\" content=\"T\u00f6\u00f6riistakomplekt TB200, 141 osa, Scheppach - Ranoja\" \/>\n<meta property=\"og:description\" content=\"Sisaldab 141 erinevat osa, sobib ideaalselt nii koju kui t\u00f6\u00f6kotta. T\u00f6\u00f6riistad valmistatud kroom-vanaadiumist ja kvaliteetsest t\u00f6\u00f6riistaterasest. Vastupidav, lukustatav ja tugevdatud nurkadega alumiiniumkohver. Ergonoomiline kummikattega k\u00e4epide Korralikult organiseeritud ja h\u00e4sti paigutatud t\u00f6\u00f6riistad Kompaktne t\u00f6\u00f6riistakomplekt, mis sobib ka mobiilseks kasutuseks. Kaal 9,4 kg, M\u00f5\u00f5dud 450 x 150 x 375 mm Komplekt sisaldab: 1x tellitav v\u00f5ti 200 mm 9x L-kuuskantv\u00f5tit 1x tollipulk (1m) 1x joonlaud (300 mm) 1x lapik viil (200 mm) 1x lood (250 mm) 10x murtavad noaterad 7x lehtsilmusv\u00f5tmed 8?17 mm 1x teleskoop-magnet (600 mm) 1x pingeindikaator 4x mikro kruvikeerajad PH00, PH0, SL2.5, SL3.0 2x VDE elektrikindlad kruvikeerajad PH1x80, SL3x75 2x l\u00fchikesed kruvikeerajad SL6x38, PH2x38 4x kruvikeerajad PH1x75, PH2x100, SL3x75, SL6x100 1x 1\/4&quot; otsakukruvikeeraja 1x 1\/4&quot; otsakuadapter 4x haaratsklambrid 2 x 75mm, 2 x 120 mm 11x 1\/2&quot; kuuskant padrunid 11-24 mm 11x 1\/4&quot; kuuskant padrunid 4-12 mm, 2x 1\/2&quot; k\u00fc\u00fcnlapadrunid 16 mm + 21 mm 1x haamer (300g) 1x 1\/2&quot; kardaanliigend 1x 1\/2&quot; Padruninarre 1x 1\/4&quot; Padruninarre 2x 1\/4&quot; pikendused 50 ja 100mm 1x 1\/2&quot; T-k\u00e4epide 1x 1\/4&quot; T-k\u00e4epide 1x m\u00f5\u00f5dulint(5 m) 1x 1\/4&quot; kardaanliigend 1x 1\/2&quot; pikendus 125mm 40x erinevad 1\/4&quot; otsakut  1x LED-taskulamp (ilma patareita) 1x l\u00f5iketangid 1x n\u00e4pitstangid 1x veepumbatangid 1x nuga murtavate teradega 1x rauasaag 3x rauasaelehte 5x puusepapliiats 1x alumiiniumis kohver\" \/>\n<meta property=\"og:url\" content=\"https:\/\/ranoja.ee\/toode\/tooriistakomplekt-tb200-141-osa-scheppach\/\" \/>\n<meta property=\"og:site_name\" content=\"Ranoja\" \/>\n<meta property=\"article:publisher\" content=\"https:\/\/www.facebook.com\/ranoja.ee\" \/>\n<meta property=\"article:modified_time\" content=\"2026-03-17T12:33:40+00:00\" \/>\n<meta property=\"og:image\" content=\"https:\/\/ranoja.ee\/wp-content\/uploads\/2026\/03\/5637653170.jpg\" \/>\n\t<meta property=\"og:image:width\" content=\"900\" \/>\n\t<meta property=\"og:image:height\" content=\"900\" \/>\n\t<meta property=\"og:image:type\" content=\"image\/jpeg\" \/>\n<meta name=\"twitter:card\" content=\"summary_large_image\" \/>\n<script type=\"application\/ld+json\" class=\"yoast-schema-graph\">{\"@context\":\"https:\\\/\\\/schema.org\",\"@graph\":[{\"@type\":\"WebPage\",\"@id\":\"https:\\\/\\\/ranoja.ee\\\/toode\\\/tooriistakomplekt-tb200-141-osa-scheppach\\\/\",\"url\":\"https:\\\/\\\/ranoja.ee\\\/toode\\\/tooriistakomplekt-tb200-141-osa-scheppach\\\/\",\"name\":\"T\u00f6\u00f6riistakomplekt TB200, 141 osa, Scheppach - Ranoja\",\"isPartOf\":{\"@id\":\"https:\\\/\\\/ranoja.ee\\\/#website\"},\"primaryImageOfPage\":{\"@id\":\"https:\\\/\\\/ranoja.ee\\\/toode\\\/tooriistakomplekt-tb200-141-osa-scheppach\\\/#primaryimage\"},\"image\":{\"@id\":\"https:\\\/\\\/ranoja.ee\\\/toode\\\/tooriistakomplekt-tb200-141-osa-scheppach\\\/#primaryimage\"},\"thumbnailUrl\":\"https:\\\/\\\/ranoja.ee\\\/wp-content\\\/uploads\\\/2026\\\/03\\\/5637653170.jpg\",\"datePublished\":\"2026-03-16T23:43:39+00:00\",\"dateModified\":\"2026-03-17T12:33:40+00:00\",\"breadcrumb\":{\"@id\":\"https:\\\/\\\/ranoja.ee\\\/toode\\\/tooriistakomplekt-tb200-141-osa-scheppach\\\/#breadcrumb\"},\"inLanguage\":\"en-US\",\"potentialAction\":[{\"@type\":\"ReadAction\",\"target\":[\"https:\\\/\\\/ranoja.ee\\\/toode\\\/tooriistakomplekt-tb200-141-osa-scheppach\\\/\"]}]},{\"@type\":\"ImageObject\",\"inLanguage\":\"en-US\",\"@id\":\"https:\\\/\\\/ranoja.ee\\\/toode\\\/tooriistakomplekt-tb200-141-osa-scheppach\\\/#primaryimage\",\"url\":\"https:\\\/\\\/ranoja.ee\\\/wp-content\\\/uploads\\\/2026\\\/03\\\/5637653170.jpg\",\"contentUrl\":\"https:\\\/\\\/ranoja.ee\\\/wp-content\\\/uploads\\\/2026\\\/03\\\/5637653170.jpg\",\"width\":900,\"height\":900},{\"@type\":\"BreadcrumbList\",\"@id\":\"https:\\\/\\\/ranoja.ee\\\/toode\\\/tooriistakomplekt-tb200-141-osa-scheppach\\\/#breadcrumb\",\"itemListElement\":[{\"@type\":\"ListItem\",\"position\":1,\"name\":\"Home\",\"item\":\"https:\\\/\\\/ranoja.ee\\\/\"},{\"@type\":\"ListItem\",\"position\":2,\"name\":\"Shop\",\"item\":\"https:\\\/\\\/ranoja.ee\\\/en\\\/shop\\\/\"},{\"@type\":\"ListItem\",\"position\":3,\"name\":\"T\u00f6\u00f6riistakomplekt TB200, 141 osa, Scheppach\"}]},{\"@type\":\"WebSite\",\"@id\":\"https:\\\/\\\/ranoja.ee\\\/#website\",\"url\":\"https:\\\/\\\/ranoja.ee\\\/\",\"name\":\"Ranoja\",\"description\":\"Equipment Shop WooCommerce WordPress Theme for Machine &amp; Tools\",\"publisher\":{\"@id\":\"https:\\\/\\\/ranoja.ee\\\/#organization\"},\"potentialAction\":[{\"@type\":\"SearchAction\",\"target\":{\"@type\":\"EntryPoint\",\"urlTemplate\":\"https:\\\/\\\/ranoja.ee\\\/?s={search_term_string}\"},\"query-input\":{\"@type\":\"PropertyValueSpecification\",\"valueRequired\":true,\"valueName\":\"search_term_string\"}}],\"inLanguage\":\"en-US\"},{\"@type\":\"Organization\",\"@id\":\"https:\\\/\\\/ranoja.ee\\\/#organization\",\"name\":\"Ranoja O\u00dc\",\"url\":\"https:\\\/\\\/ranoja.ee\\\/\",\"logo\":{\"@type\":\"ImageObject\",\"inLanguage\":\"en-US\",\"@id\":\"https:\\\/\\\/ranoja.ee\\\/#\\\/schema\\\/logo\\\/image\\\/\",\"url\":\"https:\\\/\\\/ranoja.ee\\\/wp-content\\\/uploads\\\/2023\\\/11\\\/ranoja-Logo.png\",\"contentUrl\":\"https:\\\/\\\/ranoja.ee\\\/wp-content\\\/uploads\\\/2023\\\/11\\\/ranoja-Logo.png\",\"width\":207,\"height\":58,\"caption\":\"Ranoja O\u00dc\"},\"image\":{\"@id\":\"https:\\\/\\\/ranoja.ee\\\/#\\\/schema\\\/logo\\\/image\\\/\"},\"sameAs\":[\"https:\\\/\\\/www.facebook.com\\\/ranoja.ee\",\"https:\\\/\\\/www.instagram.com\\\/ranoja__\\\/\"]}]}<\/script>\n<!-- \/ Yoast SEO plugin. -->","yoast_head_json":{"title":"T\u00f6\u00f6riistakomplekt TB200, 141 osa, Scheppach - Ranoja","robots":{"index":"index","follow":"follow","max-snippet":"max-snippet:-1","max-image-preview":"max-image-preview:large","max-video-preview":"max-video-preview:-1"},"canonical":"https:\/\/ranoja.ee\/toode\/tooriistakomplekt-tb200-141-osa-scheppach\/","og_locale":"en_US","og_type":"article","og_title":"T\u00f6\u00f6riistakomplekt TB200, 141 osa, Scheppach - Ranoja","og_description":"Sisaldab 141 erinevat osa, sobib ideaalselt nii koju kui t\u00f6\u00f6kotta. T\u00f6\u00f6riistad valmistatud kroom-vanaadiumist ja kvaliteetsest t\u00f6\u00f6riistaterasest. Vastupidav, lukustatav ja tugevdatud nurkadega alumiiniumkohver. Ergonoomiline kummikattega k\u00e4epide Korralikult organiseeritud ja h\u00e4sti paigutatud t\u00f6\u00f6riistad Kompaktne t\u00f6\u00f6riistakomplekt, mis sobib ka mobiilseks kasutuseks. Kaal 9,4 kg, M\u00f5\u00f5dud 450 x 150 x 375 mm Komplekt sisaldab: 1x tellitav v\u00f5ti 200 mm 9x L-kuuskantv\u00f5tit 1x tollipulk (1m) 1x joonlaud (300 mm) 1x lapik viil (200 mm) 1x lood (250 mm) 10x murtavad noaterad 7x lehtsilmusv\u00f5tmed 8?17 mm 1x teleskoop-magnet (600 mm) 1x pingeindikaator 4x mikro kruvikeerajad PH00, PH0, SL2.5, SL3.0 2x VDE elektrikindlad kruvikeerajad PH1x80, SL3x75 2x l\u00fchikesed kruvikeerajad SL6x38, PH2x38 4x kruvikeerajad PH1x75, PH2x100, SL3x75, SL6x100 1x 1\/4\" otsakukruvikeeraja 1x 1\/4\" otsakuadapter 4x haaratsklambrid 2 x 75mm, 2 x 120 mm 11x 1\/2\" kuuskant padrunid 11-24 mm 11x 1\/4\" kuuskant padrunid 4-12 mm, 2x 1\/2\" k\u00fc\u00fcnlapadrunid 16 mm + 21 mm 1x haamer (300g) 1x 1\/2\" kardaanliigend 1x 1\/2\" Padruninarre 1x 1\/4\" Padruninarre 2x 1\/4\" pikendused 50 ja 100mm 1x 1\/2\" T-k\u00e4epide 1x 1\/4\" T-k\u00e4epide 1x m\u00f5\u00f5dulint(5 m) 1x 1\/4\" kardaanliigend 1x 1\/2\" pikendus 125mm 40x erinevad 1\/4\" otsakut  1x LED-taskulamp (ilma patareita) 1x l\u00f5iketangid 1x n\u00e4pitstangid 1x veepumbatangid 1x nuga murtavate teradega 1x rauasaag 3x rauasaelehte 5x puusepapliiats 1x alumiiniumis kohver","og_url":"https:\/\/ranoja.ee\/toode\/tooriistakomplekt-tb200-141-osa-scheppach\/","og_site_name":"Ranoja","article_publisher":"https:\/\/www.facebook.com\/ranoja.ee","article_modified_time":"2026-03-17T12:33:40+00:00","og_image":[{"width":900,"height":900,"url":"https:\/\/ranoja.ee\/wp-content\/uploads\/2026\/03\/5637653170.jpg","type":"image\/jpeg"}],"twitter_card":"summary_large_image","schema":{"@context":"https:\/\/schema.org","@graph":[{"@type":"WebPage","@id":"https:\/\/ranoja.ee\/toode\/tooriistakomplekt-tb200-141-osa-scheppach\/","url":"https:\/\/ranoja.ee\/toode\/tooriistakomplekt-tb200-141-osa-scheppach\/","name":"T\u00f6\u00f6riistakomplekt TB200, 141 osa, Scheppach - Ranoja","isPartOf":{"@id":"https:\/\/ranoja.ee\/#website"},"primaryImageOfPage":{"@id":"https:\/\/ranoja.ee\/toode\/tooriistakomplekt-tb200-141-osa-scheppach\/#primaryimage"},"image":{"@id":"https:\/\/ranoja.ee\/toode\/tooriistakomplekt-tb200-141-osa-scheppach\/#primaryimage"},"thumbnailUrl":"https:\/\/ranoja.ee\/wp-content\/uploads\/2026\/03\/5637653170.jpg","datePublished":"2026-03-16T23:43:39+00:00","dateModified":"2026-03-17T12:33:40+00:00","breadcrumb":{"@id":"https:\/\/ranoja.ee\/toode\/tooriistakomplekt-tb200-141-osa-scheppach\/#breadcrumb"},"inLanguage":"en-US","potentialAction":[{"@type":"ReadAction","target":["https:\/\/ranoja.ee\/toode\/tooriistakomplekt-tb200-141-osa-scheppach\/"]}]},{"@type":"ImageObject","inLanguage":"en-US","@id":"https:\/\/ranoja.ee\/toode\/tooriistakomplekt-tb200-141-osa-scheppach\/#primaryimage","url":"https:\/\/ranoja.ee\/wp-content\/uploads\/2026\/03\/5637653170.jpg","contentUrl":"https:\/\/ranoja.ee\/wp-content\/uploads\/2026\/03\/5637653170.jpg","width":900,"height":900},{"@type":"BreadcrumbList","@id":"https:\/\/ranoja.ee\/toode\/tooriistakomplekt-tb200-141-osa-scheppach\/#breadcrumb","itemListElement":[{"@type":"ListItem","position":1,"name":"Home","item":"https:\/\/ranoja.ee\/"},{"@type":"ListItem","position":2,"name":"Shop","item":"https:\/\/ranoja.ee\/en\/shop\/"},{"@type":"ListItem","position":3,"name":"T\u00f6\u00f6riistakomplekt TB200, 141 osa, Scheppach"}]},{"@type":"WebSite","@id":"https:\/\/ranoja.ee\/#website","url":"https:\/\/ranoja.ee\/","name":"Ranoja","description":"Equipment Shop WooCommerce WordPress Theme for Machine &amp; Tools","publisher":{"@id":"https:\/\/ranoja.ee\/#organization"},"potentialAction":[{"@type":"SearchAction","target":{"@type":"EntryPoint","urlTemplate":"https:\/\/ranoja.ee\/?s={search_term_string}"},"query-input":{"@type":"PropertyValueSpecification","valueRequired":true,"valueName":"search_term_string"}}],"inLanguage":"en-US"},{"@type":"Organization","@id":"https:\/\/ranoja.ee\/#organization","name":"Ranoja O\u00dc","url":"https:\/\/ranoja.ee\/","logo":{"@type":"ImageObject","inLanguage":"en-US","@id":"https:\/\/ranoja.ee\/#\/schema\/logo\/image\/","url":"https:\/\/ranoja.ee\/wp-content\/uploads\/2023\/11\/ranoja-Logo.png","contentUrl":"https:\/\/ranoja.ee\/wp-content\/uploads\/2023\/11\/ranoja-Logo.png","width":207,"height":58,"caption":"Ranoja O\u00dc"},"image":{"@id":"https:\/\/ranoja.ee\/#\/schema\/logo\/image\/"},"sameAs":["https:\/\/www.facebook.com\/ranoja.ee","https:\/\/www.instagram.com\/ranoja__\/"]}]}},"_links":{"self":[{"href":"https:\/\/ranoja.ee\/en\/wp-json\/wp\/v2\/product\/62846","targetHints":{"allow":["GET"]}}],"collection":[{"href":"https:\/\/ranoja.ee\/en\/wp-json\/wp\/v2\/product"}],"about":[{"href":"https:\/\/ranoja.ee\/en\/wp-json\/wp\/v2\/types\/product"}],"wp:featuredmedia":[{"embeddable":true,"href":"https:\/\/ranoja.ee\/en\/wp-json\/wp\/v2\/media\/62847"}],"wp:attachment":[{"href":"https:\/\/ranoja.ee\/en\/wp-json\/wp\/v2\/media?parent=62846"}],"wp:term":[{"taxonomy":"product_cat","embeddable":true,"href":"https:\/\/ranoja.ee\/en\/wp-json\/wp\/v2\/product_cat?post=62846"},{"taxonomy":"product_tag","embeddable":true,"href":"https:\/\/ranoja.ee\/en\/wp-json\/wp\/v2\/product_tag?post=62846"}],"curies":[{"name":"wp","href":"https:\/\/api.w.org\/{rel}","templated":true}]}}