{"id":62834,"date":"2026-03-17T02:43:14","date_gmt":"2026-03-16T23:43:14","guid":{"rendered":"https:\/\/ranoja.ee\/toode\/kombivasar-dh1300plus-scheppach\/"},"modified":"2026-03-17T15:33:41","modified_gmt":"2026-03-17T12:33:41","slug":"kombivasar-dh1300plus-scheppach","status":"publish","type":"product","link":"https:\/\/ranoja.ee\/en\/toode\/kombivasar-dh1300plus-scheppach\/","title":{"rendered":"Kombivasar DH1300Plus, Scheppach"},"content":{"rendered":"","protected":false},"excerpt":{"rendered":"<p>Scheppachi uus kombivasar DH1300Plus on ideaalne t\u00f6\u00f6riist kodukasutajale. 5 J l\u00f6\u00f6gienergia lubab masinal olla \u00fcheks parimaks vahendiks materjali eemaldamisel. Komplekti kuuluv SDS-Plus vars teeb otsikute vahetamise kiireks ja mugavaks. <\/p>\n<p>SDS-Plus s\u00fcsteem<br \/>\nAnti-Vibration vibratsioonikontroll<br \/>\n1250W mootor<br \/>\nL\u00f6\u00f6gisagedus 0 and 4500 1\/min<br \/>\nBMC karp mugavaks transpordiks ja hoiustamiseks<br \/>\nS\u00fcgavusepiirik, puurikomplekt, lameda ja terava otsaga meislid kuuluvad komplekti<br \/>\nLiigutatav k\u00e4epide mugavaks t\u00f6\u00f6tamiseks<\/p>\n<p>Tehniline info:<br \/>\n* piigi pikkus: 250 mm<br \/>\n* sagedus: 50 Hz<br \/>\n* l\u00f6\u00f6gij\u00f5ud: 5 J<br \/>\n* l\u00f6\u00f6gikiirus: 4500 1\/min<br \/>\n* seadme k\u00f5rgus: 245 mm<br \/>\n* seadme pikkus: 360 mm<br \/>\n* seadme laius: 110 mm<br \/>\n* bruto kaal: 7,2 kg<br \/>\n* neto kaal: 5,45 kg<br \/>\n* kiirus t\u00fchik\u00e4igul: 850<br \/>\n* sisendv\u00f5imsus P1: 1250 W<br \/>\n* pinge: 230 V<\/p>\n","protected":false},"featured_media":62835,"template":"","meta":{"inline_featured_image":false},"product_cat":[5111,5487,5113,5112],"product_tag":[],"class_list":{"0":"post-62834","1":"product","2":"type-product","3":"status-publish","4":"has-post-thumbnail","6":"product_brand-scheppach","7":"product_cat-elektrilised-kasitooriistad","8":"product_cat-kombivasarad-sds-plus","9":"product_cat-puurvasarad-ja-kruvikeerajad","10":"product_cat-trellid","12":"first","13":"outofstock","14":"purchasable","15":"product-type-simple"},"yoast_head":"<!-- This site is optimized with the Yoast SEO plugin v27.4 - https:\/\/yoast.com\/product\/yoast-seo-wordpress\/ -->\n<title>Kombivasar DH1300Plus, Scheppach - Ranoja<\/title>\n<meta name=\"robots\" content=\"index, follow, max-snippet:-1, max-image-preview:large, max-video-preview:-1\" \/>\n<link rel=\"canonical\" href=\"https:\/\/ranoja.ee\/toode\/kombivasar-dh1300plus-scheppach\/\" \/>\n<meta property=\"og:locale\" content=\"en_US\" \/>\n<meta property=\"og:type\" content=\"article\" \/>\n<meta property=\"og:title\" content=\"Kombivasar DH1300Plus, Scheppach - Ranoja\" \/>\n<meta property=\"og:description\" content=\"Scheppachi uus kombivasar DH1300Plus on ideaalne t\u00f6\u00f6riist kodukasutajale. 5 J l\u00f6\u00f6gienergia lubab masinal olla \u00fcheks parimaks vahendiks materjali eemaldamisel. Komplekti kuuluv SDS-Plus vars teeb otsikute vahetamise kiireks ja mugavaks.  SDS-Plus s\u00fcsteem Anti-Vibration vibratsioonikontroll 1250W mootor L\u00f6\u00f6gisagedus 0 and 4500 1\/min BMC karp mugavaks transpordiks ja hoiustamiseks S\u00fcgavusepiirik, puurikomplekt, lameda ja terava otsaga meislid kuuluvad komplekti Liigutatav k\u00e4epide mugavaks t\u00f6\u00f6tamiseks Tehniline info: * piigi pikkus: 250 mm * sagedus: 50 Hz * l\u00f6\u00f6gij\u00f5ud: 5 J * l\u00f6\u00f6gikiirus: 4500 1\/min * seadme k\u00f5rgus: 245 mm * seadme pikkus: 360 mm * seadme laius: 110 mm * bruto kaal: 7,2 kg * neto kaal: 5,45 kg * kiirus t\u00fchik\u00e4igul: 850 * sisendv\u00f5imsus P1: 1250 W * pinge: 230 V\" \/>\n<meta property=\"og:url\" content=\"https:\/\/ranoja.ee\/toode\/kombivasar-dh1300plus-scheppach\/\" \/>\n<meta property=\"og:site_name\" content=\"Ranoja\" \/>\n<meta property=\"article:publisher\" content=\"https:\/\/www.facebook.com\/ranoja.ee\" \/>\n<meta property=\"article:modified_time\" content=\"2026-03-17T12:33:41+00:00\" \/>\n<meta property=\"og:image\" content=\"https:\/\/ranoja.ee\/wp-content\/uploads\/2026\/03\/245066311.jpg\" \/>\n\t<meta property=\"og:image:width\" content=\"768\" \/>\n\t<meta property=\"og:image:height\" content=\"768\" \/>\n\t<meta property=\"og:image:type\" content=\"image\/jpeg\" \/>\n<meta name=\"twitter:card\" content=\"summary_large_image\" \/>\n<script type=\"application\/ld+json\" class=\"yoast-schema-graph\">{\"@context\":\"https:\\\/\\\/schema.org\",\"@graph\":[{\"@type\":\"WebPage\",\"@id\":\"https:\\\/\\\/ranoja.ee\\\/toode\\\/kombivasar-dh1300plus-scheppach\\\/\",\"url\":\"https:\\\/\\\/ranoja.ee\\\/toode\\\/kombivasar-dh1300plus-scheppach\\\/\",\"name\":\"Kombivasar DH1300Plus, Scheppach - Ranoja\",\"isPartOf\":{\"@id\":\"https:\\\/\\\/ranoja.ee\\\/#website\"},\"primaryImageOfPage\":{\"@id\":\"https:\\\/\\\/ranoja.ee\\\/toode\\\/kombivasar-dh1300plus-scheppach\\\/#primaryimage\"},\"image\":{\"@id\":\"https:\\\/\\\/ranoja.ee\\\/toode\\\/kombivasar-dh1300plus-scheppach\\\/#primaryimage\"},\"thumbnailUrl\":\"https:\\\/\\\/ranoja.ee\\\/wp-content\\\/uploads\\\/2026\\\/03\\\/245066311.jpg\",\"datePublished\":\"2026-03-16T23:43:14+00:00\",\"dateModified\":\"2026-03-17T12:33:41+00:00\",\"breadcrumb\":{\"@id\":\"https:\\\/\\\/ranoja.ee\\\/toode\\\/kombivasar-dh1300plus-scheppach\\\/#breadcrumb\"},\"inLanguage\":\"en-US\",\"potentialAction\":[{\"@type\":\"ReadAction\",\"target\":[\"https:\\\/\\\/ranoja.ee\\\/toode\\\/kombivasar-dh1300plus-scheppach\\\/\"]}]},{\"@type\":\"ImageObject\",\"inLanguage\":\"en-US\",\"@id\":\"https:\\\/\\\/ranoja.ee\\\/toode\\\/kombivasar-dh1300plus-scheppach\\\/#primaryimage\",\"url\":\"https:\\\/\\\/ranoja.ee\\\/wp-content\\\/uploads\\\/2026\\\/03\\\/245066311.jpg\",\"contentUrl\":\"https:\\\/\\\/ranoja.ee\\\/wp-content\\\/uploads\\\/2026\\\/03\\\/245066311.jpg\",\"width\":768,\"height\":768},{\"@type\":\"BreadcrumbList\",\"@id\":\"https:\\\/\\\/ranoja.ee\\\/toode\\\/kombivasar-dh1300plus-scheppach\\\/#breadcrumb\",\"itemListElement\":[{\"@type\":\"ListItem\",\"position\":1,\"name\":\"Home\",\"item\":\"https:\\\/\\\/ranoja.ee\\\/\"},{\"@type\":\"ListItem\",\"position\":2,\"name\":\"Shop\",\"item\":\"https:\\\/\\\/ranoja.ee\\\/en\\\/shop\\\/\"},{\"@type\":\"ListItem\",\"position\":3,\"name\":\"Kombivasar DH1300Plus, Scheppach\"}]},{\"@type\":\"WebSite\",\"@id\":\"https:\\\/\\\/ranoja.ee\\\/#website\",\"url\":\"https:\\\/\\\/ranoja.ee\\\/\",\"name\":\"Ranoja\",\"description\":\"Equipment Shop WooCommerce WordPress Theme for Machine &amp; Tools\",\"publisher\":{\"@id\":\"https:\\\/\\\/ranoja.ee\\\/#organization\"},\"potentialAction\":[{\"@type\":\"SearchAction\",\"target\":{\"@type\":\"EntryPoint\",\"urlTemplate\":\"https:\\\/\\\/ranoja.ee\\\/?s={search_term_string}\"},\"query-input\":{\"@type\":\"PropertyValueSpecification\",\"valueRequired\":true,\"valueName\":\"search_term_string\"}}],\"inLanguage\":\"en-US\"},{\"@type\":\"Organization\",\"@id\":\"https:\\\/\\\/ranoja.ee\\\/#organization\",\"name\":\"Ranoja O\u00dc\",\"url\":\"https:\\\/\\\/ranoja.ee\\\/\",\"logo\":{\"@type\":\"ImageObject\",\"inLanguage\":\"en-US\",\"@id\":\"https:\\\/\\\/ranoja.ee\\\/#\\\/schema\\\/logo\\\/image\\\/\",\"url\":\"https:\\\/\\\/ranoja.ee\\\/wp-content\\\/uploads\\\/2023\\\/11\\\/ranoja-Logo.png\",\"contentUrl\":\"https:\\\/\\\/ranoja.ee\\\/wp-content\\\/uploads\\\/2023\\\/11\\\/ranoja-Logo.png\",\"width\":207,\"height\":58,\"caption\":\"Ranoja O\u00dc\"},\"image\":{\"@id\":\"https:\\\/\\\/ranoja.ee\\\/#\\\/schema\\\/logo\\\/image\\\/\"},\"sameAs\":[\"https:\\\/\\\/www.facebook.com\\\/ranoja.ee\",\"https:\\\/\\\/www.instagram.com\\\/ranoja__\\\/\"]}]}<\/script>\n<!-- \/ Yoast SEO plugin. -->","yoast_head_json":{"title":"Kombivasar DH1300Plus, Scheppach - Ranoja","robots":{"index":"index","follow":"follow","max-snippet":"max-snippet:-1","max-image-preview":"max-image-preview:large","max-video-preview":"max-video-preview:-1"},"canonical":"https:\/\/ranoja.ee\/toode\/kombivasar-dh1300plus-scheppach\/","og_locale":"en_US","og_type":"article","og_title":"Kombivasar DH1300Plus, Scheppach - Ranoja","og_description":"Scheppachi uus kombivasar DH1300Plus on ideaalne t\u00f6\u00f6riist kodukasutajale. 5 J l\u00f6\u00f6gienergia lubab masinal olla \u00fcheks parimaks vahendiks materjali eemaldamisel. Komplekti kuuluv SDS-Plus vars teeb otsikute vahetamise kiireks ja mugavaks.  SDS-Plus s\u00fcsteem Anti-Vibration vibratsioonikontroll 1250W mootor L\u00f6\u00f6gisagedus 0 and 4500 1\/min BMC karp mugavaks transpordiks ja hoiustamiseks S\u00fcgavusepiirik, puurikomplekt, lameda ja terava otsaga meislid kuuluvad komplekti Liigutatav k\u00e4epide mugavaks t\u00f6\u00f6tamiseks Tehniline info: * piigi pikkus: 250 mm * sagedus: 50 Hz * l\u00f6\u00f6gij\u00f5ud: 5 J * l\u00f6\u00f6gikiirus: 4500 1\/min * seadme k\u00f5rgus: 245 mm * seadme pikkus: 360 mm * seadme laius: 110 mm * bruto kaal: 7,2 kg * neto kaal: 5,45 kg * kiirus t\u00fchik\u00e4igul: 850 * sisendv\u00f5imsus P1: 1250 W * pinge: 230 V","og_url":"https:\/\/ranoja.ee\/toode\/kombivasar-dh1300plus-scheppach\/","og_site_name":"Ranoja","article_publisher":"https:\/\/www.facebook.com\/ranoja.ee","article_modified_time":"2026-03-17T12:33:41+00:00","og_image":[{"width":768,"height":768,"url":"https:\/\/ranoja.ee\/wp-content\/uploads\/2026\/03\/245066311.jpg","type":"image\/jpeg"}],"twitter_card":"summary_large_image","schema":{"@context":"https:\/\/schema.org","@graph":[{"@type":"WebPage","@id":"https:\/\/ranoja.ee\/toode\/kombivasar-dh1300plus-scheppach\/","url":"https:\/\/ranoja.ee\/toode\/kombivasar-dh1300plus-scheppach\/","name":"Kombivasar DH1300Plus, Scheppach - Ranoja","isPartOf":{"@id":"https:\/\/ranoja.ee\/#website"},"primaryImageOfPage":{"@id":"https:\/\/ranoja.ee\/toode\/kombivasar-dh1300plus-scheppach\/#primaryimage"},"image":{"@id":"https:\/\/ranoja.ee\/toode\/kombivasar-dh1300plus-scheppach\/#primaryimage"},"thumbnailUrl":"https:\/\/ranoja.ee\/wp-content\/uploads\/2026\/03\/245066311.jpg","datePublished":"2026-03-16T23:43:14+00:00","dateModified":"2026-03-17T12:33:41+00:00","breadcrumb":{"@id":"https:\/\/ranoja.ee\/toode\/kombivasar-dh1300plus-scheppach\/#breadcrumb"},"inLanguage":"en-US","potentialAction":[{"@type":"ReadAction","target":["https:\/\/ranoja.ee\/toode\/kombivasar-dh1300plus-scheppach\/"]}]},{"@type":"ImageObject","inLanguage":"en-US","@id":"https:\/\/ranoja.ee\/toode\/kombivasar-dh1300plus-scheppach\/#primaryimage","url":"https:\/\/ranoja.ee\/wp-content\/uploads\/2026\/03\/245066311.jpg","contentUrl":"https:\/\/ranoja.ee\/wp-content\/uploads\/2026\/03\/245066311.jpg","width":768,"height":768},{"@type":"BreadcrumbList","@id":"https:\/\/ranoja.ee\/toode\/kombivasar-dh1300plus-scheppach\/#breadcrumb","itemListElement":[{"@type":"ListItem","position":1,"name":"Home","item":"https:\/\/ranoja.ee\/"},{"@type":"ListItem","position":2,"name":"Shop","item":"https:\/\/ranoja.ee\/en\/shop\/"},{"@type":"ListItem","position":3,"name":"Kombivasar DH1300Plus, Scheppach"}]},{"@type":"WebSite","@id":"https:\/\/ranoja.ee\/#website","url":"https:\/\/ranoja.ee\/","name":"Ranoja","description":"Equipment Shop WooCommerce WordPress Theme for Machine &amp; Tools","publisher":{"@id":"https:\/\/ranoja.ee\/#organization"},"potentialAction":[{"@type":"SearchAction","target":{"@type":"EntryPoint","urlTemplate":"https:\/\/ranoja.ee\/?s={search_term_string}"},"query-input":{"@type":"PropertyValueSpecification","valueRequired":true,"valueName":"search_term_string"}}],"inLanguage":"en-US"},{"@type":"Organization","@id":"https:\/\/ranoja.ee\/#organization","name":"Ranoja O\u00dc","url":"https:\/\/ranoja.ee\/","logo":{"@type":"ImageObject","inLanguage":"en-US","@id":"https:\/\/ranoja.ee\/#\/schema\/logo\/image\/","url":"https:\/\/ranoja.ee\/wp-content\/uploads\/2023\/11\/ranoja-Logo.png","contentUrl":"https:\/\/ranoja.ee\/wp-content\/uploads\/2023\/11\/ranoja-Logo.png","width":207,"height":58,"caption":"Ranoja O\u00dc"},"image":{"@id":"https:\/\/ranoja.ee\/#\/schema\/logo\/image\/"},"sameAs":["https:\/\/www.facebook.com\/ranoja.ee","https:\/\/www.instagram.com\/ranoja__\/"]}]}},"_links":{"self":[{"href":"https:\/\/ranoja.ee\/en\/wp-json\/wp\/v2\/product\/62834","targetHints":{"allow":["GET"]}}],"collection":[{"href":"https:\/\/ranoja.ee\/en\/wp-json\/wp\/v2\/product"}],"about":[{"href":"https:\/\/ranoja.ee\/en\/wp-json\/wp\/v2\/types\/product"}],"wp:featuredmedia":[{"embeddable":true,"href":"https:\/\/ranoja.ee\/en\/wp-json\/wp\/v2\/media\/62835"}],"wp:attachment":[{"href":"https:\/\/ranoja.ee\/en\/wp-json\/wp\/v2\/media?parent=62834"}],"wp:term":[{"taxonomy":"product_cat","embeddable":true,"href":"https:\/\/ranoja.ee\/en\/wp-json\/wp\/v2\/product_cat?post=62834"},{"taxonomy":"product_tag","embeddable":true,"href":"https:\/\/ranoja.ee\/en\/wp-json\/wp\/v2\/product_tag?post=62834"}],"curies":[{"name":"wp","href":"https:\/\/api.w.org\/{rel}","templated":true}]}}