{"id":62820,"date":"2026-03-17T02:43:14","date_gmt":"2026-03-16T23:43:14","guid":{"rendered":"https:\/\/ranoja.ee\/toode\/akuga-murutrimmer-c-lt300-x-set-s-scheppach\/"},"modified":"2026-03-17T15:33:41","modified_gmt":"2026-03-17T12:33:41","slug":"akuga-murutrimmer-c-lt300-x-set-s-scheppach","status":"publish","type":"product","link":"https:\/\/ranoja.ee\/en\/toode\/akuga-murutrimmer-c-lt300-x-set-s-scheppach\/","title":{"rendered":"Akuga murutrimmer C-LT300-X-SET S, Scheppach"},"content":{"rendered":"","protected":false},"excerpt":{"rendered":"<p>Komplekti kuulub: 2Ah aku + 2,4A akulaadija<\/p>\n<p>Mootori t\u00fc\u00fcp: harjadega<br \/>\nAku 20V<br \/>\nT\u00f6\u00f6laius: 300 mm<br \/>\nTamiili l\u00e4bim\u00f5\u00f5t: 1,6 mm<br \/>\nTamiili pikkus: 3m<br \/>\nL\u00f5ikepea: p\u00f6\u00f6rlev<br \/>\nKalde reguleerimine: 0\u00b0-90\u00b0<br \/>\nK\u00f5rguse reguleerimine: kuni 220 mm<br \/>\nL\u00f5ikes\u00fcsteem: nailontamiil<br \/>\nL\u00f5ime j\u00e4lgimine: t\u00e4isautomaatne<\/p>\n<p>Tehnilised andmed<br \/>\nKahe keermega s\u00fcsteem t\u00e4isautomaatse j\u00e4relreguleerimisega<br \/>\nDistantsrull muruservade puhtaks l\u00f5ikamiseks<br \/>\nTeleskoopjuhik kere suuruse j\u00e4rgi reguleerimiseks &#8211; pidevalt reguleeritav pikkus<br \/>\nKeermetera ja lahtik\u00e4iva taimekaitsega kaitsekate<br \/>\nLibisemiskindel pehme k\u00e4epide turval\u00fclitiga<br \/>\nReguleeritav sekundaarne k\u00e4epide<br \/>\n3 asendis reguleeritav l\u00f5ikepea kaldenurk<br \/>\nMootori pead saab p\u00f6\u00f6rata 90\u00b0: vertikaalsete pindade\/muruservade jaoks<br \/>\nLihtne t\u00f6\u00f6riistavaba pooli vahetus<\/p>\n<p>\nScheppachi elektrilised k\u00e4sit\u00f6\u00f6riistad on m\u00f5eldud n\u00f5udlikule hobikasutajale<\/p>\n<p>Pildid on illustreeriva t\u00e4hendusega.<\/p>\n","protected":false},"featured_media":62821,"template":"","meta":{"inline_featured_image":false},"product_cat":[5085,1094,1103,5109],"product_tag":[],"class_list":{"0":"post-62820","1":"product","2":"type-product","3":"status-publish","4":"has-post-thumbnail","6":"product_brand-scheppach","7":"product_cat-aiatehnika-ja-tooriistad","8":"product_cat-akutooriistad","9":"product_cat-akutrimmerid","10":"product_cat-murutrimmerid-ja-tarvikud","12":"first","13":"outofstock","14":"purchasable","15":"product-type-simple"},"yoast_head":"<!-- This site is optimized with the Yoast SEO plugin v27.4 - https:\/\/yoast.com\/product\/yoast-seo-wordpress\/ -->\n<title>Akuga murutrimmer C-LT300-X-SET S, Scheppach - Ranoja<\/title>\n<meta name=\"robots\" content=\"index, follow, max-snippet:-1, max-image-preview:large, max-video-preview:-1\" \/>\n<link rel=\"canonical\" href=\"https:\/\/ranoja.ee\/toode\/akuga-murutrimmer-c-lt300-x-set-s-scheppach\/\" \/>\n<meta property=\"og:locale\" content=\"en_US\" \/>\n<meta property=\"og:type\" content=\"article\" \/>\n<meta property=\"og:title\" content=\"Akuga murutrimmer C-LT300-X-SET S, Scheppach - Ranoja\" \/>\n<meta property=\"og:description\" content=\"Komplekti kuulub: 2Ah aku + 2,4A akulaadija Mootori t\u00fc\u00fcp: harjadega Aku 20V T\u00f6\u00f6laius: 300 mm Tamiili l\u00e4bim\u00f5\u00f5t: 1,6 mm Tamiili pikkus: 3m L\u00f5ikepea: p\u00f6\u00f6rlev Kalde reguleerimine: 0\u00b0-90\u00b0 K\u00f5rguse reguleerimine: kuni 220 mm L\u00f5ikes\u00fcsteem: nailontamiil L\u00f5ime j\u00e4lgimine: t\u00e4isautomaatne Tehnilised andmed Kahe keermega s\u00fcsteem t\u00e4isautomaatse j\u00e4relreguleerimisega Distantsrull muruservade puhtaks l\u00f5ikamiseks Teleskoopjuhik kere suuruse j\u00e4rgi reguleerimiseks - pidevalt reguleeritav pikkus Keermetera ja lahtik\u00e4iva taimekaitsega kaitsekate Libisemiskindel pehme k\u00e4epide turval\u00fclitiga Reguleeritav sekundaarne k\u00e4epide 3 asendis reguleeritav l\u00f5ikepea kaldenurk Mootori pead saab p\u00f6\u00f6rata 90\u00b0: vertikaalsete pindade\/muruservade jaoks Lihtne t\u00f6\u00f6riistavaba pooli vahetus  Scheppachi elektrilised k\u00e4sit\u00f6\u00f6riistad on m\u00f5eldud n\u00f5udlikule hobikasutajale Pildid on illustreeriva t\u00e4hendusega.\" \/>\n<meta property=\"og:url\" content=\"https:\/\/ranoja.ee\/toode\/akuga-murutrimmer-c-lt300-x-set-s-scheppach\/\" \/>\n<meta property=\"og:site_name\" content=\"Ranoja\" \/>\n<meta property=\"article:publisher\" content=\"https:\/\/www.facebook.com\/ranoja.ee\" \/>\n<meta property=\"article:modified_time\" content=\"2026-03-17T12:33:41+00:00\" \/>\n<meta property=\"og:image\" content=\"https:\/\/ranoja.ee\/wp-content\/uploads\/2026\/03\/5637228303.jpg\" \/>\n\t<meta property=\"og:image:width\" content=\"900\" \/>\n\t<meta property=\"og:image:height\" content=\"900\" \/>\n\t<meta property=\"og:image:type\" content=\"image\/jpeg\" \/>\n<meta name=\"twitter:card\" content=\"summary_large_image\" \/>\n<script type=\"application\/ld+json\" class=\"yoast-schema-graph\">{\"@context\":\"https:\\\/\\\/schema.org\",\"@graph\":[{\"@type\":\"WebPage\",\"@id\":\"https:\\\/\\\/ranoja.ee\\\/toode\\\/akuga-murutrimmer-c-lt300-x-set-s-scheppach\\\/\",\"url\":\"https:\\\/\\\/ranoja.ee\\\/toode\\\/akuga-murutrimmer-c-lt300-x-set-s-scheppach\\\/\",\"name\":\"Akuga murutrimmer C-LT300-X-SET S, Scheppach - Ranoja\",\"isPartOf\":{\"@id\":\"https:\\\/\\\/ranoja.ee\\\/#website\"},\"primaryImageOfPage\":{\"@id\":\"https:\\\/\\\/ranoja.ee\\\/toode\\\/akuga-murutrimmer-c-lt300-x-set-s-scheppach\\\/#primaryimage\"},\"image\":{\"@id\":\"https:\\\/\\\/ranoja.ee\\\/toode\\\/akuga-murutrimmer-c-lt300-x-set-s-scheppach\\\/#primaryimage\"},\"thumbnailUrl\":\"https:\\\/\\\/ranoja.ee\\\/wp-content\\\/uploads\\\/2026\\\/03\\\/5637228303.jpg\",\"datePublished\":\"2026-03-16T23:43:14+00:00\",\"dateModified\":\"2026-03-17T12:33:41+00:00\",\"breadcrumb\":{\"@id\":\"https:\\\/\\\/ranoja.ee\\\/toode\\\/akuga-murutrimmer-c-lt300-x-set-s-scheppach\\\/#breadcrumb\"},\"inLanguage\":\"en-US\",\"potentialAction\":[{\"@type\":\"ReadAction\",\"target\":[\"https:\\\/\\\/ranoja.ee\\\/toode\\\/akuga-murutrimmer-c-lt300-x-set-s-scheppach\\\/\"]}]},{\"@type\":\"ImageObject\",\"inLanguage\":\"en-US\",\"@id\":\"https:\\\/\\\/ranoja.ee\\\/toode\\\/akuga-murutrimmer-c-lt300-x-set-s-scheppach\\\/#primaryimage\",\"url\":\"https:\\\/\\\/ranoja.ee\\\/wp-content\\\/uploads\\\/2026\\\/03\\\/5637228303.jpg\",\"contentUrl\":\"https:\\\/\\\/ranoja.ee\\\/wp-content\\\/uploads\\\/2026\\\/03\\\/5637228303.jpg\",\"width\":900,\"height\":900},{\"@type\":\"BreadcrumbList\",\"@id\":\"https:\\\/\\\/ranoja.ee\\\/toode\\\/akuga-murutrimmer-c-lt300-x-set-s-scheppach\\\/#breadcrumb\",\"itemListElement\":[{\"@type\":\"ListItem\",\"position\":1,\"name\":\"Home\",\"item\":\"https:\\\/\\\/ranoja.ee\\\/\"},{\"@type\":\"ListItem\",\"position\":2,\"name\":\"Shop\",\"item\":\"https:\\\/\\\/ranoja.ee\\\/en\\\/shop\\\/\"},{\"@type\":\"ListItem\",\"position\":3,\"name\":\"Akuga murutrimmer C-LT300-X-SET S, Scheppach\"}]},{\"@type\":\"WebSite\",\"@id\":\"https:\\\/\\\/ranoja.ee\\\/#website\",\"url\":\"https:\\\/\\\/ranoja.ee\\\/\",\"name\":\"Ranoja\",\"description\":\"Equipment Shop WooCommerce WordPress Theme for Machine &amp; Tools\",\"publisher\":{\"@id\":\"https:\\\/\\\/ranoja.ee\\\/#organization\"},\"potentialAction\":[{\"@type\":\"SearchAction\",\"target\":{\"@type\":\"EntryPoint\",\"urlTemplate\":\"https:\\\/\\\/ranoja.ee\\\/?s={search_term_string}\"},\"query-input\":{\"@type\":\"PropertyValueSpecification\",\"valueRequired\":true,\"valueName\":\"search_term_string\"}}],\"inLanguage\":\"en-US\"},{\"@type\":\"Organization\",\"@id\":\"https:\\\/\\\/ranoja.ee\\\/#organization\",\"name\":\"Ranoja O\u00dc\",\"url\":\"https:\\\/\\\/ranoja.ee\\\/\",\"logo\":{\"@type\":\"ImageObject\",\"inLanguage\":\"en-US\",\"@id\":\"https:\\\/\\\/ranoja.ee\\\/#\\\/schema\\\/logo\\\/image\\\/\",\"url\":\"https:\\\/\\\/ranoja.ee\\\/wp-content\\\/uploads\\\/2023\\\/11\\\/ranoja-Logo.png\",\"contentUrl\":\"https:\\\/\\\/ranoja.ee\\\/wp-content\\\/uploads\\\/2023\\\/11\\\/ranoja-Logo.png\",\"width\":207,\"height\":58,\"caption\":\"Ranoja O\u00dc\"},\"image\":{\"@id\":\"https:\\\/\\\/ranoja.ee\\\/#\\\/schema\\\/logo\\\/image\\\/\"},\"sameAs\":[\"https:\\\/\\\/www.facebook.com\\\/ranoja.ee\",\"https:\\\/\\\/www.instagram.com\\\/ranoja__\\\/\"]}]}<\/script>\n<!-- \/ Yoast SEO plugin. -->","yoast_head_json":{"title":"Akuga murutrimmer C-LT300-X-SET S, Scheppach - Ranoja","robots":{"index":"index","follow":"follow","max-snippet":"max-snippet:-1","max-image-preview":"max-image-preview:large","max-video-preview":"max-video-preview:-1"},"canonical":"https:\/\/ranoja.ee\/toode\/akuga-murutrimmer-c-lt300-x-set-s-scheppach\/","og_locale":"en_US","og_type":"article","og_title":"Akuga murutrimmer C-LT300-X-SET S, Scheppach - Ranoja","og_description":"Komplekti kuulub: 2Ah aku + 2,4A akulaadija Mootori t\u00fc\u00fcp: harjadega Aku 20V T\u00f6\u00f6laius: 300 mm Tamiili l\u00e4bim\u00f5\u00f5t: 1,6 mm Tamiili pikkus: 3m L\u00f5ikepea: p\u00f6\u00f6rlev Kalde reguleerimine: 0\u00b0-90\u00b0 K\u00f5rguse reguleerimine: kuni 220 mm L\u00f5ikes\u00fcsteem: nailontamiil L\u00f5ime j\u00e4lgimine: t\u00e4isautomaatne Tehnilised andmed Kahe keermega s\u00fcsteem t\u00e4isautomaatse j\u00e4relreguleerimisega Distantsrull muruservade puhtaks l\u00f5ikamiseks Teleskoopjuhik kere suuruse j\u00e4rgi reguleerimiseks - pidevalt reguleeritav pikkus Keermetera ja lahtik\u00e4iva taimekaitsega kaitsekate Libisemiskindel pehme k\u00e4epide turval\u00fclitiga Reguleeritav sekundaarne k\u00e4epide 3 asendis reguleeritav l\u00f5ikepea kaldenurk Mootori pead saab p\u00f6\u00f6rata 90\u00b0: vertikaalsete pindade\/muruservade jaoks Lihtne t\u00f6\u00f6riistavaba pooli vahetus  Scheppachi elektrilised k\u00e4sit\u00f6\u00f6riistad on m\u00f5eldud n\u00f5udlikule hobikasutajale Pildid on illustreeriva t\u00e4hendusega.","og_url":"https:\/\/ranoja.ee\/toode\/akuga-murutrimmer-c-lt300-x-set-s-scheppach\/","og_site_name":"Ranoja","article_publisher":"https:\/\/www.facebook.com\/ranoja.ee","article_modified_time":"2026-03-17T12:33:41+00:00","og_image":[{"width":900,"height":900,"url":"https:\/\/ranoja.ee\/wp-content\/uploads\/2026\/03\/5637228303.jpg","type":"image\/jpeg"}],"twitter_card":"summary_large_image","schema":{"@context":"https:\/\/schema.org","@graph":[{"@type":"WebPage","@id":"https:\/\/ranoja.ee\/toode\/akuga-murutrimmer-c-lt300-x-set-s-scheppach\/","url":"https:\/\/ranoja.ee\/toode\/akuga-murutrimmer-c-lt300-x-set-s-scheppach\/","name":"Akuga murutrimmer C-LT300-X-SET S, Scheppach - Ranoja","isPartOf":{"@id":"https:\/\/ranoja.ee\/#website"},"primaryImageOfPage":{"@id":"https:\/\/ranoja.ee\/toode\/akuga-murutrimmer-c-lt300-x-set-s-scheppach\/#primaryimage"},"image":{"@id":"https:\/\/ranoja.ee\/toode\/akuga-murutrimmer-c-lt300-x-set-s-scheppach\/#primaryimage"},"thumbnailUrl":"https:\/\/ranoja.ee\/wp-content\/uploads\/2026\/03\/5637228303.jpg","datePublished":"2026-03-16T23:43:14+00:00","dateModified":"2026-03-17T12:33:41+00:00","breadcrumb":{"@id":"https:\/\/ranoja.ee\/toode\/akuga-murutrimmer-c-lt300-x-set-s-scheppach\/#breadcrumb"},"inLanguage":"en-US","potentialAction":[{"@type":"ReadAction","target":["https:\/\/ranoja.ee\/toode\/akuga-murutrimmer-c-lt300-x-set-s-scheppach\/"]}]},{"@type":"ImageObject","inLanguage":"en-US","@id":"https:\/\/ranoja.ee\/toode\/akuga-murutrimmer-c-lt300-x-set-s-scheppach\/#primaryimage","url":"https:\/\/ranoja.ee\/wp-content\/uploads\/2026\/03\/5637228303.jpg","contentUrl":"https:\/\/ranoja.ee\/wp-content\/uploads\/2026\/03\/5637228303.jpg","width":900,"height":900},{"@type":"BreadcrumbList","@id":"https:\/\/ranoja.ee\/toode\/akuga-murutrimmer-c-lt300-x-set-s-scheppach\/#breadcrumb","itemListElement":[{"@type":"ListItem","position":1,"name":"Home","item":"https:\/\/ranoja.ee\/"},{"@type":"ListItem","position":2,"name":"Shop","item":"https:\/\/ranoja.ee\/en\/shop\/"},{"@type":"ListItem","position":3,"name":"Akuga murutrimmer C-LT300-X-SET S, Scheppach"}]},{"@type":"WebSite","@id":"https:\/\/ranoja.ee\/#website","url":"https:\/\/ranoja.ee\/","name":"Ranoja","description":"Equipment Shop WooCommerce WordPress Theme for Machine &amp; Tools","publisher":{"@id":"https:\/\/ranoja.ee\/#organization"},"potentialAction":[{"@type":"SearchAction","target":{"@type":"EntryPoint","urlTemplate":"https:\/\/ranoja.ee\/?s={search_term_string}"},"query-input":{"@type":"PropertyValueSpecification","valueRequired":true,"valueName":"search_term_string"}}],"inLanguage":"en-US"},{"@type":"Organization","@id":"https:\/\/ranoja.ee\/#organization","name":"Ranoja O\u00dc","url":"https:\/\/ranoja.ee\/","logo":{"@type":"ImageObject","inLanguage":"en-US","@id":"https:\/\/ranoja.ee\/#\/schema\/logo\/image\/","url":"https:\/\/ranoja.ee\/wp-content\/uploads\/2023\/11\/ranoja-Logo.png","contentUrl":"https:\/\/ranoja.ee\/wp-content\/uploads\/2023\/11\/ranoja-Logo.png","width":207,"height":58,"caption":"Ranoja O\u00dc"},"image":{"@id":"https:\/\/ranoja.ee\/#\/schema\/logo\/image\/"},"sameAs":["https:\/\/www.facebook.com\/ranoja.ee","https:\/\/www.instagram.com\/ranoja__\/"]}]}},"_links":{"self":[{"href":"https:\/\/ranoja.ee\/en\/wp-json\/wp\/v2\/product\/62820","targetHints":{"allow":["GET"]}}],"collection":[{"href":"https:\/\/ranoja.ee\/en\/wp-json\/wp\/v2\/product"}],"about":[{"href":"https:\/\/ranoja.ee\/en\/wp-json\/wp\/v2\/types\/product"}],"wp:featuredmedia":[{"embeddable":true,"href":"https:\/\/ranoja.ee\/en\/wp-json\/wp\/v2\/media\/62821"}],"wp:attachment":[{"href":"https:\/\/ranoja.ee\/en\/wp-json\/wp\/v2\/media?parent=62820"}],"wp:term":[{"taxonomy":"product_cat","embeddable":true,"href":"https:\/\/ranoja.ee\/en\/wp-json\/wp\/v2\/product_cat?post=62820"},{"taxonomy":"product_tag","embeddable":true,"href":"https:\/\/ranoja.ee\/en\/wp-json\/wp\/v2\/product_tag?post=62820"}],"curies":[{"name":"wp","href":"https:\/\/api.w.org\/{rel}","templated":true}]}}