{"id":62804,"date":"2026-03-17T02:43:14","date_gmt":"2026-03-16T23:43:14","guid":{"rendered":"https:\/\/ranoja.ee\/toode\/keermeneetide-neetimisadapter-trellile-rp160-rapid\/"},"modified":"2026-03-17T17:53:08","modified_gmt":"2026-03-17T14:53:08","slug":"keermeneetide-neetimisadapter-trellile-rp160-rapid","status":"publish","type":"product","link":"https:\/\/ranoja.ee\/en\/toode\/keermeneetide-neetimisadapter-trellile-rp160-rapid\/","title":{"rendered":"Keermeneetide neetimisadapter trellile  RP160, Rapid"},"content":{"rendered":"","protected":false},"excerpt":{"rendered":"<p>Rapid RP160 muudab needimutrite ankurdamise lehtmetalli ja muude materjalide k\u00fclge lihtsaks, et saaksite seej\u00e4rel kruvi keermestatud mutrisse keerata. T\u00f6\u00f6riist t\u00f6\u00f6tab nagu adapter ja on kinnitatud puuri v\u00f5i kruvikeeraja k\u00fclge samamoodi nagu tavalise puuri v\u00f5i otsaku puhul. Masinal peab olema reguleeritav p\u00f6\u00f6rdemoment. Rapid RP160 on eriti t\u00f5hus suurte projektide jaoks, mis n\u00f5uavad palju needimutreid. T\u00f6\u00f6riistal on tugev, alumiiniumist monokokk-v\u00e4liskorpus ning h\u00f5lpsasti haardetav pind v\u00f5imaldab t\u00f6\u00f6tada ohutult ja suure t\u00e4psusega. K\u00f5ik mehaanilised osad on valmistatud karastatud terasest. Lisaks on hoolduse h\u00f5lbustamiseks kaasas paigaldusv\u00f5ti. T\u00f6\u00f6riist on m\u00f5eldud M4, M5, M6 ja M8 suuruse neetmutrite jaoks. Torn ja d\u00fc\u00fcsid on kaasas. Parimate tulemuste saavutamiseks peaksite kasutama v\u00e4hemalt 18 V aku mahutavusega puuri- v\u00f5i kruvikeerajat.<\/p>\n","protected":false},"featured_media":62805,"template":"","meta":{"inline_featured_image":false},"product_cat":[1596,1116,5220],"product_tag":[],"class_list":{"0":"post-62804","1":"product","2":"type-product","3":"status-publish","4":"has-post-thumbnail","6":"product_brand-rapid","7":"product_cat-kasitooriistad","8":"product_cat-lisaseadmed-ehitusseadmed-led-lisatuled-cb-raadiod-lallar","9":"product_cat-needitangid","11":"first","12":"outofstock","13":"purchasable","14":"product-type-simple"},"yoast_head":"<!-- This site is optimized with the Yoast SEO plugin v27.4 - https:\/\/yoast.com\/product\/yoast-seo-wordpress\/ -->\n<title>Keermeneetide neetimisadapter trellile RP160, Rapid - Ranoja<\/title>\n<meta name=\"robots\" content=\"index, follow, max-snippet:-1, max-image-preview:large, max-video-preview:-1\" \/>\n<link rel=\"canonical\" href=\"https:\/\/ranoja.ee\/toode\/keermeneetide-neetimisadapter-trellile-rp160-rapid\/\" \/>\n<meta property=\"og:locale\" content=\"en_US\" \/>\n<meta property=\"og:type\" content=\"article\" \/>\n<meta property=\"og:title\" content=\"Keermeneetide neetimisadapter trellile RP160, Rapid - Ranoja\" \/>\n<meta property=\"og:description\" content=\"Rapid RP160 muudab needimutrite ankurdamise lehtmetalli ja muude materjalide k\u00fclge lihtsaks, et saaksite seej\u00e4rel kruvi keermestatud mutrisse keerata. T\u00f6\u00f6riist t\u00f6\u00f6tab nagu adapter ja on kinnitatud puuri v\u00f5i kruvikeeraja k\u00fclge samamoodi nagu tavalise puuri v\u00f5i otsaku puhul. Masinal peab olema reguleeritav p\u00f6\u00f6rdemoment. Rapid RP160 on eriti t\u00f5hus suurte projektide jaoks, mis n\u00f5uavad palju needimutreid. T\u00f6\u00f6riistal on tugev, alumiiniumist monokokk-v\u00e4liskorpus ning h\u00f5lpsasti haardetav pind v\u00f5imaldab t\u00f6\u00f6tada ohutult ja suure t\u00e4psusega. K\u00f5ik mehaanilised osad on valmistatud karastatud terasest. Lisaks on hoolduse h\u00f5lbustamiseks kaasas paigaldusv\u00f5ti. T\u00f6\u00f6riist on m\u00f5eldud M4, M5, M6 ja M8 suuruse neetmutrite jaoks. Torn ja d\u00fc\u00fcsid on kaasas. Parimate tulemuste saavutamiseks peaksite kasutama v\u00e4hemalt 18 V aku mahutavusega puuri- v\u00f5i kruvikeerajat.\" \/>\n<meta property=\"og:url\" content=\"https:\/\/ranoja.ee\/toode\/keermeneetide-neetimisadapter-trellile-rp160-rapid\/\" \/>\n<meta property=\"og:site_name\" content=\"Ranoja\" \/>\n<meta property=\"article:publisher\" content=\"https:\/\/www.facebook.com\/ranoja.ee\" \/>\n<meta property=\"article:modified_time\" content=\"2026-03-17T14:53:08+00:00\" \/>\n<meta property=\"og:image\" content=\"https:\/\/ranoja.ee\/wp-content\/uploads\/2026\/03\/248642115.jpg\" \/>\n\t<meta property=\"og:image:width\" content=\"519\" \/>\n\t<meta property=\"og:image:height\" content=\"449\" \/>\n\t<meta property=\"og:image:type\" content=\"image\/jpeg\" \/>\n<meta name=\"twitter:card\" content=\"summary_large_image\" \/>\n<meta name=\"twitter:label1\" content=\"Est. reading time\" \/>\n\t<meta name=\"twitter:data1\" content=\"1 minute\" \/>\n<script type=\"application\/ld+json\" class=\"yoast-schema-graph\">{\"@context\":\"https:\\\/\\\/schema.org\",\"@graph\":[{\"@type\":\"WebPage\",\"@id\":\"https:\\\/\\\/ranoja.ee\\\/toode\\\/keermeneetide-neetimisadapter-trellile-rp160-rapid\\\/\",\"url\":\"https:\\\/\\\/ranoja.ee\\\/toode\\\/keermeneetide-neetimisadapter-trellile-rp160-rapid\\\/\",\"name\":\"Keermeneetide neetimisadapter trellile RP160, Rapid - Ranoja\",\"isPartOf\":{\"@id\":\"https:\\\/\\\/ranoja.ee\\\/#website\"},\"primaryImageOfPage\":{\"@id\":\"https:\\\/\\\/ranoja.ee\\\/toode\\\/keermeneetide-neetimisadapter-trellile-rp160-rapid\\\/#primaryimage\"},\"image\":{\"@id\":\"https:\\\/\\\/ranoja.ee\\\/toode\\\/keermeneetide-neetimisadapter-trellile-rp160-rapid\\\/#primaryimage\"},\"thumbnailUrl\":\"https:\\\/\\\/ranoja.ee\\\/wp-content\\\/uploads\\\/2026\\\/03\\\/248642115.jpg\",\"datePublished\":\"2026-03-16T23:43:14+00:00\",\"dateModified\":\"2026-03-17T14:53:08+00:00\",\"breadcrumb\":{\"@id\":\"https:\\\/\\\/ranoja.ee\\\/toode\\\/keermeneetide-neetimisadapter-trellile-rp160-rapid\\\/#breadcrumb\"},\"inLanguage\":\"en-US\",\"potentialAction\":[{\"@type\":\"ReadAction\",\"target\":[\"https:\\\/\\\/ranoja.ee\\\/toode\\\/keermeneetide-neetimisadapter-trellile-rp160-rapid\\\/\"]}]},{\"@type\":\"ImageObject\",\"inLanguage\":\"en-US\",\"@id\":\"https:\\\/\\\/ranoja.ee\\\/toode\\\/keermeneetide-neetimisadapter-trellile-rp160-rapid\\\/#primaryimage\",\"url\":\"https:\\\/\\\/ranoja.ee\\\/wp-content\\\/uploads\\\/2026\\\/03\\\/248642115.jpg\",\"contentUrl\":\"https:\\\/\\\/ranoja.ee\\\/wp-content\\\/uploads\\\/2026\\\/03\\\/248642115.jpg\",\"width\":519,\"height\":449},{\"@type\":\"BreadcrumbList\",\"@id\":\"https:\\\/\\\/ranoja.ee\\\/toode\\\/keermeneetide-neetimisadapter-trellile-rp160-rapid\\\/#breadcrumb\",\"itemListElement\":[{\"@type\":\"ListItem\",\"position\":1,\"name\":\"Home\",\"item\":\"https:\\\/\\\/ranoja.ee\\\/\"},{\"@type\":\"ListItem\",\"position\":2,\"name\":\"Shop\",\"item\":\"https:\\\/\\\/ranoja.ee\\\/en\\\/shop\\\/\"},{\"@type\":\"ListItem\",\"position\":3,\"name\":\"Keermeneetide neetimisadapter trellile RP160, Rapid\"}]},{\"@type\":\"WebSite\",\"@id\":\"https:\\\/\\\/ranoja.ee\\\/#website\",\"url\":\"https:\\\/\\\/ranoja.ee\\\/\",\"name\":\"Ranoja\",\"description\":\"Equipment Shop WooCommerce WordPress Theme for Machine &amp; Tools\",\"publisher\":{\"@id\":\"https:\\\/\\\/ranoja.ee\\\/#organization\"},\"potentialAction\":[{\"@type\":\"SearchAction\",\"target\":{\"@type\":\"EntryPoint\",\"urlTemplate\":\"https:\\\/\\\/ranoja.ee\\\/?s={search_term_string}\"},\"query-input\":{\"@type\":\"PropertyValueSpecification\",\"valueRequired\":true,\"valueName\":\"search_term_string\"}}],\"inLanguage\":\"en-US\"},{\"@type\":\"Organization\",\"@id\":\"https:\\\/\\\/ranoja.ee\\\/#organization\",\"name\":\"Ranoja O\u00dc\",\"url\":\"https:\\\/\\\/ranoja.ee\\\/\",\"logo\":{\"@type\":\"ImageObject\",\"inLanguage\":\"en-US\",\"@id\":\"https:\\\/\\\/ranoja.ee\\\/#\\\/schema\\\/logo\\\/image\\\/\",\"url\":\"https:\\\/\\\/ranoja.ee\\\/wp-content\\\/uploads\\\/2023\\\/11\\\/ranoja-Logo.png\",\"contentUrl\":\"https:\\\/\\\/ranoja.ee\\\/wp-content\\\/uploads\\\/2023\\\/11\\\/ranoja-Logo.png\",\"width\":207,\"height\":58,\"caption\":\"Ranoja O\u00dc\"},\"image\":{\"@id\":\"https:\\\/\\\/ranoja.ee\\\/#\\\/schema\\\/logo\\\/image\\\/\"},\"sameAs\":[\"https:\\\/\\\/www.facebook.com\\\/ranoja.ee\",\"https:\\\/\\\/www.instagram.com\\\/ranoja__\\\/\"]}]}<\/script>\n<!-- \/ Yoast SEO plugin. -->","yoast_head_json":{"title":"Keermeneetide neetimisadapter trellile RP160, Rapid - Ranoja","robots":{"index":"index","follow":"follow","max-snippet":"max-snippet:-1","max-image-preview":"max-image-preview:large","max-video-preview":"max-video-preview:-1"},"canonical":"https:\/\/ranoja.ee\/toode\/keermeneetide-neetimisadapter-trellile-rp160-rapid\/","og_locale":"en_US","og_type":"article","og_title":"Keermeneetide neetimisadapter trellile RP160, Rapid - Ranoja","og_description":"Rapid RP160 muudab needimutrite ankurdamise lehtmetalli ja muude materjalide k\u00fclge lihtsaks, et saaksite seej\u00e4rel kruvi keermestatud mutrisse keerata. T\u00f6\u00f6riist t\u00f6\u00f6tab nagu adapter ja on kinnitatud puuri v\u00f5i kruvikeeraja k\u00fclge samamoodi nagu tavalise puuri v\u00f5i otsaku puhul. Masinal peab olema reguleeritav p\u00f6\u00f6rdemoment. Rapid RP160 on eriti t\u00f5hus suurte projektide jaoks, mis n\u00f5uavad palju needimutreid. T\u00f6\u00f6riistal on tugev, alumiiniumist monokokk-v\u00e4liskorpus ning h\u00f5lpsasti haardetav pind v\u00f5imaldab t\u00f6\u00f6tada ohutult ja suure t\u00e4psusega. K\u00f5ik mehaanilised osad on valmistatud karastatud terasest. Lisaks on hoolduse h\u00f5lbustamiseks kaasas paigaldusv\u00f5ti. T\u00f6\u00f6riist on m\u00f5eldud M4, M5, M6 ja M8 suuruse neetmutrite jaoks. Torn ja d\u00fc\u00fcsid on kaasas. Parimate tulemuste saavutamiseks peaksite kasutama v\u00e4hemalt 18 V aku mahutavusega puuri- v\u00f5i kruvikeerajat.","og_url":"https:\/\/ranoja.ee\/toode\/keermeneetide-neetimisadapter-trellile-rp160-rapid\/","og_site_name":"Ranoja","article_publisher":"https:\/\/www.facebook.com\/ranoja.ee","article_modified_time":"2026-03-17T14:53:08+00:00","og_image":[{"width":519,"height":449,"url":"https:\/\/ranoja.ee\/wp-content\/uploads\/2026\/03\/248642115.jpg","type":"image\/jpeg"}],"twitter_card":"summary_large_image","twitter_misc":{"Est. reading time":"1 minute"},"schema":{"@context":"https:\/\/schema.org","@graph":[{"@type":"WebPage","@id":"https:\/\/ranoja.ee\/toode\/keermeneetide-neetimisadapter-trellile-rp160-rapid\/","url":"https:\/\/ranoja.ee\/toode\/keermeneetide-neetimisadapter-trellile-rp160-rapid\/","name":"Keermeneetide neetimisadapter trellile RP160, Rapid - Ranoja","isPartOf":{"@id":"https:\/\/ranoja.ee\/#website"},"primaryImageOfPage":{"@id":"https:\/\/ranoja.ee\/toode\/keermeneetide-neetimisadapter-trellile-rp160-rapid\/#primaryimage"},"image":{"@id":"https:\/\/ranoja.ee\/toode\/keermeneetide-neetimisadapter-trellile-rp160-rapid\/#primaryimage"},"thumbnailUrl":"https:\/\/ranoja.ee\/wp-content\/uploads\/2026\/03\/248642115.jpg","datePublished":"2026-03-16T23:43:14+00:00","dateModified":"2026-03-17T14:53:08+00:00","breadcrumb":{"@id":"https:\/\/ranoja.ee\/toode\/keermeneetide-neetimisadapter-trellile-rp160-rapid\/#breadcrumb"},"inLanguage":"en-US","potentialAction":[{"@type":"ReadAction","target":["https:\/\/ranoja.ee\/toode\/keermeneetide-neetimisadapter-trellile-rp160-rapid\/"]}]},{"@type":"ImageObject","inLanguage":"en-US","@id":"https:\/\/ranoja.ee\/toode\/keermeneetide-neetimisadapter-trellile-rp160-rapid\/#primaryimage","url":"https:\/\/ranoja.ee\/wp-content\/uploads\/2026\/03\/248642115.jpg","contentUrl":"https:\/\/ranoja.ee\/wp-content\/uploads\/2026\/03\/248642115.jpg","width":519,"height":449},{"@type":"BreadcrumbList","@id":"https:\/\/ranoja.ee\/toode\/keermeneetide-neetimisadapter-trellile-rp160-rapid\/#breadcrumb","itemListElement":[{"@type":"ListItem","position":1,"name":"Home","item":"https:\/\/ranoja.ee\/"},{"@type":"ListItem","position":2,"name":"Shop","item":"https:\/\/ranoja.ee\/en\/shop\/"},{"@type":"ListItem","position":3,"name":"Keermeneetide neetimisadapter trellile RP160, Rapid"}]},{"@type":"WebSite","@id":"https:\/\/ranoja.ee\/#website","url":"https:\/\/ranoja.ee\/","name":"Ranoja","description":"Equipment Shop WooCommerce WordPress Theme for Machine &amp; Tools","publisher":{"@id":"https:\/\/ranoja.ee\/#organization"},"potentialAction":[{"@type":"SearchAction","target":{"@type":"EntryPoint","urlTemplate":"https:\/\/ranoja.ee\/?s={search_term_string}"},"query-input":{"@type":"PropertyValueSpecification","valueRequired":true,"valueName":"search_term_string"}}],"inLanguage":"en-US"},{"@type":"Organization","@id":"https:\/\/ranoja.ee\/#organization","name":"Ranoja O\u00dc","url":"https:\/\/ranoja.ee\/","logo":{"@type":"ImageObject","inLanguage":"en-US","@id":"https:\/\/ranoja.ee\/#\/schema\/logo\/image\/","url":"https:\/\/ranoja.ee\/wp-content\/uploads\/2023\/11\/ranoja-Logo.png","contentUrl":"https:\/\/ranoja.ee\/wp-content\/uploads\/2023\/11\/ranoja-Logo.png","width":207,"height":58,"caption":"Ranoja O\u00dc"},"image":{"@id":"https:\/\/ranoja.ee\/#\/schema\/logo\/image\/"},"sameAs":["https:\/\/www.facebook.com\/ranoja.ee","https:\/\/www.instagram.com\/ranoja__\/"]}]}},"_links":{"self":[{"href":"https:\/\/ranoja.ee\/en\/wp-json\/wp\/v2\/product\/62804","targetHints":{"allow":["GET"]}}],"collection":[{"href":"https:\/\/ranoja.ee\/en\/wp-json\/wp\/v2\/product"}],"about":[{"href":"https:\/\/ranoja.ee\/en\/wp-json\/wp\/v2\/types\/product"}],"wp:featuredmedia":[{"embeddable":true,"href":"https:\/\/ranoja.ee\/en\/wp-json\/wp\/v2\/media\/62805"}],"wp:attachment":[{"href":"https:\/\/ranoja.ee\/en\/wp-json\/wp\/v2\/media?parent=62804"}],"wp:term":[{"taxonomy":"product_cat","embeddable":true,"href":"https:\/\/ranoja.ee\/en\/wp-json\/wp\/v2\/product_cat?post=62804"},{"taxonomy":"product_tag","embeddable":true,"href":"https:\/\/ranoja.ee\/en\/wp-json\/wp\/v2\/product_tag?post=62804"}],"curies":[{"name":"wp","href":"https:\/\/api.w.org\/{rel}","templated":true}]}}