{"id":62776,"date":"2026-03-17T02:42:54","date_gmt":"2026-03-16T23:42:54","guid":{"rendered":"https:\/\/ranoja.ee\/toode\/esmaabikapp-pro-koos-poletushaava-toodetega-horeca-cederroth\/"},"modified":"2026-03-17T15:33:42","modified_gmt":"2026-03-17T12:33:42","slug":"esmaabikapp-pro-koos-poletushaava-toodetega-horeca-cederroth","status":"publish","type":"product","link":"https:\/\/ranoja.ee\/en\/toode\/esmaabikapp-pro-koos-poletushaava-toodetega-horeca-cederroth\/","title":{"rendered":"Esmaabikapp Pro koos p\u00f5letushaava toodetega, HoReCa, Cederroth"},"content":{"rendered":"","protected":false},"excerpt":{"rendered":"<p>Cederroth esmaabipunkt t\u00f6\u00f6kohtadele, kus on sissel\u00f5igete ja p\u00f5letuste oht, n\u00e4iteks k\u00f6\u00f6gis, elektri- ja tulet\u00f6\u00f6del, keevitjatel jne.<br \/>\n Mitmek\u00fclgse esmaabipunkti abil saab \u00f5nnetuse korral kiiresti t\u00f5husat esmaabi anda. P\u00f5letusgeel kaitseb ja leevendab valu v\u00e4iksemate p\u00f5letuste korral. Haavapadja jahutav h\u00fcdrogeel katab naha n\u00e4rvil\u00f5pmed, leevendades valu ja kiirendades paranemist. Haavapadi ei kleepu haava k\u00fclge. Cederroth p\u00f5letusgeel  ja steriilsed p\u00f5letushaavaside  jahutavad kiiresti ja leevendavad valu t\u00f5husalt. Geel jahutab sama t\u00f5husalt kui jooksev vesi. Soft Foam isekinnituv side on paindlik, mis tagab maksimaalse liikuvuse. Masinast saad lihtsalt \u00f5ige suurusega t\u00fcki l\u00f5igata. Pehme plaaster sobib igat t\u00fc\u00fcpi haavadele ja on veekindel. Salvequick sinised plastplaastrid sobivad toidu k\u00e4itlemiseks. Sinist plaastrit on lihtne tuvastada ja enamik toiduainet\u00f6\u00f6stuses kasutatavaid metallidetektoreid tunnevad selle \u00e4ra.<\/p>\n<p>NB! Toote sisu on m\u00f5eldud p\u00f5letusriskide maandamiseks ja haavadele.<br \/>\nKomplektis:<br \/>\n2 Cederroth 4-in-1 traumasidet (1910&#038;CEDER),  3 Cederroth 4-in-1 Mini sidemepakendit (1911&#038;CEDR), 2 (x 2) Cederroth p\u00f5letushaavasidet (901900&#038;CEDER), 1 Cederroth p\u00f5letusgeel, 100 ml (51011005&#038;CEDER), isekleepuv haavaside 2 m x 6 cm (51011011&#038;CEDER), 1 Salvequick plaastriautomaat koos siniste plaastritega (35 tavaplaastrit 51030127&#038;CEDER and 30 tava ja s\u00f5rmeotsaplaastrit 51030126&#038;CEDER), 1 karp p\u00f5letushaavaplaastreid (901903&#038;CEDER), 1 pakk (x 20) Salvequick haavapuhastuslappe (323700&#038;CEDER), 1 hingamismask (1921&#038;CEDER), 1 esmaabi andmise juhend, 1 v\u00f5ti<\/p>\n<p>M\u00f5\u00f5dud: L 29 x K 56 x S 12 cm<\/p>\n","protected":false},"featured_media":62777,"template":"","meta":{"inline_featured_image":false},"product_cat":[5071,5022],"product_tag":[],"class_list":{"0":"post-62776","1":"product","2":"type-product","3":"status-publish","4":"has-post-thumbnail","6":"product_brand-cederroth","7":"product_cat-esmaabivahendid","8":"product_cat-isikukaitsevahendid","10":"first","11":"outofstock","12":"purchasable","13":"product-type-simple"},"yoast_head":"<!-- This site is optimized with the Yoast SEO plugin v27.4 - https:\/\/yoast.com\/product\/yoast-seo-wordpress\/ -->\n<title>Esmaabikapp Pro koos p\u00f5letushaava toodetega, HoReCa, Cederroth - Ranoja<\/title>\n<meta name=\"robots\" content=\"index, follow, max-snippet:-1, max-image-preview:large, max-video-preview:-1\" \/>\n<link rel=\"canonical\" href=\"https:\/\/ranoja.ee\/toode\/esmaabikapp-pro-koos-poletushaava-toodetega-horeca-cederroth\/\" \/>\n<meta property=\"og:locale\" content=\"en_US\" \/>\n<meta property=\"og:type\" content=\"article\" \/>\n<meta property=\"og:title\" content=\"Esmaabikapp Pro koos p\u00f5letushaava toodetega, HoReCa, Cederroth - Ranoja\" \/>\n<meta property=\"og:description\" content=\"Cederroth esmaabipunkt t\u00f6\u00f6kohtadele, kus on sissel\u00f5igete ja p\u00f5letuste oht, n\u00e4iteks k\u00f6\u00f6gis, elektri- ja tulet\u00f6\u00f6del, keevitjatel jne. Mitmek\u00fclgse esmaabipunkti abil saab \u00f5nnetuse korral kiiresti t\u00f5husat esmaabi anda. P\u00f5letusgeel kaitseb ja leevendab valu v\u00e4iksemate p\u00f5letuste korral. Haavapadja jahutav h\u00fcdrogeel katab naha n\u00e4rvil\u00f5pmed, leevendades valu ja kiirendades paranemist. Haavapadi ei kleepu haava k\u00fclge. Cederroth p\u00f5letusgeel ja steriilsed p\u00f5letushaavaside jahutavad kiiresti ja leevendavad valu t\u00f5husalt. Geel jahutab sama t\u00f5husalt kui jooksev vesi. Soft Foam isekinnituv side on paindlik, mis tagab maksimaalse liikuvuse. Masinast saad lihtsalt \u00f5ige suurusega t\u00fcki l\u00f5igata. Pehme plaaster sobib igat t\u00fc\u00fcpi haavadele ja on veekindel. Salvequick sinised plastplaastrid sobivad toidu k\u00e4itlemiseks. Sinist plaastrit on lihtne tuvastada ja enamik toiduainet\u00f6\u00f6stuses kasutatavaid metallidetektoreid tunnevad selle \u00e4ra. NB! Toote sisu on m\u00f5eldud p\u00f5letusriskide maandamiseks ja haavadele. Komplektis: 2 Cederroth 4-in-1 traumasidet (1910&amp;CEDER), 3 Cederroth 4-in-1 Mini sidemepakendit (1911&amp;CEDR), 2 (x 2) Cederroth p\u00f5letushaavasidet (901900&amp;CEDER), 1 Cederroth p\u00f5letusgeel, 100 ml (51011005&amp;CEDER), isekleepuv haavaside 2 m x 6 cm (51011011&amp;CEDER), 1 Salvequick plaastriautomaat koos siniste plaastritega (35 tavaplaastrit 51030127&amp;CEDER and 30 tava ja s\u00f5rmeotsaplaastrit 51030126&amp;CEDER), 1 karp p\u00f5letushaavaplaastreid (901903&amp;CEDER), 1 pakk (x 20) Salvequick haavapuhastuslappe (323700&amp;CEDER), 1 hingamismask (1921&amp;CEDER), 1 esmaabi andmise juhend, 1 v\u00f5ti M\u00f5\u00f5dud: L 29 x K 56 x S 12 cm\" \/>\n<meta property=\"og:url\" content=\"https:\/\/ranoja.ee\/toode\/esmaabikapp-pro-koos-poletushaava-toodetega-horeca-cederroth\/\" \/>\n<meta property=\"og:site_name\" content=\"Ranoja\" \/>\n<meta property=\"article:publisher\" content=\"https:\/\/www.facebook.com\/ranoja.ee\" \/>\n<meta property=\"article:modified_time\" content=\"2026-03-17T12:33:42+00:00\" \/>\n<meta property=\"og:image\" content=\"https:\/\/ranoja.ee\/wp-content\/uploads\/2026\/03\/5637760395.jpg\" \/>\n\t<meta property=\"og:image:width\" content=\"492\" \/>\n\t<meta property=\"og:image:height\" content=\"900\" \/>\n\t<meta property=\"og:image:type\" content=\"image\/jpeg\" \/>\n<meta name=\"twitter:card\" content=\"summary_large_image\" \/>\n<script type=\"application\/ld+json\" class=\"yoast-schema-graph\">{\"@context\":\"https:\\\/\\\/schema.org\",\"@graph\":[{\"@type\":\"WebPage\",\"@id\":\"https:\\\/\\\/ranoja.ee\\\/toode\\\/esmaabikapp-pro-koos-poletushaava-toodetega-horeca-cederroth\\\/\",\"url\":\"https:\\\/\\\/ranoja.ee\\\/toode\\\/esmaabikapp-pro-koos-poletushaava-toodetega-horeca-cederroth\\\/\",\"name\":\"Esmaabikapp Pro koos p\u00f5letushaava toodetega, HoReCa, Cederroth - Ranoja\",\"isPartOf\":{\"@id\":\"https:\\\/\\\/ranoja.ee\\\/#website\"},\"primaryImageOfPage\":{\"@id\":\"https:\\\/\\\/ranoja.ee\\\/toode\\\/esmaabikapp-pro-koos-poletushaava-toodetega-horeca-cederroth\\\/#primaryimage\"},\"image\":{\"@id\":\"https:\\\/\\\/ranoja.ee\\\/toode\\\/esmaabikapp-pro-koos-poletushaava-toodetega-horeca-cederroth\\\/#primaryimage\"},\"thumbnailUrl\":\"https:\\\/\\\/ranoja.ee\\\/wp-content\\\/uploads\\\/2026\\\/03\\\/5637760395.jpg\",\"datePublished\":\"2026-03-16T23:42:54+00:00\",\"dateModified\":\"2026-03-17T12:33:42+00:00\",\"breadcrumb\":{\"@id\":\"https:\\\/\\\/ranoja.ee\\\/toode\\\/esmaabikapp-pro-koos-poletushaava-toodetega-horeca-cederroth\\\/#breadcrumb\"},\"inLanguage\":\"en-US\",\"potentialAction\":[{\"@type\":\"ReadAction\",\"target\":[\"https:\\\/\\\/ranoja.ee\\\/toode\\\/esmaabikapp-pro-koos-poletushaava-toodetega-horeca-cederroth\\\/\"]}]},{\"@type\":\"ImageObject\",\"inLanguage\":\"en-US\",\"@id\":\"https:\\\/\\\/ranoja.ee\\\/toode\\\/esmaabikapp-pro-koos-poletushaava-toodetega-horeca-cederroth\\\/#primaryimage\",\"url\":\"https:\\\/\\\/ranoja.ee\\\/wp-content\\\/uploads\\\/2026\\\/03\\\/5637760395.jpg\",\"contentUrl\":\"https:\\\/\\\/ranoja.ee\\\/wp-content\\\/uploads\\\/2026\\\/03\\\/5637760395.jpg\",\"width\":492,\"height\":900},{\"@type\":\"BreadcrumbList\",\"@id\":\"https:\\\/\\\/ranoja.ee\\\/toode\\\/esmaabikapp-pro-koos-poletushaava-toodetega-horeca-cederroth\\\/#breadcrumb\",\"itemListElement\":[{\"@type\":\"ListItem\",\"position\":1,\"name\":\"Home\",\"item\":\"https:\\\/\\\/ranoja.ee\\\/\"},{\"@type\":\"ListItem\",\"position\":2,\"name\":\"Shop\",\"item\":\"https:\\\/\\\/ranoja.ee\\\/en\\\/shop\\\/\"},{\"@type\":\"ListItem\",\"position\":3,\"name\":\"Esmaabikapp Pro koos p\u00f5letushaava toodetega, HoReCa, Cederroth\"}]},{\"@type\":\"WebSite\",\"@id\":\"https:\\\/\\\/ranoja.ee\\\/#website\",\"url\":\"https:\\\/\\\/ranoja.ee\\\/\",\"name\":\"Ranoja\",\"description\":\"Equipment Shop WooCommerce WordPress Theme for Machine &amp; Tools\",\"publisher\":{\"@id\":\"https:\\\/\\\/ranoja.ee\\\/#organization\"},\"potentialAction\":[{\"@type\":\"SearchAction\",\"target\":{\"@type\":\"EntryPoint\",\"urlTemplate\":\"https:\\\/\\\/ranoja.ee\\\/?s={search_term_string}\"},\"query-input\":{\"@type\":\"PropertyValueSpecification\",\"valueRequired\":true,\"valueName\":\"search_term_string\"}}],\"inLanguage\":\"en-US\"},{\"@type\":\"Organization\",\"@id\":\"https:\\\/\\\/ranoja.ee\\\/#organization\",\"name\":\"Ranoja O\u00dc\",\"url\":\"https:\\\/\\\/ranoja.ee\\\/\",\"logo\":{\"@type\":\"ImageObject\",\"inLanguage\":\"en-US\",\"@id\":\"https:\\\/\\\/ranoja.ee\\\/#\\\/schema\\\/logo\\\/image\\\/\",\"url\":\"https:\\\/\\\/ranoja.ee\\\/wp-content\\\/uploads\\\/2023\\\/11\\\/ranoja-Logo.png\",\"contentUrl\":\"https:\\\/\\\/ranoja.ee\\\/wp-content\\\/uploads\\\/2023\\\/11\\\/ranoja-Logo.png\",\"width\":207,\"height\":58,\"caption\":\"Ranoja O\u00dc\"},\"image\":{\"@id\":\"https:\\\/\\\/ranoja.ee\\\/#\\\/schema\\\/logo\\\/image\\\/\"},\"sameAs\":[\"https:\\\/\\\/www.facebook.com\\\/ranoja.ee\",\"https:\\\/\\\/www.instagram.com\\\/ranoja__\\\/\"]}]}<\/script>\n<!-- \/ Yoast SEO plugin. -->","yoast_head_json":{"title":"Esmaabikapp Pro koos p\u00f5letushaava toodetega, HoReCa, Cederroth - Ranoja","robots":{"index":"index","follow":"follow","max-snippet":"max-snippet:-1","max-image-preview":"max-image-preview:large","max-video-preview":"max-video-preview:-1"},"canonical":"https:\/\/ranoja.ee\/toode\/esmaabikapp-pro-koos-poletushaava-toodetega-horeca-cederroth\/","og_locale":"en_US","og_type":"article","og_title":"Esmaabikapp Pro koos p\u00f5letushaava toodetega, HoReCa, Cederroth - Ranoja","og_description":"Cederroth esmaabipunkt t\u00f6\u00f6kohtadele, kus on sissel\u00f5igete ja p\u00f5letuste oht, n\u00e4iteks k\u00f6\u00f6gis, elektri- ja tulet\u00f6\u00f6del, keevitjatel jne. Mitmek\u00fclgse esmaabipunkti abil saab \u00f5nnetuse korral kiiresti t\u00f5husat esmaabi anda. P\u00f5letusgeel kaitseb ja leevendab valu v\u00e4iksemate p\u00f5letuste korral. Haavapadja jahutav h\u00fcdrogeel katab naha n\u00e4rvil\u00f5pmed, leevendades valu ja kiirendades paranemist. Haavapadi ei kleepu haava k\u00fclge. Cederroth p\u00f5letusgeel ja steriilsed p\u00f5letushaavaside jahutavad kiiresti ja leevendavad valu t\u00f5husalt. Geel jahutab sama t\u00f5husalt kui jooksev vesi. Soft Foam isekinnituv side on paindlik, mis tagab maksimaalse liikuvuse. Masinast saad lihtsalt \u00f5ige suurusega t\u00fcki l\u00f5igata. Pehme plaaster sobib igat t\u00fc\u00fcpi haavadele ja on veekindel. Salvequick sinised plastplaastrid sobivad toidu k\u00e4itlemiseks. Sinist plaastrit on lihtne tuvastada ja enamik toiduainet\u00f6\u00f6stuses kasutatavaid metallidetektoreid tunnevad selle \u00e4ra. NB! Toote sisu on m\u00f5eldud p\u00f5letusriskide maandamiseks ja haavadele. Komplektis: 2 Cederroth 4-in-1 traumasidet (1910&CEDER), 3 Cederroth 4-in-1 Mini sidemepakendit (1911&CEDR), 2 (x 2) Cederroth p\u00f5letushaavasidet (901900&CEDER), 1 Cederroth p\u00f5letusgeel, 100 ml (51011005&CEDER), isekleepuv haavaside 2 m x 6 cm (51011011&CEDER), 1 Salvequick plaastriautomaat koos siniste plaastritega (35 tavaplaastrit 51030127&CEDER and 30 tava ja s\u00f5rmeotsaplaastrit 51030126&CEDER), 1 karp p\u00f5letushaavaplaastreid (901903&CEDER), 1 pakk (x 20) Salvequick haavapuhastuslappe (323700&CEDER), 1 hingamismask (1921&CEDER), 1 esmaabi andmise juhend, 1 v\u00f5ti M\u00f5\u00f5dud: L 29 x K 56 x S 12 cm","og_url":"https:\/\/ranoja.ee\/toode\/esmaabikapp-pro-koos-poletushaava-toodetega-horeca-cederroth\/","og_site_name":"Ranoja","article_publisher":"https:\/\/www.facebook.com\/ranoja.ee","article_modified_time":"2026-03-17T12:33:42+00:00","og_image":[{"width":492,"height":900,"url":"https:\/\/ranoja.ee\/wp-content\/uploads\/2026\/03\/5637760395.jpg","type":"image\/jpeg"}],"twitter_card":"summary_large_image","schema":{"@context":"https:\/\/schema.org","@graph":[{"@type":"WebPage","@id":"https:\/\/ranoja.ee\/toode\/esmaabikapp-pro-koos-poletushaava-toodetega-horeca-cederroth\/","url":"https:\/\/ranoja.ee\/toode\/esmaabikapp-pro-koos-poletushaava-toodetega-horeca-cederroth\/","name":"Esmaabikapp Pro koos p\u00f5letushaava toodetega, HoReCa, Cederroth - Ranoja","isPartOf":{"@id":"https:\/\/ranoja.ee\/#website"},"primaryImageOfPage":{"@id":"https:\/\/ranoja.ee\/toode\/esmaabikapp-pro-koos-poletushaava-toodetega-horeca-cederroth\/#primaryimage"},"image":{"@id":"https:\/\/ranoja.ee\/toode\/esmaabikapp-pro-koos-poletushaava-toodetega-horeca-cederroth\/#primaryimage"},"thumbnailUrl":"https:\/\/ranoja.ee\/wp-content\/uploads\/2026\/03\/5637760395.jpg","datePublished":"2026-03-16T23:42:54+00:00","dateModified":"2026-03-17T12:33:42+00:00","breadcrumb":{"@id":"https:\/\/ranoja.ee\/toode\/esmaabikapp-pro-koos-poletushaava-toodetega-horeca-cederroth\/#breadcrumb"},"inLanguage":"en-US","potentialAction":[{"@type":"ReadAction","target":["https:\/\/ranoja.ee\/toode\/esmaabikapp-pro-koos-poletushaava-toodetega-horeca-cederroth\/"]}]},{"@type":"ImageObject","inLanguage":"en-US","@id":"https:\/\/ranoja.ee\/toode\/esmaabikapp-pro-koos-poletushaava-toodetega-horeca-cederroth\/#primaryimage","url":"https:\/\/ranoja.ee\/wp-content\/uploads\/2026\/03\/5637760395.jpg","contentUrl":"https:\/\/ranoja.ee\/wp-content\/uploads\/2026\/03\/5637760395.jpg","width":492,"height":900},{"@type":"BreadcrumbList","@id":"https:\/\/ranoja.ee\/toode\/esmaabikapp-pro-koos-poletushaava-toodetega-horeca-cederroth\/#breadcrumb","itemListElement":[{"@type":"ListItem","position":1,"name":"Home","item":"https:\/\/ranoja.ee\/"},{"@type":"ListItem","position":2,"name":"Shop","item":"https:\/\/ranoja.ee\/en\/shop\/"},{"@type":"ListItem","position":3,"name":"Esmaabikapp Pro koos p\u00f5letushaava toodetega, HoReCa, Cederroth"}]},{"@type":"WebSite","@id":"https:\/\/ranoja.ee\/#website","url":"https:\/\/ranoja.ee\/","name":"Ranoja","description":"Equipment Shop WooCommerce WordPress Theme for Machine &amp; Tools","publisher":{"@id":"https:\/\/ranoja.ee\/#organization"},"potentialAction":[{"@type":"SearchAction","target":{"@type":"EntryPoint","urlTemplate":"https:\/\/ranoja.ee\/?s={search_term_string}"},"query-input":{"@type":"PropertyValueSpecification","valueRequired":true,"valueName":"search_term_string"}}],"inLanguage":"en-US"},{"@type":"Organization","@id":"https:\/\/ranoja.ee\/#organization","name":"Ranoja O\u00dc","url":"https:\/\/ranoja.ee\/","logo":{"@type":"ImageObject","inLanguage":"en-US","@id":"https:\/\/ranoja.ee\/#\/schema\/logo\/image\/","url":"https:\/\/ranoja.ee\/wp-content\/uploads\/2023\/11\/ranoja-Logo.png","contentUrl":"https:\/\/ranoja.ee\/wp-content\/uploads\/2023\/11\/ranoja-Logo.png","width":207,"height":58,"caption":"Ranoja O\u00dc"},"image":{"@id":"https:\/\/ranoja.ee\/#\/schema\/logo\/image\/"},"sameAs":["https:\/\/www.facebook.com\/ranoja.ee","https:\/\/www.instagram.com\/ranoja__\/"]}]}},"_links":{"self":[{"href":"https:\/\/ranoja.ee\/en\/wp-json\/wp\/v2\/product\/62776","targetHints":{"allow":["GET"]}}],"collection":[{"href":"https:\/\/ranoja.ee\/en\/wp-json\/wp\/v2\/product"}],"about":[{"href":"https:\/\/ranoja.ee\/en\/wp-json\/wp\/v2\/types\/product"}],"wp:featuredmedia":[{"embeddable":true,"href":"https:\/\/ranoja.ee\/en\/wp-json\/wp\/v2\/media\/62777"}],"wp:attachment":[{"href":"https:\/\/ranoja.ee\/en\/wp-json\/wp\/v2\/media?parent=62776"}],"wp:term":[{"taxonomy":"product_cat","embeddable":true,"href":"https:\/\/ranoja.ee\/en\/wp-json\/wp\/v2\/product_cat?post=62776"},{"taxonomy":"product_tag","embeddable":true,"href":"https:\/\/ranoja.ee\/en\/wp-json\/wp\/v2\/product_tag?post=62776"}],"curies":[{"name":"wp","href":"https:\/\/api.w.org\/{rel}","templated":true}]}}