{"id":62767,"date":"2026-03-17T02:42:54","date_gmt":"2026-03-16T23:42:54","guid":{"rendered":"https:\/\/ranoja.ee\/toode\/diiselkutuse-lisand-toitesusteemi-vps-synpower-diesel-350-ml-valvoline\/"},"modified":"2026-03-17T15:33:42","modified_gmt":"2026-03-17T12:33:42","slug":"diiselkutuse-lisand-toitesusteemi-vps-synpower-diesel-350-ml-valvoline","status":"publish","type":"product","link":"https:\/\/ranoja.ee\/en\/toode\/diiselkutuse-lisand-toitesusteemi-vps-synpower-diesel-350-ml-valvoline\/","title":{"rendered":"Diiselk\u00fctuse lisand\/toites\u00fcsteemi VPS Synpower Diesel 350 ml, Valvoline"},"content":{"rendered":"","protected":false},"excerpt":{"rendered":"<p>Valvoline Professional Series tippklassi k\u00fctuselisand taastab maksimaalse mootori v\u00f5imsuse.Parandab k\u00fclmk\u00e4ivitust kuna sisaldab tsetaanarvu parendit<br \/>\nHoiab toites\u00fcsteemi efektiivsena.<br \/>\nV\u00e4hendab heitgaase mis on p\u00f5hjustatud sadestistest ja mittet\u00e4ielikust p\u00f5lemisest<br \/>\nV\u00e4hendab seisuaega hoides toites\u00fcsteemi puhtana ning v\u00e4hendab kulumist ja korrosiooni (pihustid, pump)<br \/>\nVastab EU k\u00fctusenormile EN590<br \/>\n350 ml on m\u00f5eldud kuni 100 ltr k\u00fctusele. Sobilik kasutada ka k\u00f5igis vanemates diiselmootorites aga eesk\u00e4tt alates Euro4 heitmenormiga diiselmootorites. V\u00e4ljalaskeaasta 2005 ja uuemates.<\/p>\n","protected":false},"featured_media":62768,"template":"","meta":{"inline_featured_image":false},"product_cat":[5055,5126,5009],"product_tag":[],"class_list":{"0":"post-62767","1":"product","2":"type-product","3":"status-publish","4":"has-post-thumbnail","6":"product_brand-valvoline","7":"product_cat-autohoolduskeemia","8":"product_cat-mootorihooldus","9":"product_cat-toostus-ja-autokeemia","11":"first","12":"outofstock","13":"purchasable","14":"product-type-simple"},"yoast_head":"<!-- This site is optimized with the Yoast SEO plugin v27.4 - https:\/\/yoast.com\/product\/yoast-seo-wordpress\/ -->\n<title>Diiselk\u00fctuse lisand\/toites\u00fcsteemi VPS Synpower Diesel 350 ml, Valvoline - Ranoja<\/title>\n<meta name=\"robots\" content=\"index, follow, max-snippet:-1, max-image-preview:large, max-video-preview:-1\" \/>\n<link rel=\"canonical\" href=\"https:\/\/ranoja.ee\/toode\/diiselkutuse-lisand-toitesusteemi-vps-synpower-diesel-350-ml-valvoline\/\" \/>\n<meta property=\"og:locale\" content=\"en_US\" \/>\n<meta property=\"og:type\" content=\"article\" \/>\n<meta property=\"og:title\" content=\"Diiselk\u00fctuse lisand\/toites\u00fcsteemi VPS Synpower Diesel 350 ml, Valvoline - Ranoja\" \/>\n<meta property=\"og:description\" content=\"Valvoline Professional Series tippklassi k\u00fctuselisand taastab maksimaalse mootori v\u00f5imsuse.Parandab k\u00fclmk\u00e4ivitust kuna sisaldab tsetaanarvu parendit Hoiab toites\u00fcsteemi efektiivsena. V\u00e4hendab heitgaase mis on p\u00f5hjustatud sadestistest ja mittet\u00e4ielikust p\u00f5lemisest V\u00e4hendab seisuaega hoides toites\u00fcsteemi puhtana ning v\u00e4hendab kulumist ja korrosiooni (pihustid, pump) Vastab EU k\u00fctusenormile EN590 350 ml on m\u00f5eldud kuni 100 ltr k\u00fctusele. Sobilik kasutada ka k\u00f5igis vanemates diiselmootorites aga eesk\u00e4tt alates Euro4 heitmenormiga diiselmootorites. V\u00e4ljalaskeaasta 2005 ja uuemates.\" \/>\n<meta property=\"og:url\" content=\"https:\/\/ranoja.ee\/toode\/diiselkutuse-lisand-toitesusteemi-vps-synpower-diesel-350-ml-valvoline\/\" \/>\n<meta property=\"og:site_name\" content=\"Ranoja\" \/>\n<meta property=\"article:publisher\" content=\"https:\/\/www.facebook.com\/ranoja.ee\" \/>\n<meta property=\"article:modified_time\" content=\"2026-03-17T12:33:42+00:00\" \/>\n<meta property=\"og:image\" content=\"https:\/\/ranoja.ee\/wp-content\/uploads\/2026\/03\/133989485.jpg\" \/>\n\t<meta property=\"og:image:width\" content=\"393\" \/>\n\t<meta property=\"og:image:height\" content=\"500\" \/>\n\t<meta property=\"og:image:type\" content=\"image\/jpeg\" \/>\n<meta name=\"twitter:card\" content=\"summary_large_image\" \/>\n<script type=\"application\/ld+json\" class=\"yoast-schema-graph\">{\"@context\":\"https:\\\/\\\/schema.org\",\"@graph\":[{\"@type\":\"WebPage\",\"@id\":\"https:\\\/\\\/ranoja.ee\\\/toode\\\/diiselkutuse-lisand-toitesusteemi-vps-synpower-diesel-350-ml-valvoline\\\/\",\"url\":\"https:\\\/\\\/ranoja.ee\\\/toode\\\/diiselkutuse-lisand-toitesusteemi-vps-synpower-diesel-350-ml-valvoline\\\/\",\"name\":\"Diiselk\u00fctuse lisand\\\/toites\u00fcsteemi VPS Synpower Diesel 350 ml, Valvoline - Ranoja\",\"isPartOf\":{\"@id\":\"https:\\\/\\\/ranoja.ee\\\/#website\"},\"primaryImageOfPage\":{\"@id\":\"https:\\\/\\\/ranoja.ee\\\/toode\\\/diiselkutuse-lisand-toitesusteemi-vps-synpower-diesel-350-ml-valvoline\\\/#primaryimage\"},\"image\":{\"@id\":\"https:\\\/\\\/ranoja.ee\\\/toode\\\/diiselkutuse-lisand-toitesusteemi-vps-synpower-diesel-350-ml-valvoline\\\/#primaryimage\"},\"thumbnailUrl\":\"https:\\\/\\\/ranoja.ee\\\/wp-content\\\/uploads\\\/2026\\\/03\\\/133989485.jpg\",\"datePublished\":\"2026-03-16T23:42:54+00:00\",\"dateModified\":\"2026-03-17T12:33:42+00:00\",\"breadcrumb\":{\"@id\":\"https:\\\/\\\/ranoja.ee\\\/toode\\\/diiselkutuse-lisand-toitesusteemi-vps-synpower-diesel-350-ml-valvoline\\\/#breadcrumb\"},\"inLanguage\":\"en-US\",\"potentialAction\":[{\"@type\":\"ReadAction\",\"target\":[\"https:\\\/\\\/ranoja.ee\\\/toode\\\/diiselkutuse-lisand-toitesusteemi-vps-synpower-diesel-350-ml-valvoline\\\/\"]}]},{\"@type\":\"ImageObject\",\"inLanguage\":\"en-US\",\"@id\":\"https:\\\/\\\/ranoja.ee\\\/toode\\\/diiselkutuse-lisand-toitesusteemi-vps-synpower-diesel-350-ml-valvoline\\\/#primaryimage\",\"url\":\"https:\\\/\\\/ranoja.ee\\\/wp-content\\\/uploads\\\/2026\\\/03\\\/133989485.jpg\",\"contentUrl\":\"https:\\\/\\\/ranoja.ee\\\/wp-content\\\/uploads\\\/2026\\\/03\\\/133989485.jpg\",\"width\":393,\"height\":500},{\"@type\":\"BreadcrumbList\",\"@id\":\"https:\\\/\\\/ranoja.ee\\\/toode\\\/diiselkutuse-lisand-toitesusteemi-vps-synpower-diesel-350-ml-valvoline\\\/#breadcrumb\",\"itemListElement\":[{\"@type\":\"ListItem\",\"position\":1,\"name\":\"Home\",\"item\":\"https:\\\/\\\/ranoja.ee\\\/\"},{\"@type\":\"ListItem\",\"position\":2,\"name\":\"Shop\",\"item\":\"https:\\\/\\\/ranoja.ee\\\/en\\\/shop\\\/\"},{\"@type\":\"ListItem\",\"position\":3,\"name\":\"Diiselk\u00fctuse lisand\\\/toites\u00fcsteemi VPS Synpower Diesel 350 ml, Valvoline\"}]},{\"@type\":\"WebSite\",\"@id\":\"https:\\\/\\\/ranoja.ee\\\/#website\",\"url\":\"https:\\\/\\\/ranoja.ee\\\/\",\"name\":\"Ranoja\",\"description\":\"Equipment Shop WooCommerce WordPress Theme for Machine &amp; Tools\",\"publisher\":{\"@id\":\"https:\\\/\\\/ranoja.ee\\\/#organization\"},\"potentialAction\":[{\"@type\":\"SearchAction\",\"target\":{\"@type\":\"EntryPoint\",\"urlTemplate\":\"https:\\\/\\\/ranoja.ee\\\/?s={search_term_string}\"},\"query-input\":{\"@type\":\"PropertyValueSpecification\",\"valueRequired\":true,\"valueName\":\"search_term_string\"}}],\"inLanguage\":\"en-US\"},{\"@type\":\"Organization\",\"@id\":\"https:\\\/\\\/ranoja.ee\\\/#organization\",\"name\":\"Ranoja O\u00dc\",\"url\":\"https:\\\/\\\/ranoja.ee\\\/\",\"logo\":{\"@type\":\"ImageObject\",\"inLanguage\":\"en-US\",\"@id\":\"https:\\\/\\\/ranoja.ee\\\/#\\\/schema\\\/logo\\\/image\\\/\",\"url\":\"https:\\\/\\\/ranoja.ee\\\/wp-content\\\/uploads\\\/2023\\\/11\\\/ranoja-Logo.png\",\"contentUrl\":\"https:\\\/\\\/ranoja.ee\\\/wp-content\\\/uploads\\\/2023\\\/11\\\/ranoja-Logo.png\",\"width\":207,\"height\":58,\"caption\":\"Ranoja O\u00dc\"},\"image\":{\"@id\":\"https:\\\/\\\/ranoja.ee\\\/#\\\/schema\\\/logo\\\/image\\\/\"},\"sameAs\":[\"https:\\\/\\\/www.facebook.com\\\/ranoja.ee\",\"https:\\\/\\\/www.instagram.com\\\/ranoja__\\\/\"]}]}<\/script>\n<!-- \/ Yoast SEO plugin. -->","yoast_head_json":{"title":"Diiselk\u00fctuse lisand\/toites\u00fcsteemi VPS Synpower Diesel 350 ml, Valvoline - Ranoja","robots":{"index":"index","follow":"follow","max-snippet":"max-snippet:-1","max-image-preview":"max-image-preview:large","max-video-preview":"max-video-preview:-1"},"canonical":"https:\/\/ranoja.ee\/toode\/diiselkutuse-lisand-toitesusteemi-vps-synpower-diesel-350-ml-valvoline\/","og_locale":"en_US","og_type":"article","og_title":"Diiselk\u00fctuse lisand\/toites\u00fcsteemi VPS Synpower Diesel 350 ml, Valvoline - Ranoja","og_description":"Valvoline Professional Series tippklassi k\u00fctuselisand taastab maksimaalse mootori v\u00f5imsuse.Parandab k\u00fclmk\u00e4ivitust kuna sisaldab tsetaanarvu parendit Hoiab toites\u00fcsteemi efektiivsena. V\u00e4hendab heitgaase mis on p\u00f5hjustatud sadestistest ja mittet\u00e4ielikust p\u00f5lemisest V\u00e4hendab seisuaega hoides toites\u00fcsteemi puhtana ning v\u00e4hendab kulumist ja korrosiooni (pihustid, pump) Vastab EU k\u00fctusenormile EN590 350 ml on m\u00f5eldud kuni 100 ltr k\u00fctusele. Sobilik kasutada ka k\u00f5igis vanemates diiselmootorites aga eesk\u00e4tt alates Euro4 heitmenormiga diiselmootorites. V\u00e4ljalaskeaasta 2005 ja uuemates.","og_url":"https:\/\/ranoja.ee\/toode\/diiselkutuse-lisand-toitesusteemi-vps-synpower-diesel-350-ml-valvoline\/","og_site_name":"Ranoja","article_publisher":"https:\/\/www.facebook.com\/ranoja.ee","article_modified_time":"2026-03-17T12:33:42+00:00","og_image":[{"width":393,"height":500,"url":"https:\/\/ranoja.ee\/wp-content\/uploads\/2026\/03\/133989485.jpg","type":"image\/jpeg"}],"twitter_card":"summary_large_image","schema":{"@context":"https:\/\/schema.org","@graph":[{"@type":"WebPage","@id":"https:\/\/ranoja.ee\/toode\/diiselkutuse-lisand-toitesusteemi-vps-synpower-diesel-350-ml-valvoline\/","url":"https:\/\/ranoja.ee\/toode\/diiselkutuse-lisand-toitesusteemi-vps-synpower-diesel-350-ml-valvoline\/","name":"Diiselk\u00fctuse lisand\/toites\u00fcsteemi VPS Synpower Diesel 350 ml, Valvoline - Ranoja","isPartOf":{"@id":"https:\/\/ranoja.ee\/#website"},"primaryImageOfPage":{"@id":"https:\/\/ranoja.ee\/toode\/diiselkutuse-lisand-toitesusteemi-vps-synpower-diesel-350-ml-valvoline\/#primaryimage"},"image":{"@id":"https:\/\/ranoja.ee\/toode\/diiselkutuse-lisand-toitesusteemi-vps-synpower-diesel-350-ml-valvoline\/#primaryimage"},"thumbnailUrl":"https:\/\/ranoja.ee\/wp-content\/uploads\/2026\/03\/133989485.jpg","datePublished":"2026-03-16T23:42:54+00:00","dateModified":"2026-03-17T12:33:42+00:00","breadcrumb":{"@id":"https:\/\/ranoja.ee\/toode\/diiselkutuse-lisand-toitesusteemi-vps-synpower-diesel-350-ml-valvoline\/#breadcrumb"},"inLanguage":"en-US","potentialAction":[{"@type":"ReadAction","target":["https:\/\/ranoja.ee\/toode\/diiselkutuse-lisand-toitesusteemi-vps-synpower-diesel-350-ml-valvoline\/"]}]},{"@type":"ImageObject","inLanguage":"en-US","@id":"https:\/\/ranoja.ee\/toode\/diiselkutuse-lisand-toitesusteemi-vps-synpower-diesel-350-ml-valvoline\/#primaryimage","url":"https:\/\/ranoja.ee\/wp-content\/uploads\/2026\/03\/133989485.jpg","contentUrl":"https:\/\/ranoja.ee\/wp-content\/uploads\/2026\/03\/133989485.jpg","width":393,"height":500},{"@type":"BreadcrumbList","@id":"https:\/\/ranoja.ee\/toode\/diiselkutuse-lisand-toitesusteemi-vps-synpower-diesel-350-ml-valvoline\/#breadcrumb","itemListElement":[{"@type":"ListItem","position":1,"name":"Home","item":"https:\/\/ranoja.ee\/"},{"@type":"ListItem","position":2,"name":"Shop","item":"https:\/\/ranoja.ee\/en\/shop\/"},{"@type":"ListItem","position":3,"name":"Diiselk\u00fctuse lisand\/toites\u00fcsteemi VPS Synpower Diesel 350 ml, Valvoline"}]},{"@type":"WebSite","@id":"https:\/\/ranoja.ee\/#website","url":"https:\/\/ranoja.ee\/","name":"Ranoja","description":"Equipment Shop WooCommerce WordPress Theme for Machine &amp; Tools","publisher":{"@id":"https:\/\/ranoja.ee\/#organization"},"potentialAction":[{"@type":"SearchAction","target":{"@type":"EntryPoint","urlTemplate":"https:\/\/ranoja.ee\/?s={search_term_string}"},"query-input":{"@type":"PropertyValueSpecification","valueRequired":true,"valueName":"search_term_string"}}],"inLanguage":"en-US"},{"@type":"Organization","@id":"https:\/\/ranoja.ee\/#organization","name":"Ranoja O\u00dc","url":"https:\/\/ranoja.ee\/","logo":{"@type":"ImageObject","inLanguage":"en-US","@id":"https:\/\/ranoja.ee\/#\/schema\/logo\/image\/","url":"https:\/\/ranoja.ee\/wp-content\/uploads\/2023\/11\/ranoja-Logo.png","contentUrl":"https:\/\/ranoja.ee\/wp-content\/uploads\/2023\/11\/ranoja-Logo.png","width":207,"height":58,"caption":"Ranoja O\u00dc"},"image":{"@id":"https:\/\/ranoja.ee\/#\/schema\/logo\/image\/"},"sameAs":["https:\/\/www.facebook.com\/ranoja.ee","https:\/\/www.instagram.com\/ranoja__\/"]}]}},"_links":{"self":[{"href":"https:\/\/ranoja.ee\/en\/wp-json\/wp\/v2\/product\/62767","targetHints":{"allow":["GET"]}}],"collection":[{"href":"https:\/\/ranoja.ee\/en\/wp-json\/wp\/v2\/product"}],"about":[{"href":"https:\/\/ranoja.ee\/en\/wp-json\/wp\/v2\/types\/product"}],"wp:featuredmedia":[{"embeddable":true,"href":"https:\/\/ranoja.ee\/en\/wp-json\/wp\/v2\/media\/62768"}],"wp:attachment":[{"href":"https:\/\/ranoja.ee\/en\/wp-json\/wp\/v2\/media?parent=62767"}],"wp:term":[{"taxonomy":"product_cat","embeddable":true,"href":"https:\/\/ranoja.ee\/en\/wp-json\/wp\/v2\/product_cat?post=62767"},{"taxonomy":"product_tag","embeddable":true,"href":"https:\/\/ranoja.ee\/en\/wp-json\/wp\/v2\/product_tag?post=62767"}],"curies":[{"name":"wp","href":"https:\/\/api.w.org\/{rel}","templated":true}]}}