{"id":62765,"date":"2026-03-17T02:42:54","date_gmt":"2026-03-16T23:42:54","guid":{"rendered":"https:\/\/ranoja.ee\/toode\/radiaatori-lekkepeataja-cooling-system-stop-leak-300-ml-valvoline\/"},"modified":"2026-03-17T15:33:42","modified_gmt":"2026-03-17T12:33:42","slug":"radiaatori-lekkepeataja-cooling-system-stop-leak-300-ml-valvoline","status":"publish","type":"product","link":"https:\/\/ranoja.ee\/en\/toode\/radiaatori-lekkepeataja-cooling-system-stop-leak-300-ml-valvoline\/","title":{"rendered":"Radiaatori lekkepeataja Cooling System Stop Leak 300 ml, Valvoline"},"content":{"rendered":"","protected":false},"excerpt":{"rendered":"<p>Kiire ja efektiivne vahend jahutuss\u00fcsteemi lekete peatamiseks.<br \/>\n&#8211; Pakub kiire lahenduse kauakestva toimega<br \/>\n&#8211; Peatab t\u00f5husalt tihendite tilkumise, ebatihesused ja aurustuskaod. Ei ummista jahutuskanaleid.<br \/>\n&#8211; Sobilik kasutada igat t\u00fc\u00fcpi jahutusvedelikega.<br \/>\n&#8211; Lihtne kasutada. Puudub vajadus eriseadmete j\u00e4rele.<br \/>\nKasutuskohad:<br \/>\nSobib nii bensiini kui diiselmootoriga s\u00f5idukitele. Sobib ka kinniste jahutus s\u00fcsteemidele. T\u00e4ielikult \u00fchilduv k\u00f5ikide jahutusvedelikega.<br \/>\nEi ole t\u00e4heldatud kahjulikku efekti kummile, plastikule, v\u00e4rvilistele metallidele ega teistele metalli sulamitele.<br \/>\nKasutada juhul kui:<br \/>\n&#8211; Avastatud v\u00f5imalik blokikaane tihendi leke<br \/>\n&#8211; Kui lekivad \u00fchendusvoolikud v\u00f5i \u00fchendsukohad.<br \/>\n&#8211; Kui on peenpraod radiaatoris, plokikaanel v\u00f5i mootoriplokil.<br \/>\nKasutusjuhend:<br \/>\nKeera radiaatori v\u00f5i jahutuss\u00fcsteemil kork maha ja k\u00e4ivita mootor. L\u00fclita soojendus maksimum temepratuurile. Oota kuniks tekib jahutusvedeliku ringlus.<br \/>\nLoksuta pudelit korralikult ja kalla pudeli sisu t\u00f6\u00f6tavale mootorile jahutuss\u00fcsteemi.<br \/>\nLisa vajadusel jahutusvedelikku kuni maksimum nivooni.(mitte \u00fcletada maksimum nivood) ja sule jahutus\u00fcsteem korgiga. Peale seda j\u00e4ta mootor t\u00fchik\u00e4igul t\u00f6\u00f6le v\u00e4hemalt 10 minutiks v\u00f5i tee v\u00e4hemalt ajaliselt sama pikk proovis\u00f5it. <br \/>\nPeale testis\u00f5itu kontrolli jahutuss\u00fcsteemi nivood, vajadusel lisa jahutusvedelikku. Peale mootori jahtumist kontrolli jahutuss\u00fcsteemi tuulutust ja s\u00fcsteemi ebatihesusi.<br \/>\nDoseerimise soovitus:<br \/>\nS\u00f5iduatod &#8211; 1 pudel 10L jahutusvedeliku kohta<br \/>\nVeokid ja traktorid &#8211; 2 pudelit maksimum 30L jahutusvedeliku kohta.<\/p>\n","protected":false},"featured_media":62766,"template":"","meta":{"inline_featured_image":false},"product_cat":[5055,5126,5009],"product_tag":[],"class_list":{"0":"post-62765","1":"product","2":"type-product","3":"status-publish","4":"has-post-thumbnail","6":"product_brand-valvoline","7":"product_cat-autohoolduskeemia","8":"product_cat-mootorihooldus","9":"product_cat-toostus-ja-autokeemia","11":"first","12":"outofstock","13":"purchasable","14":"product-type-simple"},"yoast_head":"<!-- This site is optimized with the Yoast SEO plugin v27.4 - https:\/\/yoast.com\/product\/yoast-seo-wordpress\/ -->\n<title>Radiaatori lekkepeataja Cooling System Stop Leak 300 ml, Valvoline - Ranoja<\/title>\n<meta name=\"robots\" content=\"index, follow, max-snippet:-1, max-image-preview:large, max-video-preview:-1\" \/>\n<link rel=\"canonical\" href=\"https:\/\/ranoja.ee\/toode\/radiaatori-lekkepeataja-cooling-system-stop-leak-300-ml-valvoline\/\" \/>\n<meta property=\"og:locale\" content=\"en_US\" \/>\n<meta property=\"og:type\" content=\"article\" \/>\n<meta property=\"og:title\" content=\"Radiaatori lekkepeataja Cooling System Stop Leak 300 ml, Valvoline - Ranoja\" \/>\n<meta property=\"og:description\" content=\"Kiire ja efektiivne vahend jahutuss\u00fcsteemi lekete peatamiseks. - Pakub kiire lahenduse kauakestva toimega - Peatab t\u00f5husalt tihendite tilkumise, ebatihesused ja aurustuskaod. Ei ummista jahutuskanaleid. - Sobilik kasutada igat t\u00fc\u00fcpi jahutusvedelikega. - Lihtne kasutada. Puudub vajadus eriseadmete j\u00e4rele. Kasutuskohad: Sobib nii bensiini kui diiselmootoriga s\u00f5idukitele. Sobib ka kinniste jahutus s\u00fcsteemidele. T\u00e4ielikult \u00fchilduv k\u00f5ikide jahutusvedelikega. Ei ole t\u00e4heldatud kahjulikku efekti kummile, plastikule, v\u00e4rvilistele metallidele ega teistele metalli sulamitele. Kasutada juhul kui: - Avastatud v\u00f5imalik blokikaane tihendi leke - Kui lekivad \u00fchendusvoolikud v\u00f5i \u00fchendsukohad. - Kui on peenpraod radiaatoris, plokikaanel v\u00f5i mootoriplokil. Kasutusjuhend: Keera radiaatori v\u00f5i jahutuss\u00fcsteemil kork maha ja k\u00e4ivita mootor. L\u00fclita soojendus maksimum temepratuurile. Oota kuniks tekib jahutusvedeliku ringlus. Loksuta pudelit korralikult ja kalla pudeli sisu t\u00f6\u00f6tavale mootorile jahutuss\u00fcsteemi. Lisa vajadusel jahutusvedelikku kuni maksimum nivooni.(mitte \u00fcletada maksimum nivood) ja sule jahutus\u00fcsteem korgiga. Peale seda j\u00e4ta mootor t\u00fchik\u00e4igul t\u00f6\u00f6le v\u00e4hemalt 10 minutiks v\u00f5i tee v\u00e4hemalt ajaliselt sama pikk proovis\u00f5it. Peale testis\u00f5itu kontrolli jahutuss\u00fcsteemi nivood, vajadusel lisa jahutusvedelikku. Peale mootori jahtumist kontrolli jahutuss\u00fcsteemi tuulutust ja s\u00fcsteemi ebatihesusi. Doseerimise soovitus: S\u00f5iduatod - 1 pudel 10L jahutusvedeliku kohta Veokid ja traktorid - 2 pudelit maksimum 30L jahutusvedeliku kohta.\" \/>\n<meta property=\"og:url\" content=\"https:\/\/ranoja.ee\/toode\/radiaatori-lekkepeataja-cooling-system-stop-leak-300-ml-valvoline\/\" \/>\n<meta property=\"og:site_name\" content=\"Ranoja\" \/>\n<meta property=\"article:publisher\" content=\"https:\/\/www.facebook.com\/ranoja.ee\" \/>\n<meta property=\"article:modified_time\" content=\"2026-03-17T12:33:42+00:00\" \/>\n<meta property=\"og:image\" content=\"https:\/\/ranoja.ee\/wp-content\/uploads\/2026\/03\/147265014.jpeg\" \/>\n\t<meta property=\"og:image:width\" content=\"421\" \/>\n\t<meta property=\"og:image:height\" content=\"768\" \/>\n\t<meta property=\"og:image:type\" content=\"image\/jpeg\" \/>\n<meta name=\"twitter:card\" content=\"summary_large_image\" \/>\n<script type=\"application\/ld+json\" class=\"yoast-schema-graph\">{\"@context\":\"https:\\\/\\\/schema.org\",\"@graph\":[{\"@type\":\"WebPage\",\"@id\":\"https:\\\/\\\/ranoja.ee\\\/toode\\\/radiaatori-lekkepeataja-cooling-system-stop-leak-300-ml-valvoline\\\/\",\"url\":\"https:\\\/\\\/ranoja.ee\\\/toode\\\/radiaatori-lekkepeataja-cooling-system-stop-leak-300-ml-valvoline\\\/\",\"name\":\"Radiaatori lekkepeataja Cooling System Stop Leak 300 ml, Valvoline - Ranoja\",\"isPartOf\":{\"@id\":\"https:\\\/\\\/ranoja.ee\\\/#website\"},\"primaryImageOfPage\":{\"@id\":\"https:\\\/\\\/ranoja.ee\\\/toode\\\/radiaatori-lekkepeataja-cooling-system-stop-leak-300-ml-valvoline\\\/#primaryimage\"},\"image\":{\"@id\":\"https:\\\/\\\/ranoja.ee\\\/toode\\\/radiaatori-lekkepeataja-cooling-system-stop-leak-300-ml-valvoline\\\/#primaryimage\"},\"thumbnailUrl\":\"https:\\\/\\\/ranoja.ee\\\/wp-content\\\/uploads\\\/2026\\\/03\\\/147265014.jpeg\",\"datePublished\":\"2026-03-16T23:42:54+00:00\",\"dateModified\":\"2026-03-17T12:33:42+00:00\",\"breadcrumb\":{\"@id\":\"https:\\\/\\\/ranoja.ee\\\/toode\\\/radiaatori-lekkepeataja-cooling-system-stop-leak-300-ml-valvoline\\\/#breadcrumb\"},\"inLanguage\":\"en-US\",\"potentialAction\":[{\"@type\":\"ReadAction\",\"target\":[\"https:\\\/\\\/ranoja.ee\\\/toode\\\/radiaatori-lekkepeataja-cooling-system-stop-leak-300-ml-valvoline\\\/\"]}]},{\"@type\":\"ImageObject\",\"inLanguage\":\"en-US\",\"@id\":\"https:\\\/\\\/ranoja.ee\\\/toode\\\/radiaatori-lekkepeataja-cooling-system-stop-leak-300-ml-valvoline\\\/#primaryimage\",\"url\":\"https:\\\/\\\/ranoja.ee\\\/wp-content\\\/uploads\\\/2026\\\/03\\\/147265014.jpeg\",\"contentUrl\":\"https:\\\/\\\/ranoja.ee\\\/wp-content\\\/uploads\\\/2026\\\/03\\\/147265014.jpeg\",\"width\":421,\"height\":768},{\"@type\":\"BreadcrumbList\",\"@id\":\"https:\\\/\\\/ranoja.ee\\\/toode\\\/radiaatori-lekkepeataja-cooling-system-stop-leak-300-ml-valvoline\\\/#breadcrumb\",\"itemListElement\":[{\"@type\":\"ListItem\",\"position\":1,\"name\":\"Home\",\"item\":\"https:\\\/\\\/ranoja.ee\\\/\"},{\"@type\":\"ListItem\",\"position\":2,\"name\":\"Shop\",\"item\":\"https:\\\/\\\/ranoja.ee\\\/en\\\/shop\\\/\"},{\"@type\":\"ListItem\",\"position\":3,\"name\":\"Radiaatori lekkepeataja Cooling System Stop Leak 300 ml, Valvoline\"}]},{\"@type\":\"WebSite\",\"@id\":\"https:\\\/\\\/ranoja.ee\\\/#website\",\"url\":\"https:\\\/\\\/ranoja.ee\\\/\",\"name\":\"Ranoja\",\"description\":\"Equipment Shop WooCommerce WordPress Theme for Machine &amp; Tools\",\"publisher\":{\"@id\":\"https:\\\/\\\/ranoja.ee\\\/#organization\"},\"potentialAction\":[{\"@type\":\"SearchAction\",\"target\":{\"@type\":\"EntryPoint\",\"urlTemplate\":\"https:\\\/\\\/ranoja.ee\\\/?s={search_term_string}\"},\"query-input\":{\"@type\":\"PropertyValueSpecification\",\"valueRequired\":true,\"valueName\":\"search_term_string\"}}],\"inLanguage\":\"en-US\"},{\"@type\":\"Organization\",\"@id\":\"https:\\\/\\\/ranoja.ee\\\/#organization\",\"name\":\"Ranoja O\u00dc\",\"url\":\"https:\\\/\\\/ranoja.ee\\\/\",\"logo\":{\"@type\":\"ImageObject\",\"inLanguage\":\"en-US\",\"@id\":\"https:\\\/\\\/ranoja.ee\\\/#\\\/schema\\\/logo\\\/image\\\/\",\"url\":\"https:\\\/\\\/ranoja.ee\\\/wp-content\\\/uploads\\\/2023\\\/11\\\/ranoja-Logo.png\",\"contentUrl\":\"https:\\\/\\\/ranoja.ee\\\/wp-content\\\/uploads\\\/2023\\\/11\\\/ranoja-Logo.png\",\"width\":207,\"height\":58,\"caption\":\"Ranoja O\u00dc\"},\"image\":{\"@id\":\"https:\\\/\\\/ranoja.ee\\\/#\\\/schema\\\/logo\\\/image\\\/\"},\"sameAs\":[\"https:\\\/\\\/www.facebook.com\\\/ranoja.ee\",\"https:\\\/\\\/www.instagram.com\\\/ranoja__\\\/\"]}]}<\/script>\n<!-- \/ Yoast SEO plugin. -->","yoast_head_json":{"title":"Radiaatori lekkepeataja Cooling System Stop Leak 300 ml, Valvoline - Ranoja","robots":{"index":"index","follow":"follow","max-snippet":"max-snippet:-1","max-image-preview":"max-image-preview:large","max-video-preview":"max-video-preview:-1"},"canonical":"https:\/\/ranoja.ee\/toode\/radiaatori-lekkepeataja-cooling-system-stop-leak-300-ml-valvoline\/","og_locale":"en_US","og_type":"article","og_title":"Radiaatori lekkepeataja Cooling System Stop Leak 300 ml, Valvoline - Ranoja","og_description":"Kiire ja efektiivne vahend jahutuss\u00fcsteemi lekete peatamiseks. - Pakub kiire lahenduse kauakestva toimega - Peatab t\u00f5husalt tihendite tilkumise, ebatihesused ja aurustuskaod. Ei ummista jahutuskanaleid. - Sobilik kasutada igat t\u00fc\u00fcpi jahutusvedelikega. - Lihtne kasutada. Puudub vajadus eriseadmete j\u00e4rele. Kasutuskohad: Sobib nii bensiini kui diiselmootoriga s\u00f5idukitele. Sobib ka kinniste jahutus s\u00fcsteemidele. T\u00e4ielikult \u00fchilduv k\u00f5ikide jahutusvedelikega. Ei ole t\u00e4heldatud kahjulikku efekti kummile, plastikule, v\u00e4rvilistele metallidele ega teistele metalli sulamitele. Kasutada juhul kui: - Avastatud v\u00f5imalik blokikaane tihendi leke - Kui lekivad \u00fchendusvoolikud v\u00f5i \u00fchendsukohad. - Kui on peenpraod radiaatoris, plokikaanel v\u00f5i mootoriplokil. Kasutusjuhend: Keera radiaatori v\u00f5i jahutuss\u00fcsteemil kork maha ja k\u00e4ivita mootor. L\u00fclita soojendus maksimum temepratuurile. Oota kuniks tekib jahutusvedeliku ringlus. Loksuta pudelit korralikult ja kalla pudeli sisu t\u00f6\u00f6tavale mootorile jahutuss\u00fcsteemi. Lisa vajadusel jahutusvedelikku kuni maksimum nivooni.(mitte \u00fcletada maksimum nivood) ja sule jahutus\u00fcsteem korgiga. Peale seda j\u00e4ta mootor t\u00fchik\u00e4igul t\u00f6\u00f6le v\u00e4hemalt 10 minutiks v\u00f5i tee v\u00e4hemalt ajaliselt sama pikk proovis\u00f5it. Peale testis\u00f5itu kontrolli jahutuss\u00fcsteemi nivood, vajadusel lisa jahutusvedelikku. Peale mootori jahtumist kontrolli jahutuss\u00fcsteemi tuulutust ja s\u00fcsteemi ebatihesusi. Doseerimise soovitus: S\u00f5iduatod - 1 pudel 10L jahutusvedeliku kohta Veokid ja traktorid - 2 pudelit maksimum 30L jahutusvedeliku kohta.","og_url":"https:\/\/ranoja.ee\/toode\/radiaatori-lekkepeataja-cooling-system-stop-leak-300-ml-valvoline\/","og_site_name":"Ranoja","article_publisher":"https:\/\/www.facebook.com\/ranoja.ee","article_modified_time":"2026-03-17T12:33:42+00:00","og_image":[{"width":421,"height":768,"url":"https:\/\/ranoja.ee\/wp-content\/uploads\/2026\/03\/147265014.jpeg","type":"image\/jpeg"}],"twitter_card":"summary_large_image","schema":{"@context":"https:\/\/schema.org","@graph":[{"@type":"WebPage","@id":"https:\/\/ranoja.ee\/toode\/radiaatori-lekkepeataja-cooling-system-stop-leak-300-ml-valvoline\/","url":"https:\/\/ranoja.ee\/toode\/radiaatori-lekkepeataja-cooling-system-stop-leak-300-ml-valvoline\/","name":"Radiaatori lekkepeataja Cooling System Stop Leak 300 ml, Valvoline - Ranoja","isPartOf":{"@id":"https:\/\/ranoja.ee\/#website"},"primaryImageOfPage":{"@id":"https:\/\/ranoja.ee\/toode\/radiaatori-lekkepeataja-cooling-system-stop-leak-300-ml-valvoline\/#primaryimage"},"image":{"@id":"https:\/\/ranoja.ee\/toode\/radiaatori-lekkepeataja-cooling-system-stop-leak-300-ml-valvoline\/#primaryimage"},"thumbnailUrl":"https:\/\/ranoja.ee\/wp-content\/uploads\/2026\/03\/147265014.jpeg","datePublished":"2026-03-16T23:42:54+00:00","dateModified":"2026-03-17T12:33:42+00:00","breadcrumb":{"@id":"https:\/\/ranoja.ee\/toode\/radiaatori-lekkepeataja-cooling-system-stop-leak-300-ml-valvoline\/#breadcrumb"},"inLanguage":"en-US","potentialAction":[{"@type":"ReadAction","target":["https:\/\/ranoja.ee\/toode\/radiaatori-lekkepeataja-cooling-system-stop-leak-300-ml-valvoline\/"]}]},{"@type":"ImageObject","inLanguage":"en-US","@id":"https:\/\/ranoja.ee\/toode\/radiaatori-lekkepeataja-cooling-system-stop-leak-300-ml-valvoline\/#primaryimage","url":"https:\/\/ranoja.ee\/wp-content\/uploads\/2026\/03\/147265014.jpeg","contentUrl":"https:\/\/ranoja.ee\/wp-content\/uploads\/2026\/03\/147265014.jpeg","width":421,"height":768},{"@type":"BreadcrumbList","@id":"https:\/\/ranoja.ee\/toode\/radiaatori-lekkepeataja-cooling-system-stop-leak-300-ml-valvoline\/#breadcrumb","itemListElement":[{"@type":"ListItem","position":1,"name":"Home","item":"https:\/\/ranoja.ee\/"},{"@type":"ListItem","position":2,"name":"Shop","item":"https:\/\/ranoja.ee\/en\/shop\/"},{"@type":"ListItem","position":3,"name":"Radiaatori lekkepeataja Cooling System Stop Leak 300 ml, Valvoline"}]},{"@type":"WebSite","@id":"https:\/\/ranoja.ee\/#website","url":"https:\/\/ranoja.ee\/","name":"Ranoja","description":"Equipment Shop WooCommerce WordPress Theme for Machine &amp; Tools","publisher":{"@id":"https:\/\/ranoja.ee\/#organization"},"potentialAction":[{"@type":"SearchAction","target":{"@type":"EntryPoint","urlTemplate":"https:\/\/ranoja.ee\/?s={search_term_string}"},"query-input":{"@type":"PropertyValueSpecification","valueRequired":true,"valueName":"search_term_string"}}],"inLanguage":"en-US"},{"@type":"Organization","@id":"https:\/\/ranoja.ee\/#organization","name":"Ranoja O\u00dc","url":"https:\/\/ranoja.ee\/","logo":{"@type":"ImageObject","inLanguage":"en-US","@id":"https:\/\/ranoja.ee\/#\/schema\/logo\/image\/","url":"https:\/\/ranoja.ee\/wp-content\/uploads\/2023\/11\/ranoja-Logo.png","contentUrl":"https:\/\/ranoja.ee\/wp-content\/uploads\/2023\/11\/ranoja-Logo.png","width":207,"height":58,"caption":"Ranoja O\u00dc"},"image":{"@id":"https:\/\/ranoja.ee\/#\/schema\/logo\/image\/"},"sameAs":["https:\/\/www.facebook.com\/ranoja.ee","https:\/\/www.instagram.com\/ranoja__\/"]}]}},"_links":{"self":[{"href":"https:\/\/ranoja.ee\/en\/wp-json\/wp\/v2\/product\/62765","targetHints":{"allow":["GET"]}}],"collection":[{"href":"https:\/\/ranoja.ee\/en\/wp-json\/wp\/v2\/product"}],"about":[{"href":"https:\/\/ranoja.ee\/en\/wp-json\/wp\/v2\/types\/product"}],"wp:featuredmedia":[{"embeddable":true,"href":"https:\/\/ranoja.ee\/en\/wp-json\/wp\/v2\/media\/62766"}],"wp:attachment":[{"href":"https:\/\/ranoja.ee\/en\/wp-json\/wp\/v2\/media?parent=62765"}],"wp:term":[{"taxonomy":"product_cat","embeddable":true,"href":"https:\/\/ranoja.ee\/en\/wp-json\/wp\/v2\/product_cat?post=62765"},{"taxonomy":"product_tag","embeddable":true,"href":"https:\/\/ranoja.ee\/en\/wp-json\/wp\/v2\/product_tag?post=62765"}],"curies":[{"name":"wp","href":"https:\/\/api.w.org\/{rel}","templated":true}]}}