{"id":62719,"date":"2026-03-17T02:42:29","date_gmt":"2026-03-16T23:42:29","guid":{"rendered":"https:\/\/ranoja.ee\/toode\/hudraulikaoli-ultramax-hvlp-46-1000l-valvoline-2\/"},"modified":"2026-03-17T15:33:43","modified_gmt":"2026-03-17T12:33:43","slug":"hudraulikaoli-ultramax-hvlp-46-1000l-valvoline-2","status":"publish","type":"product","link":"https:\/\/ranoja.ee\/en\/toode\/hudraulikaoli-ultramax-hvlp-46-1000l-valvoline-2\/","title":{"rendered":"H\u00fcdraulika\u00f5li Ultramax HVLP 46 1000L, Valvoline"},"content":{"rendered":"","protected":false},"excerpt":{"rendered":"<p>K\u00f5rge viskoossusindeksiga premiumklassi h\u00fcdraulika\u00f5li <br \/>\nmis on spetsiaalselt v\u00e4ljat\u00f6\u00f6tatud t\u00e4itmaks<br \/>\nt\u00e4nap\u00e4eva t\u00f6\u00f6stus- ja ehitusseadmete<br \/>\nk\u00f5rgendatud n\u00f5udeid. Esmaklassilised kulumiskaitse omadused ja<br \/>\nk\u00f5rge viskoossusindeks tagavad seadmete sujuva t\u00f6\u00f6 ka k\u00f5ige erinevamates <br \/>\nja ekstreemsemates temperatuuri vahemikes,<br \/>\nSobib kasutamiseks igat t\u00fc\u00fcpi h\u00fcdraulikas\u00fcteemides<br \/>\nnagu t\u00f5steseadmed, ekskavaatorid, pressid, laadimissillad.<\/p>\n<p>T\u00e4idab ja \u00fcletab kvaliteedin\u00f5udeid:<br \/>\nDIN 51524 (part 3)<br \/>\nASTM D6158 HM (2005)<br \/>\nBosch Rexroth RDE 90240<br \/>\nEaton brochure 03-401-2010<br \/>\nFives Cincinnati P-68, P-69 ja P-70<br \/>\nGeneral Motors LS2 (2004)<br \/>\nISO 11158 HM (FDIS 2008)<br \/>\nJCMAS HK P041 (2004)<br \/>\nParker Denison HF-0 (Revision J)<br \/>\nSEB 181 222 (2007)<br \/>\nUS Steel 126, 127, 136<\/p>\n","protected":false},"featured_media":62720,"template":"","meta":{"inline_featured_image":false},"product_cat":[5094,5012,5093],"product_tag":[],"class_list":{"0":"post-62719","1":"product","2":"type-product","3":"status-publish","4":"has-post-thumbnail","6":"product_brand-valvoline","7":"product_cat-hudraulikaolid","8":"product_cat-olid-ja-maardeained","9":"product_cat-toostusolid","11":"first","12":"outofstock","13":"purchasable","14":"product-type-simple"},"yoast_head":"<!-- This site is optimized with the Yoast SEO plugin v27.4 - https:\/\/yoast.com\/product\/yoast-seo-wordpress\/ -->\n<title>H\u00fcdraulika\u00f5li Ultramax HVLP 46 1000L, Valvoline - Ranoja<\/title>\n<meta name=\"robots\" content=\"index, follow, max-snippet:-1, max-image-preview:large, max-video-preview:-1\" \/>\n<link rel=\"canonical\" href=\"https:\/\/ranoja.ee\/toode\/hudraulikaoli-ultramax-hvlp-46-1000l-valvoline-2\/\" \/>\n<meta property=\"og:locale\" content=\"en_US\" \/>\n<meta property=\"og:type\" content=\"article\" \/>\n<meta property=\"og:title\" content=\"H\u00fcdraulika\u00f5li Ultramax HVLP 46 1000L, Valvoline - Ranoja\" \/>\n<meta property=\"og:description\" content=\"K\u00f5rge viskoossusindeksiga premiumklassi h\u00fcdraulika\u00f5li mis on spetsiaalselt v\u00e4ljat\u00f6\u00f6tatud t\u00e4itmaks t\u00e4nap\u00e4eva t\u00f6\u00f6stus- ja ehitusseadmete k\u00f5rgendatud n\u00f5udeid. Esmaklassilised kulumiskaitse omadused ja k\u00f5rge viskoossusindeks tagavad seadmete sujuva t\u00f6\u00f6 ka k\u00f5ige erinevamates ja ekstreemsemates temperatuuri vahemikes, Sobib kasutamiseks igat t\u00fc\u00fcpi h\u00fcdraulikas\u00fcteemides nagu t\u00f5steseadmed, ekskavaatorid, pressid, laadimissillad. T\u00e4idab ja \u00fcletab kvaliteedin\u00f5udeid: DIN 51524 (part 3) ASTM D6158 HM (2005) Bosch Rexroth RDE 90240 Eaton brochure 03-401-2010 Fives Cincinnati P-68, P-69 ja P-70 General Motors LS2 (2004) ISO 11158 HM (FDIS 2008) JCMAS HK P041 (2004) Parker Denison HF-0 (Revision J) SEB 181 222 (2007) US Steel 126, 127, 136\" \/>\n<meta property=\"og:url\" content=\"https:\/\/ranoja.ee\/toode\/hudraulikaoli-ultramax-hvlp-46-1000l-valvoline-2\/\" \/>\n<meta property=\"og:site_name\" content=\"Ranoja\" \/>\n<meta property=\"article:publisher\" content=\"https:\/\/www.facebook.com\/ranoja.ee\" \/>\n<meta property=\"article:modified_time\" content=\"2026-03-17T12:33:43+00:00\" \/>\n<meta property=\"og:image\" content=\"https:\/\/ranoja.ee\/wp-content\/uploads\/2026\/03\/97371943.jpg\" \/>\n\t<meta property=\"og:image:width\" content=\"815\" \/>\n\t<meta property=\"og:image:height\" content=\"900\" \/>\n\t<meta property=\"og:image:type\" content=\"image\/jpeg\" \/>\n<meta name=\"twitter:card\" content=\"summary_large_image\" \/>\n<script type=\"application\/ld+json\" class=\"yoast-schema-graph\">{\"@context\":\"https:\\\/\\\/schema.org\",\"@graph\":[{\"@type\":\"WebPage\",\"@id\":\"https:\\\/\\\/ranoja.ee\\\/toode\\\/hudraulikaoli-ultramax-hvlp-46-1000l-valvoline-2\\\/\",\"url\":\"https:\\\/\\\/ranoja.ee\\\/toode\\\/hudraulikaoli-ultramax-hvlp-46-1000l-valvoline-2\\\/\",\"name\":\"H\u00fcdraulika\u00f5li Ultramax HVLP 46 1000L, Valvoline - Ranoja\",\"isPartOf\":{\"@id\":\"https:\\\/\\\/ranoja.ee\\\/#website\"},\"primaryImageOfPage\":{\"@id\":\"https:\\\/\\\/ranoja.ee\\\/toode\\\/hudraulikaoli-ultramax-hvlp-46-1000l-valvoline-2\\\/#primaryimage\"},\"image\":{\"@id\":\"https:\\\/\\\/ranoja.ee\\\/toode\\\/hudraulikaoli-ultramax-hvlp-46-1000l-valvoline-2\\\/#primaryimage\"},\"thumbnailUrl\":\"https:\\\/\\\/ranoja.ee\\\/wp-content\\\/uploads\\\/2026\\\/03\\\/97371943.jpg\",\"datePublished\":\"2026-03-16T23:42:29+00:00\",\"dateModified\":\"2026-03-17T12:33:43+00:00\",\"breadcrumb\":{\"@id\":\"https:\\\/\\\/ranoja.ee\\\/toode\\\/hudraulikaoli-ultramax-hvlp-46-1000l-valvoline-2\\\/#breadcrumb\"},\"inLanguage\":\"en-US\",\"potentialAction\":[{\"@type\":\"ReadAction\",\"target\":[\"https:\\\/\\\/ranoja.ee\\\/toode\\\/hudraulikaoli-ultramax-hvlp-46-1000l-valvoline-2\\\/\"]}]},{\"@type\":\"ImageObject\",\"inLanguage\":\"en-US\",\"@id\":\"https:\\\/\\\/ranoja.ee\\\/toode\\\/hudraulikaoli-ultramax-hvlp-46-1000l-valvoline-2\\\/#primaryimage\",\"url\":\"https:\\\/\\\/ranoja.ee\\\/wp-content\\\/uploads\\\/2026\\\/03\\\/97371943.jpg\",\"contentUrl\":\"https:\\\/\\\/ranoja.ee\\\/wp-content\\\/uploads\\\/2026\\\/03\\\/97371943.jpg\",\"width\":815,\"height\":900},{\"@type\":\"BreadcrumbList\",\"@id\":\"https:\\\/\\\/ranoja.ee\\\/toode\\\/hudraulikaoli-ultramax-hvlp-46-1000l-valvoline-2\\\/#breadcrumb\",\"itemListElement\":[{\"@type\":\"ListItem\",\"position\":1,\"name\":\"Home\",\"item\":\"https:\\\/\\\/ranoja.ee\\\/\"},{\"@type\":\"ListItem\",\"position\":2,\"name\":\"Shop\",\"item\":\"https:\\\/\\\/ranoja.ee\\\/en\\\/shop\\\/\"},{\"@type\":\"ListItem\",\"position\":3,\"name\":\"H\u00fcdraulika\u00f5li Ultramax HVLP 46 1000L, Valvoline\"}]},{\"@type\":\"WebSite\",\"@id\":\"https:\\\/\\\/ranoja.ee\\\/#website\",\"url\":\"https:\\\/\\\/ranoja.ee\\\/\",\"name\":\"Ranoja\",\"description\":\"Equipment Shop WooCommerce WordPress Theme for Machine &amp; Tools\",\"publisher\":{\"@id\":\"https:\\\/\\\/ranoja.ee\\\/#organization\"},\"potentialAction\":[{\"@type\":\"SearchAction\",\"target\":{\"@type\":\"EntryPoint\",\"urlTemplate\":\"https:\\\/\\\/ranoja.ee\\\/?s={search_term_string}\"},\"query-input\":{\"@type\":\"PropertyValueSpecification\",\"valueRequired\":true,\"valueName\":\"search_term_string\"}}],\"inLanguage\":\"en-US\"},{\"@type\":\"Organization\",\"@id\":\"https:\\\/\\\/ranoja.ee\\\/#organization\",\"name\":\"Ranoja O\u00dc\",\"url\":\"https:\\\/\\\/ranoja.ee\\\/\",\"logo\":{\"@type\":\"ImageObject\",\"inLanguage\":\"en-US\",\"@id\":\"https:\\\/\\\/ranoja.ee\\\/#\\\/schema\\\/logo\\\/image\\\/\",\"url\":\"https:\\\/\\\/ranoja.ee\\\/wp-content\\\/uploads\\\/2023\\\/11\\\/ranoja-Logo.png\",\"contentUrl\":\"https:\\\/\\\/ranoja.ee\\\/wp-content\\\/uploads\\\/2023\\\/11\\\/ranoja-Logo.png\",\"width\":207,\"height\":58,\"caption\":\"Ranoja O\u00dc\"},\"image\":{\"@id\":\"https:\\\/\\\/ranoja.ee\\\/#\\\/schema\\\/logo\\\/image\\\/\"},\"sameAs\":[\"https:\\\/\\\/www.facebook.com\\\/ranoja.ee\",\"https:\\\/\\\/www.instagram.com\\\/ranoja__\\\/\"]}]}<\/script>\n<!-- \/ Yoast SEO plugin. -->","yoast_head_json":{"title":"H\u00fcdraulika\u00f5li Ultramax HVLP 46 1000L, Valvoline - Ranoja","robots":{"index":"index","follow":"follow","max-snippet":"max-snippet:-1","max-image-preview":"max-image-preview:large","max-video-preview":"max-video-preview:-1"},"canonical":"https:\/\/ranoja.ee\/toode\/hudraulikaoli-ultramax-hvlp-46-1000l-valvoline-2\/","og_locale":"en_US","og_type":"article","og_title":"H\u00fcdraulika\u00f5li Ultramax HVLP 46 1000L, Valvoline - Ranoja","og_description":"K\u00f5rge viskoossusindeksiga premiumklassi h\u00fcdraulika\u00f5li mis on spetsiaalselt v\u00e4ljat\u00f6\u00f6tatud t\u00e4itmaks t\u00e4nap\u00e4eva t\u00f6\u00f6stus- ja ehitusseadmete k\u00f5rgendatud n\u00f5udeid. Esmaklassilised kulumiskaitse omadused ja k\u00f5rge viskoossusindeks tagavad seadmete sujuva t\u00f6\u00f6 ka k\u00f5ige erinevamates ja ekstreemsemates temperatuuri vahemikes, Sobib kasutamiseks igat t\u00fc\u00fcpi h\u00fcdraulikas\u00fcteemides nagu t\u00f5steseadmed, ekskavaatorid, pressid, laadimissillad. T\u00e4idab ja \u00fcletab kvaliteedin\u00f5udeid: DIN 51524 (part 3) ASTM D6158 HM (2005) Bosch Rexroth RDE 90240 Eaton brochure 03-401-2010 Fives Cincinnati P-68, P-69 ja P-70 General Motors LS2 (2004) ISO 11158 HM (FDIS 2008) JCMAS HK P041 (2004) Parker Denison HF-0 (Revision J) SEB 181 222 (2007) US Steel 126, 127, 136","og_url":"https:\/\/ranoja.ee\/toode\/hudraulikaoli-ultramax-hvlp-46-1000l-valvoline-2\/","og_site_name":"Ranoja","article_publisher":"https:\/\/www.facebook.com\/ranoja.ee","article_modified_time":"2026-03-17T12:33:43+00:00","og_image":[{"width":815,"height":900,"url":"https:\/\/ranoja.ee\/wp-content\/uploads\/2026\/03\/97371943.jpg","type":"image\/jpeg"}],"twitter_card":"summary_large_image","schema":{"@context":"https:\/\/schema.org","@graph":[{"@type":"WebPage","@id":"https:\/\/ranoja.ee\/toode\/hudraulikaoli-ultramax-hvlp-46-1000l-valvoline-2\/","url":"https:\/\/ranoja.ee\/toode\/hudraulikaoli-ultramax-hvlp-46-1000l-valvoline-2\/","name":"H\u00fcdraulika\u00f5li Ultramax HVLP 46 1000L, Valvoline - Ranoja","isPartOf":{"@id":"https:\/\/ranoja.ee\/#website"},"primaryImageOfPage":{"@id":"https:\/\/ranoja.ee\/toode\/hudraulikaoli-ultramax-hvlp-46-1000l-valvoline-2\/#primaryimage"},"image":{"@id":"https:\/\/ranoja.ee\/toode\/hudraulikaoli-ultramax-hvlp-46-1000l-valvoline-2\/#primaryimage"},"thumbnailUrl":"https:\/\/ranoja.ee\/wp-content\/uploads\/2026\/03\/97371943.jpg","datePublished":"2026-03-16T23:42:29+00:00","dateModified":"2026-03-17T12:33:43+00:00","breadcrumb":{"@id":"https:\/\/ranoja.ee\/toode\/hudraulikaoli-ultramax-hvlp-46-1000l-valvoline-2\/#breadcrumb"},"inLanguage":"en-US","potentialAction":[{"@type":"ReadAction","target":["https:\/\/ranoja.ee\/toode\/hudraulikaoli-ultramax-hvlp-46-1000l-valvoline-2\/"]}]},{"@type":"ImageObject","inLanguage":"en-US","@id":"https:\/\/ranoja.ee\/toode\/hudraulikaoli-ultramax-hvlp-46-1000l-valvoline-2\/#primaryimage","url":"https:\/\/ranoja.ee\/wp-content\/uploads\/2026\/03\/97371943.jpg","contentUrl":"https:\/\/ranoja.ee\/wp-content\/uploads\/2026\/03\/97371943.jpg","width":815,"height":900},{"@type":"BreadcrumbList","@id":"https:\/\/ranoja.ee\/toode\/hudraulikaoli-ultramax-hvlp-46-1000l-valvoline-2\/#breadcrumb","itemListElement":[{"@type":"ListItem","position":1,"name":"Home","item":"https:\/\/ranoja.ee\/"},{"@type":"ListItem","position":2,"name":"Shop","item":"https:\/\/ranoja.ee\/en\/shop\/"},{"@type":"ListItem","position":3,"name":"H\u00fcdraulika\u00f5li Ultramax HVLP 46 1000L, Valvoline"}]},{"@type":"WebSite","@id":"https:\/\/ranoja.ee\/#website","url":"https:\/\/ranoja.ee\/","name":"Ranoja","description":"Equipment Shop WooCommerce WordPress Theme for Machine &amp; Tools","publisher":{"@id":"https:\/\/ranoja.ee\/#organization"},"potentialAction":[{"@type":"SearchAction","target":{"@type":"EntryPoint","urlTemplate":"https:\/\/ranoja.ee\/?s={search_term_string}"},"query-input":{"@type":"PropertyValueSpecification","valueRequired":true,"valueName":"search_term_string"}}],"inLanguage":"en-US"},{"@type":"Organization","@id":"https:\/\/ranoja.ee\/#organization","name":"Ranoja O\u00dc","url":"https:\/\/ranoja.ee\/","logo":{"@type":"ImageObject","inLanguage":"en-US","@id":"https:\/\/ranoja.ee\/#\/schema\/logo\/image\/","url":"https:\/\/ranoja.ee\/wp-content\/uploads\/2023\/11\/ranoja-Logo.png","contentUrl":"https:\/\/ranoja.ee\/wp-content\/uploads\/2023\/11\/ranoja-Logo.png","width":207,"height":58,"caption":"Ranoja O\u00dc"},"image":{"@id":"https:\/\/ranoja.ee\/#\/schema\/logo\/image\/"},"sameAs":["https:\/\/www.facebook.com\/ranoja.ee","https:\/\/www.instagram.com\/ranoja__\/"]}]}},"_links":{"self":[{"href":"https:\/\/ranoja.ee\/en\/wp-json\/wp\/v2\/product\/62719","targetHints":{"allow":["GET"]}}],"collection":[{"href":"https:\/\/ranoja.ee\/en\/wp-json\/wp\/v2\/product"}],"about":[{"href":"https:\/\/ranoja.ee\/en\/wp-json\/wp\/v2\/types\/product"}],"wp:featuredmedia":[{"embeddable":true,"href":"https:\/\/ranoja.ee\/en\/wp-json\/wp\/v2\/media\/62720"}],"wp:attachment":[{"href":"https:\/\/ranoja.ee\/en\/wp-json\/wp\/v2\/media?parent=62719"}],"wp:term":[{"taxonomy":"product_cat","embeddable":true,"href":"https:\/\/ranoja.ee\/en\/wp-json\/wp\/v2\/product_cat?post=62719"},{"taxonomy":"product_tag","embeddable":true,"href":"https:\/\/ranoja.ee\/en\/wp-json\/wp\/v2\/product_tag?post=62719"}],"curies":[{"name":"wp","href":"https:\/\/api.w.org\/{rel}","templated":true}]}}