{"id":62707,"date":"2026-03-17T02:42:09","date_gmt":"2026-03-16T23:42:09","guid":{"rendered":"https:\/\/ranoja.ee\/toode\/mootorioli-synpower-xl-iii-c3-0w30-1l-valvoline-2\/"},"modified":"2026-03-17T15:33:43","modified_gmt":"2026-03-17T12:33:43","slug":"mootorioli-synpower-xl-iii-c3-0w30-1l-valvoline-2","status":"publish","type":"product","link":"https:\/\/ranoja.ee\/en\/toode\/mootorioli-synpower-xl-iii-c3-0w30-1l-valvoline-2\/","title":{"rendered":"Mootori\u00f5li Synpower XL-III C3 0W30 1L, Valvoline"},"content":{"rendered":"","protected":false},"excerpt":{"rendered":"<p>Valvoline SynPower mootori\u00f5lid on valmistatud uuel<br \/>\nlisanditehnoloogial tagades parima kaitse ja t\u00f5hususe.  <br \/>\nUusim \u201enutikas tehnoloogia\u201c (Smart Performance Technology) <br \/>\ntagab kuni 70% parema kulumiskaitse ja kuni 3x suurema k\u00fctuse \u00f6konoomia v\u00f5rreldes k\u00f5ige viimaste n\u00f5utud valdkonna standarditega.<br \/>\n Spetsiaalselt v\u00e4ljat\u00f6\u00f6tatud ja heaks kiidetud VW* Euro IV ja V mootoritele mis on DPF tehnoloogiaga.<br \/>\nSobib mootoritele milledel on WIV s\u00fcsteem ekstra pika hooldeintervalli v\u00f5imaldamiseks kuni 30.000 km v\u00f5i 2 a.Sobib kasutamiseks k\u00f5igis kaasaegsetes VW, AUDI*, SEAT* ja Skoda* bensiini- ja diisel mootorites.<br \/>\nAmetlikud heakskiidud:<br \/>\nPorsche C30<br \/>\nVW  504.00 (bens.mootorid) <br \/>\nVW  507.00 (diisel mootorid)  <br \/>\nSobib kasutamiseks ka j\u00e4rgm spec: <br \/>\nACEA C3<\/p>\n","protected":false},"featured_media":62708,"template":"","meta":{"inline_featured_image":false},"product_cat":[5012,5033,5032],"product_tag":[],"class_list":{"0":"post-62707","1":"product","2":"type-product","3":"status-publish","4":"has-post-thumbnail","6":"product_brand-valvoline","7":"product_cat-olid-ja-maardeained","8":"product_cat-soiduautode-ja-tarbesoidukite-taissunteetilised-mootoriolid","9":"product_cat-soiduautode-mootoriolid","11":"first","12":"outofstock","13":"purchasable","14":"product-type-simple"},"yoast_head":"<!-- This site is optimized with the Yoast SEO plugin v27.4 - https:\/\/yoast.com\/product\/yoast-seo-wordpress\/ -->\n<title>Mootori\u00f5li Synpower XL-III C3 0W30 1L, Valvoline - Ranoja<\/title>\n<meta name=\"robots\" content=\"index, follow, max-snippet:-1, max-image-preview:large, max-video-preview:-1\" \/>\n<link rel=\"canonical\" href=\"https:\/\/ranoja.ee\/toode\/mootorioli-synpower-xl-iii-c3-0w30-1l-valvoline-2\/\" \/>\n<meta property=\"og:locale\" content=\"en_US\" \/>\n<meta property=\"og:type\" content=\"article\" \/>\n<meta property=\"og:title\" content=\"Mootori\u00f5li Synpower XL-III C3 0W30 1L, Valvoline - Ranoja\" \/>\n<meta property=\"og:description\" content=\"Valvoline SynPower mootori\u00f5lid on valmistatud uuel lisanditehnoloogial tagades parima kaitse ja t\u00f5hususe.  Uusim \u201enutikas tehnoloogia\u201c (Smart Performance Technology) tagab kuni 70% parema kulumiskaitse ja kuni 3x suurema k\u00fctuse \u00f6konoomia v\u00f5rreldes k\u00f5ige viimaste n\u00f5utud valdkonna standarditega. Spetsiaalselt v\u00e4ljat\u00f6\u00f6tatud ja heaks kiidetud VW* Euro IV ja V mootoritele mis on DPF tehnoloogiaga. Sobib mootoritele milledel on WIV s\u00fcsteem ekstra pika hooldeintervalli v\u00f5imaldamiseks kuni 30.000 km v\u00f5i 2 a.Sobib kasutamiseks k\u00f5igis kaasaegsetes VW, AUDI*, SEAT* ja Skoda* bensiini- ja diisel mootorites. Ametlikud heakskiidud: Porsche C30 VW 504.00 (bens.mootorid) VW 507.00 (diisel mootorid)  Sobib kasutamiseks ka j\u00e4rgm spec: ACEA C3\" \/>\n<meta property=\"og:url\" content=\"https:\/\/ranoja.ee\/toode\/mootorioli-synpower-xl-iii-c3-0w30-1l-valvoline-2\/\" \/>\n<meta property=\"og:site_name\" content=\"Ranoja\" \/>\n<meta property=\"article:publisher\" content=\"https:\/\/www.facebook.com\/ranoja.ee\" \/>\n<meta property=\"article:modified_time\" content=\"2026-03-17T12:33:43+00:00\" \/>\n<meta property=\"og:image\" content=\"https:\/\/ranoja.ee\/wp-content\/uploads\/2026\/03\/229363151.jpg\" \/>\n\t<meta property=\"og:image:width\" content=\"333\" \/>\n\t<meta property=\"og:image:height\" content=\"710\" \/>\n\t<meta property=\"og:image:type\" content=\"image\/jpeg\" \/>\n<meta name=\"twitter:card\" content=\"summary_large_image\" \/>\n<script type=\"application\/ld+json\" class=\"yoast-schema-graph\">{\"@context\":\"https:\\\/\\\/schema.org\",\"@graph\":[{\"@type\":\"WebPage\",\"@id\":\"https:\\\/\\\/ranoja.ee\\\/toode\\\/mootorioli-synpower-xl-iii-c3-0w30-1l-valvoline-2\\\/\",\"url\":\"https:\\\/\\\/ranoja.ee\\\/toode\\\/mootorioli-synpower-xl-iii-c3-0w30-1l-valvoline-2\\\/\",\"name\":\"Mootori\u00f5li Synpower XL-III C3 0W30 1L, Valvoline - Ranoja\",\"isPartOf\":{\"@id\":\"https:\\\/\\\/ranoja.ee\\\/#website\"},\"primaryImageOfPage\":{\"@id\":\"https:\\\/\\\/ranoja.ee\\\/toode\\\/mootorioli-synpower-xl-iii-c3-0w30-1l-valvoline-2\\\/#primaryimage\"},\"image\":{\"@id\":\"https:\\\/\\\/ranoja.ee\\\/toode\\\/mootorioli-synpower-xl-iii-c3-0w30-1l-valvoline-2\\\/#primaryimage\"},\"thumbnailUrl\":\"https:\\\/\\\/ranoja.ee\\\/wp-content\\\/uploads\\\/2026\\\/03\\\/229363151.jpg\",\"datePublished\":\"2026-03-16T23:42:09+00:00\",\"dateModified\":\"2026-03-17T12:33:43+00:00\",\"breadcrumb\":{\"@id\":\"https:\\\/\\\/ranoja.ee\\\/toode\\\/mootorioli-synpower-xl-iii-c3-0w30-1l-valvoline-2\\\/#breadcrumb\"},\"inLanguage\":\"en-US\",\"potentialAction\":[{\"@type\":\"ReadAction\",\"target\":[\"https:\\\/\\\/ranoja.ee\\\/toode\\\/mootorioli-synpower-xl-iii-c3-0w30-1l-valvoline-2\\\/\"]}]},{\"@type\":\"ImageObject\",\"inLanguage\":\"en-US\",\"@id\":\"https:\\\/\\\/ranoja.ee\\\/toode\\\/mootorioli-synpower-xl-iii-c3-0w30-1l-valvoline-2\\\/#primaryimage\",\"url\":\"https:\\\/\\\/ranoja.ee\\\/wp-content\\\/uploads\\\/2026\\\/03\\\/229363151.jpg\",\"contentUrl\":\"https:\\\/\\\/ranoja.ee\\\/wp-content\\\/uploads\\\/2026\\\/03\\\/229363151.jpg\",\"width\":333,\"height\":710},{\"@type\":\"BreadcrumbList\",\"@id\":\"https:\\\/\\\/ranoja.ee\\\/toode\\\/mootorioli-synpower-xl-iii-c3-0w30-1l-valvoline-2\\\/#breadcrumb\",\"itemListElement\":[{\"@type\":\"ListItem\",\"position\":1,\"name\":\"Home\",\"item\":\"https:\\\/\\\/ranoja.ee\\\/\"},{\"@type\":\"ListItem\",\"position\":2,\"name\":\"Shop\",\"item\":\"https:\\\/\\\/ranoja.ee\\\/en\\\/shop\\\/\"},{\"@type\":\"ListItem\",\"position\":3,\"name\":\"Mootori\u00f5li Synpower XL-III C3 0W30 1L, Valvoline\"}]},{\"@type\":\"WebSite\",\"@id\":\"https:\\\/\\\/ranoja.ee\\\/#website\",\"url\":\"https:\\\/\\\/ranoja.ee\\\/\",\"name\":\"Ranoja\",\"description\":\"Equipment Shop WooCommerce WordPress Theme for Machine &amp; Tools\",\"publisher\":{\"@id\":\"https:\\\/\\\/ranoja.ee\\\/#organization\"},\"potentialAction\":[{\"@type\":\"SearchAction\",\"target\":{\"@type\":\"EntryPoint\",\"urlTemplate\":\"https:\\\/\\\/ranoja.ee\\\/?s={search_term_string}\"},\"query-input\":{\"@type\":\"PropertyValueSpecification\",\"valueRequired\":true,\"valueName\":\"search_term_string\"}}],\"inLanguage\":\"en-US\"},{\"@type\":\"Organization\",\"@id\":\"https:\\\/\\\/ranoja.ee\\\/#organization\",\"name\":\"Ranoja O\u00dc\",\"url\":\"https:\\\/\\\/ranoja.ee\\\/\",\"logo\":{\"@type\":\"ImageObject\",\"inLanguage\":\"en-US\",\"@id\":\"https:\\\/\\\/ranoja.ee\\\/#\\\/schema\\\/logo\\\/image\\\/\",\"url\":\"https:\\\/\\\/ranoja.ee\\\/wp-content\\\/uploads\\\/2023\\\/11\\\/ranoja-Logo.png\",\"contentUrl\":\"https:\\\/\\\/ranoja.ee\\\/wp-content\\\/uploads\\\/2023\\\/11\\\/ranoja-Logo.png\",\"width\":207,\"height\":58,\"caption\":\"Ranoja O\u00dc\"},\"image\":{\"@id\":\"https:\\\/\\\/ranoja.ee\\\/#\\\/schema\\\/logo\\\/image\\\/\"},\"sameAs\":[\"https:\\\/\\\/www.facebook.com\\\/ranoja.ee\",\"https:\\\/\\\/www.instagram.com\\\/ranoja__\\\/\"]}]}<\/script>\n<!-- \/ Yoast SEO plugin. -->","yoast_head_json":{"title":"Mootori\u00f5li Synpower XL-III C3 0W30 1L, Valvoline - Ranoja","robots":{"index":"index","follow":"follow","max-snippet":"max-snippet:-1","max-image-preview":"max-image-preview:large","max-video-preview":"max-video-preview:-1"},"canonical":"https:\/\/ranoja.ee\/toode\/mootorioli-synpower-xl-iii-c3-0w30-1l-valvoline-2\/","og_locale":"en_US","og_type":"article","og_title":"Mootori\u00f5li Synpower XL-III C3 0W30 1L, Valvoline - Ranoja","og_description":"Valvoline SynPower mootori\u00f5lid on valmistatud uuel lisanditehnoloogial tagades parima kaitse ja t\u00f5hususe.  Uusim \u201enutikas tehnoloogia\u201c (Smart Performance Technology) tagab kuni 70% parema kulumiskaitse ja kuni 3x suurema k\u00fctuse \u00f6konoomia v\u00f5rreldes k\u00f5ige viimaste n\u00f5utud valdkonna standarditega. Spetsiaalselt v\u00e4ljat\u00f6\u00f6tatud ja heaks kiidetud VW* Euro IV ja V mootoritele mis on DPF tehnoloogiaga. Sobib mootoritele milledel on WIV s\u00fcsteem ekstra pika hooldeintervalli v\u00f5imaldamiseks kuni 30.000 km v\u00f5i 2 a.Sobib kasutamiseks k\u00f5igis kaasaegsetes VW, AUDI*, SEAT* ja Skoda* bensiini- ja diisel mootorites. Ametlikud heakskiidud: Porsche C30 VW 504.00 (bens.mootorid) VW 507.00 (diisel mootorid)  Sobib kasutamiseks ka j\u00e4rgm spec: ACEA C3","og_url":"https:\/\/ranoja.ee\/toode\/mootorioli-synpower-xl-iii-c3-0w30-1l-valvoline-2\/","og_site_name":"Ranoja","article_publisher":"https:\/\/www.facebook.com\/ranoja.ee","article_modified_time":"2026-03-17T12:33:43+00:00","og_image":[{"width":333,"height":710,"url":"https:\/\/ranoja.ee\/wp-content\/uploads\/2026\/03\/229363151.jpg","type":"image\/jpeg"}],"twitter_card":"summary_large_image","schema":{"@context":"https:\/\/schema.org","@graph":[{"@type":"WebPage","@id":"https:\/\/ranoja.ee\/toode\/mootorioli-synpower-xl-iii-c3-0w30-1l-valvoline-2\/","url":"https:\/\/ranoja.ee\/toode\/mootorioli-synpower-xl-iii-c3-0w30-1l-valvoline-2\/","name":"Mootori\u00f5li Synpower XL-III C3 0W30 1L, Valvoline - Ranoja","isPartOf":{"@id":"https:\/\/ranoja.ee\/#website"},"primaryImageOfPage":{"@id":"https:\/\/ranoja.ee\/toode\/mootorioli-synpower-xl-iii-c3-0w30-1l-valvoline-2\/#primaryimage"},"image":{"@id":"https:\/\/ranoja.ee\/toode\/mootorioli-synpower-xl-iii-c3-0w30-1l-valvoline-2\/#primaryimage"},"thumbnailUrl":"https:\/\/ranoja.ee\/wp-content\/uploads\/2026\/03\/229363151.jpg","datePublished":"2026-03-16T23:42:09+00:00","dateModified":"2026-03-17T12:33:43+00:00","breadcrumb":{"@id":"https:\/\/ranoja.ee\/toode\/mootorioli-synpower-xl-iii-c3-0w30-1l-valvoline-2\/#breadcrumb"},"inLanguage":"en-US","potentialAction":[{"@type":"ReadAction","target":["https:\/\/ranoja.ee\/toode\/mootorioli-synpower-xl-iii-c3-0w30-1l-valvoline-2\/"]}]},{"@type":"ImageObject","inLanguage":"en-US","@id":"https:\/\/ranoja.ee\/toode\/mootorioli-synpower-xl-iii-c3-0w30-1l-valvoline-2\/#primaryimage","url":"https:\/\/ranoja.ee\/wp-content\/uploads\/2026\/03\/229363151.jpg","contentUrl":"https:\/\/ranoja.ee\/wp-content\/uploads\/2026\/03\/229363151.jpg","width":333,"height":710},{"@type":"BreadcrumbList","@id":"https:\/\/ranoja.ee\/toode\/mootorioli-synpower-xl-iii-c3-0w30-1l-valvoline-2\/#breadcrumb","itemListElement":[{"@type":"ListItem","position":1,"name":"Home","item":"https:\/\/ranoja.ee\/"},{"@type":"ListItem","position":2,"name":"Shop","item":"https:\/\/ranoja.ee\/en\/shop\/"},{"@type":"ListItem","position":3,"name":"Mootori\u00f5li Synpower XL-III C3 0W30 1L, Valvoline"}]},{"@type":"WebSite","@id":"https:\/\/ranoja.ee\/#website","url":"https:\/\/ranoja.ee\/","name":"Ranoja","description":"Equipment Shop WooCommerce WordPress Theme for Machine &amp; Tools","publisher":{"@id":"https:\/\/ranoja.ee\/#organization"},"potentialAction":[{"@type":"SearchAction","target":{"@type":"EntryPoint","urlTemplate":"https:\/\/ranoja.ee\/?s={search_term_string}"},"query-input":{"@type":"PropertyValueSpecification","valueRequired":true,"valueName":"search_term_string"}}],"inLanguage":"en-US"},{"@type":"Organization","@id":"https:\/\/ranoja.ee\/#organization","name":"Ranoja O\u00dc","url":"https:\/\/ranoja.ee\/","logo":{"@type":"ImageObject","inLanguage":"en-US","@id":"https:\/\/ranoja.ee\/#\/schema\/logo\/image\/","url":"https:\/\/ranoja.ee\/wp-content\/uploads\/2023\/11\/ranoja-Logo.png","contentUrl":"https:\/\/ranoja.ee\/wp-content\/uploads\/2023\/11\/ranoja-Logo.png","width":207,"height":58,"caption":"Ranoja O\u00dc"},"image":{"@id":"https:\/\/ranoja.ee\/#\/schema\/logo\/image\/"},"sameAs":["https:\/\/www.facebook.com\/ranoja.ee","https:\/\/www.instagram.com\/ranoja__\/"]}]}},"_links":{"self":[{"href":"https:\/\/ranoja.ee\/en\/wp-json\/wp\/v2\/product\/62707","targetHints":{"allow":["GET"]}}],"collection":[{"href":"https:\/\/ranoja.ee\/en\/wp-json\/wp\/v2\/product"}],"about":[{"href":"https:\/\/ranoja.ee\/en\/wp-json\/wp\/v2\/types\/product"}],"wp:featuredmedia":[{"embeddable":true,"href":"https:\/\/ranoja.ee\/en\/wp-json\/wp\/v2\/media\/62708"}],"wp:attachment":[{"href":"https:\/\/ranoja.ee\/en\/wp-json\/wp\/v2\/media?parent=62707"}],"wp:term":[{"taxonomy":"product_cat","embeddable":true,"href":"https:\/\/ranoja.ee\/en\/wp-json\/wp\/v2\/product_cat?post=62707"},{"taxonomy":"product_tag","embeddable":true,"href":"https:\/\/ranoja.ee\/en\/wp-json\/wp\/v2\/product_tag?post=62707"}],"curies":[{"name":"wp","href":"https:\/\/api.w.org\/{rel}","templated":true}]}}