{"id":62671,"date":"2026-03-17T02:41:49","date_gmt":"2026-03-16T23:41:49","guid":{"rendered":"https:\/\/ranoja.ee\/toode\/robotniiduk-landroid-l1000-wr147e-1-worx\/"},"modified":"2026-03-17T15:33:44","modified_gmt":"2026-03-17T12:33:44","slug":"robotniiduk-landroid-l1000-wr147e-1-worx","status":"publish","type":"product","link":"https:\/\/ranoja.ee\/en\/toode\/robotniiduk-landroid-l1000-wr147e-1-worx\/","title":{"rendered":"Robotniiduk Landroid L1000, WR147E.1, Worx"},"content":{"rendered":"","protected":false},"excerpt":{"rendered":"<p>Aku: 20 V Max \/ 4.0 Ah Li-lon<br \/>\nL\u00f5ikelaius: 18 cm<br \/>\nL\u00f5ikek\u00f5rgus: 3-6 cm\/ 4 positsiooni<br \/>\nSuurim kalle: 35% (20\u00b0)<br \/>\nSoovitatav muruplatsi suurus: kuni 1000 m2<br \/>\nM\u00fcratase: 67dB<br \/>\nLandroidi m\u00f5\u00f5dud (PxLxK): 55,8 x 40,4 x 20,5 cm<br \/>\nKaal: 9,4 kg<br \/>\nHarjavaba mootor<\/p>\n<p>Eriomadused<br \/>\nMurupinna ebatasasusi j\u00e4rgiv ujuv niiduseade<br \/>\nLihtne puhastamine<br \/>\n\u00c4pijuhtimine-programmeeri ja kontrolli Landroidi eemalt l\u00e4bi nutitelefoni<br \/>\nMurupinna kalkulaator: jaluta nutitelefoniga \u00fcmber oma murupinna ja selle suurus ongi teada<br \/>\nAutomaatne graafik: \u00e4pp kalkuleerib automaatselt t\u00f6\u00f6graafiku vastavalt murupinna suurusele. Ja muudab seda vastavalt kohalikele ilmaoludele.<br \/>\nAutomaatne tarkvara uuendus: Landroid installeerib uusima tarkvara ise l\u00e4bi WiFi<\/p>\n<p>Power ShareTM20V aku sobib ka WORXi akuga aiat\u00f6\u00f6riistadele<br \/>\nCut to edge-\u00e4\u00e4rel\u00f5ikus: K\u00f5ige v\u00e4hem l\u00f5ikamata muru<br \/>\nT\u00e4nu patenteeritud AIA tehnoloogiale s\u00f5idab Landroid l\u00e4bi ka kitsastest vahek\u00e4ikudest, kiiresti<br \/>\nPlug-N-Play: eelprogrammeeritud -vajuta nupule ja t\u00f6\u00f6 l\u00e4hebki lahti<\/p>\n<p>\nP\u00f5hiomadused<br \/>\nLisavarustuse pesa: saad Landroidi ise t\u00e4iendada Plug-in lisavarustusega<br \/>\nK\u00fclglaadimine: puhas ja niidetud laadimisalus<br \/>\nMulti-Zone programmeerimine-saab perfektselt hakkama liigendatud aiaga<br \/>\nTera p\u00e4ri-ja vastup\u00e4eva p\u00f6\u00f6rlemine -2 x v\u00e4hem teravahetusi<br \/>\nVarguskindlus<br \/>\nPIN koodiga kaitse -varguse korral ei saa Landroidi k\u00e4ivitada<br \/>\nL\u00e4bi \u00e4pi saad Landroidi lukustada<\/p>\n<p>Aku t\u00fchjenemisel s\u00f5idab automaatselt tagasi laadimisjaama<br \/>\nS\u00f5idab automaatselt tagasi laadimisjaama, kui p\u00e4evat\u00f6\u00f6 tehtud<br \/>\nIlmastikukindel konstruktsioon<br \/>\nVihmasensor suunab Landroidi laadimisjaama, kui vihma hakkab sadama<br \/>\nTurvasensorid peatavad tera p\u00f6\u00f6rlemise, kui robotit t\u00f5sta v\u00f5i kallutada<br \/>\n3-e lendteraga l\u00f5ike\/mult\u0161is\u00fcsteem<br \/>\nLCD displei PIN-koodi sisestamiseks ja programmeerimiseks<\/p>\n<p>\nPlug-in lisavarustus<br \/>\nP\u00f5rkumisvastane s\u00fcsteem: ultrahelisensoriga, v\u00e4ldib esemetega kokkup\u00f5rkamist ja lisaks aitab tee leida ka keerulises aias<br \/>\nGPS lokaliseerimine v\u00f5imaldab j\u00e4litada Landroidi varguse korral ja l\u00e4bi 4G saadetakse kasutajale tema asukoht.<br \/>\nDigitaalne piire: lihtsustab piirdetraadi paigaldust keerulises aias<\/p>\n<p>Komplekti kuulub:<br \/>\n1aku<br \/>\n1laadija<br \/>\n1laadimisalus<br \/>\n9 tera ja kruvi<br \/>\n180m piirdetraati<br \/>\n250 vaia<br \/>\n1 kuuskantv\u00f5ti<br \/>\nm\u00f5\u00f5dupulk<br \/>\n8 alusekinnituskruvi <br \/>\n2 traadi parandusliidet<br \/>\n1 mall traadi paigaldamiseks nurkades<\/p>\n","protected":false},"featured_media":62672,"template":"","meta":{"inline_featured_image":false},"product_cat":[1079,5085,1080,5225],"product_tag":[],"class_list":{"0":"post-62671","1":"product","2":"type-product","3":"status-publish","4":"has-post-thumbnail","6":"product_brand-worx","7":"product_cat-aiatehnika-ja-niidutehnika","8":"product_cat-aiatehnika-ja-tooriistad","9":"product_cat-robotniidukid","10":"product_cat-robotniidukid-kuni-1000m2","12":"first","13":"outofstock","14":"purchasable","15":"product-type-simple"},"yoast_head":"<!-- This site is optimized with the Yoast SEO plugin v27.4 - https:\/\/yoast.com\/product\/yoast-seo-wordpress\/ -->\n<title>Robotniiduk Landroid L1000, WR147E.1, Worx - Ranoja<\/title>\n<meta name=\"robots\" content=\"index, follow, max-snippet:-1, max-image-preview:large, max-video-preview:-1\" \/>\n<link rel=\"canonical\" href=\"https:\/\/ranoja.ee\/toode\/robotniiduk-landroid-l1000-wr147e-1-worx\/\" \/>\n<meta property=\"og:locale\" content=\"en_US\" \/>\n<meta property=\"og:type\" content=\"article\" \/>\n<meta property=\"og:title\" content=\"Robotniiduk Landroid L1000, WR147E.1, Worx - Ranoja\" \/>\n<meta property=\"og:description\" content=\"Aku: 20 V Max \/ 4.0 Ah Li-lon L\u00f5ikelaius: 18 cm L\u00f5ikek\u00f5rgus: 3-6 cm\/ 4 positsiooni Suurim kalle: 35% (20\u00b0) Soovitatav muruplatsi suurus: kuni 1000 m2 M\u00fcratase: 67dB Landroidi m\u00f5\u00f5dud (PxLxK): 55,8 x 40,4 x 20,5 cm Kaal: 9,4 kg Harjavaba mootor Eriomadused Murupinna ebatasasusi j\u00e4rgiv ujuv niiduseade Lihtne puhastamine \u00c4pijuhtimine-programmeeri ja kontrolli Landroidi eemalt l\u00e4bi nutitelefoni Murupinna kalkulaator: jaluta nutitelefoniga \u00fcmber oma murupinna ja selle suurus ongi teada Automaatne graafik: \u00e4pp kalkuleerib automaatselt t\u00f6\u00f6graafiku vastavalt murupinna suurusele. Ja muudab seda vastavalt kohalikele ilmaoludele. Automaatne tarkvara uuendus: Landroid installeerib uusima tarkvara ise l\u00e4bi WiFi Power ShareTM20V aku sobib ka WORXi akuga aiat\u00f6\u00f6riistadele Cut to edge-\u00e4\u00e4rel\u00f5ikus: K\u00f5ige v\u00e4hem l\u00f5ikamata muru T\u00e4nu patenteeritud AIA tehnoloogiale s\u00f5idab Landroid l\u00e4bi ka kitsastest vahek\u00e4ikudest, kiiresti Plug-N-Play: eelprogrammeeritud -vajuta nupule ja t\u00f6\u00f6 l\u00e4hebki lahti  P\u00f5hiomadused Lisavarustuse pesa: saad Landroidi ise t\u00e4iendada Plug-in lisavarustusega K\u00fclglaadimine: puhas ja niidetud laadimisalus Multi-Zone programmeerimine-saab perfektselt hakkama liigendatud aiaga Tera p\u00e4ri-ja vastup\u00e4eva p\u00f6\u00f6rlemine -2 x v\u00e4hem teravahetusi Varguskindlus PIN koodiga kaitse -varguse korral ei saa Landroidi k\u00e4ivitada L\u00e4bi \u00e4pi saad Landroidi lukustada Aku t\u00fchjenemisel s\u00f5idab automaatselt tagasi laadimisjaama S\u00f5idab automaatselt tagasi laadimisjaama, kui p\u00e4evat\u00f6\u00f6 tehtud Ilmastikukindel konstruktsioon Vihmasensor suunab Landroidi laadimisjaama, kui vihma hakkab sadama Turvasensorid peatavad tera p\u00f6\u00f6rlemise, kui robotit t\u00f5sta v\u00f5i kallutada 3-e lendteraga l\u00f5ike\/mult\u0161is\u00fcsteem LCD displei PIN-koodi sisestamiseks ja programmeerimiseks  Plug-in lisavarustus P\u00f5rkumisvastane s\u00fcsteem: ultrahelisensoriga, v\u00e4ldib esemetega kokkup\u00f5rkamist ja lisaks aitab tee leida ka keerulises aias GPS lokaliseerimine v\u00f5imaldab j\u00e4litada Landroidi varguse korral ja l\u00e4bi 4G saadetakse kasutajale tema asukoht. Digitaalne piire: lihtsustab piirdetraadi paigaldust keerulises aias Komplekti kuulub: 1aku 1laadija 1laadimisalus 9 tera ja kruvi 180m piirdetraati 250 vaia 1 kuuskantv\u00f5ti m\u00f5\u00f5dupulk 8 alusekinnituskruvi 2 traadi parandusliidet 1 mall traadi paigaldamiseks nurkades\" \/>\n<meta property=\"og:url\" content=\"https:\/\/ranoja.ee\/toode\/robotniiduk-landroid-l1000-wr147e-1-worx\/\" \/>\n<meta property=\"og:site_name\" content=\"Ranoja\" \/>\n<meta property=\"article:publisher\" content=\"https:\/\/www.facebook.com\/ranoja.ee\" \/>\n<meta property=\"article:modified_time\" content=\"2026-03-17T12:33:44+00:00\" \/>\n<meta property=\"og:image\" content=\"https:\/\/ranoja.ee\/wp-content\/uploads\/2026\/03\/251819188.jpg\" \/>\n\t<meta property=\"og:image:width\" content=\"732\" \/>\n\t<meta property=\"og:image:height\" content=\"549\" \/>\n\t<meta property=\"og:image:type\" content=\"image\/jpeg\" \/>\n<meta name=\"twitter:card\" content=\"summary_large_image\" \/>\n<script type=\"application\/ld+json\" class=\"yoast-schema-graph\">{\"@context\":\"https:\\\/\\\/schema.org\",\"@graph\":[{\"@type\":\"WebPage\",\"@id\":\"https:\\\/\\\/ranoja.ee\\\/toode\\\/robotniiduk-landroid-l1000-wr147e-1-worx\\\/\",\"url\":\"https:\\\/\\\/ranoja.ee\\\/toode\\\/robotniiduk-landroid-l1000-wr147e-1-worx\\\/\",\"name\":\"Robotniiduk Landroid L1000, WR147E.1, Worx - Ranoja\",\"isPartOf\":{\"@id\":\"https:\\\/\\\/ranoja.ee\\\/#website\"},\"primaryImageOfPage\":{\"@id\":\"https:\\\/\\\/ranoja.ee\\\/toode\\\/robotniiduk-landroid-l1000-wr147e-1-worx\\\/#primaryimage\"},\"image\":{\"@id\":\"https:\\\/\\\/ranoja.ee\\\/toode\\\/robotniiduk-landroid-l1000-wr147e-1-worx\\\/#primaryimage\"},\"thumbnailUrl\":\"https:\\\/\\\/ranoja.ee\\\/wp-content\\\/uploads\\\/2026\\\/03\\\/251819188.jpg\",\"datePublished\":\"2026-03-16T23:41:49+00:00\",\"dateModified\":\"2026-03-17T12:33:44+00:00\",\"breadcrumb\":{\"@id\":\"https:\\\/\\\/ranoja.ee\\\/toode\\\/robotniiduk-landroid-l1000-wr147e-1-worx\\\/#breadcrumb\"},\"inLanguage\":\"en-US\",\"potentialAction\":[{\"@type\":\"ReadAction\",\"target\":[\"https:\\\/\\\/ranoja.ee\\\/toode\\\/robotniiduk-landroid-l1000-wr147e-1-worx\\\/\"]}]},{\"@type\":\"ImageObject\",\"inLanguage\":\"en-US\",\"@id\":\"https:\\\/\\\/ranoja.ee\\\/toode\\\/robotniiduk-landroid-l1000-wr147e-1-worx\\\/#primaryimage\",\"url\":\"https:\\\/\\\/ranoja.ee\\\/wp-content\\\/uploads\\\/2026\\\/03\\\/251819188.jpg\",\"contentUrl\":\"https:\\\/\\\/ranoja.ee\\\/wp-content\\\/uploads\\\/2026\\\/03\\\/251819188.jpg\",\"width\":732,\"height\":549},{\"@type\":\"BreadcrumbList\",\"@id\":\"https:\\\/\\\/ranoja.ee\\\/toode\\\/robotniiduk-landroid-l1000-wr147e-1-worx\\\/#breadcrumb\",\"itemListElement\":[{\"@type\":\"ListItem\",\"position\":1,\"name\":\"Home\",\"item\":\"https:\\\/\\\/ranoja.ee\\\/\"},{\"@type\":\"ListItem\",\"position\":2,\"name\":\"Shop\",\"item\":\"https:\\\/\\\/ranoja.ee\\\/en\\\/shop\\\/\"},{\"@type\":\"ListItem\",\"position\":3,\"name\":\"Robotniiduk Landroid L1000, WR147E.1, Worx\"}]},{\"@type\":\"WebSite\",\"@id\":\"https:\\\/\\\/ranoja.ee\\\/#website\",\"url\":\"https:\\\/\\\/ranoja.ee\\\/\",\"name\":\"Ranoja\",\"description\":\"Equipment Shop WooCommerce WordPress Theme for Machine &amp; Tools\",\"publisher\":{\"@id\":\"https:\\\/\\\/ranoja.ee\\\/#organization\"},\"potentialAction\":[{\"@type\":\"SearchAction\",\"target\":{\"@type\":\"EntryPoint\",\"urlTemplate\":\"https:\\\/\\\/ranoja.ee\\\/?s={search_term_string}\"},\"query-input\":{\"@type\":\"PropertyValueSpecification\",\"valueRequired\":true,\"valueName\":\"search_term_string\"}}],\"inLanguage\":\"en-US\"},{\"@type\":\"Organization\",\"@id\":\"https:\\\/\\\/ranoja.ee\\\/#organization\",\"name\":\"Ranoja O\u00dc\",\"url\":\"https:\\\/\\\/ranoja.ee\\\/\",\"logo\":{\"@type\":\"ImageObject\",\"inLanguage\":\"en-US\",\"@id\":\"https:\\\/\\\/ranoja.ee\\\/#\\\/schema\\\/logo\\\/image\\\/\",\"url\":\"https:\\\/\\\/ranoja.ee\\\/wp-content\\\/uploads\\\/2023\\\/11\\\/ranoja-Logo.png\",\"contentUrl\":\"https:\\\/\\\/ranoja.ee\\\/wp-content\\\/uploads\\\/2023\\\/11\\\/ranoja-Logo.png\",\"width\":207,\"height\":58,\"caption\":\"Ranoja O\u00dc\"},\"image\":{\"@id\":\"https:\\\/\\\/ranoja.ee\\\/#\\\/schema\\\/logo\\\/image\\\/\"},\"sameAs\":[\"https:\\\/\\\/www.facebook.com\\\/ranoja.ee\",\"https:\\\/\\\/www.instagram.com\\\/ranoja__\\\/\"]}]}<\/script>\n<!-- \/ Yoast SEO plugin. -->","yoast_head_json":{"title":"Robotniiduk Landroid L1000, WR147E.1, Worx - Ranoja","robots":{"index":"index","follow":"follow","max-snippet":"max-snippet:-1","max-image-preview":"max-image-preview:large","max-video-preview":"max-video-preview:-1"},"canonical":"https:\/\/ranoja.ee\/toode\/robotniiduk-landroid-l1000-wr147e-1-worx\/","og_locale":"en_US","og_type":"article","og_title":"Robotniiduk Landroid L1000, WR147E.1, Worx - Ranoja","og_description":"Aku: 20 V Max \/ 4.0 Ah Li-lon L\u00f5ikelaius: 18 cm L\u00f5ikek\u00f5rgus: 3-6 cm\/ 4 positsiooni Suurim kalle: 35% (20\u00b0) Soovitatav muruplatsi suurus: kuni 1000 m2 M\u00fcratase: 67dB Landroidi m\u00f5\u00f5dud (PxLxK): 55,8 x 40,4 x 20,5 cm Kaal: 9,4 kg Harjavaba mootor Eriomadused Murupinna ebatasasusi j\u00e4rgiv ujuv niiduseade Lihtne puhastamine \u00c4pijuhtimine-programmeeri ja kontrolli Landroidi eemalt l\u00e4bi nutitelefoni Murupinna kalkulaator: jaluta nutitelefoniga \u00fcmber oma murupinna ja selle suurus ongi teada Automaatne graafik: \u00e4pp kalkuleerib automaatselt t\u00f6\u00f6graafiku vastavalt murupinna suurusele. Ja muudab seda vastavalt kohalikele ilmaoludele. Automaatne tarkvara uuendus: Landroid installeerib uusima tarkvara ise l\u00e4bi WiFi Power ShareTM20V aku sobib ka WORXi akuga aiat\u00f6\u00f6riistadele Cut to edge-\u00e4\u00e4rel\u00f5ikus: K\u00f5ige v\u00e4hem l\u00f5ikamata muru T\u00e4nu patenteeritud AIA tehnoloogiale s\u00f5idab Landroid l\u00e4bi ka kitsastest vahek\u00e4ikudest, kiiresti Plug-N-Play: eelprogrammeeritud -vajuta nupule ja t\u00f6\u00f6 l\u00e4hebki lahti  P\u00f5hiomadused Lisavarustuse pesa: saad Landroidi ise t\u00e4iendada Plug-in lisavarustusega K\u00fclglaadimine: puhas ja niidetud laadimisalus Multi-Zone programmeerimine-saab perfektselt hakkama liigendatud aiaga Tera p\u00e4ri-ja vastup\u00e4eva p\u00f6\u00f6rlemine -2 x v\u00e4hem teravahetusi Varguskindlus PIN koodiga kaitse -varguse korral ei saa Landroidi k\u00e4ivitada L\u00e4bi \u00e4pi saad Landroidi lukustada Aku t\u00fchjenemisel s\u00f5idab automaatselt tagasi laadimisjaama S\u00f5idab automaatselt tagasi laadimisjaama, kui p\u00e4evat\u00f6\u00f6 tehtud Ilmastikukindel konstruktsioon Vihmasensor suunab Landroidi laadimisjaama, kui vihma hakkab sadama Turvasensorid peatavad tera p\u00f6\u00f6rlemise, kui robotit t\u00f5sta v\u00f5i kallutada 3-e lendteraga l\u00f5ike\/mult\u0161is\u00fcsteem LCD displei PIN-koodi sisestamiseks ja programmeerimiseks  Plug-in lisavarustus P\u00f5rkumisvastane s\u00fcsteem: ultrahelisensoriga, v\u00e4ldib esemetega kokkup\u00f5rkamist ja lisaks aitab tee leida ka keerulises aias GPS lokaliseerimine v\u00f5imaldab j\u00e4litada Landroidi varguse korral ja l\u00e4bi 4G saadetakse kasutajale tema asukoht. Digitaalne piire: lihtsustab piirdetraadi paigaldust keerulises aias Komplekti kuulub: 1aku 1laadija 1laadimisalus 9 tera ja kruvi 180m piirdetraati 250 vaia 1 kuuskantv\u00f5ti m\u00f5\u00f5dupulk 8 alusekinnituskruvi 2 traadi parandusliidet 1 mall traadi paigaldamiseks nurkades","og_url":"https:\/\/ranoja.ee\/toode\/robotniiduk-landroid-l1000-wr147e-1-worx\/","og_site_name":"Ranoja","article_publisher":"https:\/\/www.facebook.com\/ranoja.ee","article_modified_time":"2026-03-17T12:33:44+00:00","og_image":[{"width":732,"height":549,"url":"https:\/\/ranoja.ee\/wp-content\/uploads\/2026\/03\/251819188.jpg","type":"image\/jpeg"}],"twitter_card":"summary_large_image","schema":{"@context":"https:\/\/schema.org","@graph":[{"@type":"WebPage","@id":"https:\/\/ranoja.ee\/toode\/robotniiduk-landroid-l1000-wr147e-1-worx\/","url":"https:\/\/ranoja.ee\/toode\/robotniiduk-landroid-l1000-wr147e-1-worx\/","name":"Robotniiduk Landroid L1000, WR147E.1, Worx - Ranoja","isPartOf":{"@id":"https:\/\/ranoja.ee\/#website"},"primaryImageOfPage":{"@id":"https:\/\/ranoja.ee\/toode\/robotniiduk-landroid-l1000-wr147e-1-worx\/#primaryimage"},"image":{"@id":"https:\/\/ranoja.ee\/toode\/robotniiduk-landroid-l1000-wr147e-1-worx\/#primaryimage"},"thumbnailUrl":"https:\/\/ranoja.ee\/wp-content\/uploads\/2026\/03\/251819188.jpg","datePublished":"2026-03-16T23:41:49+00:00","dateModified":"2026-03-17T12:33:44+00:00","breadcrumb":{"@id":"https:\/\/ranoja.ee\/toode\/robotniiduk-landroid-l1000-wr147e-1-worx\/#breadcrumb"},"inLanguage":"en-US","potentialAction":[{"@type":"ReadAction","target":["https:\/\/ranoja.ee\/toode\/robotniiduk-landroid-l1000-wr147e-1-worx\/"]}]},{"@type":"ImageObject","inLanguage":"en-US","@id":"https:\/\/ranoja.ee\/toode\/robotniiduk-landroid-l1000-wr147e-1-worx\/#primaryimage","url":"https:\/\/ranoja.ee\/wp-content\/uploads\/2026\/03\/251819188.jpg","contentUrl":"https:\/\/ranoja.ee\/wp-content\/uploads\/2026\/03\/251819188.jpg","width":732,"height":549},{"@type":"BreadcrumbList","@id":"https:\/\/ranoja.ee\/toode\/robotniiduk-landroid-l1000-wr147e-1-worx\/#breadcrumb","itemListElement":[{"@type":"ListItem","position":1,"name":"Home","item":"https:\/\/ranoja.ee\/"},{"@type":"ListItem","position":2,"name":"Shop","item":"https:\/\/ranoja.ee\/en\/shop\/"},{"@type":"ListItem","position":3,"name":"Robotniiduk Landroid L1000, WR147E.1, Worx"}]},{"@type":"WebSite","@id":"https:\/\/ranoja.ee\/#website","url":"https:\/\/ranoja.ee\/","name":"Ranoja","description":"Equipment Shop WooCommerce WordPress Theme for Machine &amp; Tools","publisher":{"@id":"https:\/\/ranoja.ee\/#organization"},"potentialAction":[{"@type":"SearchAction","target":{"@type":"EntryPoint","urlTemplate":"https:\/\/ranoja.ee\/?s={search_term_string}"},"query-input":{"@type":"PropertyValueSpecification","valueRequired":true,"valueName":"search_term_string"}}],"inLanguage":"en-US"},{"@type":"Organization","@id":"https:\/\/ranoja.ee\/#organization","name":"Ranoja O\u00dc","url":"https:\/\/ranoja.ee\/","logo":{"@type":"ImageObject","inLanguage":"en-US","@id":"https:\/\/ranoja.ee\/#\/schema\/logo\/image\/","url":"https:\/\/ranoja.ee\/wp-content\/uploads\/2023\/11\/ranoja-Logo.png","contentUrl":"https:\/\/ranoja.ee\/wp-content\/uploads\/2023\/11\/ranoja-Logo.png","width":207,"height":58,"caption":"Ranoja O\u00dc"},"image":{"@id":"https:\/\/ranoja.ee\/#\/schema\/logo\/image\/"},"sameAs":["https:\/\/www.facebook.com\/ranoja.ee","https:\/\/www.instagram.com\/ranoja__\/"]}]}},"_links":{"self":[{"href":"https:\/\/ranoja.ee\/en\/wp-json\/wp\/v2\/product\/62671","targetHints":{"allow":["GET"]}}],"collection":[{"href":"https:\/\/ranoja.ee\/en\/wp-json\/wp\/v2\/product"}],"about":[{"href":"https:\/\/ranoja.ee\/en\/wp-json\/wp\/v2\/types\/product"}],"wp:featuredmedia":[{"embeddable":true,"href":"https:\/\/ranoja.ee\/en\/wp-json\/wp\/v2\/media\/62672"}],"wp:attachment":[{"href":"https:\/\/ranoja.ee\/en\/wp-json\/wp\/v2\/media?parent=62671"}],"wp:term":[{"taxonomy":"product_cat","embeddable":true,"href":"https:\/\/ranoja.ee\/en\/wp-json\/wp\/v2\/product_cat?post=62671"},{"taxonomy":"product_tag","embeddable":true,"href":"https:\/\/ranoja.ee\/en\/wp-json\/wp\/v2\/product_tag?post=62671"}],"curies":[{"name":"wp","href":"https:\/\/api.w.org\/{rel}","templated":true}]}}