{"id":62639,"date":"2026-03-17T02:41:26","date_gmt":"2026-03-16T23:41:26","guid":{"rendered":"https:\/\/ranoja.ee\/toode\/mootorioli-synpower-env-c2-5w30-1l-valvoline-2\/"},"modified":"2026-03-17T15:33:45","modified_gmt":"2026-03-17T12:33:45","slug":"mootorioli-synpower-env-c2-5w30-1l-valvoline-2","status":"publish","type":"product","link":"https:\/\/ranoja.ee\/en\/toode\/mootorioli-synpower-env-c2-5w30-1l-valvoline-2\/","title":{"rendered":"Mootori\u00f5li Synpower ENV C2 5W30 1L, Valvoline"},"content":{"rendered":"","protected":false},"excerpt":{"rendered":"<p>Valvoline SynPower mootori\u00f5lid on valmistatud uuel<br \/>\nlisanditehnoloogial tagades parima kaitse ja t\u00f5hususe.  <br \/>\nUusim \u201enutikas tehnoloogia\u201c (Smart Performance Technology) <br \/>\ntagab kuni 70% parema kulumiskaitse ja kuni 3x suurema k\u00fctuse \u00f6konoomia v\u00f5rreldes k\u00f5ige viimaste n\u00f5utud valdkonna standarditega.<br \/>\nPreemiumklassi madala SAPS tasemega t\u00e4iss\u00fcntees mootori\u00f5li s\u00f5iduautodele ja pakibussidele mis aitab v\u00e4hendada kahjulikke heitgaase ja parandada k\u00fctuse\u00f6konoomiat autodel kus on ette n\u00e4htud ACEA C2 kategooria \u00f5li kasutamine.<\/p>\n<p>API SM, SN\/CF<br \/>\nACEA C2-10<br \/>\nSobib kasutamiseks mootorites kus on n\u00f5utud ACEA A5\/B5-04<br \/>\nPeugeot PSA B71 2290 heakskiit<br \/>\nCitroen,Honda,Toyota mudelitele kus C2 t\u00fc\u00fcpi \u00f5li on n\u00f5utud<br \/>\nSobib Fiat grupi s\u00f5idukitele kus<br \/>\nFiat 9.55535.S1 on n\u00f5utud kasutada<\/p>\n","protected":false},"featured_media":62640,"template":"","meta":{"inline_featured_image":false},"product_cat":[5012,5033,5032],"product_tag":[],"class_list":{"0":"post-62639","1":"product","2":"type-product","3":"status-publish","4":"has-post-thumbnail","6":"product_brand-valvoline","7":"product_cat-olid-ja-maardeained","8":"product_cat-soiduautode-ja-tarbesoidukite-taissunteetilised-mootoriolid","9":"product_cat-soiduautode-mootoriolid","11":"first","12":"outofstock","13":"purchasable","14":"product-type-simple"},"yoast_head":"<!-- This site is optimized with the Yoast SEO plugin v27.4 - https:\/\/yoast.com\/product\/yoast-seo-wordpress\/ -->\n<title>Mootori\u00f5li Synpower ENV C2 5W30 1L, Valvoline - Ranoja<\/title>\n<meta name=\"robots\" content=\"index, follow, max-snippet:-1, max-image-preview:large, max-video-preview:-1\" \/>\n<link rel=\"canonical\" href=\"https:\/\/ranoja.ee\/toode\/mootorioli-synpower-env-c2-5w30-1l-valvoline-2\/\" \/>\n<meta property=\"og:locale\" content=\"en_US\" \/>\n<meta property=\"og:type\" content=\"article\" \/>\n<meta property=\"og:title\" content=\"Mootori\u00f5li Synpower ENV C2 5W30 1L, Valvoline - Ranoja\" \/>\n<meta property=\"og:description\" content=\"Valvoline SynPower mootori\u00f5lid on valmistatud uuel lisanditehnoloogial tagades parima kaitse ja t\u00f5hususe.  Uusim \u201enutikas tehnoloogia\u201c (Smart Performance Technology) tagab kuni 70% parema kulumiskaitse ja kuni 3x suurema k\u00fctuse \u00f6konoomia v\u00f5rreldes k\u00f5ige viimaste n\u00f5utud valdkonna standarditega. Preemiumklassi madala SAPS tasemega t\u00e4iss\u00fcntees mootori\u00f5li s\u00f5iduautodele ja pakibussidele mis aitab v\u00e4hendada kahjulikke heitgaase ja parandada k\u00fctuse\u00f6konoomiat autodel kus on ette n\u00e4htud ACEA C2 kategooria \u00f5li kasutamine. API SM, SN\/CF ACEA C2-10 Sobib kasutamiseks mootorites kus on n\u00f5utud ACEA A5\/B5-04 Peugeot PSA B71 2290 heakskiit Citroen,Honda,Toyota mudelitele kus C2 t\u00fc\u00fcpi \u00f5li on n\u00f5utud Sobib Fiat grupi s\u00f5idukitele kus Fiat 9.55535.S1 on n\u00f5utud kasutada\" \/>\n<meta property=\"og:url\" content=\"https:\/\/ranoja.ee\/toode\/mootorioli-synpower-env-c2-5w30-1l-valvoline-2\/\" \/>\n<meta property=\"og:site_name\" content=\"Ranoja\" \/>\n<meta property=\"article:publisher\" content=\"https:\/\/www.facebook.com\/ranoja.ee\" \/>\n<meta property=\"article:modified_time\" content=\"2026-03-17T12:33:45+00:00\" \/>\n<meta property=\"og:image\" content=\"https:\/\/ranoja.ee\/wp-content\/uploads\/2026\/03\/211742606.jpg\" \/>\n\t<meta property=\"og:image:width\" content=\"391\" \/>\n\t<meta property=\"og:image:height\" content=\"900\" \/>\n\t<meta property=\"og:image:type\" content=\"image\/jpeg\" \/>\n<meta name=\"twitter:card\" content=\"summary_large_image\" \/>\n<script type=\"application\/ld+json\" class=\"yoast-schema-graph\">{\"@context\":\"https:\\\/\\\/schema.org\",\"@graph\":[{\"@type\":\"WebPage\",\"@id\":\"https:\\\/\\\/ranoja.ee\\\/toode\\\/mootorioli-synpower-env-c2-5w30-1l-valvoline-2\\\/\",\"url\":\"https:\\\/\\\/ranoja.ee\\\/toode\\\/mootorioli-synpower-env-c2-5w30-1l-valvoline-2\\\/\",\"name\":\"Mootori\u00f5li Synpower ENV C2 5W30 1L, Valvoline - Ranoja\",\"isPartOf\":{\"@id\":\"https:\\\/\\\/ranoja.ee\\\/#website\"},\"primaryImageOfPage\":{\"@id\":\"https:\\\/\\\/ranoja.ee\\\/toode\\\/mootorioli-synpower-env-c2-5w30-1l-valvoline-2\\\/#primaryimage\"},\"image\":{\"@id\":\"https:\\\/\\\/ranoja.ee\\\/toode\\\/mootorioli-synpower-env-c2-5w30-1l-valvoline-2\\\/#primaryimage\"},\"thumbnailUrl\":\"https:\\\/\\\/ranoja.ee\\\/wp-content\\\/uploads\\\/2026\\\/03\\\/211742606.jpg\",\"datePublished\":\"2026-03-16T23:41:26+00:00\",\"dateModified\":\"2026-03-17T12:33:45+00:00\",\"breadcrumb\":{\"@id\":\"https:\\\/\\\/ranoja.ee\\\/toode\\\/mootorioli-synpower-env-c2-5w30-1l-valvoline-2\\\/#breadcrumb\"},\"inLanguage\":\"en-US\",\"potentialAction\":[{\"@type\":\"ReadAction\",\"target\":[\"https:\\\/\\\/ranoja.ee\\\/toode\\\/mootorioli-synpower-env-c2-5w30-1l-valvoline-2\\\/\"]}]},{\"@type\":\"ImageObject\",\"inLanguage\":\"en-US\",\"@id\":\"https:\\\/\\\/ranoja.ee\\\/toode\\\/mootorioli-synpower-env-c2-5w30-1l-valvoline-2\\\/#primaryimage\",\"url\":\"https:\\\/\\\/ranoja.ee\\\/wp-content\\\/uploads\\\/2026\\\/03\\\/211742606.jpg\",\"contentUrl\":\"https:\\\/\\\/ranoja.ee\\\/wp-content\\\/uploads\\\/2026\\\/03\\\/211742606.jpg\",\"width\":391,\"height\":900},{\"@type\":\"BreadcrumbList\",\"@id\":\"https:\\\/\\\/ranoja.ee\\\/toode\\\/mootorioli-synpower-env-c2-5w30-1l-valvoline-2\\\/#breadcrumb\",\"itemListElement\":[{\"@type\":\"ListItem\",\"position\":1,\"name\":\"Home\",\"item\":\"https:\\\/\\\/ranoja.ee\\\/\"},{\"@type\":\"ListItem\",\"position\":2,\"name\":\"Shop\",\"item\":\"https:\\\/\\\/ranoja.ee\\\/en\\\/shop\\\/\"},{\"@type\":\"ListItem\",\"position\":3,\"name\":\"Mootori\u00f5li Synpower ENV C2 5W30 1L, Valvoline\"}]},{\"@type\":\"WebSite\",\"@id\":\"https:\\\/\\\/ranoja.ee\\\/#website\",\"url\":\"https:\\\/\\\/ranoja.ee\\\/\",\"name\":\"Ranoja\",\"description\":\"Equipment Shop WooCommerce WordPress Theme for Machine &amp; Tools\",\"publisher\":{\"@id\":\"https:\\\/\\\/ranoja.ee\\\/#organization\"},\"potentialAction\":[{\"@type\":\"SearchAction\",\"target\":{\"@type\":\"EntryPoint\",\"urlTemplate\":\"https:\\\/\\\/ranoja.ee\\\/?s={search_term_string}\"},\"query-input\":{\"@type\":\"PropertyValueSpecification\",\"valueRequired\":true,\"valueName\":\"search_term_string\"}}],\"inLanguage\":\"en-US\"},{\"@type\":\"Organization\",\"@id\":\"https:\\\/\\\/ranoja.ee\\\/#organization\",\"name\":\"Ranoja O\u00dc\",\"url\":\"https:\\\/\\\/ranoja.ee\\\/\",\"logo\":{\"@type\":\"ImageObject\",\"inLanguage\":\"en-US\",\"@id\":\"https:\\\/\\\/ranoja.ee\\\/#\\\/schema\\\/logo\\\/image\\\/\",\"url\":\"https:\\\/\\\/ranoja.ee\\\/wp-content\\\/uploads\\\/2023\\\/11\\\/ranoja-Logo.png\",\"contentUrl\":\"https:\\\/\\\/ranoja.ee\\\/wp-content\\\/uploads\\\/2023\\\/11\\\/ranoja-Logo.png\",\"width\":207,\"height\":58,\"caption\":\"Ranoja O\u00dc\"},\"image\":{\"@id\":\"https:\\\/\\\/ranoja.ee\\\/#\\\/schema\\\/logo\\\/image\\\/\"},\"sameAs\":[\"https:\\\/\\\/www.facebook.com\\\/ranoja.ee\",\"https:\\\/\\\/www.instagram.com\\\/ranoja__\\\/\"]}]}<\/script>\n<!-- \/ Yoast SEO plugin. -->","yoast_head_json":{"title":"Mootori\u00f5li Synpower ENV C2 5W30 1L, Valvoline - Ranoja","robots":{"index":"index","follow":"follow","max-snippet":"max-snippet:-1","max-image-preview":"max-image-preview:large","max-video-preview":"max-video-preview:-1"},"canonical":"https:\/\/ranoja.ee\/toode\/mootorioli-synpower-env-c2-5w30-1l-valvoline-2\/","og_locale":"en_US","og_type":"article","og_title":"Mootori\u00f5li Synpower ENV C2 5W30 1L, Valvoline - Ranoja","og_description":"Valvoline SynPower mootori\u00f5lid on valmistatud uuel lisanditehnoloogial tagades parima kaitse ja t\u00f5hususe.  Uusim \u201enutikas tehnoloogia\u201c (Smart Performance Technology) tagab kuni 70% parema kulumiskaitse ja kuni 3x suurema k\u00fctuse \u00f6konoomia v\u00f5rreldes k\u00f5ige viimaste n\u00f5utud valdkonna standarditega. Preemiumklassi madala SAPS tasemega t\u00e4iss\u00fcntees mootori\u00f5li s\u00f5iduautodele ja pakibussidele mis aitab v\u00e4hendada kahjulikke heitgaase ja parandada k\u00fctuse\u00f6konoomiat autodel kus on ette n\u00e4htud ACEA C2 kategooria \u00f5li kasutamine. API SM, SN\/CF ACEA C2-10 Sobib kasutamiseks mootorites kus on n\u00f5utud ACEA A5\/B5-04 Peugeot PSA B71 2290 heakskiit Citroen,Honda,Toyota mudelitele kus C2 t\u00fc\u00fcpi \u00f5li on n\u00f5utud Sobib Fiat grupi s\u00f5idukitele kus Fiat 9.55535.S1 on n\u00f5utud kasutada","og_url":"https:\/\/ranoja.ee\/toode\/mootorioli-synpower-env-c2-5w30-1l-valvoline-2\/","og_site_name":"Ranoja","article_publisher":"https:\/\/www.facebook.com\/ranoja.ee","article_modified_time":"2026-03-17T12:33:45+00:00","og_image":[{"width":391,"height":900,"url":"https:\/\/ranoja.ee\/wp-content\/uploads\/2026\/03\/211742606.jpg","type":"image\/jpeg"}],"twitter_card":"summary_large_image","schema":{"@context":"https:\/\/schema.org","@graph":[{"@type":"WebPage","@id":"https:\/\/ranoja.ee\/toode\/mootorioli-synpower-env-c2-5w30-1l-valvoline-2\/","url":"https:\/\/ranoja.ee\/toode\/mootorioli-synpower-env-c2-5w30-1l-valvoline-2\/","name":"Mootori\u00f5li Synpower ENV C2 5W30 1L, Valvoline - Ranoja","isPartOf":{"@id":"https:\/\/ranoja.ee\/#website"},"primaryImageOfPage":{"@id":"https:\/\/ranoja.ee\/toode\/mootorioli-synpower-env-c2-5w30-1l-valvoline-2\/#primaryimage"},"image":{"@id":"https:\/\/ranoja.ee\/toode\/mootorioli-synpower-env-c2-5w30-1l-valvoline-2\/#primaryimage"},"thumbnailUrl":"https:\/\/ranoja.ee\/wp-content\/uploads\/2026\/03\/211742606.jpg","datePublished":"2026-03-16T23:41:26+00:00","dateModified":"2026-03-17T12:33:45+00:00","breadcrumb":{"@id":"https:\/\/ranoja.ee\/toode\/mootorioli-synpower-env-c2-5w30-1l-valvoline-2\/#breadcrumb"},"inLanguage":"en-US","potentialAction":[{"@type":"ReadAction","target":["https:\/\/ranoja.ee\/toode\/mootorioli-synpower-env-c2-5w30-1l-valvoline-2\/"]}]},{"@type":"ImageObject","inLanguage":"en-US","@id":"https:\/\/ranoja.ee\/toode\/mootorioli-synpower-env-c2-5w30-1l-valvoline-2\/#primaryimage","url":"https:\/\/ranoja.ee\/wp-content\/uploads\/2026\/03\/211742606.jpg","contentUrl":"https:\/\/ranoja.ee\/wp-content\/uploads\/2026\/03\/211742606.jpg","width":391,"height":900},{"@type":"BreadcrumbList","@id":"https:\/\/ranoja.ee\/toode\/mootorioli-synpower-env-c2-5w30-1l-valvoline-2\/#breadcrumb","itemListElement":[{"@type":"ListItem","position":1,"name":"Home","item":"https:\/\/ranoja.ee\/"},{"@type":"ListItem","position":2,"name":"Shop","item":"https:\/\/ranoja.ee\/en\/shop\/"},{"@type":"ListItem","position":3,"name":"Mootori\u00f5li Synpower ENV C2 5W30 1L, Valvoline"}]},{"@type":"WebSite","@id":"https:\/\/ranoja.ee\/#website","url":"https:\/\/ranoja.ee\/","name":"Ranoja","description":"Equipment Shop WooCommerce WordPress Theme for Machine &amp; Tools","publisher":{"@id":"https:\/\/ranoja.ee\/#organization"},"potentialAction":[{"@type":"SearchAction","target":{"@type":"EntryPoint","urlTemplate":"https:\/\/ranoja.ee\/?s={search_term_string}"},"query-input":{"@type":"PropertyValueSpecification","valueRequired":true,"valueName":"search_term_string"}}],"inLanguage":"en-US"},{"@type":"Organization","@id":"https:\/\/ranoja.ee\/#organization","name":"Ranoja O\u00dc","url":"https:\/\/ranoja.ee\/","logo":{"@type":"ImageObject","inLanguage":"en-US","@id":"https:\/\/ranoja.ee\/#\/schema\/logo\/image\/","url":"https:\/\/ranoja.ee\/wp-content\/uploads\/2023\/11\/ranoja-Logo.png","contentUrl":"https:\/\/ranoja.ee\/wp-content\/uploads\/2023\/11\/ranoja-Logo.png","width":207,"height":58,"caption":"Ranoja O\u00dc"},"image":{"@id":"https:\/\/ranoja.ee\/#\/schema\/logo\/image\/"},"sameAs":["https:\/\/www.facebook.com\/ranoja.ee","https:\/\/www.instagram.com\/ranoja__\/"]}]}},"_links":{"self":[{"href":"https:\/\/ranoja.ee\/en\/wp-json\/wp\/v2\/product\/62639","targetHints":{"allow":["GET"]}}],"collection":[{"href":"https:\/\/ranoja.ee\/en\/wp-json\/wp\/v2\/product"}],"about":[{"href":"https:\/\/ranoja.ee\/en\/wp-json\/wp\/v2\/types\/product"}],"wp:featuredmedia":[{"embeddable":true,"href":"https:\/\/ranoja.ee\/en\/wp-json\/wp\/v2\/media\/62640"}],"wp:attachment":[{"href":"https:\/\/ranoja.ee\/en\/wp-json\/wp\/v2\/media?parent=62639"}],"wp:term":[{"taxonomy":"product_cat","embeddable":true,"href":"https:\/\/ranoja.ee\/en\/wp-json\/wp\/v2\/product_cat?post=62639"},{"taxonomy":"product_tag","embeddable":true,"href":"https:\/\/ranoja.ee\/en\/wp-json\/wp\/v2\/product_tag?post=62639"}],"curies":[{"name":"wp","href":"https:\/\/api.w.org\/{rel}","templated":true}]}}