{"id":62625,"date":"2026-03-17T02:41:26","date_gmt":"2026-03-16T23:41:26","guid":{"rendered":"https:\/\/ranoja.ee\/toode\/lehepuhur-lbh2600p-kogumiskott-scheppach\/"},"modified":"2026-03-17T15:33:45","modified_gmt":"2026-03-17T12:33:45","slug":"lehepuhur-lbh2600p-kogumiskott-scheppach","status":"publish","type":"product","link":"https:\/\/ranoja.ee\/en\/toode\/lehepuhur-lbh2600p-kogumiskott-scheppach\/","title":{"rendered":"Lehepuhur LBH2600P + kogumiskott, Scheppach"},"content":{"rendered":"","protected":false},"excerpt":{"rendered":"<p>Tehnilised andmed:<br \/>\nM\u00f5\u00f5dud P x L x K: 1260 x 550 x 370 mm<br \/>\nMootor: 25.4 cc, 2-taktiline<br \/>\nMax \u00f5humaht.: 678 m\u00b3\/h<br \/>\nMax \u00f5huvool.: 268 km\/h<br \/>\nMax mootori kiirus: 7500 \/ 7900 rpm<br \/>\nT\u00fchik\u00e4igu kiirus: 3500 rpm<br \/>\nPaak: 650 ml<br \/>\nMult\u0161i suhe: 10:1<br \/>\nKoti suurus: 50 L<br \/>\nK\u00fctusesegu: 40:1<br \/>\nMootor: 0.7 kW (1,0 HP)<\/p>\n<p>\u2022 4-in-1: imemine, puhumine, t\u00fckeldamine, p\u00fc\u00fcdmine<br \/>\n\u2022 V\u00f5imas 2 taktiline mootor, 25.4 cc<br \/>\n\u2022 Kerge start<br \/>\n\u2022 Madal k\u00fctusekulu<br \/>\n\u2022 Suur \u00f5hukiirus 268 km\/h ja \u00f5huvool 678 m3\/h<br \/>\n\u2022 Kerge kaaluga ja ergonoomiline<br \/>\n\u2022 50 L kogumiskott<\/p>\n","protected":false},"featured_media":62626,"template":"","meta":{"inline_featured_image":false},"product_cat":[5085,5402,5401],"product_tag":[],"class_list":{"0":"post-62625","1":"product","2":"type-product","3":"status-publish","4":"has-post-thumbnail","6":"product_brand-scheppach","7":"product_cat-aiatehnika-ja-tooriistad","8":"product_cat-bensiinimootoriga-lehepuhurid","9":"product_cat-lehepuhurid","11":"first","12":"instock","13":"purchasable","14":"product-type-simple"},"yoast_head":"<!-- This site is optimized with the Yoast SEO plugin v27.4 - https:\/\/yoast.com\/product\/yoast-seo-wordpress\/ -->\n<title>Lehepuhur LBH2600P + kogumiskott, Scheppach - Ranoja<\/title>\n<meta name=\"robots\" content=\"index, follow, max-snippet:-1, max-image-preview:large, max-video-preview:-1\" \/>\n<link rel=\"canonical\" href=\"https:\/\/ranoja.ee\/toode\/lehepuhur-lbh2600p-kogumiskott-scheppach\/\" \/>\n<meta property=\"og:locale\" content=\"en_US\" \/>\n<meta property=\"og:type\" content=\"article\" \/>\n<meta property=\"og:title\" content=\"Lehepuhur LBH2600P + kogumiskott, Scheppach - Ranoja\" \/>\n<meta property=\"og:description\" content=\"Tehnilised andmed: M\u00f5\u00f5dud P x L x K: 1260 x 550 x 370 mm Mootor: 25.4 cc, 2-taktiline Max \u00f5humaht.: 678 m\u00b3\/h Max \u00f5huvool.: 268 km\/h Max mootori kiirus: 7500 \/ 7900 rpm T\u00fchik\u00e4igu kiirus: 3500 rpm Paak: 650 ml Mult\u0161i suhe: 10:1 Koti suurus: 50 L K\u00fctusesegu: 40:1 Mootor: 0.7 kW (1,0 HP) \u2022 4-in-1: imemine, puhumine, t\u00fckeldamine, p\u00fc\u00fcdmine \u2022 V\u00f5imas 2 taktiline mootor, 25.4 cc \u2022 Kerge start \u2022 Madal k\u00fctusekulu \u2022 Suur \u00f5hukiirus 268 km\/h ja \u00f5huvool 678 m3\/h \u2022 Kerge kaaluga ja ergonoomiline \u2022 50 L kogumiskott\" \/>\n<meta property=\"og:url\" content=\"https:\/\/ranoja.ee\/toode\/lehepuhur-lbh2600p-kogumiskott-scheppach\/\" \/>\n<meta property=\"og:site_name\" content=\"Ranoja\" \/>\n<meta property=\"article:publisher\" content=\"https:\/\/www.facebook.com\/ranoja.ee\" \/>\n<meta property=\"article:modified_time\" content=\"2026-03-17T12:33:45+00:00\" \/>\n<meta property=\"og:image\" content=\"https:\/\/ranoja.ee\/wp-content\/uploads\/2026\/03\/232054285.jpg\" \/>\n\t<meta property=\"og:image:width\" content=\"900\" \/>\n\t<meta property=\"og:image:height\" content=\"427\" \/>\n\t<meta property=\"og:image:type\" content=\"image\/jpeg\" \/>\n<meta name=\"twitter:card\" content=\"summary_large_image\" \/>\n<script type=\"application\/ld+json\" class=\"yoast-schema-graph\">{\"@context\":\"https:\\\/\\\/schema.org\",\"@graph\":[{\"@type\":\"WebPage\",\"@id\":\"https:\\\/\\\/ranoja.ee\\\/toode\\\/lehepuhur-lbh2600p-kogumiskott-scheppach\\\/\",\"url\":\"https:\\\/\\\/ranoja.ee\\\/toode\\\/lehepuhur-lbh2600p-kogumiskott-scheppach\\\/\",\"name\":\"Lehepuhur LBH2600P + kogumiskott, Scheppach - Ranoja\",\"isPartOf\":{\"@id\":\"https:\\\/\\\/ranoja.ee\\\/#website\"},\"primaryImageOfPage\":{\"@id\":\"https:\\\/\\\/ranoja.ee\\\/toode\\\/lehepuhur-lbh2600p-kogumiskott-scheppach\\\/#primaryimage\"},\"image\":{\"@id\":\"https:\\\/\\\/ranoja.ee\\\/toode\\\/lehepuhur-lbh2600p-kogumiskott-scheppach\\\/#primaryimage\"},\"thumbnailUrl\":\"https:\\\/\\\/ranoja.ee\\\/wp-content\\\/uploads\\\/2026\\\/03\\\/232054285.jpg\",\"datePublished\":\"2026-03-16T23:41:26+00:00\",\"dateModified\":\"2026-03-17T12:33:45+00:00\",\"breadcrumb\":{\"@id\":\"https:\\\/\\\/ranoja.ee\\\/toode\\\/lehepuhur-lbh2600p-kogumiskott-scheppach\\\/#breadcrumb\"},\"inLanguage\":\"en-US\",\"potentialAction\":[{\"@type\":\"ReadAction\",\"target\":[\"https:\\\/\\\/ranoja.ee\\\/toode\\\/lehepuhur-lbh2600p-kogumiskott-scheppach\\\/\"]}]},{\"@type\":\"ImageObject\",\"inLanguage\":\"en-US\",\"@id\":\"https:\\\/\\\/ranoja.ee\\\/toode\\\/lehepuhur-lbh2600p-kogumiskott-scheppach\\\/#primaryimage\",\"url\":\"https:\\\/\\\/ranoja.ee\\\/wp-content\\\/uploads\\\/2026\\\/03\\\/232054285.jpg\",\"contentUrl\":\"https:\\\/\\\/ranoja.ee\\\/wp-content\\\/uploads\\\/2026\\\/03\\\/232054285.jpg\",\"width\":900,\"height\":427},{\"@type\":\"BreadcrumbList\",\"@id\":\"https:\\\/\\\/ranoja.ee\\\/toode\\\/lehepuhur-lbh2600p-kogumiskott-scheppach\\\/#breadcrumb\",\"itemListElement\":[{\"@type\":\"ListItem\",\"position\":1,\"name\":\"Home\",\"item\":\"https:\\\/\\\/ranoja.ee\\\/\"},{\"@type\":\"ListItem\",\"position\":2,\"name\":\"Shop\",\"item\":\"https:\\\/\\\/ranoja.ee\\\/en\\\/shop\\\/\"},{\"@type\":\"ListItem\",\"position\":3,\"name\":\"Lehepuhur LBH2600P + kogumiskott, Scheppach\"}]},{\"@type\":\"WebSite\",\"@id\":\"https:\\\/\\\/ranoja.ee\\\/#website\",\"url\":\"https:\\\/\\\/ranoja.ee\\\/\",\"name\":\"Ranoja\",\"description\":\"Equipment Shop WooCommerce WordPress Theme for Machine &amp; Tools\",\"publisher\":{\"@id\":\"https:\\\/\\\/ranoja.ee\\\/#organization\"},\"potentialAction\":[{\"@type\":\"SearchAction\",\"target\":{\"@type\":\"EntryPoint\",\"urlTemplate\":\"https:\\\/\\\/ranoja.ee\\\/?s={search_term_string}\"},\"query-input\":{\"@type\":\"PropertyValueSpecification\",\"valueRequired\":true,\"valueName\":\"search_term_string\"}}],\"inLanguage\":\"en-US\"},{\"@type\":\"Organization\",\"@id\":\"https:\\\/\\\/ranoja.ee\\\/#organization\",\"name\":\"Ranoja O\u00dc\",\"url\":\"https:\\\/\\\/ranoja.ee\\\/\",\"logo\":{\"@type\":\"ImageObject\",\"inLanguage\":\"en-US\",\"@id\":\"https:\\\/\\\/ranoja.ee\\\/#\\\/schema\\\/logo\\\/image\\\/\",\"url\":\"https:\\\/\\\/ranoja.ee\\\/wp-content\\\/uploads\\\/2023\\\/11\\\/ranoja-Logo.png\",\"contentUrl\":\"https:\\\/\\\/ranoja.ee\\\/wp-content\\\/uploads\\\/2023\\\/11\\\/ranoja-Logo.png\",\"width\":207,\"height\":58,\"caption\":\"Ranoja O\u00dc\"},\"image\":{\"@id\":\"https:\\\/\\\/ranoja.ee\\\/#\\\/schema\\\/logo\\\/image\\\/\"},\"sameAs\":[\"https:\\\/\\\/www.facebook.com\\\/ranoja.ee\",\"https:\\\/\\\/www.instagram.com\\\/ranoja__\\\/\"]}]}<\/script>\n<!-- \/ Yoast SEO plugin. -->","yoast_head_json":{"title":"Lehepuhur LBH2600P + kogumiskott, Scheppach - Ranoja","robots":{"index":"index","follow":"follow","max-snippet":"max-snippet:-1","max-image-preview":"max-image-preview:large","max-video-preview":"max-video-preview:-1"},"canonical":"https:\/\/ranoja.ee\/toode\/lehepuhur-lbh2600p-kogumiskott-scheppach\/","og_locale":"en_US","og_type":"article","og_title":"Lehepuhur LBH2600P + kogumiskott, Scheppach - Ranoja","og_description":"Tehnilised andmed: M\u00f5\u00f5dud P x L x K: 1260 x 550 x 370 mm Mootor: 25.4 cc, 2-taktiline Max \u00f5humaht.: 678 m\u00b3\/h Max \u00f5huvool.: 268 km\/h Max mootori kiirus: 7500 \/ 7900 rpm T\u00fchik\u00e4igu kiirus: 3500 rpm Paak: 650 ml Mult\u0161i suhe: 10:1 Koti suurus: 50 L K\u00fctusesegu: 40:1 Mootor: 0.7 kW (1,0 HP) \u2022 4-in-1: imemine, puhumine, t\u00fckeldamine, p\u00fc\u00fcdmine \u2022 V\u00f5imas 2 taktiline mootor, 25.4 cc \u2022 Kerge start \u2022 Madal k\u00fctusekulu \u2022 Suur \u00f5hukiirus 268 km\/h ja \u00f5huvool 678 m3\/h \u2022 Kerge kaaluga ja ergonoomiline \u2022 50 L kogumiskott","og_url":"https:\/\/ranoja.ee\/toode\/lehepuhur-lbh2600p-kogumiskott-scheppach\/","og_site_name":"Ranoja","article_publisher":"https:\/\/www.facebook.com\/ranoja.ee","article_modified_time":"2026-03-17T12:33:45+00:00","og_image":[{"width":900,"height":427,"url":"https:\/\/ranoja.ee\/wp-content\/uploads\/2026\/03\/232054285.jpg","type":"image\/jpeg"}],"twitter_card":"summary_large_image","schema":{"@context":"https:\/\/schema.org","@graph":[{"@type":"WebPage","@id":"https:\/\/ranoja.ee\/toode\/lehepuhur-lbh2600p-kogumiskott-scheppach\/","url":"https:\/\/ranoja.ee\/toode\/lehepuhur-lbh2600p-kogumiskott-scheppach\/","name":"Lehepuhur LBH2600P + kogumiskott, Scheppach - Ranoja","isPartOf":{"@id":"https:\/\/ranoja.ee\/#website"},"primaryImageOfPage":{"@id":"https:\/\/ranoja.ee\/toode\/lehepuhur-lbh2600p-kogumiskott-scheppach\/#primaryimage"},"image":{"@id":"https:\/\/ranoja.ee\/toode\/lehepuhur-lbh2600p-kogumiskott-scheppach\/#primaryimage"},"thumbnailUrl":"https:\/\/ranoja.ee\/wp-content\/uploads\/2026\/03\/232054285.jpg","datePublished":"2026-03-16T23:41:26+00:00","dateModified":"2026-03-17T12:33:45+00:00","breadcrumb":{"@id":"https:\/\/ranoja.ee\/toode\/lehepuhur-lbh2600p-kogumiskott-scheppach\/#breadcrumb"},"inLanguage":"en-US","potentialAction":[{"@type":"ReadAction","target":["https:\/\/ranoja.ee\/toode\/lehepuhur-lbh2600p-kogumiskott-scheppach\/"]}]},{"@type":"ImageObject","inLanguage":"en-US","@id":"https:\/\/ranoja.ee\/toode\/lehepuhur-lbh2600p-kogumiskott-scheppach\/#primaryimage","url":"https:\/\/ranoja.ee\/wp-content\/uploads\/2026\/03\/232054285.jpg","contentUrl":"https:\/\/ranoja.ee\/wp-content\/uploads\/2026\/03\/232054285.jpg","width":900,"height":427},{"@type":"BreadcrumbList","@id":"https:\/\/ranoja.ee\/toode\/lehepuhur-lbh2600p-kogumiskott-scheppach\/#breadcrumb","itemListElement":[{"@type":"ListItem","position":1,"name":"Home","item":"https:\/\/ranoja.ee\/"},{"@type":"ListItem","position":2,"name":"Shop","item":"https:\/\/ranoja.ee\/en\/shop\/"},{"@type":"ListItem","position":3,"name":"Lehepuhur LBH2600P + kogumiskott, Scheppach"}]},{"@type":"WebSite","@id":"https:\/\/ranoja.ee\/#website","url":"https:\/\/ranoja.ee\/","name":"Ranoja","description":"Equipment Shop WooCommerce WordPress Theme for Machine &amp; Tools","publisher":{"@id":"https:\/\/ranoja.ee\/#organization"},"potentialAction":[{"@type":"SearchAction","target":{"@type":"EntryPoint","urlTemplate":"https:\/\/ranoja.ee\/?s={search_term_string}"},"query-input":{"@type":"PropertyValueSpecification","valueRequired":true,"valueName":"search_term_string"}}],"inLanguage":"en-US"},{"@type":"Organization","@id":"https:\/\/ranoja.ee\/#organization","name":"Ranoja O\u00dc","url":"https:\/\/ranoja.ee\/","logo":{"@type":"ImageObject","inLanguage":"en-US","@id":"https:\/\/ranoja.ee\/#\/schema\/logo\/image\/","url":"https:\/\/ranoja.ee\/wp-content\/uploads\/2023\/11\/ranoja-Logo.png","contentUrl":"https:\/\/ranoja.ee\/wp-content\/uploads\/2023\/11\/ranoja-Logo.png","width":207,"height":58,"caption":"Ranoja O\u00dc"},"image":{"@id":"https:\/\/ranoja.ee\/#\/schema\/logo\/image\/"},"sameAs":["https:\/\/www.facebook.com\/ranoja.ee","https:\/\/www.instagram.com\/ranoja__\/"]}]}},"_links":{"self":[{"href":"https:\/\/ranoja.ee\/en\/wp-json\/wp\/v2\/product\/62625","targetHints":{"allow":["GET"]}}],"collection":[{"href":"https:\/\/ranoja.ee\/en\/wp-json\/wp\/v2\/product"}],"about":[{"href":"https:\/\/ranoja.ee\/en\/wp-json\/wp\/v2\/types\/product"}],"wp:featuredmedia":[{"embeddable":true,"href":"https:\/\/ranoja.ee\/en\/wp-json\/wp\/v2\/media\/62626"}],"wp:attachment":[{"href":"https:\/\/ranoja.ee\/en\/wp-json\/wp\/v2\/media?parent=62625"}],"wp:term":[{"taxonomy":"product_cat","embeddable":true,"href":"https:\/\/ranoja.ee\/en\/wp-json\/wp\/v2\/product_cat?post=62625"},{"taxonomy":"product_tag","embeddable":true,"href":"https:\/\/ranoja.ee\/en\/wp-json\/wp\/v2\/product_tag?post=62625"}],"curies":[{"name":"wp","href":"https:\/\/api.w.org\/{rel}","templated":true}]}}