{"id":62615,"date":"2026-03-17T02:41:26","date_gmt":"2026-03-16T23:41:26","guid":{"rendered":"https:\/\/ranoja.ee\/toode\/universaalmaare-multipurpose-calcium-2-400g-valvoline-2\/"},"modified":"2026-03-17T15:33:45","modified_gmt":"2026-03-17T12:33:45","slug":"universaalmaare-multipurpose-calcium-2-400g-valvoline-2","status":"publish","type":"product","link":"https:\/\/ranoja.ee\/en\/toode\/universaalmaare-multipurpose-calcium-2-400g-valvoline-2\/","title":{"rendered":"Universaalm\u00e4\u00e4re Multipurpose Calcium 2 400g, Valvoline"},"content":{"rendered":"","protected":false},"excerpt":{"rendered":"<p>Mineraalne \u00fcldotstarbeline kaltsium tahkesti m\u00e4\u00e4re v\u00e4ga heade veekindlus omadustega. Sobilik niisketes\/m\u00e4rgades oludes t\u00f6\u00f6tamisel merel, metsanduses, ehituses, p\u00f5llumajanduses ja paberit\u00f6\u00f6stuses.<br \/>\nValvoline Multipurpose Calcium 2 on v\u00e4rvuselt roheline m\u00e4\u00e4re mis aitab kergelt tuvastada m\u00e4\u00e4rde olemasolu pindadel ja s\u00f5lmedel kuhu see on kantud. M\u00e4\u00e4re tagab v\u00e4ga hea kleepuvuse m\u00e4\u00e4ritavatel pindadel, kaitstes neid korrosiooni ja kulumise eest.<br \/>\nKasutuskohad:<br \/>\nTavalise t\u00f6\u00f6temperatuuriga maaparandus, p\u00f5llumajandus, vesiehitus, kaevandus ja muu ehitustehnika seadmetele mis t\u00f6\u00f6tavad niisketes ja rasketes tingimustes.<br \/>\nBaas\u00f5li: Mineraalne<br \/>\nTahkesti: Kaltsium<br \/>\nBaas\u00f5li viskoossus: 100 <br \/>\nKasutus tepmeratuurivahemik: -30 kuni + 130<br \/>\nV\u00e4rvus: Roheline<br \/>\nKonsistentsusklass: NLGI 2 <br \/>\nJ\u00f5udlustasemed: DIN 51502  K2E-30<\/p>\n","protected":false},"featured_media":62616,"template":"","meta":{"inline_featured_image":false},"product_cat":[5052,5013,5012],"product_tag":[],"class_list":{"0":"post-62615","1":"product","2":"type-product","3":"status-publish","4":"has-post-thumbnail","6":"product_brand-valvoline","7":"product_cat-kaltsiummaarded","8":"product_cat-maarded","9":"product_cat-olid-ja-maardeained","11":"first","12":"outofstock","13":"purchasable","14":"product-type-simple"},"yoast_head":"<!-- This site is optimized with the Yoast SEO plugin v27.4 - https:\/\/yoast.com\/product\/yoast-seo-wordpress\/ -->\n<title>Universaalm\u00e4\u00e4re Multipurpose Calcium 2 400g, Valvoline - Ranoja<\/title>\n<meta name=\"robots\" content=\"index, follow, max-snippet:-1, max-image-preview:large, max-video-preview:-1\" \/>\n<link rel=\"canonical\" href=\"https:\/\/ranoja.ee\/toode\/universaalmaare-multipurpose-calcium-2-400g-valvoline-2\/\" \/>\n<meta property=\"og:locale\" content=\"en_US\" \/>\n<meta property=\"og:type\" content=\"article\" \/>\n<meta property=\"og:title\" content=\"Universaalm\u00e4\u00e4re Multipurpose Calcium 2 400g, Valvoline - Ranoja\" \/>\n<meta property=\"og:description\" content=\"Mineraalne \u00fcldotstarbeline kaltsium tahkesti m\u00e4\u00e4re v\u00e4ga heade veekindlus omadustega. Sobilik niisketes\/m\u00e4rgades oludes t\u00f6\u00f6tamisel merel, metsanduses, ehituses, p\u00f5llumajanduses ja paberit\u00f6\u00f6stuses. Valvoline Multipurpose Calcium 2 on v\u00e4rvuselt roheline m\u00e4\u00e4re mis aitab kergelt tuvastada m\u00e4\u00e4rde olemasolu pindadel ja s\u00f5lmedel kuhu see on kantud. M\u00e4\u00e4re tagab v\u00e4ga hea kleepuvuse m\u00e4\u00e4ritavatel pindadel, kaitstes neid korrosiooni ja kulumise eest. Kasutuskohad: Tavalise t\u00f6\u00f6temperatuuriga maaparandus, p\u00f5llumajandus, vesiehitus, kaevandus ja muu ehitustehnika seadmetele mis t\u00f6\u00f6tavad niisketes ja rasketes tingimustes. Baas\u00f5li: Mineraalne Tahkesti: Kaltsium Baas\u00f5li viskoossus: 100 Kasutus tepmeratuurivahemik: -30 kuni + 130 V\u00e4rvus: Roheline Konsistentsusklass: NLGI 2 J\u00f5udlustasemed: DIN 51502 K2E-30\" \/>\n<meta property=\"og:url\" content=\"https:\/\/ranoja.ee\/toode\/universaalmaare-multipurpose-calcium-2-400g-valvoline-2\/\" \/>\n<meta property=\"og:site_name\" content=\"Ranoja\" \/>\n<meta property=\"article:publisher\" content=\"https:\/\/www.facebook.com\/ranoja.ee\" \/>\n<meta property=\"article:modified_time\" content=\"2026-03-17T12:33:45+00:00\" \/>\n<meta property=\"og:image\" content=\"https:\/\/ranoja.ee\/wp-content\/uploads\/2026\/03\/211357697.jpeg\" \/>\n\t<meta property=\"og:image:width\" content=\"467\" \/>\n\t<meta property=\"og:image:height\" content=\"768\" \/>\n\t<meta property=\"og:image:type\" content=\"image\/jpeg\" \/>\n<meta name=\"twitter:card\" content=\"summary_large_image\" \/>\n<script type=\"application\/ld+json\" class=\"yoast-schema-graph\">{\"@context\":\"https:\\\/\\\/schema.org\",\"@graph\":[{\"@type\":\"WebPage\",\"@id\":\"https:\\\/\\\/ranoja.ee\\\/toode\\\/universaalmaare-multipurpose-calcium-2-400g-valvoline-2\\\/\",\"url\":\"https:\\\/\\\/ranoja.ee\\\/toode\\\/universaalmaare-multipurpose-calcium-2-400g-valvoline-2\\\/\",\"name\":\"Universaalm\u00e4\u00e4re Multipurpose Calcium 2 400g, Valvoline - Ranoja\",\"isPartOf\":{\"@id\":\"https:\\\/\\\/ranoja.ee\\\/#website\"},\"primaryImageOfPage\":{\"@id\":\"https:\\\/\\\/ranoja.ee\\\/toode\\\/universaalmaare-multipurpose-calcium-2-400g-valvoline-2\\\/#primaryimage\"},\"image\":{\"@id\":\"https:\\\/\\\/ranoja.ee\\\/toode\\\/universaalmaare-multipurpose-calcium-2-400g-valvoline-2\\\/#primaryimage\"},\"thumbnailUrl\":\"https:\\\/\\\/ranoja.ee\\\/wp-content\\\/uploads\\\/2026\\\/03\\\/211357697.jpeg\",\"datePublished\":\"2026-03-16T23:41:26+00:00\",\"dateModified\":\"2026-03-17T12:33:45+00:00\",\"breadcrumb\":{\"@id\":\"https:\\\/\\\/ranoja.ee\\\/toode\\\/universaalmaare-multipurpose-calcium-2-400g-valvoline-2\\\/#breadcrumb\"},\"inLanguage\":\"en-US\",\"potentialAction\":[{\"@type\":\"ReadAction\",\"target\":[\"https:\\\/\\\/ranoja.ee\\\/toode\\\/universaalmaare-multipurpose-calcium-2-400g-valvoline-2\\\/\"]}]},{\"@type\":\"ImageObject\",\"inLanguage\":\"en-US\",\"@id\":\"https:\\\/\\\/ranoja.ee\\\/toode\\\/universaalmaare-multipurpose-calcium-2-400g-valvoline-2\\\/#primaryimage\",\"url\":\"https:\\\/\\\/ranoja.ee\\\/wp-content\\\/uploads\\\/2026\\\/03\\\/211357697.jpeg\",\"contentUrl\":\"https:\\\/\\\/ranoja.ee\\\/wp-content\\\/uploads\\\/2026\\\/03\\\/211357697.jpeg\",\"width\":467,\"height\":768},{\"@type\":\"BreadcrumbList\",\"@id\":\"https:\\\/\\\/ranoja.ee\\\/toode\\\/universaalmaare-multipurpose-calcium-2-400g-valvoline-2\\\/#breadcrumb\",\"itemListElement\":[{\"@type\":\"ListItem\",\"position\":1,\"name\":\"Home\",\"item\":\"https:\\\/\\\/ranoja.ee\\\/\"},{\"@type\":\"ListItem\",\"position\":2,\"name\":\"Shop\",\"item\":\"https:\\\/\\\/ranoja.ee\\\/en\\\/shop\\\/\"},{\"@type\":\"ListItem\",\"position\":3,\"name\":\"Universaalm\u00e4\u00e4re Multipurpose Calcium 2 400g, Valvoline\"}]},{\"@type\":\"WebSite\",\"@id\":\"https:\\\/\\\/ranoja.ee\\\/#website\",\"url\":\"https:\\\/\\\/ranoja.ee\\\/\",\"name\":\"Ranoja\",\"description\":\"Equipment Shop WooCommerce WordPress Theme for Machine &amp; Tools\",\"publisher\":{\"@id\":\"https:\\\/\\\/ranoja.ee\\\/#organization\"},\"potentialAction\":[{\"@type\":\"SearchAction\",\"target\":{\"@type\":\"EntryPoint\",\"urlTemplate\":\"https:\\\/\\\/ranoja.ee\\\/?s={search_term_string}\"},\"query-input\":{\"@type\":\"PropertyValueSpecification\",\"valueRequired\":true,\"valueName\":\"search_term_string\"}}],\"inLanguage\":\"en-US\"},{\"@type\":\"Organization\",\"@id\":\"https:\\\/\\\/ranoja.ee\\\/#organization\",\"name\":\"Ranoja O\u00dc\",\"url\":\"https:\\\/\\\/ranoja.ee\\\/\",\"logo\":{\"@type\":\"ImageObject\",\"inLanguage\":\"en-US\",\"@id\":\"https:\\\/\\\/ranoja.ee\\\/#\\\/schema\\\/logo\\\/image\\\/\",\"url\":\"https:\\\/\\\/ranoja.ee\\\/wp-content\\\/uploads\\\/2023\\\/11\\\/ranoja-Logo.png\",\"contentUrl\":\"https:\\\/\\\/ranoja.ee\\\/wp-content\\\/uploads\\\/2023\\\/11\\\/ranoja-Logo.png\",\"width\":207,\"height\":58,\"caption\":\"Ranoja O\u00dc\"},\"image\":{\"@id\":\"https:\\\/\\\/ranoja.ee\\\/#\\\/schema\\\/logo\\\/image\\\/\"},\"sameAs\":[\"https:\\\/\\\/www.facebook.com\\\/ranoja.ee\",\"https:\\\/\\\/www.instagram.com\\\/ranoja__\\\/\"]}]}<\/script>\n<!-- \/ Yoast SEO plugin. -->","yoast_head_json":{"title":"Universaalm\u00e4\u00e4re Multipurpose Calcium 2 400g, Valvoline - Ranoja","robots":{"index":"index","follow":"follow","max-snippet":"max-snippet:-1","max-image-preview":"max-image-preview:large","max-video-preview":"max-video-preview:-1"},"canonical":"https:\/\/ranoja.ee\/toode\/universaalmaare-multipurpose-calcium-2-400g-valvoline-2\/","og_locale":"en_US","og_type":"article","og_title":"Universaalm\u00e4\u00e4re Multipurpose Calcium 2 400g, Valvoline - Ranoja","og_description":"Mineraalne \u00fcldotstarbeline kaltsium tahkesti m\u00e4\u00e4re v\u00e4ga heade veekindlus omadustega. Sobilik niisketes\/m\u00e4rgades oludes t\u00f6\u00f6tamisel merel, metsanduses, ehituses, p\u00f5llumajanduses ja paberit\u00f6\u00f6stuses. Valvoline Multipurpose Calcium 2 on v\u00e4rvuselt roheline m\u00e4\u00e4re mis aitab kergelt tuvastada m\u00e4\u00e4rde olemasolu pindadel ja s\u00f5lmedel kuhu see on kantud. M\u00e4\u00e4re tagab v\u00e4ga hea kleepuvuse m\u00e4\u00e4ritavatel pindadel, kaitstes neid korrosiooni ja kulumise eest. Kasutuskohad: Tavalise t\u00f6\u00f6temperatuuriga maaparandus, p\u00f5llumajandus, vesiehitus, kaevandus ja muu ehitustehnika seadmetele mis t\u00f6\u00f6tavad niisketes ja rasketes tingimustes. Baas\u00f5li: Mineraalne Tahkesti: Kaltsium Baas\u00f5li viskoossus: 100 Kasutus tepmeratuurivahemik: -30 kuni + 130 V\u00e4rvus: Roheline Konsistentsusklass: NLGI 2 J\u00f5udlustasemed: DIN 51502 K2E-30","og_url":"https:\/\/ranoja.ee\/toode\/universaalmaare-multipurpose-calcium-2-400g-valvoline-2\/","og_site_name":"Ranoja","article_publisher":"https:\/\/www.facebook.com\/ranoja.ee","article_modified_time":"2026-03-17T12:33:45+00:00","og_image":[{"width":467,"height":768,"url":"https:\/\/ranoja.ee\/wp-content\/uploads\/2026\/03\/211357697.jpeg","type":"image\/jpeg"}],"twitter_card":"summary_large_image","schema":{"@context":"https:\/\/schema.org","@graph":[{"@type":"WebPage","@id":"https:\/\/ranoja.ee\/toode\/universaalmaare-multipurpose-calcium-2-400g-valvoline-2\/","url":"https:\/\/ranoja.ee\/toode\/universaalmaare-multipurpose-calcium-2-400g-valvoline-2\/","name":"Universaalm\u00e4\u00e4re Multipurpose Calcium 2 400g, Valvoline - Ranoja","isPartOf":{"@id":"https:\/\/ranoja.ee\/#website"},"primaryImageOfPage":{"@id":"https:\/\/ranoja.ee\/toode\/universaalmaare-multipurpose-calcium-2-400g-valvoline-2\/#primaryimage"},"image":{"@id":"https:\/\/ranoja.ee\/toode\/universaalmaare-multipurpose-calcium-2-400g-valvoline-2\/#primaryimage"},"thumbnailUrl":"https:\/\/ranoja.ee\/wp-content\/uploads\/2026\/03\/211357697.jpeg","datePublished":"2026-03-16T23:41:26+00:00","dateModified":"2026-03-17T12:33:45+00:00","breadcrumb":{"@id":"https:\/\/ranoja.ee\/toode\/universaalmaare-multipurpose-calcium-2-400g-valvoline-2\/#breadcrumb"},"inLanguage":"en-US","potentialAction":[{"@type":"ReadAction","target":["https:\/\/ranoja.ee\/toode\/universaalmaare-multipurpose-calcium-2-400g-valvoline-2\/"]}]},{"@type":"ImageObject","inLanguage":"en-US","@id":"https:\/\/ranoja.ee\/toode\/universaalmaare-multipurpose-calcium-2-400g-valvoline-2\/#primaryimage","url":"https:\/\/ranoja.ee\/wp-content\/uploads\/2026\/03\/211357697.jpeg","contentUrl":"https:\/\/ranoja.ee\/wp-content\/uploads\/2026\/03\/211357697.jpeg","width":467,"height":768},{"@type":"BreadcrumbList","@id":"https:\/\/ranoja.ee\/toode\/universaalmaare-multipurpose-calcium-2-400g-valvoline-2\/#breadcrumb","itemListElement":[{"@type":"ListItem","position":1,"name":"Home","item":"https:\/\/ranoja.ee\/"},{"@type":"ListItem","position":2,"name":"Shop","item":"https:\/\/ranoja.ee\/en\/shop\/"},{"@type":"ListItem","position":3,"name":"Universaalm\u00e4\u00e4re Multipurpose Calcium 2 400g, Valvoline"}]},{"@type":"WebSite","@id":"https:\/\/ranoja.ee\/#website","url":"https:\/\/ranoja.ee\/","name":"Ranoja","description":"Equipment Shop WooCommerce WordPress Theme for Machine &amp; Tools","publisher":{"@id":"https:\/\/ranoja.ee\/#organization"},"potentialAction":[{"@type":"SearchAction","target":{"@type":"EntryPoint","urlTemplate":"https:\/\/ranoja.ee\/?s={search_term_string}"},"query-input":{"@type":"PropertyValueSpecification","valueRequired":true,"valueName":"search_term_string"}}],"inLanguage":"en-US"},{"@type":"Organization","@id":"https:\/\/ranoja.ee\/#organization","name":"Ranoja O\u00dc","url":"https:\/\/ranoja.ee\/","logo":{"@type":"ImageObject","inLanguage":"en-US","@id":"https:\/\/ranoja.ee\/#\/schema\/logo\/image\/","url":"https:\/\/ranoja.ee\/wp-content\/uploads\/2023\/11\/ranoja-Logo.png","contentUrl":"https:\/\/ranoja.ee\/wp-content\/uploads\/2023\/11\/ranoja-Logo.png","width":207,"height":58,"caption":"Ranoja O\u00dc"},"image":{"@id":"https:\/\/ranoja.ee\/#\/schema\/logo\/image\/"},"sameAs":["https:\/\/www.facebook.com\/ranoja.ee","https:\/\/www.instagram.com\/ranoja__\/"]}]}},"_links":{"self":[{"href":"https:\/\/ranoja.ee\/en\/wp-json\/wp\/v2\/product\/62615","targetHints":{"allow":["GET"]}}],"collection":[{"href":"https:\/\/ranoja.ee\/en\/wp-json\/wp\/v2\/product"}],"about":[{"href":"https:\/\/ranoja.ee\/en\/wp-json\/wp\/v2\/types\/product"}],"wp:featuredmedia":[{"embeddable":true,"href":"https:\/\/ranoja.ee\/en\/wp-json\/wp\/v2\/media\/62616"}],"wp:attachment":[{"href":"https:\/\/ranoja.ee\/en\/wp-json\/wp\/v2\/media?parent=62615"}],"wp:term":[{"taxonomy":"product_cat","embeddable":true,"href":"https:\/\/ranoja.ee\/en\/wp-json\/wp\/v2\/product_cat?post=62615"},{"taxonomy":"product_tag","embeddable":true,"href":"https:\/\/ranoja.ee\/en\/wp-json\/wp\/v2\/product_tag?post=62615"}],"curies":[{"name":"wp","href":"https:\/\/api.w.org\/{rel}","templated":true}]}}