{"id":62607,"date":"2026-03-17T02:41:26","date_gmt":"2026-03-16T23:41:26","guid":{"rendered":"https:\/\/ranoja.ee\/toode\/akuga-oksakaarid-bc-prs28-x-karkass-scheppach\/"},"modified":"2026-03-17T15:33:45","modified_gmt":"2026-03-17T12:33:45","slug":"akuga-oksakaarid-bc-prs28-x-karkass-scheppach","status":"publish","type":"product","link":"https:\/\/ranoja.ee\/en\/toode\/akuga-oksakaarid-bc-prs28-x-karkass-scheppach\/","title":{"rendered":"Akuga oksak\u00e4\u00e4rid BC-PRS28-X, karkass, Scheppach"},"content":{"rendered":"","protected":false},"excerpt":{"rendered":"<p>Nimipinge: 20V<br \/>\nHarjadeta mootor<br \/>\nL\u00f5ikev\u00f5imsus max. 28 mm (reguleeritav 6-astmeliselt 15-28 mm)<br \/>\nKvaliteetsest terasest alasi ja l\u00f5iketeratera<\/p>\n<p>\u2022 Praktilised akuoksak\u00e4\u00e4rid okste usaldusv\u00e4\u00e4rseks l\u00f5ikamiseks, maksimaalne l\u00f5ikev\u00f5ime 28 mm \u2013 nt. viljapuude ja heki p\u00fcgamiseks v\u00f5i muuks t\u00f6\u00f6ks<br \/>\n\u2022 Hooldusvaba, eriti t\u00f5hus harjadeta mootor tagab pikema t\u00f6\u00f6aja<br \/>\n\u2022 Scheppach IXES 20 V akuseade \u2013 k\u00f5ik akud ja sellesse s\u00fcsteemisarja kuuluvaid laadijaid saab kombineerida<br \/>\n\u2022 Kvaliteetsed alasi ja l\u00f5iketera t\u00e4pseks ja \u00f5rnaks taimede l\u00f5ikamiseks<br \/>\n\u2022 2 reguleeritavat l\u00f5ikediameetrit 15 mm ja 28 mm<br \/>\n\u2022 Ergonoomiline ja kompaktne disain pehme k\u00e4epidemega tagab mugava t\u00f6\u00f6<br \/>\n\u2022 Eesmine k\u00e4ekaitse ja automaatne v\u00e4ljal\u00fclitamine 3 minuti p\u00e4rast tagavad ohutuse t\u00f6\u00f6tamise ajal<br \/>\n\u2022 Tugev ja vastupidav plastkorpus<br \/>\n\u2022 V\u00e4ike kaal ja kompaktne disain<br \/>\n\u2022 Aku ja laadija saadaval eraldi<\/p>\n<p>Scheppachi elektrilised k\u00e4sit\u00f6\u00f6riistad on m\u00f5eldud n\u00f5udlikule hobikasutajale<\/p>\n","protected":false},"featured_media":62608,"template":"","meta":{"inline_featured_image":false},"product_cat":[5085,5397,5398],"product_tag":[],"class_list":{"0":"post-62607","1":"product","2":"type-product","3":"status-publish","4":"has-post-thumbnail","6":"product_brand-scheppach","7":"product_cat-aiatehnika-ja-tooriistad","8":"product_cat-aiatooriistad","9":"product_cat-muud-aiatooriistad-ja-tarvikud","11":"first","12":"outofstock","13":"purchasable","14":"product-type-simple"},"yoast_head":"<!-- This site is optimized with the Yoast SEO plugin v27.4 - https:\/\/yoast.com\/product\/yoast-seo-wordpress\/ -->\n<title>Akuga oksak\u00e4\u00e4rid BC-PRS28-X, karkass, Scheppach - Ranoja<\/title>\n<meta name=\"robots\" content=\"index, follow, max-snippet:-1, max-image-preview:large, max-video-preview:-1\" \/>\n<link rel=\"canonical\" href=\"https:\/\/ranoja.ee\/toode\/akuga-oksakaarid-bc-prs28-x-karkass-scheppach\/\" \/>\n<meta property=\"og:locale\" content=\"en_US\" \/>\n<meta property=\"og:type\" content=\"article\" \/>\n<meta property=\"og:title\" content=\"Akuga oksak\u00e4\u00e4rid BC-PRS28-X, karkass, Scheppach - Ranoja\" \/>\n<meta property=\"og:description\" content=\"Nimipinge: 20V Harjadeta mootor L\u00f5ikev\u00f5imsus max. 28 mm (reguleeritav 6-astmeliselt 15-28 mm) Kvaliteetsest terasest alasi ja l\u00f5iketeratera \u2022 Praktilised akuoksak\u00e4\u00e4rid okste usaldusv\u00e4\u00e4rseks l\u00f5ikamiseks, maksimaalne l\u00f5ikev\u00f5ime 28 mm \u2013 nt. viljapuude ja heki p\u00fcgamiseks v\u00f5i muuks t\u00f6\u00f6ks \u2022 Hooldusvaba, eriti t\u00f5hus harjadeta mootor tagab pikema t\u00f6\u00f6aja \u2022 Scheppach IXES 20 V akuseade \u2013 k\u00f5ik akud ja sellesse s\u00fcsteemisarja kuuluvaid laadijaid saab kombineerida \u2022 Kvaliteetsed alasi ja l\u00f5iketera t\u00e4pseks ja \u00f5rnaks taimede l\u00f5ikamiseks \u2022 2 reguleeritavat l\u00f5ikediameetrit 15 mm ja 28 mm \u2022 Ergonoomiline ja kompaktne disain pehme k\u00e4epidemega tagab mugava t\u00f6\u00f6 \u2022 Eesmine k\u00e4ekaitse ja automaatne v\u00e4ljal\u00fclitamine 3 minuti p\u00e4rast tagavad ohutuse t\u00f6\u00f6tamise ajal \u2022 Tugev ja vastupidav plastkorpus \u2022 V\u00e4ike kaal ja kompaktne disain \u2022 Aku ja laadija saadaval eraldi Scheppachi elektrilised k\u00e4sit\u00f6\u00f6riistad on m\u00f5eldud n\u00f5udlikule hobikasutajale\" \/>\n<meta property=\"og:url\" content=\"https:\/\/ranoja.ee\/toode\/akuga-oksakaarid-bc-prs28-x-karkass-scheppach\/\" \/>\n<meta property=\"og:site_name\" content=\"Ranoja\" \/>\n<meta property=\"article:publisher\" content=\"https:\/\/www.facebook.com\/ranoja.ee\" \/>\n<meta property=\"article:modified_time\" content=\"2026-03-17T12:33:45+00:00\" \/>\n<meta property=\"og:image\" content=\"https:\/\/ranoja.ee\/wp-content\/uploads\/2026\/03\/5638127488.jpg\" \/>\n\t<meta property=\"og:image:width\" content=\"900\" \/>\n\t<meta property=\"og:image:height\" content=\"870\" \/>\n\t<meta property=\"og:image:type\" content=\"image\/jpeg\" \/>\n<meta name=\"twitter:card\" content=\"summary_large_image\" \/>\n<script type=\"application\/ld+json\" class=\"yoast-schema-graph\">{\"@context\":\"https:\\\/\\\/schema.org\",\"@graph\":[{\"@type\":\"WebPage\",\"@id\":\"https:\\\/\\\/ranoja.ee\\\/toode\\\/akuga-oksakaarid-bc-prs28-x-karkass-scheppach\\\/\",\"url\":\"https:\\\/\\\/ranoja.ee\\\/toode\\\/akuga-oksakaarid-bc-prs28-x-karkass-scheppach\\\/\",\"name\":\"Akuga oksak\u00e4\u00e4rid BC-PRS28-X, karkass, Scheppach - Ranoja\",\"isPartOf\":{\"@id\":\"https:\\\/\\\/ranoja.ee\\\/#website\"},\"primaryImageOfPage\":{\"@id\":\"https:\\\/\\\/ranoja.ee\\\/toode\\\/akuga-oksakaarid-bc-prs28-x-karkass-scheppach\\\/#primaryimage\"},\"image\":{\"@id\":\"https:\\\/\\\/ranoja.ee\\\/toode\\\/akuga-oksakaarid-bc-prs28-x-karkass-scheppach\\\/#primaryimage\"},\"thumbnailUrl\":\"https:\\\/\\\/ranoja.ee\\\/wp-content\\\/uploads\\\/2026\\\/03\\\/5638127488.jpg\",\"datePublished\":\"2026-03-16T23:41:26+00:00\",\"dateModified\":\"2026-03-17T12:33:45+00:00\",\"breadcrumb\":{\"@id\":\"https:\\\/\\\/ranoja.ee\\\/toode\\\/akuga-oksakaarid-bc-prs28-x-karkass-scheppach\\\/#breadcrumb\"},\"inLanguage\":\"en-US\",\"potentialAction\":[{\"@type\":\"ReadAction\",\"target\":[\"https:\\\/\\\/ranoja.ee\\\/toode\\\/akuga-oksakaarid-bc-prs28-x-karkass-scheppach\\\/\"]}]},{\"@type\":\"ImageObject\",\"inLanguage\":\"en-US\",\"@id\":\"https:\\\/\\\/ranoja.ee\\\/toode\\\/akuga-oksakaarid-bc-prs28-x-karkass-scheppach\\\/#primaryimage\",\"url\":\"https:\\\/\\\/ranoja.ee\\\/wp-content\\\/uploads\\\/2026\\\/03\\\/5638127488.jpg\",\"contentUrl\":\"https:\\\/\\\/ranoja.ee\\\/wp-content\\\/uploads\\\/2026\\\/03\\\/5638127488.jpg\",\"width\":900,\"height\":870},{\"@type\":\"BreadcrumbList\",\"@id\":\"https:\\\/\\\/ranoja.ee\\\/toode\\\/akuga-oksakaarid-bc-prs28-x-karkass-scheppach\\\/#breadcrumb\",\"itemListElement\":[{\"@type\":\"ListItem\",\"position\":1,\"name\":\"Home\",\"item\":\"https:\\\/\\\/ranoja.ee\\\/\"},{\"@type\":\"ListItem\",\"position\":2,\"name\":\"Shop\",\"item\":\"https:\\\/\\\/ranoja.ee\\\/en\\\/shop\\\/\"},{\"@type\":\"ListItem\",\"position\":3,\"name\":\"Akuga oksak\u00e4\u00e4rid BC-PRS28-X, karkass, Scheppach\"}]},{\"@type\":\"WebSite\",\"@id\":\"https:\\\/\\\/ranoja.ee\\\/#website\",\"url\":\"https:\\\/\\\/ranoja.ee\\\/\",\"name\":\"Ranoja\",\"description\":\"Equipment Shop WooCommerce WordPress Theme for Machine &amp; Tools\",\"publisher\":{\"@id\":\"https:\\\/\\\/ranoja.ee\\\/#organization\"},\"potentialAction\":[{\"@type\":\"SearchAction\",\"target\":{\"@type\":\"EntryPoint\",\"urlTemplate\":\"https:\\\/\\\/ranoja.ee\\\/?s={search_term_string}\"},\"query-input\":{\"@type\":\"PropertyValueSpecification\",\"valueRequired\":true,\"valueName\":\"search_term_string\"}}],\"inLanguage\":\"en-US\"},{\"@type\":\"Organization\",\"@id\":\"https:\\\/\\\/ranoja.ee\\\/#organization\",\"name\":\"Ranoja O\u00dc\",\"url\":\"https:\\\/\\\/ranoja.ee\\\/\",\"logo\":{\"@type\":\"ImageObject\",\"inLanguage\":\"en-US\",\"@id\":\"https:\\\/\\\/ranoja.ee\\\/#\\\/schema\\\/logo\\\/image\\\/\",\"url\":\"https:\\\/\\\/ranoja.ee\\\/wp-content\\\/uploads\\\/2023\\\/11\\\/ranoja-Logo.png\",\"contentUrl\":\"https:\\\/\\\/ranoja.ee\\\/wp-content\\\/uploads\\\/2023\\\/11\\\/ranoja-Logo.png\",\"width\":207,\"height\":58,\"caption\":\"Ranoja O\u00dc\"},\"image\":{\"@id\":\"https:\\\/\\\/ranoja.ee\\\/#\\\/schema\\\/logo\\\/image\\\/\"},\"sameAs\":[\"https:\\\/\\\/www.facebook.com\\\/ranoja.ee\",\"https:\\\/\\\/www.instagram.com\\\/ranoja__\\\/\"]}]}<\/script>\n<!-- \/ Yoast SEO plugin. -->","yoast_head_json":{"title":"Akuga oksak\u00e4\u00e4rid BC-PRS28-X, karkass, Scheppach - Ranoja","robots":{"index":"index","follow":"follow","max-snippet":"max-snippet:-1","max-image-preview":"max-image-preview:large","max-video-preview":"max-video-preview:-1"},"canonical":"https:\/\/ranoja.ee\/toode\/akuga-oksakaarid-bc-prs28-x-karkass-scheppach\/","og_locale":"en_US","og_type":"article","og_title":"Akuga oksak\u00e4\u00e4rid BC-PRS28-X, karkass, Scheppach - Ranoja","og_description":"Nimipinge: 20V Harjadeta mootor L\u00f5ikev\u00f5imsus max. 28 mm (reguleeritav 6-astmeliselt 15-28 mm) Kvaliteetsest terasest alasi ja l\u00f5iketeratera \u2022 Praktilised akuoksak\u00e4\u00e4rid okste usaldusv\u00e4\u00e4rseks l\u00f5ikamiseks, maksimaalne l\u00f5ikev\u00f5ime 28 mm \u2013 nt. viljapuude ja heki p\u00fcgamiseks v\u00f5i muuks t\u00f6\u00f6ks \u2022 Hooldusvaba, eriti t\u00f5hus harjadeta mootor tagab pikema t\u00f6\u00f6aja \u2022 Scheppach IXES 20 V akuseade \u2013 k\u00f5ik akud ja sellesse s\u00fcsteemisarja kuuluvaid laadijaid saab kombineerida \u2022 Kvaliteetsed alasi ja l\u00f5iketera t\u00e4pseks ja \u00f5rnaks taimede l\u00f5ikamiseks \u2022 2 reguleeritavat l\u00f5ikediameetrit 15 mm ja 28 mm \u2022 Ergonoomiline ja kompaktne disain pehme k\u00e4epidemega tagab mugava t\u00f6\u00f6 \u2022 Eesmine k\u00e4ekaitse ja automaatne v\u00e4ljal\u00fclitamine 3 minuti p\u00e4rast tagavad ohutuse t\u00f6\u00f6tamise ajal \u2022 Tugev ja vastupidav plastkorpus \u2022 V\u00e4ike kaal ja kompaktne disain \u2022 Aku ja laadija saadaval eraldi Scheppachi elektrilised k\u00e4sit\u00f6\u00f6riistad on m\u00f5eldud n\u00f5udlikule hobikasutajale","og_url":"https:\/\/ranoja.ee\/toode\/akuga-oksakaarid-bc-prs28-x-karkass-scheppach\/","og_site_name":"Ranoja","article_publisher":"https:\/\/www.facebook.com\/ranoja.ee","article_modified_time":"2026-03-17T12:33:45+00:00","og_image":[{"width":900,"height":870,"url":"https:\/\/ranoja.ee\/wp-content\/uploads\/2026\/03\/5638127488.jpg","type":"image\/jpeg"}],"twitter_card":"summary_large_image","schema":{"@context":"https:\/\/schema.org","@graph":[{"@type":"WebPage","@id":"https:\/\/ranoja.ee\/toode\/akuga-oksakaarid-bc-prs28-x-karkass-scheppach\/","url":"https:\/\/ranoja.ee\/toode\/akuga-oksakaarid-bc-prs28-x-karkass-scheppach\/","name":"Akuga oksak\u00e4\u00e4rid BC-PRS28-X, karkass, Scheppach - Ranoja","isPartOf":{"@id":"https:\/\/ranoja.ee\/#website"},"primaryImageOfPage":{"@id":"https:\/\/ranoja.ee\/toode\/akuga-oksakaarid-bc-prs28-x-karkass-scheppach\/#primaryimage"},"image":{"@id":"https:\/\/ranoja.ee\/toode\/akuga-oksakaarid-bc-prs28-x-karkass-scheppach\/#primaryimage"},"thumbnailUrl":"https:\/\/ranoja.ee\/wp-content\/uploads\/2026\/03\/5638127488.jpg","datePublished":"2026-03-16T23:41:26+00:00","dateModified":"2026-03-17T12:33:45+00:00","breadcrumb":{"@id":"https:\/\/ranoja.ee\/toode\/akuga-oksakaarid-bc-prs28-x-karkass-scheppach\/#breadcrumb"},"inLanguage":"en-US","potentialAction":[{"@type":"ReadAction","target":["https:\/\/ranoja.ee\/toode\/akuga-oksakaarid-bc-prs28-x-karkass-scheppach\/"]}]},{"@type":"ImageObject","inLanguage":"en-US","@id":"https:\/\/ranoja.ee\/toode\/akuga-oksakaarid-bc-prs28-x-karkass-scheppach\/#primaryimage","url":"https:\/\/ranoja.ee\/wp-content\/uploads\/2026\/03\/5638127488.jpg","contentUrl":"https:\/\/ranoja.ee\/wp-content\/uploads\/2026\/03\/5638127488.jpg","width":900,"height":870},{"@type":"BreadcrumbList","@id":"https:\/\/ranoja.ee\/toode\/akuga-oksakaarid-bc-prs28-x-karkass-scheppach\/#breadcrumb","itemListElement":[{"@type":"ListItem","position":1,"name":"Home","item":"https:\/\/ranoja.ee\/"},{"@type":"ListItem","position":2,"name":"Shop","item":"https:\/\/ranoja.ee\/en\/shop\/"},{"@type":"ListItem","position":3,"name":"Akuga oksak\u00e4\u00e4rid BC-PRS28-X, karkass, Scheppach"}]},{"@type":"WebSite","@id":"https:\/\/ranoja.ee\/#website","url":"https:\/\/ranoja.ee\/","name":"Ranoja","description":"Equipment Shop WooCommerce WordPress Theme for Machine &amp; Tools","publisher":{"@id":"https:\/\/ranoja.ee\/#organization"},"potentialAction":[{"@type":"SearchAction","target":{"@type":"EntryPoint","urlTemplate":"https:\/\/ranoja.ee\/?s={search_term_string}"},"query-input":{"@type":"PropertyValueSpecification","valueRequired":true,"valueName":"search_term_string"}}],"inLanguage":"en-US"},{"@type":"Organization","@id":"https:\/\/ranoja.ee\/#organization","name":"Ranoja O\u00dc","url":"https:\/\/ranoja.ee\/","logo":{"@type":"ImageObject","inLanguage":"en-US","@id":"https:\/\/ranoja.ee\/#\/schema\/logo\/image\/","url":"https:\/\/ranoja.ee\/wp-content\/uploads\/2023\/11\/ranoja-Logo.png","contentUrl":"https:\/\/ranoja.ee\/wp-content\/uploads\/2023\/11\/ranoja-Logo.png","width":207,"height":58,"caption":"Ranoja O\u00dc"},"image":{"@id":"https:\/\/ranoja.ee\/#\/schema\/logo\/image\/"},"sameAs":["https:\/\/www.facebook.com\/ranoja.ee","https:\/\/www.instagram.com\/ranoja__\/"]}]}},"_links":{"self":[{"href":"https:\/\/ranoja.ee\/en\/wp-json\/wp\/v2\/product\/62607","targetHints":{"allow":["GET"]}}],"collection":[{"href":"https:\/\/ranoja.ee\/en\/wp-json\/wp\/v2\/product"}],"about":[{"href":"https:\/\/ranoja.ee\/en\/wp-json\/wp\/v2\/types\/product"}],"wp:featuredmedia":[{"embeddable":true,"href":"https:\/\/ranoja.ee\/en\/wp-json\/wp\/v2\/media\/62608"}],"wp:attachment":[{"href":"https:\/\/ranoja.ee\/en\/wp-json\/wp\/v2\/media?parent=62607"}],"wp:term":[{"taxonomy":"product_cat","embeddable":true,"href":"https:\/\/ranoja.ee\/en\/wp-json\/wp\/v2\/product_cat?post=62607"},{"taxonomy":"product_tag","embeddable":true,"href":"https:\/\/ranoja.ee\/en\/wp-json\/wp\/v2\/product_tag?post=62607"}],"curies":[{"name":"wp","href":"https:\/\/api.w.org\/{rel}","templated":true}]}}