{"id":62599,"date":"2026-03-17T02:41:02","date_gmt":"2026-03-16T23:41:02","guid":{"rendered":"https:\/\/ranoja.ee\/toode\/mobiilne-kompressor-air-force-5-tarvikud-scheppach\/"},"modified":"2026-03-17T15:33:45","modified_gmt":"2026-03-17T12:33:45","slug":"mobiilne-kompressor-air-force-5-tarvikud-scheppach","status":"publish","type":"product","link":"https:\/\/ranoja.ee\/en\/toode\/mobiilne-kompressor-air-force-5-tarvikud-scheppach\/","title":{"rendered":"Mobiilne kompressor Air Force 5 + tarvikud, Scheppach"},"content":{"rendered":"","protected":false},"excerpt":{"rendered":"<p>V\u00e4ga kompaktne kompressor, m\u00f5\u00f5tudega 270x200x115mm PxLxK<br \/>\nKaal ainult 1,9 kg<br \/>\nMaksimaalne t\u00f6\u00f6surve 8 bar <br \/>\nSisset\u00f5mbe kiirus 36,5 L\/min<br \/>\nV\u00f5imalik kasutada nii 12V AC sigaretis\u00fc\u00fctaja otskuga kaabli pikus 4m ja samuti 230V DC kaabliga pikkusega 1,8m<br \/>\nPumpamisvooliku pikkus 0,6m + autorehvi pumpamisotsik<br \/>\nDigitaalne integreeritud manomeeter &#8211; v\u00f5imalik fikseerida soovitud l\u00f5ppsurve pumpamisel, vahemikus 0,1-8bar<br \/>\nAutomaatne kompressori seiskamine soovitud l\u00f5ppsurve saavutamisel<br \/>\nKompressori komplektis 4 erinevat otsikut jalgrattarehvide, pallide, ujumismadratsite jne pumpamiseks<br \/>\nKaablid ning vooliku saab kompressori transpordiks paigaldada seadme k\u00fcljekorpuse sisse<\/p>\n<p>V\u00e4ga v\u00e4ike ja kompaktne kompressor pumapmiseks, mida on lihne ja mugav kasutada ning mis peaks olema igas majapidamises v\u00f5i autos<\/p>\n","protected":false},"featured_media":62600,"template":"","meta":{"inline_featured_image":false},"product_cat":[5254,5136],"product_tag":[],"class_list":{"0":"post-62599","1":"product","2":"type-product","3":"status-publish","4":"has-post-thumbnail","6":"product_brand-scheppach","7":"product_cat-kolbkompressorid","8":"product_cat-suruohutooriistad-ja-kompressorid","10":"first","11":"outofstock","12":"purchasable","13":"product-type-simple"},"yoast_head":"<!-- This site is optimized with the Yoast SEO plugin v27.4 - https:\/\/yoast.com\/product\/yoast-seo-wordpress\/ -->\n<title>Mobiilne kompressor Air Force 5 + tarvikud, Scheppach - Ranoja<\/title>\n<meta name=\"robots\" content=\"index, follow, max-snippet:-1, max-image-preview:large, max-video-preview:-1\" \/>\n<link rel=\"canonical\" href=\"https:\/\/ranoja.ee\/toode\/mobiilne-kompressor-air-force-5-tarvikud-scheppach\/\" \/>\n<meta property=\"og:locale\" content=\"en_US\" \/>\n<meta property=\"og:type\" content=\"article\" \/>\n<meta property=\"og:title\" content=\"Mobiilne kompressor Air Force 5 + tarvikud, Scheppach - Ranoja\" \/>\n<meta property=\"og:description\" content=\"V\u00e4ga kompaktne kompressor, m\u00f5\u00f5tudega 270x200x115mm PxLxK Kaal ainult 1,9 kg Maksimaalne t\u00f6\u00f6surve 8 bar Sisset\u00f5mbe kiirus 36,5 L\/min V\u00f5imalik kasutada nii 12V AC sigaretis\u00fc\u00fctaja otskuga kaabli pikus 4m ja samuti 230V DC kaabliga pikkusega 1,8m Pumpamisvooliku pikkus 0,6m + autorehvi pumpamisotsik Digitaalne integreeritud manomeeter - v\u00f5imalik fikseerida soovitud l\u00f5ppsurve pumpamisel, vahemikus 0,1-8bar Automaatne kompressori seiskamine soovitud l\u00f5ppsurve saavutamisel Kompressori komplektis 4 erinevat otsikut jalgrattarehvide, pallide, ujumismadratsite jne pumpamiseks Kaablid ning vooliku saab kompressori transpordiks paigaldada seadme k\u00fcljekorpuse sisse V\u00e4ga v\u00e4ike ja kompaktne kompressor pumapmiseks, mida on lihne ja mugav kasutada ning mis peaks olema igas majapidamises v\u00f5i autos\" \/>\n<meta property=\"og:url\" content=\"https:\/\/ranoja.ee\/toode\/mobiilne-kompressor-air-force-5-tarvikud-scheppach\/\" \/>\n<meta property=\"og:site_name\" content=\"Ranoja\" \/>\n<meta property=\"article:publisher\" content=\"https:\/\/www.facebook.com\/ranoja.ee\" \/>\n<meta property=\"article:modified_time\" content=\"2026-03-17T12:33:45+00:00\" \/>\n<meta property=\"og:image\" content=\"https:\/\/ranoja.ee\/wp-content\/uploads\/2026\/03\/232082974.jpg\" \/>\n\t<meta property=\"og:image:width\" content=\"900\" \/>\n\t<meta property=\"og:image:height\" content=\"755\" \/>\n\t<meta property=\"og:image:type\" content=\"image\/jpeg\" \/>\n<meta name=\"twitter:card\" content=\"summary_large_image\" \/>\n<script type=\"application\/ld+json\" class=\"yoast-schema-graph\">{\"@context\":\"https:\\\/\\\/schema.org\",\"@graph\":[{\"@type\":\"WebPage\",\"@id\":\"https:\\\/\\\/ranoja.ee\\\/toode\\\/mobiilne-kompressor-air-force-5-tarvikud-scheppach\\\/\",\"url\":\"https:\\\/\\\/ranoja.ee\\\/toode\\\/mobiilne-kompressor-air-force-5-tarvikud-scheppach\\\/\",\"name\":\"Mobiilne kompressor Air Force 5 + tarvikud, Scheppach - Ranoja\",\"isPartOf\":{\"@id\":\"https:\\\/\\\/ranoja.ee\\\/#website\"},\"primaryImageOfPage\":{\"@id\":\"https:\\\/\\\/ranoja.ee\\\/toode\\\/mobiilne-kompressor-air-force-5-tarvikud-scheppach\\\/#primaryimage\"},\"image\":{\"@id\":\"https:\\\/\\\/ranoja.ee\\\/toode\\\/mobiilne-kompressor-air-force-5-tarvikud-scheppach\\\/#primaryimage\"},\"thumbnailUrl\":\"https:\\\/\\\/ranoja.ee\\\/wp-content\\\/uploads\\\/2026\\\/03\\\/232082974.jpg\",\"datePublished\":\"2026-03-16T23:41:02+00:00\",\"dateModified\":\"2026-03-17T12:33:45+00:00\",\"breadcrumb\":{\"@id\":\"https:\\\/\\\/ranoja.ee\\\/toode\\\/mobiilne-kompressor-air-force-5-tarvikud-scheppach\\\/#breadcrumb\"},\"inLanguage\":\"en-US\",\"potentialAction\":[{\"@type\":\"ReadAction\",\"target\":[\"https:\\\/\\\/ranoja.ee\\\/toode\\\/mobiilne-kompressor-air-force-5-tarvikud-scheppach\\\/\"]}]},{\"@type\":\"ImageObject\",\"inLanguage\":\"en-US\",\"@id\":\"https:\\\/\\\/ranoja.ee\\\/toode\\\/mobiilne-kompressor-air-force-5-tarvikud-scheppach\\\/#primaryimage\",\"url\":\"https:\\\/\\\/ranoja.ee\\\/wp-content\\\/uploads\\\/2026\\\/03\\\/232082974.jpg\",\"contentUrl\":\"https:\\\/\\\/ranoja.ee\\\/wp-content\\\/uploads\\\/2026\\\/03\\\/232082974.jpg\",\"width\":900,\"height\":755},{\"@type\":\"BreadcrumbList\",\"@id\":\"https:\\\/\\\/ranoja.ee\\\/toode\\\/mobiilne-kompressor-air-force-5-tarvikud-scheppach\\\/#breadcrumb\",\"itemListElement\":[{\"@type\":\"ListItem\",\"position\":1,\"name\":\"Home\",\"item\":\"https:\\\/\\\/ranoja.ee\\\/\"},{\"@type\":\"ListItem\",\"position\":2,\"name\":\"Shop\",\"item\":\"https:\\\/\\\/ranoja.ee\\\/en\\\/shop\\\/\"},{\"@type\":\"ListItem\",\"position\":3,\"name\":\"Mobiilne kompressor Air Force 5 + tarvikud, Scheppach\"}]},{\"@type\":\"WebSite\",\"@id\":\"https:\\\/\\\/ranoja.ee\\\/#website\",\"url\":\"https:\\\/\\\/ranoja.ee\\\/\",\"name\":\"Ranoja\",\"description\":\"Equipment Shop WooCommerce WordPress Theme for Machine &amp; Tools\",\"publisher\":{\"@id\":\"https:\\\/\\\/ranoja.ee\\\/#organization\"},\"potentialAction\":[{\"@type\":\"SearchAction\",\"target\":{\"@type\":\"EntryPoint\",\"urlTemplate\":\"https:\\\/\\\/ranoja.ee\\\/?s={search_term_string}\"},\"query-input\":{\"@type\":\"PropertyValueSpecification\",\"valueRequired\":true,\"valueName\":\"search_term_string\"}}],\"inLanguage\":\"en-US\"},{\"@type\":\"Organization\",\"@id\":\"https:\\\/\\\/ranoja.ee\\\/#organization\",\"name\":\"Ranoja O\u00dc\",\"url\":\"https:\\\/\\\/ranoja.ee\\\/\",\"logo\":{\"@type\":\"ImageObject\",\"inLanguage\":\"en-US\",\"@id\":\"https:\\\/\\\/ranoja.ee\\\/#\\\/schema\\\/logo\\\/image\\\/\",\"url\":\"https:\\\/\\\/ranoja.ee\\\/wp-content\\\/uploads\\\/2023\\\/11\\\/ranoja-Logo.png\",\"contentUrl\":\"https:\\\/\\\/ranoja.ee\\\/wp-content\\\/uploads\\\/2023\\\/11\\\/ranoja-Logo.png\",\"width\":207,\"height\":58,\"caption\":\"Ranoja O\u00dc\"},\"image\":{\"@id\":\"https:\\\/\\\/ranoja.ee\\\/#\\\/schema\\\/logo\\\/image\\\/\"},\"sameAs\":[\"https:\\\/\\\/www.facebook.com\\\/ranoja.ee\",\"https:\\\/\\\/www.instagram.com\\\/ranoja__\\\/\"]}]}<\/script>\n<!-- \/ Yoast SEO plugin. -->","yoast_head_json":{"title":"Mobiilne kompressor Air Force 5 + tarvikud, Scheppach - Ranoja","robots":{"index":"index","follow":"follow","max-snippet":"max-snippet:-1","max-image-preview":"max-image-preview:large","max-video-preview":"max-video-preview:-1"},"canonical":"https:\/\/ranoja.ee\/toode\/mobiilne-kompressor-air-force-5-tarvikud-scheppach\/","og_locale":"en_US","og_type":"article","og_title":"Mobiilne kompressor Air Force 5 + tarvikud, Scheppach - Ranoja","og_description":"V\u00e4ga kompaktne kompressor, m\u00f5\u00f5tudega 270x200x115mm PxLxK Kaal ainult 1,9 kg Maksimaalne t\u00f6\u00f6surve 8 bar Sisset\u00f5mbe kiirus 36,5 L\/min V\u00f5imalik kasutada nii 12V AC sigaretis\u00fc\u00fctaja otskuga kaabli pikus 4m ja samuti 230V DC kaabliga pikkusega 1,8m Pumpamisvooliku pikkus 0,6m + autorehvi pumpamisotsik Digitaalne integreeritud manomeeter - v\u00f5imalik fikseerida soovitud l\u00f5ppsurve pumpamisel, vahemikus 0,1-8bar Automaatne kompressori seiskamine soovitud l\u00f5ppsurve saavutamisel Kompressori komplektis 4 erinevat otsikut jalgrattarehvide, pallide, ujumismadratsite jne pumpamiseks Kaablid ning vooliku saab kompressori transpordiks paigaldada seadme k\u00fcljekorpuse sisse V\u00e4ga v\u00e4ike ja kompaktne kompressor pumapmiseks, mida on lihne ja mugav kasutada ning mis peaks olema igas majapidamises v\u00f5i autos","og_url":"https:\/\/ranoja.ee\/toode\/mobiilne-kompressor-air-force-5-tarvikud-scheppach\/","og_site_name":"Ranoja","article_publisher":"https:\/\/www.facebook.com\/ranoja.ee","article_modified_time":"2026-03-17T12:33:45+00:00","og_image":[{"width":900,"height":755,"url":"https:\/\/ranoja.ee\/wp-content\/uploads\/2026\/03\/232082974.jpg","type":"image\/jpeg"}],"twitter_card":"summary_large_image","schema":{"@context":"https:\/\/schema.org","@graph":[{"@type":"WebPage","@id":"https:\/\/ranoja.ee\/toode\/mobiilne-kompressor-air-force-5-tarvikud-scheppach\/","url":"https:\/\/ranoja.ee\/toode\/mobiilne-kompressor-air-force-5-tarvikud-scheppach\/","name":"Mobiilne kompressor Air Force 5 + tarvikud, Scheppach - Ranoja","isPartOf":{"@id":"https:\/\/ranoja.ee\/#website"},"primaryImageOfPage":{"@id":"https:\/\/ranoja.ee\/toode\/mobiilne-kompressor-air-force-5-tarvikud-scheppach\/#primaryimage"},"image":{"@id":"https:\/\/ranoja.ee\/toode\/mobiilne-kompressor-air-force-5-tarvikud-scheppach\/#primaryimage"},"thumbnailUrl":"https:\/\/ranoja.ee\/wp-content\/uploads\/2026\/03\/232082974.jpg","datePublished":"2026-03-16T23:41:02+00:00","dateModified":"2026-03-17T12:33:45+00:00","breadcrumb":{"@id":"https:\/\/ranoja.ee\/toode\/mobiilne-kompressor-air-force-5-tarvikud-scheppach\/#breadcrumb"},"inLanguage":"en-US","potentialAction":[{"@type":"ReadAction","target":["https:\/\/ranoja.ee\/toode\/mobiilne-kompressor-air-force-5-tarvikud-scheppach\/"]}]},{"@type":"ImageObject","inLanguage":"en-US","@id":"https:\/\/ranoja.ee\/toode\/mobiilne-kompressor-air-force-5-tarvikud-scheppach\/#primaryimage","url":"https:\/\/ranoja.ee\/wp-content\/uploads\/2026\/03\/232082974.jpg","contentUrl":"https:\/\/ranoja.ee\/wp-content\/uploads\/2026\/03\/232082974.jpg","width":900,"height":755},{"@type":"BreadcrumbList","@id":"https:\/\/ranoja.ee\/toode\/mobiilne-kompressor-air-force-5-tarvikud-scheppach\/#breadcrumb","itemListElement":[{"@type":"ListItem","position":1,"name":"Home","item":"https:\/\/ranoja.ee\/"},{"@type":"ListItem","position":2,"name":"Shop","item":"https:\/\/ranoja.ee\/en\/shop\/"},{"@type":"ListItem","position":3,"name":"Mobiilne kompressor Air Force 5 + tarvikud, Scheppach"}]},{"@type":"WebSite","@id":"https:\/\/ranoja.ee\/#website","url":"https:\/\/ranoja.ee\/","name":"Ranoja","description":"Equipment Shop WooCommerce WordPress Theme for Machine &amp; Tools","publisher":{"@id":"https:\/\/ranoja.ee\/#organization"},"potentialAction":[{"@type":"SearchAction","target":{"@type":"EntryPoint","urlTemplate":"https:\/\/ranoja.ee\/?s={search_term_string}"},"query-input":{"@type":"PropertyValueSpecification","valueRequired":true,"valueName":"search_term_string"}}],"inLanguage":"en-US"},{"@type":"Organization","@id":"https:\/\/ranoja.ee\/#organization","name":"Ranoja O\u00dc","url":"https:\/\/ranoja.ee\/","logo":{"@type":"ImageObject","inLanguage":"en-US","@id":"https:\/\/ranoja.ee\/#\/schema\/logo\/image\/","url":"https:\/\/ranoja.ee\/wp-content\/uploads\/2023\/11\/ranoja-Logo.png","contentUrl":"https:\/\/ranoja.ee\/wp-content\/uploads\/2023\/11\/ranoja-Logo.png","width":207,"height":58,"caption":"Ranoja O\u00dc"},"image":{"@id":"https:\/\/ranoja.ee\/#\/schema\/logo\/image\/"},"sameAs":["https:\/\/www.facebook.com\/ranoja.ee","https:\/\/www.instagram.com\/ranoja__\/"]}]}},"_links":{"self":[{"href":"https:\/\/ranoja.ee\/en\/wp-json\/wp\/v2\/product\/62599","targetHints":{"allow":["GET"]}}],"collection":[{"href":"https:\/\/ranoja.ee\/en\/wp-json\/wp\/v2\/product"}],"about":[{"href":"https:\/\/ranoja.ee\/en\/wp-json\/wp\/v2\/types\/product"}],"wp:featuredmedia":[{"embeddable":true,"href":"https:\/\/ranoja.ee\/en\/wp-json\/wp\/v2\/media\/62600"}],"wp:attachment":[{"href":"https:\/\/ranoja.ee\/en\/wp-json\/wp\/v2\/media?parent=62599"}],"wp:term":[{"taxonomy":"product_cat","embeddable":true,"href":"https:\/\/ranoja.ee\/en\/wp-json\/wp\/v2\/product_cat?post=62599"},{"taxonomy":"product_tag","embeddable":true,"href":"https:\/\/ranoja.ee\/en\/wp-json\/wp\/v2\/product_tag?post=62599"}],"curies":[{"name":"wp","href":"https:\/\/api.w.org\/{rel}","templated":true}]}}