{"id":62587,"date":"2026-03-17T02:41:02","date_gmt":"2026-03-16T23:41:02","guid":{"rendered":"https:\/\/ranoja.ee\/toode\/maare-earth-lical-complex-2-400g-valvoline\/"},"modified":"2026-03-17T15:33:45","modified_gmt":"2026-03-17T12:33:45","slug":"maare-earth-lical-complex-2-400g-valvoline","status":"publish","type":"product","link":"https:\/\/ranoja.ee\/en\/toode\/maare-earth-lical-complex-2-400g-valvoline\/","title":{"rendered":"M\u00e4\u00e4re Earth Lical Complex 2 400g, Valvoline"},"content":{"rendered":"","protected":false},"excerpt":{"rendered":"<p>K\u00f5rgkvaliteetne liitium\/kaltsium kompleks m\u00e4\u00e4re mis on spetsiaalselt valmistatud koostisega, et tagada raskelt koormatud (k.a. l\u00f6\u00f6k koormusega) masinate t\u00f6\u00f6 p\u00f5llumajanduses, ehitusmasinatel ja kaevandustes mis t\u00f6\u00f6tavad<br \/>\naeglastel kiirustel ja\/v\u00f5i vibratsiooni tingimustes. Parim valik avatud hammas\u00fclekannete puhul. Valvoline Earth LiCal Complex 2 on mineraal\u00f5li baasil ning t\u00e4iustatud grafiidi lisandiga. Spetsiaalse koostisega tahkesti struktuur annab m\u00e4\u00e4rdele tema erakordselt k\u00f5rged kleepuvsuomadused ja pika ajalise p\u00fcsivuse. T\u00f6\u00f6tamisel kuumal temperatuuril kus on tendents m\u00e4\u00e4rde v\u00e4lja sulamis- tilkumisele,  tagab v\u00e4ga hea m\u00e4\u00e4rde p\u00fcsivuse, n\u00e4iteks teet\u00f6\u00f6de masinad.T\u00f6\u00f6tamisel niisketes ja m\u00e4rgades oludes tagab v\u00e4ga pika ajalise p\u00fcsivuse veega v\u00e4ljauhumise vastu.<br \/>\nKasutuskohad:<br \/>\nIgasugusele raskelt koormatud maaparandusmasinatele, kaevetehnikale, teet\u00f6\u00f6de masinatele, veokitele ja haagistele mis t\u00f6\u00f6tavad niiskestes ja tolmustes oludes, pideva vibratsiooni ja l\u00f6\u00f6kkoormuse tingimustes. Sobilik kasutamiseks vedrustuse \u00fchendustel, liigenditel, k\u00e4\u00e4ndtelgedel, s\u00f5rmedel, puksidel, h\u00f5\u00f5rdepinadel, veoki sadulal, aeglase p\u00f6\u00f6rdega laagritel, avatud \u00fclekannetel masinatel mis t\u00f6\u00f6tavad niisketes tingimustes. Betoonimasinatel ja vibraatoritel aga samuti erinevate hingede m\u00e4\u00e4rdeainena.<br \/>\nT\u00e4nu grafiitlisandile on tagatud pikaajaline p\u00fcsivus ja seel\u00e4bi pole vajadust t\u00f6\u00f6seisakuteks mis kulub taasm\u00e4\u00e4rmisele.<br \/>\nBaas\u00f5li: Mineraalne<br \/>\nTahkesti: Liitium\/kaltsium kompleks<br \/>\nBaas\u00f5li viskoossus: 460<br \/>\nKasutus tepmeratuurivahemik: -20 kuni + 120 (maksimum +130)<br \/>\nV\u00e4rvus: Must<br \/>\nKonsistentsusklass: NLGI 2<br \/>\nJ\u00f5udlustasemed:<br \/>\nDIN 51502: OGPF2K-20<br \/>\nISO 12924: L-XB(F)CIB2<\/p>\n","protected":false},"featured_media":62588,"template":"","meta":{"inline_featured_image":false},"product_cat":[5041,5013,5012],"product_tag":[],"class_list":{"0":"post-62587","1":"product","2":"type-product","3":"status-publish","4":"has-post-thumbnail","6":"product_brand-valvoline","7":"product_cat-liitium-kaltsiummaarded","8":"product_cat-maarded","9":"product_cat-olid-ja-maardeained","11":"first","12":"outofstock","13":"purchasable","14":"product-type-simple"},"yoast_head":"<!-- This site is optimized with the Yoast SEO plugin v27.4 - https:\/\/yoast.com\/product\/yoast-seo-wordpress\/ -->\n<title>M\u00e4\u00e4re Earth Lical Complex 2 400g, Valvoline - Ranoja<\/title>\n<meta name=\"robots\" content=\"index, follow, max-snippet:-1, max-image-preview:large, max-video-preview:-1\" \/>\n<link rel=\"canonical\" href=\"https:\/\/ranoja.ee\/toode\/maare-earth-lical-complex-2-400g-valvoline\/\" \/>\n<meta property=\"og:locale\" content=\"en_US\" \/>\n<meta property=\"og:type\" content=\"article\" \/>\n<meta property=\"og:title\" content=\"M\u00e4\u00e4re Earth Lical Complex 2 400g, Valvoline - Ranoja\" \/>\n<meta property=\"og:description\" content=\"K\u00f5rgkvaliteetne liitium\/kaltsium kompleks m\u00e4\u00e4re mis on spetsiaalselt valmistatud koostisega, et tagada raskelt koormatud (k.a. l\u00f6\u00f6k koormusega) masinate t\u00f6\u00f6 p\u00f5llumajanduses, ehitusmasinatel ja kaevandustes mis t\u00f6\u00f6tavad aeglastel kiirustel ja\/v\u00f5i vibratsiooni tingimustes. Parim valik avatud hammas\u00fclekannete puhul. Valvoline Earth LiCal Complex 2 on mineraal\u00f5li baasil ning t\u00e4iustatud grafiidi lisandiga. Spetsiaalse koostisega tahkesti struktuur annab m\u00e4\u00e4rdele tema erakordselt k\u00f5rged kleepuvsuomadused ja pika ajalise p\u00fcsivuse. T\u00f6\u00f6tamisel kuumal temperatuuril kus on tendents m\u00e4\u00e4rde v\u00e4lja sulamis- tilkumisele, tagab v\u00e4ga hea m\u00e4\u00e4rde p\u00fcsivuse, n\u00e4iteks teet\u00f6\u00f6de masinad.T\u00f6\u00f6tamisel niisketes ja m\u00e4rgades oludes tagab v\u00e4ga pika ajalise p\u00fcsivuse veega v\u00e4ljauhumise vastu. Kasutuskohad: Igasugusele raskelt koormatud maaparandusmasinatele, kaevetehnikale, teet\u00f6\u00f6de masinatele, veokitele ja haagistele mis t\u00f6\u00f6tavad niiskestes ja tolmustes oludes, pideva vibratsiooni ja l\u00f6\u00f6kkoormuse tingimustes. Sobilik kasutamiseks vedrustuse \u00fchendustel, liigenditel, k\u00e4\u00e4ndtelgedel, s\u00f5rmedel, puksidel, h\u00f5\u00f5rdepinadel, veoki sadulal, aeglase p\u00f6\u00f6rdega laagritel, avatud \u00fclekannetel masinatel mis t\u00f6\u00f6tavad niisketes tingimustes. Betoonimasinatel ja vibraatoritel aga samuti erinevate hingede m\u00e4\u00e4rdeainena. T\u00e4nu grafiitlisandile on tagatud pikaajaline p\u00fcsivus ja seel\u00e4bi pole vajadust t\u00f6\u00f6seisakuteks mis kulub taasm\u00e4\u00e4rmisele. Baas\u00f5li: Mineraalne Tahkesti: Liitium\/kaltsium kompleks Baas\u00f5li viskoossus: 460 Kasutus tepmeratuurivahemik: -20 kuni + 120 (maksimum +130) V\u00e4rvus: Must Konsistentsusklass: NLGI 2 J\u00f5udlustasemed: DIN 51502: OGPF2K-20 ISO 12924: L-XB(F)CIB2\" \/>\n<meta property=\"og:url\" content=\"https:\/\/ranoja.ee\/toode\/maare-earth-lical-complex-2-400g-valvoline\/\" \/>\n<meta property=\"og:site_name\" content=\"Ranoja\" \/>\n<meta property=\"article:publisher\" content=\"https:\/\/www.facebook.com\/ranoja.ee\" \/>\n<meta property=\"article:modified_time\" content=\"2026-03-17T12:33:45+00:00\" \/>\n<meta property=\"og:image\" content=\"https:\/\/ranoja.ee\/wp-content\/uploads\/2026\/03\/155274920.jpg\" \/>\n\t<meta property=\"og:image:width\" content=\"600\" \/>\n\t<meta property=\"og:image:height\" content=\"768\" \/>\n\t<meta property=\"og:image:type\" content=\"image\/jpeg\" \/>\n<meta name=\"twitter:card\" content=\"summary_large_image\" \/>\n<script type=\"application\/ld+json\" class=\"yoast-schema-graph\">{\"@context\":\"https:\\\/\\\/schema.org\",\"@graph\":[{\"@type\":\"WebPage\",\"@id\":\"https:\\\/\\\/ranoja.ee\\\/toode\\\/maare-earth-lical-complex-2-400g-valvoline\\\/\",\"url\":\"https:\\\/\\\/ranoja.ee\\\/toode\\\/maare-earth-lical-complex-2-400g-valvoline\\\/\",\"name\":\"M\u00e4\u00e4re Earth Lical Complex 2 400g, Valvoline - Ranoja\",\"isPartOf\":{\"@id\":\"https:\\\/\\\/ranoja.ee\\\/#website\"},\"primaryImageOfPage\":{\"@id\":\"https:\\\/\\\/ranoja.ee\\\/toode\\\/maare-earth-lical-complex-2-400g-valvoline\\\/#primaryimage\"},\"image\":{\"@id\":\"https:\\\/\\\/ranoja.ee\\\/toode\\\/maare-earth-lical-complex-2-400g-valvoline\\\/#primaryimage\"},\"thumbnailUrl\":\"https:\\\/\\\/ranoja.ee\\\/wp-content\\\/uploads\\\/2026\\\/03\\\/155274920.jpg\",\"datePublished\":\"2026-03-16T23:41:02+00:00\",\"dateModified\":\"2026-03-17T12:33:45+00:00\",\"breadcrumb\":{\"@id\":\"https:\\\/\\\/ranoja.ee\\\/toode\\\/maare-earth-lical-complex-2-400g-valvoline\\\/#breadcrumb\"},\"inLanguage\":\"en-US\",\"potentialAction\":[{\"@type\":\"ReadAction\",\"target\":[\"https:\\\/\\\/ranoja.ee\\\/toode\\\/maare-earth-lical-complex-2-400g-valvoline\\\/\"]}]},{\"@type\":\"ImageObject\",\"inLanguage\":\"en-US\",\"@id\":\"https:\\\/\\\/ranoja.ee\\\/toode\\\/maare-earth-lical-complex-2-400g-valvoline\\\/#primaryimage\",\"url\":\"https:\\\/\\\/ranoja.ee\\\/wp-content\\\/uploads\\\/2026\\\/03\\\/155274920.jpg\",\"contentUrl\":\"https:\\\/\\\/ranoja.ee\\\/wp-content\\\/uploads\\\/2026\\\/03\\\/155274920.jpg\",\"width\":600,\"height\":768},{\"@type\":\"BreadcrumbList\",\"@id\":\"https:\\\/\\\/ranoja.ee\\\/toode\\\/maare-earth-lical-complex-2-400g-valvoline\\\/#breadcrumb\",\"itemListElement\":[{\"@type\":\"ListItem\",\"position\":1,\"name\":\"Home\",\"item\":\"https:\\\/\\\/ranoja.ee\\\/\"},{\"@type\":\"ListItem\",\"position\":2,\"name\":\"Shop\",\"item\":\"https:\\\/\\\/ranoja.ee\\\/en\\\/shop\\\/\"},{\"@type\":\"ListItem\",\"position\":3,\"name\":\"M\u00e4\u00e4re Earth Lical Complex 2 400g, Valvoline\"}]},{\"@type\":\"WebSite\",\"@id\":\"https:\\\/\\\/ranoja.ee\\\/#website\",\"url\":\"https:\\\/\\\/ranoja.ee\\\/\",\"name\":\"Ranoja\",\"description\":\"Equipment Shop WooCommerce WordPress Theme for Machine &amp; Tools\",\"publisher\":{\"@id\":\"https:\\\/\\\/ranoja.ee\\\/#organization\"},\"potentialAction\":[{\"@type\":\"SearchAction\",\"target\":{\"@type\":\"EntryPoint\",\"urlTemplate\":\"https:\\\/\\\/ranoja.ee\\\/?s={search_term_string}\"},\"query-input\":{\"@type\":\"PropertyValueSpecification\",\"valueRequired\":true,\"valueName\":\"search_term_string\"}}],\"inLanguage\":\"en-US\"},{\"@type\":\"Organization\",\"@id\":\"https:\\\/\\\/ranoja.ee\\\/#organization\",\"name\":\"Ranoja O\u00dc\",\"url\":\"https:\\\/\\\/ranoja.ee\\\/\",\"logo\":{\"@type\":\"ImageObject\",\"inLanguage\":\"en-US\",\"@id\":\"https:\\\/\\\/ranoja.ee\\\/#\\\/schema\\\/logo\\\/image\\\/\",\"url\":\"https:\\\/\\\/ranoja.ee\\\/wp-content\\\/uploads\\\/2023\\\/11\\\/ranoja-Logo.png\",\"contentUrl\":\"https:\\\/\\\/ranoja.ee\\\/wp-content\\\/uploads\\\/2023\\\/11\\\/ranoja-Logo.png\",\"width\":207,\"height\":58,\"caption\":\"Ranoja O\u00dc\"},\"image\":{\"@id\":\"https:\\\/\\\/ranoja.ee\\\/#\\\/schema\\\/logo\\\/image\\\/\"},\"sameAs\":[\"https:\\\/\\\/www.facebook.com\\\/ranoja.ee\",\"https:\\\/\\\/www.instagram.com\\\/ranoja__\\\/\"]}]}<\/script>\n<!-- \/ Yoast SEO plugin. -->","yoast_head_json":{"title":"M\u00e4\u00e4re Earth Lical Complex 2 400g, Valvoline - Ranoja","robots":{"index":"index","follow":"follow","max-snippet":"max-snippet:-1","max-image-preview":"max-image-preview:large","max-video-preview":"max-video-preview:-1"},"canonical":"https:\/\/ranoja.ee\/toode\/maare-earth-lical-complex-2-400g-valvoline\/","og_locale":"en_US","og_type":"article","og_title":"M\u00e4\u00e4re Earth Lical Complex 2 400g, Valvoline - Ranoja","og_description":"K\u00f5rgkvaliteetne liitium\/kaltsium kompleks m\u00e4\u00e4re mis on spetsiaalselt valmistatud koostisega, et tagada raskelt koormatud (k.a. l\u00f6\u00f6k koormusega) masinate t\u00f6\u00f6 p\u00f5llumajanduses, ehitusmasinatel ja kaevandustes mis t\u00f6\u00f6tavad aeglastel kiirustel ja\/v\u00f5i vibratsiooni tingimustes. Parim valik avatud hammas\u00fclekannete puhul. Valvoline Earth LiCal Complex 2 on mineraal\u00f5li baasil ning t\u00e4iustatud grafiidi lisandiga. Spetsiaalse koostisega tahkesti struktuur annab m\u00e4\u00e4rdele tema erakordselt k\u00f5rged kleepuvsuomadused ja pika ajalise p\u00fcsivuse. T\u00f6\u00f6tamisel kuumal temperatuuril kus on tendents m\u00e4\u00e4rde v\u00e4lja sulamis- tilkumisele, tagab v\u00e4ga hea m\u00e4\u00e4rde p\u00fcsivuse, n\u00e4iteks teet\u00f6\u00f6de masinad.T\u00f6\u00f6tamisel niisketes ja m\u00e4rgades oludes tagab v\u00e4ga pika ajalise p\u00fcsivuse veega v\u00e4ljauhumise vastu. Kasutuskohad: Igasugusele raskelt koormatud maaparandusmasinatele, kaevetehnikale, teet\u00f6\u00f6de masinatele, veokitele ja haagistele mis t\u00f6\u00f6tavad niiskestes ja tolmustes oludes, pideva vibratsiooni ja l\u00f6\u00f6kkoormuse tingimustes. Sobilik kasutamiseks vedrustuse \u00fchendustel, liigenditel, k\u00e4\u00e4ndtelgedel, s\u00f5rmedel, puksidel, h\u00f5\u00f5rdepinadel, veoki sadulal, aeglase p\u00f6\u00f6rdega laagritel, avatud \u00fclekannetel masinatel mis t\u00f6\u00f6tavad niisketes tingimustes. Betoonimasinatel ja vibraatoritel aga samuti erinevate hingede m\u00e4\u00e4rdeainena. T\u00e4nu grafiitlisandile on tagatud pikaajaline p\u00fcsivus ja seel\u00e4bi pole vajadust t\u00f6\u00f6seisakuteks mis kulub taasm\u00e4\u00e4rmisele. Baas\u00f5li: Mineraalne Tahkesti: Liitium\/kaltsium kompleks Baas\u00f5li viskoossus: 460 Kasutus tepmeratuurivahemik: -20 kuni + 120 (maksimum +130) V\u00e4rvus: Must Konsistentsusklass: NLGI 2 J\u00f5udlustasemed: DIN 51502: OGPF2K-20 ISO 12924: L-XB(F)CIB2","og_url":"https:\/\/ranoja.ee\/toode\/maare-earth-lical-complex-2-400g-valvoline\/","og_site_name":"Ranoja","article_publisher":"https:\/\/www.facebook.com\/ranoja.ee","article_modified_time":"2026-03-17T12:33:45+00:00","og_image":[{"width":600,"height":768,"url":"https:\/\/ranoja.ee\/wp-content\/uploads\/2026\/03\/155274920.jpg","type":"image\/jpeg"}],"twitter_card":"summary_large_image","schema":{"@context":"https:\/\/schema.org","@graph":[{"@type":"WebPage","@id":"https:\/\/ranoja.ee\/toode\/maare-earth-lical-complex-2-400g-valvoline\/","url":"https:\/\/ranoja.ee\/toode\/maare-earth-lical-complex-2-400g-valvoline\/","name":"M\u00e4\u00e4re Earth Lical Complex 2 400g, Valvoline - Ranoja","isPartOf":{"@id":"https:\/\/ranoja.ee\/#website"},"primaryImageOfPage":{"@id":"https:\/\/ranoja.ee\/toode\/maare-earth-lical-complex-2-400g-valvoline\/#primaryimage"},"image":{"@id":"https:\/\/ranoja.ee\/toode\/maare-earth-lical-complex-2-400g-valvoline\/#primaryimage"},"thumbnailUrl":"https:\/\/ranoja.ee\/wp-content\/uploads\/2026\/03\/155274920.jpg","datePublished":"2026-03-16T23:41:02+00:00","dateModified":"2026-03-17T12:33:45+00:00","breadcrumb":{"@id":"https:\/\/ranoja.ee\/toode\/maare-earth-lical-complex-2-400g-valvoline\/#breadcrumb"},"inLanguage":"en-US","potentialAction":[{"@type":"ReadAction","target":["https:\/\/ranoja.ee\/toode\/maare-earth-lical-complex-2-400g-valvoline\/"]}]},{"@type":"ImageObject","inLanguage":"en-US","@id":"https:\/\/ranoja.ee\/toode\/maare-earth-lical-complex-2-400g-valvoline\/#primaryimage","url":"https:\/\/ranoja.ee\/wp-content\/uploads\/2026\/03\/155274920.jpg","contentUrl":"https:\/\/ranoja.ee\/wp-content\/uploads\/2026\/03\/155274920.jpg","width":600,"height":768},{"@type":"BreadcrumbList","@id":"https:\/\/ranoja.ee\/toode\/maare-earth-lical-complex-2-400g-valvoline\/#breadcrumb","itemListElement":[{"@type":"ListItem","position":1,"name":"Home","item":"https:\/\/ranoja.ee\/"},{"@type":"ListItem","position":2,"name":"Shop","item":"https:\/\/ranoja.ee\/en\/shop\/"},{"@type":"ListItem","position":3,"name":"M\u00e4\u00e4re Earth Lical Complex 2 400g, Valvoline"}]},{"@type":"WebSite","@id":"https:\/\/ranoja.ee\/#website","url":"https:\/\/ranoja.ee\/","name":"Ranoja","description":"Equipment Shop WooCommerce WordPress Theme for Machine &amp; Tools","publisher":{"@id":"https:\/\/ranoja.ee\/#organization"},"potentialAction":[{"@type":"SearchAction","target":{"@type":"EntryPoint","urlTemplate":"https:\/\/ranoja.ee\/?s={search_term_string}"},"query-input":{"@type":"PropertyValueSpecification","valueRequired":true,"valueName":"search_term_string"}}],"inLanguage":"en-US"},{"@type":"Organization","@id":"https:\/\/ranoja.ee\/#organization","name":"Ranoja O\u00dc","url":"https:\/\/ranoja.ee\/","logo":{"@type":"ImageObject","inLanguage":"en-US","@id":"https:\/\/ranoja.ee\/#\/schema\/logo\/image\/","url":"https:\/\/ranoja.ee\/wp-content\/uploads\/2023\/11\/ranoja-Logo.png","contentUrl":"https:\/\/ranoja.ee\/wp-content\/uploads\/2023\/11\/ranoja-Logo.png","width":207,"height":58,"caption":"Ranoja O\u00dc"},"image":{"@id":"https:\/\/ranoja.ee\/#\/schema\/logo\/image\/"},"sameAs":["https:\/\/www.facebook.com\/ranoja.ee","https:\/\/www.instagram.com\/ranoja__\/"]}]}},"_links":{"self":[{"href":"https:\/\/ranoja.ee\/en\/wp-json\/wp\/v2\/product\/62587","targetHints":{"allow":["GET"]}}],"collection":[{"href":"https:\/\/ranoja.ee\/en\/wp-json\/wp\/v2\/product"}],"about":[{"href":"https:\/\/ranoja.ee\/en\/wp-json\/wp\/v2\/types\/product"}],"wp:featuredmedia":[{"embeddable":true,"href":"https:\/\/ranoja.ee\/en\/wp-json\/wp\/v2\/media\/62588"}],"wp:attachment":[{"href":"https:\/\/ranoja.ee\/en\/wp-json\/wp\/v2\/media?parent=62587"}],"wp:term":[{"taxonomy":"product_cat","embeddable":true,"href":"https:\/\/ranoja.ee\/en\/wp-json\/wp\/v2\/product_cat?post=62587"},{"taxonomy":"product_tag","embeddable":true,"href":"https:\/\/ranoja.ee\/en\/wp-json\/wp\/v2\/product_tag?post=62587"}],"curies":[{"name":"wp","href":"https:\/\/api.w.org\/{rel}","templated":true}]}}