{"id":62579,"date":"2026-03-17T02:41:02","date_gmt":"2026-03-16T23:41:02","guid":{"rendered":"https:\/\/ranoja.ee\/toode\/elektriline-kettsaag-cse2600-scheppach\/"},"modified":"2026-03-17T15:33:45","modified_gmt":"2026-03-17T12:33:45","slug":"elektriline-kettsaag-cse2600-scheppach","status":"publish","type":"product","link":"https:\/\/ranoja.ee\/en\/toode\/elektriline-kettsaag-cse2600-scheppach\/","title":{"rendered":"Elektriline kettsaag CSE2600, Scheppach"},"content":{"rendered":"","protected":false},"excerpt":{"rendered":"<p>M\u00f5\u00f5dud L x W x H 890 x 260 x 220 mm<br \/>\nSaelati pikkus 45,5 cm<br \/>\nL\u00f5ikepikkus max. D45,5 cm<br \/>\nKeti kiirus 15 m\/sec<br \/>\nT\u00f6\u00f6riistavaba keti pingutamine<br \/>\nPaak \/ keti\u00f5li 0,2 L<br \/>\nToide 230 \u2013 240 V~ \/ 50 Hz<br \/>\nV\u00e4ljundv\u00f5imsus 2400 W (3.3 HP)<\/p>\n<p>\u2022 V\u00f5imas 2.4 kW mootor<br \/>\n\u2022 18\u201c kett ja laba<br \/>\n\u2022 Kerge disain<br \/>\n\u2022 T\u00f6\u00f6riistavaba ketivahetus teeb selle tegevuse kiireks ja lihtsaks<br \/>\n\u2022 Automaatne \u00f5litus hoiab keti ja laba m\u00e4\u00e4rituna<br \/>\n\u2022 Eesm\u00e4ne k\u00e4ekaitse kaitseb kasutajat lendavate t\u00fckkide eest<br \/>\n\u2022 Juhusliku k\u00e4ivituse kaitse<br \/>\n\u2022 \u00d5litaseme kiire kontrollimine<br \/>\n\u2022 K\u00e4epide v\u00f5imaldab l\u00f5igata erinevate nurkade all<\/p>\n","protected":false},"featured_media":62580,"template":"","meta":{"inline_featured_image":false},"product_cat":[5141,1087,5133],"product_tag":[],"class_list":{"0":"post-62579","1":"product","2":"type-product","3":"status-publish","4":"has-post-thumbnail","6":"product_brand-scheppach","7":"product_cat-elektrilised-kettsaed","8":"product_cat-metsatehnika","9":"product_cat-mootorsaed","11":"first","12":"outofstock","13":"purchasable","14":"product-type-simple"},"yoast_head":"<!-- This site is optimized with the Yoast SEO plugin v27.4 - https:\/\/yoast.com\/product\/yoast-seo-wordpress\/ -->\n<title>Elektriline kettsaag CSE2600, Scheppach - Ranoja<\/title>\n<meta name=\"robots\" content=\"index, follow, max-snippet:-1, max-image-preview:large, max-video-preview:-1\" \/>\n<link rel=\"canonical\" href=\"https:\/\/ranoja.ee\/toode\/elektriline-kettsaag-cse2600-scheppach\/\" \/>\n<meta property=\"og:locale\" content=\"en_US\" \/>\n<meta property=\"og:type\" content=\"article\" \/>\n<meta property=\"og:title\" content=\"Elektriline kettsaag CSE2600, Scheppach - Ranoja\" \/>\n<meta property=\"og:description\" content=\"M\u00f5\u00f5dud L x W x H 890 x 260 x 220 mm Saelati pikkus 45,5 cm L\u00f5ikepikkus max. D45,5 cm Keti kiirus 15 m\/sec T\u00f6\u00f6riistavaba keti pingutamine Paak \/ keti\u00f5li 0,2 L Toide 230 \u2013 240 V~ \/ 50 Hz V\u00e4ljundv\u00f5imsus 2400 W (3.3 HP) \u2022 V\u00f5imas 2.4 kW mootor \u2022 18\u201c kett ja laba \u2022 Kerge disain \u2022 T\u00f6\u00f6riistavaba ketivahetus teeb selle tegevuse kiireks ja lihtsaks \u2022 Automaatne \u00f5litus hoiab keti ja laba m\u00e4\u00e4rituna \u2022 Eesm\u00e4ne k\u00e4ekaitse kaitseb kasutajat lendavate t\u00fckkide eest \u2022 Juhusliku k\u00e4ivituse kaitse \u2022 \u00d5litaseme kiire kontrollimine \u2022 K\u00e4epide v\u00f5imaldab l\u00f5igata erinevate nurkade all\" \/>\n<meta property=\"og:url\" content=\"https:\/\/ranoja.ee\/toode\/elektriline-kettsaag-cse2600-scheppach\/\" \/>\n<meta property=\"og:site_name\" content=\"Ranoja\" \/>\n<meta property=\"article:publisher\" content=\"https:\/\/www.facebook.com\/ranoja.ee\" \/>\n<meta property=\"article:modified_time\" content=\"2026-03-17T12:33:45+00:00\" \/>\n<meta property=\"og:image\" content=\"https:\/\/ranoja.ee\/wp-content\/uploads\/2026\/03\/232128062.jpg\" \/>\n\t<meta property=\"og:image:width\" content=\"900\" \/>\n\t<meta property=\"og:image:height\" content=\"365\" \/>\n\t<meta property=\"og:image:type\" content=\"image\/jpeg\" \/>\n<meta name=\"twitter:card\" content=\"summary_large_image\" \/>\n<script type=\"application\/ld+json\" class=\"yoast-schema-graph\">{\"@context\":\"https:\\\/\\\/schema.org\",\"@graph\":[{\"@type\":\"WebPage\",\"@id\":\"https:\\\/\\\/ranoja.ee\\\/toode\\\/elektriline-kettsaag-cse2600-scheppach\\\/\",\"url\":\"https:\\\/\\\/ranoja.ee\\\/toode\\\/elektriline-kettsaag-cse2600-scheppach\\\/\",\"name\":\"Elektriline kettsaag CSE2600, Scheppach - Ranoja\",\"isPartOf\":{\"@id\":\"https:\\\/\\\/ranoja.ee\\\/#website\"},\"primaryImageOfPage\":{\"@id\":\"https:\\\/\\\/ranoja.ee\\\/toode\\\/elektriline-kettsaag-cse2600-scheppach\\\/#primaryimage\"},\"image\":{\"@id\":\"https:\\\/\\\/ranoja.ee\\\/toode\\\/elektriline-kettsaag-cse2600-scheppach\\\/#primaryimage\"},\"thumbnailUrl\":\"https:\\\/\\\/ranoja.ee\\\/wp-content\\\/uploads\\\/2026\\\/03\\\/232128062.jpg\",\"datePublished\":\"2026-03-16T23:41:02+00:00\",\"dateModified\":\"2026-03-17T12:33:45+00:00\",\"breadcrumb\":{\"@id\":\"https:\\\/\\\/ranoja.ee\\\/toode\\\/elektriline-kettsaag-cse2600-scheppach\\\/#breadcrumb\"},\"inLanguage\":\"en-US\",\"potentialAction\":[{\"@type\":\"ReadAction\",\"target\":[\"https:\\\/\\\/ranoja.ee\\\/toode\\\/elektriline-kettsaag-cse2600-scheppach\\\/\"]}]},{\"@type\":\"ImageObject\",\"inLanguage\":\"en-US\",\"@id\":\"https:\\\/\\\/ranoja.ee\\\/toode\\\/elektriline-kettsaag-cse2600-scheppach\\\/#primaryimage\",\"url\":\"https:\\\/\\\/ranoja.ee\\\/wp-content\\\/uploads\\\/2026\\\/03\\\/232128062.jpg\",\"contentUrl\":\"https:\\\/\\\/ranoja.ee\\\/wp-content\\\/uploads\\\/2026\\\/03\\\/232128062.jpg\",\"width\":900,\"height\":365},{\"@type\":\"BreadcrumbList\",\"@id\":\"https:\\\/\\\/ranoja.ee\\\/toode\\\/elektriline-kettsaag-cse2600-scheppach\\\/#breadcrumb\",\"itemListElement\":[{\"@type\":\"ListItem\",\"position\":1,\"name\":\"Home\",\"item\":\"https:\\\/\\\/ranoja.ee\\\/\"},{\"@type\":\"ListItem\",\"position\":2,\"name\":\"Shop\",\"item\":\"https:\\\/\\\/ranoja.ee\\\/en\\\/shop\\\/\"},{\"@type\":\"ListItem\",\"position\":3,\"name\":\"Elektriline kettsaag CSE2600, Scheppach\"}]},{\"@type\":\"WebSite\",\"@id\":\"https:\\\/\\\/ranoja.ee\\\/#website\",\"url\":\"https:\\\/\\\/ranoja.ee\\\/\",\"name\":\"Ranoja\",\"description\":\"Equipment Shop WooCommerce WordPress Theme for Machine &amp; Tools\",\"publisher\":{\"@id\":\"https:\\\/\\\/ranoja.ee\\\/#organization\"},\"potentialAction\":[{\"@type\":\"SearchAction\",\"target\":{\"@type\":\"EntryPoint\",\"urlTemplate\":\"https:\\\/\\\/ranoja.ee\\\/?s={search_term_string}\"},\"query-input\":{\"@type\":\"PropertyValueSpecification\",\"valueRequired\":true,\"valueName\":\"search_term_string\"}}],\"inLanguage\":\"en-US\"},{\"@type\":\"Organization\",\"@id\":\"https:\\\/\\\/ranoja.ee\\\/#organization\",\"name\":\"Ranoja O\u00dc\",\"url\":\"https:\\\/\\\/ranoja.ee\\\/\",\"logo\":{\"@type\":\"ImageObject\",\"inLanguage\":\"en-US\",\"@id\":\"https:\\\/\\\/ranoja.ee\\\/#\\\/schema\\\/logo\\\/image\\\/\",\"url\":\"https:\\\/\\\/ranoja.ee\\\/wp-content\\\/uploads\\\/2023\\\/11\\\/ranoja-Logo.png\",\"contentUrl\":\"https:\\\/\\\/ranoja.ee\\\/wp-content\\\/uploads\\\/2023\\\/11\\\/ranoja-Logo.png\",\"width\":207,\"height\":58,\"caption\":\"Ranoja O\u00dc\"},\"image\":{\"@id\":\"https:\\\/\\\/ranoja.ee\\\/#\\\/schema\\\/logo\\\/image\\\/\"},\"sameAs\":[\"https:\\\/\\\/www.facebook.com\\\/ranoja.ee\",\"https:\\\/\\\/www.instagram.com\\\/ranoja__\\\/\"]}]}<\/script>\n<!-- \/ Yoast SEO plugin. -->","yoast_head_json":{"title":"Elektriline kettsaag CSE2600, Scheppach - Ranoja","robots":{"index":"index","follow":"follow","max-snippet":"max-snippet:-1","max-image-preview":"max-image-preview:large","max-video-preview":"max-video-preview:-1"},"canonical":"https:\/\/ranoja.ee\/toode\/elektriline-kettsaag-cse2600-scheppach\/","og_locale":"en_US","og_type":"article","og_title":"Elektriline kettsaag CSE2600, Scheppach - Ranoja","og_description":"M\u00f5\u00f5dud L x W x H 890 x 260 x 220 mm Saelati pikkus 45,5 cm L\u00f5ikepikkus max. D45,5 cm Keti kiirus 15 m\/sec T\u00f6\u00f6riistavaba keti pingutamine Paak \/ keti\u00f5li 0,2 L Toide 230 \u2013 240 V~ \/ 50 Hz V\u00e4ljundv\u00f5imsus 2400 W (3.3 HP) \u2022 V\u00f5imas 2.4 kW mootor \u2022 18\u201c kett ja laba \u2022 Kerge disain \u2022 T\u00f6\u00f6riistavaba ketivahetus teeb selle tegevuse kiireks ja lihtsaks \u2022 Automaatne \u00f5litus hoiab keti ja laba m\u00e4\u00e4rituna \u2022 Eesm\u00e4ne k\u00e4ekaitse kaitseb kasutajat lendavate t\u00fckkide eest \u2022 Juhusliku k\u00e4ivituse kaitse \u2022 \u00d5litaseme kiire kontrollimine \u2022 K\u00e4epide v\u00f5imaldab l\u00f5igata erinevate nurkade all","og_url":"https:\/\/ranoja.ee\/toode\/elektriline-kettsaag-cse2600-scheppach\/","og_site_name":"Ranoja","article_publisher":"https:\/\/www.facebook.com\/ranoja.ee","article_modified_time":"2026-03-17T12:33:45+00:00","og_image":[{"width":900,"height":365,"url":"https:\/\/ranoja.ee\/wp-content\/uploads\/2026\/03\/232128062.jpg","type":"image\/jpeg"}],"twitter_card":"summary_large_image","schema":{"@context":"https:\/\/schema.org","@graph":[{"@type":"WebPage","@id":"https:\/\/ranoja.ee\/toode\/elektriline-kettsaag-cse2600-scheppach\/","url":"https:\/\/ranoja.ee\/toode\/elektriline-kettsaag-cse2600-scheppach\/","name":"Elektriline kettsaag CSE2600, Scheppach - Ranoja","isPartOf":{"@id":"https:\/\/ranoja.ee\/#website"},"primaryImageOfPage":{"@id":"https:\/\/ranoja.ee\/toode\/elektriline-kettsaag-cse2600-scheppach\/#primaryimage"},"image":{"@id":"https:\/\/ranoja.ee\/toode\/elektriline-kettsaag-cse2600-scheppach\/#primaryimage"},"thumbnailUrl":"https:\/\/ranoja.ee\/wp-content\/uploads\/2026\/03\/232128062.jpg","datePublished":"2026-03-16T23:41:02+00:00","dateModified":"2026-03-17T12:33:45+00:00","breadcrumb":{"@id":"https:\/\/ranoja.ee\/toode\/elektriline-kettsaag-cse2600-scheppach\/#breadcrumb"},"inLanguage":"en-US","potentialAction":[{"@type":"ReadAction","target":["https:\/\/ranoja.ee\/toode\/elektriline-kettsaag-cse2600-scheppach\/"]}]},{"@type":"ImageObject","inLanguage":"en-US","@id":"https:\/\/ranoja.ee\/toode\/elektriline-kettsaag-cse2600-scheppach\/#primaryimage","url":"https:\/\/ranoja.ee\/wp-content\/uploads\/2026\/03\/232128062.jpg","contentUrl":"https:\/\/ranoja.ee\/wp-content\/uploads\/2026\/03\/232128062.jpg","width":900,"height":365},{"@type":"BreadcrumbList","@id":"https:\/\/ranoja.ee\/toode\/elektriline-kettsaag-cse2600-scheppach\/#breadcrumb","itemListElement":[{"@type":"ListItem","position":1,"name":"Home","item":"https:\/\/ranoja.ee\/"},{"@type":"ListItem","position":2,"name":"Shop","item":"https:\/\/ranoja.ee\/en\/shop\/"},{"@type":"ListItem","position":3,"name":"Elektriline kettsaag CSE2600, Scheppach"}]},{"@type":"WebSite","@id":"https:\/\/ranoja.ee\/#website","url":"https:\/\/ranoja.ee\/","name":"Ranoja","description":"Equipment Shop WooCommerce WordPress Theme for Machine &amp; Tools","publisher":{"@id":"https:\/\/ranoja.ee\/#organization"},"potentialAction":[{"@type":"SearchAction","target":{"@type":"EntryPoint","urlTemplate":"https:\/\/ranoja.ee\/?s={search_term_string}"},"query-input":{"@type":"PropertyValueSpecification","valueRequired":true,"valueName":"search_term_string"}}],"inLanguage":"en-US"},{"@type":"Organization","@id":"https:\/\/ranoja.ee\/#organization","name":"Ranoja O\u00dc","url":"https:\/\/ranoja.ee\/","logo":{"@type":"ImageObject","inLanguage":"en-US","@id":"https:\/\/ranoja.ee\/#\/schema\/logo\/image\/","url":"https:\/\/ranoja.ee\/wp-content\/uploads\/2023\/11\/ranoja-Logo.png","contentUrl":"https:\/\/ranoja.ee\/wp-content\/uploads\/2023\/11\/ranoja-Logo.png","width":207,"height":58,"caption":"Ranoja O\u00dc"},"image":{"@id":"https:\/\/ranoja.ee\/#\/schema\/logo\/image\/"},"sameAs":["https:\/\/www.facebook.com\/ranoja.ee","https:\/\/www.instagram.com\/ranoja__\/"]}]}},"_links":{"self":[{"href":"https:\/\/ranoja.ee\/en\/wp-json\/wp\/v2\/product\/62579","targetHints":{"allow":["GET"]}}],"collection":[{"href":"https:\/\/ranoja.ee\/en\/wp-json\/wp\/v2\/product"}],"about":[{"href":"https:\/\/ranoja.ee\/en\/wp-json\/wp\/v2\/types\/product"}],"wp:featuredmedia":[{"embeddable":true,"href":"https:\/\/ranoja.ee\/en\/wp-json\/wp\/v2\/media\/62580"}],"wp:attachment":[{"href":"https:\/\/ranoja.ee\/en\/wp-json\/wp\/v2\/media?parent=62579"}],"wp:term":[{"taxonomy":"product_cat","embeddable":true,"href":"https:\/\/ranoja.ee\/en\/wp-json\/wp\/v2\/product_cat?post=62579"},{"taxonomy":"product_tag","embeddable":true,"href":"https:\/\/ranoja.ee\/en\/wp-json\/wp\/v2\/product_tag?post=62579"}],"curies":[{"name":"wp","href":"https:\/\/api.w.org\/{rel}","templated":true}]}}