{"id":62571,"date":"2026-03-17T02:41:02","date_gmt":"2026-03-16T23:41:02","guid":{"rendered":"https:\/\/ranoja.ee\/toode\/ketioli-food-grade-chain-oil-nsf-h1-500ml-motip\/"},"modified":"2026-03-17T15:33:45","modified_gmt":"2026-03-17T12:33:45","slug":"ketioli-food-grade-chain-oil-nsf-h1-500ml-motip","status":"publish","type":"product","link":"https:\/\/ranoja.ee\/en\/toode\/ketioli-food-grade-chain-oil-nsf-h1-500ml-motip\/","title":{"rendered":"Keti\u00f5li Food Grade Chain Oil NSF H1 500ml, Motip"},"content":{"rendered":"","protected":false},"excerpt":{"rendered":"<p>Suuri koormusi kannatav m\u00e4\u00e4re kett\u00fclekannetele. Pihustub nagu \u00f5li aga on m\u00e4\u00e4rdeaine omadustega. Suurep\u00e4rane mehaaniline tugevus ja kuumuskindlus. \u00dclihea kleepuvus. V\u00e4ldib kulumist ja kleepumist. Vastupidav ilmastikum\u00f5judele ning n\u00f5rkadele hapetele ja alustele. T\u00f5rjub vett. Muudetav pihustusotsik. 360\u00b0-klapp. Kasutamistemperatuur 5 -30\u00b0C. Enne kasutamist loksutage. Kanda pinnale \u00f5hukese kihina. Esialgses voolamisfaasis, kus toode suudab tungida l\u00e4bi t\u00f6\u00f6deldava keti pinna, on pihustataval ainel vahtu tekitav toime. Parim enne: vaata pakendilt<\/p>\n","protected":false},"featured_media":62572,"template":"","meta":{"inline_featured_image":false},"product_cat":[5119,5009],"product_tag":[],"class_list":{"0":"post-62571","1":"product","2":"type-product","3":"status-publish","4":"has-post-thumbnail","6":"product_brand-motip","7":"product_cat-toiduainetoostuse-keemia","8":"product_cat-toostus-ja-autokeemia","10":"first","11":"outofstock","12":"purchasable","13":"product-type-simple"},"yoast_head":"<!-- This site is optimized with the Yoast SEO plugin v27.4 - https:\/\/yoast.com\/product\/yoast-seo-wordpress\/ -->\n<title>Keti\u00f5li Food Grade Chain Oil NSF H1 500ml, Motip - Ranoja<\/title>\n<meta name=\"robots\" content=\"index, follow, max-snippet:-1, max-image-preview:large, max-video-preview:-1\" \/>\n<link rel=\"canonical\" href=\"https:\/\/ranoja.ee\/toode\/ketioli-food-grade-chain-oil-nsf-h1-500ml-motip\/\" \/>\n<meta property=\"og:locale\" content=\"en_US\" \/>\n<meta property=\"og:type\" content=\"article\" \/>\n<meta property=\"og:title\" content=\"Keti\u00f5li Food Grade Chain Oil NSF H1 500ml, Motip - Ranoja\" \/>\n<meta property=\"og:description\" content=\"Suuri koormusi kannatav m\u00e4\u00e4re kett\u00fclekannetele. Pihustub nagu \u00f5li aga on m\u00e4\u00e4rdeaine omadustega. Suurep\u00e4rane mehaaniline tugevus ja kuumuskindlus. \u00dclihea kleepuvus. V\u00e4ldib kulumist ja kleepumist. Vastupidav ilmastikum\u00f5judele ning n\u00f5rkadele hapetele ja alustele. T\u00f5rjub vett. Muudetav pihustusotsik. 360\u00b0-klapp. Kasutamistemperatuur 5 -30\u00b0C. Enne kasutamist loksutage. Kanda pinnale \u00f5hukese kihina. Esialgses voolamisfaasis, kus toode suudab tungida l\u00e4bi t\u00f6\u00f6deldava keti pinna, on pihustataval ainel vahtu tekitav toime. Parim enne: vaata pakendilt\" \/>\n<meta property=\"og:url\" content=\"https:\/\/ranoja.ee\/toode\/ketioli-food-grade-chain-oil-nsf-h1-500ml-motip\/\" \/>\n<meta property=\"og:site_name\" content=\"Ranoja\" \/>\n<meta property=\"article:publisher\" content=\"https:\/\/www.facebook.com\/ranoja.ee\" \/>\n<meta property=\"article:modified_time\" content=\"2026-03-17T12:33:45+00:00\" \/>\n<meta property=\"og:image\" content=\"https:\/\/ranoja.ee\/wp-content\/uploads\/2026\/03\/121586195.png\" \/>\n\t<meta property=\"og:image:width\" content=\"238\" \/>\n\t<meta property=\"og:image:height\" content=\"238\" \/>\n\t<meta property=\"og:image:type\" content=\"image\/jpeg\" \/>\n<meta name=\"twitter:card\" content=\"summary_large_image\" \/>\n<script type=\"application\/ld+json\" class=\"yoast-schema-graph\">{\"@context\":\"https:\\\/\\\/schema.org\",\"@graph\":[{\"@type\":\"WebPage\",\"@id\":\"https:\\\/\\\/ranoja.ee\\\/toode\\\/ketioli-food-grade-chain-oil-nsf-h1-500ml-motip\\\/\",\"url\":\"https:\\\/\\\/ranoja.ee\\\/toode\\\/ketioli-food-grade-chain-oil-nsf-h1-500ml-motip\\\/\",\"name\":\"Keti\u00f5li Food Grade Chain Oil NSF H1 500ml, Motip - Ranoja\",\"isPartOf\":{\"@id\":\"https:\\\/\\\/ranoja.ee\\\/#website\"},\"primaryImageOfPage\":{\"@id\":\"https:\\\/\\\/ranoja.ee\\\/toode\\\/ketioli-food-grade-chain-oil-nsf-h1-500ml-motip\\\/#primaryimage\"},\"image\":{\"@id\":\"https:\\\/\\\/ranoja.ee\\\/toode\\\/ketioli-food-grade-chain-oil-nsf-h1-500ml-motip\\\/#primaryimage\"},\"thumbnailUrl\":\"https:\\\/\\\/ranoja.ee\\\/wp-content\\\/uploads\\\/2026\\\/03\\\/121586195.png\",\"datePublished\":\"2026-03-16T23:41:02+00:00\",\"dateModified\":\"2026-03-17T12:33:45+00:00\",\"breadcrumb\":{\"@id\":\"https:\\\/\\\/ranoja.ee\\\/toode\\\/ketioli-food-grade-chain-oil-nsf-h1-500ml-motip\\\/#breadcrumb\"},\"inLanguage\":\"en-US\",\"potentialAction\":[{\"@type\":\"ReadAction\",\"target\":[\"https:\\\/\\\/ranoja.ee\\\/toode\\\/ketioli-food-grade-chain-oil-nsf-h1-500ml-motip\\\/\"]}]},{\"@type\":\"ImageObject\",\"inLanguage\":\"en-US\",\"@id\":\"https:\\\/\\\/ranoja.ee\\\/toode\\\/ketioli-food-grade-chain-oil-nsf-h1-500ml-motip\\\/#primaryimage\",\"url\":\"https:\\\/\\\/ranoja.ee\\\/wp-content\\\/uploads\\\/2026\\\/03\\\/121586195.png\",\"contentUrl\":\"https:\\\/\\\/ranoja.ee\\\/wp-content\\\/uploads\\\/2026\\\/03\\\/121586195.png\",\"width\":238,\"height\":238},{\"@type\":\"BreadcrumbList\",\"@id\":\"https:\\\/\\\/ranoja.ee\\\/toode\\\/ketioli-food-grade-chain-oil-nsf-h1-500ml-motip\\\/#breadcrumb\",\"itemListElement\":[{\"@type\":\"ListItem\",\"position\":1,\"name\":\"Home\",\"item\":\"https:\\\/\\\/ranoja.ee\\\/\"},{\"@type\":\"ListItem\",\"position\":2,\"name\":\"Shop\",\"item\":\"https:\\\/\\\/ranoja.ee\\\/en\\\/shop\\\/\"},{\"@type\":\"ListItem\",\"position\":3,\"name\":\"Keti\u00f5li Food Grade Chain Oil NSF H1 500ml, Motip\"}]},{\"@type\":\"WebSite\",\"@id\":\"https:\\\/\\\/ranoja.ee\\\/#website\",\"url\":\"https:\\\/\\\/ranoja.ee\\\/\",\"name\":\"Ranoja\",\"description\":\"Equipment Shop WooCommerce WordPress Theme for Machine &amp; Tools\",\"publisher\":{\"@id\":\"https:\\\/\\\/ranoja.ee\\\/#organization\"},\"potentialAction\":[{\"@type\":\"SearchAction\",\"target\":{\"@type\":\"EntryPoint\",\"urlTemplate\":\"https:\\\/\\\/ranoja.ee\\\/?s={search_term_string}\"},\"query-input\":{\"@type\":\"PropertyValueSpecification\",\"valueRequired\":true,\"valueName\":\"search_term_string\"}}],\"inLanguage\":\"en-US\"},{\"@type\":\"Organization\",\"@id\":\"https:\\\/\\\/ranoja.ee\\\/#organization\",\"name\":\"Ranoja O\u00dc\",\"url\":\"https:\\\/\\\/ranoja.ee\\\/\",\"logo\":{\"@type\":\"ImageObject\",\"inLanguage\":\"en-US\",\"@id\":\"https:\\\/\\\/ranoja.ee\\\/#\\\/schema\\\/logo\\\/image\\\/\",\"url\":\"https:\\\/\\\/ranoja.ee\\\/wp-content\\\/uploads\\\/2023\\\/11\\\/ranoja-Logo.png\",\"contentUrl\":\"https:\\\/\\\/ranoja.ee\\\/wp-content\\\/uploads\\\/2023\\\/11\\\/ranoja-Logo.png\",\"width\":207,\"height\":58,\"caption\":\"Ranoja O\u00dc\"},\"image\":{\"@id\":\"https:\\\/\\\/ranoja.ee\\\/#\\\/schema\\\/logo\\\/image\\\/\"},\"sameAs\":[\"https:\\\/\\\/www.facebook.com\\\/ranoja.ee\",\"https:\\\/\\\/www.instagram.com\\\/ranoja__\\\/\"]}]}<\/script>\n<!-- \/ Yoast SEO plugin. -->","yoast_head_json":{"title":"Keti\u00f5li Food Grade Chain Oil NSF H1 500ml, Motip - Ranoja","robots":{"index":"index","follow":"follow","max-snippet":"max-snippet:-1","max-image-preview":"max-image-preview:large","max-video-preview":"max-video-preview:-1"},"canonical":"https:\/\/ranoja.ee\/toode\/ketioli-food-grade-chain-oil-nsf-h1-500ml-motip\/","og_locale":"en_US","og_type":"article","og_title":"Keti\u00f5li Food Grade Chain Oil NSF H1 500ml, Motip - Ranoja","og_description":"Suuri koormusi kannatav m\u00e4\u00e4re kett\u00fclekannetele. Pihustub nagu \u00f5li aga on m\u00e4\u00e4rdeaine omadustega. Suurep\u00e4rane mehaaniline tugevus ja kuumuskindlus. \u00dclihea kleepuvus. V\u00e4ldib kulumist ja kleepumist. Vastupidav ilmastikum\u00f5judele ning n\u00f5rkadele hapetele ja alustele. T\u00f5rjub vett. Muudetav pihustusotsik. 360\u00b0-klapp. Kasutamistemperatuur 5 -30\u00b0C. Enne kasutamist loksutage. Kanda pinnale \u00f5hukese kihina. Esialgses voolamisfaasis, kus toode suudab tungida l\u00e4bi t\u00f6\u00f6deldava keti pinna, on pihustataval ainel vahtu tekitav toime. Parim enne: vaata pakendilt","og_url":"https:\/\/ranoja.ee\/toode\/ketioli-food-grade-chain-oil-nsf-h1-500ml-motip\/","og_site_name":"Ranoja","article_publisher":"https:\/\/www.facebook.com\/ranoja.ee","article_modified_time":"2026-03-17T12:33:45+00:00","og_image":[{"width":238,"height":238,"url":"https:\/\/ranoja.ee\/wp-content\/uploads\/2026\/03\/121586195.png","type":"image\/jpeg"}],"twitter_card":"summary_large_image","schema":{"@context":"https:\/\/schema.org","@graph":[{"@type":"WebPage","@id":"https:\/\/ranoja.ee\/toode\/ketioli-food-grade-chain-oil-nsf-h1-500ml-motip\/","url":"https:\/\/ranoja.ee\/toode\/ketioli-food-grade-chain-oil-nsf-h1-500ml-motip\/","name":"Keti\u00f5li Food Grade Chain Oil NSF H1 500ml, Motip - Ranoja","isPartOf":{"@id":"https:\/\/ranoja.ee\/#website"},"primaryImageOfPage":{"@id":"https:\/\/ranoja.ee\/toode\/ketioli-food-grade-chain-oil-nsf-h1-500ml-motip\/#primaryimage"},"image":{"@id":"https:\/\/ranoja.ee\/toode\/ketioli-food-grade-chain-oil-nsf-h1-500ml-motip\/#primaryimage"},"thumbnailUrl":"https:\/\/ranoja.ee\/wp-content\/uploads\/2026\/03\/121586195.png","datePublished":"2026-03-16T23:41:02+00:00","dateModified":"2026-03-17T12:33:45+00:00","breadcrumb":{"@id":"https:\/\/ranoja.ee\/toode\/ketioli-food-grade-chain-oil-nsf-h1-500ml-motip\/#breadcrumb"},"inLanguage":"en-US","potentialAction":[{"@type":"ReadAction","target":["https:\/\/ranoja.ee\/toode\/ketioli-food-grade-chain-oil-nsf-h1-500ml-motip\/"]}]},{"@type":"ImageObject","inLanguage":"en-US","@id":"https:\/\/ranoja.ee\/toode\/ketioli-food-grade-chain-oil-nsf-h1-500ml-motip\/#primaryimage","url":"https:\/\/ranoja.ee\/wp-content\/uploads\/2026\/03\/121586195.png","contentUrl":"https:\/\/ranoja.ee\/wp-content\/uploads\/2026\/03\/121586195.png","width":238,"height":238},{"@type":"BreadcrumbList","@id":"https:\/\/ranoja.ee\/toode\/ketioli-food-grade-chain-oil-nsf-h1-500ml-motip\/#breadcrumb","itemListElement":[{"@type":"ListItem","position":1,"name":"Home","item":"https:\/\/ranoja.ee\/"},{"@type":"ListItem","position":2,"name":"Shop","item":"https:\/\/ranoja.ee\/en\/shop\/"},{"@type":"ListItem","position":3,"name":"Keti\u00f5li Food Grade Chain Oil NSF H1 500ml, Motip"}]},{"@type":"WebSite","@id":"https:\/\/ranoja.ee\/#website","url":"https:\/\/ranoja.ee\/","name":"Ranoja","description":"Equipment Shop WooCommerce WordPress Theme for Machine &amp; Tools","publisher":{"@id":"https:\/\/ranoja.ee\/#organization"},"potentialAction":[{"@type":"SearchAction","target":{"@type":"EntryPoint","urlTemplate":"https:\/\/ranoja.ee\/?s={search_term_string}"},"query-input":{"@type":"PropertyValueSpecification","valueRequired":true,"valueName":"search_term_string"}}],"inLanguage":"en-US"},{"@type":"Organization","@id":"https:\/\/ranoja.ee\/#organization","name":"Ranoja O\u00dc","url":"https:\/\/ranoja.ee\/","logo":{"@type":"ImageObject","inLanguage":"en-US","@id":"https:\/\/ranoja.ee\/#\/schema\/logo\/image\/","url":"https:\/\/ranoja.ee\/wp-content\/uploads\/2023\/11\/ranoja-Logo.png","contentUrl":"https:\/\/ranoja.ee\/wp-content\/uploads\/2023\/11\/ranoja-Logo.png","width":207,"height":58,"caption":"Ranoja O\u00dc"},"image":{"@id":"https:\/\/ranoja.ee\/#\/schema\/logo\/image\/"},"sameAs":["https:\/\/www.facebook.com\/ranoja.ee","https:\/\/www.instagram.com\/ranoja__\/"]}]}},"_links":{"self":[{"href":"https:\/\/ranoja.ee\/en\/wp-json\/wp\/v2\/product\/62571","targetHints":{"allow":["GET"]}}],"collection":[{"href":"https:\/\/ranoja.ee\/en\/wp-json\/wp\/v2\/product"}],"about":[{"href":"https:\/\/ranoja.ee\/en\/wp-json\/wp\/v2\/types\/product"}],"wp:featuredmedia":[{"embeddable":true,"href":"https:\/\/ranoja.ee\/en\/wp-json\/wp\/v2\/media\/62572"}],"wp:attachment":[{"href":"https:\/\/ranoja.ee\/en\/wp-json\/wp\/v2\/media?parent=62571"}],"wp:term":[{"taxonomy":"product_cat","embeddable":true,"href":"https:\/\/ranoja.ee\/en\/wp-json\/wp\/v2\/product_cat?post=62571"},{"taxonomy":"product_tag","embeddable":true,"href":"https:\/\/ranoja.ee\/en\/wp-json\/wp\/v2\/product_tag?post=62571"}],"curies":[{"name":"wp","href":"https:\/\/api.w.org\/{rel}","templated":true}]}}