{"id":62554,"date":"2026-03-17T02:40:43","date_gmt":"2026-03-16T23:40:43","guid":{"rendered":"https:\/\/ranoja.ee\/toode\/akunurklihvija-cag115-20pros-1x20-ah-gen1-scheppach\/"},"modified":"2026-03-17T15:33:46","modified_gmt":"2026-03-17T12:33:46","slug":"akunurklihvija-cag115-20pros-1x20-ah-gen1-scheppach","status":"publish","type":"product","link":"https:\/\/ranoja.ee\/en\/toode\/akunurklihvija-cag115-20pros-1x20-ah-gen1-scheppach\/","title":{"rendered":"Akunurklihvija CAG115-20ProS, 1&#215;2,0 Ah, GEN1, Scheppach"},"content":{"rendered":"","protected":false},"excerpt":{"rendered":"<p>Nurklihvija koos aku 20 V \/ 2,0 Ah ja laadijaga,  pappkarbis<br \/>\nLisak\u00e4epidemel 3 asendit<br \/>\nKettav\u00f5ti paigutatud nutikalt lisak\u00e4epidemesse, nii on ta sul alati kaasas.<br \/>\nMittelukustv l\u00fcliti tagab turvalisuse.<\/p>\n<p>Ketas: \u00d8 115 mm<br \/>\nP\u00f6\u00f6rete arv: 8000 \/min<br \/>\nSpindlikeere: M 14<br \/>\nKaal: 2,5 kg<br \/>\nKomplekti kuulub:<br \/>\nKettakaitse, k\u00fclgmine k\u00e4epide, kettaflants, aku 20 V \/ 2,0 Ah ja laadija<\/p>\n<p>Sobivad akud ja laadijad: <br \/>\n7909205701&#038;SCHEP &#8211; 2,0Ah<br \/>\n7909205703&#038;SCHEP &#8211; 4,0Ah<br \/>\n7909205702&#038;SCHEP &#8211; kiirlaadija<br \/>\n7909205704&#038;SCHEP &#8211; kiirlaadija + 2,0Ah aku<\/p>\n<p>Scheppachi elektrilised k\u00e4sit\u00f6\u00f6riistad on m\u00f5eldud n\u00f5udlikule hobikasutajale.<\/p>\n","protected":false},"featured_media":0,"template":"","meta":{"inline_featured_image":false},"product_cat":[5156,5157,1094],"product_tag":[],"class_list":{"0":"post-62554","1":"product","2":"type-product","3":"status-publish","5":"product_brand-scheppach","6":"product_cat-akuga-nurk-ja-otslihvijad","7":"product_cat-akuga-nurklihvijad-o-76-150-mm","8":"product_cat-akutooriistad","10":"first","11":"instock","12":"purchasable","13":"product-type-simple"},"yoast_head":"<!-- This site is optimized with the Yoast SEO plugin v27.4 - https:\/\/yoast.com\/product\/yoast-seo-wordpress\/ -->\n<title>Akunurklihvija CAG115-20ProS, 1x2,0 Ah, GEN1, Scheppach - Ranoja<\/title>\n<meta name=\"robots\" content=\"index, follow, max-snippet:-1, max-image-preview:large, max-video-preview:-1\" \/>\n<link rel=\"canonical\" href=\"https:\/\/ranoja.ee\/toode\/akunurklihvija-cag115-20pros-1x20-ah-gen1-scheppach\/\" \/>\n<meta property=\"og:locale\" content=\"en_US\" \/>\n<meta property=\"og:type\" content=\"article\" \/>\n<meta property=\"og:title\" content=\"Akunurklihvija CAG115-20ProS, 1x2,0 Ah, GEN1, Scheppach - Ranoja\" \/>\n<meta property=\"og:description\" content=\"Nurklihvija koos aku 20 V \/ 2,0 Ah ja laadijaga, pappkarbis Lisak\u00e4epidemel 3 asendit Kettav\u00f5ti paigutatud nutikalt lisak\u00e4epidemesse, nii on ta sul alati kaasas. Mittelukustv l\u00fcliti tagab turvalisuse. Ketas: \u00d8 115 mm P\u00f6\u00f6rete arv: 8000 \/min Spindlikeere: M 14 Kaal: 2,5 kg Komplekti kuulub: Kettakaitse, k\u00fclgmine k\u00e4epide, kettaflants, aku 20 V \/ 2,0 Ah ja laadija Sobivad akud ja laadijad: 7909205701&amp;SCHEP - 2,0Ah 7909205703&amp;SCHEP - 4,0Ah 7909205702&amp;SCHEP - kiirlaadija 7909205704&amp;SCHEP - kiirlaadija + 2,0Ah aku Scheppachi elektrilised k\u00e4sit\u00f6\u00f6riistad on m\u00f5eldud n\u00f5udlikule hobikasutajale.\" \/>\n<meta property=\"og:url\" content=\"https:\/\/ranoja.ee\/toode\/akunurklihvija-cag115-20pros-1x20-ah-gen1-scheppach\/\" \/>\n<meta property=\"og:site_name\" content=\"Ranoja\" \/>\n<meta property=\"article:publisher\" content=\"https:\/\/www.facebook.com\/ranoja.ee\" \/>\n<meta property=\"article:modified_time\" content=\"2026-03-17T12:33:46+00:00\" \/>\n<meta name=\"twitter:card\" content=\"summary_large_image\" \/>\n<script type=\"application\/ld+json\" class=\"yoast-schema-graph\">{\"@context\":\"https:\\\/\\\/schema.org\",\"@graph\":[{\"@type\":\"WebPage\",\"@id\":\"https:\\\/\\\/ranoja.ee\\\/toode\\\/akunurklihvija-cag115-20pros-1x20-ah-gen1-scheppach\\\/\",\"url\":\"https:\\\/\\\/ranoja.ee\\\/toode\\\/akunurklihvija-cag115-20pros-1x20-ah-gen1-scheppach\\\/\",\"name\":\"Akunurklihvija CAG115-20ProS, 1x2,0 Ah, GEN1, Scheppach - Ranoja\",\"isPartOf\":{\"@id\":\"https:\\\/\\\/ranoja.ee\\\/#website\"},\"datePublished\":\"2026-03-16T23:40:43+00:00\",\"dateModified\":\"2026-03-17T12:33:46+00:00\",\"breadcrumb\":{\"@id\":\"https:\\\/\\\/ranoja.ee\\\/toode\\\/akunurklihvija-cag115-20pros-1x20-ah-gen1-scheppach\\\/#breadcrumb\"},\"inLanguage\":\"en-US\",\"potentialAction\":[{\"@type\":\"ReadAction\",\"target\":[\"https:\\\/\\\/ranoja.ee\\\/toode\\\/akunurklihvija-cag115-20pros-1x20-ah-gen1-scheppach\\\/\"]}]},{\"@type\":\"BreadcrumbList\",\"@id\":\"https:\\\/\\\/ranoja.ee\\\/toode\\\/akunurklihvija-cag115-20pros-1x20-ah-gen1-scheppach\\\/#breadcrumb\",\"itemListElement\":[{\"@type\":\"ListItem\",\"position\":1,\"name\":\"Home\",\"item\":\"https:\\\/\\\/ranoja.ee\\\/\"},{\"@type\":\"ListItem\",\"position\":2,\"name\":\"Shop\",\"item\":\"https:\\\/\\\/ranoja.ee\\\/en\\\/shop\\\/\"},{\"@type\":\"ListItem\",\"position\":3,\"name\":\"Akunurklihvija CAG115-20ProS, 1&#215;2,0 Ah, GEN1, Scheppach\"}]},{\"@type\":\"WebSite\",\"@id\":\"https:\\\/\\\/ranoja.ee\\\/#website\",\"url\":\"https:\\\/\\\/ranoja.ee\\\/\",\"name\":\"Ranoja\",\"description\":\"Equipment Shop WooCommerce WordPress Theme for Machine &amp; Tools\",\"publisher\":{\"@id\":\"https:\\\/\\\/ranoja.ee\\\/#organization\"},\"potentialAction\":[{\"@type\":\"SearchAction\",\"target\":{\"@type\":\"EntryPoint\",\"urlTemplate\":\"https:\\\/\\\/ranoja.ee\\\/?s={search_term_string}\"},\"query-input\":{\"@type\":\"PropertyValueSpecification\",\"valueRequired\":true,\"valueName\":\"search_term_string\"}}],\"inLanguage\":\"en-US\"},{\"@type\":\"Organization\",\"@id\":\"https:\\\/\\\/ranoja.ee\\\/#organization\",\"name\":\"Ranoja O\u00dc\",\"url\":\"https:\\\/\\\/ranoja.ee\\\/\",\"logo\":{\"@type\":\"ImageObject\",\"inLanguage\":\"en-US\",\"@id\":\"https:\\\/\\\/ranoja.ee\\\/#\\\/schema\\\/logo\\\/image\\\/\",\"url\":\"https:\\\/\\\/ranoja.ee\\\/wp-content\\\/uploads\\\/2023\\\/11\\\/ranoja-Logo.png\",\"contentUrl\":\"https:\\\/\\\/ranoja.ee\\\/wp-content\\\/uploads\\\/2023\\\/11\\\/ranoja-Logo.png\",\"width\":207,\"height\":58,\"caption\":\"Ranoja O\u00dc\"},\"image\":{\"@id\":\"https:\\\/\\\/ranoja.ee\\\/#\\\/schema\\\/logo\\\/image\\\/\"},\"sameAs\":[\"https:\\\/\\\/www.facebook.com\\\/ranoja.ee\",\"https:\\\/\\\/www.instagram.com\\\/ranoja__\\\/\"]}]}<\/script>\n<!-- \/ Yoast SEO plugin. -->","yoast_head_json":{"title":"Akunurklihvija CAG115-20ProS, 1x2,0 Ah, GEN1, Scheppach - Ranoja","robots":{"index":"index","follow":"follow","max-snippet":"max-snippet:-1","max-image-preview":"max-image-preview:large","max-video-preview":"max-video-preview:-1"},"canonical":"https:\/\/ranoja.ee\/toode\/akunurklihvija-cag115-20pros-1x20-ah-gen1-scheppach\/","og_locale":"en_US","og_type":"article","og_title":"Akunurklihvija CAG115-20ProS, 1x2,0 Ah, GEN1, Scheppach - Ranoja","og_description":"Nurklihvija koos aku 20 V \/ 2,0 Ah ja laadijaga, pappkarbis Lisak\u00e4epidemel 3 asendit Kettav\u00f5ti paigutatud nutikalt lisak\u00e4epidemesse, nii on ta sul alati kaasas. Mittelukustv l\u00fcliti tagab turvalisuse. Ketas: \u00d8 115 mm P\u00f6\u00f6rete arv: 8000 \/min Spindlikeere: M 14 Kaal: 2,5 kg Komplekti kuulub: Kettakaitse, k\u00fclgmine k\u00e4epide, kettaflants, aku 20 V \/ 2,0 Ah ja laadija Sobivad akud ja laadijad: 7909205701&SCHEP - 2,0Ah 7909205703&SCHEP - 4,0Ah 7909205702&SCHEP - kiirlaadija 7909205704&SCHEP - kiirlaadija + 2,0Ah aku Scheppachi elektrilised k\u00e4sit\u00f6\u00f6riistad on m\u00f5eldud n\u00f5udlikule hobikasutajale.","og_url":"https:\/\/ranoja.ee\/toode\/akunurklihvija-cag115-20pros-1x20-ah-gen1-scheppach\/","og_site_name":"Ranoja","article_publisher":"https:\/\/www.facebook.com\/ranoja.ee","article_modified_time":"2026-03-17T12:33:46+00:00","twitter_card":"summary_large_image","schema":{"@context":"https:\/\/schema.org","@graph":[{"@type":"WebPage","@id":"https:\/\/ranoja.ee\/toode\/akunurklihvija-cag115-20pros-1x20-ah-gen1-scheppach\/","url":"https:\/\/ranoja.ee\/toode\/akunurklihvija-cag115-20pros-1x20-ah-gen1-scheppach\/","name":"Akunurklihvija CAG115-20ProS, 1x2,0 Ah, GEN1, Scheppach - Ranoja","isPartOf":{"@id":"https:\/\/ranoja.ee\/#website"},"datePublished":"2026-03-16T23:40:43+00:00","dateModified":"2026-03-17T12:33:46+00:00","breadcrumb":{"@id":"https:\/\/ranoja.ee\/toode\/akunurklihvija-cag115-20pros-1x20-ah-gen1-scheppach\/#breadcrumb"},"inLanguage":"en-US","potentialAction":[{"@type":"ReadAction","target":["https:\/\/ranoja.ee\/toode\/akunurklihvija-cag115-20pros-1x20-ah-gen1-scheppach\/"]}]},{"@type":"BreadcrumbList","@id":"https:\/\/ranoja.ee\/toode\/akunurklihvija-cag115-20pros-1x20-ah-gen1-scheppach\/#breadcrumb","itemListElement":[{"@type":"ListItem","position":1,"name":"Home","item":"https:\/\/ranoja.ee\/"},{"@type":"ListItem","position":2,"name":"Shop","item":"https:\/\/ranoja.ee\/en\/shop\/"},{"@type":"ListItem","position":3,"name":"Akunurklihvija CAG115-20ProS, 1&#215;2,0 Ah, GEN1, Scheppach"}]},{"@type":"WebSite","@id":"https:\/\/ranoja.ee\/#website","url":"https:\/\/ranoja.ee\/","name":"Ranoja","description":"Equipment Shop WooCommerce WordPress Theme for Machine &amp; Tools","publisher":{"@id":"https:\/\/ranoja.ee\/#organization"},"potentialAction":[{"@type":"SearchAction","target":{"@type":"EntryPoint","urlTemplate":"https:\/\/ranoja.ee\/?s={search_term_string}"},"query-input":{"@type":"PropertyValueSpecification","valueRequired":true,"valueName":"search_term_string"}}],"inLanguage":"en-US"},{"@type":"Organization","@id":"https:\/\/ranoja.ee\/#organization","name":"Ranoja O\u00dc","url":"https:\/\/ranoja.ee\/","logo":{"@type":"ImageObject","inLanguage":"en-US","@id":"https:\/\/ranoja.ee\/#\/schema\/logo\/image\/","url":"https:\/\/ranoja.ee\/wp-content\/uploads\/2023\/11\/ranoja-Logo.png","contentUrl":"https:\/\/ranoja.ee\/wp-content\/uploads\/2023\/11\/ranoja-Logo.png","width":207,"height":58,"caption":"Ranoja O\u00dc"},"image":{"@id":"https:\/\/ranoja.ee\/#\/schema\/logo\/image\/"},"sameAs":["https:\/\/www.facebook.com\/ranoja.ee","https:\/\/www.instagram.com\/ranoja__\/"]}]}},"_links":{"self":[{"href":"https:\/\/ranoja.ee\/en\/wp-json\/wp\/v2\/product\/62554","targetHints":{"allow":["GET"]}}],"collection":[{"href":"https:\/\/ranoja.ee\/en\/wp-json\/wp\/v2\/product"}],"about":[{"href":"https:\/\/ranoja.ee\/en\/wp-json\/wp\/v2\/types\/product"}],"wp:attachment":[{"href":"https:\/\/ranoja.ee\/en\/wp-json\/wp\/v2\/media?parent=62554"}],"wp:term":[{"taxonomy":"product_cat","embeddable":true,"href":"https:\/\/ranoja.ee\/en\/wp-json\/wp\/v2\/product_cat?post=62554"},{"taxonomy":"product_tag","embeddable":true,"href":"https:\/\/ranoja.ee\/en\/wp-json\/wp\/v2\/product_tag?post=62554"}],"curies":[{"name":"wp","href":"https:\/\/api.w.org\/{rel}","templated":true}]}}