{"id":62532,"date":"2026-03-17T02:40:43","date_gmt":"2026-03-16T23:40:43","guid":{"rendered":"https:\/\/ranoja.ee\/toode\/plaastriautomaat-salvequick-x-ray-cederroth\/"},"modified":"2026-03-17T15:33:47","modified_gmt":"2026-03-17T12:33:47","slug":"plaastriautomaat-salvequick-x-ray-cederroth","status":"publish","type":"product","link":"https:\/\/ranoja.ee\/en\/toode\/plaastriautomaat-salvequick-x-ray-cederroth\/","title":{"rendered":"Plaastriautomaat Salvequick X-ray, Cederroth"},"content":{"rendered":"","protected":false},"excerpt":{"rendered":"<p>Salvequick X-Ray tuvastatavate plaastrite dosaator siniste r\u00f6ntgeni- ja metallidetekteeritavate plaastritega on spetsiaalselt loodud kasutamiseks toiduainet\u00f6\u00f6stuses.<\/p>\n<p>Salvequick plaastrite dosaatoris t\u00f5mmatakse plaastrid alla, mis v\u00e4ldib mustuse v\u00f5i vere sattumist teistele plaastritele. Salvequick plaastrite dosaator ja plaastrid on t\u00e4ielik ja lihtsasti kasutatav s\u00fcsteem. Plaastrid on alati k\u00e4ttesaadavad ja kasutusvalmis. Plaastri t\u00e4itepakk on dosaatoris lukustatud, et v\u00e4ltida raiskamist, ja seda saab h\u00f5lpsasti avada spetsiaalse v\u00f5tmega. L\u00e4bipaistev kate kaitseb tolmu eest.<\/p>\n<p>Lihtne kasutada<br \/>\nLihtne t\u00e4ita<br \/>\nTolmukaitsega<br \/>\nRoheline plaaster on valmistatud >85% ulatuses \u00fcmbert\u00f6\u00f6deldud plastist.<\/p>\n<p>Sisaldab: 2 x 30 r\u00f6ntgeni-\/metallidetekteeritavat plaastrit. Iga t\u00e4itepakk sisaldab 18 tk 72\u00d719 mm ja 12 tk 72\u00d725 mm. (REF 510003320)<\/p>\n","protected":false},"featured_media":62533,"template":"","meta":{"inline_featured_image":false},"product_cat":[5071,5022],"product_tag":[],"class_list":{"0":"post-62532","1":"product","2":"type-product","3":"status-publish","4":"has-post-thumbnail","6":"product_brand-cederroth","7":"product_cat-esmaabivahendid","8":"product_cat-isikukaitsevahendid","10":"first","11":"outofstock","12":"purchasable","13":"product-type-simple"},"yoast_head":"<!-- This site is optimized with the Yoast SEO plugin v27.4 - https:\/\/yoast.com\/product\/yoast-seo-wordpress\/ -->\n<title>Plaastriautomaat Salvequick X-ray, Cederroth - Ranoja<\/title>\n<meta name=\"robots\" content=\"index, follow, max-snippet:-1, max-image-preview:large, max-video-preview:-1\" \/>\n<link rel=\"canonical\" href=\"https:\/\/ranoja.ee\/toode\/plaastriautomaat-salvequick-x-ray-cederroth\/\" \/>\n<meta property=\"og:locale\" content=\"en_US\" \/>\n<meta property=\"og:type\" content=\"article\" \/>\n<meta property=\"og:title\" content=\"Plaastriautomaat Salvequick X-ray, Cederroth - Ranoja\" \/>\n<meta property=\"og:description\" content=\"Salvequick X-Ray tuvastatavate plaastrite dosaator siniste r\u00f6ntgeni- ja metallidetekteeritavate plaastritega on spetsiaalselt loodud kasutamiseks toiduainet\u00f6\u00f6stuses. Salvequick plaastrite dosaatoris t\u00f5mmatakse plaastrid alla, mis v\u00e4ldib mustuse v\u00f5i vere sattumist teistele plaastritele. Salvequick plaastrite dosaator ja plaastrid on t\u00e4ielik ja lihtsasti kasutatav s\u00fcsteem. Plaastrid on alati k\u00e4ttesaadavad ja kasutusvalmis. Plaastri t\u00e4itepakk on dosaatoris lukustatud, et v\u00e4ltida raiskamist, ja seda saab h\u00f5lpsasti avada spetsiaalse v\u00f5tmega. L\u00e4bipaistev kate kaitseb tolmu eest. Lihtne kasutada Lihtne t\u00e4ita Tolmukaitsega Roheline plaaster on valmistatud &gt;85% ulatuses \u00fcmbert\u00f6\u00f6deldud plastist. Sisaldab: 2 x 30 r\u00f6ntgeni-\/metallidetekteeritavat plaastrit. Iga t\u00e4itepakk sisaldab 18 tk 72\u00d719 mm ja 12 tk 72\u00d725 mm. (REF 510003320)\" \/>\n<meta property=\"og:url\" content=\"https:\/\/ranoja.ee\/toode\/plaastriautomaat-salvequick-x-ray-cederroth\/\" \/>\n<meta property=\"og:site_name\" content=\"Ranoja\" \/>\n<meta property=\"article:publisher\" content=\"https:\/\/www.facebook.com\/ranoja.ee\" \/>\n<meta property=\"article:modified_time\" content=\"2026-03-17T12:33:47+00:00\" \/>\n<meta property=\"og:image\" content=\"https:\/\/ranoja.ee\/wp-content\/uploads\/2026\/03\/5637793842.jpg\" \/>\n\t<meta property=\"og:image:width\" content=\"900\" \/>\n\t<meta property=\"og:image:height\" content=\"627\" \/>\n\t<meta property=\"og:image:type\" content=\"image\/jpeg\" \/>\n<meta name=\"twitter:card\" content=\"summary_large_image\" \/>\n<script type=\"application\/ld+json\" class=\"yoast-schema-graph\">{\"@context\":\"https:\\\/\\\/schema.org\",\"@graph\":[{\"@type\":\"WebPage\",\"@id\":\"https:\\\/\\\/ranoja.ee\\\/toode\\\/plaastriautomaat-salvequick-x-ray-cederroth\\\/\",\"url\":\"https:\\\/\\\/ranoja.ee\\\/toode\\\/plaastriautomaat-salvequick-x-ray-cederroth\\\/\",\"name\":\"Plaastriautomaat Salvequick X-ray, Cederroth - Ranoja\",\"isPartOf\":{\"@id\":\"https:\\\/\\\/ranoja.ee\\\/#website\"},\"primaryImageOfPage\":{\"@id\":\"https:\\\/\\\/ranoja.ee\\\/toode\\\/plaastriautomaat-salvequick-x-ray-cederroth\\\/#primaryimage\"},\"image\":{\"@id\":\"https:\\\/\\\/ranoja.ee\\\/toode\\\/plaastriautomaat-salvequick-x-ray-cederroth\\\/#primaryimage\"},\"thumbnailUrl\":\"https:\\\/\\\/ranoja.ee\\\/wp-content\\\/uploads\\\/2026\\\/03\\\/5637793842.jpg\",\"datePublished\":\"2026-03-16T23:40:43+00:00\",\"dateModified\":\"2026-03-17T12:33:47+00:00\",\"breadcrumb\":{\"@id\":\"https:\\\/\\\/ranoja.ee\\\/toode\\\/plaastriautomaat-salvequick-x-ray-cederroth\\\/#breadcrumb\"},\"inLanguage\":\"en-US\",\"potentialAction\":[{\"@type\":\"ReadAction\",\"target\":[\"https:\\\/\\\/ranoja.ee\\\/toode\\\/plaastriautomaat-salvequick-x-ray-cederroth\\\/\"]}]},{\"@type\":\"ImageObject\",\"inLanguage\":\"en-US\",\"@id\":\"https:\\\/\\\/ranoja.ee\\\/toode\\\/plaastriautomaat-salvequick-x-ray-cederroth\\\/#primaryimage\",\"url\":\"https:\\\/\\\/ranoja.ee\\\/wp-content\\\/uploads\\\/2026\\\/03\\\/5637793842.jpg\",\"contentUrl\":\"https:\\\/\\\/ranoja.ee\\\/wp-content\\\/uploads\\\/2026\\\/03\\\/5637793842.jpg\",\"width\":900,\"height\":627},{\"@type\":\"BreadcrumbList\",\"@id\":\"https:\\\/\\\/ranoja.ee\\\/toode\\\/plaastriautomaat-salvequick-x-ray-cederroth\\\/#breadcrumb\",\"itemListElement\":[{\"@type\":\"ListItem\",\"position\":1,\"name\":\"Home\",\"item\":\"https:\\\/\\\/ranoja.ee\\\/\"},{\"@type\":\"ListItem\",\"position\":2,\"name\":\"Shop\",\"item\":\"https:\\\/\\\/ranoja.ee\\\/en\\\/shop\\\/\"},{\"@type\":\"ListItem\",\"position\":3,\"name\":\"Plaastriautomaat Salvequick X-ray, Cederroth\"}]},{\"@type\":\"WebSite\",\"@id\":\"https:\\\/\\\/ranoja.ee\\\/#website\",\"url\":\"https:\\\/\\\/ranoja.ee\\\/\",\"name\":\"Ranoja\",\"description\":\"Equipment Shop WooCommerce WordPress Theme for Machine &amp; Tools\",\"publisher\":{\"@id\":\"https:\\\/\\\/ranoja.ee\\\/#organization\"},\"potentialAction\":[{\"@type\":\"SearchAction\",\"target\":{\"@type\":\"EntryPoint\",\"urlTemplate\":\"https:\\\/\\\/ranoja.ee\\\/?s={search_term_string}\"},\"query-input\":{\"@type\":\"PropertyValueSpecification\",\"valueRequired\":true,\"valueName\":\"search_term_string\"}}],\"inLanguage\":\"en-US\"},{\"@type\":\"Organization\",\"@id\":\"https:\\\/\\\/ranoja.ee\\\/#organization\",\"name\":\"Ranoja O\u00dc\",\"url\":\"https:\\\/\\\/ranoja.ee\\\/\",\"logo\":{\"@type\":\"ImageObject\",\"inLanguage\":\"en-US\",\"@id\":\"https:\\\/\\\/ranoja.ee\\\/#\\\/schema\\\/logo\\\/image\\\/\",\"url\":\"https:\\\/\\\/ranoja.ee\\\/wp-content\\\/uploads\\\/2023\\\/11\\\/ranoja-Logo.png\",\"contentUrl\":\"https:\\\/\\\/ranoja.ee\\\/wp-content\\\/uploads\\\/2023\\\/11\\\/ranoja-Logo.png\",\"width\":207,\"height\":58,\"caption\":\"Ranoja O\u00dc\"},\"image\":{\"@id\":\"https:\\\/\\\/ranoja.ee\\\/#\\\/schema\\\/logo\\\/image\\\/\"},\"sameAs\":[\"https:\\\/\\\/www.facebook.com\\\/ranoja.ee\",\"https:\\\/\\\/www.instagram.com\\\/ranoja__\\\/\"]}]}<\/script>\n<!-- \/ Yoast SEO plugin. -->","yoast_head_json":{"title":"Plaastriautomaat Salvequick X-ray, Cederroth - Ranoja","robots":{"index":"index","follow":"follow","max-snippet":"max-snippet:-1","max-image-preview":"max-image-preview:large","max-video-preview":"max-video-preview:-1"},"canonical":"https:\/\/ranoja.ee\/toode\/plaastriautomaat-salvequick-x-ray-cederroth\/","og_locale":"en_US","og_type":"article","og_title":"Plaastriautomaat Salvequick X-ray, Cederroth - Ranoja","og_description":"Salvequick X-Ray tuvastatavate plaastrite dosaator siniste r\u00f6ntgeni- ja metallidetekteeritavate plaastritega on spetsiaalselt loodud kasutamiseks toiduainet\u00f6\u00f6stuses. Salvequick plaastrite dosaatoris t\u00f5mmatakse plaastrid alla, mis v\u00e4ldib mustuse v\u00f5i vere sattumist teistele plaastritele. Salvequick plaastrite dosaator ja plaastrid on t\u00e4ielik ja lihtsasti kasutatav s\u00fcsteem. Plaastrid on alati k\u00e4ttesaadavad ja kasutusvalmis. Plaastri t\u00e4itepakk on dosaatoris lukustatud, et v\u00e4ltida raiskamist, ja seda saab h\u00f5lpsasti avada spetsiaalse v\u00f5tmega. L\u00e4bipaistev kate kaitseb tolmu eest. Lihtne kasutada Lihtne t\u00e4ita Tolmukaitsega Roheline plaaster on valmistatud >85% ulatuses \u00fcmbert\u00f6\u00f6deldud plastist. Sisaldab: 2 x 30 r\u00f6ntgeni-\/metallidetekteeritavat plaastrit. Iga t\u00e4itepakk sisaldab 18 tk 72\u00d719 mm ja 12 tk 72\u00d725 mm. (REF 510003320)","og_url":"https:\/\/ranoja.ee\/toode\/plaastriautomaat-salvequick-x-ray-cederroth\/","og_site_name":"Ranoja","article_publisher":"https:\/\/www.facebook.com\/ranoja.ee","article_modified_time":"2026-03-17T12:33:47+00:00","og_image":[{"width":900,"height":627,"url":"https:\/\/ranoja.ee\/wp-content\/uploads\/2026\/03\/5637793842.jpg","type":"image\/jpeg"}],"twitter_card":"summary_large_image","schema":{"@context":"https:\/\/schema.org","@graph":[{"@type":"WebPage","@id":"https:\/\/ranoja.ee\/toode\/plaastriautomaat-salvequick-x-ray-cederroth\/","url":"https:\/\/ranoja.ee\/toode\/plaastriautomaat-salvequick-x-ray-cederroth\/","name":"Plaastriautomaat Salvequick X-ray, Cederroth - Ranoja","isPartOf":{"@id":"https:\/\/ranoja.ee\/#website"},"primaryImageOfPage":{"@id":"https:\/\/ranoja.ee\/toode\/plaastriautomaat-salvequick-x-ray-cederroth\/#primaryimage"},"image":{"@id":"https:\/\/ranoja.ee\/toode\/plaastriautomaat-salvequick-x-ray-cederroth\/#primaryimage"},"thumbnailUrl":"https:\/\/ranoja.ee\/wp-content\/uploads\/2026\/03\/5637793842.jpg","datePublished":"2026-03-16T23:40:43+00:00","dateModified":"2026-03-17T12:33:47+00:00","breadcrumb":{"@id":"https:\/\/ranoja.ee\/toode\/plaastriautomaat-salvequick-x-ray-cederroth\/#breadcrumb"},"inLanguage":"en-US","potentialAction":[{"@type":"ReadAction","target":["https:\/\/ranoja.ee\/toode\/plaastriautomaat-salvequick-x-ray-cederroth\/"]}]},{"@type":"ImageObject","inLanguage":"en-US","@id":"https:\/\/ranoja.ee\/toode\/plaastriautomaat-salvequick-x-ray-cederroth\/#primaryimage","url":"https:\/\/ranoja.ee\/wp-content\/uploads\/2026\/03\/5637793842.jpg","contentUrl":"https:\/\/ranoja.ee\/wp-content\/uploads\/2026\/03\/5637793842.jpg","width":900,"height":627},{"@type":"BreadcrumbList","@id":"https:\/\/ranoja.ee\/toode\/plaastriautomaat-salvequick-x-ray-cederroth\/#breadcrumb","itemListElement":[{"@type":"ListItem","position":1,"name":"Home","item":"https:\/\/ranoja.ee\/"},{"@type":"ListItem","position":2,"name":"Shop","item":"https:\/\/ranoja.ee\/en\/shop\/"},{"@type":"ListItem","position":3,"name":"Plaastriautomaat Salvequick X-ray, Cederroth"}]},{"@type":"WebSite","@id":"https:\/\/ranoja.ee\/#website","url":"https:\/\/ranoja.ee\/","name":"Ranoja","description":"Equipment Shop WooCommerce WordPress Theme for Machine &amp; Tools","publisher":{"@id":"https:\/\/ranoja.ee\/#organization"},"potentialAction":[{"@type":"SearchAction","target":{"@type":"EntryPoint","urlTemplate":"https:\/\/ranoja.ee\/?s={search_term_string}"},"query-input":{"@type":"PropertyValueSpecification","valueRequired":true,"valueName":"search_term_string"}}],"inLanguage":"en-US"},{"@type":"Organization","@id":"https:\/\/ranoja.ee\/#organization","name":"Ranoja O\u00dc","url":"https:\/\/ranoja.ee\/","logo":{"@type":"ImageObject","inLanguage":"en-US","@id":"https:\/\/ranoja.ee\/#\/schema\/logo\/image\/","url":"https:\/\/ranoja.ee\/wp-content\/uploads\/2023\/11\/ranoja-Logo.png","contentUrl":"https:\/\/ranoja.ee\/wp-content\/uploads\/2023\/11\/ranoja-Logo.png","width":207,"height":58,"caption":"Ranoja O\u00dc"},"image":{"@id":"https:\/\/ranoja.ee\/#\/schema\/logo\/image\/"},"sameAs":["https:\/\/www.facebook.com\/ranoja.ee","https:\/\/www.instagram.com\/ranoja__\/"]}]}},"_links":{"self":[{"href":"https:\/\/ranoja.ee\/en\/wp-json\/wp\/v2\/product\/62532","targetHints":{"allow":["GET"]}}],"collection":[{"href":"https:\/\/ranoja.ee\/en\/wp-json\/wp\/v2\/product"}],"about":[{"href":"https:\/\/ranoja.ee\/en\/wp-json\/wp\/v2\/types\/product"}],"wp:featuredmedia":[{"embeddable":true,"href":"https:\/\/ranoja.ee\/en\/wp-json\/wp\/v2\/media\/62533"}],"wp:attachment":[{"href":"https:\/\/ranoja.ee\/en\/wp-json\/wp\/v2\/media?parent=62532"}],"wp:term":[{"taxonomy":"product_cat","embeddable":true,"href":"https:\/\/ranoja.ee\/en\/wp-json\/wp\/v2\/product_cat?post=62532"},{"taxonomy":"product_tag","embeddable":true,"href":"https:\/\/ranoja.ee\/en\/wp-json\/wp\/v2\/product_tag?post=62532"}],"curies":[{"name":"wp","href":"https:\/\/api.w.org\/{rel}","templated":true}]}}